


{"id":8131,"date":"2019-04-15T14:30:09","date_gmt":"2019-04-15T14:30:09","guid":{"rendered":"https:\/\/euprevent.eu\/project-social-norms-approach\/advisory-board-euprevent-sna\/"},"modified":"2021-06-21T08:45:09","modified_gmt":"2021-06-21T08:45:09","slug":"advisory-board-euprevent-sna","status":"publish","type":"page","link":"https:\/\/euprevent.eu\/nl\/sna\/advisory-board-euprevent-sna\/","title":{"rendered":"Adviesraad euPrevent SNA"},"content":{"rendered":"<section class=\"wpb-content-wrapper\"><p>[vc_row content_placement=&#8221;middle&#8221;][vc_column width=&#8221;1\/2&#8243;][vc_row_inner][vc_column_inner width=&#8221;2\/3&#8243;][vc_single_image image=&#8221;8124&#8243; img_size=&#8221;full&#8221;][\/vc_column_inner][vc_column_inner width=&#8221;1\/3&#8243;][\/vc_column_inner][\/vc_row_inner][\/vc_column][vc_column width=&#8221;1\/2&#8243;][vc_single_image image=&#8221;7379&#8243; img_size=&#8221;full&#8221;][\/vc_column][\/vc_row][vc_row][vc_column][vc_column_text]<\/p>\n<h1>Adviesraad euPrevent SNA<\/h1>\n<p>In de Euregio Maas-Rijn (EMR) werken 11 partners samen aan het project &#8216;euPrevent Social Norms Approach&#8217; om jongeren en senioren in de EMR te ondersteunen bij het maken van gezonde keuzes. De adviesraad is een belangrijk onderdeel van dit project. Deze adviesraad bestaat uit een aantal externe experts op het gebied van:<\/p>\n<ul>\n<li>de doelgroepen (jongeren of senioren),<\/li>\n<li>het onderwerp (verslavingspreventie),<\/li>\n<li>samenwerking met intermediairs,<\/li>\n<li>de methode (Social Norms Approach).<\/li>\n<\/ul>\n<p>De projectpartners van euPrevent SNA kunnen deze experts vragen om advies over diverse project gerelateerde onderwerpen.<\/p>\n<h2>Leden adviesraad<\/h2>\n<p>Leden van de adviesraad zijn:<\/p>\n<ul>\n<li>Mr. Dr. Bovens, Tilburg University, The Netherlands<\/li>\n<li>Prof. Dardenne, Li\u00e8ge University, Belgium<\/li>\n<li>Mrs. Duch\u00e2teau, Qualit\u00e9 de vie \u00e9tudiante ULi\u00e8ge, Belgium<\/li>\n<li>Mr. Gherroucha, Province de Li\u00e8ge, Belgium<\/li>\n<li>Prof. Dr. van Hal, University of Antwerp, Belgium<\/li>\n<li>Prof. Dr. Kok, Maastricht University, The Netherlands<\/li>\n<li>Mr. Lahaye, student Maastricht University, The Netherlands<\/li>\n<li>Prof. Dr. Lammel, Katholische Hochschule NRW &#8211; Abteilung Aachen, Germany<\/li>\n<li>Mrs. L\u00e9onard, Inforjeunes Hannut, Belgium<\/li>\n<li>Mrs. Pirenne, Qualit\u00e9 de vie \u00e9tudiante ULi\u00e8ge, Belgium<\/li>\n<li>Prof. Dr. Van Dongen, University of Antwerp, Belgium<\/li>\n<li>Mr. We\u00dfels, Parit\u00e4tischen, Kreisgruppe Kleve, Germany<\/li>\n<\/ul>\n<p>&nbsp;<\/p>\n<p>Wilt u lid worden van de adviesraad? Meldt u dan, voor meer informatie, per e-mail aan bij: <a href=\"mailto:communication@euprevent.eu\" target=\"_blank\" rel=\"noopener noreferrer\">communication@euprevent.eu<\/a>[\/vc_column_text][\/vc_column][\/vc_row][vc_row][vc_column][vc_single_image image=&#8221;15031&#8243; img_size=&#8221;full&#8221;][\/vc_column][\/vc_row]<\/p>\n<\/section>","protected":false},"excerpt":{"rendered":"<p>[vc_row content_placement=&#8221;middle&#8221;][vc_column width=&#8221;1\/2&#8243;][vc_row_inner][vc_column_inner width=&#8221;2\/3&#8243;][vc_single_image image=&#8221;8124&#8243; img_size=&#8221;full&#8221;][\/vc_column_inner][vc_column_inner width=&#8221;1\/3&#8243;][\/vc_column_inner][\/vc_row_inner][\/vc_column][vc_column width=&#8221;1\/2&#8243;][vc_single_image image=&#8221;7379&#8243; img_size=&#8221;full&#8221;][\/vc_column][\/vc_row][vc_row][vc_column][vc_column_text] Adviesraad euPrevent SNA In de Euregio Maas-Rijn (EMR) werken 11 partners samen aan het project &#8216;euPrevent Social Norms Approach&#8217; om jongeren en senioren in de EMR te ondersteunen bij het maken van gezonde keuzes. De adviesraad is een belangrijk onderdeel van dit project. Deze adviesraad [&hellip;]<\/p>\n","protected":false},"author":1,"featured_media":0,"parent":7156,"menu_order":0,"comment_status":"closed","ping_status":"closed","template":"","meta":{"_acf_changed":false,"footnotes":""},"class_list":["post-8131","page","type-page","status-publish","hentry","programmes-addiction"],"acf":[],"yoast_head":"<!-- This site is optimized with the Yoast SEO plugin v27.5 - https:\/\/yoast.com\/product\/yoast-seo-wordpress\/ -->\n<title>Adviesraad euPrevent SNA - euPrevent<\/title>\n<meta name=\"robots\" content=\"index, follow, max-snippet:-1, max-image-preview:large, max-video-preview:-1\" \/>\n<link rel=\"canonical\" href=\"https:\/\/euprevent.eu\/nl\/sna\/advisory-board-euprevent-sna\/\" \/>\n<meta property=\"og:locale\" content=\"nl_NL\" \/>\n<meta property=\"og:type\" content=\"article\" \/>\n<meta property=\"og:title\" content=\"Adviesraad euPrevent SNA - euPrevent\" \/>\n<meta property=\"og:description\" content=\"[vc_row content_placement=&#8221;middle&#8221;][vc_column width=&#8221;1\/2&#8243;][vc_row_inner][vc_column_inner width=&#8221;2\/3&#8243;][vc_single_image image=&#8221;8124&#8243; img_size=&#8221;full&#8221;][\/vc_column_inner][vc_column_inner width=&#8221;1\/3&#8243;][\/vc_column_inner][\/vc_row_inner][\/vc_column][vc_column width=&#8221;1\/2&#8243;][vc_single_image image=&#8221;7379&#8243; img_size=&#8221;full&#8221;][\/vc_column][\/vc_row][vc_row][vc_column][vc_column_text] Adviesraad euPrevent SNA In de Euregio Maas-Rijn (EMR) werken 11 partners samen aan het project &#8216;euPrevent Social Norms Approach&#8217; om jongeren en senioren in de EMR te ondersteunen bij het maken van gezonde keuzes. De adviesraad is een belangrijk onderdeel van dit project. Deze adviesraad [&hellip;]\" \/>\n<meta property=\"og:url\" content=\"https:\/\/euprevent.eu\/nl\/sna\/advisory-board-euprevent-sna\/\" \/>\n<meta property=\"og:site_name\" content=\"euPrevent\" \/>\n<meta property=\"article:modified_time\" content=\"2021-06-21T08:45:09+00:00\" \/>\n<meta name=\"twitter:card\" content=\"summary_large_image\" \/>\n<meta name=\"twitter:label1\" content=\"Geschatte leestijd\" \/>\n\t<meta name=\"twitter:data1\" content=\"1 minuut\" \/>\n<script type=\"application\/ld+json\" class=\"yoast-schema-graph\">{\"@context\":\"https:\\\/\\\/schema.org\",\"@graph\":[{\"@type\":\"WebPage\",\"@id\":\"https:\\\/\\\/euprevent.eu\\\/nl\\\/sna\\\/advisory-board-euprevent-sna\\\/\",\"url\":\"https:\\\/\\\/euprevent.eu\\\/nl\\\/sna\\\/advisory-board-euprevent-sna\\\/\",\"name\":\"Adviesraad euPrevent SNA - euPrevent\",\"isPartOf\":{\"@id\":\"https:\\\/\\\/euprevent.eu\\\/nl\\\/#website\"},\"datePublished\":\"2019-04-15T14:30:09+00:00\",\"dateModified\":\"2021-06-21T08:45:09+00:00\",\"breadcrumb\":{\"@id\":\"https:\\\/\\\/euprevent.eu\\\/nl\\\/sna\\\/advisory-board-euprevent-sna\\\/#breadcrumb\"},\"inLanguage\":\"nl-NL\",\"potentialAction\":[{\"@type\":\"ReadAction\",\"target\":[\"https:\\\/\\\/euprevent.eu\\\/nl\\\/sna\\\/advisory-board-euprevent-sna\\\/\"]}]},{\"@type\":\"BreadcrumbList\",\"@id\":\"https:\\\/\\\/euprevent.eu\\\/nl\\\/sna\\\/advisory-board-euprevent-sna\\\/#breadcrumb\",\"itemListElement\":[{\"@type\":\"ListItem\",\"position\":1,\"name\":\"Home\",\"item\":\"https:\\\/\\\/euprevent.eu\\\/nl\\\/\"},{\"@type\":\"ListItem\",\"position\":2,\"name\":\"Project euPrevent Social Norms Approach\",\"item\":\"https:\\\/\\\/euprevent.eu\\\/nl\\\/sna\\\/\"},{\"@type\":\"ListItem\",\"position\":3,\"name\":\"Adviesraad euPrevent SNA\"}]},{\"@type\":\"WebSite\",\"@id\":\"https:\\\/\\\/euprevent.eu\\\/nl\\\/#website\",\"url\":\"https:\\\/\\\/euprevent.eu\\\/nl\\\/\",\"name\":\"euPrevent\",\"description\":\"euPrevent is a Euroregional network that focuses on promoting health. Within this network, sustainable partnerships seek to increase the quality of life of residents in the border region between the Netherlands, Belgium and Germany.\",\"potentialAction\":[{\"@type\":\"SearchAction\",\"target\":{\"@type\":\"EntryPoint\",\"urlTemplate\":\"https:\\\/\\\/euprevent.eu\\\/nl\\\/?s={search_term_string}\"},\"query-input\":{\"@type\":\"PropertyValueSpecification\",\"valueRequired\":true,\"valueName\":\"search_term_string\"}}],\"inLanguage\":\"nl-NL\"}]}<\/script>\n<!-- \/ Yoast SEO plugin. -->","yoast_head_json":{"title":"Adviesraad euPrevent SNA - euPrevent","robots":{"index":"index","follow":"follow","max-snippet":"max-snippet:-1","max-image-preview":"max-image-preview:large","max-video-preview":"max-video-preview:-1"},"canonical":"https:\/\/euprevent.eu\/nl\/sna\/advisory-board-euprevent-sna\/","og_locale":"nl_NL","og_type":"article","og_title":"Adviesraad euPrevent SNA - euPrevent","og_description":"[vc_row content_placement=&#8221;middle&#8221;][vc_column width=&#8221;1\/2&#8243;][vc_row_inner][vc_column_inner width=&#8221;2\/3&#8243;][vc_single_image image=&#8221;8124&#8243; img_size=&#8221;full&#8221;][\/vc_column_inner][vc_column_inner width=&#8221;1\/3&#8243;][\/vc_column_inner][\/vc_row_inner][\/vc_column][vc_column width=&#8221;1\/2&#8243;][vc_single_image image=&#8221;7379&#8243; img_size=&#8221;full&#8221;][\/vc_column][\/vc_row][vc_row][vc_column][vc_column_text] Adviesraad euPrevent SNA In de Euregio Maas-Rijn (EMR) werken 11 partners samen aan het project &#8216;euPrevent Social Norms Approach&#8217; om jongeren en senioren in de EMR te ondersteunen bij het maken van gezonde keuzes. De adviesraad is een belangrijk onderdeel van dit project. Deze adviesraad [&hellip;]","og_url":"https:\/\/euprevent.eu\/nl\/sna\/advisory-board-euprevent-sna\/","og_site_name":"euPrevent","article_modified_time":"2021-06-21T08:45:09+00:00","twitter_card":"summary_large_image","twitter_misc":{"Geschatte leestijd":"1 minuut"},"schema":{"@context":"https:\/\/schema.org","@graph":[{"@type":"WebPage","@id":"https:\/\/euprevent.eu\/nl\/sna\/advisory-board-euprevent-sna\/","url":"https:\/\/euprevent.eu\/nl\/sna\/advisory-board-euprevent-sna\/","name":"Adviesraad euPrevent SNA - euPrevent","isPartOf":{"@id":"https:\/\/euprevent.eu\/nl\/#website"},"datePublished":"2019-04-15T14:30:09+00:00","dateModified":"2021-06-21T08:45:09+00:00","breadcrumb":{"@id":"https:\/\/euprevent.eu\/nl\/sna\/advisory-board-euprevent-sna\/#breadcrumb"},"inLanguage":"nl-NL","potentialAction":[{"@type":"ReadAction","target":["https:\/\/euprevent.eu\/nl\/sna\/advisory-board-euprevent-sna\/"]}]},{"@type":"BreadcrumbList","@id":"https:\/\/euprevent.eu\/nl\/sna\/advisory-board-euprevent-sna\/#breadcrumb","itemListElement":[{"@type":"ListItem","position":1,"name":"Home","item":"https:\/\/euprevent.eu\/nl\/"},{"@type":"ListItem","position":2,"name":"Project euPrevent Social Norms Approach","item":"https:\/\/euprevent.eu\/nl\/sna\/"},{"@type":"ListItem","position":3,"name":"Adviesraad euPrevent SNA"}]},{"@type":"WebSite","@id":"https:\/\/euprevent.eu\/nl\/#website","url":"https:\/\/euprevent.eu\/nl\/","name":"euPrevent","description":"euPrevent is a Euroregional network that focuses on promoting health. Within this network, sustainable partnerships seek to increase the quality of life of residents in the border region between the Netherlands, Belgium and Germany.","potentialAction":[{"@type":"SearchAction","target":{"@type":"EntryPoint","urlTemplate":"https:\/\/euprevent.eu\/nl\/?s={search_term_string}"},"query-input":{"@type":"PropertyValueSpecification","valueRequired":true,"valueName":"search_term_string"}}],"inLanguage":"nl-NL"}]}},"_links":{"self":[{"href":"https:\/\/euprevent.eu\/nl\/wp-json\/wp\/v2\/pages\/8131","targetHints":{"allow":["GET"]}}],"collection":[{"href":"https:\/\/euprevent.eu\/nl\/wp-json\/wp\/v2\/pages"}],"about":[{"href":"https:\/\/euprevent.eu\/nl\/wp-json\/wp\/v2\/types\/page"}],"author":[{"embeddable":true,"href":"https:\/\/euprevent.eu\/nl\/wp-json\/wp\/v2\/users\/1"}],"replies":[{"embeddable":true,"href":"https:\/\/euprevent.eu\/nl\/wp-json\/wp\/v2\/comments?post=8131"}],"version-history":[{"count":13,"href":"https:\/\/euprevent.eu\/nl\/wp-json\/wp\/v2\/pages\/8131\/revisions"}],"predecessor-version":[{"id":15046,"href":"https:\/\/euprevent.eu\/nl\/wp-json\/wp\/v2\/pages\/8131\/revisions\/15046"}],"up":[{"embeddable":true,"href":"https:\/\/euprevent.eu\/nl\/wp-json\/wp\/v2\/pages\/7156"}],"wp:attachment":[{"href":"https:\/\/euprevent.eu\/nl\/wp-json\/wp\/v2\/media?parent=8131"}],"curies":[{"name":"wp","href":"https:\/\/api.w.org\/{rel}","templated":true}]}}