


{"id":6994,"date":"2019-01-04T11:56:31","date_gmt":"2019-01-04T11:56:31","guid":{"rendered":"https:\/\/euprevent.eu\/?page_id=6994"},"modified":"2023-03-22T18:43:34","modified_gmt":"2023-03-22T17:43:34","slug":"yes-2019","status":"publish","type":"page","link":"https:\/\/euprevent.eu\/nl\/yes-2019\/","title":{"rendered":"Project Euregionale Jongeren Scan (YES) 2019"},"content":{"rendered":"<section class=\"wpb-content-wrapper\"><p>[vc_row][vc_column][vc_single_image image=&#8221;7920&#8243; img_size=&#8221;medium&#8221; alignment=&#8221;right&#8221; onclick=&#8221;custom_link&#8221; img_link_target=&#8221;_blank&#8221; link=&#8221;https:\/\/www.interregemr.eu\/home&#8221;][vc_column_text]<\/p>\n<h1>Pr<span class=\"Kop1Char\">o<\/span>ject Euregionale Jongerenscan (YES)<\/h1>\n<p>Project YES staat voor Youth Euregional Scan.<\/p>\n<p>In 2000, in 2006\/2007 en in 2013 zijn vanuit de <a href=\"https:\/\/euprevent.eu\/nl\/programma\/addiction\/\">Programmalijn Verslaving<\/a> van euPrevent euregionale jongerenonderzoeken uitgevoerd in de Euregio Maas-Rijn (EMR). Dankzij deze onderzoeken kon data uit de EMR op regionaal en euregionaal niveau met elkaar vergeleken worden en gebruikt voor het maken van beleid. Eind 2019 wordt een volgend jongerenonderzoek uitgevoerd. In 2020 zullen (eu-)regionale, anonieme gegevens en trends over de gezondheidssituatie van jongeren in de EMR beschikbaar en toegankelijk zijn voor een breed publiek.[\/vc_column_text][\/vc_column][\/vc_row][vc_row gap=&#8221;25&#8243;][vc_column width=&#8221;1\/2&#8243; css=&#8221;.vc_custom_1509467339928{padding-top: 25px !important;background-color: #f3f3f3 !important;border-radius: 5px !important;}&#8221;][vc_column_text css=&#8221;.vc_custom_1546602685611{margin-bottom: 5px !important;padding-bottom: 5px !important;}&#8221;]<\/p>\n<h3>Projectkader<\/h3>\n<p><strong>Doelgroep:<\/strong>\u00a0Jongeren in de EMR<br \/>\n<strong>Looptijd:<\/strong> 17 september 2018 \u2013 30 juni 2019[\/vc_column_text][vc_btn title=&#8221;Financiers&#8221; color=&#8221;primary&#8221; size=&#8221;sm&#8221; link=&#8221;url:https%3A%2F%2Feuprevent.eu%2Fnl%2Ffinanciers-project-yes-2019%2F&#8221;][vc_btn title=&#8221;Partners&#8221; color=&#8221;primary&#8221; size=&#8221;sm&#8221; link=&#8221;url:%2Fpartner%2F%3Fprojects%3Dproject-yes-2019&#8243;][\/vc_column][\/vc_row][vc_row][vc_column][vc_empty_space][vc_column_text]<\/p>\n<h2>Focus van het project<\/h2>\n<p>Het project YES richt zich op:<\/p>\n<ul>\n<li>het digitaliseren van het jongerenonderzoek en visualiseren van data zodat ze beschikbaar worden voor het brede publiek,<\/li>\n<li>het uitwerken van een scenario voor toekomstige onderzoeken (inclusief draaiboek, training en templates voor informatiedeling voor de regio&#8217;s, scholen, jongeren en hun ouders),<\/li>\n<li>Het AVG bestendig maken van het hele proces van euregionale dataverzameling.<\/li>\n<\/ul>\n<p>[\/vc_column_text][\/vc_column][\/vc_row][vc_row][vc_column width=&#8221;1\/2&#8243;][vc_column_text]<\/p>\n<h3>Euregionale gegevens uitwisseling<\/h3>\n<p>Verbetering van de volksgezondheid in het EMR vereist gezondheidsinformatie op zowel regionaal als euregionaal niveau. Kennis over de gezondheidssituatie maakt het mogelijk om binnen de EMR van elkaar te leren en vormt de basis voor gerichte beleidsmaatregelen en acties. Er zijn gegevens nodig om deze gezondheidssituatie te begrijpen. Er zijn veel gegevens beschikbaar, maar vooral op EU-, nationaal en regionaal niveau en niet op euregionaal niveau. De gegevens kunnen niet eenvoudigweg worden vergeleken omdat ze op verschillende manieren en op verschillende tijdstippen in verschillende landen en regio&#8217;s worden verzameld. Om over nuttige en vergelijkbare euregionale gegevens over jongeren in de EMR te beschikken, zijn verschillende volksgezondheidsinstituten al in 2001 begonnen met het uitvoeren van euregionale jongerenscans. Deze euregionale scans werden op drie momenten uitgevoerd, namelijk in 2001, 2006\/2007 en 2013. De partners zijn van plan om de volgende euregionale scan in het najaar van 2019 uit te voeren.[\/vc_column_text][\/vc_column][vc_column width=&#8221;1\/2&#8243;][vc_column_text]<\/p>\n<h3>Duurzaamheid<\/h3>\n<p>Ook in de toekomst zullen euregionale jongerenonderzoeken uitgevoerd worden. Bij het inrichten van het huidige onderzoek wordt hiermee alvast rekening gehouden. De digitalisering van het huidige proces wordt zo uitgevoerd dat toekomstig onderzoek makkelijker wordt. Daarnaast worden bij de verwerking van de gegevens zogenaamde templates gemaakt die ook in de toekomst gebruikt kunnen worden.<\/p>\n<p>Op deze manier wordt informatie over de gezondheid van jongeren in de EMR ook in de toekomst verzameld en beschikbaar gemaakt. Door middel van een online kaart zijn deze gegevens makkelijk toegankelijk voor zowel het brede publiek als de professionals die met jongeren werken.[\/vc_column_text][vc_column_text]<\/p>\n<h3>Digitalisering<\/h3>\n<p>Via een digitaliseringsproces wordt de methode voor het uitvoeren van een euregionaal onderzoek aanzienlijk verbeterd. Waar bij eerdere scans nog gebruik werd gemaakt van papieren enqu\u00eates, zullen de enqu\u00eates in 2019 digitaal ingevuld worden. Dit is effectiever en effici\u00ebnter op zowel\u00a0 gebruikers-, kosten- als analyseniveau. Het digitaliseringsproces omvat ook de visualisatie van de verkregen gegevens op een online kaart. Dit maakt de gegevens transparant voor een breed publiek: zowel voor het grote publiek als voor professionals. Door een selectie van de (achteraf) gedigitaliseerde (anoniem gemaakte) gegevens uit de vorige scans op te nemen, worden de trends binnen de (eu)regio(&#8216;s) zichtbaar. Bij het digitaliseringsproces wordt extra aandacht besteed aan de nieuwe Europese wet- en regelgeving betreffende gegevensverzameling. Er moeten heldere afspraken worden gemaakt en vastgelegd over verzameling, toegang, verwerking, gebruik en publicatie van grensoverschrijdende gegevens.[\/vc_column_text][\/vc_column][\/vc_row][vc_row][vc_column][vc_column_text]\t<div class=\"clearfix\"><\/div>\r\n\t<div class=\"panel-events_and_news\">\r\n\t\t<div class=\"row\">\r\n\r\n            \r\n            \t\t\t<div class=\"col-sm-12 col-md-6\" id=\"events\">\r\n\t\t\t\t<h3>Evenementen<\/h3>\r\n\t\t\t\t\t\t\t\t\t<p class=\"text-muted text-center\" style=\"margin:60px 0;\">Geen evenementen<\/p>\r\n\t\t\t\t\t\t\t\t<\/div>\r\n\r\n            \r\n            \t\t\t<div class=\"col-sm-12 col-md-6\" id=\"news\">\r\n\t\t\t\t<h3>Nieuws<\/h3>\r\n\t\t\t\t\t\t\t\t\t<p class=\"text-muted text-center\" style=\"margin:60px 0;\">Geen nieuws<\/p>\r\n\t\t\t\t\t\t\t\t<\/div>\r\n            \r\n\t\t<\/div>\r\n\t<\/div>\r\n\r\n\t[\/vc_column_text][\/vc_column][\/vc_row][vc_row][vc_column][vc_single_image image=&#8221;7802&#8243; img_size=&#8221;large&#8221; alignment=&#8221;center&#8221;][\/vc_column][\/vc_row]<\/p>\n<\/section>","protected":false},"excerpt":{"rendered":"<p>[vc_row][vc_column][vc_single_image image=&#8221;7920&#8243; img_size=&#8221;medium&#8221; alignment=&#8221;right&#8221; onclick=&#8221;custom_link&#8221; img_link_target=&#8221;_blank&#8221; link=&#8221;https:\/\/www.interregemr.eu\/home&#8221;][vc_column_text] Project Euregionale Jongerenscan (YES) Project YES staat voor Youth Euregional Scan. In 2000, in 2006\/2007 en in 2013 zijn vanuit de Programmalijn Verslaving van euPrevent euregionale jongerenonderzoeken uitgevoerd in de Euregio Maas-Rijn (EMR). Dankzij deze onderzoeken kon data uit de EMR op regionaal en euregionaal niveau met elkaar [&hellip;]<\/p>\n","protected":false},"author":1,"featured_media":0,"parent":0,"menu_order":0,"comment_status":"closed","ping_status":"closed","template":"","meta":{"_acf_changed":false,"footnotes":""},"class_list":["post-6994","page","type-page","status-publish","hentry","programmes-crossing-programmes"],"acf":[],"yoast_head":"<!-- This site is optimized with the Yoast SEO plugin v26.8 - https:\/\/yoast.com\/product\/yoast-seo-wordpress\/ -->\n<title>Project Euregionale Jongeren Scan (YES) 2019 - euPrevent<\/title>\n<meta name=\"robots\" content=\"index, follow, max-snippet:-1, max-image-preview:large, max-video-preview:-1\" \/>\n<link rel=\"canonical\" href=\"https:\/\/euprevent.eu\/nl\/yes-2019\/\" \/>\n<meta property=\"og:locale\" content=\"nl_NL\" \/>\n<meta property=\"og:type\" content=\"article\" \/>\n<meta property=\"og:title\" content=\"Project Euregionale Jongeren Scan (YES) 2019 - euPrevent\" \/>\n<meta property=\"og:description\" content=\"[vc_row][vc_column][vc_single_image image=&#8221;7920&#8243; img_size=&#8221;medium&#8221; alignment=&#8221;right&#8221; onclick=&#8221;custom_link&#8221; img_link_target=&#8221;_blank&#8221; link=&#8221;https:\/\/www.interregemr.eu\/home&#8221;][vc_column_text] Project Euregionale Jongerenscan (YES) Project YES staat voor Youth Euregional Scan. In 2000, in 2006\/2007 en in 2013 zijn vanuit de Programmalijn Verslaving van euPrevent euregionale jongerenonderzoeken uitgevoerd in de Euregio Maas-Rijn (EMR). Dankzij deze onderzoeken kon data uit de EMR op regionaal en euregionaal niveau met elkaar [&hellip;]\" \/>\n<meta property=\"og:url\" content=\"https:\/\/euprevent.eu\/nl\/yes-2019\/\" \/>\n<meta property=\"og:site_name\" content=\"euPrevent\" \/>\n<meta property=\"article:modified_time\" content=\"2023-03-22T17:43:34+00:00\" \/>\n<meta name=\"twitter:card\" content=\"summary_large_image\" \/>\n<meta name=\"twitter:label1\" content=\"Geschatte leestijd\" \/>\n\t<meta name=\"twitter:data1\" content=\"3 minuten\" \/>\n<script type=\"application\/ld+json\" class=\"yoast-schema-graph\">{\"@context\":\"https:\/\/schema.org\",\"@graph\":[{\"@type\":\"WebPage\",\"@id\":\"https:\/\/euprevent.eu\/nl\/yes-2019\/\",\"url\":\"https:\/\/euprevent.eu\/nl\/yes-2019\/\",\"name\":\"Project Euregionale Jongeren Scan (YES) 2019 - euPrevent\",\"isPartOf\":{\"@id\":\"https:\/\/euprevent.eu\/nl\/#website\"},\"datePublished\":\"2019-01-04T11:56:31+00:00\",\"dateModified\":\"2023-03-22T17:43:34+00:00\",\"breadcrumb\":{\"@id\":\"https:\/\/euprevent.eu\/nl\/yes-2019\/#breadcrumb\"},\"inLanguage\":\"nl-NL\",\"potentialAction\":[{\"@type\":\"ReadAction\",\"target\":[\"https:\/\/euprevent.eu\/nl\/yes-2019\/\"]}]},{\"@type\":\"BreadcrumbList\",\"@id\":\"https:\/\/euprevent.eu\/nl\/yes-2019\/#breadcrumb\",\"itemListElement\":[{\"@type\":\"ListItem\",\"position\":1,\"name\":\"Home\",\"item\":\"https:\/\/euprevent.eu\/nl\/\"},{\"@type\":\"ListItem\",\"position\":2,\"name\":\"Project Euregionale Jongeren Scan (YES) 2019\"}]},{\"@type\":\"WebSite\",\"@id\":\"https:\/\/euprevent.eu\/nl\/#website\",\"url\":\"https:\/\/euprevent.eu\/nl\/\",\"name\":\"euPrevent\",\"description\":\"euPrevent is a Euroregional network that focuses on promoting health. Within this network, sustainable partnerships seek to increase the quality of life of residents in the border region between the Netherlands, Belgium and Germany.\",\"potentialAction\":[{\"@type\":\"SearchAction\",\"target\":{\"@type\":\"EntryPoint\",\"urlTemplate\":\"https:\/\/euprevent.eu\/nl\/?s={search_term_string}\"},\"query-input\":{\"@type\":\"PropertyValueSpecification\",\"valueRequired\":true,\"valueName\":\"search_term_string\"}}],\"inLanguage\":\"nl-NL\"}]}<\/script>\n<!-- \/ Yoast SEO plugin. -->","yoast_head_json":{"title":"Project Euregionale Jongeren Scan (YES) 2019 - euPrevent","robots":{"index":"index","follow":"follow","max-snippet":"max-snippet:-1","max-image-preview":"max-image-preview:large","max-video-preview":"max-video-preview:-1"},"canonical":"https:\/\/euprevent.eu\/nl\/yes-2019\/","og_locale":"nl_NL","og_type":"article","og_title":"Project Euregionale Jongeren Scan (YES) 2019 - euPrevent","og_description":"[vc_row][vc_column][vc_single_image image=&#8221;7920&#8243; img_size=&#8221;medium&#8221; alignment=&#8221;right&#8221; onclick=&#8221;custom_link&#8221; img_link_target=&#8221;_blank&#8221; link=&#8221;https:\/\/www.interregemr.eu\/home&#8221;][vc_column_text] Project Euregionale Jongerenscan (YES) Project YES staat voor Youth Euregional Scan. In 2000, in 2006\/2007 en in 2013 zijn vanuit de Programmalijn Verslaving van euPrevent euregionale jongerenonderzoeken uitgevoerd in de Euregio Maas-Rijn (EMR). Dankzij deze onderzoeken kon data uit de EMR op regionaal en euregionaal niveau met elkaar [&hellip;]","og_url":"https:\/\/euprevent.eu\/nl\/yes-2019\/","og_site_name":"euPrevent","article_modified_time":"2023-03-22T17:43:34+00:00","twitter_card":"summary_large_image","twitter_misc":{"Geschatte leestijd":"3 minuten"},"schema":{"@context":"https:\/\/schema.org","@graph":[{"@type":"WebPage","@id":"https:\/\/euprevent.eu\/nl\/yes-2019\/","url":"https:\/\/euprevent.eu\/nl\/yes-2019\/","name":"Project Euregionale Jongeren Scan (YES) 2019 - euPrevent","isPartOf":{"@id":"https:\/\/euprevent.eu\/nl\/#website"},"datePublished":"2019-01-04T11:56:31+00:00","dateModified":"2023-03-22T17:43:34+00:00","breadcrumb":{"@id":"https:\/\/euprevent.eu\/nl\/yes-2019\/#breadcrumb"},"inLanguage":"nl-NL","potentialAction":[{"@type":"ReadAction","target":["https:\/\/euprevent.eu\/nl\/yes-2019\/"]}]},{"@type":"BreadcrumbList","@id":"https:\/\/euprevent.eu\/nl\/yes-2019\/#breadcrumb","itemListElement":[{"@type":"ListItem","position":1,"name":"Home","item":"https:\/\/euprevent.eu\/nl\/"},{"@type":"ListItem","position":2,"name":"Project Euregionale Jongeren Scan (YES) 2019"}]},{"@type":"WebSite","@id":"https:\/\/euprevent.eu\/nl\/#website","url":"https:\/\/euprevent.eu\/nl\/","name":"euPrevent","description":"euPrevent is a Euroregional network that focuses on promoting health. Within this network, sustainable partnerships seek to increase the quality of life of residents in the border region between the Netherlands, Belgium and Germany.","potentialAction":[{"@type":"SearchAction","target":{"@type":"EntryPoint","urlTemplate":"https:\/\/euprevent.eu\/nl\/?s={search_term_string}"},"query-input":{"@type":"PropertyValueSpecification","valueRequired":true,"valueName":"search_term_string"}}],"inLanguage":"nl-NL"}]}},"_links":{"self":[{"href":"https:\/\/euprevent.eu\/nl\/wp-json\/wp\/v2\/pages\/6994","targetHints":{"allow":["GET"]}}],"collection":[{"href":"https:\/\/euprevent.eu\/nl\/wp-json\/wp\/v2\/pages"}],"about":[{"href":"https:\/\/euprevent.eu\/nl\/wp-json\/wp\/v2\/types\/page"}],"author":[{"embeddable":true,"href":"https:\/\/euprevent.eu\/nl\/wp-json\/wp\/v2\/users\/1"}],"replies":[{"embeddable":true,"href":"https:\/\/euprevent.eu\/nl\/wp-json\/wp\/v2\/comments?post=6994"}],"version-history":[{"count":13,"href":"https:\/\/euprevent.eu\/nl\/wp-json\/wp\/v2\/pages\/6994\/revisions"}],"predecessor-version":[{"id":19917,"href":"https:\/\/euprevent.eu\/nl\/wp-json\/wp\/v2\/pages\/6994\/revisions\/19917"}],"wp:attachment":[{"href":"https:\/\/euprevent.eu\/nl\/wp-json\/wp\/v2\/media?parent=6994"}],"curies":[{"name":"wp","href":"https:\/\/api.w.org\/{rel}","templated":true}]}}