


{"id":503,"date":"2017-01-14T12:33:36","date_gmt":"2017-01-14T12:33:36","guid":{"rendered":"http:\/\/euprevent.eu\/?page_id=503\/"},"modified":"2017-02-22T16:11:23","modified_gmt":"2017-02-22T16:11:23","slug":"erste-psychiatrie-siegel","status":"publish","type":"page","link":"https:\/\/euprevent.eu\/nl\/euprevent-qualitatssiegel\/erste-psychiatrie-siegel\/","title":{"rendered":"Erste Psychiatrie-Siegel"},"content":{"rendered":"<section class=\"wpb-content-wrapper\"><p>[vc_row][vc_column][vc_column_text el_class=&#8221;alert alert-info&#8221;]<\/p>\n<p style=\"text-align: center;\">Deze informatie is alleen beschikbaar in het Duits. \/ The information below is only available in German. \/\u00a0Cette information est seulement disponible en allemand.<\/p>\n<p>[\/vc_column_text][\/vc_column][\/vc_row][vc_row css=&#8221;.vc_custom_1483999173497{margin-bottom: 0px !important;}&#8221;][vc_column][vc_column_text css=&#8221;.vc_custom_1484397252109{margin-bottom: 20px !important;}&#8221;]<\/p>\n<h2>Erste Psychiatrie-Siegel<\/h2>\n<p>[\/vc_column_text][\/vc_column][\/vc_row][vc_row][vc_column width=&#8221;5\/6&#8243;][vc_column_text]Das erste euPrevent-Siegel f\u00fcr psychiatrische Einrichtungen entstand urspr\u00fcnglich aus einer Initiative des Rhein-Kreises Neuss, der LVR-Klinik in S\u00fcchteln und der Stiftung euPrevent EMR. Es versteht sich als ein Basis-Angebot f\u00fcr psychiatrische Einrichtungen, welches auf deren Erfordernisse und Gegebenheiten abgestimmt wurde.[\/vc_column_text][\/vc_column][vc_column width=&#8221;1\/6&#8243;][vc_single_image image=&#8221;280&#8243; img_size=&#8221;full&#8221;][\/vc_column][\/vc_row][vc_row][vc_column][vc_tta_tour][vc_tta_section title=&#8221;Auditoren&#8221; tab_id=&#8221;1484000065193-2cfa2d43-f902&#8243;][vc_column_text]<\/p>\n<h3>Auditoren<\/h3>\n<p>[\/vc_column_text][vc_row_inner][vc_column_inner][vc_btn title=&#8221;Auditorenhandbuch Psychiatrische Kliniken&#8221; color=&#8221;white&#8221; align=&#8221;left&#8221; i_icon_fontawesome=&#8221;fa fa-file-pdf-o&#8221; button_block=&#8221;true&#8221; add_icon=&#8221;true&#8221; link=&#8221;url:http%3A%2F%2Feuprevent.eu%2Fwp-content%2Fuploads%2F2017%2F01%2FAuditorenhandbuch-Psychiatrische-Kliniken.pdf|||&#8221;][\/vc_column_inner][\/vc_row_inner][\/vc_tta_section][vc_tta_section title=&#8221;Literatur&#8221; tab_id=&#8221;1484000602777-110ac1dc-84d7&#8243;][vc_column_text]<\/p>\n<h3>Literatur<\/h3>\n<p>[\/vc_column_text][vc_row_inner][vc_column_inner][vc_btn title=&#8221;H. Hergenr\u00f6der &#8211; Methicillin-resistente Staphylococcus aureus (MRSA) in der medizinischen Rehabilitation&#8221; color=&#8221;white&#8221; align=&#8221;left&#8221; i_icon_fontawesome=&#8221;fa fa-file-pdf-o&#8221; button_block=&#8221;true&#8221; add_icon=&#8221;true&#8221; link=&#8221;url:http%3A%2F%2Feuprevent.eu%2Fwp-content%2Fuploads%2F2017%2F01%2FH.-Hergenroder-Methicillin-resistente-Staphylococcus-aureus-MRSA-in-der-medizinischen-Rehabilitation.pdf|||&#8221;][vc_btn title=&#8221;RKI &#8211; Epidemiologisches Bulletin Juni 2013&#8243; color=&#8221;white&#8221; align=&#8221;left&#8221; i_icon_fontawesome=&#8221;fa fa-file-pdf-o&#8221; button_block=&#8221;true&#8221; add_icon=&#8221;true&#8221; link=&#8221;url:http%3A%2F%2Feuprevent.eu%2Fwp-content%2Fuploads%2F2017%2F01%2FRKI-Epidemiologisches-Bulletin-Juni-2013.pdf|||&#8221;][vc_btn title=&#8221;RKI &#8211; Personelle und organisatorische Voraussetzungen zur Pr\u00e4vention nosokomialer Infektionen&#8221; color=&#8221;white&#8221; align=&#8221;left&#8221; i_icon_fontawesome=&#8221;fa fa-file-pdf-o&#8221; button_block=&#8221;true&#8221; add_icon=&#8221;true&#8221; link=&#8221;url:http%3A%2F%2Feuprevent.eu%2Fwp-content%2Fuploads%2F2017%2F01%2FRKI-Personelle-und-organisatorische-Voraussetzungen-zur-Praevention-nosokomialer-Infektionen.pdf|||&#8221;][\/vc_column_inner][\/vc_row_inner][\/vc_tta_section][vc_tta_section title=&#8221;Erstellungshilfen&#8221; tab_id=&#8221;1484393256536-f9374851-419b&#8221;][vc_column_text]<\/p>\n<h3>Erstellungshilfen und Richtlinien<\/h3>\n<p>[\/vc_column_text][vc_row_inner][vc_column_inner][vc_btn title=&#8221;Muster GO Hyg Kommission&#8221; color=&#8221;white&#8221; align=&#8221;left&#8221; i_icon_fontawesome=&#8221;fa fa-file-pdf-o&#8221; button_block=&#8221;true&#8221; add_icon=&#8221;true&#8221; link=&#8221;url:http%3A%2F%2Feuprevent.eu%2Fwp-content%2Fuploads%2F2017%2F01%2FMuster_GO_Hyg_Kommission-2.pdf|||&#8221;][vc_btn title=&#8221;QSED &#8211; Check-Liste Internes Audit Psych&#8221; color=&#8221;white&#8221; align=&#8221;left&#8221; i_icon_fontawesome=&#8221;fa fa-file-pdf-o&#8221; button_block=&#8221;true&#8221; add_icon=&#8221;true&#8221; link=&#8221;url:http%3A%2F%2Feuprevent.eu%2Fwp-content%2Fuploads%2F2017%2F01%2FQSED-Check-Liste-Internes-Audit-Psych-160811.doc|||&#8221;][vc_btn title=&#8221;QSED-EH-Verfahrensanweisung Ausbruchsmanagement Psych&#8221; color=&#8221;white&#8221; align=&#8221;left&#8221; i_icon_fontawesome=&#8221;fa fa-file-pdf-o&#8221; button_block=&#8221;true&#8221; add_icon=&#8221;true&#8221; link=&#8221;url:http%3A%2F%2Feuprevent.eu%2Fwp-content%2Fuploads%2F2017%2F01%2FQSED-EH-Verfahrensanweisung-Ausbruchsmanagement-Psych-160811.doc|||&#8221;][vc_btn title=&#8221;QSED-EH-Verfahrensanweisung RD Psych&#8221; color=&#8221;white&#8221; align=&#8221;left&#8221; i_icon_fontawesome=&#8221;fa fa-file-pdf-o&#8221; button_block=&#8221;true&#8221; add_icon=&#8221;true&#8221; link=&#8221;url:http%3A%2F%2Feuprevent.eu%2Fwp-content%2Fuploads%2F2017%2F01%2FQSED-EH-Verfahrensanweisung-RD-Psych-160811.doc|||&#8221;][\/vc_column_inner][\/vc_row_inner][\/vc_tta_section][vc_tta_section title=&#8221;Siegel&#8221; tab_id=&#8221;1484000531381-e19ec8fe-b3dc&#8221;][vc_column_text]<\/p>\n<h2>Siegel<\/h2>\n<p>[\/vc_column_text][vc_row_inner][vc_column_inner][vc_btn title=&#8221;Erstes euPrevent-Qualit\u00e4tssiegel f\u00fcr Psychiatrie&#8221; color=&#8221;white&#8221; align=&#8221;left&#8221; i_icon_fontawesome=&#8221;fa fa-file-pdf-o&#8221; button_block=&#8221;true&#8221; add_icon=&#8221;true&#8221; link=&#8221;url:http%3A%2F%2Feuprevent.eu%2Fwp-content%2Fuploads%2F2017%2F01%2FQuality-Seal-Psychiatrie-1.pdf|||&#8221;][\/vc_column_inner][\/vc_row_inner][\/vc_tta_section][vc_tta_section title=&#8221;Anforderungen&#8221; tab_id=&#8221;1484000608824-71c7e040-63bd&#8221;][vc_column_text]<\/p>\n<h2>Anforderungen<\/h2>\n<p>[\/vc_column_text][vc_row_inner][vc_column_inner][vc_btn title=&#8221;Erstes euPrevent-Psychiatriesiegel Endg\u00fcltige Fassung&#8221; color=&#8221;white&#8221; align=&#8221;left&#8221; i_icon_fontawesome=&#8221;fa fa-file-pdf-o&#8221; button_block=&#8221;true&#8221; add_icon=&#8221;true&#8221; link=&#8221;url:http%3A%2F%2Feuprevent.eu%2Fwp-content%2Fuploads%2F2017%2F01%2FErstes-euPrevent-Psychiatriesiegel_Endgultige-Fassung.pdf|||&#8221;][\/vc_column_inner][\/vc_row_inner][\/vc_tta_section][\/vc_tta_tour][\/vc_column][\/vc_row]<\/p>\n<\/section>","protected":false},"excerpt":{"rendered":"<p>[vc_row][vc_column][vc_column_text el_class=&#8221;alert alert-info&#8221;] Deze informatie is alleen beschikbaar in het Duits. \/ The information below is only available in German. \/\u00a0Cette information est seulement disponible en allemand. [\/vc_column_text][\/vc_column][\/vc_row][vc_row css=&#8221;.vc_custom_1483999173497{margin-bottom: 0px !important;}&#8221;][vc_column][vc_column_text css=&#8221;.vc_custom_1484397252109{margin-bottom: 20px !important;}&#8221;] Erste Psychiatrie-Siegel [\/vc_column_text][\/vc_column][\/vc_row][vc_row][vc_column width=&#8221;5\/6&#8243;][vc_column_text]Das erste euPrevent-Siegel f\u00fcr psychiatrische Einrichtungen entstand urspr\u00fcnglich aus einer Initiative des Rhein-Kreises Neuss, der LVR-Klinik in S\u00fcchteln [&hellip;]<\/p>\n","protected":false},"author":1,"featured_media":0,"parent":245,"menu_order":0,"comment_status":"closed","ping_status":"closed","template":"","meta":{"_acf_changed":false,"footnotes":""},"class_list":["post-503","page","type-page","status-publish","hentry","programmes-infectious-diseases"],"acf":[],"yoast_head":"<!-- This site is optimized with the Yoast SEO plugin v26.8 - https:\/\/yoast.com\/product\/yoast-seo-wordpress\/ -->\n<title>Erste Psychiatrie-Siegel - euPrevent<\/title>\n<meta name=\"robots\" content=\"index, follow, max-snippet:-1, max-image-preview:large, max-video-preview:-1\" \/>\n<link rel=\"canonical\" href=\"https:\/\/euprevent.eu\/nl\/euprevent-qualitatssiegel\/erste-psychiatrie-siegel\/\" \/>\n<meta property=\"og:locale\" content=\"nl_NL\" \/>\n<meta property=\"og:type\" content=\"article\" \/>\n<meta property=\"og:title\" content=\"Erste Psychiatrie-Siegel - euPrevent\" \/>\n<meta property=\"og:description\" content=\"[vc_row][vc_column][vc_column_text el_class=&#8221;alert alert-info&#8221;] Deze informatie is alleen beschikbaar in het Duits. \/ The information below is only available in German. \/\u00a0Cette information est seulement disponible en allemand. [\/vc_column_text][\/vc_column][\/vc_row][vc_row css=&#8221;.vc_custom_1483999173497{margin-bottom: 0px !important;}&#8221;][vc_column][vc_column_text css=&#8221;.vc_custom_1484397252109{margin-bottom: 20px !important;}&#8221;] Erste Psychiatrie-Siegel [\/vc_column_text][\/vc_column][\/vc_row][vc_row][vc_column width=&#8221;5\/6&#8243;][vc_column_text]Das erste euPrevent-Siegel f\u00fcr psychiatrische Einrichtungen entstand urspr\u00fcnglich aus einer Initiative des Rhein-Kreises Neuss, der LVR-Klinik in S\u00fcchteln [&hellip;]\" \/>\n<meta property=\"og:url\" content=\"https:\/\/euprevent.eu\/nl\/euprevent-qualitatssiegel\/erste-psychiatrie-siegel\/\" \/>\n<meta property=\"og:site_name\" content=\"euPrevent\" \/>\n<meta property=\"article:modified_time\" content=\"2017-02-22T16:11:23+00:00\" \/>\n<meta name=\"twitter:card\" content=\"summary_large_image\" \/>\n<meta name=\"twitter:label1\" content=\"Geschatte leestijd\" \/>\n\t<meta name=\"twitter:data1\" content=\"3 minuten\" \/>\n<script type=\"application\/ld+json\" class=\"yoast-schema-graph\">{\"@context\":\"https:\/\/schema.org\",\"@graph\":[{\"@type\":\"WebPage\",\"@id\":\"https:\/\/euprevent.eu\/nl\/euprevent-qualitatssiegel\/erste-psychiatrie-siegel\/\",\"url\":\"https:\/\/euprevent.eu\/nl\/euprevent-qualitatssiegel\/erste-psychiatrie-siegel\/\",\"name\":\"Erste Psychiatrie-Siegel - euPrevent\",\"isPartOf\":{\"@id\":\"https:\/\/euprevent.eu\/nl\/#website\"},\"datePublished\":\"2017-01-14T12:33:36+00:00\",\"dateModified\":\"2017-02-22T16:11:23+00:00\",\"breadcrumb\":{\"@id\":\"https:\/\/euprevent.eu\/nl\/euprevent-qualitatssiegel\/erste-psychiatrie-siegel\/#breadcrumb\"},\"inLanguage\":\"nl-NL\",\"potentialAction\":[{\"@type\":\"ReadAction\",\"target\":[\"https:\/\/euprevent.eu\/nl\/euprevent-qualitatssiegel\/erste-psychiatrie-siegel\/\"]}]},{\"@type\":\"BreadcrumbList\",\"@id\":\"https:\/\/euprevent.eu\/nl\/euprevent-qualitatssiegel\/erste-psychiatrie-siegel\/#breadcrumb\",\"itemListElement\":[{\"@type\":\"ListItem\",\"position\":1,\"name\":\"Home\",\"item\":\"https:\/\/euprevent.eu\/nl\/\"},{\"@type\":\"ListItem\",\"position\":2,\"name\":\"euPrevent Qualit\u00e4tssiegel\",\"item\":\"https:\/\/euprevent.eu\/nl\/euprevent-qualitatssiegel\/\"},{\"@type\":\"ListItem\",\"position\":3,\"name\":\"Erste Psychiatrie-Siegel\"}]},{\"@type\":\"WebSite\",\"@id\":\"https:\/\/euprevent.eu\/nl\/#website\",\"url\":\"https:\/\/euprevent.eu\/nl\/\",\"name\":\"euPrevent\",\"description\":\"euPrevent is a Euroregional network that focuses on promoting health. Within this network, sustainable partnerships seek to increase the quality of life of residents in the border region between the Netherlands, Belgium and Germany.\",\"potentialAction\":[{\"@type\":\"SearchAction\",\"target\":{\"@type\":\"EntryPoint\",\"urlTemplate\":\"https:\/\/euprevent.eu\/nl\/?s={search_term_string}\"},\"query-input\":{\"@type\":\"PropertyValueSpecification\",\"valueRequired\":true,\"valueName\":\"search_term_string\"}}],\"inLanguage\":\"nl-NL\"}]}<\/script>\n<!-- \/ Yoast SEO plugin. -->","yoast_head_json":{"title":"Erste Psychiatrie-Siegel - euPrevent","robots":{"index":"index","follow":"follow","max-snippet":"max-snippet:-1","max-image-preview":"max-image-preview:large","max-video-preview":"max-video-preview:-1"},"canonical":"https:\/\/euprevent.eu\/nl\/euprevent-qualitatssiegel\/erste-psychiatrie-siegel\/","og_locale":"nl_NL","og_type":"article","og_title":"Erste Psychiatrie-Siegel - euPrevent","og_description":"[vc_row][vc_column][vc_column_text el_class=&#8221;alert alert-info&#8221;] Deze informatie is alleen beschikbaar in het Duits. \/ The information below is only available in German. \/\u00a0Cette information est seulement disponible en allemand. [\/vc_column_text][\/vc_column][\/vc_row][vc_row css=&#8221;.vc_custom_1483999173497{margin-bottom: 0px !important;}&#8221;][vc_column][vc_column_text css=&#8221;.vc_custom_1484397252109{margin-bottom: 20px !important;}&#8221;] Erste Psychiatrie-Siegel [\/vc_column_text][\/vc_column][\/vc_row][vc_row][vc_column width=&#8221;5\/6&#8243;][vc_column_text]Das erste euPrevent-Siegel f\u00fcr psychiatrische Einrichtungen entstand urspr\u00fcnglich aus einer Initiative des Rhein-Kreises Neuss, der LVR-Klinik in S\u00fcchteln [&hellip;]","og_url":"https:\/\/euprevent.eu\/nl\/euprevent-qualitatssiegel\/erste-psychiatrie-siegel\/","og_site_name":"euPrevent","article_modified_time":"2017-02-22T16:11:23+00:00","twitter_card":"summary_large_image","twitter_misc":{"Geschatte leestijd":"3 minuten"},"schema":{"@context":"https:\/\/schema.org","@graph":[{"@type":"WebPage","@id":"https:\/\/euprevent.eu\/nl\/euprevent-qualitatssiegel\/erste-psychiatrie-siegel\/","url":"https:\/\/euprevent.eu\/nl\/euprevent-qualitatssiegel\/erste-psychiatrie-siegel\/","name":"Erste Psychiatrie-Siegel - euPrevent","isPartOf":{"@id":"https:\/\/euprevent.eu\/nl\/#website"},"datePublished":"2017-01-14T12:33:36+00:00","dateModified":"2017-02-22T16:11:23+00:00","breadcrumb":{"@id":"https:\/\/euprevent.eu\/nl\/euprevent-qualitatssiegel\/erste-psychiatrie-siegel\/#breadcrumb"},"inLanguage":"nl-NL","potentialAction":[{"@type":"ReadAction","target":["https:\/\/euprevent.eu\/nl\/euprevent-qualitatssiegel\/erste-psychiatrie-siegel\/"]}]},{"@type":"BreadcrumbList","@id":"https:\/\/euprevent.eu\/nl\/euprevent-qualitatssiegel\/erste-psychiatrie-siegel\/#breadcrumb","itemListElement":[{"@type":"ListItem","position":1,"name":"Home","item":"https:\/\/euprevent.eu\/nl\/"},{"@type":"ListItem","position":2,"name":"euPrevent Qualit\u00e4tssiegel","item":"https:\/\/euprevent.eu\/nl\/euprevent-qualitatssiegel\/"},{"@type":"ListItem","position":3,"name":"Erste Psychiatrie-Siegel"}]},{"@type":"WebSite","@id":"https:\/\/euprevent.eu\/nl\/#website","url":"https:\/\/euprevent.eu\/nl\/","name":"euPrevent","description":"euPrevent is a Euroregional network that focuses on promoting health. Within this network, sustainable partnerships seek to increase the quality of life of residents in the border region between the Netherlands, Belgium and Germany.","potentialAction":[{"@type":"SearchAction","target":{"@type":"EntryPoint","urlTemplate":"https:\/\/euprevent.eu\/nl\/?s={search_term_string}"},"query-input":{"@type":"PropertyValueSpecification","valueRequired":true,"valueName":"search_term_string"}}],"inLanguage":"nl-NL"}]}},"_links":{"self":[{"href":"https:\/\/euprevent.eu\/nl\/wp-json\/wp\/v2\/pages\/503","targetHints":{"allow":["GET"]}}],"collection":[{"href":"https:\/\/euprevent.eu\/nl\/wp-json\/wp\/v2\/pages"}],"about":[{"href":"https:\/\/euprevent.eu\/nl\/wp-json\/wp\/v2\/types\/page"}],"author":[{"embeddable":true,"href":"https:\/\/euprevent.eu\/nl\/wp-json\/wp\/v2\/users\/1"}],"replies":[{"embeddable":true,"href":"https:\/\/euprevent.eu\/nl\/wp-json\/wp\/v2\/comments?post=503"}],"version-history":[{"count":10,"href":"https:\/\/euprevent.eu\/nl\/wp-json\/wp\/v2\/pages\/503\/revisions"}],"predecessor-version":[{"id":942,"href":"https:\/\/euprevent.eu\/nl\/wp-json\/wp\/v2\/pages\/503\/revisions\/942"}],"up":[{"embeddable":true,"href":"https:\/\/euprevent.eu\/nl\/wp-json\/wp\/v2\/pages\/245"}],"wp:attachment":[{"href":"https:\/\/euprevent.eu\/nl\/wp-json\/wp\/v2\/media?parent=503"}],"curies":[{"name":"wp","href":"https:\/\/api.w.org\/{rel}","templated":true}]}}