


{"id":368,"date":"2017-01-14T11:17:10","date_gmt":"2017-01-14T11:17:10","guid":{"rendered":"http:\/\/euprevent.eu\/?page_id=368\/"},"modified":"2017-02-22T16:11:27","modified_gmt":"2017-02-22T16:11:27","slug":"erstes-altenheimsiegel","status":"publish","type":"page","link":"https:\/\/euprevent.eu\/nl\/euprevent-qualitatssiegel\/erstes-altenheimsiegel\/","title":{"rendered":"Erstes Altenheimsiegel"},"content":{"rendered":"<section class=\"wpb-content-wrapper\"><p>[vc_row][vc_column][vc_column_text el_class=&#8221;alert alert-info&#8221;]<\/p>\n<p style=\"text-align: center;\">Deze informatie is alleen beschikbaar in het Duits. \/ The information below is only available in German. \/\u00a0Cette information est seulement disponible en allemand.<\/p>\n<p>[\/vc_column_text][\/vc_column][\/vc_row][vc_row css=&#8221;.vc_custom_1483999173497{margin-bottom: 0px !important;}&#8221;][vc_column][vc_column_text css=&#8221;.vc_custom_1484392665677{margin-bottom: 20px !important;}&#8221;]<\/p>\n<h2>Erstes Altenheimsiegel<\/h2>\n<p>[\/vc_column_text][\/vc_column][\/vc_row][vc_row][vc_column width=&#8221;5\/6&#8243;][vc_column_text]Bezogen sich die urspr\u00fcnglichen Bem\u00fchungen zun\u00e4chst auf den Krankenhausbereich, so r\u00fcckten nach und nach die Alten- und Pflegeheime in den Fokus des Interesses. Urspr\u00fcnglich wurde das Siegel von den niederl\u00e4ndischen Kollegen\/-innen entwickelt und umgesetzt. In einer Arbeitsgruppe, die sich auf deutscher Seite auf Initiative des LZG in M\u00fcnster gebildet hatte, wurde eine Anpassung dieses niederl\u00e4ndischen Siegels auf die deutschen Verh\u00e4ltnisse vorgenommen. Dabei besch\u00e4ftigt sich dieses Siegel inhaltlich prim\u00e4r mit den Grundlagen eines ad\u00e4quaten Hygienemanagements.[\/vc_column_text][\/vc_column][vc_column width=&#8221;1\/6&#8243;][vc_single_image image=&#8221;280&#8243; img_size=&#8221;full&#8221;][\/vc_column][\/vc_row][vc_row][vc_column][vc_tta_tour][vc_tta_section title=&#8221;Auditoren&#8221; tab_id=&#8221;1484000065193-2cfa2d43-f902&#8243;][vc_column_text]<\/p>\n<h3>Auditoren<\/h3>\n<p>[\/vc_column_text][vc_row_inner][vc_column_inner][vc_btn title=&#8221;Auditorenschulung&#8221; color=&#8221;white&#8221; align=&#8221;left&#8221; i_icon_fontawesome=&#8221;fa fa-file-pdf-o&#8221; button_block=&#8221;true&#8221; add_icon=&#8221;true&#8221; link=&#8221;url:http%3A%2F%2Feuprevent.eu%2Fwp-content%2Fuploads%2F2017%2F01%2FAuditorenschulung.pdf|||&#8221;][\/vc_column_inner][\/vc_row_inner][\/vc_tta_section][vc_tta_section title=&#8221;Erfassungsb\u00f6gen&#8221; tab_id=&#8221;1484050362879-8891abab-cf5d&#8221;][vc_column_text]<\/p>\n<h3>Erfassungsb\u00f6gen<\/h3>\n<p>[\/vc_column_text][vc_row_inner][vc_column_inner][vc_btn title=&#8221;01 &#8211; Station Bogen A&#8221; color=&#8221;white&#8221; align=&#8221;left&#8221; i_icon_fontawesome=&#8221;fa fa-file-pdf-o&#8221; button_block=&#8221;true&#8221; add_icon=&#8221;true&#8221; link=&#8221;url:http%3A%2F%2Feuprevent.eu%2Fwp-content%2Fuploads%2F2017%2F01%2F01_Station_Bogen_A.xls|||&#8221;][vc_btn title=&#8221;02 &#8211; Bewohner Bogen B&#8221; color=&#8221;white&#8221; align=&#8221;left&#8221; i_icon_fontawesome=&#8221;fa fa-file-pdf-o&#8221; button_block=&#8221;true&#8221; add_icon=&#8221;true&#8221; link=&#8221;url:http%3A%2F%2Feuprevent.eu%2Fwp-content%2Fuploads%2F2017%2F01%2F02_Bewohner_Bogen_B.xls|||&#8221;][vc_btn title=&#8221;03 &#8211; Institution Bogen C&#8221; color=&#8221;white&#8221; align=&#8221;left&#8221; i_icon_fontawesome=&#8221;fa fa-file-pdf-o&#8221; button_block=&#8221;true&#8221; add_icon=&#8221;true&#8221; link=&#8221;url:http%3A%2F%2Feuprevent.eu%2Fwp-content%2Fuploads%2F2017%2F01%2F03_Institution_Bogen_C.xls|||&#8221;][vc_btn title=&#8221;Checkliste Deckblatt 1&#8243; color=&#8221;white&#8221; align=&#8221;left&#8221; i_icon_fontawesome=&#8221;fa fa-file-pdf-o&#8221; button_block=&#8221;true&#8221; add_icon=&#8221;true&#8221; link=&#8221;url:http%3A%2F%2Feuprevent.eu%2Fwp-content%2Fuploads%2F2017%2F01%2FCheckliste_Deckblatt_1.xls|||&#8221;][vc_btn title=&#8221;Checkliste Deckblatt 2&#8243; color=&#8221;white&#8221; align=&#8221;left&#8221; i_icon_fontawesome=&#8221;fa fa-file-pdf-o&#8221; button_block=&#8221;true&#8221; add_icon=&#8221;true&#8221; link=&#8221;url:http%3A%2F%2Feuprevent.eu%2Fwp-content%2Fuploads%2F2017%2F01%2FCheckliste_Deckblatt_2.xls|||&#8221;][\/vc_column_inner][\/vc_row_inner][\/vc_tta_section][vc_tta_section title=&#8221;Erstellungshilfen&#8221; tab_id=&#8221;1484393256536-f9374851-419b&#8221;][vc_column_text]<\/p>\n<h3>Erstellungshilfen und Richtlinien<\/h3>\n<p>[\/vc_column_text][vc_row_inner][vc_column_inner][vc_btn title=&#8221;Erstellungshilfe zur Richtlinie Gastroenteritis &#8211; Noro&#8221; color=&#8221;white&#8221; align=&#8221;left&#8221; i_icon_fontawesome=&#8221;fa fa-file-pdf-o&#8221; button_block=&#8221;true&#8221; add_icon=&#8221;true&#8221; link=&#8221;url:http%3A%2F%2Feuprevent.eu%2Fwp-content%2Fuploads%2F2017%2F01%2FErstellungshilfe-zur-Richtlinie-Gastroenteritis-Noro.pdf|||&#8221;][vc_btn title=&#8221;Erstellungshilfe zur Richtlinie HWI-Pr\u00e4vention&#8221; color=&#8221;white&#8221; align=&#8221;left&#8221; i_icon_fontawesome=&#8221;fa fa-file-pdf-o&#8221; button_block=&#8221;true&#8221; add_icon=&#8221;true&#8221; link=&#8221;url:http%3A%2F%2Feuprevent.eu%2Fwp-content%2Fuploads%2F2017%2F01%2FErstellungshilfe-zur-Richtlinie-HWI-Praevention.pdf|||&#8221;][vc_btn title=&#8221;Muster: Gesch\u00e4ftsordnung der Hygienekommission&#8221; color=&#8221;white&#8221; align=&#8221;left&#8221; i_icon_fontawesome=&#8221;fa fa-file-pdf-o&#8221; button_block=&#8221;true&#8221; add_icon=&#8221;true&#8221; link=&#8221;url:http%3A%2F%2Feuprevent.eu%2Fwp-content%2Fuploads%2F2017%2F01%2FMuster_GO_Hyg_Kommission.pdf|||&#8221;][vc_btn title=&#8221;Richtlinie Hygiene&#8221; color=&#8221;white&#8221; align=&#8221;left&#8221; i_icon_fontawesome=&#8221;fa fa-file-pdf-o&#8221; button_block=&#8221;true&#8221; add_icon=&#8221;true&#8221; link=&#8221;url:http%3A%2F%2Feuprevent.eu%2Fwp-content%2Fuploads%2F2017%2F01%2FRichtlinie-Hygiene.pdf|||&#8221;][vc_btn title=&#8221;Richtlinie Influenza&#8221; color=&#8221;white&#8221; align=&#8221;left&#8221; i_icon_fontawesome=&#8221;fa fa-file-pdf-o&#8221; button_block=&#8221;true&#8221; add_icon=&#8221;true&#8221; link=&#8221;url:http%3A%2F%2Feuprevent.eu%2Fwp-content%2Fuploads%2F2017%2F01%2FRichtlinie-Influenza.pdf|||&#8221;][vc_btn title=&#8221;Richtlinie MRSA&#8221; color=&#8221;white&#8221; align=&#8221;left&#8221; i_icon_fontawesome=&#8221;fa fa-file-pdf-o&#8221; button_block=&#8221;true&#8221; add_icon=&#8221;true&#8221; link=&#8221;url:http%3A%2F%2Feuprevent.eu%2Fwp-content%2Fuploads%2F2017%2F01%2FRichtlinie-MRSA.pdf|||&#8221;][\/vc_column_inner][\/vc_row_inner][\/vc_tta_section][vc_tta_section title=&#8221;Literatur&#8221; tab_id=&#8221;1484000602777-110ac1dc-84d7&#8243;][vc_column_text]<\/p>\n<h3>Literatur<\/h3>\n<p>[\/vc_column_text][vc_row_inner][vc_column_inner][vc_btn title=&#8221;H\u00e4ndehygiene&#8221; color=&#8221;white&#8221; align=&#8221;left&#8221; i_icon_fontawesome=&#8221;fa fa-file-pdf-o&#8221; button_block=&#8221;true&#8221; add_icon=&#8221;true&#8221; link=&#8221;url:http%3A%2F%2Feuprevent.eu%2Fwp-content%2Fuploads%2F2017%2F01%2FRKI-Handehygiene-1.pdf|||&#8221;][vc_btn title=&#8221;Infektionspravention in Heimen&#8221; color=&#8221;white&#8221; align=&#8221;left&#8221; i_icon_fontawesome=&#8221;fa fa-file-pdf-o&#8221; button_block=&#8221;true&#8221; add_icon=&#8221;true&#8221; link=&#8221;url:http%3A%2F%2Feuprevent.eu%2Fwp-content%2Fuploads%2F2017%2F01%2FRKI-Infektionspravention-in-Heimen.pdf|||&#8221;][\/vc_column_inner][\/vc_row_inner][\/vc_tta_section][vc_tta_section title=&#8221;Schulungsdateien&#8221; tab_id=&#8221;1484050886209-38c89531-fbd1&#8243;][vc_column_text]<\/p>\n<h3>Schulungsdateien<\/h3>\n<p>[\/vc_column_text][vc_row_inner][vc_column_inner width=&#8221;1\/2&#8243;][vc_btn title=&#8221;Gastroenteritiden&#8221; color=&#8221;white&#8221; align=&#8221;left&#8221; i_icon_fontawesome=&#8221;fa fa-file-pdf-o&#8221; button_block=&#8221;true&#8221; add_icon=&#8221;true&#8221; link=&#8221;url:http%3A%2F%2Feuprevent.eu%2Fwp-content%2Fuploads%2F2017%2F01%2FGastroenteritiden.ppt|||&#8221;][vc_btn title=&#8221;Influenza&#8221; color=&#8221;white&#8221; align=&#8221;left&#8221; i_icon_fontawesome=&#8221;fa fa-file-pdf-o&#8221; button_block=&#8221;true&#8221; add_icon=&#8221;true&#8221; link=&#8221;url:http%3A%2F%2Feuprevent.eu%2Fwp-content%2Fuploads%2F2017%2F01%2FInfluenza.ppt|||&#8221;][vc_btn title=&#8221;Personalhygiene&#8221; color=&#8221;white&#8221; align=&#8221;left&#8221; i_icon_fontawesome=&#8221;fa fa-file-pdf-o&#8221; button_block=&#8221;true&#8221; add_icon=&#8221;true&#8221; link=&#8221;url:http%3A%2F%2Feuprevent.eu%2Fwp-content%2Fuploads%2F2017%2F01%2FPersonalhygiene.ppt|||&#8221;][\/vc_column_inner][vc_column_inner width=&#8221;1\/2&#8243;][vc_btn title=&#8221;Harnwegsinfektionen&#8221; color=&#8221;white&#8221; align=&#8221;left&#8221; i_icon_fontawesome=&#8221;fa fa-file-pdf-o&#8221; button_block=&#8221;true&#8221; add_icon=&#8221;true&#8221; link=&#8221;url:http%3A%2F%2Feuprevent.eu%2Fwp-content%2Fuploads%2F2017%2F01%2FHarnwegsinfektionen.ppt|||&#8221;][vc_btn title=&#8221;MRSA&#8221; color=&#8221;white&#8221; align=&#8221;left&#8221; i_icon_fontawesome=&#8221;fa fa-file-pdf-o&#8221; button_block=&#8221;true&#8221; add_icon=&#8221;true&#8221; link=&#8221;url:http%3A%2F%2Feuprevent.eu%2Fwp-content%2Fuploads%2F2017%2F01%2FMRSA.ppt|||&#8221;][\/vc_column_inner][\/vc_row_inner][\/vc_tta_section][vc_tta_section title=&#8221;Siegel&#8221; tab_id=&#8221;1484000531381-e19ec8fe-b3dc&#8221;][vc_column_text]<\/p>\n<h2>Siegel<\/h2>\n<p>[\/vc_column_text][vc_row_inner][vc_column_inner][vc_btn title=&#8221;Erstes euPrevent Altenheimsiegel&#8221; color=&#8221;white&#8221; align=&#8221;left&#8221; i_icon_fontawesome=&#8221;fa fa-file-pdf-o&#8221; button_block=&#8221;true&#8221; add_icon=&#8221;true&#8221; link=&#8221;url:http%3A%2F%2Feuprevent.eu%2Fwp-content%2Fuploads%2F2017%2F01%2FErstes-euPrevent-Altenheimsiegel.pdf|||&#8221;][\/vc_column_inner][\/vc_row_inner][\/vc_tta_section][vc_tta_section title=&#8221;Anforderungen&#8221; tab_id=&#8221;1484000608824-71c7e040-63bd&#8221;][vc_column_text]<\/p>\n<h2>Anforderungen<\/h2>\n<p>[\/vc_column_text][vc_row_inner][vc_column_inner][vc_btn title=&#8221;Qualit\u00e4tsziele und Anforderungen Erstes euPrevent-Altenheimsiegel&#8221; color=&#8221;white&#8221; align=&#8221;left&#8221; i_icon_fontawesome=&#8221;fa fa-file-pdf-o&#8221; button_block=&#8221;true&#8221; add_icon=&#8221;true&#8221; link=&#8221;url:http%3A%2F%2Feuprevent.eu%2Fwp-content%2Fuploads%2F2017%2F01%2FQualitatsziele-und-Anforderungen-Erstes-euPrevent-Altenheimsiegel.pdf|||&#8221;][\/vc_column_inner][\/vc_row_inner][\/vc_tta_section][\/vc_tta_tour][\/vc_column][\/vc_row]<\/p>\n<\/section>","protected":false},"excerpt":{"rendered":"<p>[vc_row][vc_column][vc_column_text el_class=&#8221;alert alert-info&#8221;] Deze informatie is alleen beschikbaar in het Duits. \/ The information below is only available in German. \/\u00a0Cette information est seulement disponible en allemand. [\/vc_column_text][\/vc_column][\/vc_row][vc_row css=&#8221;.vc_custom_1483999173497{margin-bottom: 0px !important;}&#8221;][vc_column][vc_column_text css=&#8221;.vc_custom_1484392665677{margin-bottom: 20px !important;}&#8221;] Erstes Altenheimsiegel [\/vc_column_text][\/vc_column][\/vc_row][vc_row][vc_column width=&#8221;5\/6&#8243;][vc_column_text]Bezogen sich die urspr\u00fcnglichen Bem\u00fchungen zun\u00e4chst auf den Krankenhausbereich, so r\u00fcckten nach und nach die Alten- und Pflegeheime [&hellip;]<\/p>\n","protected":false},"author":1,"featured_media":0,"parent":245,"menu_order":0,"comment_status":"closed","ping_status":"closed","template":"","meta":{"_acf_changed":false,"footnotes":""},"class_list":["post-368","page","type-page","status-publish","hentry","programmes-infectious-diseases"],"acf":[],"yoast_head":"<!-- This site is optimized with the Yoast SEO plugin v26.8 - https:\/\/yoast.com\/product\/yoast-seo-wordpress\/ -->\n<title>Erstes Altenheimsiegel - euPrevent<\/title>\n<meta name=\"robots\" content=\"index, follow, max-snippet:-1, max-image-preview:large, max-video-preview:-1\" \/>\n<link rel=\"canonical\" href=\"https:\/\/euprevent.eu\/nl\/euprevent-qualitatssiegel\/erstes-altenheimsiegel\/\" \/>\n<meta property=\"og:locale\" content=\"nl_NL\" \/>\n<meta property=\"og:type\" content=\"article\" \/>\n<meta property=\"og:title\" content=\"Erstes Altenheimsiegel - euPrevent\" \/>\n<meta property=\"og:description\" content=\"[vc_row][vc_column][vc_column_text el_class=&#8221;alert alert-info&#8221;] Deze informatie is alleen beschikbaar in het Duits. \/ The information below is only available in German. \/\u00a0Cette information est seulement disponible en allemand. [\/vc_column_text][\/vc_column][\/vc_row][vc_row css=&#8221;.vc_custom_1483999173497{margin-bottom: 0px !important;}&#8221;][vc_column][vc_column_text css=&#8221;.vc_custom_1484392665677{margin-bottom: 20px !important;}&#8221;] Erstes Altenheimsiegel [\/vc_column_text][\/vc_column][\/vc_row][vc_row][vc_column width=&#8221;5\/6&#8243;][vc_column_text]Bezogen sich die urspr\u00fcnglichen Bem\u00fchungen zun\u00e4chst auf den Krankenhausbereich, so r\u00fcckten nach und nach die Alten- und Pflegeheime [&hellip;]\" \/>\n<meta property=\"og:url\" content=\"https:\/\/euprevent.eu\/nl\/euprevent-qualitatssiegel\/erstes-altenheimsiegel\/\" \/>\n<meta property=\"og:site_name\" content=\"euPrevent\" \/>\n<meta property=\"article:modified_time\" content=\"2017-02-22T16:11:27+00:00\" \/>\n<meta name=\"twitter:card\" content=\"summary_large_image\" \/>\n<meta name=\"twitter:label1\" content=\"Geschatte leestijd\" \/>\n\t<meta name=\"twitter:data1\" content=\"6 minuten\" \/>\n<script type=\"application\/ld+json\" class=\"yoast-schema-graph\">{\"@context\":\"https:\/\/schema.org\",\"@graph\":[{\"@type\":\"WebPage\",\"@id\":\"https:\/\/euprevent.eu\/nl\/euprevent-qualitatssiegel\/erstes-altenheimsiegel\/\",\"url\":\"https:\/\/euprevent.eu\/nl\/euprevent-qualitatssiegel\/erstes-altenheimsiegel\/\",\"name\":\"Erstes Altenheimsiegel - euPrevent\",\"isPartOf\":{\"@id\":\"https:\/\/euprevent.eu\/nl\/#website\"},\"datePublished\":\"2017-01-14T11:17:10+00:00\",\"dateModified\":\"2017-02-22T16:11:27+00:00\",\"breadcrumb\":{\"@id\":\"https:\/\/euprevent.eu\/nl\/euprevent-qualitatssiegel\/erstes-altenheimsiegel\/#breadcrumb\"},\"inLanguage\":\"nl-NL\",\"potentialAction\":[{\"@type\":\"ReadAction\",\"target\":[\"https:\/\/euprevent.eu\/nl\/euprevent-qualitatssiegel\/erstes-altenheimsiegel\/\"]}]},{\"@type\":\"BreadcrumbList\",\"@id\":\"https:\/\/euprevent.eu\/nl\/euprevent-qualitatssiegel\/erstes-altenheimsiegel\/#breadcrumb\",\"itemListElement\":[{\"@type\":\"ListItem\",\"position\":1,\"name\":\"Home\",\"item\":\"https:\/\/euprevent.eu\/nl\/\"},{\"@type\":\"ListItem\",\"position\":2,\"name\":\"euPrevent Qualit\u00e4tssiegel\",\"item\":\"https:\/\/euprevent.eu\/nl\/euprevent-qualitatssiegel\/\"},{\"@type\":\"ListItem\",\"position\":3,\"name\":\"Erstes Altenheimsiegel\"}]},{\"@type\":\"WebSite\",\"@id\":\"https:\/\/euprevent.eu\/nl\/#website\",\"url\":\"https:\/\/euprevent.eu\/nl\/\",\"name\":\"euPrevent\",\"description\":\"euPrevent is a Euroregional network that focuses on promoting health. Within this network, sustainable partnerships seek to increase the quality of life of residents in the border region between the Netherlands, Belgium and Germany.\",\"potentialAction\":[{\"@type\":\"SearchAction\",\"target\":{\"@type\":\"EntryPoint\",\"urlTemplate\":\"https:\/\/euprevent.eu\/nl\/?s={search_term_string}\"},\"query-input\":{\"@type\":\"PropertyValueSpecification\",\"valueRequired\":true,\"valueName\":\"search_term_string\"}}],\"inLanguage\":\"nl-NL\"}]}<\/script>\n<!-- \/ Yoast SEO plugin. -->","yoast_head_json":{"title":"Erstes Altenheimsiegel - euPrevent","robots":{"index":"index","follow":"follow","max-snippet":"max-snippet:-1","max-image-preview":"max-image-preview:large","max-video-preview":"max-video-preview:-1"},"canonical":"https:\/\/euprevent.eu\/nl\/euprevent-qualitatssiegel\/erstes-altenheimsiegel\/","og_locale":"nl_NL","og_type":"article","og_title":"Erstes Altenheimsiegel - euPrevent","og_description":"[vc_row][vc_column][vc_column_text el_class=&#8221;alert alert-info&#8221;] Deze informatie is alleen beschikbaar in het Duits. \/ The information below is only available in German. \/\u00a0Cette information est seulement disponible en allemand. [\/vc_column_text][\/vc_column][\/vc_row][vc_row css=&#8221;.vc_custom_1483999173497{margin-bottom: 0px !important;}&#8221;][vc_column][vc_column_text css=&#8221;.vc_custom_1484392665677{margin-bottom: 20px !important;}&#8221;] Erstes Altenheimsiegel [\/vc_column_text][\/vc_column][\/vc_row][vc_row][vc_column width=&#8221;5\/6&#8243;][vc_column_text]Bezogen sich die urspr\u00fcnglichen Bem\u00fchungen zun\u00e4chst auf den Krankenhausbereich, so r\u00fcckten nach und nach die Alten- und Pflegeheime [&hellip;]","og_url":"https:\/\/euprevent.eu\/nl\/euprevent-qualitatssiegel\/erstes-altenheimsiegel\/","og_site_name":"euPrevent","article_modified_time":"2017-02-22T16:11:27+00:00","twitter_card":"summary_large_image","twitter_misc":{"Geschatte leestijd":"6 minuten"},"schema":{"@context":"https:\/\/schema.org","@graph":[{"@type":"WebPage","@id":"https:\/\/euprevent.eu\/nl\/euprevent-qualitatssiegel\/erstes-altenheimsiegel\/","url":"https:\/\/euprevent.eu\/nl\/euprevent-qualitatssiegel\/erstes-altenheimsiegel\/","name":"Erstes Altenheimsiegel - euPrevent","isPartOf":{"@id":"https:\/\/euprevent.eu\/nl\/#website"},"datePublished":"2017-01-14T11:17:10+00:00","dateModified":"2017-02-22T16:11:27+00:00","breadcrumb":{"@id":"https:\/\/euprevent.eu\/nl\/euprevent-qualitatssiegel\/erstes-altenheimsiegel\/#breadcrumb"},"inLanguage":"nl-NL","potentialAction":[{"@type":"ReadAction","target":["https:\/\/euprevent.eu\/nl\/euprevent-qualitatssiegel\/erstes-altenheimsiegel\/"]}]},{"@type":"BreadcrumbList","@id":"https:\/\/euprevent.eu\/nl\/euprevent-qualitatssiegel\/erstes-altenheimsiegel\/#breadcrumb","itemListElement":[{"@type":"ListItem","position":1,"name":"Home","item":"https:\/\/euprevent.eu\/nl\/"},{"@type":"ListItem","position":2,"name":"euPrevent Qualit\u00e4tssiegel","item":"https:\/\/euprevent.eu\/nl\/euprevent-qualitatssiegel\/"},{"@type":"ListItem","position":3,"name":"Erstes Altenheimsiegel"}]},{"@type":"WebSite","@id":"https:\/\/euprevent.eu\/nl\/#website","url":"https:\/\/euprevent.eu\/nl\/","name":"euPrevent","description":"euPrevent is a Euroregional network that focuses on promoting health. Within this network, sustainable partnerships seek to increase the quality of life of residents in the border region between the Netherlands, Belgium and Germany.","potentialAction":[{"@type":"SearchAction","target":{"@type":"EntryPoint","urlTemplate":"https:\/\/euprevent.eu\/nl\/?s={search_term_string}"},"query-input":{"@type":"PropertyValueSpecification","valueRequired":true,"valueName":"search_term_string"}}],"inLanguage":"nl-NL"}]}},"_links":{"self":[{"href":"https:\/\/euprevent.eu\/nl\/wp-json\/wp\/v2\/pages\/368","targetHints":{"allow":["GET"]}}],"collection":[{"href":"https:\/\/euprevent.eu\/nl\/wp-json\/wp\/v2\/pages"}],"about":[{"href":"https:\/\/euprevent.eu\/nl\/wp-json\/wp\/v2\/types\/page"}],"author":[{"embeddable":true,"href":"https:\/\/euprevent.eu\/nl\/wp-json\/wp\/v2\/users\/1"}],"replies":[{"embeddable":true,"href":"https:\/\/euprevent.eu\/nl\/wp-json\/wp\/v2\/comments?post=368"}],"version-history":[{"count":11,"href":"https:\/\/euprevent.eu\/nl\/wp-json\/wp\/v2\/pages\/368\/revisions"}],"predecessor-version":[{"id":946,"href":"https:\/\/euprevent.eu\/nl\/wp-json\/wp\/v2\/pages\/368\/revisions\/946"}],"up":[{"embeddable":true,"href":"https:\/\/euprevent.eu\/nl\/wp-json\/wp\/v2\/pages\/245"}],"wp:attachment":[{"href":"https:\/\/euprevent.eu\/nl\/wp-json\/wp\/v2\/media?parent=368"}],"curies":[{"name":"wp","href":"https:\/\/api.w.org\/{rel}","templated":true}]}}