


{"id":310,"date":"2017-01-10T12:05:51","date_gmt":"2017-01-10T12:05:51","guid":{"rendered":"http:\/\/euprevent.eu\/?page_id=310\/"},"modified":"2017-02-22T16:11:44","modified_gmt":"2017-02-22T16:11:44","slug":"zweites-krankenhaussiegel","status":"publish","type":"page","link":"https:\/\/euprevent.eu\/nl\/euprevent-qualitatssiegel\/zweites-krankenhaussiegel\/","title":{"rendered":"Zweites Krankenhaussiegel"},"content":{"rendered":"<section class=\"wpb-content-wrapper\"><p>[vc_row][vc_column][vc_column_text el_class=&#8221;alert alert-info&#8221;]<\/p>\n<p style=\"text-align: center;\">Deze informatie is alleen beschikbaar in het Duits. \/ The information below is only available in German. \/\u00a0Cette information est seulement disponible en allemand.<\/p>\n<p>[\/vc_column_text][\/vc_column][\/vc_row][vc_row css=&#8221;.vc_custom_1483999173497{margin-bottom: 0px !important;}&#8221;][vc_column][vc_column_text css=&#8221;.vc_custom_1484050006449{margin-bottom: 20px !important;}&#8221;]<\/p>\n<h2>Zweites\u00a0Krankenhaussiegel<\/h2>\n<p>[\/vc_column_text][\/vc_column][\/vc_row][vc_row][vc_column width=&#8221;5\/6&#8243;][vc_column_text]Das zweite euPrevent-Qualit\u00e4tssiegel f\u00fcr Krankenh\u00e4user hat sich zum Ziel gesetzt, die Aspekte des ersten Siegels zu verstetigen und vor dem Hintergrund der neuesten nationalen Empfehlungen und Richtlinien weiter auszubauen. Ziel ist es einerseits, bereits abgefragte Aspekte, wie Netzwerkarbeit, Surveillance-Ma\u00dfnahmen etc., fortzuf\u00fchren und auszubauen sowie andererseits aktuelle Str\u00f6mungen einflie\u00dfen zu lassen. Somit setzt dieses zweite Siegel die begonnene Arbeit fort und erweitert sie um die aktuellen Themen im Bereich der Infektionspr\u00e4vention.[\/vc_column_text][\/vc_column][vc_column width=&#8221;1\/6&#8243;][vc_single_image image=&#8221;280&#8243; img_size=&#8221;full&#8221;][\/vc_column][\/vc_row][vc_row][vc_column][vc_tta_tour][vc_tta_section title=&#8221;Auditoren&#8221; tab_id=&#8221;1484000065193-2cfa2d43-f902&#8243;][vc_column_text]<\/p>\n<h3>Auditoren<\/h3>\n<p>[\/vc_column_text][vc_row_inner][vc_column_inner width=&#8221;1\/2&#8243;][vc_btn title=&#8221;Auditorenschulung&#8221; color=&#8221;white&#8221; align=&#8221;left&#8221; i_icon_fontawesome=&#8221;fa fa-file-pdf-o&#8221; button_block=&#8221;true&#8221; add_icon=&#8221;true&#8221; link=&#8221;url:http%3A%2F%2Feuprevent.eu%2Fwp-content%2Fuploads%2F2017%2F01%2FAuditorenschulung-Zweites-Qualitatssiegel-Krankenhauser.pdf|||&#8221;][\/vc_column_inner][vc_column_inner width=&#8221;1\/2&#8243;][vc_btn title=&#8221;Checklist Auditoren&#8221; color=&#8221;white&#8221; align=&#8221;left&#8221; i_icon_fontawesome=&#8221;fa fa-file-pdf-o&#8221; button_block=&#8221;true&#8221; add_icon=&#8221;true&#8221; link=&#8221;url:http%3A%2F%2Feuprevent.eu%2Fwp-content%2Fuploads%2F2017%2F01%2FAuditoren-Checkliste-end.pdf|||&#8221;][\/vc_column_inner][\/vc_row_inner][\/vc_tta_section][vc_tta_section title=&#8221;Krankenh\u00e4user&#8221; tab_id=&#8221;1484050362879-8891abab-cf5d&#8221;][vc_column_text]<\/p>\n<h3>Teilnehmende Krankenh\u00e4user<\/h3>\n<p>[\/vc_column_text][vc_row_inner][vc_column_inner][vc_btn title=&#8221;Liste der teilnehmende Krankenh\u00e4user&#8221; color=&#8221;white&#8221; align=&#8221;left&#8221; i_icon_fontawesome=&#8221;fa fa-file-pdf-o&#8221; button_block=&#8221;true&#8221; add_icon=&#8221;true&#8221; link=&#8221;url:http%3A%2F%2Feuprevent.eu%2Fwp-content%2Fuploads%2F2017%2F01%2FListe-der-teilnehmenden-Krankenhauser.pdf|||&#8221;][\/vc_column_inner][\/vc_row_inner][\/vc_tta_section][vc_tta_section title=&#8221;Literatur&#8221; tab_id=&#8221;1484000602777-110ac1dc-84d7&#8243;][vc_column_text]<\/p>\n<h3>Literatur<\/h3>\n<p>[\/vc_column_text][vc_row_inner][vc_column_inner][vc_btn title=&#8221;Positionspapier Kitteltaschenflaschen&#8221; color=&#8221;white&#8221; align=&#8221;left&#8221; i_icon_fontawesome=&#8221;fa fa-file-pdf-o&#8221; button_block=&#8221;true&#8221; add_icon=&#8221;true&#8221; link=&#8221;url:http%3A%2F%2Feuprevent.eu%2Fwp-content%2Fuploads%2F2017%2F01%2FASH-Positionspapier-Kitteltaschenflaschen.pdf|||&#8221;][vc_btn title=&#8221;Merkblatt Clostridium difficile&#8221; color=&#8221;white&#8221; align=&#8221;left&#8221; i_icon_fontawesome=&#8221;fa fa-file-pdf-o&#8221; button_block=&#8221;true&#8221; add_icon=&#8221;true&#8221; link=&#8221;url:http%3A%2F%2Feuprevent.eu%2Fwp-content%2Fuploads%2F2017%2F01%2FNLGA-Merkblatt-Clostridium-difficile.pdf|||&#8221;][vc_btn title=&#8221;Merkblatt Norovirus-Infektionen&#8221; color=&#8221;white&#8221; align=&#8221;left&#8221; i_icon_fontawesome=&#8221;fa fa-file-pdf-o&#8221; button_block=&#8221;true&#8221; add_icon=&#8221;true&#8221; link=&#8221;url:http%3A%2F%2Feuprevent.eu%2Fwp-content%2Fuploads%2F2017%2F01%2FNLGA-Merkblatt-Norovirus-Infektionen.pdf|||&#8221;][vc_btn title=&#8221;Ausbruchsmanagement und strukturiertes Vorgehen&#8221; color=&#8221;white&#8221; align=&#8221;left&#8221; i_icon_fontawesome=&#8221;fa fa-file-pdf-o&#8221; button_block=&#8221;true&#8221; add_icon=&#8221;true&#8221; link=&#8221;url:http%3A%2F%2Feuprevent.eu%2Fwp-content%2Fuploads%2F2017%2F01%2FRKI-Ausbruchsmanagement-und-strukturiertes-Vorgehen.pdf|||&#8221;][vc_btn title=&#8221;Festlegung der Daten zu Art und Umfang des Antibiotika-Verbrauchs&#8221; color=&#8221;white&#8221; align=&#8221;left&#8221; i_icon_fontawesome=&#8221;fa fa-file-pdf-o&#8221; button_block=&#8221;true&#8221; add_icon=&#8221;true&#8221; link=&#8221;url:http%3A%2F%2Feuprevent.eu%2Fwp-content%2Fuploads%2F2017%2F01%2FRKI-Festlegung-der-Daten-zu-Art-und-Umfang-des-Antibiotika-Verbrauchs.pdf|||&#8221;][vc_btn title=&#8221;Hygienema\u00dfnahmen bei Infektionen oder Besiedlung mit MRGN&#8221; color=&#8221;white&#8221; align=&#8221;left&#8221; i_icon_fontawesome=&#8221;fa fa-file-pdf-o&#8221; button_block=&#8221;true&#8221; add_icon=&#8221;true&#8221; link=&#8221;url:http%3A%2F%2Feuprevent.eu%2Fwp-content%2Fuploads%2F2017%2F01%2FRKI-Hygienemassnahmen-bei-Infektionen-oder-Besiedlung-mit-MRGN.pdf|||&#8221;][vc_btn title=&#8221;Personelle und organisatorische Voraussetzungen&#8221; color=&#8221;white&#8221; align=&#8221;left&#8221; i_icon_fontawesome=&#8221;fa fa-file-pdf-o&#8221; button_block=&#8221;true&#8221; add_icon=&#8221;true&#8221; link=&#8221;url:http%3A%2F%2Feuprevent.eu%2Fwp-content%2Fuploads%2F2017%2F01%2FRKI-Personelle-und-organisatorische-Voraussetzungen.pdf|||&#8221;][vc_btn title=&#8221;Surveillance nosokomialer Infektionen&#8221; color=&#8221;white&#8221; align=&#8221;left&#8221; i_icon_fontawesome=&#8221;fa fa-file-pdf-o&#8221; button_block=&#8221;true&#8221; add_icon=&#8221;true&#8221; link=&#8221;url:http%3A%2F%2Feuprevent.eu%2Fwp-content%2Fuploads%2F2017%2F01%2FRKI-Surveillance-nosokomialer-Infektionen.pdf|||&#8221;][\/vc_column_inner][\/vc_row_inner][\/vc_tta_section][vc_tta_section title=&#8221;Informationsflyer&#8221; tab_id=&#8221;1484050886209-38c89531-fbd1&#8243;][vc_column_text]<\/p>\n<h3>euPrevent-Informationsflyer<\/h3>\n<p>[\/vc_column_text][vc_row_inner][vc_column_inner width=&#8221;1\/2&#8243;][vc_btn title=&#8221;Antibiotikatherapie Bu\u0308rger&#8221; color=&#8221;white&#8221; align=&#8221;left&#8221; i_icon_fontawesome=&#8221;fa fa-file-pdf-o&#8221; button_block=&#8221;true&#8221; add_icon=&#8221;true&#8221; link=&#8221;url:http%3A%2F%2Feuprevent.eu%2Fwp-content%2Fuploads%2F2017%2F01%2FAntibiotikatherapie-Burger.pdf|||&#8221;][vc_btn title=&#8221;Ha\u0308ndehygiene Personal&#8221; color=&#8221;white&#8221; align=&#8221;left&#8221; i_icon_fontawesome=&#8221;fa fa-file-pdf-o&#8221; button_block=&#8221;true&#8221; add_icon=&#8221;true&#8221; link=&#8221;url:http%3A%2F%2Feuprevent.eu%2Fwp-content%2Fuploads%2F2017%2F01%2FHandehygiene-Personal.pdf|||&#8221;][\/vc_column_inner][vc_column_inner width=&#8221;1\/2&#8243;][vc_btn title=&#8221;Ha\u0308ndehygiene Bu\u0308rger&#8221; color=&#8221;white&#8221; align=&#8221;left&#8221; i_icon_fontawesome=&#8221;fa fa-file-pdf-o&#8221; button_block=&#8221;true&#8221; add_icon=&#8221;true&#8221; link=&#8221;url:http%3A%2F%2Feuprevent.eu%2Fwp-content%2Fuploads%2F2017%2F01%2FHandehygiene-Burger.pdf|||&#8221;][vc_btn title=&#8221;MRSA_ESBL_VRE&#8221; color=&#8221;white&#8221; align=&#8221;left&#8221; i_icon_fontawesome=&#8221;fa fa-file-pdf-o&#8221; button_block=&#8221;true&#8221; add_icon=&#8221;true&#8221; link=&#8221;url:http%3A%2F%2Feuprevent.eu%2Fwp-content%2Fuploads%2F2017%2F01%2FMRSA_ESBL_VRE.pdf|||&#8221;][\/vc_column_inner][\/vc_row_inner][\/vc_tta_section][vc_tta_section title=&#8221;Siegel&#8221; tab_id=&#8221;1484000531381-e19ec8fe-b3dc&#8221;][vc_column_text]<\/p>\n<h3>Siegel<\/h3>\n<p>[\/vc_column_text][vc_row_inner][vc_column_inner][vc_btn title=&#8221;Zweite euPrevent-Qualit\u00e4tssiegel f\u00fcr Krankenh\u00e4user (unavailable)&#8221; color=&#8221;white&#8221; align=&#8221;left&#8221; i_icon_fontawesome=&#8221;fa fa-file-pdf-o&#8221; button_block=&#8221;true&#8221; add_icon=&#8221;true&#8221; link=&#8221;url:%23|||&#8221;][\/vc_column_inner][\/vc_row_inner][\/vc_tta_section][vc_tta_section title=&#8221;Anforderungen&#8221; tab_id=&#8221;1484394770646-afb5ea3c-38d3&#8243;][vc_column_text]<\/p>\n<h3>Anforderungen<\/h3>\n<p>[\/vc_column_text][vc_row_inner][vc_column_inner][vc_btn title=&#8221;Qualit\u00e4tsziele und Anforderungen Zweites euPrevent-Krankenhaussiegel&#8221; color=&#8221;white&#8221; align=&#8221;left&#8221; i_icon_fontawesome=&#8221;fa fa-file-pdf-o&#8221; button_block=&#8221;true&#8221; add_icon=&#8221;true&#8221; link=&#8221;url:http%3A%2F%2Feuprevent.eu%2Fwp-content%2Fuploads%2F2017%2F01%2FQualitatsziele-und-Anforderungen-Zweites-euPrevent-Krankenhaussiegel.pdf|||&#8221;][\/vc_column_inner][\/vc_row_inner][\/vc_tta_section][vc_tta_section title=&#8221;Siegelverleihung&#8221; tab_id=&#8221;1484000608824-71c7e040-63bd&#8221;][vc_column_text]<\/p>\n<h3>Siegelverleihung 30.06.2014<\/h3>\n<p>[\/vc_column_text][vc_row_inner][vc_column_inner][vc_btn title=&#8221;Einladung &amp; Programm&#8221; color=&#8221;white&#8221; align=&#8221;left&#8221; i_icon_fontawesome=&#8221;fa fa-file-pdf-o&#8221; button_block=&#8221;true&#8221; add_icon=&#8221;true&#8221; link=&#8221;url:http%3A%2F%2Feuprevent.eu%2Fwp-content%2Fuploads%2F2017%2F01%2Feinladung.pdf|||&#8221;][vc_btn title=&#8221;Offizielle Pressemitteilung&#8221; color=&#8221;white&#8221; align=&#8221;left&#8221; i_icon_fontawesome=&#8221;fa fa-file-pdf-o&#8221; button_block=&#8221;true&#8221; add_icon=&#8221;true&#8221; link=&#8221;url:http%3A%2F%2Feuprevent.eu%2Fwp-content%2Fuploads%2F2017%2F01%2Fpressemitteilung.pdf|||&#8221;][vc_column_text]<\/p>\n<h4>Vortr\u00e4ge<\/h4>\n<p>[\/vc_column_text][vc_btn title=&#8221;Herzlich Willkommen &#8211; Herr Dr. med. K.-H. Feldhoff&#8221; color=&#8221;white&#8221; align=&#8221;left&#8221; i_icon_fontawesome=&#8221;fa fa-file-pdf-o&#8221; button_block=&#8221;true&#8221; add_icon=&#8221;true&#8221; link=&#8221;url:http%3A%2F%2Feuprevent.eu%2Fwp-content%2Fuploads%2F2017%2F01%2Fvortrag-feldhoff.pdf|||&#8221;][vc_btn title=&#8221;Aus-, Weiter- und Fortbildung im Gesundheitsbereich mit ILIAS &#8211; Christoph Ellers, Sachgebietsleiter des Ressorts Fortbildung der \u00c4KWL&#8221; color=&#8221;white&#8221; align=&#8221;left&#8221; i_icon_fontawesome=&#8221;fa fa-file-pdf-o&#8221; button_block=&#8221;true&#8221; add_icon=&#8221;true&#8221; link=&#8221;url:http%3A%2F%2Feuprevent.eu%2Fwp-content%2Fuploads%2F2017%2F01%2Fvortrag-christoph-ellers.pdf|||&#8221;][vc_btn title=&#8221;euPrevent-Projektlinie Infektionskrankheiten &#8211; Corinna Bank, Rebecca Zumborn, Studentin Health Care Management, HSNR Krefeld&#8221; color=&#8221;white&#8221; align=&#8221;left&#8221; i_icon_fontawesome=&#8221;fa fa-file-pdf-o&#8221; button_block=&#8221;true&#8221; add_icon=&#8221;true&#8221; link=&#8221;url:http%3A%2F%2Feuprevent.eu%2Fwp-content%2Fuploads%2F2017%2F01%2Fvortrag-corinna-bank.pdf|||&#8221;][vc_column_text]<\/p>\n<h4>Fotos<\/h4>\n<p>[\/vc_column_text][vc_gallery type=&#8221;image_grid&#8221; images=&#8221;451,452,453,454,455,456,457,458,459,460,461,462,463,464,465,466,467,468,469,470,471,472,473,474,475&#8243; css=&#8221;.vc_custom_1484395512456{background-color: #ffffff !important;}&#8221;][\/vc_column_inner][\/vc_row_inner][\/vc_tta_section][\/vc_tta_tour][\/vc_column][\/vc_row]<\/p>\n<\/section>","protected":false},"excerpt":{"rendered":"<p>[vc_row][vc_column][vc_column_text el_class=&#8221;alert alert-info&#8221;] Deze informatie is alleen beschikbaar in het Duits. \/ The information below is only available in German. \/\u00a0Cette information est seulement disponible en allemand. [\/vc_column_text][\/vc_column][\/vc_row][vc_row css=&#8221;.vc_custom_1483999173497{margin-bottom: 0px !important;}&#8221;][vc_column][vc_column_text css=&#8221;.vc_custom_1484050006449{margin-bottom: 20px !important;}&#8221;] Zweites\u00a0Krankenhaussiegel [\/vc_column_text][\/vc_column][\/vc_row][vc_row][vc_column width=&#8221;5\/6&#8243;][vc_column_text]Das zweite euPrevent-Qualit\u00e4tssiegel f\u00fcr Krankenh\u00e4user hat sich zum Ziel gesetzt, die Aspekte des ersten Siegels zu verstetigen und vor [&hellip;]<\/p>\n","protected":false},"author":1,"featured_media":0,"parent":245,"menu_order":0,"comment_status":"closed","ping_status":"closed","template":"","meta":{"_acf_changed":false,"footnotes":""},"class_list":["post-310","page","type-page","status-publish","hentry","programmes-infectious-diseases"],"acf":[],"yoast_head":"<!-- This site is optimized with the Yoast SEO plugin v26.8 - https:\/\/yoast.com\/product\/yoast-seo-wordpress\/ -->\n<title>Zweites Krankenhaussiegel - euPrevent<\/title>\n<meta name=\"robots\" content=\"index, follow, max-snippet:-1, max-image-preview:large, max-video-preview:-1\" \/>\n<link rel=\"canonical\" href=\"https:\/\/euprevent.eu\/nl\/euprevent-qualitatssiegel\/zweites-krankenhaussiegel\/\" \/>\n<meta property=\"og:locale\" content=\"nl_NL\" \/>\n<meta property=\"og:type\" content=\"article\" \/>\n<meta property=\"og:title\" content=\"Zweites Krankenhaussiegel - euPrevent\" \/>\n<meta property=\"og:description\" content=\"[vc_row][vc_column][vc_column_text el_class=&#8221;alert alert-info&#8221;] Deze informatie is alleen beschikbaar in het Duits. \/ The information below is only available in German. \/\u00a0Cette information est seulement disponible en allemand. [\/vc_column_text][\/vc_column][\/vc_row][vc_row css=&#8221;.vc_custom_1483999173497{margin-bottom: 0px !important;}&#8221;][vc_column][vc_column_text css=&#8221;.vc_custom_1484050006449{margin-bottom: 20px !important;}&#8221;] Zweites\u00a0Krankenhaussiegel [\/vc_column_text][\/vc_column][\/vc_row][vc_row][vc_column width=&#8221;5\/6&#8243;][vc_column_text]Das zweite euPrevent-Qualit\u00e4tssiegel f\u00fcr Krankenh\u00e4user hat sich zum Ziel gesetzt, die Aspekte des ersten Siegels zu verstetigen und vor [&hellip;]\" \/>\n<meta property=\"og:url\" content=\"https:\/\/euprevent.eu\/nl\/euprevent-qualitatssiegel\/zweites-krankenhaussiegel\/\" \/>\n<meta property=\"og:site_name\" content=\"euPrevent\" \/>\n<meta property=\"article:modified_time\" content=\"2017-02-22T16:11:44+00:00\" \/>\n<meta name=\"twitter:card\" content=\"summary_large_image\" \/>\n<meta name=\"twitter:label1\" content=\"Geschatte leestijd\" \/>\n\t<meta name=\"twitter:data1\" content=\"6 minuten\" \/>\n<script type=\"application\/ld+json\" class=\"yoast-schema-graph\">{\"@context\":\"https:\/\/schema.org\",\"@graph\":[{\"@type\":\"WebPage\",\"@id\":\"https:\/\/euprevent.eu\/nl\/euprevent-qualitatssiegel\/zweites-krankenhaussiegel\/\",\"url\":\"https:\/\/euprevent.eu\/nl\/euprevent-qualitatssiegel\/zweites-krankenhaussiegel\/\",\"name\":\"Zweites Krankenhaussiegel - euPrevent\",\"isPartOf\":{\"@id\":\"https:\/\/euprevent.eu\/nl\/#website\"},\"datePublished\":\"2017-01-10T12:05:51+00:00\",\"dateModified\":\"2017-02-22T16:11:44+00:00\",\"breadcrumb\":{\"@id\":\"https:\/\/euprevent.eu\/nl\/euprevent-qualitatssiegel\/zweites-krankenhaussiegel\/#breadcrumb\"},\"inLanguage\":\"nl-NL\",\"potentialAction\":[{\"@type\":\"ReadAction\",\"target\":[\"https:\/\/euprevent.eu\/nl\/euprevent-qualitatssiegel\/zweites-krankenhaussiegel\/\"]}]},{\"@type\":\"BreadcrumbList\",\"@id\":\"https:\/\/euprevent.eu\/nl\/euprevent-qualitatssiegel\/zweites-krankenhaussiegel\/#breadcrumb\",\"itemListElement\":[{\"@type\":\"ListItem\",\"position\":1,\"name\":\"Home\",\"item\":\"https:\/\/euprevent.eu\/nl\/\"},{\"@type\":\"ListItem\",\"position\":2,\"name\":\"euPrevent Qualit\u00e4tssiegel\",\"item\":\"https:\/\/euprevent.eu\/nl\/euprevent-qualitatssiegel\/\"},{\"@type\":\"ListItem\",\"position\":3,\"name\":\"Zweites Krankenhaussiegel\"}]},{\"@type\":\"WebSite\",\"@id\":\"https:\/\/euprevent.eu\/nl\/#website\",\"url\":\"https:\/\/euprevent.eu\/nl\/\",\"name\":\"euPrevent\",\"description\":\"euPrevent is a Euroregional network that focuses on promoting health. Within this network, sustainable partnerships seek to increase the quality of life of residents in the border region between the Netherlands, Belgium and Germany.\",\"potentialAction\":[{\"@type\":\"SearchAction\",\"target\":{\"@type\":\"EntryPoint\",\"urlTemplate\":\"https:\/\/euprevent.eu\/nl\/?s={search_term_string}\"},\"query-input\":{\"@type\":\"PropertyValueSpecification\",\"valueRequired\":true,\"valueName\":\"search_term_string\"}}],\"inLanguage\":\"nl-NL\"}]}<\/script>\n<!-- \/ Yoast SEO plugin. -->","yoast_head_json":{"title":"Zweites Krankenhaussiegel - euPrevent","robots":{"index":"index","follow":"follow","max-snippet":"max-snippet:-1","max-image-preview":"max-image-preview:large","max-video-preview":"max-video-preview:-1"},"canonical":"https:\/\/euprevent.eu\/nl\/euprevent-qualitatssiegel\/zweites-krankenhaussiegel\/","og_locale":"nl_NL","og_type":"article","og_title":"Zweites Krankenhaussiegel - euPrevent","og_description":"[vc_row][vc_column][vc_column_text el_class=&#8221;alert alert-info&#8221;] Deze informatie is alleen beschikbaar in het Duits. \/ The information below is only available in German. \/\u00a0Cette information est seulement disponible en allemand. [\/vc_column_text][\/vc_column][\/vc_row][vc_row css=&#8221;.vc_custom_1483999173497{margin-bottom: 0px !important;}&#8221;][vc_column][vc_column_text css=&#8221;.vc_custom_1484050006449{margin-bottom: 20px !important;}&#8221;] Zweites\u00a0Krankenhaussiegel [\/vc_column_text][\/vc_column][\/vc_row][vc_row][vc_column width=&#8221;5\/6&#8243;][vc_column_text]Das zweite euPrevent-Qualit\u00e4tssiegel f\u00fcr Krankenh\u00e4user hat sich zum Ziel gesetzt, die Aspekte des ersten Siegels zu verstetigen und vor [&hellip;]","og_url":"https:\/\/euprevent.eu\/nl\/euprevent-qualitatssiegel\/zweites-krankenhaussiegel\/","og_site_name":"euPrevent","article_modified_time":"2017-02-22T16:11:44+00:00","twitter_card":"summary_large_image","twitter_misc":{"Geschatte leestijd":"6 minuten"},"schema":{"@context":"https:\/\/schema.org","@graph":[{"@type":"WebPage","@id":"https:\/\/euprevent.eu\/nl\/euprevent-qualitatssiegel\/zweites-krankenhaussiegel\/","url":"https:\/\/euprevent.eu\/nl\/euprevent-qualitatssiegel\/zweites-krankenhaussiegel\/","name":"Zweites Krankenhaussiegel - euPrevent","isPartOf":{"@id":"https:\/\/euprevent.eu\/nl\/#website"},"datePublished":"2017-01-10T12:05:51+00:00","dateModified":"2017-02-22T16:11:44+00:00","breadcrumb":{"@id":"https:\/\/euprevent.eu\/nl\/euprevent-qualitatssiegel\/zweites-krankenhaussiegel\/#breadcrumb"},"inLanguage":"nl-NL","potentialAction":[{"@type":"ReadAction","target":["https:\/\/euprevent.eu\/nl\/euprevent-qualitatssiegel\/zweites-krankenhaussiegel\/"]}]},{"@type":"BreadcrumbList","@id":"https:\/\/euprevent.eu\/nl\/euprevent-qualitatssiegel\/zweites-krankenhaussiegel\/#breadcrumb","itemListElement":[{"@type":"ListItem","position":1,"name":"Home","item":"https:\/\/euprevent.eu\/nl\/"},{"@type":"ListItem","position":2,"name":"euPrevent Qualit\u00e4tssiegel","item":"https:\/\/euprevent.eu\/nl\/euprevent-qualitatssiegel\/"},{"@type":"ListItem","position":3,"name":"Zweites Krankenhaussiegel"}]},{"@type":"WebSite","@id":"https:\/\/euprevent.eu\/nl\/#website","url":"https:\/\/euprevent.eu\/nl\/","name":"euPrevent","description":"euPrevent is a Euroregional network that focuses on promoting health. Within this network, sustainable partnerships seek to increase the quality of life of residents in the border region between the Netherlands, Belgium and Germany.","potentialAction":[{"@type":"SearchAction","target":{"@type":"EntryPoint","urlTemplate":"https:\/\/euprevent.eu\/nl\/?s={search_term_string}"},"query-input":{"@type":"PropertyValueSpecification","valueRequired":true,"valueName":"search_term_string"}}],"inLanguage":"nl-NL"}]}},"_links":{"self":[{"href":"https:\/\/euprevent.eu\/nl\/wp-json\/wp\/v2\/pages\/310","targetHints":{"allow":["GET"]}}],"collection":[{"href":"https:\/\/euprevent.eu\/nl\/wp-json\/wp\/v2\/pages"}],"about":[{"href":"https:\/\/euprevent.eu\/nl\/wp-json\/wp\/v2\/types\/page"}],"author":[{"embeddable":true,"href":"https:\/\/euprevent.eu\/nl\/wp-json\/wp\/v2\/users\/1"}],"replies":[{"embeddable":true,"href":"https:\/\/euprevent.eu\/nl\/wp-json\/wp\/v2\/comments?post=310"}],"version-history":[{"count":20,"href":"https:\/\/euprevent.eu\/nl\/wp-json\/wp\/v2\/pages\/310\/revisions"}],"predecessor-version":[{"id":315,"href":"https:\/\/euprevent.eu\/nl\/wp-json\/wp\/v2\/pages\/310\/revisions\/315"}],"up":[{"embeddable":true,"href":"https:\/\/euprevent.eu\/nl\/wp-json\/wp\/v2\/pages\/245"}],"wp:attachment":[{"href":"https:\/\/euprevent.eu\/nl\/wp-json\/wp\/v2\/media?parent=310"}],"curies":[{"name":"wp","href":"https:\/\/api.w.org\/{rel}","templated":true}]}}