


{"id":275,"date":"2017-01-09T22:08:03","date_gmt":"2017-01-09T22:08:03","guid":{"rendered":"http:\/\/euprevent.eu\/?page_id=275\/"},"modified":"2017-02-22T16:11:31","modified_gmt":"2017-02-22T16:11:31","slug":"erstes-krankenhaussiegel","status":"publish","type":"page","link":"https:\/\/euprevent.eu\/nl\/euprevent-qualitatssiegel\/erstes-krankenhaussiegel\/","title":{"rendered":"Erstes Krankenhaussiegel"},"content":{"rendered":"<section class=\"wpb-content-wrapper\"><p>[vc_row][vc_column][vc_column_text el_class=&#8221;alert alert-info&#8221;]<\/p>\n<p style=\"text-align: center;\">Deze informatie is alleen beschikbaar in het Duits. \/ The information below is only available in German. \/\u00a0Cette information est seulement disponible en allemand.<\/p>\n<p>[\/vc_column_text][\/vc_column][\/vc_row][vc_row css=&#8221;.vc_custom_1483999173497{margin-bottom: 0px !important;}&#8221;][vc_column][vc_column_text css=&#8221;.vc_custom_1483999819209{margin-bottom: 20px !important;}&#8221;]<\/p>\n<h2>Erstes Krankenhaussiegel<\/h2>\n<p>[\/vc_column_text][\/vc_column][\/vc_row][vc_row][vc_column width=&#8221;5\/6&#8243;][vc_column_text]Das erste euPrevent-Qualit\u00e4tssiegel f\u00fcr Krankenh\u00e4user stellte den Startpunkt f\u00fcr alle weiteren Siegel dar. Schwerpunktm\u00e4\u00dfig besch\u00e4ftigt es sich mit Aspekten des Netzwerkaufbaus, der Surveillance, des Pr\u00e4valenz-Screenings und der Umsetzung nationaler Hygieneempfehlungen.[\/vc_column_text][\/vc_column][vc_column width=&#8221;1\/6&#8243;][vc_single_image image=&#8221;280&#8243; img_size=&#8221;full&#8221;][\/vc_column][\/vc_row][vc_row][vc_column][vc_tta_tour][vc_tta_section title=&#8221;Auditoren&#8221; tab_id=&#8221;1484000065193-2cfa2d43-f902&#8243;][vc_column_text]<\/p>\n<h3>Auditoren<\/h3>\n<p>[\/vc_column_text][vc_row_inner][vc_column_inner width=&#8221;1\/2&#8243;][vc_btn title=&#8221;Auditorenschulung&#8221; color=&#8221;white&#8221; align=&#8221;left&#8221; i_icon_fontawesome=&#8221;fa fa-file-pdf-o&#8221; button_block=&#8221;true&#8221; add_icon=&#8221;true&#8221; link=&#8221;url:http%3A%2F%2Feuprevent.eu%2Fwp-content%2Fuploads%2F2017%2F01%2FAuditorenschulung-Erstes-euPrevent-Krankenhaussiegel.pdf|||&#8221;][vc_btn title=&#8221;Checklist Auditoren&#8221; color=&#8221;white&#8221; align=&#8221;left&#8221; i_icon_fontawesome=&#8221;fa fa-file-pdf-o&#8221; button_block=&#8221;true&#8221; add_icon=&#8221;true&#8221; link=&#8221;url:http%3A%2F%2Feuprevent.eu%2Fwp-content%2Fuploads%2F2017%2F01%2FCheckliste-Auditoren-Erstes-euPrevent-Krankenhaussiegel.pdf|||&#8221;][\/vc_column_inner][vc_column_inner width=&#8221;1\/2&#8243;][vc_btn title=&#8221;Deckblatt Auditorenhandbuch&#8221; color=&#8221;white&#8221; align=&#8221;left&#8221; i_icon_fontawesome=&#8221;fa fa-file-pdf-o&#8221; button_block=&#8221;true&#8221; add_icon=&#8221;true&#8221; link=&#8221;url:http%3A%2F%2Feuprevent.eu%2Fwp-content%2Fuploads%2F2017%2F01%2FDeckblatt-Auditorenhandbuch-Erstes-euPrevent-Krankenhaussiegel.pdf|||&#8221;][vc_btn title=&#8221;Punkteverteilung&#8221; color=&#8221;white&#8221; align=&#8221;left&#8221; i_icon_fontawesome=&#8221;fa fa-file-pdf-o&#8221; button_block=&#8221;true&#8221; add_icon=&#8221;true&#8221; link=&#8221;url:http%3A%2F%2Feuprevent.eu%2Fwp-content%2Fuploads%2F2017%2F01%2FPunkteverteilung-Erstes-euPrevent-Krankenhaussiegel.pdf|||&#8221;][\/vc_column_inner][\/vc_row_inner][\/vc_tta_section][vc_tta_section title=&#8221;Literatur&#8221; tab_id=&#8221;1484000602777-110ac1dc-84d7&#8243;][vc_column_text]<\/p>\n<h3>Literatur<\/h3>\n<p>[\/vc_column_text][vc_row_inner][vc_column_inner][vc_btn title=&#8221;Mitteilung der Kommission fu\u0308r Krankenhaushygiene und Infektionspr\u00e4vention&#8221; color=&#8221;white&#8221; align=&#8221;left&#8221; i_icon_fontawesome=&#8221;fa fa-file-pdf-o&#8221; button_block=&#8221;true&#8221; add_icon=&#8221;true&#8221; link=&#8221;url:http%3A%2F%2Feuprevent.eu%2Fwp-content%2Fuploads%2F2017%2F01%2FRKI-Handehygiene.pdf|||&#8221;][vc_btn title=&#8221;Mitteilung der KRINKO zur Surveillance von nosokomialen Infektionen&#8221; color=&#8221;white&#8221; align=&#8221;left&#8221; i_icon_fontawesome=&#8221;fa fa-file-pdf-o&#8221; button_block=&#8221;true&#8221; add_icon=&#8221;true&#8221; link=&#8221;url:http%3A%2F%2Feuprevent.eu%2Fwp-content%2Fuploads%2F2017%2F01%2FRKI-Mitteilung-der-KRINKO-zur-Surveillance-von-nosokomialen-Infektionen.pdf|||&#8221;][vc_btn title=&#8221;Empfehlung zur Pr\u00e4vention und Kontrolle von MRSA in Krankenh\u00e4usern&#8221; color=&#8221;white&#8221; align=&#8221;left&#8221; i_icon_fontawesome=&#8221;fa fa-file-pdf-o&#8221; button_block=&#8221;true&#8221; add_icon=&#8221;true&#8221; link=&#8221;url:http%3A%2F%2Feuprevent.eu%2Fwp-content%2Fuploads%2F2017%2F01%2FRKI-Empfehlung-zur-Prasention-und-Kontrolle-von-MRSA-in-Krankenhausern.pdf|||&#8221;][vc_btn title=&#8221;Kommentar zu den &#8216;Empfehlungen zur Pr\u00e4vention und Kontrolle von MRSA-St\u00e4mmen in Krankenh\u00e4usern'&#8221; color=&#8221;white&#8221; align=&#8221;left&#8221; i_icon_fontawesome=&#8221;fa fa-file-pdf-o&#8221; button_block=&#8221;true&#8221; add_icon=&#8221;true&#8221; link=&#8221;url:http%3A%2F%2Feuprevent.eu%2Fwp-content%2Fuploads%2F2017%2F01%2FRKI-Kommentar-zu-den-Empfehlungen-zur-Pravention-und-Kontrolle-von-MRSA-Stammen-in-Krankenhausern.pdf|||&#8221;][vc_btn title=&#8221;Personelle und organisatorische Voraussetzungen zur Pr\u00e4vention nosokomialer Infektionen&#8221; color=&#8221;white&#8221; align=&#8221;left&#8221; i_icon_fontawesome=&#8221;fa fa-file-pdf-o&#8221; button_block=&#8221;true&#8221; add_icon=&#8221;true&#8221; link=&#8221;url:http%3A%2F%2Feuprevent.eu%2Fwp-content%2Fuploads%2F2017%2F01%2FRKI-Personelle-und-organisatorische-Voraussetzungen-zur-Pravention-nosokomiler-Infektionen.pdf|||&#8221;][\/vc_column_inner][\/vc_row_inner][\/vc_tta_section][vc_tta_section title=&#8221;Siegel&#8221; tab_id=&#8221;1484000531381-e19ec8fe-b3dc&#8221;][vc_column_text]<\/p>\n<h2>Siegel<\/h2>\n<p>[\/vc_column_text][vc_row_inner][vc_column_inner][vc_btn title=&#8221;Erstes euPrevent-Qualit\u00e4tssiegel f\u00fcr Krankenh\u00e4user&#8221; color=&#8221;white&#8221; align=&#8221;left&#8221; i_icon_fontawesome=&#8221;fa fa-file-pdf-o&#8221; button_block=&#8221;true&#8221; add_icon=&#8221;true&#8221; link=&#8221;url:http%3A%2F%2Feuprevent.eu%2Fwp-content%2Fuploads%2F2017%2F01%2FZertifikatend14022012.pdf|||&#8221;][\/vc_column_inner][\/vc_row_inner][\/vc_tta_section][vc_tta_section title=&#8221;Anforderungen&#8221; tab_id=&#8221;1484000608824-71c7e040-63bd&#8221;][vc_column_text]<\/p>\n<h2>Anforderungen<\/h2>\n<p>[\/vc_column_text][vc_row_inner][vc_column_inner][vc_btn title=&#8221;Qualit\u00e4tsziele Kurzbeschreibung Erstes euPrevent-Krankenhaussiegel&#8221; color=&#8221;white&#8221; align=&#8221;left&#8221; i_icon_fontawesome=&#8221;fa fa-file-pdf-o&#8221; button_block=&#8221;true&#8221; add_icon=&#8221;true&#8221; link=&#8221;url:http%3A%2F%2Feuprevent.eu%2Fwp-content%2Fuploads%2F2017%2F01%2FQualitatsziele-Kurzbeschreibung-Erstes-euPrevent-Krankenhaussiegel.pdf|||&#8221;][vc_btn title=&#8221;Qualit\u00e4tsziele und Anforderungen Erstes euPrevent-Krankenhaussiegel&#8221; color=&#8221;white&#8221; align=&#8221;left&#8221; i_icon_fontawesome=&#8221;fa fa-file-pdf-o&#8221; button_block=&#8221;true&#8221; add_icon=&#8221;true&#8221; link=&#8221;url:http%3A%2F%2Feuprevent.eu%2Fwp-content%2Fuploads%2F2017%2F01%2FQualitatsziele-und-Anforderungen-Erstes-euPrevent-Krankenhaussiegel.pdf|||&#8221;][\/vc_column_inner][\/vc_row_inner][\/vc_tta_section][\/vc_tta_tour][\/vc_column][\/vc_row]<\/p>\n<\/section>","protected":false},"excerpt":{"rendered":"<p>[vc_row][vc_column][vc_column_text el_class=&#8221;alert alert-info&#8221;] Deze informatie is alleen beschikbaar in het Duits. \/ The information below is only available in German. \/\u00a0Cette information est seulement disponible en allemand. [\/vc_column_text][\/vc_column][\/vc_row][vc_row css=&#8221;.vc_custom_1483999173497{margin-bottom: 0px !important;}&#8221;][vc_column][vc_column_text css=&#8221;.vc_custom_1483999819209{margin-bottom: 20px !important;}&#8221;] Erstes Krankenhaussiegel [\/vc_column_text][\/vc_column][\/vc_row][vc_row][vc_column width=&#8221;5\/6&#8243;][vc_column_text]Das erste euPrevent-Qualit\u00e4tssiegel f\u00fcr Krankenh\u00e4user stellte den Startpunkt f\u00fcr alle weiteren Siegel dar. Schwerpunktm\u00e4\u00dfig besch\u00e4ftigt es sich mit [&hellip;]<\/p>\n","protected":false},"author":1,"featured_media":0,"parent":245,"menu_order":0,"comment_status":"closed","ping_status":"closed","template":"","meta":{"_acf_changed":false,"footnotes":""},"class_list":["post-275","page","type-page","status-publish","hentry","programmes-infectious-diseases"],"acf":[],"yoast_head":"<!-- This site is optimized with the Yoast SEO plugin v27.5 - https:\/\/yoast.com\/product\/yoast-seo-wordpress\/ -->\n<title>Erstes Krankenhaussiegel - euPrevent<\/title>\n<meta name=\"robots\" content=\"index, follow, max-snippet:-1, max-image-preview:large, max-video-preview:-1\" \/>\n<link rel=\"canonical\" href=\"https:\/\/euprevent.eu\/nl\/euprevent-qualitatssiegel\/erstes-krankenhaussiegel\/\" \/>\n<meta property=\"og:locale\" content=\"nl_NL\" \/>\n<meta property=\"og:type\" content=\"article\" \/>\n<meta property=\"og:title\" content=\"Erstes Krankenhaussiegel - euPrevent\" \/>\n<meta property=\"og:description\" content=\"[vc_row][vc_column][vc_column_text el_class=&#8221;alert alert-info&#8221;] Deze informatie is alleen beschikbaar in het Duits. \/ The information below is only available in German. \/\u00a0Cette information est seulement disponible en allemand. [\/vc_column_text][\/vc_column][\/vc_row][vc_row css=&#8221;.vc_custom_1483999173497{margin-bottom: 0px !important;}&#8221;][vc_column][vc_column_text css=&#8221;.vc_custom_1483999819209{margin-bottom: 20px !important;}&#8221;] Erstes Krankenhaussiegel [\/vc_column_text][\/vc_column][\/vc_row][vc_row][vc_column width=&#8221;5\/6&#8243;][vc_column_text]Das erste euPrevent-Qualit\u00e4tssiegel f\u00fcr Krankenh\u00e4user stellte den Startpunkt f\u00fcr alle weiteren Siegel dar. Schwerpunktm\u00e4\u00dfig besch\u00e4ftigt es sich mit [&hellip;]\" \/>\n<meta property=\"og:url\" content=\"https:\/\/euprevent.eu\/nl\/euprevent-qualitatssiegel\/erstes-krankenhaussiegel\/\" \/>\n<meta property=\"og:site_name\" content=\"euPrevent\" \/>\n<meta property=\"article:modified_time\" content=\"2017-02-22T16:11:31+00:00\" \/>\n<meta name=\"twitter:card\" content=\"summary_large_image\" \/>\n<meta name=\"twitter:label1\" content=\"Geschatte leestijd\" \/>\n\t<meta name=\"twitter:data1\" content=\"4 minuten\" \/>\n<script type=\"application\/ld+json\" class=\"yoast-schema-graph\">{\"@context\":\"https:\\\/\\\/schema.org\",\"@graph\":[{\"@type\":\"WebPage\",\"@id\":\"https:\\\/\\\/euprevent.eu\\\/nl\\\/euprevent-qualitatssiegel\\\/erstes-krankenhaussiegel\\\/\",\"url\":\"https:\\\/\\\/euprevent.eu\\\/nl\\\/euprevent-qualitatssiegel\\\/erstes-krankenhaussiegel\\\/\",\"name\":\"Erstes Krankenhaussiegel - euPrevent\",\"isPartOf\":{\"@id\":\"https:\\\/\\\/euprevent.eu\\\/nl\\\/#website\"},\"datePublished\":\"2017-01-09T22:08:03+00:00\",\"dateModified\":\"2017-02-22T16:11:31+00:00\",\"breadcrumb\":{\"@id\":\"https:\\\/\\\/euprevent.eu\\\/nl\\\/euprevent-qualitatssiegel\\\/erstes-krankenhaussiegel\\\/#breadcrumb\"},\"inLanguage\":\"nl-NL\",\"potentialAction\":[{\"@type\":\"ReadAction\",\"target\":[\"https:\\\/\\\/euprevent.eu\\\/nl\\\/euprevent-qualitatssiegel\\\/erstes-krankenhaussiegel\\\/\"]}]},{\"@type\":\"BreadcrumbList\",\"@id\":\"https:\\\/\\\/euprevent.eu\\\/nl\\\/euprevent-qualitatssiegel\\\/erstes-krankenhaussiegel\\\/#breadcrumb\",\"itemListElement\":[{\"@type\":\"ListItem\",\"position\":1,\"name\":\"Home\",\"item\":\"https:\\\/\\\/euprevent.eu\\\/nl\\\/\"},{\"@type\":\"ListItem\",\"position\":2,\"name\":\"euPrevent Qualit\u00e4tssiegel\",\"item\":\"https:\\\/\\\/euprevent.eu\\\/nl\\\/euprevent-qualitatssiegel\\\/\"},{\"@type\":\"ListItem\",\"position\":3,\"name\":\"Erstes Krankenhaussiegel\"}]},{\"@type\":\"WebSite\",\"@id\":\"https:\\\/\\\/euprevent.eu\\\/nl\\\/#website\",\"url\":\"https:\\\/\\\/euprevent.eu\\\/nl\\\/\",\"name\":\"euPrevent\",\"description\":\"euPrevent is a Euroregional network that focuses on promoting health. Within this network, sustainable partnerships seek to increase the quality of life of residents in the border region between the Netherlands, Belgium and Germany.\",\"potentialAction\":[{\"@type\":\"SearchAction\",\"target\":{\"@type\":\"EntryPoint\",\"urlTemplate\":\"https:\\\/\\\/euprevent.eu\\\/nl\\\/?s={search_term_string}\"},\"query-input\":{\"@type\":\"PropertyValueSpecification\",\"valueRequired\":true,\"valueName\":\"search_term_string\"}}],\"inLanguage\":\"nl-NL\"}]}<\/script>\n<!-- \/ Yoast SEO plugin. -->","yoast_head_json":{"title":"Erstes Krankenhaussiegel - euPrevent","robots":{"index":"index","follow":"follow","max-snippet":"max-snippet:-1","max-image-preview":"max-image-preview:large","max-video-preview":"max-video-preview:-1"},"canonical":"https:\/\/euprevent.eu\/nl\/euprevent-qualitatssiegel\/erstes-krankenhaussiegel\/","og_locale":"nl_NL","og_type":"article","og_title":"Erstes Krankenhaussiegel - euPrevent","og_description":"[vc_row][vc_column][vc_column_text el_class=&#8221;alert alert-info&#8221;] Deze informatie is alleen beschikbaar in het Duits. \/ The information below is only available in German. \/\u00a0Cette information est seulement disponible en allemand. [\/vc_column_text][\/vc_column][\/vc_row][vc_row css=&#8221;.vc_custom_1483999173497{margin-bottom: 0px !important;}&#8221;][vc_column][vc_column_text css=&#8221;.vc_custom_1483999819209{margin-bottom: 20px !important;}&#8221;] Erstes Krankenhaussiegel [\/vc_column_text][\/vc_column][\/vc_row][vc_row][vc_column width=&#8221;5\/6&#8243;][vc_column_text]Das erste euPrevent-Qualit\u00e4tssiegel f\u00fcr Krankenh\u00e4user stellte den Startpunkt f\u00fcr alle weiteren Siegel dar. Schwerpunktm\u00e4\u00dfig besch\u00e4ftigt es sich mit [&hellip;]","og_url":"https:\/\/euprevent.eu\/nl\/euprevent-qualitatssiegel\/erstes-krankenhaussiegel\/","og_site_name":"euPrevent","article_modified_time":"2017-02-22T16:11:31+00:00","twitter_card":"summary_large_image","twitter_misc":{"Geschatte leestijd":"4 minuten"},"schema":{"@context":"https:\/\/schema.org","@graph":[{"@type":"WebPage","@id":"https:\/\/euprevent.eu\/nl\/euprevent-qualitatssiegel\/erstes-krankenhaussiegel\/","url":"https:\/\/euprevent.eu\/nl\/euprevent-qualitatssiegel\/erstes-krankenhaussiegel\/","name":"Erstes Krankenhaussiegel - euPrevent","isPartOf":{"@id":"https:\/\/euprevent.eu\/nl\/#website"},"datePublished":"2017-01-09T22:08:03+00:00","dateModified":"2017-02-22T16:11:31+00:00","breadcrumb":{"@id":"https:\/\/euprevent.eu\/nl\/euprevent-qualitatssiegel\/erstes-krankenhaussiegel\/#breadcrumb"},"inLanguage":"nl-NL","potentialAction":[{"@type":"ReadAction","target":["https:\/\/euprevent.eu\/nl\/euprevent-qualitatssiegel\/erstes-krankenhaussiegel\/"]}]},{"@type":"BreadcrumbList","@id":"https:\/\/euprevent.eu\/nl\/euprevent-qualitatssiegel\/erstes-krankenhaussiegel\/#breadcrumb","itemListElement":[{"@type":"ListItem","position":1,"name":"Home","item":"https:\/\/euprevent.eu\/nl\/"},{"@type":"ListItem","position":2,"name":"euPrevent Qualit\u00e4tssiegel","item":"https:\/\/euprevent.eu\/nl\/euprevent-qualitatssiegel\/"},{"@type":"ListItem","position":3,"name":"Erstes Krankenhaussiegel"}]},{"@type":"WebSite","@id":"https:\/\/euprevent.eu\/nl\/#website","url":"https:\/\/euprevent.eu\/nl\/","name":"euPrevent","description":"euPrevent is a Euroregional network that focuses on promoting health. Within this network, sustainable partnerships seek to increase the quality of life of residents in the border region between the Netherlands, Belgium and Germany.","potentialAction":[{"@type":"SearchAction","target":{"@type":"EntryPoint","urlTemplate":"https:\/\/euprevent.eu\/nl\/?s={search_term_string}"},"query-input":{"@type":"PropertyValueSpecification","valueRequired":true,"valueName":"search_term_string"}}],"inLanguage":"nl-NL"}]}},"_links":{"self":[{"href":"https:\/\/euprevent.eu\/nl\/wp-json\/wp\/v2\/pages\/275","targetHints":{"allow":["GET"]}}],"collection":[{"href":"https:\/\/euprevent.eu\/nl\/wp-json\/wp\/v2\/pages"}],"about":[{"href":"https:\/\/euprevent.eu\/nl\/wp-json\/wp\/v2\/types\/page"}],"author":[{"embeddable":true,"href":"https:\/\/euprevent.eu\/nl\/wp-json\/wp\/v2\/users\/1"}],"replies":[{"embeddable":true,"href":"https:\/\/euprevent.eu\/nl\/wp-json\/wp\/v2\/comments?post=275"}],"version-history":[{"count":16,"href":"https:\/\/euprevent.eu\/nl\/wp-json\/wp\/v2\/pages\/275\/revisions"}],"predecessor-version":[{"id":950,"href":"https:\/\/euprevent.eu\/nl\/wp-json\/wp\/v2\/pages\/275\/revisions\/950"}],"up":[{"embeddable":true,"href":"https:\/\/euprevent.eu\/nl\/wp-json\/wp\/v2\/pages\/245"}],"wp:attachment":[{"href":"https:\/\/euprevent.eu\/nl\/wp-json\/wp\/v2\/media?parent=275"}],"curies":[{"name":"wp","href":"https:\/\/api.w.org\/{rel}","templated":true}]}}