


{"id":245,"date":"2017-01-09T21:56:52","date_gmt":"2017-01-09T21:56:52","guid":{"rendered":"http:\/\/euprevent.eu\/?page_id=245\/"},"modified":"2019-09-03T09:23:30","modified_gmt":"2019-09-03T09:23:30","slug":"euprevent-qualitatssiegel","status":"publish","type":"page","link":"https:\/\/euprevent.eu\/nl\/euprevent-qualitatssiegel\/","title":{"rendered":"euPrevent Qualit\u00e4tssiegel"},"content":{"rendered":"<section class=\"wpb-content-wrapper\"><p>[vc_row][vc_column][vc_column_text el_class=&#8221;alert alert-info&#8221;]<\/p>\n<p style=\"text-align: center;\">Deze informatie is alleen beschikbaar in het Duits. \/ The information below is only available in German. \/\u00a0Cette information est seulement disponible en allemand.<\/p>\n<p>[\/vc_column_text][\/vc_column][\/vc_row][vc_row css=&#8221;.vc_custom_1483999173497{margin-bottom: 0px !important;}&#8221;][vc_column][vc_column_text css=&#8221;.vc_custom_1483999225240{margin-bottom: 20px !important;}&#8221;]<\/p>\n<h2>euPrevent Qualit\u00e4tssiegel<\/h2>\n<p>[\/vc_column_text][\/vc_column][\/vc_row][vc_row][vc_column width=&#8221;1\/2&#8243;][vc_column_text]Ziel der Stiftung euPrevent ist es, die Lebensqualit\u00e4t der B\u00fcrgerinnen und B\u00fcrger in der EMR zu verbessern.<\/p>\n<p>Durch die Vergabe der euPrevent-Qualit\u00e4tssiegel an Einrichtungen des Gesundheitswesens, wie beispielsweise Krankenh\u00e4user oder Alten- und Pflegeheime, wird ein wichtiger Beitrag zur Verbesserung der Hygiene und des Infektionsschutzes in dieser Region geliefert. Dabei sind an diesem Prozess die jeweiligen Einrichtungen, die zust\u00e4ndigen Gesundheits\u00e4mter und die Stiftung euPrevent in einem kooperativen Miteinander beteiligt.<\/p>\n<p>Anhand der verliehenen Qualit\u00e4tssiegel wissen die B\u00fcrger der EMR: in dieser Einrichtung werden Hygiene und Infektionsschutz ernst genommen und die notwendigen Ma\u00dfnahmen zum Schutz der Bev\u00f6lkerung durchgef\u00fchrt.[\/vc_column_text][\/vc_column][vc_column width=&#8221;1\/2&#8243;][vc_tta_accordion][vc_tta_section title=&#8221;Krankenhaus (3)&#8221; tab_id=&#8221;1483999293990-88516511-da3f&#8221;][vc_btn title=&#8221;Erste Siegel f\u00fcr Krankenh\u00e4user&#8221; color=&#8221;primary&#8221; align=&#8221;left&#8221; i_icon_fontawesome=&#8221;fa fa-file-text&#8221; button_block=&#8221;true&#8221; add_icon=&#8221;true&#8221; css=&#8221;.vc_custom_1485850746801{margin-bottom: 10px !important;}&#8221; link=&#8221;url:http%3A%2F%2Feuprevent.eu%2Fnl%2Feuprevent-qualitatssiegel%2Ferstes-krankenhaussiegel%2F|||&#8221;][vc_btn title=&#8221;Zweite Siegel f\u00fcr Krankenh\u00e4user&#8221; color=&#8221;primary&#8221; align=&#8221;left&#8221; i_icon_fontawesome=&#8221;fa fa-file-text&#8221; button_block=&#8221;true&#8221; add_icon=&#8221;true&#8221; css=&#8221;.vc_custom_1485850752645{margin-bottom: 10px !important;}&#8221; link=&#8221;url:http%3A%2F%2Feuprevent.eu%2Fnl%2Feuprevent-qualitatssiegel%2Fzweites-krankenhaussiegel%2F|||&#8221;][vc_btn title=&#8221;Dritte Siegel f\u00fcr Krankenh\u00e4user&#8221; color=&#8221;primary&#8221; align=&#8221;left&#8221; i_icon_fontawesome=&#8221;fa fa-file-text&#8221; button_block=&#8221;true&#8221; add_icon=&#8221;true&#8221; css=&#8221;.vc_custom_1567502592539{margin-bottom: 10px !important;}&#8221; link=&#8221;url:https%3A%2F%2Feuprevent.eu%2Fnl%2Feuprevent-qualitatssiegel%2Fdrittes-krankenhaussiegel%2F|title:Drittes%20Krankenhaussiegel||&#8221;][vc_btn title=&#8221;Vierte Siegel f\u00fcr Krankenh\u00e4user&#8221; color=&#8221;primary&#8221; align=&#8221;left&#8221; i_icon_fontawesome=&#8221;fa fa-file-text&#8221; button_block=&#8221;true&#8221; add_icon=&#8221;true&#8221; link=&#8221;url:https%3A%2F%2Feuprevent.eu%2Fnl%2Feuprevent-qualitatssiegel%2Fvierte-krankenhaussiegel%2F|title:Vierte%20Krankenhaussiegel||&#8221;][\/vc_tta_section][vc_tta_section title=&#8221;Altenheim (3)&#8221; tab_id=&#8221;1483999294017-5c82b63f-fe56&#8243;][vc_btn title=&#8221;Erstes Altenheimsiegel&#8221; color=&#8221;primary&#8221; align=&#8221;left&#8221; i_icon_fontawesome=&#8221;fa fa-file-text&#8221; button_block=&#8221;true&#8221; add_icon=&#8221;true&#8221; css=&#8221;.vc_custom_1485850762613{margin-bottom: 10px !important;}&#8221; link=&#8221;url:http%3A%2F%2Feuprevent.eu%2Fnl%2Feuprevent-qualitatssiegel%2Ferstes-altenheimsiegel%2F|||&#8221;][vc_btn title=&#8221;Zweites Altenheimsiegel&#8221; color=&#8221;primary&#8221; align=&#8221;left&#8221; i_icon_fontawesome=&#8221;fa fa-file-text&#8221; button_block=&#8221;true&#8221; add_icon=&#8221;true&#8221; css=&#8221;.vc_custom_1485850767929{margin-bottom: 10px !important;}&#8221; link=&#8221;url:http%3A%2F%2Feuprevent.eu%2Fnl%2Feuprevent-qualitatssiegel%2Fzweites-altenheimsiegel%2F|||&#8221;][vc_btn title=&#8221;Drittes Altenheimsiegel&#8221; color=&#8221;primary&#8221; align=&#8221;left&#8221; i_icon_fontawesome=&#8221;fa fa-file-text&#8221; button_block=&#8221;true&#8221; add_icon=&#8221;true&#8221; css=&#8221;.vc_custom_1554883485377{margin-bottom: 10px !important;}&#8221; link=&#8221;url:http%3A%2F%2Feuprevent.eu%2Fnl%2Feuprevent-qualitatssiegel%2Fdrittes-altenheimsiegel%2F|||&#8221;][\/vc_tta_section][vc_tta_section title=&#8221;Reha-Klinik (1)&#8221; tab_id=&#8221;1483999317660-098124b4-00be&#8221;][vc_btn title=&#8221;Erstes Reha-klinik Siegel&#8221; color=&#8221;primary&#8221; align=&#8221;left&#8221; i_icon_fontawesome=&#8221;fa fa-file-text&#8221; button_block=&#8221;true&#8221; add_icon=&#8221;true&#8221; css=&#8221;.vc_custom_1485850773974{margin-bottom: 10px !important;}&#8221; link=&#8221;url:http%3A%2F%2Feuprevent.eu%2Fnl%2Feuprevent-qualitatssiegel%2Ferstes-reha-klinik-siegel%2F|||&#8221;][\/vc_tta_section][vc_tta_section title=&#8221;Psychiatrie (1)&#8221; tab_id=&#8221;1483999318230-dc963338-5c84&#8243;][vc_btn title=&#8221;Erste Psychiatrie-Siegel&#8221; color=&#8221;primary&#8221; align=&#8221;left&#8221; i_icon_fontawesome=&#8221;fa fa-file-text&#8221; button_block=&#8221;true&#8221; add_icon=&#8221;true&#8221; css=&#8221;.vc_custom_1485850778997{margin-bottom: 10px !important;}&#8221; link=&#8221;url:http%3A%2F%2Feuprevent.eu%2Fnl%2Feuprevent-qualitatssiegel%2Ferste-psychiatrie-siegel%2F|||&#8221;][\/vc_tta_section][\/vc_tta_accordion][\/vc_column][\/vc_row]<\/p>\n<\/section>","protected":false},"excerpt":{"rendered":"<p>[vc_row][vc_column][vc_column_text el_class=&#8221;alert alert-info&#8221;] Deze informatie is alleen beschikbaar in het Duits. \/ The information below is only available in German. \/\u00a0Cette information est seulement disponible en allemand. [\/vc_column_text][\/vc_column][\/vc_row][vc_row css=&#8221;.vc_custom_1483999173497{margin-bottom: 0px !important;}&#8221;][vc_column][vc_column_text css=&#8221;.vc_custom_1483999225240{margin-bottom: 20px !important;}&#8221;] euPrevent Qualit\u00e4tssiegel [\/vc_column_text][\/vc_column][\/vc_row][vc_row][vc_column width=&#8221;1\/2&#8243;][vc_column_text]Ziel der Stiftung euPrevent ist es, die Lebensqualit\u00e4t der B\u00fcrgerinnen und B\u00fcrger in der EMR zu verbessern. Durch [&hellip;]<\/p>\n","protected":false},"author":1,"featured_media":0,"parent":0,"menu_order":0,"comment_status":"closed","ping_status":"closed","template":"","meta":{"_acf_changed":false,"footnotes":""},"class_list":["post-245","page","type-page","status-publish","hentry","programmes-infectious-diseases"],"acf":[],"yoast_head":"<!-- This site is optimized with the Yoast SEO plugin v27.5 - https:\/\/yoast.com\/product\/yoast-seo-wordpress\/ -->\n<title>euPrevent Qualit\u00e4tssiegel - euPrevent<\/title>\n<meta name=\"robots\" content=\"index, follow, max-snippet:-1, max-image-preview:large, max-video-preview:-1\" \/>\n<link rel=\"canonical\" href=\"https:\/\/euprevent.eu\/nl\/euprevent-qualitatssiegel\/\" \/>\n<meta property=\"og:locale\" content=\"nl_NL\" \/>\n<meta property=\"og:type\" content=\"article\" \/>\n<meta property=\"og:title\" content=\"euPrevent Qualit\u00e4tssiegel - euPrevent\" \/>\n<meta property=\"og:description\" content=\"[vc_row][vc_column][vc_column_text el_class=&#8221;alert alert-info&#8221;] Deze informatie is alleen beschikbaar in het Duits. \/ The information below is only available in German. \/\u00a0Cette information est seulement disponible en allemand. [\/vc_column_text][\/vc_column][\/vc_row][vc_row css=&#8221;.vc_custom_1483999173497{margin-bottom: 0px !important;}&#8221;][vc_column][vc_column_text css=&#8221;.vc_custom_1483999225240{margin-bottom: 20px !important;}&#8221;] euPrevent Qualit\u00e4tssiegel [\/vc_column_text][\/vc_column][\/vc_row][vc_row][vc_column width=&#8221;1\/2&#8243;][vc_column_text]Ziel der Stiftung euPrevent ist es, die Lebensqualit\u00e4t der B\u00fcrgerinnen und B\u00fcrger in der EMR zu verbessern. Durch [&hellip;]\" \/>\n<meta property=\"og:url\" content=\"https:\/\/euprevent.eu\/nl\/euprevent-qualitatssiegel\/\" \/>\n<meta property=\"og:site_name\" content=\"euPrevent\" \/>\n<meta property=\"article:modified_time\" content=\"2019-09-03T09:23:30+00:00\" \/>\n<meta name=\"twitter:card\" content=\"summary_large_image\" \/>\n<meta name=\"twitter:label1\" content=\"Geschatte leestijd\" \/>\n\t<meta name=\"twitter:data1\" content=\"3 minuten\" \/>\n<script type=\"application\/ld+json\" class=\"yoast-schema-graph\">{\"@context\":\"https:\\\/\\\/schema.org\",\"@graph\":[{\"@type\":\"WebPage\",\"@id\":\"https:\\\/\\\/euprevent.eu\\\/nl\\\/euprevent-qualitatssiegel\\\/\",\"url\":\"https:\\\/\\\/euprevent.eu\\\/nl\\\/euprevent-qualitatssiegel\\\/\",\"name\":\"euPrevent Qualit\u00e4tssiegel - euPrevent\",\"isPartOf\":{\"@id\":\"https:\\\/\\\/euprevent.eu\\\/nl\\\/#website\"},\"datePublished\":\"2017-01-09T21:56:52+00:00\",\"dateModified\":\"2019-09-03T09:23:30+00:00\",\"breadcrumb\":{\"@id\":\"https:\\\/\\\/euprevent.eu\\\/nl\\\/euprevent-qualitatssiegel\\\/#breadcrumb\"},\"inLanguage\":\"nl-NL\",\"potentialAction\":[{\"@type\":\"ReadAction\",\"target\":[\"https:\\\/\\\/euprevent.eu\\\/nl\\\/euprevent-qualitatssiegel\\\/\"]}]},{\"@type\":\"BreadcrumbList\",\"@id\":\"https:\\\/\\\/euprevent.eu\\\/nl\\\/euprevent-qualitatssiegel\\\/#breadcrumb\",\"itemListElement\":[{\"@type\":\"ListItem\",\"position\":1,\"name\":\"Home\",\"item\":\"https:\\\/\\\/euprevent.eu\\\/nl\\\/\"},{\"@type\":\"ListItem\",\"position\":2,\"name\":\"euPrevent Qualit\u00e4tssiegel\"}]},{\"@type\":\"WebSite\",\"@id\":\"https:\\\/\\\/euprevent.eu\\\/nl\\\/#website\",\"url\":\"https:\\\/\\\/euprevent.eu\\\/nl\\\/\",\"name\":\"euPrevent\",\"description\":\"euPrevent is a Euroregional network that focuses on promoting health. Within this network, sustainable partnerships seek to increase the quality of life of residents in the border region between the Netherlands, Belgium and Germany.\",\"potentialAction\":[{\"@type\":\"SearchAction\",\"target\":{\"@type\":\"EntryPoint\",\"urlTemplate\":\"https:\\\/\\\/euprevent.eu\\\/nl\\\/?s={search_term_string}\"},\"query-input\":{\"@type\":\"PropertyValueSpecification\",\"valueRequired\":true,\"valueName\":\"search_term_string\"}}],\"inLanguage\":\"nl-NL\"}]}<\/script>\n<!-- \/ Yoast SEO plugin. -->","yoast_head_json":{"title":"euPrevent Qualit\u00e4tssiegel - euPrevent","robots":{"index":"index","follow":"follow","max-snippet":"max-snippet:-1","max-image-preview":"max-image-preview:large","max-video-preview":"max-video-preview:-1"},"canonical":"https:\/\/euprevent.eu\/nl\/euprevent-qualitatssiegel\/","og_locale":"nl_NL","og_type":"article","og_title":"euPrevent Qualit\u00e4tssiegel - euPrevent","og_description":"[vc_row][vc_column][vc_column_text el_class=&#8221;alert alert-info&#8221;] Deze informatie is alleen beschikbaar in het Duits. \/ The information below is only available in German. \/\u00a0Cette information est seulement disponible en allemand. [\/vc_column_text][\/vc_column][\/vc_row][vc_row css=&#8221;.vc_custom_1483999173497{margin-bottom: 0px !important;}&#8221;][vc_column][vc_column_text css=&#8221;.vc_custom_1483999225240{margin-bottom: 20px !important;}&#8221;] euPrevent Qualit\u00e4tssiegel [\/vc_column_text][\/vc_column][\/vc_row][vc_row][vc_column width=&#8221;1\/2&#8243;][vc_column_text]Ziel der Stiftung euPrevent ist es, die Lebensqualit\u00e4t der B\u00fcrgerinnen und B\u00fcrger in der EMR zu verbessern. Durch [&hellip;]","og_url":"https:\/\/euprevent.eu\/nl\/euprevent-qualitatssiegel\/","og_site_name":"euPrevent","article_modified_time":"2019-09-03T09:23:30+00:00","twitter_card":"summary_large_image","twitter_misc":{"Geschatte leestijd":"3 minuten"},"schema":{"@context":"https:\/\/schema.org","@graph":[{"@type":"WebPage","@id":"https:\/\/euprevent.eu\/nl\/euprevent-qualitatssiegel\/","url":"https:\/\/euprevent.eu\/nl\/euprevent-qualitatssiegel\/","name":"euPrevent Qualit\u00e4tssiegel - euPrevent","isPartOf":{"@id":"https:\/\/euprevent.eu\/nl\/#website"},"datePublished":"2017-01-09T21:56:52+00:00","dateModified":"2019-09-03T09:23:30+00:00","breadcrumb":{"@id":"https:\/\/euprevent.eu\/nl\/euprevent-qualitatssiegel\/#breadcrumb"},"inLanguage":"nl-NL","potentialAction":[{"@type":"ReadAction","target":["https:\/\/euprevent.eu\/nl\/euprevent-qualitatssiegel\/"]}]},{"@type":"BreadcrumbList","@id":"https:\/\/euprevent.eu\/nl\/euprevent-qualitatssiegel\/#breadcrumb","itemListElement":[{"@type":"ListItem","position":1,"name":"Home","item":"https:\/\/euprevent.eu\/nl\/"},{"@type":"ListItem","position":2,"name":"euPrevent Qualit\u00e4tssiegel"}]},{"@type":"WebSite","@id":"https:\/\/euprevent.eu\/nl\/#website","url":"https:\/\/euprevent.eu\/nl\/","name":"euPrevent","description":"euPrevent is a Euroregional network that focuses on promoting health. Within this network, sustainable partnerships seek to increase the quality of life of residents in the border region between the Netherlands, Belgium and Germany.","potentialAction":[{"@type":"SearchAction","target":{"@type":"EntryPoint","urlTemplate":"https:\/\/euprevent.eu\/nl\/?s={search_term_string}"},"query-input":{"@type":"PropertyValueSpecification","valueRequired":true,"valueName":"search_term_string"}}],"inLanguage":"nl-NL"}]}},"_links":{"self":[{"href":"https:\/\/euprevent.eu\/nl\/wp-json\/wp\/v2\/pages\/245","targetHints":{"allow":["GET"]}}],"collection":[{"href":"https:\/\/euprevent.eu\/nl\/wp-json\/wp\/v2\/pages"}],"about":[{"href":"https:\/\/euprevent.eu\/nl\/wp-json\/wp\/v2\/types\/page"}],"author":[{"embeddable":true,"href":"https:\/\/euprevent.eu\/nl\/wp-json\/wp\/v2\/users\/1"}],"replies":[{"embeddable":true,"href":"https:\/\/euprevent.eu\/nl\/wp-json\/wp\/v2\/comments?post=245"}],"version-history":[{"count":50,"href":"https:\/\/euprevent.eu\/nl\/wp-json\/wp\/v2\/pages\/245\/revisions"}],"predecessor-version":[{"id":11599,"href":"https:\/\/euprevent.eu\/nl\/wp-json\/wp\/v2\/pages\/245\/revisions\/11599"}],"wp:attachment":[{"href":"https:\/\/euprevent.eu\/nl\/wp-json\/wp\/v2\/media?parent=245"}],"curies":[{"name":"wp","href":"https:\/\/api.w.org\/{rel}","templated":true}]}}