


{"id":21983,"date":"2023-09-27T07:51:05","date_gmt":"2023-09-27T06:51:05","guid":{"rendered":"https:\/\/euprevent.eu\/some\/some-factsheets\/"},"modified":"2023-09-28T10:29:55","modified_gmt":"2023-09-28T09:29:55","slug":"some-factsheets","status":"publish","type":"page","link":"https:\/\/euprevent.eu\/nl\/some\/some-factsheets\/","title":{"rendered":"SoMe factsheets"},"content":{"rendered":"<section class=\"wpb-content-wrapper\"><p>[vc_row][vc_column][vc_column_text css=&#8221;.vc_custom_1695808149163{margin-bottom: 0px !important;padding-bottom: 0px !important;}&#8221;]<\/p>\n<h1>Factsheets euPrevent SoMe<\/h1>\n<p>In het project SoMe zijn onderdelen van de sociale netwerken van burgers in onze grensregio in kaart gebracht en is gekeken naar de mogelijkheden en onmogelijkheden van zorg in een buurland. De inventarisatie richt zich op de sociale relaties en de relaties met professionele en informele zorgverleners (zoals mantelzorgers), die belangrijk kunnen zijn bij de ondersteuning of zorg bij geestelijke gezondheidsproblemen. Deze resultaten zijn samengevat in twee factsheets &#8211; \u00e9\u00e9n voor (geestelijke) gezondheidsprofessionals en \u00e9\u00e9n voor EMR-inwoners. We nodigen je uit om een kijkje te nemen in de downloadsectie hieronder.[\/vc_column_text][\/vc_column][\/vc_row][vc_row][vc_column][vc_raw_html]JTNDaWZyYW1lJTIwc3R5bGUlM0QlMjJib3JkZXIlM0EwJTNCd2lkdGglM0ExMDAlMjUlM0JoZWlnaHQlM0E1MDBweCUzQiUyMiUyMHNyYyUzRCUyMmh0dHBzJTNBJTJGJTJGZXVwcmV2ZW50LmV1JTJGd3AtY29udGVudCUyRnVwbG9hZHMlMkZwYWdlZmxpcCUyRnNvbWVfbmwlMkYlMjIlM0UlM0MlMkZpZnJhbWUlM0U=[\/vc_raw_html][\/vc_column][\/vc_row][vc_row][vc_column width=&#8221;1\/2&#8243;][vc_column_text css=&#8221;.vc_custom_1695893367689{margin-bottom: 0px !important;padding-bottom: 0px !important;}&#8221;]<\/p>\n<h1>Download &#8211; Inwoners<\/h1>\n<ul style=\"margin-left: 0; padding-left: 0;\">\n<li><a href=\"https:\/\/euprevent.eu\/wp-content\/uploads\/2023\/09\/EN-inwoners-SoMe.pdf\" target=\"_blank\" rel=\"noopener\">SoMe Factsheet Inwoners &#8211; Engels<\/a><\/li>\n<li><a href=\"https:\/\/euprevent.eu\/wp-content\/uploads\/2023\/09\/NL-inwoners-SoMe.pdf\" target=\"_blank\" rel=\"noopener\">SoMe Factsheet Inwoners &#8211; Nederlands<\/a><\/li>\n<li><a href=\"https:\/\/euprevent.eu\/wp-content\/uploads\/2023\/09\/DE-inwoners-SoMe.pdf\" target=\"_blank\" rel=\"noopener\">SoMe Factsheet Inwoners &#8211; Duits<\/a><\/li>\n<li><a href=\"https:\/\/euprevent.eu\/wp-content\/uploads\/2023\/09\/FR-inwoners-SoMe-2.pdf\" target=\"_blank\" rel=\"noopener\">SoMe Factsheet Inwoners &#8211; Frans<\/a><\/li>\n<\/ul>\n<p>[\/vc_column_text][vc_empty_space height=&#8221;2rem&#8221;][\/vc_column][vc_column width=&#8221;1\/2&#8243;][vc_column_text css=&#8221;.vc_custom_1695808248125{margin-bottom: 0px !important;padding-bottom: 0px !important;}&#8221;]<\/p>\n<h1>Download &#8211; Professionals<\/h1>\n<ul style=\"margin-left: 0; padding-left: 0;\">\n<li><a href=\"https:\/\/euprevent.eu\/wp-content\/uploads\/2023\/09\/EN-professionals-SoMe.pdf\" target=\"_blank\" rel=\"noopener\">SoMe Factsheet Professionals &#8211; Engels<\/a><\/li>\n<li><a href=\"https:\/\/euprevent.eu\/wp-content\/uploads\/2023\/09\/NL-professionals-SoMe.pdf\" target=\"_blank\" rel=\"noopener\">SoMe Factsheet Professionals &#8211; Nederlands<\/a><\/li>\n<li><a href=\"https:\/\/euprevent.eu\/wp-content\/uploads\/2023\/09\/DE-professionals-SoMe.pdf\" target=\"_blank\" rel=\"noopener\">SoMe Factsheet Professionals &#8211; Duits<\/a><\/li>\n<li><a href=\"https:\/\/euprevent.eu\/wp-content\/uploads\/2023\/09\/FR-professionals-SoMe.pdf\" target=\"_blank\" rel=\"noopener\">SoMe Factsheet Professionals &#8211; Frans<\/a><\/li>\n<\/ul>\n<p>[\/vc_column_text][vc_empty_space height=&#8221;2rem&#8221;][\/vc_column][\/vc_row]<\/p>\n<\/section>","protected":false},"excerpt":{"rendered":"<p>[vc_row][vc_column][vc_column_text css=&#8221;.vc_custom_1695808149163{margin-bottom: 0px !important;padding-bottom: 0px !important;}&#8221;] Factsheets euPrevent SoMe In het project SoMe zijn onderdelen van de sociale netwerken van burgers in onze grensregio in kaart gebracht en is gekeken naar de mogelijkheden en onmogelijkheden van zorg in een buurland. De inventarisatie richt zich op de sociale relaties en de relaties met professionele en informele [&hellip;]<\/p>\n","protected":false},"author":1,"featured_media":0,"parent":19381,"menu_order":0,"comment_status":"closed","ping_status":"closed","template":"","meta":{"_acf_changed":false,"footnotes":""},"class_list":["post-21983","page","type-page","status-publish","hentry","programmes-mental-health"],"acf":[],"yoast_head":"<!-- This site is optimized with the Yoast SEO plugin v26.8 - https:\/\/yoast.com\/product\/yoast-seo-wordpress\/ -->\n<title>SoMe factsheets - euPrevent<\/title>\n<meta name=\"robots\" content=\"index, follow, max-snippet:-1, max-image-preview:large, max-video-preview:-1\" \/>\n<link rel=\"canonical\" href=\"https:\/\/euprevent.eu\/nl\/some\/some-factsheets\/\" \/>\n<meta property=\"og:locale\" content=\"nl_NL\" \/>\n<meta property=\"og:type\" content=\"article\" \/>\n<meta property=\"og:title\" content=\"SoMe factsheets - euPrevent\" \/>\n<meta property=\"og:description\" content=\"[vc_row][vc_column][vc_column_text css=&#8221;.vc_custom_1695808149163{margin-bottom: 0px !important;padding-bottom: 0px !important;}&#8221;] Factsheets euPrevent SoMe In het project SoMe zijn onderdelen van de sociale netwerken van burgers in onze grensregio in kaart gebracht en is gekeken naar de mogelijkheden en onmogelijkheden van zorg in een buurland. De inventarisatie richt zich op de sociale relaties en de relaties met professionele en informele [&hellip;]\" \/>\n<meta property=\"og:url\" content=\"https:\/\/euprevent.eu\/nl\/some\/some-factsheets\/\" \/>\n<meta property=\"og:site_name\" content=\"euPrevent\" \/>\n<meta property=\"article:modified_time\" content=\"2023-09-28T09:29:55+00:00\" \/>\n<meta name=\"twitter:card\" content=\"summary_large_image\" \/>\n<meta name=\"twitter:label1\" content=\"Geschatte leestijd\" \/>\n\t<meta name=\"twitter:data1\" content=\"1 minuut\" \/>\n<script type=\"application\/ld+json\" class=\"yoast-schema-graph\">{\"@context\":\"https:\/\/schema.org\",\"@graph\":[{\"@type\":\"WebPage\",\"@id\":\"https:\/\/euprevent.eu\/nl\/some\/some-factsheets\/\",\"url\":\"https:\/\/euprevent.eu\/nl\/some\/some-factsheets\/\",\"name\":\"SoMe factsheets - euPrevent\",\"isPartOf\":{\"@id\":\"https:\/\/euprevent.eu\/nl\/#website\"},\"datePublished\":\"2023-09-27T06:51:05+00:00\",\"dateModified\":\"2023-09-28T09:29:55+00:00\",\"breadcrumb\":{\"@id\":\"https:\/\/euprevent.eu\/nl\/some\/some-factsheets\/#breadcrumb\"},\"inLanguage\":\"nl-NL\",\"potentialAction\":[{\"@type\":\"ReadAction\",\"target\":[\"https:\/\/euprevent.eu\/nl\/some\/some-factsheets\/\"]}]},{\"@type\":\"BreadcrumbList\",\"@id\":\"https:\/\/euprevent.eu\/nl\/some\/some-factsheets\/#breadcrumb\",\"itemListElement\":[{\"@type\":\"ListItem\",\"position\":1,\"name\":\"Home\",\"item\":\"https:\/\/euprevent.eu\/nl\/\"},{\"@type\":\"ListItem\",\"position\":2,\"name\":\"Project euPrevent Mental Health &#038; Social Networks\",\"item\":\"https:\/\/euprevent.eu\/nl\/some\/\"},{\"@type\":\"ListItem\",\"position\":3,\"name\":\"SoMe factsheets\"}]},{\"@type\":\"WebSite\",\"@id\":\"https:\/\/euprevent.eu\/nl\/#website\",\"url\":\"https:\/\/euprevent.eu\/nl\/\",\"name\":\"euPrevent\",\"description\":\"euPrevent is a Euroregional network that focuses on promoting health. Within this network, sustainable partnerships seek to increase the quality of life of residents in the border region between the Netherlands, Belgium and Germany.\",\"potentialAction\":[{\"@type\":\"SearchAction\",\"target\":{\"@type\":\"EntryPoint\",\"urlTemplate\":\"https:\/\/euprevent.eu\/nl\/?s={search_term_string}\"},\"query-input\":{\"@type\":\"PropertyValueSpecification\",\"valueRequired\":true,\"valueName\":\"search_term_string\"}}],\"inLanguage\":\"nl-NL\"}]}<\/script>\n<!-- \/ Yoast SEO plugin. -->","yoast_head_json":{"title":"SoMe factsheets - euPrevent","robots":{"index":"index","follow":"follow","max-snippet":"max-snippet:-1","max-image-preview":"max-image-preview:large","max-video-preview":"max-video-preview:-1"},"canonical":"https:\/\/euprevent.eu\/nl\/some\/some-factsheets\/","og_locale":"nl_NL","og_type":"article","og_title":"SoMe factsheets - euPrevent","og_description":"[vc_row][vc_column][vc_column_text css=&#8221;.vc_custom_1695808149163{margin-bottom: 0px !important;padding-bottom: 0px !important;}&#8221;] Factsheets euPrevent SoMe In het project SoMe zijn onderdelen van de sociale netwerken van burgers in onze grensregio in kaart gebracht en is gekeken naar de mogelijkheden en onmogelijkheden van zorg in een buurland. De inventarisatie richt zich op de sociale relaties en de relaties met professionele en informele [&hellip;]","og_url":"https:\/\/euprevent.eu\/nl\/some\/some-factsheets\/","og_site_name":"euPrevent","article_modified_time":"2023-09-28T09:29:55+00:00","twitter_card":"summary_large_image","twitter_misc":{"Geschatte leestijd":"1 minuut"},"schema":{"@context":"https:\/\/schema.org","@graph":[{"@type":"WebPage","@id":"https:\/\/euprevent.eu\/nl\/some\/some-factsheets\/","url":"https:\/\/euprevent.eu\/nl\/some\/some-factsheets\/","name":"SoMe factsheets - euPrevent","isPartOf":{"@id":"https:\/\/euprevent.eu\/nl\/#website"},"datePublished":"2023-09-27T06:51:05+00:00","dateModified":"2023-09-28T09:29:55+00:00","breadcrumb":{"@id":"https:\/\/euprevent.eu\/nl\/some\/some-factsheets\/#breadcrumb"},"inLanguage":"nl-NL","potentialAction":[{"@type":"ReadAction","target":["https:\/\/euprevent.eu\/nl\/some\/some-factsheets\/"]}]},{"@type":"BreadcrumbList","@id":"https:\/\/euprevent.eu\/nl\/some\/some-factsheets\/#breadcrumb","itemListElement":[{"@type":"ListItem","position":1,"name":"Home","item":"https:\/\/euprevent.eu\/nl\/"},{"@type":"ListItem","position":2,"name":"Project euPrevent Mental Health &#038; Social Networks","item":"https:\/\/euprevent.eu\/nl\/some\/"},{"@type":"ListItem","position":3,"name":"SoMe factsheets"}]},{"@type":"WebSite","@id":"https:\/\/euprevent.eu\/nl\/#website","url":"https:\/\/euprevent.eu\/nl\/","name":"euPrevent","description":"euPrevent is a Euroregional network that focuses on promoting health. Within this network, sustainable partnerships seek to increase the quality of life of residents in the border region between the Netherlands, Belgium and Germany.","potentialAction":[{"@type":"SearchAction","target":{"@type":"EntryPoint","urlTemplate":"https:\/\/euprevent.eu\/nl\/?s={search_term_string}"},"query-input":{"@type":"PropertyValueSpecification","valueRequired":true,"valueName":"search_term_string"}}],"inLanguage":"nl-NL"}]}},"_links":{"self":[{"href":"https:\/\/euprevent.eu\/nl\/wp-json\/wp\/v2\/pages\/21983","targetHints":{"allow":["GET"]}}],"collection":[{"href":"https:\/\/euprevent.eu\/nl\/wp-json\/wp\/v2\/pages"}],"about":[{"href":"https:\/\/euprevent.eu\/nl\/wp-json\/wp\/v2\/types\/page"}],"author":[{"embeddable":true,"href":"https:\/\/euprevent.eu\/nl\/wp-json\/wp\/v2\/users\/1"}],"replies":[{"embeddable":true,"href":"https:\/\/euprevent.eu\/nl\/wp-json\/wp\/v2\/comments?post=21983"}],"version-history":[{"count":6,"href":"https:\/\/euprevent.eu\/nl\/wp-json\/wp\/v2\/pages\/21983\/revisions"}],"predecessor-version":[{"id":22011,"href":"https:\/\/euprevent.eu\/nl\/wp-json\/wp\/v2\/pages\/21983\/revisions\/22011"}],"up":[{"embeddable":true,"href":"https:\/\/euprevent.eu\/nl\/wp-json\/wp\/v2\/pages\/19381"}],"wp:attachment":[{"href":"https:\/\/euprevent.eu\/nl\/wp-json\/wp\/v2\/media?parent=21983"}],"curies":[{"name":"wp","href":"https:\/\/api.w.org\/{rel}","templated":true}]}}