


{"id":2003,"date":"2017-11-21T09:59:21","date_gmt":"2017-11-21T09:59:21","guid":{"rendered":"https:\/\/euprevent.eu\/?page_id=2003"},"modified":"2017-12-08T09:28:15","modified_gmt":"2017-12-08T09:28:15","slug":"mrsa","status":"publish","type":"page","link":"https:\/\/euprevent.eu\/nl\/mrsa\/","title":{"rendered":"Project euPrevent MRSA"},"content":{"rendered":"<section class=\"wpb-content-wrapper\"><p>[vc_row][vc_column][vc_single_image image=&#8221;1041&#8243; img_size=&#8221;medium&#8221; alignment=&#8221;right&#8221;][vc_column_text]<\/p>\n<h1>Project euPrevent MRSA<\/h1>\n<p>Vanaf\u00a0eind 20<sup>ste<\/sup> eeuw\u00a0is het oversteken van landsgrenzen binnen de Europese Unie steeds makkelijker. Ook binnen de gezondheidszorg gaan pati\u00ebnten vaker de grens over. Pati\u00ebntenveiligheid (zoals het beschermen van pati\u00ebnten tegen infecties) is\u00a0een grensoverschrijdend thema.<\/p>\n<p>In 2009 wilden zorgorganisaties uit het grensgebied tussen Nederland en\u00a0Duitsland\u00a0dit probleem\u00a0euregionaal aanpakken. Ze startten langs de hele Duits-Nederlandse grens het <a href=\"http:\/\/www.eursafety.eu\/indexNL.html\">project EurSafety Health-Net<\/a>.\u00a0In\u00a0de Euregio Maas-Rijn (EMR) wilden ook de Belgische regio&#8217;s meewerken\u00a0in dit project. Daarom\u00a0werd een administratief zelfstandig EurSafety Health-Net project gestart onder de naam euPrevent MRSA.[\/vc_column_text][\/vc_column][\/vc_row][vc_row gap=&#8221;25&#8243;][vc_column width=&#8221;1\/2&#8243; css=&#8221;.vc_custom_1509467339928{padding-top: 25px !important;background-color: #f3f3f3 !important;border-radius: 5px !important;}&#8221;][vc_column_text css=&#8221;.vc_custom_1509975813120{margin-bottom: 5px !important;padding-bottom: 5px !important;}&#8221;]<\/p>\n<h3>Projectdetails<\/h3>\n<p><strong>Doelgroep:<\/strong> pati\u00ebnten en burgers uit de EMR<br \/>\n<strong>Looptijd:<\/strong> 1 juli 2009 tot 30 juni 2012[\/vc_column_text][vc_btn title=&#8221;Financiers&#8221; color=&#8221;primary&#8221; size=&#8221;sm&#8221; link=&#8221;url:https%3A%2F%2Feuprevent.eu%2Fnl%2Ffinanciers-mrsa%2F|||&#8221;][vc_btn title=&#8221;Partners&#8221; color=&#8221;primary&#8221; size=&#8221;sm&#8221; link=&#8221;url:%2Fpartner%2F%3Fprojects%3Dproject-euprevent-mrsa|||&#8221;][\/vc_column][\/vc_row][vc_row][vc_column][vc_empty_space][vc_column_text]<\/p>\n<h2>Focus van het project<\/h2>\n<p>De projectpartners wilden pati\u00ebnten beter beschermen tegen infectiegevaar bij grensoverschrijdende zorg in ziekenhuizen en verpleeghuizen in de EMR. Dit deden ze door:<\/p>\n<ul>\n<li><em>Activiteiten<\/em>: verschillende opleidingscampagnes, themadagen, publiekscampagnes en congressen informeerden burgers en professionals.<\/li>\n<li><em>Kwaliteitszegel<\/em>: het ontwikkelde kwaliteitszegel toonde welke ziekenhuizen en verpleeghuizen actief met infectiebestrijding aan de slag waren.<\/li>\n<li><em>Samenwerking<\/em>: organisaties werkten euregionaal samen op het gebied van infectiebestrijding. Tijdens en na het project.<\/li>\n<li><em>Onderzoek<\/em>: diverse onderzoeken brachten de situatie van dat moment in kaart.<\/li>\n<\/ul>\n<p>[\/vc_column_text][\/vc_column][\/vc_row][vc_row][vc_column width=&#8221;1\/2&#8243;][vc_column_text]<\/p>\n<h3>Activiteiten<\/h3>\n<p>In het project euPrevent MRSA is veel aandacht besteed aan het uitwisselen van kennis. Met als doel om\u00a0dezelfde informatie\u00a0in de hele EMR\u00a0te gebruiken. Het ging vooral om:<\/p>\n<ol>\n<li>Het overbrengen van standaard hygi\u00ebne maatregelen, zoals handhygi\u00ebne.<\/li>\n<li>Euregional Antibiotica Stewardship in ziekenhuizen, verpleegklinieken en bejaardencentra (het streven naar het bewust\u00a0inzetten van antibiotica in de hele EMR).<\/li>\n<\/ol>\n<p>Een aantal resultaten:<\/p>\n<ul>\n<li>Dankzij een uitwisseling van \u2018best practices\u2019 zijn in Duitsland en\u00a0Belgi\u00eb\u00a0bepaalde effici\u00ebnte werkwijzen uit Nederland overgenomen.<\/li>\n<li>Er is een aanpak overeengekomen die voor de hele EMR geldt: gezamenlijk\u00a0bestrijden\u00a0van multiresistente ziektekiemen.<\/li>\n<li>Door publiekscampagnes zijn burgers ge\u00efnformeerd over handhygi\u00ebne, antibiotica en MRSA preventie.<\/li>\n<\/ul>\n<p>[\/vc_column_text][vc_empty_space][vc_column_text]<\/p>\n<h3>Onderzoek<\/h3>\n<p>In het project zijn onderzoeken uitgevoerd, met volgende onderzoeksvragen:<\/p>\n<ul>\n<li>Hoe vaak komt antibiotica resistentie voor in de 3 landen in de EMR?<\/li>\n<li>Hoe verloopt de verspreiding van antibiotica resistente bacteri\u00ebn binnen en tussen de zorginstellingen in de 3 landen van de EMR?<\/li>\n<li>Hoe vaak komt infectie buiten het ziekenhuis\u00a0voor (na opname)?<\/li>\n<\/ul>\n<p>Er is een Euregionaal surveillance systeem opgericht:\u00a0Een systematische surveillance\u00a0(registratie, analyse en evaluatie) van infecties\u00a0die in een ziekenhuis opgelopen zijn.\u00a0Met dit systeem worden\u00a0infectieproblemen beter erkend en\u00a0preventiemaatregelen gerichter ingezet.[\/vc_column_text][\/vc_column][vc_column width=&#8221;1\/2&#8243;][vc_column_text]<\/p>\n<h3>Samenwerking<\/h3>\n<p>Er ontstond een krachtig netwerk met meerdere subnetwerken in de EMR. Dit netwerk bestond primair uit ziekenhuizen. Vanaf het begin werden ook andere relevante instellingen betrokken. In totaal waren er ruim 150 instellingen uit de deelnemende regio\u2019s betrokken bij het project:<\/p>\n<ul>\n<li>ca. 30 ziekenhuizen,<\/li>\n<li>ca. 100 bejaarden\/verpleegtehuizen,<\/li>\n<li>reddingsdiensten en ambulante verpleegdiensten,<\/li>\n<li>huisartsen en vrij gevestigde artsen,<\/li>\n<li>verzekeringsmaatschappijen,<\/li>\n<li>5 pati\u00ebntenorganisaties:\n<ul>\n<li><a href=\"http:\/\/epecs.eu\">EPECS<\/a> (EU),<\/li>\n<li><a href=\"http:\/\/staedteregion-aachen-paritaet.de\/content\">DPWV<\/a> (DE),<\/li>\n<li><a href=\"http:\/\/huisvoordezorg.nl\">Huis voor de Zorg<\/a> (NL),<\/li>\n<li><a href=\"http:\/\/www.zelfhulp.be\/wat-biedt-trefpunt-zelfhulp\/onderzoek\/zelfhulp-in-vlaanderen\">Vlaams Pati\u00ebnten Belang <\/a>(BE),<\/li>\n<li><a href=\"http:\/\/patientenrat.be\">Patienten Rat und Treff <\/a>(BE).<\/li>\n<\/ul>\n<\/li>\n<\/ul>\n<p>Zo werd een duurzame basis gelegd voor euregionale samenwerking op het gebied van infectiebestrijding.[\/vc_column_text][vc_column_text]<\/p>\n<h3>Kwaliteitszegel<\/h3>\n<p>Het <a href=\"https:\/\/euprevent.eu\/nl\/euprevent-qualitatssiegel\/\">kwaliteitszegel <\/a>dat ontwikkeld is onder het project euPrevent MRSA\u00a0wordt nog steeds gebruikt. Met het kwaliteitszegel toont een\u00a0instelling aan\u00a0dat ze zich actief inzet voor pati\u00ebntenveiligheid met prioriteit voor\u00a0hygi\u00ebne en infectiepreventie. In eerste instantie is het kwaliteitszegel alleen voor ziekenhuizen ontwikkeld. Door de grote interesse is er ook een kwaliteitszegel ontwikkeld voor verzorgingstehuizen en\u00a0revalidatieklinieken.[\/vc_column_text][\/vc_column][\/vc_row][vc_row][vc_column][vc_column_text]\t<div class=\"clearfix\"><\/div>\r\n\t<div class=\"panel-events_and_news\">\r\n\t\t<div class=\"row\">\r\n\r\n            \r\n            \t\t\t<div class=\"col-sm-12 col-md-6\" id=\"events\">\r\n\t\t\t\t<h3>Evenementen<\/h3>\r\n\t\t\t\t\t\t\t\t\t\t\t\t\t\t\t\t<h2><span class=\"hidden\">Evenementen - <\/span>Terugblik<\/h2>\r\n\t\t\t\t\t\t\t\r\n\t\t\t\t\t\t<div class=\"event media past\">\r\n\t\t\t\t\t\t\t<a class=\"overlay\" href=\"https:\/\/euprevent.eu\/nl\/event\/congres-multiresistente-gram-negatieve-ziekteverwekkers\/\"><\/a>\r\n\t\t\t\t\t\t\t\t\t\t\t\t\t\t<div class=\"thumb pull-left\" style=\"background-image: url('https:\/\/euprevent.eu\/wp-content\/uploads\/2017\/12\/Infectious-Diseases-Programme-1.jpg');\"><\/div>\r\n\t\t\t\t\t\t\t<div class=\"event-info-table\">\r\n\t\t\t\t\t\t\t\t<div class=\"event-info-table-row\">\r\n\t\t\t\t\t\t\t\t\t<div class=\"event-info-table-cell\">\r\n\t\t\t\t\t\t\t\t\t\t<h3>Congres 'Multiresistente gram-negatieve ziekteverwekkers'<\/h3>\r\n                                        <p>13 maart 2013<\/p>\r\n\t\t\t\t\t\t\t\t\t<\/div>\r\n\t\t\t\t\t\t\t\t<\/div>\r\n\t\t\t\t\t\t\t<\/div>\r\n\t\t\t\t\t\t<\/div>\r\n\r\n\t\t\t\t\t\t\t\t\t\t\t<div class=\"text-center p-5\"><a class=\"btn btn-sm btn-default\" href=\"https:\/\/euprevent.eu\/nl\/event\/\">Alle evenementen<\/a><\/div>\r\n\t\t\t\t\t\t\t\t<\/div>\r\n\r\n            \r\n            \t\t\t<div class=\"col-sm-12 col-md-6\" id=\"news\">\r\n\t\t\t\t<h3>Nieuws<\/h3>\r\n\t\t\t\t\t\t\t\t\t\t\t\t\t\t\t<div class=\"newsitem\">\r\n\t\t\t\t\t\t\t<a class=\"overlay\" href=\"https:\/\/euprevent.eu\/nl\/gezondheidsprijs-nrw-2012-voor-infectieziektebestrijding\/\"><\/a>\r\n                            <div class=\"thumb pull-left\" style=\"background-image: url('https:\/\/euprevent.eu\/wp-content\/uploads\/2012\/12\/Schermafbeelding-2017-12-15-om-12.14.56.png');\"><\/div>\r\n\t\t\t\t\t\t\t<div class=\"news-info-table\">\r\n\t\t\t\t\t\t\t\t<div class=\"news-info-table-row\">\r\n\t\t\t\t\t\t\t\t\t<div class=\"news-info-table-cell\">\r\n\t\t\t\t\t\t\t\t\t\t<p>15 December 2012<\/p>\r\n\t\t\t\t\t\t\t\t\t\t<h3>Gezondheidsprijs NRW 2012 voor infectieziektebestrijding<\/h3>\r\n\t\t\t\t\t\t\t\t\t<\/div>\r\n\t\t\t\t\t\t\t\t<\/div>\r\n\t\t\t\t\t\t\t<\/div>\r\n\t\t\t\t\t\t<\/div>\r\n\t\t\t\t\t\t\t\t\t\t\t<div class=\"text-center p-5\"><a class=\"btn btn-sm btn-default\" href=\"https:\/\/euprevent.eu\/nl\/nieuws\/\">Alle nieuwsitems<\/a><\/div>\r\n\t\t\t\t\t\t\t\t<\/div>\r\n            \r\n\t\t<\/div>\r\n\t<\/div>\r\n\r\n\t[\/vc_column_text][\/vc_column][\/vc_row]<\/p>\n<\/section>","protected":false},"excerpt":{"rendered":"<p>[vc_row][vc_column][vc_single_image image=&#8221;1041&#8243; img_size=&#8221;medium&#8221; alignment=&#8221;right&#8221;][vc_column_text] Project euPrevent MRSA Vanaf\u00a0eind 20ste eeuw\u00a0is het oversteken van landsgrenzen binnen de Europese Unie steeds makkelijker. Ook binnen de gezondheidszorg gaan pati\u00ebnten vaker de grens over. Pati\u00ebntenveiligheid (zoals het beschermen van pati\u00ebnten tegen infecties) is\u00a0een grensoverschrijdend thema. In 2009 wilden zorgorganisaties uit het grensgebied tussen Nederland en\u00a0Duitsland\u00a0dit probleem\u00a0euregionaal aanpakken. Ze startten [&hellip;]<\/p>\n","protected":false},"author":1,"featured_media":0,"parent":0,"menu_order":0,"comment_status":"closed","ping_status":"closed","template":"","meta":{"_acf_changed":false,"footnotes":""},"class_list":["post-2003","page","type-page","status-publish","hentry","programmes-infectious-diseases"],"acf":[],"yoast_head":"<!-- This site is optimized with the Yoast SEO plugin v27.5 - https:\/\/yoast.com\/product\/yoast-seo-wordpress\/ -->\n<title>Project euPrevent MRSA - euPrevent<\/title>\n<meta name=\"robots\" content=\"index, follow, max-snippet:-1, max-image-preview:large, max-video-preview:-1\" \/>\n<link rel=\"canonical\" href=\"https:\/\/euprevent.eu\/nl\/mrsa\/\" \/>\n<meta property=\"og:locale\" content=\"nl_NL\" \/>\n<meta property=\"og:type\" content=\"article\" \/>\n<meta property=\"og:title\" content=\"Project euPrevent MRSA - euPrevent\" \/>\n<meta property=\"og:description\" content=\"[vc_row][vc_column][vc_single_image image=&#8221;1041&#8243; img_size=&#8221;medium&#8221; alignment=&#8221;right&#8221;][vc_column_text] Project euPrevent MRSA Vanaf\u00a0eind 20ste eeuw\u00a0is het oversteken van landsgrenzen binnen de Europese Unie steeds makkelijker. Ook binnen de gezondheidszorg gaan pati\u00ebnten vaker de grens over. Pati\u00ebntenveiligheid (zoals het beschermen van pati\u00ebnten tegen infecties) is\u00a0een grensoverschrijdend thema. In 2009 wilden zorgorganisaties uit het grensgebied tussen Nederland en\u00a0Duitsland\u00a0dit probleem\u00a0euregionaal aanpakken. Ze startten [&hellip;]\" \/>\n<meta property=\"og:url\" content=\"https:\/\/euprevent.eu\/nl\/mrsa\/\" \/>\n<meta property=\"og:site_name\" content=\"euPrevent\" \/>\n<meta property=\"article:modified_time\" content=\"2017-12-08T09:28:15+00:00\" \/>\n<meta name=\"twitter:card\" content=\"summary_large_image\" \/>\n<meta name=\"twitter:label1\" content=\"Geschatte leestijd\" \/>\n\t<meta name=\"twitter:data1\" content=\"4 minuten\" \/>\n<script type=\"application\/ld+json\" class=\"yoast-schema-graph\">{\"@context\":\"https:\\\/\\\/schema.org\",\"@graph\":[{\"@type\":\"WebPage\",\"@id\":\"https:\\\/\\\/euprevent.eu\\\/nl\\\/mrsa\\\/\",\"url\":\"https:\\\/\\\/euprevent.eu\\\/nl\\\/mrsa\\\/\",\"name\":\"Project euPrevent MRSA - euPrevent\",\"isPartOf\":{\"@id\":\"https:\\\/\\\/euprevent.eu\\\/nl\\\/#website\"},\"datePublished\":\"2017-11-21T09:59:21+00:00\",\"dateModified\":\"2017-12-08T09:28:15+00:00\",\"breadcrumb\":{\"@id\":\"https:\\\/\\\/euprevent.eu\\\/nl\\\/mrsa\\\/#breadcrumb\"},\"inLanguage\":\"nl-NL\",\"potentialAction\":[{\"@type\":\"ReadAction\",\"target\":[\"https:\\\/\\\/euprevent.eu\\\/nl\\\/mrsa\\\/\"]}]},{\"@type\":\"BreadcrumbList\",\"@id\":\"https:\\\/\\\/euprevent.eu\\\/nl\\\/mrsa\\\/#breadcrumb\",\"itemListElement\":[{\"@type\":\"ListItem\",\"position\":1,\"name\":\"Home\",\"item\":\"https:\\\/\\\/euprevent.eu\\\/nl\\\/\"},{\"@type\":\"ListItem\",\"position\":2,\"name\":\"Project euPrevent MRSA\"}]},{\"@type\":\"WebSite\",\"@id\":\"https:\\\/\\\/euprevent.eu\\\/nl\\\/#website\",\"url\":\"https:\\\/\\\/euprevent.eu\\\/nl\\\/\",\"name\":\"euPrevent\",\"description\":\"euPrevent is a Euroregional network that focuses on promoting health. Within this network, sustainable partnerships seek to increase the quality of life of residents in the border region between the Netherlands, Belgium and Germany.\",\"potentialAction\":[{\"@type\":\"SearchAction\",\"target\":{\"@type\":\"EntryPoint\",\"urlTemplate\":\"https:\\\/\\\/euprevent.eu\\\/nl\\\/?s={search_term_string}\"},\"query-input\":{\"@type\":\"PropertyValueSpecification\",\"valueRequired\":true,\"valueName\":\"search_term_string\"}}],\"inLanguage\":\"nl-NL\"}]}<\/script>\n<!-- \/ Yoast SEO plugin. -->","yoast_head_json":{"title":"Project euPrevent MRSA - euPrevent","robots":{"index":"index","follow":"follow","max-snippet":"max-snippet:-1","max-image-preview":"max-image-preview:large","max-video-preview":"max-video-preview:-1"},"canonical":"https:\/\/euprevent.eu\/nl\/mrsa\/","og_locale":"nl_NL","og_type":"article","og_title":"Project euPrevent MRSA - euPrevent","og_description":"[vc_row][vc_column][vc_single_image image=&#8221;1041&#8243; img_size=&#8221;medium&#8221; alignment=&#8221;right&#8221;][vc_column_text] Project euPrevent MRSA Vanaf\u00a0eind 20ste eeuw\u00a0is het oversteken van landsgrenzen binnen de Europese Unie steeds makkelijker. Ook binnen de gezondheidszorg gaan pati\u00ebnten vaker de grens over. Pati\u00ebntenveiligheid (zoals het beschermen van pati\u00ebnten tegen infecties) is\u00a0een grensoverschrijdend thema. In 2009 wilden zorgorganisaties uit het grensgebied tussen Nederland en\u00a0Duitsland\u00a0dit probleem\u00a0euregionaal aanpakken. Ze startten [&hellip;]","og_url":"https:\/\/euprevent.eu\/nl\/mrsa\/","og_site_name":"euPrevent","article_modified_time":"2017-12-08T09:28:15+00:00","twitter_card":"summary_large_image","twitter_misc":{"Geschatte leestijd":"4 minuten"},"schema":{"@context":"https:\/\/schema.org","@graph":[{"@type":"WebPage","@id":"https:\/\/euprevent.eu\/nl\/mrsa\/","url":"https:\/\/euprevent.eu\/nl\/mrsa\/","name":"Project euPrevent MRSA - euPrevent","isPartOf":{"@id":"https:\/\/euprevent.eu\/nl\/#website"},"datePublished":"2017-11-21T09:59:21+00:00","dateModified":"2017-12-08T09:28:15+00:00","breadcrumb":{"@id":"https:\/\/euprevent.eu\/nl\/mrsa\/#breadcrumb"},"inLanguage":"nl-NL","potentialAction":[{"@type":"ReadAction","target":["https:\/\/euprevent.eu\/nl\/mrsa\/"]}]},{"@type":"BreadcrumbList","@id":"https:\/\/euprevent.eu\/nl\/mrsa\/#breadcrumb","itemListElement":[{"@type":"ListItem","position":1,"name":"Home","item":"https:\/\/euprevent.eu\/nl\/"},{"@type":"ListItem","position":2,"name":"Project euPrevent MRSA"}]},{"@type":"WebSite","@id":"https:\/\/euprevent.eu\/nl\/#website","url":"https:\/\/euprevent.eu\/nl\/","name":"euPrevent","description":"euPrevent is a Euroregional network that focuses on promoting health. Within this network, sustainable partnerships seek to increase the quality of life of residents in the border region between the Netherlands, Belgium and Germany.","potentialAction":[{"@type":"SearchAction","target":{"@type":"EntryPoint","urlTemplate":"https:\/\/euprevent.eu\/nl\/?s={search_term_string}"},"query-input":{"@type":"PropertyValueSpecification","valueRequired":true,"valueName":"search_term_string"}}],"inLanguage":"nl-NL"}]}},"_links":{"self":[{"href":"https:\/\/euprevent.eu\/nl\/wp-json\/wp\/v2\/pages\/2003","targetHints":{"allow":["GET"]}}],"collection":[{"href":"https:\/\/euprevent.eu\/nl\/wp-json\/wp\/v2\/pages"}],"about":[{"href":"https:\/\/euprevent.eu\/nl\/wp-json\/wp\/v2\/types\/page"}],"author":[{"embeddable":true,"href":"https:\/\/euprevent.eu\/nl\/wp-json\/wp\/v2\/users\/1"}],"replies":[{"embeddable":true,"href":"https:\/\/euprevent.eu\/nl\/wp-json\/wp\/v2\/comments?post=2003"}],"version-history":[{"count":21,"href":"https:\/\/euprevent.eu\/nl\/wp-json\/wp\/v2\/pages\/2003\/revisions"}],"predecessor-version":[{"id":2945,"href":"https:\/\/euprevent.eu\/nl\/wp-json\/wp\/v2\/pages\/2003\/revisions\/2945"}],"wp:attachment":[{"href":"https:\/\/euprevent.eu\/nl\/wp-json\/wp\/v2\/media?parent=2003"}],"curies":[{"name":"wp","href":"https:\/\/api.w.org\/{rel}","templated":true}]}}