


{"id":19381,"date":"2023-02-08T11:36:01","date_gmt":"2023-02-08T10:36:01","guid":{"rendered":"https:\/\/euprevent.eu\/?page_id=19381"},"modified":"2023-02-16T12:56:56","modified_gmt":"2023-02-16T11:56:56","slug":"some","status":"publish","type":"page","link":"https:\/\/euprevent.eu\/nl\/some\/","title":{"rendered":"Project euPrevent Mental Health &#038; Social Networks"},"content":{"rendered":"<section class=\"wpb-content-wrapper\"><p>[vc_row content_placement=&#8221;middle&#8221;][vc_column width=&#8221;3\/4&#8243;][vc_row_inner content_placement=&#8221;middle&#8221;][vc_column_inner width=&#8221;1\/2&#8243;][vc_single_image image=&#8221;19401&#8243; img_size=&#8221;medium&#8221; onclick=&#8221;custom_link&#8221; img_link_target=&#8221;_blank&#8221; link=&#8221;https:\/\/euregio-mr.info\/nl\/foerderung\/people-to-people\/&#8221;][\/vc_column_inner][vc_column_inner width=&#8221;1\/2&#8243;][vc_single_image image=&#8221;19573&#8243; img_size=&#8221;full&#8221; onclick=&#8221;custom_link&#8221; img_link_target=&#8221;_blank&#8221; link=&#8221;https:\/\/www.interregemr.eu\/home&#8221;][\/vc_column_inner][\/vc_row_inner][\/vc_column][vc_column width=&#8221;1\/4&#8243;][vc_row_inner][vc_column_inner][vc_single_image image=&#8221;19342&#8243; img_size=&#8221;large&#8221;][\/vc_column_inner][\/vc_row_inner][\/vc_column][\/vc_row][vc_row][vc_column][vc_column_text]<\/p>\n<h1>Project euPrevent Mental Health &amp; Social Networks (euPrevent SoMe)<\/h1>\n<p>Een gezonde grensregio is van vitaal belang voor het welzijn van haar burgers, en geestelijke gezondheidszorg, inclusief preventie, speelt daarbij een cruciale rol. Het SoMe-microproject wil grensoverschrijdende samenwerking bevorderen en burgers in de Euregio Maas-Rijn (EMR) samenbrengen door relevante sociale netwerken in kaart te brengen en inzicht te geven in preventie- en zorgsystemen. Door uitdagingen in de samenwerking op het gebied van geestelijke gezondheidszorg te identificeren, willen we de levenskwaliteit van alle EMR-burgers verbeteren.[\/vc_column_text][\/vc_column][\/vc_row][vc_row gap=&#8221;25&#8243;][vc_column width=&#8221;1\/2&#8243; css=&#8221;.vc_custom_1509467339928{padding-top: 25px !important;background-color: #f3f3f3 !important;border-radius: 5px !important;}&#8221;][vc_column_text css=&#8221;.vc_custom_1675885378525{margin-bottom: 5px !important;padding-bottom: 5px !important;}&#8221;]<\/p>\n<h3>Projectkader<\/h3>\n<p><strong>Doelgroep:<\/strong> EMR-burgers die door de mazen van het net dreigen te glippen wat preventie en verzorging van geestelijke gezondheid betreft of die geen toegang hebben tot het volledige gamma van geestelijke gezondheidsdiensten, alsook de sociale netwerken van deze burgers, organisaties en deskundigen inzake preventie en verzorging van geestelijke gezondheid, sociale verenigingen en het grote publiek.<\/p>\n<p><strong>Period:<\/strong> 01 December 2022 &#8211; 14 October 2023[\/vc_column_text][vc_btn title=&#8221;Funders&#8221; color=&#8221;primary&#8221; size=&#8221;sm&#8221; link=&#8221;url:https%3A%2F%2Feuprevent.eu%2Fnl%2Ffinanciers-project-some%2F&#8221;][vc_btn title=&#8221;Partners&#8221; color=&#8221;primary&#8221; size=&#8221;sm&#8221; link=&#8221;url:%2Fpartner%2F%3Fprojects%3DProject-SOME&#8221;][vc_btn title=&#8221;Geassocieerde partners&#8221; color=&#8221;primary&#8221; size=&#8221;sm&#8221; link=&#8221;url:%2Fnl%2Fassociate-partners-some%2F&#8221;][\/vc_column][vc_column width=&#8221;1\/2&#8243;][\/vc_column][\/vc_row][vc_row][vc_column][vc_empty_space][vc_column_text]<\/p>\n<h2>Achtergrond van het project<\/h2>\n<p>Sociale netwerken zijn een fundamenteel aspect van ziektepreventie omdat ze alle sociale relaties van een persoon omvatten. De sociale banden van burgers in de Euregio Maas-Rijn (EMR) omvatten echter vaak grensoverschrijdende elementen zoals werk, school en vrije tijd, maar geestelijke gezondheidsdiensten en preventie-inspanningen eindigen aan de nationale grens. Bovendien stuiten EMR-burgers die vaak nationale grenzen overschrijden, vaak op organisatorische en financi\u00eble belemmeringen wanneer zij toegang proberen te krijgen tot uitgebreide geestelijke gezondheidszorg en worden zij vaak uitgesloten van preventiemaatregelen. Om de geestelijke gezondheidsbehoeften van de burgers van de EMR doeltreffend aan te pakken, is een alomvattende aanpak die rekening houdt met de euregionale mobiliteit van personen essentieel.<\/p>\n<h2>Activiteiten<\/h2>\n<h3>Activiteit 1 &#8211; Euregionale levensverhalen<\/h3>\n<p>Vijf euregionale verhalen die een stem geven aan de burgers van de EMR en de grensoverschrijdende uitdagingen en belemmeringen in verband met de preventie van en de zorg voor geestelijke gezondheid belichten. Daarnaast worden vijf voorbeeldige sociale netwerken van EMR-burgers geschetst.<\/p>\n<h3>Activiteit 2- Informatiebladen<\/h3>\n<p>De opstelling van twee informatiebladen, \u00e9\u00e9n voor burgers en \u00e9\u00e9n voor beroepsbeoefenaars, is bedoeld om beide groepen te helpen bij het gebruik of de verlening van grensoverschrijdende geestelijke gezondheidsdiensten.<\/p>\n<h3>Activiteit 3 &#8211; Euregionale sociale mediacampagne<\/h3>\n<p>De ontwikkeling en uitvoering van een euregionale sociale mediacampagne is een sleutelelement in de realisatie van het project en de verspreiding van de resultaten van de eerste twee activiteiten[\/vc_column_text][vc_column_text]Het microproject euPrevent SoMe wordt in het kader van het project People to People2 <a href=\"https:\/\/www.interregemr.eu\/\">Interreg V-A EMR<\/a> medegefinancierd met middelen van het Europees Fonds voor Regionale Ontwikkeling (EFRO) en de projectpartners.[\/vc_column_text][\/vc_column][\/vc_row][vc_row][vc_column][vc_column_text]\t<div class=\"clearfix\"><\/div>\r\n\t<div class=\"panel-events_and_news\">\r\n\t\t<div class=\"row\">\r\n\r\n            \r\n            \t\t\t<div class=\"col-sm-12 col-md-6\" id=\"events\">\r\n\t\t\t\t<h3>Evenementen<\/h3>\r\n\t\t\t\t\t\t\t\t\t<p class=\"text-muted text-center\" style=\"margin:60px 0;\">Geen evenementen<\/p>\r\n\t\t\t\t\t\t\t\t<\/div>\r\n\r\n            \r\n            \t\t\t<div class=\"col-sm-12 col-md-6\" id=\"news\">\r\n\t\t\t\t<h3>Nieuws<\/h3>\r\n\t\t\t\t\t\t\t\t\t\t\t\t\t\t\t<div class=\"newsitem\">\r\n\t\t\t\t\t\t\t<a class=\"overlay\" href=\"https:\/\/euprevent.eu\/nl\/understanding-the-impact-of-social-relationships-on-mental-well-being-in-border-regions\/\"><\/a>\r\n                            <div class=\"thumb pull-left\" style=\"background-image: url('https:\/\/euprevent.eu\/wp-content\/uploads\/2023\/09\/carousel.png');\"><\/div>\r\n\t\t\t\t\t\t\t<div class=\"news-info-table\">\r\n\t\t\t\t\t\t\t\t<div class=\"news-info-table-row\">\r\n\t\t\t\t\t\t\t\t\t<div class=\"news-info-table-cell\">\r\n\t\t\t\t\t\t\t\t\t\t<p>6 September 2023<\/p>\r\n\t\t\t\t\t\t\t\t\t\t<h3>Inzicht in de invloed van sociale relaties op mentaal welzijn in grensregio's<\/h3>\r\n\t\t\t\t\t\t\t\t\t<\/div>\r\n\t\t\t\t\t\t\t\t<\/div>\r\n\t\t\t\t\t\t\t<\/div>\r\n\t\t\t\t\t\t<\/div>\r\n\t\t\t\t\t\t\t\t\t\t\t\t<div class=\"newsitem\">\r\n\t\t\t\t\t\t\t<a class=\"overlay\" href=\"https:\/\/euprevent.eu\/nl\/new-initiative-to-improve-mental-health-care-in-cross-border-communities-euprevent-some\/\"><\/a>\r\n                            <div class=\"thumb pull-left\" style=\"background-image: url('https:\/\/euprevent.eu\/wp-content\/uploads\/2023\/02\/project-image.png');\"><\/div>\r\n\t\t\t\t\t\t\t<div class=\"news-info-table\">\r\n\t\t\t\t\t\t\t\t<div class=\"news-info-table-row\">\r\n\t\t\t\t\t\t\t\t\t<div class=\"news-info-table-cell\">\r\n\t\t\t\t\t\t\t\t\t\t<p>16 February 2023<\/p>\r\n\t\t\t\t\t\t\t\t\t\t<h3>Nieuw initiatief ter verbetering van de geestelijke gezondheidszorg in de grensregio van de EMR: euPrevent SoMe<\/h3>\r\n\t\t\t\t\t\t\t\t\t<\/div>\r\n\t\t\t\t\t\t\t\t<\/div>\r\n\t\t\t\t\t\t\t<\/div>\r\n\t\t\t\t\t\t<\/div>\r\n\t\t\t\t\t\t\t\t\t\t\t<div class=\"text-center p-5\"><a class=\"btn btn-sm btn-default\" href=\"https:\/\/euprevent.eu\/nl\/nieuws\/\">Alle nieuwsitems<\/a><\/div>\r\n\t\t\t\t\t\t\t\t<\/div>\r\n            \r\n\t\t<\/div>\r\n\t<\/div>\r\n\r\n\t[\/vc_column_text][\/vc_column][\/vc_row][vc_row][vc_column][vc_column_text][\/vc_column_text][\/vc_column][\/vc_row][vc_row][vc_column][vc_column_text][\/vc_column_text][\/vc_column][\/vc_row][vc_row][vc_column][vc_single_image image=&#8221;19568&#8243; img_size=&#8221;full&#8221;][\/vc_column][\/vc_row]<\/p>\n<\/section>","protected":false},"excerpt":{"rendered":"<p>[vc_row content_placement=&#8221;middle&#8221;][vc_column width=&#8221;3\/4&#8243;][vc_row_inner content_placement=&#8221;middle&#8221;][vc_column_inner width=&#8221;1\/2&#8243;][vc_single_image image=&#8221;19401&#8243; img_size=&#8221;medium&#8221; onclick=&#8221;custom_link&#8221; img_link_target=&#8221;_blank&#8221; link=&#8221;https:\/\/euregio-mr.info\/nl\/foerderung\/people-to-people\/&#8221;][\/vc_column_inner][vc_column_inner width=&#8221;1\/2&#8243;][vc_single_image image=&#8221;19573&#8243; img_size=&#8221;full&#8221; onclick=&#8221;custom_link&#8221; img_link_target=&#8221;_blank&#8221; link=&#8221;https:\/\/www.interregemr.eu\/home&#8221;][\/vc_column_inner][\/vc_row_inner][\/vc_column][vc_column width=&#8221;1\/4&#8243;][vc_row_inner][vc_column_inner][vc_single_image image=&#8221;19342&#8243; img_size=&#8221;large&#8221;][\/vc_column_inner][\/vc_row_inner][\/vc_column][\/vc_row][vc_row][vc_column][vc_column_text] Project euPrevent Mental Health &amp; Social Networks (euPrevent SoMe) Een gezonde grensregio is van vitaal belang voor het welzijn van haar burgers, en geestelijke gezondheidszorg, inclusief preventie, speelt daarbij een cruciale rol. Het SoMe-microproject wil grensoverschrijdende [&hellip;]<\/p>\n","protected":false},"author":1,"featured_media":0,"parent":0,"menu_order":0,"comment_status":"closed","ping_status":"closed","template":"","meta":{"_acf_changed":false,"footnotes":""},"class_list":["post-19381","page","type-page","status-publish","hentry","programmes-mental-health"],"acf":[],"yoast_head":"<!-- This site is optimized with the Yoast SEO plugin v26.8 - https:\/\/yoast.com\/product\/yoast-seo-wordpress\/ -->\n<title>Project euPrevent Mental Health &amp; Social Networks - euPrevent<\/title>\n<meta name=\"robots\" content=\"index, follow, max-snippet:-1, max-image-preview:large, max-video-preview:-1\" \/>\n<link rel=\"canonical\" href=\"https:\/\/euprevent.eu\/nl\/some\/\" \/>\n<meta property=\"og:locale\" content=\"nl_NL\" \/>\n<meta property=\"og:type\" content=\"article\" \/>\n<meta property=\"og:title\" content=\"Project euPrevent Mental Health &amp; Social Networks - euPrevent\" \/>\n<meta property=\"og:description\" content=\"[vc_row content_placement=&#8221;middle&#8221;][vc_column width=&#8221;3\/4&#8243;][vc_row_inner content_placement=&#8221;middle&#8221;][vc_column_inner width=&#8221;1\/2&#8243;][vc_single_image image=&#8221;19401&#8243; img_size=&#8221;medium&#8221; onclick=&#8221;custom_link&#8221; img_link_target=&#8221;_blank&#8221; link=&#8221;https:\/\/euregio-mr.info\/nl\/foerderung\/people-to-people\/&#8221;][\/vc_column_inner][vc_column_inner width=&#8221;1\/2&#8243;][vc_single_image image=&#8221;19573&#8243; img_size=&#8221;full&#8221; onclick=&#8221;custom_link&#8221; img_link_target=&#8221;_blank&#8221; link=&#8221;https:\/\/www.interregemr.eu\/home&#8221;][\/vc_column_inner][\/vc_row_inner][\/vc_column][vc_column width=&#8221;1\/4&#8243;][vc_row_inner][vc_column_inner][vc_single_image image=&#8221;19342&#8243; img_size=&#8221;large&#8221;][\/vc_column_inner][\/vc_row_inner][\/vc_column][\/vc_row][vc_row][vc_column][vc_column_text] Project euPrevent Mental Health &amp; Social Networks (euPrevent SoMe) Een gezonde grensregio is van vitaal belang voor het welzijn van haar burgers, en geestelijke gezondheidszorg, inclusief preventie, speelt daarbij een cruciale rol. Het SoMe-microproject wil grensoverschrijdende [&hellip;]\" \/>\n<meta property=\"og:url\" content=\"https:\/\/euprevent.eu\/nl\/some\/\" \/>\n<meta property=\"og:site_name\" content=\"euPrevent\" \/>\n<meta property=\"article:modified_time\" content=\"2023-02-16T11:56:56+00:00\" \/>\n<meta name=\"twitter:card\" content=\"summary_large_image\" \/>\n<meta name=\"twitter:label1\" content=\"Geschatte leestijd\" \/>\n\t<meta name=\"twitter:data1\" content=\"2 minuten\" \/>\n<script type=\"application\/ld+json\" class=\"yoast-schema-graph\">{\"@context\":\"https:\/\/schema.org\",\"@graph\":[{\"@type\":\"WebPage\",\"@id\":\"https:\/\/euprevent.eu\/nl\/some\/\",\"url\":\"https:\/\/euprevent.eu\/nl\/some\/\",\"name\":\"Project euPrevent Mental Health & Social Networks - euPrevent\",\"isPartOf\":{\"@id\":\"https:\/\/euprevent.eu\/nl\/#website\"},\"datePublished\":\"2023-02-08T10:36:01+00:00\",\"dateModified\":\"2023-02-16T11:56:56+00:00\",\"breadcrumb\":{\"@id\":\"https:\/\/euprevent.eu\/nl\/some\/#breadcrumb\"},\"inLanguage\":\"nl-NL\",\"potentialAction\":[{\"@type\":\"ReadAction\",\"target\":[\"https:\/\/euprevent.eu\/nl\/some\/\"]}]},{\"@type\":\"BreadcrumbList\",\"@id\":\"https:\/\/euprevent.eu\/nl\/some\/#breadcrumb\",\"itemListElement\":[{\"@type\":\"ListItem\",\"position\":1,\"name\":\"Home\",\"item\":\"https:\/\/euprevent.eu\/nl\/\"},{\"@type\":\"ListItem\",\"position\":2,\"name\":\"Project euPrevent Mental Health &#038; Social Networks\"}]},{\"@type\":\"WebSite\",\"@id\":\"https:\/\/euprevent.eu\/nl\/#website\",\"url\":\"https:\/\/euprevent.eu\/nl\/\",\"name\":\"euPrevent\",\"description\":\"euPrevent is a Euroregional network that focuses on promoting health. Within this network, sustainable partnerships seek to increase the quality of life of residents in the border region between the Netherlands, Belgium and Germany.\",\"potentialAction\":[{\"@type\":\"SearchAction\",\"target\":{\"@type\":\"EntryPoint\",\"urlTemplate\":\"https:\/\/euprevent.eu\/nl\/?s={search_term_string}\"},\"query-input\":{\"@type\":\"PropertyValueSpecification\",\"valueRequired\":true,\"valueName\":\"search_term_string\"}}],\"inLanguage\":\"nl-NL\"}]}<\/script>\n<!-- \/ Yoast SEO plugin. -->","yoast_head_json":{"title":"Project euPrevent Mental Health & Social Networks - euPrevent","robots":{"index":"index","follow":"follow","max-snippet":"max-snippet:-1","max-image-preview":"max-image-preview:large","max-video-preview":"max-video-preview:-1"},"canonical":"https:\/\/euprevent.eu\/nl\/some\/","og_locale":"nl_NL","og_type":"article","og_title":"Project euPrevent Mental Health & Social Networks - euPrevent","og_description":"[vc_row content_placement=&#8221;middle&#8221;][vc_column width=&#8221;3\/4&#8243;][vc_row_inner content_placement=&#8221;middle&#8221;][vc_column_inner width=&#8221;1\/2&#8243;][vc_single_image image=&#8221;19401&#8243; img_size=&#8221;medium&#8221; onclick=&#8221;custom_link&#8221; img_link_target=&#8221;_blank&#8221; link=&#8221;https:\/\/euregio-mr.info\/nl\/foerderung\/people-to-people\/&#8221;][\/vc_column_inner][vc_column_inner width=&#8221;1\/2&#8243;][vc_single_image image=&#8221;19573&#8243; img_size=&#8221;full&#8221; onclick=&#8221;custom_link&#8221; img_link_target=&#8221;_blank&#8221; link=&#8221;https:\/\/www.interregemr.eu\/home&#8221;][\/vc_column_inner][\/vc_row_inner][\/vc_column][vc_column width=&#8221;1\/4&#8243;][vc_row_inner][vc_column_inner][vc_single_image image=&#8221;19342&#8243; img_size=&#8221;large&#8221;][\/vc_column_inner][\/vc_row_inner][\/vc_column][\/vc_row][vc_row][vc_column][vc_column_text] Project euPrevent Mental Health &amp; Social Networks (euPrevent SoMe) Een gezonde grensregio is van vitaal belang voor het welzijn van haar burgers, en geestelijke gezondheidszorg, inclusief preventie, speelt daarbij een cruciale rol. Het SoMe-microproject wil grensoverschrijdende [&hellip;]","og_url":"https:\/\/euprevent.eu\/nl\/some\/","og_site_name":"euPrevent","article_modified_time":"2023-02-16T11:56:56+00:00","twitter_card":"summary_large_image","twitter_misc":{"Geschatte leestijd":"2 minuten"},"schema":{"@context":"https:\/\/schema.org","@graph":[{"@type":"WebPage","@id":"https:\/\/euprevent.eu\/nl\/some\/","url":"https:\/\/euprevent.eu\/nl\/some\/","name":"Project euPrevent Mental Health & Social Networks - euPrevent","isPartOf":{"@id":"https:\/\/euprevent.eu\/nl\/#website"},"datePublished":"2023-02-08T10:36:01+00:00","dateModified":"2023-02-16T11:56:56+00:00","breadcrumb":{"@id":"https:\/\/euprevent.eu\/nl\/some\/#breadcrumb"},"inLanguage":"nl-NL","potentialAction":[{"@type":"ReadAction","target":["https:\/\/euprevent.eu\/nl\/some\/"]}]},{"@type":"BreadcrumbList","@id":"https:\/\/euprevent.eu\/nl\/some\/#breadcrumb","itemListElement":[{"@type":"ListItem","position":1,"name":"Home","item":"https:\/\/euprevent.eu\/nl\/"},{"@type":"ListItem","position":2,"name":"Project euPrevent Mental Health &#038; Social Networks"}]},{"@type":"WebSite","@id":"https:\/\/euprevent.eu\/nl\/#website","url":"https:\/\/euprevent.eu\/nl\/","name":"euPrevent","description":"euPrevent is a Euroregional network that focuses on promoting health. Within this network, sustainable partnerships seek to increase the quality of life of residents in the border region between the Netherlands, Belgium and Germany.","potentialAction":[{"@type":"SearchAction","target":{"@type":"EntryPoint","urlTemplate":"https:\/\/euprevent.eu\/nl\/?s={search_term_string}"},"query-input":{"@type":"PropertyValueSpecification","valueRequired":true,"valueName":"search_term_string"}}],"inLanguage":"nl-NL"}]}},"_links":{"self":[{"href":"https:\/\/euprevent.eu\/nl\/wp-json\/wp\/v2\/pages\/19381","targetHints":{"allow":["GET"]}}],"collection":[{"href":"https:\/\/euprevent.eu\/nl\/wp-json\/wp\/v2\/pages"}],"about":[{"href":"https:\/\/euprevent.eu\/nl\/wp-json\/wp\/v2\/types\/page"}],"author":[{"embeddable":true,"href":"https:\/\/euprevent.eu\/nl\/wp-json\/wp\/v2\/users\/1"}],"replies":[{"embeddable":true,"href":"https:\/\/euprevent.eu\/nl\/wp-json\/wp\/v2\/comments?post=19381"}],"version-history":[{"count":21,"href":"https:\/\/euprevent.eu\/nl\/wp-json\/wp\/v2\/pages\/19381\/revisions"}],"predecessor-version":[{"id":19583,"href":"https:\/\/euprevent.eu\/nl\/wp-json\/wp\/v2\/pages\/19381\/revisions\/19583"}],"wp:attachment":[{"href":"https:\/\/euprevent.eu\/nl\/wp-json\/wp\/v2\/media?parent=19381"}],"curies":[{"name":"wp","href":"https:\/\/api.w.org\/{rel}","templated":true}]}}