


{"id":11498,"date":"2019-09-03T07:35:07","date_gmt":"2019-09-03T07:35:07","guid":{"rendered":"https:\/\/euprevent.eu\/?page_id=11498"},"modified":"2019-09-03T09:15:06","modified_gmt":"2019-09-03T09:15:06","slug":"vierte-krankenhaussiegel","status":"publish","type":"page","link":"https:\/\/euprevent.eu\/nl\/euprevent-qualitatssiegel\/vierte-krankenhaussiegel\/","title":{"rendered":"Vierte Krankenhaussiegel"},"content":{"rendered":"<section class=\"wpb-content-wrapper\"><p>[vc_row][vc_column][vc_column_text el_class=&#8221;alert alert-info&#8221;]<\/p>\n<p style=\"text-align: center;\">Deze informatie is alleen beschikbaar in het Duits. \/ The information below is only available in German. \/\u00a0Cette information est seulement disponible en allemand.<\/p>\n<p>[\/vc_column_text][\/vc_column][\/vc_row][vc_row css=&#8221;.vc_custom_1483999173497{margin-bottom: 0px !important;}&#8221;][vc_column][vc_column_text css=&#8221;.vc_custom_1567494519505{margin-bottom: 20px !important;}&#8221;]<\/p>\n<h2>Viertes Krankenhaussiegel<\/h2>\n<p>[\/vc_column_text][\/vc_column][\/vc_row][vc_row][vc_column width=&#8221;5\/6&#8243;][vc_column_text]Das vierte Krankenhaussiegel enth\u00e4lt insgesamt neun Qualit\u00e4tsziele. Alle neun Kernthemen sind darin enthalten und wurden zum Teil um neue Anforderungen erg\u00e4nzt. Dabei liegt u.a. ein Schwerpunkt auf der st\u00e4rkeren, grenz\u00fcberschreitenden Zusammenarbeit mit den niederl\u00e4ndischen und belgischen Kliniken. Weitere Themen, die in Qualit\u00e4tsziele umgesetzt wurden, sind die Steigerung der Impfraten im Rahmen der Influenza-Pr\u00e4vention, der Umgang mit MRE bei Menschen in der letzten Lebensphase (MRE-End-of-life-care) sowie das Entlass- und \u00dcberleitungsmanagement.[\/vc_column_text][\/vc_column][vc_column width=&#8221;1\/6&#8243;][vc_single_image image=&#8221;280&#8243; img_size=&#8221;full&#8221;][\/vc_column][\/vc_row][vc_row][vc_column][vc_tta_tour][vc_tta_section title=&#8221;Auditoren&#8221; tab_id=&#8221;1484000065193-2cfa2d43-f902&#8243;][vc_column_text]<\/p>\n<h3>Auditoren<\/h3>\n<p>[\/vc_column_text][vc_row_inner][vc_column_inner][vc_btn title=&#8221;Auditoren Checkliste Viertes KH-Siegel&#8221; color=&#8221;white&#8221; align=&#8221;left&#8221; i_icon_fontawesome=&#8221;fa fa-file-pdf-o&#8221; button_block=&#8221;true&#8221; add_icon=&#8221;true&#8221; link=&#8221;url:https%3A%2F%2Feuprevent.eu%2Fwp-content%2Fuploads%2F2019%2F09%2FAuditoren-Checkliste-Viertes-KH-Siegel.pdf|||&#8221;][vc_btn title=&#8221;Auditorenschulung Viertes KH-Siegel&#8221; color=&#8221;white&#8221; align=&#8221;left&#8221; i_icon_fontawesome=&#8221;fa fa-file-pdf-o&#8221; button_block=&#8221;true&#8221; add_icon=&#8221;true&#8221; link=&#8221;url:https%3A%2F%2Feuprevent.eu%2Fwp-content%2Fuploads%2F2019%2F09%2FAuditorenschulung-Viertes-Qualit%C3%A4tssiegel-Krankenh%C3%A4user.pdf|||&#8221;][\/vc_column_inner][\/vc_row_inner][\/vc_tta_section][vc_tta_section title=&#8221;Krankenh\u00e4user&#8221; tab_id=&#8221;1484050362879-8891abab-cf5d&#8221;][vc_column_text]<\/p>\n<h3>Teilnehmende Krankenh\u00e4user<\/h3>\n<p>[\/vc_column_text][vc_row_inner][vc_column_inner][\/vc_column_inner][\/vc_row_inner][\/vc_tta_section][vc_tta_section title=&#8221;Literatur&#8221; tab_id=&#8221;1484000602777-110ac1dc-84d7&#8243;][vc_column_text]<\/p>\n<h3>Literatur<\/h3>\n<p>[\/vc_column_text][vc_row_inner][vc_column_inner][vc_btn title=&#8221;H. Roggendorf &#8211; Verbetering van de Influenza Impfquote&#8221; color=&#8221;white&#8221; align=&#8221;left&#8221; i_icon_fontawesome=&#8221;fa fa-file-pdf-o&#8221; button_block=&#8221;true&#8221; add_icon=&#8221;true&#8221; link=&#8221;url:https%3A%2F%2Feuprevent.eu%2Fwp-content%2Fuploads%2F2019%2F09%2FH.-Roggendorf-Verbesserung-der-Influenza-Impfquote.pdf|||&#8221;][vc_btn title=&#8221;M-EndoL &#8211; Interdisziplin\u00e4re Entwicklung Dr. Maria Heckel und Johanna Tiedtke&#8221; color=&#8221;white&#8221; align=&#8221;left&#8221; i_icon_fontawesome=&#8221;fa fa-file-pdf-o&#8221; button_block=&#8221;true&#8221; add_icon=&#8221;true&#8221; link=&#8221;url:https%3A%2F%2Feuprevent.eu%2Fwp-content%2Fuploads%2F2019%2F09%2FM-EndoL_Interdisziplin%C3%A4re_Entwicklung_Dr._Maria_Heckel_und_Johanna_Tiedtke.pdf|||&#8221;][vc_btn title=&#8221;R. Datta &#8211; Burden and Management of Multidrug-Resistant Organ&#8221; color=&#8221;white&#8221; align=&#8221;left&#8221; i_icon_fontawesome=&#8221;fa fa-file-pdf-o&#8221; button_block=&#8221;true&#8221; add_icon=&#8221;true&#8221; link=&#8221;url:https%3A%2F%2Feuprevent.eu%2Fwp-content%2Fuploads%2F2019%2F09%2FR.-Datta-Burden_and_Management_of_Multidrug-Resistant_Organ.pdf|||&#8221;][vc_btn title=&#8221;T. Adelhardt &#8211; M-EndoL&#8221; color=&#8221;white&#8221; align=&#8221;left&#8221; i_icon_fontawesome=&#8221;fa fa-file-pdf-o&#8221; button_block=&#8221;true&#8221; add_icon=&#8221;true&#8221; link=&#8221;url:https%3A%2F%2Feuprevent.eu%2Fwp-content%2Fuploads%2F2019%2F09%2FT.-Adelhardt-M-EndoL.pdf|||&#8221;][\/vc_column_inner][\/vc_row_inner][\/vc_tta_section][vc_tta_section title=&#8221;Erstellungshilfe&#8221; tab_id=&#8221;1484050886209-38c89531-fbd1&#8243;][vc_column_text]<\/p>\n<h3>Erstellungshilfe<\/h3>\n<p>[\/vc_column_text][vc_row_inner][vc_column_inner][vc_btn title=&#8221;QZ 5 &#8211; Checklist-QZ-5-Hausintenes hygi\u00ebne audit VORM&#8221; color=&#8221;white&#8221; align=&#8221;left&#8221; i_icon_fontawesome=&#8221;fa fa-file-pdf-o&#8221; button_block=&#8221;true&#8221; add_icon=&#8221;true&#8221; link=&#8221;url:https%3A%2F%2Feuprevent.eu%2Fwp-content%2Fuploads%2F2019%2F09%2FCheckliste-QZ-5-Hausintenes-Hygiene-Audit-FORM.pdf|||&#8221;][vc_btn title=&#8221;QZ 6 + 7: BZgA &#8211; Fragen und Antworten zur Grippe Impfung v1.0&#8243; color=&#8221;white&#8221; align=&#8221;left&#8221; i_icon_fontawesome=&#8221;fa fa-file-pdf-o&#8221; button_block=&#8221;true&#8221; add_icon=&#8221;true&#8221; link=&#8221;url:https%3A%2F%2Feuprevent.eu%2Fwp-content%2Fuploads%2F2019%2F09%2FBZgA-Fragen_und_Antworten_zur_Grippe-Impfung_v1.0.pdf|||&#8221;][vc_btn title=&#8221;QZ 6 + 7: BZgA &#8211; Influenza&#8221; color=&#8221;white&#8221; align=&#8221;left&#8221; i_icon_fontawesome=&#8221;fa fa-file-pdf-o&#8221; button_block=&#8221;true&#8221; add_icon=&#8221;true&#8221; link=&#8221;url:https%3A%2F%2Feuprevent.eu%2Fwp-content%2Fuploads%2F2019%2F09%2FBZgA-Influenza.pdf|||&#8221;][vc_btn title=&#8221;QZ 6 + 7: BZgA &#8211; Sicherheit und Wirksamkeit der Grippeimpfung&#8221; color=&#8221;white&#8221; align=&#8221;left&#8221; i_icon_fontawesome=&#8221;fa fa-file-pdf-o&#8221; button_block=&#8221;true&#8221; add_icon=&#8221;true&#8221; link=&#8221;url:https%3A%2F%2Feuprevent.eu%2Fwp-content%2Fuploads%2F2019%2F09%2FBZgA-Sicherheit_und_Wirksamkeit_der_Grippeimpfung.pdf|||&#8221;][vc_btn title=&#8221;QZ 6 + 7: Plakat Grippeschutzimpfung Vorlage A&#8221; color=&#8221;white&#8221; align=&#8221;left&#8221; i_icon_fontawesome=&#8221;fa fa-file-pdf-o&#8221; button_block=&#8221;true&#8221; add_icon=&#8221;true&#8221; link=&#8221;url:https%3A%2F%2Feuprevent.eu%2Fwp-content%2Fuploads%2F2019%2F09%2FPlakat_Grippeschutzimpfung_Vorlage_A.pdf|||&#8221;][vc_btn title=&#8221;QZ 6 + 7: Plakat Grippeschutzimpfung Vorlage B&#8221; color=&#8221;white&#8221; align=&#8221;left&#8221; i_icon_fontawesome=&#8221;fa fa-file-pdf-o&#8221; button_block=&#8221;true&#8221; add_icon=&#8221;true&#8221; link=&#8221;url:https%3A%2F%2Feuprevent.eu%2Fwp-content%2Fuploads%2F2019%2F09%2FPlakat_Grippeschutzimpfung_Vorlage_B.pdf|||&#8221;][vc_btn title=&#8221;QZ 6 + 7: Plakat Wir kommen der Grippe zuvor Chronisch Kranke&#8221; color=&#8221;white&#8221; align=&#8221;left&#8221; i_icon_fontawesome=&#8221;fa fa-file-pdf-o&#8221; button_block=&#8221;true&#8221; add_icon=&#8221;true&#8221; link=&#8221;url:https%3A%2F%2Feuprevent.eu%2Fwp-content%2Fuploads%2F2019%2F09%2FPlakat_Wir-kommen-der-Grippe-zuvor_Chronisch-Kranke.pdf|||&#8221;][vc_btn title=&#8221;QZ 6 + 7: Plakat Wir kommen der Grippe zuvor Senioren&#8221; color=&#8221;white&#8221; align=&#8221;left&#8221; i_icon_fontawesome=&#8221;fa fa-file-pdf-o&#8221; button_block=&#8221;true&#8221; add_icon=&#8221;true&#8221; link=&#8221;url:https%3A%2F%2Feuprevent.eu%2Fwp-content%2Fuploads%2F2019%2F09%2FPlakat_Wir-kommen-der-Grippe-zuvor_Senioren.pdf|||&#8221;][vc_btn title=&#8221;QZ 6 + 7: RKI &#8211; Impfquote Influenza Personal&#8221; color=&#8221;white&#8221; align=&#8221;left&#8221; i_icon_fontawesome=&#8221;fa fa-file-pdf-o&#8221; button_block=&#8221;true&#8221; add_icon=&#8221;true&#8221; link=&#8221;url:https%3A%2F%2Feuprevent.eu%2Fwp-content%2Fuploads%2F2019%2F09%2FRKI-Impfquote-Influenza-Personal.pdf|||&#8221;][vc_btn title=&#8221;QZ 6 + 7: RKI &#8211; Impfung Inluenza Personalm 2&#8243; color=&#8221;white&#8221; align=&#8221;left&#8221; i_icon_fontawesome=&#8221;fa fa-file-pdf-o&#8221; button_block=&#8221;true&#8221; add_icon=&#8221;true&#8221; link=&#8221;url:https%3A%2F%2Feuprevent.eu%2Fwp-content%2Fuploads%2F2019%2F09%2FRKI-Impfung-Inluenza-Personalm-2.pdf|||&#8221;][vc_btn title=&#8221;QZ 6 + 7: WHO Factsheet Healthworker German&#8221; color=&#8221;white&#8221; align=&#8221;left&#8221; i_icon_fontawesome=&#8221;fa fa-file-pdf-o&#8221; button_block=&#8221;true&#8221; add_icon=&#8221;true&#8221; link=&#8221;url:https%3A%2F%2Feuprevent.eu%2Fwp-content%2Fuploads%2F2019%2F09%2FWHO_Factsheet_Healthworker_German.pdf|||&#8221;][vc_btn title=&#8221;QZ 6 + 7: WHO Factsheet Pregnancy German&#8221; color=&#8221;white&#8221; align=&#8221;left&#8221; i_icon_fontawesome=&#8221;fa fa-file-pdf-o&#8221; button_block=&#8221;true&#8221; add_icon=&#8221;true&#8221; link=&#8221;url:https%3A%2F%2Feuprevent.eu%2Fwp-content%2Fuploads%2F2019%2F09%2FWHO_Factsheet_Pregnancy_German.pdf|||&#8221;][vc_btn title=&#8221;QZ 8: M-EndoL&#8221; color=&#8221;white&#8221; align=&#8221;left&#8221; i_icon_fontawesome=&#8221;fa fa-file-pdf-o&#8221; button_block=&#8221;true&#8221; add_icon=&#8221;true&#8221; link=&#8221;url:https%3A%2F%2Feuprevent.eu%2Fwp-content%2Fuploads%2F2019%2F09%2FM-EndoL.pdf|||&#8221;][\/vc_column_inner][\/vc_row_inner][\/vc_tta_section][vc_tta_section title=&#8221;Siegel&#8221; tab_id=&#8221;1484000531381-e19ec8fe-b3dc&#8221;][vc_column_text]<\/p>\n<h2>Siegel<\/h2>\n<p>[\/vc_column_text][vc_row_inner][vc_column_inner][vc_btn title=&#8221;Viertes euPrevent-Qualit\u00e4tssiegel f\u00fcr Krankenh\u00e4user&#8221; color=&#8221;white&#8221; align=&#8221;left&#8221; i_icon_fontawesome=&#8221;fa fa-file-pdf-o&#8221; button_block=&#8221;true&#8221; add_icon=&#8221;true&#8221; link=&#8221;|||&#8221;][\/vc_column_inner][\/vc_row_inner][\/vc_tta_section][vc_tta_section title=&#8221;Anforderungen&#8221; tab_id=&#8221;1484000608824-71c7e040-63bd&#8221;][vc_column_text]<\/p>\n<h2>Anforderungen<\/h2>\n<p>[\/vc_column_text][vc_row_inner][vc_column_inner][vc_btn title=&#8221;Viertes euPrevent-Krankenhaussiegel Endfassung&#8221; color=&#8221;white&#8221; align=&#8221;left&#8221; i_icon_fontawesome=&#8221;fa fa-file-pdf-o&#8221; button_block=&#8221;true&#8221; add_icon=&#8221;true&#8221; link=&#8221;url:https%3A%2F%2Feuprevent.eu%2Fwp-content%2Fuploads%2F2019%2F09%2F4.-euPrevent-Krankenhaussiegel_Endversion_060819.pdf|||&#8221;][\/vc_column_inner][\/vc_row_inner][\/vc_tta_section][vc_tta_section title=&#8221;Siegelverleihung 23.06.2020&#8243; tab_id=&#8221;1567496571273-d8eb12a7-f3a8&#8243;][\/vc_tta_section][\/vc_tta_tour][vc_row_inner][vc_column_inner][\/vc_column_inner][\/vc_row_inner][\/vc_column][\/vc_row]<\/p>\n<\/section>","protected":false},"excerpt":{"rendered":"<p>[vc_row][vc_column][vc_column_text el_class=&#8221;alert alert-info&#8221;] Deze informatie is alleen beschikbaar in het Duits. \/ The information below is only available in German. \/\u00a0Cette information est seulement disponible en allemand. [\/vc_column_text][\/vc_column][\/vc_row][vc_row css=&#8221;.vc_custom_1483999173497{margin-bottom: 0px !important;}&#8221;][vc_column][vc_column_text css=&#8221;.vc_custom_1567494519505{margin-bottom: 20px !important;}&#8221;] Viertes Krankenhaussiegel [\/vc_column_text][\/vc_column][\/vc_row][vc_row][vc_column width=&#8221;5\/6&#8243;][vc_column_text]Das vierte Krankenhaussiegel enth\u00e4lt insgesamt neun Qualit\u00e4tsziele. Alle neun Kernthemen sind darin enthalten und wurden zum Teil um [&hellip;]<\/p>\n","protected":false},"author":1,"featured_media":0,"parent":245,"menu_order":0,"comment_status":"closed","ping_status":"closed","template":"","meta":{"_acf_changed":false,"footnotes":""},"class_list":["post-11498","page","type-page","status-publish","hentry","programmes-infectious-diseases"],"acf":[],"yoast_head":"<!-- This site is optimized with the Yoast SEO plugin v26.8 - https:\/\/yoast.com\/product\/yoast-seo-wordpress\/ -->\n<title>Vierte Krankenhaussiegel - euPrevent<\/title>\n<meta name=\"robots\" content=\"index, follow, max-snippet:-1, max-image-preview:large, max-video-preview:-1\" \/>\n<link rel=\"canonical\" href=\"https:\/\/euprevent.eu\/nl\/euprevent-qualitatssiegel\/vierte-krankenhaussiegel\/\" \/>\n<meta property=\"og:locale\" content=\"nl_NL\" \/>\n<meta property=\"og:type\" content=\"article\" \/>\n<meta property=\"og:title\" content=\"Vierte Krankenhaussiegel - euPrevent\" \/>\n<meta property=\"og:description\" content=\"[vc_row][vc_column][vc_column_text el_class=&#8221;alert alert-info&#8221;] Deze informatie is alleen beschikbaar in het Duits. \/ The information below is only available in German. \/\u00a0Cette information est seulement disponible en allemand. [\/vc_column_text][\/vc_column][\/vc_row][vc_row css=&#8221;.vc_custom_1483999173497{margin-bottom: 0px !important;}&#8221;][vc_column][vc_column_text css=&#8221;.vc_custom_1567494519505{margin-bottom: 20px !important;}&#8221;] Viertes Krankenhaussiegel [\/vc_column_text][\/vc_column][\/vc_row][vc_row][vc_column width=&#8221;5\/6&#8243;][vc_column_text]Das vierte Krankenhaussiegel enth\u00e4lt insgesamt neun Qualit\u00e4tsziele. Alle neun Kernthemen sind darin enthalten und wurden zum Teil um [&hellip;]\" \/>\n<meta property=\"og:url\" content=\"https:\/\/euprevent.eu\/nl\/euprevent-qualitatssiegel\/vierte-krankenhaussiegel\/\" \/>\n<meta property=\"og:site_name\" content=\"euPrevent\" \/>\n<meta property=\"article:modified_time\" content=\"2019-09-03T09:15:06+00:00\" \/>\n<meta name=\"twitter:card\" content=\"summary_large_image\" \/>\n<meta name=\"twitter:label1\" content=\"Geschatte leestijd\" \/>\n\t<meta name=\"twitter:data1\" content=\"6 minuten\" \/>\n<script type=\"application\/ld+json\" class=\"yoast-schema-graph\">{\"@context\":\"https:\/\/schema.org\",\"@graph\":[{\"@type\":\"WebPage\",\"@id\":\"https:\/\/euprevent.eu\/nl\/euprevent-qualitatssiegel\/vierte-krankenhaussiegel\/\",\"url\":\"https:\/\/euprevent.eu\/nl\/euprevent-qualitatssiegel\/vierte-krankenhaussiegel\/\",\"name\":\"Vierte Krankenhaussiegel - euPrevent\",\"isPartOf\":{\"@id\":\"https:\/\/euprevent.eu\/nl\/#website\"},\"datePublished\":\"2019-09-03T07:35:07+00:00\",\"dateModified\":\"2019-09-03T09:15:06+00:00\",\"breadcrumb\":{\"@id\":\"https:\/\/euprevent.eu\/nl\/euprevent-qualitatssiegel\/vierte-krankenhaussiegel\/#breadcrumb\"},\"inLanguage\":\"nl-NL\",\"potentialAction\":[{\"@type\":\"ReadAction\",\"target\":[\"https:\/\/euprevent.eu\/nl\/euprevent-qualitatssiegel\/vierte-krankenhaussiegel\/\"]}]},{\"@type\":\"BreadcrumbList\",\"@id\":\"https:\/\/euprevent.eu\/nl\/euprevent-qualitatssiegel\/vierte-krankenhaussiegel\/#breadcrumb\",\"itemListElement\":[{\"@type\":\"ListItem\",\"position\":1,\"name\":\"Home\",\"item\":\"https:\/\/euprevent.eu\/nl\/\"},{\"@type\":\"ListItem\",\"position\":2,\"name\":\"euPrevent Qualit\u00e4tssiegel\",\"item\":\"https:\/\/euprevent.eu\/nl\/euprevent-qualitatssiegel\/\"},{\"@type\":\"ListItem\",\"position\":3,\"name\":\"Vierte Krankenhaussiegel\"}]},{\"@type\":\"WebSite\",\"@id\":\"https:\/\/euprevent.eu\/nl\/#website\",\"url\":\"https:\/\/euprevent.eu\/nl\/\",\"name\":\"euPrevent\",\"description\":\"euPrevent is a Euroregional network that focuses on promoting health. Within this network, sustainable partnerships seek to increase the quality of life of residents in the border region between the Netherlands, Belgium and Germany.\",\"potentialAction\":[{\"@type\":\"SearchAction\",\"target\":{\"@type\":\"EntryPoint\",\"urlTemplate\":\"https:\/\/euprevent.eu\/nl\/?s={search_term_string}\"},\"query-input\":{\"@type\":\"PropertyValueSpecification\",\"valueRequired\":true,\"valueName\":\"search_term_string\"}}],\"inLanguage\":\"nl-NL\"}]}<\/script>\n<!-- \/ Yoast SEO plugin. -->","yoast_head_json":{"title":"Vierte Krankenhaussiegel - euPrevent","robots":{"index":"index","follow":"follow","max-snippet":"max-snippet:-1","max-image-preview":"max-image-preview:large","max-video-preview":"max-video-preview:-1"},"canonical":"https:\/\/euprevent.eu\/nl\/euprevent-qualitatssiegel\/vierte-krankenhaussiegel\/","og_locale":"nl_NL","og_type":"article","og_title":"Vierte Krankenhaussiegel - euPrevent","og_description":"[vc_row][vc_column][vc_column_text el_class=&#8221;alert alert-info&#8221;] Deze informatie is alleen beschikbaar in het Duits. \/ The information below is only available in German. \/\u00a0Cette information est seulement disponible en allemand. [\/vc_column_text][\/vc_column][\/vc_row][vc_row css=&#8221;.vc_custom_1483999173497{margin-bottom: 0px !important;}&#8221;][vc_column][vc_column_text css=&#8221;.vc_custom_1567494519505{margin-bottom: 20px !important;}&#8221;] Viertes Krankenhaussiegel [\/vc_column_text][\/vc_column][\/vc_row][vc_row][vc_column width=&#8221;5\/6&#8243;][vc_column_text]Das vierte Krankenhaussiegel enth\u00e4lt insgesamt neun Qualit\u00e4tsziele. Alle neun Kernthemen sind darin enthalten und wurden zum Teil um [&hellip;]","og_url":"https:\/\/euprevent.eu\/nl\/euprevent-qualitatssiegel\/vierte-krankenhaussiegel\/","og_site_name":"euPrevent","article_modified_time":"2019-09-03T09:15:06+00:00","twitter_card":"summary_large_image","twitter_misc":{"Geschatte leestijd":"6 minuten"},"schema":{"@context":"https:\/\/schema.org","@graph":[{"@type":"WebPage","@id":"https:\/\/euprevent.eu\/nl\/euprevent-qualitatssiegel\/vierte-krankenhaussiegel\/","url":"https:\/\/euprevent.eu\/nl\/euprevent-qualitatssiegel\/vierte-krankenhaussiegel\/","name":"Vierte Krankenhaussiegel - euPrevent","isPartOf":{"@id":"https:\/\/euprevent.eu\/nl\/#website"},"datePublished":"2019-09-03T07:35:07+00:00","dateModified":"2019-09-03T09:15:06+00:00","breadcrumb":{"@id":"https:\/\/euprevent.eu\/nl\/euprevent-qualitatssiegel\/vierte-krankenhaussiegel\/#breadcrumb"},"inLanguage":"nl-NL","potentialAction":[{"@type":"ReadAction","target":["https:\/\/euprevent.eu\/nl\/euprevent-qualitatssiegel\/vierte-krankenhaussiegel\/"]}]},{"@type":"BreadcrumbList","@id":"https:\/\/euprevent.eu\/nl\/euprevent-qualitatssiegel\/vierte-krankenhaussiegel\/#breadcrumb","itemListElement":[{"@type":"ListItem","position":1,"name":"Home","item":"https:\/\/euprevent.eu\/nl\/"},{"@type":"ListItem","position":2,"name":"euPrevent Qualit\u00e4tssiegel","item":"https:\/\/euprevent.eu\/nl\/euprevent-qualitatssiegel\/"},{"@type":"ListItem","position":3,"name":"Vierte Krankenhaussiegel"}]},{"@type":"WebSite","@id":"https:\/\/euprevent.eu\/nl\/#website","url":"https:\/\/euprevent.eu\/nl\/","name":"euPrevent","description":"euPrevent is a Euroregional network that focuses on promoting health. Within this network, sustainable partnerships seek to increase the quality of life of residents in the border region between the Netherlands, Belgium and Germany.","potentialAction":[{"@type":"SearchAction","target":{"@type":"EntryPoint","urlTemplate":"https:\/\/euprevent.eu\/nl\/?s={search_term_string}"},"query-input":{"@type":"PropertyValueSpecification","valueRequired":true,"valueName":"search_term_string"}}],"inLanguage":"nl-NL"}]}},"_links":{"self":[{"href":"https:\/\/euprevent.eu\/nl\/wp-json\/wp\/v2\/pages\/11498","targetHints":{"allow":["GET"]}}],"collection":[{"href":"https:\/\/euprevent.eu\/nl\/wp-json\/wp\/v2\/pages"}],"about":[{"href":"https:\/\/euprevent.eu\/nl\/wp-json\/wp\/v2\/types\/page"}],"author":[{"embeddable":true,"href":"https:\/\/euprevent.eu\/nl\/wp-json\/wp\/v2\/users\/1"}],"replies":[{"embeddable":true,"href":"https:\/\/euprevent.eu\/nl\/wp-json\/wp\/v2\/comments?post=11498"}],"version-history":[{"count":6,"href":"https:\/\/euprevent.eu\/nl\/wp-json\/wp\/v2\/pages\/11498\/revisions"}],"predecessor-version":[{"id":11588,"href":"https:\/\/euprevent.eu\/nl\/wp-json\/wp\/v2\/pages\/11498\/revisions\/11588"}],"up":[{"embeddable":true,"href":"https:\/\/euprevent.eu\/nl\/wp-json\/wp\/v2\/pages\/245"}],"wp:attachment":[{"href":"https:\/\/euprevent.eu\/nl\/wp-json\/wp\/v2\/media?parent=11498"}],"curies":[{"name":"wp","href":"https:\/\/api.w.org\/{rel}","templated":true}]}}