


{"id":9678,"date":"2019-04-15T14:30:09","date_gmt":"2019-04-15T14:30:09","guid":{"rendered":"https:\/\/euprevent.eu\/project-social-norms-approach\/advisory-board-euprevent-sna\/"},"modified":"2021-06-21T08:49:10","modified_gmt":"2021-06-21T08:49:10","slug":"advisory-board-euprevent-sna","status":"publish","type":"page","link":"https:\/\/euprevent.eu\/fr\/project-social-norms-approach\/advisory-board-euprevent-sna\/","title":{"rendered":"Conseil consultatif euPrevent SNA"},"content":{"rendered":"<section class=\"wpb-content-wrapper\"><p>[vc_row content_placement=\u00a0\u00bbmiddle\u00a0\u00bb][vc_column width=\u00a0\u00bb1\/2&Prime;][vc_row_inner][vc_column_inner width=\u00a0\u00bb2\/3&Prime;][vc_single_image image=\u00a0\u00bb8124&Prime; img_size=\u00a0\u00bbfull\u00a0\u00bb][\/vc_column_inner][vc_column_inner width=\u00a0\u00bb1\/3&Prime;][\/vc_column_inner][\/vc_row_inner][\/vc_column][vc_column width=\u00a0\u00bb1\/2&Prime;][vc_single_image image=\u00a0\u00bb7392&Prime; img_size=\u00a0\u00bbfull\u00a0\u00bb][\/vc_column][\/vc_row][vc_row][vc_column][vc_column_text]<\/p>\n<h1>Conseil consultatif euPrevent SNA<\/h1>\n<p>Dans l&rsquo;Euror\u00e9gion Meuse-Rhin (EMR), 11 partenaires travaillent ensemble sur le projet &lsquo;euPrevent Social Norms Approach&rsquo; pour aider les jeunes et les seniors de l&rsquo;EMR \u00e0 poser des choix de sant\u00e9 sains. Le conseil consultatif est un \u00e9l\u00e9ment important de ce projet. Ce comit\u00e9 consultatif est compos\u00e9 d&rsquo;un certain nombre d&rsquo;experts externes dans diff\u00e9rents domaines, notamment en rapport avec :<\/p>\n<ul>\n<li>Les groupes cibles (jeunes et seniors),<\/li>\n<li>La pr\u00e9vention des d\u00e9pendances,<\/li>\n<li>La coop\u00e9ration avec les interm\u00e9diaires,<\/li>\n<li>La m\u00e9thodologie de recherche (Social Norms Approach).<\/li>\n<\/ul>\n<p>Les partenaires du projet euPrevent SNA peuvent demander conseil \u00e0 ces experts sur diff\u00e9rents sujets li\u00e9s au projet.<\/p>\n<h2>Membres du conseil consultatif<\/h2>\n<p>Les membres du comit\u00e9 sont :<\/p>\n<ul>\n<li>Mr. Dr. Bovens, Tilburg University, The Netherlands<\/li>\n<li>Prof. Dardenne, Li\u00e8ge University, Belgium<\/li>\n<li>Mrs. Duch\u00e2teau, Qualit\u00e9 de vie \u00e9tudiante ULi\u00e8ge, Belgium<\/li>\n<li>Mr. Gherroucha, Province de Li\u00e8ge, Belgium<\/li>\n<li>Prof. Dr. van Hal, University of Antwerp, Belgium<\/li>\n<li>Prof. Dr. Kok, Maastricht University, The Netherlands<\/li>\n<li>Mr. Lahaye, student Maastricht University, The Netherlands<\/li>\n<li>Prof. Dr. Lammel, Katholische Hochschule NRW &#8211; Abteilung Aachen, Germany<\/li>\n<li>Mrs. L\u00e9onard, Inforjeunes Hannut, Belgium<\/li>\n<li>Mrs. Pirenne, Qualit\u00e9 de vie \u00e9tudiante ULi\u00e8ge, Belgium<\/li>\n<li>Prof. Dr. Van Dongen, University of Antwerp, Belgium<\/li>\n<li>Mr. We\u00dfels, Parit\u00e4tischen, Kreisgruppe Kleve, Germany<\/li>\n<\/ul>\n<p>&nbsp;<\/p>\n<p>Vous souhaitez devenir membre du conseil consultatif ? Pour plus d\u2019informations, veuillez envoyer un email \u00e0 l\u2019adresse suivante:\u00a0 <a href=\"mailto:communication@euprevent.eu\" target=\"_blank\" rel=\"noopener noreferrer\">communication@euprevent.eu<\/a>[\/vc_column_text][\/vc_column][\/vc_row][vc_row][vc_column][vc_single_image image=\u00a0\u00bb15032&Prime; img_size=\u00a0\u00bbfull\u00a0\u00bb][\/vc_column][\/vc_row]<\/p>\n<\/section>","protected":false},"excerpt":{"rendered":"<p>[vc_row content_placement=\u00a0\u00bbmiddle\u00a0\u00bb][vc_column width=\u00a0\u00bb1\/2&Prime;][vc_row_inner][vc_column_inner width=\u00a0\u00bb2\/3&Prime;][vc_single_image image=\u00a0\u00bb8124&Prime; img_size=\u00a0\u00bbfull\u00a0\u00bb][\/vc_column_inner][vc_column_inner width=\u00a0\u00bb1\/3&Prime;][\/vc_column_inner][\/vc_row_inner][\/vc_column][vc_column width=\u00a0\u00bb1\/2&Prime;][vc_single_image image=\u00a0\u00bb7392&Prime; img_size=\u00a0\u00bbfull\u00a0\u00bb][\/vc_column][\/vc_row][vc_row][vc_column][vc_column_text] Conseil consultatif euPrevent SNA Dans l&rsquo;Euror\u00e9gion Meuse-Rhin (EMR), 11 partenaires travaillent ensemble sur le projet &lsquo;euPrevent Social Norms Approach&rsquo; pour aider les jeunes et les seniors de l&rsquo;EMR \u00e0 poser des choix de sant\u00e9 sains. Le conseil consultatif est un \u00e9l\u00e9ment important de ce projet. [&hellip;]<\/p>\n","protected":false},"author":1,"featured_media":0,"parent":7157,"menu_order":0,"comment_status":"closed","ping_status":"closed","template":"","meta":{"_acf_changed":false,"footnotes":""},"class_list":["post-9678","page","type-page","status-publish","hentry","programmes-addiction"],"acf":[],"yoast_head":"<!-- This site is optimized with the Yoast SEO plugin v27.5 - https:\/\/yoast.com\/product\/yoast-seo-wordpress\/ -->\n<title>Conseil consultatif euPrevent SNA - euPrevent<\/title>\n<meta name=\"robots\" content=\"index, follow, max-snippet:-1, max-image-preview:large, max-video-preview:-1\" \/>\n<link rel=\"canonical\" href=\"https:\/\/euprevent.eu\/fr\/project-social-norms-approach\/advisory-board-euprevent-sna\/\" \/>\n<meta property=\"og:locale\" content=\"fr_FR\" \/>\n<meta property=\"og:type\" content=\"article\" \/>\n<meta property=\"og:title\" content=\"Conseil consultatif euPrevent SNA - euPrevent\" \/>\n<meta property=\"og:description\" content=\"[vc_row content_placement=\u00a0\u00bbmiddle\u00a0\u00bb][vc_column width=\u00a0\u00bb1\/2&Prime;][vc_row_inner][vc_column_inner width=\u00a0\u00bb2\/3&Prime;][vc_single_image image=\u00a0\u00bb8124&Prime; img_size=\u00a0\u00bbfull\u00a0\u00bb][\/vc_column_inner][vc_column_inner width=\u00a0\u00bb1\/3&Prime;][\/vc_column_inner][\/vc_row_inner][\/vc_column][vc_column width=\u00a0\u00bb1\/2&Prime;][vc_single_image image=\u00a0\u00bb7392&Prime; img_size=\u00a0\u00bbfull\u00a0\u00bb][\/vc_column][\/vc_row][vc_row][vc_column][vc_column_text] Conseil consultatif euPrevent SNA Dans l&rsquo;Euror\u00e9gion Meuse-Rhin (EMR), 11 partenaires travaillent ensemble sur le projet &lsquo;euPrevent Social Norms Approach&rsquo; pour aider les jeunes et les seniors de l&rsquo;EMR \u00e0 poser des choix de sant\u00e9 sains. Le conseil consultatif est un \u00e9l\u00e9ment important de ce projet. [&hellip;]\" \/>\n<meta property=\"og:url\" content=\"https:\/\/euprevent.eu\/fr\/project-social-norms-approach\/advisory-board-euprevent-sna\/\" \/>\n<meta property=\"og:site_name\" content=\"euPrevent\" \/>\n<meta property=\"article:modified_time\" content=\"2021-06-21T08:49:10+00:00\" \/>\n<meta name=\"twitter:card\" content=\"summary_large_image\" \/>\n<meta name=\"twitter:label1\" content=\"Dur\u00e9e de lecture estim\u00e9e\" \/>\n\t<meta name=\"twitter:data1\" content=\"1 minute\" \/>\n<script type=\"application\/ld+json\" class=\"yoast-schema-graph\">{\"@context\":\"https:\\\/\\\/schema.org\",\"@graph\":[{\"@type\":\"WebPage\",\"@id\":\"https:\\\/\\\/euprevent.eu\\\/fr\\\/project-social-norms-approach\\\/advisory-board-euprevent-sna\\\/\",\"url\":\"https:\\\/\\\/euprevent.eu\\\/fr\\\/project-social-norms-approach\\\/advisory-board-euprevent-sna\\\/\",\"name\":\"Conseil consultatif euPrevent SNA - euPrevent\",\"isPartOf\":{\"@id\":\"https:\\\/\\\/euprevent.eu\\\/fr\\\/#website\"},\"datePublished\":\"2019-04-15T14:30:09+00:00\",\"dateModified\":\"2021-06-21T08:49:10+00:00\",\"breadcrumb\":{\"@id\":\"https:\\\/\\\/euprevent.eu\\\/fr\\\/project-social-norms-approach\\\/advisory-board-euprevent-sna\\\/#breadcrumb\"},\"inLanguage\":\"fr-FR\",\"potentialAction\":[{\"@type\":\"ReadAction\",\"target\":[\"https:\\\/\\\/euprevent.eu\\\/fr\\\/project-social-norms-approach\\\/advisory-board-euprevent-sna\\\/\"]}]},{\"@type\":\"BreadcrumbList\",\"@id\":\"https:\\\/\\\/euprevent.eu\\\/fr\\\/project-social-norms-approach\\\/advisory-board-euprevent-sna\\\/#breadcrumb\",\"itemListElement\":[{\"@type\":\"ListItem\",\"position\":1,\"name\":\"Home\",\"item\":\"https:\\\/\\\/euprevent.eu\\\/fr\\\/\"},{\"@type\":\"ListItem\",\"position\":2,\"name\":\"Projet euPrevent Social Norms Approach\",\"item\":\"https:\\\/\\\/euprevent.eu\\\/fr\\\/project-social-norms-approach\\\/\"},{\"@type\":\"ListItem\",\"position\":3,\"name\":\"Conseil consultatif euPrevent SNA\"}]},{\"@type\":\"WebSite\",\"@id\":\"https:\\\/\\\/euprevent.eu\\\/fr\\\/#website\",\"url\":\"https:\\\/\\\/euprevent.eu\\\/fr\\\/\",\"name\":\"euPrevent\",\"description\":\"euPrevent is a Euroregional network that focuses on promoting health. Within this network, sustainable partnerships seek to increase the quality of life of residents in the border region between the Netherlands, Belgium and Germany.\",\"potentialAction\":[{\"@type\":\"SearchAction\",\"target\":{\"@type\":\"EntryPoint\",\"urlTemplate\":\"https:\\\/\\\/euprevent.eu\\\/fr\\\/?s={search_term_string}\"},\"query-input\":{\"@type\":\"PropertyValueSpecification\",\"valueRequired\":true,\"valueName\":\"search_term_string\"}}],\"inLanguage\":\"fr-FR\"}]}<\/script>\n<!-- \/ Yoast SEO plugin. -->","yoast_head_json":{"title":"Conseil consultatif euPrevent SNA - euPrevent","robots":{"index":"index","follow":"follow","max-snippet":"max-snippet:-1","max-image-preview":"max-image-preview:large","max-video-preview":"max-video-preview:-1"},"canonical":"https:\/\/euprevent.eu\/fr\/project-social-norms-approach\/advisory-board-euprevent-sna\/","og_locale":"fr_FR","og_type":"article","og_title":"Conseil consultatif euPrevent SNA - euPrevent","og_description":"[vc_row content_placement=\u00a0\u00bbmiddle\u00a0\u00bb][vc_column width=\u00a0\u00bb1\/2&Prime;][vc_row_inner][vc_column_inner width=\u00a0\u00bb2\/3&Prime;][vc_single_image image=\u00a0\u00bb8124&Prime; img_size=\u00a0\u00bbfull\u00a0\u00bb][\/vc_column_inner][vc_column_inner width=\u00a0\u00bb1\/3&Prime;][\/vc_column_inner][\/vc_row_inner][\/vc_column][vc_column width=\u00a0\u00bb1\/2&Prime;][vc_single_image image=\u00a0\u00bb7392&Prime; img_size=\u00a0\u00bbfull\u00a0\u00bb][\/vc_column][\/vc_row][vc_row][vc_column][vc_column_text] Conseil consultatif euPrevent SNA Dans l&rsquo;Euror\u00e9gion Meuse-Rhin (EMR), 11 partenaires travaillent ensemble sur le projet &lsquo;euPrevent Social Norms Approach&rsquo; pour aider les jeunes et les seniors de l&rsquo;EMR \u00e0 poser des choix de sant\u00e9 sains. Le conseil consultatif est un \u00e9l\u00e9ment important de ce projet. [&hellip;]","og_url":"https:\/\/euprevent.eu\/fr\/project-social-norms-approach\/advisory-board-euprevent-sna\/","og_site_name":"euPrevent","article_modified_time":"2021-06-21T08:49:10+00:00","twitter_card":"summary_large_image","twitter_misc":{"Dur\u00e9e de lecture estim\u00e9e":"1 minute"},"schema":{"@context":"https:\/\/schema.org","@graph":[{"@type":"WebPage","@id":"https:\/\/euprevent.eu\/fr\/project-social-norms-approach\/advisory-board-euprevent-sna\/","url":"https:\/\/euprevent.eu\/fr\/project-social-norms-approach\/advisory-board-euprevent-sna\/","name":"Conseil consultatif euPrevent SNA - euPrevent","isPartOf":{"@id":"https:\/\/euprevent.eu\/fr\/#website"},"datePublished":"2019-04-15T14:30:09+00:00","dateModified":"2021-06-21T08:49:10+00:00","breadcrumb":{"@id":"https:\/\/euprevent.eu\/fr\/project-social-norms-approach\/advisory-board-euprevent-sna\/#breadcrumb"},"inLanguage":"fr-FR","potentialAction":[{"@type":"ReadAction","target":["https:\/\/euprevent.eu\/fr\/project-social-norms-approach\/advisory-board-euprevent-sna\/"]}]},{"@type":"BreadcrumbList","@id":"https:\/\/euprevent.eu\/fr\/project-social-norms-approach\/advisory-board-euprevent-sna\/#breadcrumb","itemListElement":[{"@type":"ListItem","position":1,"name":"Home","item":"https:\/\/euprevent.eu\/fr\/"},{"@type":"ListItem","position":2,"name":"Projet euPrevent Social Norms Approach","item":"https:\/\/euprevent.eu\/fr\/project-social-norms-approach\/"},{"@type":"ListItem","position":3,"name":"Conseil consultatif euPrevent SNA"}]},{"@type":"WebSite","@id":"https:\/\/euprevent.eu\/fr\/#website","url":"https:\/\/euprevent.eu\/fr\/","name":"euPrevent","description":"euPrevent is a Euroregional network that focuses on promoting health. Within this network, sustainable partnerships seek to increase the quality of life of residents in the border region between the Netherlands, Belgium and Germany.","potentialAction":[{"@type":"SearchAction","target":{"@type":"EntryPoint","urlTemplate":"https:\/\/euprevent.eu\/fr\/?s={search_term_string}"},"query-input":{"@type":"PropertyValueSpecification","valueRequired":true,"valueName":"search_term_string"}}],"inLanguage":"fr-FR"}]}},"_links":{"self":[{"href":"https:\/\/euprevent.eu\/fr\/wp-json\/wp\/v2\/pages\/9678","targetHints":{"allow":["GET"]}}],"collection":[{"href":"https:\/\/euprevent.eu\/fr\/wp-json\/wp\/v2\/pages"}],"about":[{"href":"https:\/\/euprevent.eu\/fr\/wp-json\/wp\/v2\/types\/page"}],"author":[{"embeddable":true,"href":"https:\/\/euprevent.eu\/fr\/wp-json\/wp\/v2\/users\/1"}],"replies":[{"embeddable":true,"href":"https:\/\/euprevent.eu\/fr\/wp-json\/wp\/v2\/comments?post=9678"}],"version-history":[{"count":9,"href":"https:\/\/euprevent.eu\/fr\/wp-json\/wp\/v2\/pages\/9678\/revisions"}],"predecessor-version":[{"id":15054,"href":"https:\/\/euprevent.eu\/fr\/wp-json\/wp\/v2\/pages\/9678\/revisions\/15054"}],"up":[{"embeddable":true,"href":"https:\/\/euprevent.eu\/fr\/wp-json\/wp\/v2\/pages\/7157"}],"wp:attachment":[{"href":"https:\/\/euprevent.eu\/fr\/wp-json\/wp\/v2\/media?parent=9678"}],"curies":[{"name":"wp","href":"https:\/\/api.w.org\/{rel}","templated":true}]}}