


{"id":9008,"date":"2019-05-14T13:06:50","date_gmt":"2019-05-14T13:06:50","guid":{"rendered":"https:\/\/euprevent.eu\/?page_id=9008"},"modified":"2021-04-20T15:57:13","modified_gmt":"2021-04-20T15:57:13","slug":"activites","status":"publish","type":"page","link":"https:\/\/euprevent.eu\/fr\/resultats\/activites\/","title":{"rendered":"Activit\u00e9s"},"content":{"rendered":"<section class=\"wpb-content-wrapper\"><p>[vc_row][vc_column][vc_column_text]<\/p>\n<h1>Activit\u00e9s<\/h1>\n<p>Dans le cadre des projets des programmes euPrevent, diverses activit\u00e9s sont d\u00e9velopp\u00e9es, traduites et ainsi mises \u00e0 disposition pour utilisation au niveau de l&rsquo;Eur\u00e9gio Meuse-Rhin.<\/p>\n<p>L&rsquo;activit\u00e9 \u201cCrossing Borders in Health\u201d peut \u00eatre r\u00e9serv\u00e9e via euPrevent.<\/p>\n<p>Pour les autres missions et activit\u00e9s y aff\u00e9rentes, nous vous invitons \u00e0 vous adresser directement aux organisations concern\u00e9es. [\/vc_column_text][\/vc_column][\/vc_row][vc_row][vc_column][vc_column_text]<\/p>\n<h2><strong>Activit\u00e9 &lsquo;Crossing Borders in Health&rsquo;<\/strong><\/h2>\n<ul>\n<li style=\"list-style-type: none;\">\n<ul>\n<li>En tant qu&rsquo;organisation, aimeriez-vous clarifier la plus value de la promotion transfrontali\u00e8re en mati\u00e8re de sant\u00e9 que vous souhaitez apporter?<\/li>\n<li>Souhaitez-vous pr\u00e9ciser pourquoi et comment votre organisation peut \u0153uvrer conjointement dans un cadre transfrontalier?<\/li>\n<li>Souhaitez-vous mettre cela en pratique imm\u00e9diatement en visitant une organisation dans un autre pays afin d&rsquo;entamer une \u00e9ventuelle coop\u00e9ration?<\/li>\n<li>Vous aimeriez savoir comment l&rsquo;Union europ\u00e9enne (UE) et l&rsquo;Organisation mondiale de la sant\u00e9 (OMS) fonctionnent et quels pourraient \u00eatre leurs avantages dans votre organisation?<\/li>\n<\/ul>\n<\/li>\n<\/ul>\n<p>Alors choisissez l\u2019activit\u00e9 \u201cCrossing Borders in Health\u201d<\/p>\n<p>euPrevent peut travailler avec un maximum de 15 personnes oeuvrant au sein de votre organisation. Par exemple, des employ\u00e9s des services de sant\u00e9, des gestionnaires ou des directeurs.<\/p>\n<p>L&rsquo; activit\u00e9 \u201cCrossing Borders in Health\u201d comprend quatre \u00e9tapes :<\/p>\n<ul>\n<li>R\u00e9alisation de deux ateliers s\u00e9par\u00e9s de 2 semaines au maximum.<\/li>\n<li>Pr\u00e9paration de la visite d\u2019une organisation transfrontali\u00e8re choisie et rencontre de ses repr\u00e9sentants<\/li>\n<li>Visite \u00e0 cette organisation.<\/li>\n<li>R\u00e9union d&rsquo;\u00e9valuation et de conseil (trois mois apr\u00e8s la visite).<\/li>\n<\/ul>\n<p>Int\u00e9ressez par cette activit\u00e9 ? Contactez-nous \u00e0 <a href=\"mailto:communication@euprevent.eu\">communication@euprevent.eu <\/a><\/p>\n<p>[\/vc_column_text][\/vc_column][\/vc_row][vc_row][vc_column][vc_column_text]<\/p>\n<h3><strong>Spectacle de th\u00e9\u00e2tre sur la d\u00e9mence et la d\u00e9pression chez les personnes \u00e2g\u00e9es<\/strong><\/h3>\n<p>En 2015, euPrevent a d\u00e9velopp\u00e9 un spectacle de th\u00e9\u00e2tre sur mesure pour sur les th\u00e8mes de la d\u00e9mence et de la d\u00e9pression chez les personnes \u00e2g\u00e9es. Le spectacle Oubli\u00e9 et Noy\u00e9\u2019 a \u00e9t\u00e9 d\u00e9velopp\u00e9 par Setheater et sera pr\u00e9sent\u00e9 en n\u00e9erlandais, allemand et fran\u00e7ais. Entre-temps, le spectacle a \u00e9t\u00e9 pr\u00e9sent\u00e9 plus de 100 fois dans l&rsquo;Eur\u00e9gio Meuse-Rhin.<\/p>\n<p>De plus amples d&rsquo;informations sur ce spectacle peuvent \u00eatre trouv\u00e9es sur <a href=\"https:\/\/setheater.nl\/Acts\/vergetenverzonken\/\">le site de Setheater.<\/a>[\/vc_column_text][\/vc_column][\/vc_row][vc_row][vc_column][vc_column_text]<\/p>\n<h3><strong>Autres activit\u00e9s<\/strong><\/h3>\n<p>Les informations relatives aux autres activit\u00e9s du Buffet d&rsquo;activit\u00e9s d&rsquo;euPrevent \u201cSenior Friendly Communities\u201d seront disponibles sur ce site \u00e0 partir de 2020. D&rsquo;ici l\u00e0, nous vous renvoyons \u00e0 la page du <a href=\"https:\/\/euprevent.eu\/fr\/sfc\/\">projet euPrevent \u201cSenior Friendly Communities\u201d.<\/a>[\/vc_column_text][\/vc_column][\/vc_row][vc_row][vc_column][vc_column_text]<\/p>\n<p>[\/vc_column_text][\/vc_column][\/vc_row]<\/p>\n<\/section>","protected":false},"excerpt":{"rendered":"<p>[vc_row][vc_column][vc_column_text] Activit\u00e9s Dans le cadre des projets des programmes euPrevent, diverses activit\u00e9s sont d\u00e9velopp\u00e9es, traduites et ainsi mises \u00e0 disposition pour utilisation au niveau de l&rsquo;Eur\u00e9gio Meuse-Rhin. L&rsquo;activit\u00e9 \u201cCrossing Borders in Health\u201d peut \u00eatre r\u00e9serv\u00e9e via euPrevent. Pour les autres missions et activit\u00e9s y aff\u00e9rentes, nous vous invitons \u00e0 vous adresser directement aux organisations concern\u00e9es. [&hellip;]<\/p>\n","protected":false},"author":5,"featured_media":0,"parent":8972,"menu_order":0,"comment_status":"closed","ping_status":"closed","template":"page-with-products-menu.php","meta":{"_acf_changed":false,"footnotes":""},"class_list":["post-9008","page","type-page","status-publish","hentry"],"acf":[],"yoast_head":"<!-- This site is optimized with the Yoast SEO plugin v26.8 - https:\/\/yoast.com\/product\/yoast-seo-wordpress\/ -->\n<title>Activit\u00e9s - euPrevent<\/title>\n<meta name=\"robots\" content=\"index, follow, max-snippet:-1, max-image-preview:large, max-video-preview:-1\" \/>\n<link rel=\"canonical\" href=\"https:\/\/euprevent.eu\/fr\/resultats\/activites\/\" \/>\n<meta property=\"og:locale\" content=\"fr_FR\" \/>\n<meta property=\"og:type\" content=\"article\" \/>\n<meta property=\"og:title\" content=\"Activit\u00e9s - euPrevent\" \/>\n<meta property=\"og:description\" content=\"[vc_row][vc_column][vc_column_text] Activit\u00e9s Dans le cadre des projets des programmes euPrevent, diverses activit\u00e9s sont d\u00e9velopp\u00e9es, traduites et ainsi mises \u00e0 disposition pour utilisation au niveau de l&rsquo;Eur\u00e9gio Meuse-Rhin. L&rsquo;activit\u00e9 \u201cCrossing Borders in Health\u201d peut \u00eatre r\u00e9serv\u00e9e via euPrevent. Pour les autres missions et activit\u00e9s y aff\u00e9rentes, nous vous invitons \u00e0 vous adresser directement aux organisations concern\u00e9es. [&hellip;]\" \/>\n<meta property=\"og:url\" content=\"https:\/\/euprevent.eu\/fr\/resultats\/activites\/\" \/>\n<meta property=\"og:site_name\" content=\"euPrevent\" \/>\n<meta property=\"article:modified_time\" content=\"2021-04-20T15:57:13+00:00\" \/>\n<meta name=\"twitter:card\" content=\"summary_large_image\" \/>\n<meta name=\"twitter:label1\" content=\"Dur\u00e9e de lecture estim\u00e9e\" \/>\n\t<meta name=\"twitter:data1\" content=\"2 minutes\" \/>\n<script type=\"application\/ld+json\" class=\"yoast-schema-graph\">{\"@context\":\"https:\/\/schema.org\",\"@graph\":[{\"@type\":\"WebPage\",\"@id\":\"https:\/\/euprevent.eu\/fr\/resultats\/activites\/\",\"url\":\"https:\/\/euprevent.eu\/fr\/resultats\/activites\/\",\"name\":\"Activit\u00e9s - euPrevent\",\"isPartOf\":{\"@id\":\"https:\/\/euprevent.eu\/fr\/#website\"},\"datePublished\":\"2019-05-14T13:06:50+00:00\",\"dateModified\":\"2021-04-20T15:57:13+00:00\",\"breadcrumb\":{\"@id\":\"https:\/\/euprevent.eu\/fr\/resultats\/activites\/#breadcrumb\"},\"inLanguage\":\"fr-FR\",\"potentialAction\":[{\"@type\":\"ReadAction\",\"target\":[\"https:\/\/euprevent.eu\/fr\/resultats\/activites\/\"]}]},{\"@type\":\"BreadcrumbList\",\"@id\":\"https:\/\/euprevent.eu\/fr\/resultats\/activites\/#breadcrumb\",\"itemListElement\":[{\"@type\":\"ListItem\",\"position\":1,\"name\":\"Home\",\"item\":\"https:\/\/euprevent.eu\/fr\/\"},{\"@type\":\"ListItem\",\"position\":2,\"name\":\"R\u00e9sultats\",\"item\":\"https:\/\/euprevent.eu\/fr\/resultats\/\"},{\"@type\":\"ListItem\",\"position\":3,\"name\":\"Activit\u00e9s\"}]},{\"@type\":\"WebSite\",\"@id\":\"https:\/\/euprevent.eu\/fr\/#website\",\"url\":\"https:\/\/euprevent.eu\/fr\/\",\"name\":\"euPrevent\",\"description\":\"euPrevent is a Euroregional network that focuses on promoting health. Within this network, sustainable partnerships seek to increase the quality of life of residents in the border region between the Netherlands, Belgium and Germany.\",\"potentialAction\":[{\"@type\":\"SearchAction\",\"target\":{\"@type\":\"EntryPoint\",\"urlTemplate\":\"https:\/\/euprevent.eu\/fr\/?s={search_term_string}\"},\"query-input\":{\"@type\":\"PropertyValueSpecification\",\"valueRequired\":true,\"valueName\":\"search_term_string\"}}],\"inLanguage\":\"fr-FR\"}]}<\/script>\n<!-- \/ Yoast SEO plugin. -->","yoast_head_json":{"title":"Activit\u00e9s - euPrevent","robots":{"index":"index","follow":"follow","max-snippet":"max-snippet:-1","max-image-preview":"max-image-preview:large","max-video-preview":"max-video-preview:-1"},"canonical":"https:\/\/euprevent.eu\/fr\/resultats\/activites\/","og_locale":"fr_FR","og_type":"article","og_title":"Activit\u00e9s - euPrevent","og_description":"[vc_row][vc_column][vc_column_text] Activit\u00e9s Dans le cadre des projets des programmes euPrevent, diverses activit\u00e9s sont d\u00e9velopp\u00e9es, traduites et ainsi mises \u00e0 disposition pour utilisation au niveau de l&rsquo;Eur\u00e9gio Meuse-Rhin. L&rsquo;activit\u00e9 \u201cCrossing Borders in Health\u201d peut \u00eatre r\u00e9serv\u00e9e via euPrevent. Pour les autres missions et activit\u00e9s y aff\u00e9rentes, nous vous invitons \u00e0 vous adresser directement aux organisations concern\u00e9es. [&hellip;]","og_url":"https:\/\/euprevent.eu\/fr\/resultats\/activites\/","og_site_name":"euPrevent","article_modified_time":"2021-04-20T15:57:13+00:00","twitter_card":"summary_large_image","twitter_misc":{"Dur\u00e9e de lecture estim\u00e9e":"2 minutes"},"schema":{"@context":"https:\/\/schema.org","@graph":[{"@type":"WebPage","@id":"https:\/\/euprevent.eu\/fr\/resultats\/activites\/","url":"https:\/\/euprevent.eu\/fr\/resultats\/activites\/","name":"Activit\u00e9s - euPrevent","isPartOf":{"@id":"https:\/\/euprevent.eu\/fr\/#website"},"datePublished":"2019-05-14T13:06:50+00:00","dateModified":"2021-04-20T15:57:13+00:00","breadcrumb":{"@id":"https:\/\/euprevent.eu\/fr\/resultats\/activites\/#breadcrumb"},"inLanguage":"fr-FR","potentialAction":[{"@type":"ReadAction","target":["https:\/\/euprevent.eu\/fr\/resultats\/activites\/"]}]},{"@type":"BreadcrumbList","@id":"https:\/\/euprevent.eu\/fr\/resultats\/activites\/#breadcrumb","itemListElement":[{"@type":"ListItem","position":1,"name":"Home","item":"https:\/\/euprevent.eu\/fr\/"},{"@type":"ListItem","position":2,"name":"R\u00e9sultats","item":"https:\/\/euprevent.eu\/fr\/resultats\/"},{"@type":"ListItem","position":3,"name":"Activit\u00e9s"}]},{"@type":"WebSite","@id":"https:\/\/euprevent.eu\/fr\/#website","url":"https:\/\/euprevent.eu\/fr\/","name":"euPrevent","description":"euPrevent is a Euroregional network that focuses on promoting health. Within this network, sustainable partnerships seek to increase the quality of life of residents in the border region between the Netherlands, Belgium and Germany.","potentialAction":[{"@type":"SearchAction","target":{"@type":"EntryPoint","urlTemplate":"https:\/\/euprevent.eu\/fr\/?s={search_term_string}"},"query-input":{"@type":"PropertyValueSpecification","valueRequired":true,"valueName":"search_term_string"}}],"inLanguage":"fr-FR"}]}},"_links":{"self":[{"href":"https:\/\/euprevent.eu\/fr\/wp-json\/wp\/v2\/pages\/9008","targetHints":{"allow":["GET"]}}],"collection":[{"href":"https:\/\/euprevent.eu\/fr\/wp-json\/wp\/v2\/pages"}],"about":[{"href":"https:\/\/euprevent.eu\/fr\/wp-json\/wp\/v2\/types\/page"}],"author":[{"embeddable":true,"href":"https:\/\/euprevent.eu\/fr\/wp-json\/wp\/v2\/users\/5"}],"replies":[{"embeddable":true,"href":"https:\/\/euprevent.eu\/fr\/wp-json\/wp\/v2\/comments?post=9008"}],"version-history":[{"count":6,"href":"https:\/\/euprevent.eu\/fr\/wp-json\/wp\/v2\/pages\/9008\/revisions"}],"predecessor-version":[{"id":14601,"href":"https:\/\/euprevent.eu\/fr\/wp-json\/wp\/v2\/pages\/9008\/revisions\/14601"}],"up":[{"embeddable":true,"href":"https:\/\/euprevent.eu\/fr\/wp-json\/wp\/v2\/pages\/8972"}],"wp:attachment":[{"href":"https:\/\/euprevent.eu\/fr\/wp-json\/wp\/v2\/media?parent=9008"}],"curies":[{"name":"wp","href":"https:\/\/api.w.org\/{rel}","templated":true}]}}