


{"id":8972,"date":"2019-05-14T12:51:39","date_gmt":"2019-05-14T12:51:39","guid":{"rendered":"https:\/\/euprevent.eu\/?page_id=8972"},"modified":"2024-12-06T16:45:21","modified_gmt":"2024-12-06T15:45:21","slug":"resultats","status":"publish","type":"page","link":"https:\/\/euprevent.eu\/fr\/resultats\/","title":{"rendered":"R\u00e9sultats"},"content":{"rendered":"<section class=\"wpb-content-wrapper\"><p>[vc_row][vc_column][vc_column_text]<\/p>\n<h2 style=\"text-align: left;\"><strong>R\u00e9sultats<\/strong><\/h2>\n<p>[\/vc_column_text][vc_column_text]euPrevent souhaite partager ses r\u00e9sultats autant que possible afin de stimuler un impact durable.<br \/>\nCes produits sont le r\u00e9sultat des programmes et projets d&rsquo;euPrevent et peuvent \u00eatre utilis\u00e9s par tous:[\/vc_column_text][vc_row_inner][vc_column_inner width=\u00a0\u00bb1\/2&Prime;]\r\n\t<div class=\"highlight media\">\r\n\t\t<a class=\"overlay\" href=\"https:\/\/euprevent.eu\/fr\/resultats\/publicaties\/\"><\/a>\r\n\r\n\t\t<div class=\"highlight-info-table\">\r\n\t\t\t<div class=\"highlight-info-table-row\">\r\n\t\t\t\t<div class=\"highlight-info-table-cell\">\r\n\t\t\t\t\t<i class=\"far fa-chevron-right\"><\/i>\r\n\t\t\t\t\t<h3>Publications<\/h3>\r\n\t\t\t\t\t<p>Des rapports locaux aux publications internationales.<\/p>\r\n\t\t\t\t<\/div>\r\n\t\t\t<\/div>\r\n\t\t<\/div>\r\n\t<\/div>\r\n\r\n\t\r\n\t<div class=\"highlight media\">\r\n\t\t<a class=\"overlay\" href=\"http:\/\/euregionalhealthatlas.eu\/\"><\/a>\r\n\r\n\t\t<div class=\"highlight-info-table\">\r\n\t\t\t<div class=\"highlight-info-table-row\">\r\n\t\t\t\t<div class=\"highlight-info-table-cell\">\r\n\t\t\t\t\t<i class=\"far fa-chevron-right\"><\/i>\r\n\t\t\t\t\t<h3>Euregional Health Atlas<\/h3>\r\n\t\t\t\t\t<p>Carte en ligne avec donn\u00e9es eur\u00e9gionales (sur la sant\u00e9)<\/p>\r\n\t\t\t\t<\/div>\r\n\t\t\t<\/div>\r\n\t\t<\/div>\r\n\t<\/div>\r\n\r\n\t\r\n\t<div class=\"highlight media\">\r\n\t\t<a class=\"overlay\" href=\"\/fr\/ehl\/\"><\/a>\r\n\r\n\t\t<div class=\"highlight-info-table\">\r\n\t\t\t<div class=\"highlight-info-table-row\">\r\n\t\t\t\t<div class=\"highlight-info-table-cell\">\r\n\t\t\t\t\t<i class=\"far fa-chevron-right\"><\/i>\r\n\t\t\t\t\t<h3>Euregional Health Landscape<\/h3>\r\n\t\t\t\t\t<p>Carte en ligne avec des organisations euregionales (de sant\u00e9)<\/p>\r\n\t\t\t\t<\/div>\r\n\t\t\t<\/div>\r\n\t\t<\/div>\r\n\t<\/div>\r\n\r\n\t[\/vc_column_inner][vc_column_inner width=\u00a0\u00bb1\/2&Prime;]\r\n\t<div class=\"highlight media\">\r\n\t\t<a class=\"overlay\" href=\"https:\/\/euprevent.eu\/fr\/resultats\/tools\/\"><\/a>\r\n\r\n\t\t<div class=\"highlight-info-table\">\r\n\t\t\t<div class=\"highlight-info-table-row\">\r\n\t\t\t\t<div class=\"highlight-info-table-cell\">\r\n\t\t\t\t\t<i class=\"far fa-chevron-right\"><\/i>\r\n\t\t\t\t\t<h3>Online Tools<\/h3>\r\n\t\t\t\t\t<p>Outils HEPS et outils d'\u00e9valuation des capacit\u00e9s<\/p>\r\n\t\t\t\t<\/div>\r\n\t\t\t<\/div>\r\n\t\t<\/div>\r\n\t<\/div>\r\n\r\n\t\r\n\t<div class=\"highlight media\">\r\n\t\t<a class=\"overlay\" href=\"https:\/\/euprevent.eu\/fr\/resultats\/activites\/\"><\/a>\r\n\r\n\t\t<div class=\"highlight-info-table\">\r\n\t\t\t<div class=\"highlight-info-table-row\">\r\n\t\t\t\t<div class=\"highlight-info-table-cell\">\r\n\t\t\t\t\t<i class=\"far fa-chevron-right\"><\/i>\r\n\t\t\t\t\t<h3>Activit\u00e9s<\/h3>\r\n\t\t\t\t\t<p>Par exemple, \u201dcrossing border in health`` (la cooperation transfrontali\u00e8re en sant\u00e9)<\/p>\r\n\t\t\t\t<\/div>\r\n\t\t\t<\/div>\r\n\t\t<\/div>\r\n\t<\/div>\r\n\r\n\t[\/vc_column_inner][\/vc_row_inner][\/vc_column][\/vc_row]<\/p>\n<\/section>","protected":false},"excerpt":{"rendered":"<p>[vc_row][vc_column][vc_column_text] R\u00e9sultats [\/vc_column_text][vc_column_text]euPrevent souhaite partager ses r\u00e9sultats autant que possible afin de stimuler un impact durable. Ces produits sont le r\u00e9sultat des programmes et projets d&rsquo;euPrevent et peuvent \u00eatre utilis\u00e9s par tous:[\/vc_column_text][vc_row_inner][vc_column_inner width=\u00a0\u00bb1\/2&Prime;][\/vc_column_inner][vc_column_inner width=\u00a0\u00bb1\/2&Prime;][\/vc_column_inner][\/vc_row_inner][\/vc_column][\/vc_row]<\/p>\n","protected":false},"author":5,"featured_media":0,"parent":0,"menu_order":0,"comment_status":"closed","ping_status":"closed","template":"page-with-products-menu.php","meta":{"_acf_changed":false,"footnotes":""},"class_list":["post-8972","page","type-page","status-publish","hentry"],"acf":[],"yoast_head":"<!-- This site is optimized with the Yoast SEO plugin v27.5 - https:\/\/yoast.com\/product\/yoast-seo-wordpress\/ -->\n<title>R\u00e9sultats - euPrevent<\/title>\n<meta name=\"robots\" content=\"index, follow, max-snippet:-1, max-image-preview:large, max-video-preview:-1\" \/>\n<link rel=\"canonical\" href=\"https:\/\/euprevent.eu\/fr\/resultats\/\" \/>\n<meta property=\"og:locale\" content=\"fr_FR\" \/>\n<meta property=\"og:type\" content=\"article\" \/>\n<meta property=\"og:title\" content=\"R\u00e9sultats - euPrevent\" \/>\n<meta property=\"og:description\" content=\"[vc_row][vc_column][vc_column_text] R\u00e9sultats [\/vc_column_text][vc_column_text]euPrevent souhaite partager ses r\u00e9sultats autant que possible afin de stimuler un impact durable. Ces produits sont le r\u00e9sultat des programmes et projets d&rsquo;euPrevent et peuvent \u00eatre utilis\u00e9s par tous:[\/vc_column_text][vc_row_inner][vc_column_inner width=\u00a0\u00bb1\/2&Prime;][\/vc_column_inner][vc_column_inner width=\u00a0\u00bb1\/2&Prime;][\/vc_column_inner][\/vc_row_inner][\/vc_column][\/vc_row]\" \/>\n<meta property=\"og:url\" content=\"https:\/\/euprevent.eu\/fr\/resultats\/\" \/>\n<meta property=\"og:site_name\" content=\"euPrevent\" \/>\n<meta property=\"article:modified_time\" content=\"2024-12-06T15:45:21+00:00\" \/>\n<meta name=\"twitter:card\" content=\"summary_large_image\" \/>\n<meta name=\"twitter:label1\" content=\"Dur\u00e9e de lecture estim\u00e9e\" \/>\n\t<meta name=\"twitter:data1\" content=\"1 minute\" \/>\n<script type=\"application\/ld+json\" class=\"yoast-schema-graph\">{\"@context\":\"https:\\\/\\\/schema.org\",\"@graph\":[{\"@type\":\"WebPage\",\"@id\":\"https:\\\/\\\/euprevent.eu\\\/fr\\\/resultats\\\/\",\"url\":\"https:\\\/\\\/euprevent.eu\\\/fr\\\/resultats\\\/\",\"name\":\"R\u00e9sultats - euPrevent\",\"isPartOf\":{\"@id\":\"https:\\\/\\\/euprevent.eu\\\/fr\\\/#website\"},\"datePublished\":\"2019-05-14T12:51:39+00:00\",\"dateModified\":\"2024-12-06T15:45:21+00:00\",\"breadcrumb\":{\"@id\":\"https:\\\/\\\/euprevent.eu\\\/fr\\\/resultats\\\/#breadcrumb\"},\"inLanguage\":\"fr-FR\",\"potentialAction\":[{\"@type\":\"ReadAction\",\"target\":[\"https:\\\/\\\/euprevent.eu\\\/fr\\\/resultats\\\/\"]}]},{\"@type\":\"BreadcrumbList\",\"@id\":\"https:\\\/\\\/euprevent.eu\\\/fr\\\/resultats\\\/#breadcrumb\",\"itemListElement\":[{\"@type\":\"ListItem\",\"position\":1,\"name\":\"Home\",\"item\":\"https:\\\/\\\/euprevent.eu\\\/fr\\\/\"},{\"@type\":\"ListItem\",\"position\":2,\"name\":\"R\u00e9sultats\"}]},{\"@type\":\"WebSite\",\"@id\":\"https:\\\/\\\/euprevent.eu\\\/fr\\\/#website\",\"url\":\"https:\\\/\\\/euprevent.eu\\\/fr\\\/\",\"name\":\"euPrevent\",\"description\":\"euPrevent is a Euroregional network that focuses on promoting health. Within this network, sustainable partnerships seek to increase the quality of life of residents in the border region between the Netherlands, Belgium and Germany.\",\"potentialAction\":[{\"@type\":\"SearchAction\",\"target\":{\"@type\":\"EntryPoint\",\"urlTemplate\":\"https:\\\/\\\/euprevent.eu\\\/fr\\\/?s={search_term_string}\"},\"query-input\":{\"@type\":\"PropertyValueSpecification\",\"valueRequired\":true,\"valueName\":\"search_term_string\"}}],\"inLanguage\":\"fr-FR\"}]}<\/script>\n<!-- \/ Yoast SEO plugin. -->","yoast_head_json":{"title":"R\u00e9sultats - euPrevent","robots":{"index":"index","follow":"follow","max-snippet":"max-snippet:-1","max-image-preview":"max-image-preview:large","max-video-preview":"max-video-preview:-1"},"canonical":"https:\/\/euprevent.eu\/fr\/resultats\/","og_locale":"fr_FR","og_type":"article","og_title":"R\u00e9sultats - euPrevent","og_description":"[vc_row][vc_column][vc_column_text] R\u00e9sultats [\/vc_column_text][vc_column_text]euPrevent souhaite partager ses r\u00e9sultats autant que possible afin de stimuler un impact durable. Ces produits sont le r\u00e9sultat des programmes et projets d&rsquo;euPrevent et peuvent \u00eatre utilis\u00e9s par tous:[\/vc_column_text][vc_row_inner][vc_column_inner width=\u00a0\u00bb1\/2&Prime;][\/vc_column_inner][vc_column_inner width=\u00a0\u00bb1\/2&Prime;][\/vc_column_inner][\/vc_row_inner][\/vc_column][\/vc_row]","og_url":"https:\/\/euprevent.eu\/fr\/resultats\/","og_site_name":"euPrevent","article_modified_time":"2024-12-06T15:45:21+00:00","twitter_card":"summary_large_image","twitter_misc":{"Dur\u00e9e de lecture estim\u00e9e":"1 minute"},"schema":{"@context":"https:\/\/schema.org","@graph":[{"@type":"WebPage","@id":"https:\/\/euprevent.eu\/fr\/resultats\/","url":"https:\/\/euprevent.eu\/fr\/resultats\/","name":"R\u00e9sultats - euPrevent","isPartOf":{"@id":"https:\/\/euprevent.eu\/fr\/#website"},"datePublished":"2019-05-14T12:51:39+00:00","dateModified":"2024-12-06T15:45:21+00:00","breadcrumb":{"@id":"https:\/\/euprevent.eu\/fr\/resultats\/#breadcrumb"},"inLanguage":"fr-FR","potentialAction":[{"@type":"ReadAction","target":["https:\/\/euprevent.eu\/fr\/resultats\/"]}]},{"@type":"BreadcrumbList","@id":"https:\/\/euprevent.eu\/fr\/resultats\/#breadcrumb","itemListElement":[{"@type":"ListItem","position":1,"name":"Home","item":"https:\/\/euprevent.eu\/fr\/"},{"@type":"ListItem","position":2,"name":"R\u00e9sultats"}]},{"@type":"WebSite","@id":"https:\/\/euprevent.eu\/fr\/#website","url":"https:\/\/euprevent.eu\/fr\/","name":"euPrevent","description":"euPrevent is a Euroregional network that focuses on promoting health. Within this network, sustainable partnerships seek to increase the quality of life of residents in the border region between the Netherlands, Belgium and Germany.","potentialAction":[{"@type":"SearchAction","target":{"@type":"EntryPoint","urlTemplate":"https:\/\/euprevent.eu\/fr\/?s={search_term_string}"},"query-input":{"@type":"PropertyValueSpecification","valueRequired":true,"valueName":"search_term_string"}}],"inLanguage":"fr-FR"}]}},"_links":{"self":[{"href":"https:\/\/euprevent.eu\/fr\/wp-json\/wp\/v2\/pages\/8972","targetHints":{"allow":["GET"]}}],"collection":[{"href":"https:\/\/euprevent.eu\/fr\/wp-json\/wp\/v2\/pages"}],"about":[{"href":"https:\/\/euprevent.eu\/fr\/wp-json\/wp\/v2\/types\/page"}],"author":[{"embeddable":true,"href":"https:\/\/euprevent.eu\/fr\/wp-json\/wp\/v2\/users\/5"}],"replies":[{"embeddable":true,"href":"https:\/\/euprevent.eu\/fr\/wp-json\/wp\/v2\/comments?post=8972"}],"version-history":[{"count":7,"href":"https:\/\/euprevent.eu\/fr\/wp-json\/wp\/v2\/pages\/8972\/revisions"}],"predecessor-version":[{"id":24065,"href":"https:\/\/euprevent.eu\/fr\/wp-json\/wp\/v2\/pages\/8972\/revisions\/24065"}],"wp:attachment":[{"href":"https:\/\/euprevent.eu\/fr\/wp-json\/wp\/v2\/media?parent=8972"}],"curies":[{"name":"wp","href":"https:\/\/api.w.org\/{rel}","templated":true}]}}