


{"id":893,"date":"2017-01-10T12:05:51","date_gmt":"2017-01-10T12:05:51","guid":{"rendered":"http:\/\/euprevent.eu\/?page_id=893\/"},"modified":"2017-02-22T16:11:44","modified_gmt":"2017-02-22T16:11:44","slug":"zweites-krankenhaussiegel","status":"publish","type":"page","link":"https:\/\/euprevent.eu\/fr\/euprevent-qualitatssiegel\/zweites-krankenhaussiegel\/","title":{"rendered":"Zweites Krankenhaussiegel"},"content":{"rendered":"<section class=\"wpb-content-wrapper\"><p>[vc_row][vc_column][vc_column_text el_class=\u00a0\u00bbalert alert-info\u00a0\u00bb]<\/p>\n<p style=\"text-align: center;\">Deze informatie is alleen beschikbaar in het Duits. \/ The information below is only available in German. \/\u00a0Cette information est seulement disponible en allemand.<\/p>\n<p>[\/vc_column_text][\/vc_column][\/vc_row][vc_row css=\u00a0\u00bb.vc_custom_1483999173497{margin-bottom: 0px !important;}\u00a0\u00bb][vc_column][vc_column_text css=\u00a0\u00bb.vc_custom_1484050006449{margin-bottom: 20px !important;}\u00a0\u00bb]<\/p>\n<h2>Zweites\u00a0Krankenhaussiegel<\/h2>\n<p>[\/vc_column_text][\/vc_column][\/vc_row][vc_row][vc_column width=\u00a0\u00bb5\/6&Prime;][vc_column_text]Das zweite euPrevent-Qualit\u00e4tssiegel f\u00fcr Krankenh\u00e4user hat sich zum Ziel gesetzt, die Aspekte des ersten Siegels zu verstetigen und vor dem Hintergrund der neuesten nationalen Empfehlungen und Richtlinien weiter auszubauen. Ziel ist es einerseits, bereits abgefragte Aspekte, wie Netzwerkarbeit, Surveillance-Ma\u00dfnahmen etc., fortzuf\u00fchren und auszubauen sowie andererseits aktuelle Str\u00f6mungen einflie\u00dfen zu lassen. Somit setzt dieses zweite Siegel die begonnene Arbeit fort und erweitert sie um die aktuellen Themen im Bereich der Infektionspr\u00e4vention.[\/vc_column_text][\/vc_column][vc_column width=\u00a0\u00bb1\/6&Prime;][vc_single_image image=\u00a0\u00bb280&Prime; img_size=\u00a0\u00bbfull\u00a0\u00bb][\/vc_column][\/vc_row][vc_row][vc_column][vc_tta_tour][vc_tta_section title=\u00a0\u00bbAuditoren\u00a0\u00bb tab_id=\u00a0\u00bb1484000065193-2cfa2d43-f902&Prime;][vc_column_text]<\/p>\n<h3>Auditoren<\/h3>\n<p>[\/vc_column_text][vc_row_inner][vc_column_inner width=\u00a0\u00bb1\/2&Prime;][vc_btn title=\u00a0\u00bbAuditorenschulung\u00a0\u00bb color=\u00a0\u00bbwhite\u00a0\u00bb align=\u00a0\u00bbleft\u00a0\u00bb i_icon_fontawesome=\u00a0\u00bbfa fa-file-pdf-o\u00a0\u00bb button_block=\u00a0\u00bbtrue\u00a0\u00bb add_icon=\u00a0\u00bbtrue\u00a0\u00bb link=\u00a0\u00bburl:http%3A%2F%2Feuprevent.eu%2Fwp-content%2Fuploads%2F2017%2F01%2FAuditorenschulung-Zweites-Qualitatssiegel-Krankenhauser.pdf|||\u00a0\u00bb][\/vc_column_inner][vc_column_inner width=\u00a0\u00bb1\/2&Prime;][vc_btn title=\u00a0\u00bbChecklist Auditoren\u00a0\u00bb color=\u00a0\u00bbwhite\u00a0\u00bb align=\u00a0\u00bbleft\u00a0\u00bb i_icon_fontawesome=\u00a0\u00bbfa fa-file-pdf-o\u00a0\u00bb button_block=\u00a0\u00bbtrue\u00a0\u00bb add_icon=\u00a0\u00bbtrue\u00a0\u00bb link=\u00a0\u00bburl:http%3A%2F%2Feuprevent.eu%2Fwp-content%2Fuploads%2F2017%2F01%2FAuditoren-Checkliste-end.pdf|||\u00a0\u00bb][\/vc_column_inner][\/vc_row_inner][\/vc_tta_section][vc_tta_section title=\u00a0\u00bbKrankenh\u00e4user\u00a0\u00bb tab_id=\u00a0\u00bb1484050362879-8891abab-cf5d\u00a0\u00bb][vc_column_text]<\/p>\n<h3>Teilnehmende Krankenh\u00e4user<\/h3>\n<p>[\/vc_column_text][vc_row_inner][vc_column_inner][vc_btn title=\u00a0\u00bbListe der teilnehmende Krankenh\u00e4user\u00a0\u00bb color=\u00a0\u00bbwhite\u00a0\u00bb align=\u00a0\u00bbleft\u00a0\u00bb i_icon_fontawesome=\u00a0\u00bbfa fa-file-pdf-o\u00a0\u00bb button_block=\u00a0\u00bbtrue\u00a0\u00bb add_icon=\u00a0\u00bbtrue\u00a0\u00bb link=\u00a0\u00bburl:http%3A%2F%2Feuprevent.eu%2Fwp-content%2Fuploads%2F2017%2F01%2FListe-der-teilnehmenden-Krankenhauser.pdf|||\u00a0\u00bb][\/vc_column_inner][\/vc_row_inner][\/vc_tta_section][vc_tta_section title=\u00a0\u00bbLiteratur\u00a0\u00bb tab_id=\u00a0\u00bb1484000602777-110ac1dc-84d7&Prime;][vc_column_text]<\/p>\n<h3>Literatur<\/h3>\n<p>[\/vc_column_text][vc_row_inner][vc_column_inner][vc_btn title=\u00a0\u00bbPositionspapier Kitteltaschenflaschen\u00a0\u00bb color=\u00a0\u00bbwhite\u00a0\u00bb align=\u00a0\u00bbleft\u00a0\u00bb i_icon_fontawesome=\u00a0\u00bbfa fa-file-pdf-o\u00a0\u00bb button_block=\u00a0\u00bbtrue\u00a0\u00bb add_icon=\u00a0\u00bbtrue\u00a0\u00bb link=\u00a0\u00bburl:http%3A%2F%2Feuprevent.eu%2Fwp-content%2Fuploads%2F2017%2F01%2FASH-Positionspapier-Kitteltaschenflaschen.pdf|||\u00a0\u00bb][vc_btn title=\u00a0\u00bbMerkblatt Clostridium difficile\u00a0\u00bb color=\u00a0\u00bbwhite\u00a0\u00bb align=\u00a0\u00bbleft\u00a0\u00bb i_icon_fontawesome=\u00a0\u00bbfa fa-file-pdf-o\u00a0\u00bb button_block=\u00a0\u00bbtrue\u00a0\u00bb add_icon=\u00a0\u00bbtrue\u00a0\u00bb link=\u00a0\u00bburl:http%3A%2F%2Feuprevent.eu%2Fwp-content%2Fuploads%2F2017%2F01%2FNLGA-Merkblatt-Clostridium-difficile.pdf|||\u00a0\u00bb][vc_btn title=\u00a0\u00bbMerkblatt Norovirus-Infektionen\u00a0\u00bb color=\u00a0\u00bbwhite\u00a0\u00bb align=\u00a0\u00bbleft\u00a0\u00bb i_icon_fontawesome=\u00a0\u00bbfa fa-file-pdf-o\u00a0\u00bb button_block=\u00a0\u00bbtrue\u00a0\u00bb add_icon=\u00a0\u00bbtrue\u00a0\u00bb link=\u00a0\u00bburl:http%3A%2F%2Feuprevent.eu%2Fwp-content%2Fuploads%2F2017%2F01%2FNLGA-Merkblatt-Norovirus-Infektionen.pdf|||\u00a0\u00bb][vc_btn title=\u00a0\u00bbAusbruchsmanagement und strukturiertes Vorgehen\u00a0\u00bb color=\u00a0\u00bbwhite\u00a0\u00bb align=\u00a0\u00bbleft\u00a0\u00bb i_icon_fontawesome=\u00a0\u00bbfa fa-file-pdf-o\u00a0\u00bb button_block=\u00a0\u00bbtrue\u00a0\u00bb add_icon=\u00a0\u00bbtrue\u00a0\u00bb link=\u00a0\u00bburl:http%3A%2F%2Feuprevent.eu%2Fwp-content%2Fuploads%2F2017%2F01%2FRKI-Ausbruchsmanagement-und-strukturiertes-Vorgehen.pdf|||\u00a0\u00bb][vc_btn title=\u00a0\u00bbFestlegung der Daten zu Art und Umfang des Antibiotika-Verbrauchs\u00a0\u00bb color=\u00a0\u00bbwhite\u00a0\u00bb align=\u00a0\u00bbleft\u00a0\u00bb i_icon_fontawesome=\u00a0\u00bbfa fa-file-pdf-o\u00a0\u00bb button_block=\u00a0\u00bbtrue\u00a0\u00bb add_icon=\u00a0\u00bbtrue\u00a0\u00bb link=\u00a0\u00bburl:http%3A%2F%2Feuprevent.eu%2Fwp-content%2Fuploads%2F2017%2F01%2FRKI-Festlegung-der-Daten-zu-Art-und-Umfang-des-Antibiotika-Verbrauchs.pdf|||\u00a0\u00bb][vc_btn title=\u00a0\u00bbHygienema\u00dfnahmen bei Infektionen oder Besiedlung mit MRGN\u00a0\u00bb color=\u00a0\u00bbwhite\u00a0\u00bb align=\u00a0\u00bbleft\u00a0\u00bb i_icon_fontawesome=\u00a0\u00bbfa fa-file-pdf-o\u00a0\u00bb button_block=\u00a0\u00bbtrue\u00a0\u00bb add_icon=\u00a0\u00bbtrue\u00a0\u00bb link=\u00a0\u00bburl:http%3A%2F%2Feuprevent.eu%2Fwp-content%2Fuploads%2F2017%2F01%2FRKI-Hygienemassnahmen-bei-Infektionen-oder-Besiedlung-mit-MRGN.pdf|||\u00a0\u00bb][vc_btn title=\u00a0\u00bbPersonelle und organisatorische Voraussetzungen\u00a0\u00bb color=\u00a0\u00bbwhite\u00a0\u00bb align=\u00a0\u00bbleft\u00a0\u00bb i_icon_fontawesome=\u00a0\u00bbfa fa-file-pdf-o\u00a0\u00bb button_block=\u00a0\u00bbtrue\u00a0\u00bb add_icon=\u00a0\u00bbtrue\u00a0\u00bb link=\u00a0\u00bburl:http%3A%2F%2Feuprevent.eu%2Fwp-content%2Fuploads%2F2017%2F01%2FRKI-Personelle-und-organisatorische-Voraussetzungen.pdf|||\u00a0\u00bb][vc_btn title=\u00a0\u00bbSurveillance nosokomialer Infektionen\u00a0\u00bb color=\u00a0\u00bbwhite\u00a0\u00bb align=\u00a0\u00bbleft\u00a0\u00bb i_icon_fontawesome=\u00a0\u00bbfa fa-file-pdf-o\u00a0\u00bb button_block=\u00a0\u00bbtrue\u00a0\u00bb add_icon=\u00a0\u00bbtrue\u00a0\u00bb link=\u00a0\u00bburl:http%3A%2F%2Feuprevent.eu%2Fwp-content%2Fuploads%2F2017%2F01%2FRKI-Surveillance-nosokomialer-Infektionen.pdf|||\u00a0\u00bb][\/vc_column_inner][\/vc_row_inner][\/vc_tta_section][vc_tta_section title=\u00a0\u00bbInformationsflyer\u00a0\u00bb tab_id=\u00a0\u00bb1484050886209-38c89531-fbd1&Prime;][vc_column_text]<\/p>\n<h3>euPrevent-Informationsflyer<\/h3>\n<p>[\/vc_column_text][vc_row_inner][vc_column_inner width=\u00a0\u00bb1\/2&Prime;][vc_btn title=\u00a0\u00bbAntibiotikatherapie Bu\u0308rger\u00a0\u00bb color=\u00a0\u00bbwhite\u00a0\u00bb align=\u00a0\u00bbleft\u00a0\u00bb i_icon_fontawesome=\u00a0\u00bbfa fa-file-pdf-o\u00a0\u00bb button_block=\u00a0\u00bbtrue\u00a0\u00bb add_icon=\u00a0\u00bbtrue\u00a0\u00bb link=\u00a0\u00bburl:http%3A%2F%2Feuprevent.eu%2Fwp-content%2Fuploads%2F2017%2F01%2FAntibiotikatherapie-Burger.pdf|||\u00a0\u00bb][vc_btn title=\u00a0\u00bbHa\u0308ndehygiene Personal\u00a0\u00bb color=\u00a0\u00bbwhite\u00a0\u00bb align=\u00a0\u00bbleft\u00a0\u00bb i_icon_fontawesome=\u00a0\u00bbfa fa-file-pdf-o\u00a0\u00bb button_block=\u00a0\u00bbtrue\u00a0\u00bb add_icon=\u00a0\u00bbtrue\u00a0\u00bb link=\u00a0\u00bburl:http%3A%2F%2Feuprevent.eu%2Fwp-content%2Fuploads%2F2017%2F01%2FHandehygiene-Personal.pdf|||\u00a0\u00bb][\/vc_column_inner][vc_column_inner width=\u00a0\u00bb1\/2&Prime;][vc_btn title=\u00a0\u00bbHa\u0308ndehygiene Bu\u0308rger\u00a0\u00bb color=\u00a0\u00bbwhite\u00a0\u00bb align=\u00a0\u00bbleft\u00a0\u00bb i_icon_fontawesome=\u00a0\u00bbfa fa-file-pdf-o\u00a0\u00bb button_block=\u00a0\u00bbtrue\u00a0\u00bb add_icon=\u00a0\u00bbtrue\u00a0\u00bb link=\u00a0\u00bburl:http%3A%2F%2Feuprevent.eu%2Fwp-content%2Fuploads%2F2017%2F01%2FHandehygiene-Burger.pdf|||\u00a0\u00bb][vc_btn title=\u00a0\u00bbMRSA_ESBL_VRE\u00a0\u00bb color=\u00a0\u00bbwhite\u00a0\u00bb align=\u00a0\u00bbleft\u00a0\u00bb i_icon_fontawesome=\u00a0\u00bbfa fa-file-pdf-o\u00a0\u00bb button_block=\u00a0\u00bbtrue\u00a0\u00bb add_icon=\u00a0\u00bbtrue\u00a0\u00bb link=\u00a0\u00bburl:http%3A%2F%2Feuprevent.eu%2Fwp-content%2Fuploads%2F2017%2F01%2FMRSA_ESBL_VRE.pdf|||\u00a0\u00bb][\/vc_column_inner][\/vc_row_inner][\/vc_tta_section][vc_tta_section title=\u00a0\u00bbSiegel\u00a0\u00bb tab_id=\u00a0\u00bb1484000531381-e19ec8fe-b3dc\u00a0\u00bb][vc_column_text]<\/p>\n<h3>Siegel<\/h3>\n<p>[\/vc_column_text][vc_row_inner][vc_column_inner][vc_btn title=\u00a0\u00bbZweite euPrevent-Qualit\u00e4tssiegel f\u00fcr Krankenh\u00e4user (unavailable)\u00a0\u00bb color=\u00a0\u00bbwhite\u00a0\u00bb align=\u00a0\u00bbleft\u00a0\u00bb i_icon_fontawesome=\u00a0\u00bbfa fa-file-pdf-o\u00a0\u00bb button_block=\u00a0\u00bbtrue\u00a0\u00bb add_icon=\u00a0\u00bbtrue\u00a0\u00bb link=\u00a0\u00bburl:%23|||\u00a0\u00bb][\/vc_column_inner][\/vc_row_inner][\/vc_tta_section][vc_tta_section title=\u00a0\u00bbAnforderungen\u00a0\u00bb tab_id=\u00a0\u00bb1484394770646-afb5ea3c-38d3&Prime;][vc_column_text]<\/p>\n<h3>Anforderungen<\/h3>\n<p>[\/vc_column_text][vc_row_inner][vc_column_inner][vc_btn title=\u00a0\u00bbQualit\u00e4tsziele und Anforderungen Zweites euPrevent-Krankenhaussiegel\u00a0\u00bb color=\u00a0\u00bbwhite\u00a0\u00bb align=\u00a0\u00bbleft\u00a0\u00bb i_icon_fontawesome=\u00a0\u00bbfa fa-file-pdf-o\u00a0\u00bb button_block=\u00a0\u00bbtrue\u00a0\u00bb add_icon=\u00a0\u00bbtrue\u00a0\u00bb link=\u00a0\u00bburl:http%3A%2F%2Feuprevent.eu%2Fwp-content%2Fuploads%2F2017%2F01%2FQualitatsziele-und-Anforderungen-Zweites-euPrevent-Krankenhaussiegel.pdf|||\u00a0\u00bb][\/vc_column_inner][\/vc_row_inner][\/vc_tta_section][vc_tta_section title=\u00a0\u00bbSiegelverleihung\u00a0\u00bb tab_id=\u00a0\u00bb1484000608824-71c7e040-63bd\u00a0\u00bb][vc_column_text]<\/p>\n<h3>Siegelverleihung 30.06.2014<\/h3>\n<p>[\/vc_column_text][vc_row_inner][vc_column_inner][vc_btn title=\u00a0\u00bbEinladung &amp; Programm\u00a0\u00bb color=\u00a0\u00bbwhite\u00a0\u00bb align=\u00a0\u00bbleft\u00a0\u00bb i_icon_fontawesome=\u00a0\u00bbfa fa-file-pdf-o\u00a0\u00bb button_block=\u00a0\u00bbtrue\u00a0\u00bb add_icon=\u00a0\u00bbtrue\u00a0\u00bb link=\u00a0\u00bburl:http%3A%2F%2Feuprevent.eu%2Fwp-content%2Fuploads%2F2017%2F01%2Feinladung.pdf|||\u00a0\u00bb][vc_btn title=\u00a0\u00bbOffizielle Pressemitteilung\u00a0\u00bb color=\u00a0\u00bbwhite\u00a0\u00bb align=\u00a0\u00bbleft\u00a0\u00bb i_icon_fontawesome=\u00a0\u00bbfa fa-file-pdf-o\u00a0\u00bb button_block=\u00a0\u00bbtrue\u00a0\u00bb add_icon=\u00a0\u00bbtrue\u00a0\u00bb link=\u00a0\u00bburl:http%3A%2F%2Feuprevent.eu%2Fwp-content%2Fuploads%2F2017%2F01%2Fpressemitteilung.pdf|||\u00a0\u00bb][vc_column_text]<\/p>\n<h4>Vortr\u00e4ge<\/h4>\n<p>[\/vc_column_text][vc_btn title=\u00a0\u00bbHerzlich Willkommen &#8211; Herr Dr. med. K.-H. Feldhoff\u00a0\u00bb color=\u00a0\u00bbwhite\u00a0\u00bb align=\u00a0\u00bbleft\u00a0\u00bb i_icon_fontawesome=\u00a0\u00bbfa fa-file-pdf-o\u00a0\u00bb button_block=\u00a0\u00bbtrue\u00a0\u00bb add_icon=\u00a0\u00bbtrue\u00a0\u00bb link=\u00a0\u00bburl:http%3A%2F%2Feuprevent.eu%2Fwp-content%2Fuploads%2F2017%2F01%2Fvortrag-feldhoff.pdf|||\u00a0\u00bb][vc_btn title=\u00a0\u00bbAus-, Weiter- und Fortbildung im Gesundheitsbereich mit ILIAS &#8211; Christoph Ellers, Sachgebietsleiter des Ressorts Fortbildung der \u00c4KWL\u00a0\u00bb color=\u00a0\u00bbwhite\u00a0\u00bb align=\u00a0\u00bbleft\u00a0\u00bb i_icon_fontawesome=\u00a0\u00bbfa fa-file-pdf-o\u00a0\u00bb button_block=\u00a0\u00bbtrue\u00a0\u00bb add_icon=\u00a0\u00bbtrue\u00a0\u00bb link=\u00a0\u00bburl:http%3A%2F%2Feuprevent.eu%2Fwp-content%2Fuploads%2F2017%2F01%2Fvortrag-christoph-ellers.pdf|||\u00a0\u00bb][vc_btn title=\u00a0\u00bbeuPrevent-Projektlinie Infektionskrankheiten &#8211; Corinna Bank, Rebecca Zumborn, Studentin Health Care Management, HSNR Krefeld\u00a0\u00bb color=\u00a0\u00bbwhite\u00a0\u00bb align=\u00a0\u00bbleft\u00a0\u00bb i_icon_fontawesome=\u00a0\u00bbfa fa-file-pdf-o\u00a0\u00bb button_block=\u00a0\u00bbtrue\u00a0\u00bb add_icon=\u00a0\u00bbtrue\u00a0\u00bb link=\u00a0\u00bburl:http%3A%2F%2Feuprevent.eu%2Fwp-content%2Fuploads%2F2017%2F01%2Fvortrag-corinna-bank.pdf|||\u00a0\u00bb][vc_column_text]<\/p>\n<h4>Fotos<\/h4>\n<p>[\/vc_column_text][vc_gallery type=\u00a0\u00bbimage_grid\u00a0\u00bb images=\u00a0\u00bb451,452,453,454,455,456,457,458,459,460,461,462,463,464,465,466,467,468,469,470,471,472,473,474,475&Prime; css=\u00a0\u00bb.vc_custom_1484395512456{background-color: #ffffff !important;}\u00a0\u00bb][\/vc_column_inner][\/vc_row_inner][\/vc_tta_section][\/vc_tta_tour][\/vc_column][\/vc_row]<\/p>\n<\/section>","protected":false},"excerpt":{"rendered":"<p>[vc_row][vc_column][vc_column_text el_class=\u00a0\u00bbalert alert-info\u00a0\u00bb] Deze informatie is alleen beschikbaar in het Duits. \/ The information below is only available in German. \/\u00a0Cette information est seulement disponible en allemand. [\/vc_column_text][\/vc_column][\/vc_row][vc_row css=\u00a0\u00bb.vc_custom_1483999173497{margin-bottom: 0px !important;}\u00a0\u00bb][vc_column][vc_column_text css=\u00a0\u00bb.vc_custom_1484050006449{margin-bottom: 20px !important;}\u00a0\u00bb] Zweites\u00a0Krankenhaussiegel [\/vc_column_text][\/vc_column][\/vc_row][vc_row][vc_column width=\u00a0\u00bb5\/6&Prime;][vc_column_text]Das zweite euPrevent-Qualit\u00e4tssiegel f\u00fcr Krankenh\u00e4user hat sich zum Ziel gesetzt, die Aspekte des ersten Siegels zu verstetigen und vor [&hellip;]<\/p>\n","protected":false},"author":1,"featured_media":0,"parent":886,"menu_order":0,"comment_status":"closed","ping_status":"closed","template":"","meta":{"_acf_changed":false,"footnotes":""},"class_list":["post-893","page","type-page","status-publish","hentry","programmes-infectious-diseases"],"acf":[],"yoast_head":"<!-- This site is optimized with the Yoast SEO plugin v26.8 - https:\/\/yoast.com\/product\/yoast-seo-wordpress\/ -->\n<title>Zweites Krankenhaussiegel - euPrevent<\/title>\n<meta name=\"robots\" content=\"index, follow, max-snippet:-1, max-image-preview:large, max-video-preview:-1\" \/>\n<link rel=\"canonical\" href=\"https:\/\/euprevent.eu\/fr\/euprevent-qualitatssiegel\/zweites-krankenhaussiegel\/\" \/>\n<meta property=\"og:locale\" content=\"fr_FR\" \/>\n<meta property=\"og:type\" content=\"article\" \/>\n<meta property=\"og:title\" content=\"Zweites Krankenhaussiegel - euPrevent\" \/>\n<meta property=\"og:description\" content=\"[vc_row][vc_column][vc_column_text el_class=\u00a0\u00bbalert alert-info\u00a0\u00bb] Deze informatie is alleen beschikbaar in het Duits. \/ The information below is only available in German. \/\u00a0Cette information est seulement disponible en allemand. [\/vc_column_text][\/vc_column][\/vc_row][vc_row css=\u00a0\u00bb.vc_custom_1483999173497{margin-bottom: 0px !important;}\u00a0\u00bb][vc_column][vc_column_text css=\u00a0\u00bb.vc_custom_1484050006449{margin-bottom: 20px !important;}\u00a0\u00bb] Zweites\u00a0Krankenhaussiegel [\/vc_column_text][\/vc_column][\/vc_row][vc_row][vc_column width=\u00a0\u00bb5\/6&Prime;][vc_column_text]Das zweite euPrevent-Qualit\u00e4tssiegel f\u00fcr Krankenh\u00e4user hat sich zum Ziel gesetzt, die Aspekte des ersten Siegels zu verstetigen und vor [&hellip;]\" \/>\n<meta property=\"og:url\" content=\"https:\/\/euprevent.eu\/fr\/euprevent-qualitatssiegel\/zweites-krankenhaussiegel\/\" \/>\n<meta property=\"og:site_name\" content=\"euPrevent\" \/>\n<meta property=\"article:modified_time\" content=\"2017-02-22T16:11:44+00:00\" \/>\n<meta name=\"twitter:card\" content=\"summary_large_image\" \/>\n<meta name=\"twitter:label1\" content=\"Dur\u00e9e de lecture estim\u00e9e\" \/>\n\t<meta name=\"twitter:data1\" content=\"6 minutes\" \/>\n<script type=\"application\/ld+json\" class=\"yoast-schema-graph\">{\"@context\":\"https:\/\/schema.org\",\"@graph\":[{\"@type\":\"WebPage\",\"@id\":\"https:\/\/euprevent.eu\/fr\/euprevent-qualitatssiegel\/zweites-krankenhaussiegel\/\",\"url\":\"https:\/\/euprevent.eu\/fr\/euprevent-qualitatssiegel\/zweites-krankenhaussiegel\/\",\"name\":\"Zweites Krankenhaussiegel - euPrevent\",\"isPartOf\":{\"@id\":\"https:\/\/euprevent.eu\/fr\/#website\"},\"datePublished\":\"2017-01-10T12:05:51+00:00\",\"dateModified\":\"2017-02-22T16:11:44+00:00\",\"breadcrumb\":{\"@id\":\"https:\/\/euprevent.eu\/fr\/euprevent-qualitatssiegel\/zweites-krankenhaussiegel\/#breadcrumb\"},\"inLanguage\":\"fr-FR\",\"potentialAction\":[{\"@type\":\"ReadAction\",\"target\":[\"https:\/\/euprevent.eu\/fr\/euprevent-qualitatssiegel\/zweites-krankenhaussiegel\/\"]}]},{\"@type\":\"BreadcrumbList\",\"@id\":\"https:\/\/euprevent.eu\/fr\/euprevent-qualitatssiegel\/zweites-krankenhaussiegel\/#breadcrumb\",\"itemListElement\":[{\"@type\":\"ListItem\",\"position\":1,\"name\":\"Home\",\"item\":\"https:\/\/euprevent.eu\/fr\/\"},{\"@type\":\"ListItem\",\"position\":2,\"name\":\"euPrevent Qualit\u00e4tssiegel\",\"item\":\"https:\/\/euprevent.eu\/fr\/euprevent-qualitatssiegel\/\"},{\"@type\":\"ListItem\",\"position\":3,\"name\":\"Zweites Krankenhaussiegel\"}]},{\"@type\":\"WebSite\",\"@id\":\"https:\/\/euprevent.eu\/fr\/#website\",\"url\":\"https:\/\/euprevent.eu\/fr\/\",\"name\":\"euPrevent\",\"description\":\"euPrevent is a Euroregional network that focuses on promoting health. Within this network, sustainable partnerships seek to increase the quality of life of residents in the border region between the Netherlands, Belgium and Germany.\",\"potentialAction\":[{\"@type\":\"SearchAction\",\"target\":{\"@type\":\"EntryPoint\",\"urlTemplate\":\"https:\/\/euprevent.eu\/fr\/?s={search_term_string}\"},\"query-input\":{\"@type\":\"PropertyValueSpecification\",\"valueRequired\":true,\"valueName\":\"search_term_string\"}}],\"inLanguage\":\"fr-FR\"}]}<\/script>\n<!-- \/ Yoast SEO plugin. -->","yoast_head_json":{"title":"Zweites Krankenhaussiegel - euPrevent","robots":{"index":"index","follow":"follow","max-snippet":"max-snippet:-1","max-image-preview":"max-image-preview:large","max-video-preview":"max-video-preview:-1"},"canonical":"https:\/\/euprevent.eu\/fr\/euprevent-qualitatssiegel\/zweites-krankenhaussiegel\/","og_locale":"fr_FR","og_type":"article","og_title":"Zweites Krankenhaussiegel - euPrevent","og_description":"[vc_row][vc_column][vc_column_text el_class=\u00a0\u00bbalert alert-info\u00a0\u00bb] Deze informatie is alleen beschikbaar in het Duits. \/ The information below is only available in German. \/\u00a0Cette information est seulement disponible en allemand. [\/vc_column_text][\/vc_column][\/vc_row][vc_row css=\u00a0\u00bb.vc_custom_1483999173497{margin-bottom: 0px !important;}\u00a0\u00bb][vc_column][vc_column_text css=\u00a0\u00bb.vc_custom_1484050006449{margin-bottom: 20px !important;}\u00a0\u00bb] Zweites\u00a0Krankenhaussiegel [\/vc_column_text][\/vc_column][\/vc_row][vc_row][vc_column width=\u00a0\u00bb5\/6&Prime;][vc_column_text]Das zweite euPrevent-Qualit\u00e4tssiegel f\u00fcr Krankenh\u00e4user hat sich zum Ziel gesetzt, die Aspekte des ersten Siegels zu verstetigen und vor [&hellip;]","og_url":"https:\/\/euprevent.eu\/fr\/euprevent-qualitatssiegel\/zweites-krankenhaussiegel\/","og_site_name":"euPrevent","article_modified_time":"2017-02-22T16:11:44+00:00","twitter_card":"summary_large_image","twitter_misc":{"Dur\u00e9e de lecture estim\u00e9e":"6 minutes"},"schema":{"@context":"https:\/\/schema.org","@graph":[{"@type":"WebPage","@id":"https:\/\/euprevent.eu\/fr\/euprevent-qualitatssiegel\/zweites-krankenhaussiegel\/","url":"https:\/\/euprevent.eu\/fr\/euprevent-qualitatssiegel\/zweites-krankenhaussiegel\/","name":"Zweites Krankenhaussiegel - euPrevent","isPartOf":{"@id":"https:\/\/euprevent.eu\/fr\/#website"},"datePublished":"2017-01-10T12:05:51+00:00","dateModified":"2017-02-22T16:11:44+00:00","breadcrumb":{"@id":"https:\/\/euprevent.eu\/fr\/euprevent-qualitatssiegel\/zweites-krankenhaussiegel\/#breadcrumb"},"inLanguage":"fr-FR","potentialAction":[{"@type":"ReadAction","target":["https:\/\/euprevent.eu\/fr\/euprevent-qualitatssiegel\/zweites-krankenhaussiegel\/"]}]},{"@type":"BreadcrumbList","@id":"https:\/\/euprevent.eu\/fr\/euprevent-qualitatssiegel\/zweites-krankenhaussiegel\/#breadcrumb","itemListElement":[{"@type":"ListItem","position":1,"name":"Home","item":"https:\/\/euprevent.eu\/fr\/"},{"@type":"ListItem","position":2,"name":"euPrevent Qualit\u00e4tssiegel","item":"https:\/\/euprevent.eu\/fr\/euprevent-qualitatssiegel\/"},{"@type":"ListItem","position":3,"name":"Zweites Krankenhaussiegel"}]},{"@type":"WebSite","@id":"https:\/\/euprevent.eu\/fr\/#website","url":"https:\/\/euprevent.eu\/fr\/","name":"euPrevent","description":"euPrevent is a Euroregional network that focuses on promoting health. Within this network, sustainable partnerships seek to increase the quality of life of residents in the border region between the Netherlands, Belgium and Germany.","potentialAction":[{"@type":"SearchAction","target":{"@type":"EntryPoint","urlTemplate":"https:\/\/euprevent.eu\/fr\/?s={search_term_string}"},"query-input":{"@type":"PropertyValueSpecification","valueRequired":true,"valueName":"search_term_string"}}],"inLanguage":"fr-FR"}]}},"_links":{"self":[{"href":"https:\/\/euprevent.eu\/fr\/wp-json\/wp\/v2\/pages\/893","targetHints":{"allow":["GET"]}}],"collection":[{"href":"https:\/\/euprevent.eu\/fr\/wp-json\/wp\/v2\/pages"}],"about":[{"href":"https:\/\/euprevent.eu\/fr\/wp-json\/wp\/v2\/types\/page"}],"author":[{"embeddable":true,"href":"https:\/\/euprevent.eu\/fr\/wp-json\/wp\/v2\/users\/1"}],"replies":[{"embeddable":true,"href":"https:\/\/euprevent.eu\/fr\/wp-json\/wp\/v2\/comments?post=893"}],"version-history":[{"count":2,"href":"https:\/\/euprevent.eu\/fr\/wp-json\/wp\/v2\/pages\/893\/revisions"}],"predecessor-version":[{"id":965,"href":"https:\/\/euprevent.eu\/fr\/wp-json\/wp\/v2\/pages\/893\/revisions\/965"}],"up":[{"embeddable":true,"href":"https:\/\/euprevent.eu\/fr\/wp-json\/wp\/v2\/pages\/886"}],"wp:attachment":[{"href":"https:\/\/euprevent.eu\/fr\/wp-json\/wp\/v2\/media?parent=893"}],"curies":[{"name":"wp","href":"https:\/\/api.w.org\/{rel}","templated":true}]}}