


{"id":890,"date":"2017-01-09T22:08:03","date_gmt":"2017-01-09T22:08:03","guid":{"rendered":"http:\/\/euprevent.eu\/?page_id=890\/"},"modified":"2017-02-22T16:11:32","modified_gmt":"2017-02-22T16:11:32","slug":"erstes-krankenhaussiegel","status":"publish","type":"page","link":"https:\/\/euprevent.eu\/fr\/euprevent-qualitatssiegel\/erstes-krankenhaussiegel\/","title":{"rendered":"Erstes Krankenhaussiegel"},"content":{"rendered":"<section class=\"wpb-content-wrapper\"><p>[vc_row][vc_column][vc_column_text el_class=\u00a0\u00bbalert alert-info\u00a0\u00bb]<\/p>\n<p style=\"text-align: center;\">Deze informatie is alleen beschikbaar in het Duits. \/ The information below is only available in German. \/\u00a0Cette information est seulement disponible en allemand.<\/p>\n<p>[\/vc_column_text][\/vc_column][\/vc_row][vc_row css=\u00a0\u00bb.vc_custom_1483999173497{margin-bottom: 0px !important;}\u00a0\u00bb][vc_column][vc_column_text css=\u00a0\u00bb.vc_custom_1483999819209{margin-bottom: 20px !important;}\u00a0\u00bb]<\/p>\n<h2>Erstes Krankenhaussiegel<\/h2>\n<p>[\/vc_column_text][\/vc_column][\/vc_row][vc_row][vc_column width=\u00a0\u00bb5\/6&Prime;][vc_column_text]Das erste euPrevent-Qualit\u00e4tssiegel f\u00fcr Krankenh\u00e4user stellte den Startpunkt f\u00fcr alle weiteren Siegel dar. Schwerpunktm\u00e4\u00dfig besch\u00e4ftigt es sich mit Aspekten des Netzwerkaufbaus, der Surveillance, des Pr\u00e4valenz-Screenings und der Umsetzung nationaler Hygieneempfehlungen.[\/vc_column_text][\/vc_column][vc_column width=\u00a0\u00bb1\/6&Prime;][vc_single_image image=\u00a0\u00bb280&Prime; img_size=\u00a0\u00bbfull\u00a0\u00bb][\/vc_column][\/vc_row][vc_row][vc_column][vc_tta_tour][vc_tta_section title=\u00a0\u00bbAuditoren\u00a0\u00bb tab_id=\u00a0\u00bb1484000065193-2cfa2d43-f902&Prime;][vc_column_text]<\/p>\n<h3>Auditoren<\/h3>\n<p>[\/vc_column_text][vc_row_inner][vc_column_inner width=\u00a0\u00bb1\/2&Prime;][vc_btn title=\u00a0\u00bbAuditorenschulung\u00a0\u00bb color=\u00a0\u00bbwhite\u00a0\u00bb align=\u00a0\u00bbleft\u00a0\u00bb i_icon_fontawesome=\u00a0\u00bbfa fa-file-pdf-o\u00a0\u00bb button_block=\u00a0\u00bbtrue\u00a0\u00bb add_icon=\u00a0\u00bbtrue\u00a0\u00bb link=\u00a0\u00bburl:http%3A%2F%2Feuprevent.eu%2Fwp-content%2Fuploads%2F2017%2F01%2FAuditorenschulung-Erstes-euPrevent-Krankenhaussiegel.pdf|||\u00a0\u00bb][vc_btn title=\u00a0\u00bbChecklist Auditoren\u00a0\u00bb color=\u00a0\u00bbwhite\u00a0\u00bb align=\u00a0\u00bbleft\u00a0\u00bb i_icon_fontawesome=\u00a0\u00bbfa fa-file-pdf-o\u00a0\u00bb button_block=\u00a0\u00bbtrue\u00a0\u00bb add_icon=\u00a0\u00bbtrue\u00a0\u00bb link=\u00a0\u00bburl:http%3A%2F%2Feuprevent.eu%2Fwp-content%2Fuploads%2F2017%2F01%2FCheckliste-Auditoren-Erstes-euPrevent-Krankenhaussiegel.pdf|||\u00a0\u00bb][\/vc_column_inner][vc_column_inner width=\u00a0\u00bb1\/2&Prime;][vc_btn title=\u00a0\u00bbDeckblatt Auditorenhandbuch\u00a0\u00bb color=\u00a0\u00bbwhite\u00a0\u00bb align=\u00a0\u00bbleft\u00a0\u00bb i_icon_fontawesome=\u00a0\u00bbfa fa-file-pdf-o\u00a0\u00bb button_block=\u00a0\u00bbtrue\u00a0\u00bb add_icon=\u00a0\u00bbtrue\u00a0\u00bb link=\u00a0\u00bburl:http%3A%2F%2Feuprevent.eu%2Fwp-content%2Fuploads%2F2017%2F01%2FDeckblatt-Auditorenhandbuch-Erstes-euPrevent-Krankenhaussiegel.pdf|||\u00a0\u00bb][vc_btn title=\u00a0\u00bbPunkteverteilung\u00a0\u00bb color=\u00a0\u00bbwhite\u00a0\u00bb align=\u00a0\u00bbleft\u00a0\u00bb i_icon_fontawesome=\u00a0\u00bbfa fa-file-pdf-o\u00a0\u00bb button_block=\u00a0\u00bbtrue\u00a0\u00bb add_icon=\u00a0\u00bbtrue\u00a0\u00bb link=\u00a0\u00bburl:http%3A%2F%2Feuprevent.eu%2Fwp-content%2Fuploads%2F2017%2F01%2FPunkteverteilung-Erstes-euPrevent-Krankenhaussiegel.pdf|||\u00a0\u00bb][\/vc_column_inner][\/vc_row_inner][\/vc_tta_section][vc_tta_section title=\u00a0\u00bbLiteratur\u00a0\u00bb tab_id=\u00a0\u00bb1484000602777-110ac1dc-84d7&Prime;][vc_column_text]<\/p>\n<h3>Literatur<\/h3>\n<p>[\/vc_column_text][vc_row_inner][vc_column_inner][vc_btn title=\u00a0\u00bbMitteilung der Kommission fu\u0308r Krankenhaushygiene und Infektionspr\u00e4vention\u00a0\u00bb color=\u00a0\u00bbwhite\u00a0\u00bb align=\u00a0\u00bbleft\u00a0\u00bb i_icon_fontawesome=\u00a0\u00bbfa fa-file-pdf-o\u00a0\u00bb button_block=\u00a0\u00bbtrue\u00a0\u00bb add_icon=\u00a0\u00bbtrue\u00a0\u00bb link=\u00a0\u00bburl:http%3A%2F%2Feuprevent.eu%2Fwp-content%2Fuploads%2F2017%2F01%2FRKI-Handehygiene.pdf|||\u00a0\u00bb][vc_btn title=\u00a0\u00bbMitteilung der KRINKO zur Surveillance von nosokomialen Infektionen\u00a0\u00bb color=\u00a0\u00bbwhite\u00a0\u00bb align=\u00a0\u00bbleft\u00a0\u00bb i_icon_fontawesome=\u00a0\u00bbfa fa-file-pdf-o\u00a0\u00bb button_block=\u00a0\u00bbtrue\u00a0\u00bb add_icon=\u00a0\u00bbtrue\u00a0\u00bb link=\u00a0\u00bburl:http%3A%2F%2Feuprevent.eu%2Fwp-content%2Fuploads%2F2017%2F01%2FRKI-Mitteilung-der-KRINKO-zur-Surveillance-von-nosokomialen-Infektionen.pdf|||\u00a0\u00bb][vc_btn title=\u00a0\u00bbEmpfehlung zur Pr\u00e4vention und Kontrolle von MRSA in Krankenh\u00e4usern\u00a0\u00bb color=\u00a0\u00bbwhite\u00a0\u00bb align=\u00a0\u00bbleft\u00a0\u00bb i_icon_fontawesome=\u00a0\u00bbfa fa-file-pdf-o\u00a0\u00bb button_block=\u00a0\u00bbtrue\u00a0\u00bb add_icon=\u00a0\u00bbtrue\u00a0\u00bb link=\u00a0\u00bburl:http%3A%2F%2Feuprevent.eu%2Fwp-content%2Fuploads%2F2017%2F01%2FRKI-Empfehlung-zur-Prasention-und-Kontrolle-von-MRSA-in-Krankenhausern.pdf|||\u00a0\u00bb][vc_btn title=\u00a0\u00bbKommentar zu den &lsquo;Empfehlungen zur Pr\u00e4vention und Kontrolle von MRSA-St\u00e4mmen in Krankenh\u00e4usern'\u00a0\u00bb color=\u00a0\u00bbwhite\u00a0\u00bb align=\u00a0\u00bbleft\u00a0\u00bb i_icon_fontawesome=\u00a0\u00bbfa fa-file-pdf-o\u00a0\u00bb button_block=\u00a0\u00bbtrue\u00a0\u00bb add_icon=\u00a0\u00bbtrue\u00a0\u00bb link=\u00a0\u00bburl:http%3A%2F%2Feuprevent.eu%2Fwp-content%2Fuploads%2F2017%2F01%2FRKI-Kommentar-zu-den-Empfehlungen-zur-Pravention-und-Kontrolle-von-MRSA-Stammen-in-Krankenhausern.pdf|||\u00a0\u00bb][vc_btn title=\u00a0\u00bbPersonelle und organisatorische Voraussetzungen zur Pr\u00e4vention nosokomialer Infektionen\u00a0\u00bb color=\u00a0\u00bbwhite\u00a0\u00bb align=\u00a0\u00bbleft\u00a0\u00bb i_icon_fontawesome=\u00a0\u00bbfa fa-file-pdf-o\u00a0\u00bb button_block=\u00a0\u00bbtrue\u00a0\u00bb add_icon=\u00a0\u00bbtrue\u00a0\u00bb link=\u00a0\u00bburl:http%3A%2F%2Feuprevent.eu%2Fwp-content%2Fuploads%2F2017%2F01%2FRKI-Personelle-und-organisatorische-Voraussetzungen-zur-Pravention-nosokomiler-Infektionen.pdf|||\u00a0\u00bb][\/vc_column_inner][\/vc_row_inner][\/vc_tta_section][vc_tta_section title=\u00a0\u00bbSiegel\u00a0\u00bb tab_id=\u00a0\u00bb1484000531381-e19ec8fe-b3dc\u00a0\u00bb][vc_column_text]<\/p>\n<h2>Siegel<\/h2>\n<p>[\/vc_column_text][vc_row_inner][vc_column_inner][vc_btn title=\u00a0\u00bbErstes euPrevent-Qualit\u00e4tssiegel f\u00fcr Krankenh\u00e4user\u00a0\u00bb color=\u00a0\u00bbwhite\u00a0\u00bb align=\u00a0\u00bbleft\u00a0\u00bb i_icon_fontawesome=\u00a0\u00bbfa fa-file-pdf-o\u00a0\u00bb button_block=\u00a0\u00bbtrue\u00a0\u00bb add_icon=\u00a0\u00bbtrue\u00a0\u00bb link=\u00a0\u00bburl:http%3A%2F%2Feuprevent.eu%2Fwp-content%2Fuploads%2F2017%2F01%2FZertifikatend14022012.pdf|||\u00a0\u00bb][\/vc_column_inner][\/vc_row_inner][\/vc_tta_section][vc_tta_section title=\u00a0\u00bbAnforderungen\u00a0\u00bb tab_id=\u00a0\u00bb1484000608824-71c7e040-63bd\u00a0\u00bb][vc_column_text]<\/p>\n<h2>Anforderungen<\/h2>\n<p>[\/vc_column_text][vc_row_inner][vc_column_inner][vc_btn title=\u00a0\u00bbQualit\u00e4tsziele Kurzbeschreibung Erstes euPrevent-Krankenhaussiegel\u00a0\u00bb color=\u00a0\u00bbwhite\u00a0\u00bb align=\u00a0\u00bbleft\u00a0\u00bb i_icon_fontawesome=\u00a0\u00bbfa fa-file-pdf-o\u00a0\u00bb button_block=\u00a0\u00bbtrue\u00a0\u00bb add_icon=\u00a0\u00bbtrue\u00a0\u00bb link=\u00a0\u00bburl:http%3A%2F%2Feuprevent.eu%2Fwp-content%2Fuploads%2F2017%2F01%2FQualitatsziele-Kurzbeschreibung-Erstes-euPrevent-Krankenhaussiegel.pdf|||\u00a0\u00bb][vc_btn title=\u00a0\u00bbQualit\u00e4tsziele und Anforderungen Erstes euPrevent-Krankenhaussiegel\u00a0\u00bb color=\u00a0\u00bbwhite\u00a0\u00bb align=\u00a0\u00bbleft\u00a0\u00bb i_icon_fontawesome=\u00a0\u00bbfa fa-file-pdf-o\u00a0\u00bb button_block=\u00a0\u00bbtrue\u00a0\u00bb add_icon=\u00a0\u00bbtrue\u00a0\u00bb link=\u00a0\u00bburl:http%3A%2F%2Feuprevent.eu%2Fwp-content%2Fuploads%2F2017%2F01%2FQualitatsziele-und-Anforderungen-Erstes-euPrevent-Krankenhaussiegel.pdf|||\u00a0\u00bb][\/vc_column_inner][\/vc_row_inner][\/vc_tta_section][\/vc_tta_tour][\/vc_column][\/vc_row]<\/p>\n<\/section>","protected":false},"excerpt":{"rendered":"<p>[vc_row][vc_column][vc_column_text el_class=\u00a0\u00bbalert alert-info\u00a0\u00bb] Deze informatie is alleen beschikbaar in het Duits. \/ The information below is only available in German. \/\u00a0Cette information est seulement disponible en allemand. [\/vc_column_text][\/vc_column][\/vc_row][vc_row css=\u00a0\u00bb.vc_custom_1483999173497{margin-bottom: 0px !important;}\u00a0\u00bb][vc_column][vc_column_text css=\u00a0\u00bb.vc_custom_1483999819209{margin-bottom: 20px !important;}\u00a0\u00bb] Erstes Krankenhaussiegel [\/vc_column_text][\/vc_column][\/vc_row][vc_row][vc_column width=\u00a0\u00bb5\/6&Prime;][vc_column_text]Das erste euPrevent-Qualit\u00e4tssiegel f\u00fcr Krankenh\u00e4user stellte den Startpunkt f\u00fcr alle weiteren Siegel dar. Schwerpunktm\u00e4\u00dfig besch\u00e4ftigt es sich mit [&hellip;]<\/p>\n","protected":false},"author":1,"featured_media":0,"parent":886,"menu_order":0,"comment_status":"closed","ping_status":"closed","template":"","meta":{"_acf_changed":false,"footnotes":""},"class_list":["post-890","page","type-page","status-publish","hentry","programmes-infectious-diseases"],"acf":[],"yoast_head":"<!-- This site is optimized with the Yoast SEO plugin v27.5 - https:\/\/yoast.com\/product\/yoast-seo-wordpress\/ -->\n<title>Erstes Krankenhaussiegel - euPrevent<\/title>\n<meta name=\"robots\" content=\"index, follow, max-snippet:-1, max-image-preview:large, max-video-preview:-1\" \/>\n<link rel=\"canonical\" href=\"https:\/\/euprevent.eu\/fr\/euprevent-qualitatssiegel\/erstes-krankenhaussiegel\/\" \/>\n<meta property=\"og:locale\" content=\"fr_FR\" \/>\n<meta property=\"og:type\" content=\"article\" \/>\n<meta property=\"og:title\" content=\"Erstes Krankenhaussiegel - euPrevent\" \/>\n<meta property=\"og:description\" content=\"[vc_row][vc_column][vc_column_text el_class=\u00a0\u00bbalert alert-info\u00a0\u00bb] Deze informatie is alleen beschikbaar in het Duits. \/ The information below is only available in German. \/\u00a0Cette information est seulement disponible en allemand. [\/vc_column_text][\/vc_column][\/vc_row][vc_row css=\u00a0\u00bb.vc_custom_1483999173497{margin-bottom: 0px !important;}\u00a0\u00bb][vc_column][vc_column_text css=\u00a0\u00bb.vc_custom_1483999819209{margin-bottom: 20px !important;}\u00a0\u00bb] Erstes Krankenhaussiegel [\/vc_column_text][\/vc_column][\/vc_row][vc_row][vc_column width=\u00a0\u00bb5\/6&Prime;][vc_column_text]Das erste euPrevent-Qualit\u00e4tssiegel f\u00fcr Krankenh\u00e4user stellte den Startpunkt f\u00fcr alle weiteren Siegel dar. Schwerpunktm\u00e4\u00dfig besch\u00e4ftigt es sich mit [&hellip;]\" \/>\n<meta property=\"og:url\" content=\"https:\/\/euprevent.eu\/fr\/euprevent-qualitatssiegel\/erstes-krankenhaussiegel\/\" \/>\n<meta property=\"og:site_name\" content=\"euPrevent\" \/>\n<meta property=\"article:modified_time\" content=\"2017-02-22T16:11:32+00:00\" \/>\n<meta name=\"twitter:card\" content=\"summary_large_image\" \/>\n<meta name=\"twitter:label1\" content=\"Dur\u00e9e de lecture estim\u00e9e\" \/>\n\t<meta name=\"twitter:data1\" content=\"4 minutes\" \/>\n<script type=\"application\/ld+json\" class=\"yoast-schema-graph\">{\"@context\":\"https:\\\/\\\/schema.org\",\"@graph\":[{\"@type\":\"WebPage\",\"@id\":\"https:\\\/\\\/euprevent.eu\\\/fr\\\/euprevent-qualitatssiegel\\\/erstes-krankenhaussiegel\\\/\",\"url\":\"https:\\\/\\\/euprevent.eu\\\/fr\\\/euprevent-qualitatssiegel\\\/erstes-krankenhaussiegel\\\/\",\"name\":\"Erstes Krankenhaussiegel - euPrevent\",\"isPartOf\":{\"@id\":\"https:\\\/\\\/euprevent.eu\\\/fr\\\/#website\"},\"datePublished\":\"2017-01-09T22:08:03+00:00\",\"dateModified\":\"2017-02-22T16:11:32+00:00\",\"breadcrumb\":{\"@id\":\"https:\\\/\\\/euprevent.eu\\\/fr\\\/euprevent-qualitatssiegel\\\/erstes-krankenhaussiegel\\\/#breadcrumb\"},\"inLanguage\":\"fr-FR\",\"potentialAction\":[{\"@type\":\"ReadAction\",\"target\":[\"https:\\\/\\\/euprevent.eu\\\/fr\\\/euprevent-qualitatssiegel\\\/erstes-krankenhaussiegel\\\/\"]}]},{\"@type\":\"BreadcrumbList\",\"@id\":\"https:\\\/\\\/euprevent.eu\\\/fr\\\/euprevent-qualitatssiegel\\\/erstes-krankenhaussiegel\\\/#breadcrumb\",\"itemListElement\":[{\"@type\":\"ListItem\",\"position\":1,\"name\":\"Home\",\"item\":\"https:\\\/\\\/euprevent.eu\\\/fr\\\/\"},{\"@type\":\"ListItem\",\"position\":2,\"name\":\"euPrevent Qualit\u00e4tssiegel\",\"item\":\"https:\\\/\\\/euprevent.eu\\\/fr\\\/euprevent-qualitatssiegel\\\/\"},{\"@type\":\"ListItem\",\"position\":3,\"name\":\"Erstes Krankenhaussiegel\"}]},{\"@type\":\"WebSite\",\"@id\":\"https:\\\/\\\/euprevent.eu\\\/fr\\\/#website\",\"url\":\"https:\\\/\\\/euprevent.eu\\\/fr\\\/\",\"name\":\"euPrevent\",\"description\":\"euPrevent is a Euroregional network that focuses on promoting health. Within this network, sustainable partnerships seek to increase the quality of life of residents in the border region between the Netherlands, Belgium and Germany.\",\"potentialAction\":[{\"@type\":\"SearchAction\",\"target\":{\"@type\":\"EntryPoint\",\"urlTemplate\":\"https:\\\/\\\/euprevent.eu\\\/fr\\\/?s={search_term_string}\"},\"query-input\":{\"@type\":\"PropertyValueSpecification\",\"valueRequired\":true,\"valueName\":\"search_term_string\"}}],\"inLanguage\":\"fr-FR\"}]}<\/script>\n<!-- \/ Yoast SEO plugin. -->","yoast_head_json":{"title":"Erstes Krankenhaussiegel - euPrevent","robots":{"index":"index","follow":"follow","max-snippet":"max-snippet:-1","max-image-preview":"max-image-preview:large","max-video-preview":"max-video-preview:-1"},"canonical":"https:\/\/euprevent.eu\/fr\/euprevent-qualitatssiegel\/erstes-krankenhaussiegel\/","og_locale":"fr_FR","og_type":"article","og_title":"Erstes Krankenhaussiegel - euPrevent","og_description":"[vc_row][vc_column][vc_column_text el_class=\u00a0\u00bbalert alert-info\u00a0\u00bb] Deze informatie is alleen beschikbaar in het Duits. \/ The information below is only available in German. \/\u00a0Cette information est seulement disponible en allemand. [\/vc_column_text][\/vc_column][\/vc_row][vc_row css=\u00a0\u00bb.vc_custom_1483999173497{margin-bottom: 0px !important;}\u00a0\u00bb][vc_column][vc_column_text css=\u00a0\u00bb.vc_custom_1483999819209{margin-bottom: 20px !important;}\u00a0\u00bb] Erstes Krankenhaussiegel [\/vc_column_text][\/vc_column][\/vc_row][vc_row][vc_column width=\u00a0\u00bb5\/6&Prime;][vc_column_text]Das erste euPrevent-Qualit\u00e4tssiegel f\u00fcr Krankenh\u00e4user stellte den Startpunkt f\u00fcr alle weiteren Siegel dar. Schwerpunktm\u00e4\u00dfig besch\u00e4ftigt es sich mit [&hellip;]","og_url":"https:\/\/euprevent.eu\/fr\/euprevent-qualitatssiegel\/erstes-krankenhaussiegel\/","og_site_name":"euPrevent","article_modified_time":"2017-02-22T16:11:32+00:00","twitter_card":"summary_large_image","twitter_misc":{"Dur\u00e9e de lecture estim\u00e9e":"4 minutes"},"schema":{"@context":"https:\/\/schema.org","@graph":[{"@type":"WebPage","@id":"https:\/\/euprevent.eu\/fr\/euprevent-qualitatssiegel\/erstes-krankenhaussiegel\/","url":"https:\/\/euprevent.eu\/fr\/euprevent-qualitatssiegel\/erstes-krankenhaussiegel\/","name":"Erstes Krankenhaussiegel - euPrevent","isPartOf":{"@id":"https:\/\/euprevent.eu\/fr\/#website"},"datePublished":"2017-01-09T22:08:03+00:00","dateModified":"2017-02-22T16:11:32+00:00","breadcrumb":{"@id":"https:\/\/euprevent.eu\/fr\/euprevent-qualitatssiegel\/erstes-krankenhaussiegel\/#breadcrumb"},"inLanguage":"fr-FR","potentialAction":[{"@type":"ReadAction","target":["https:\/\/euprevent.eu\/fr\/euprevent-qualitatssiegel\/erstes-krankenhaussiegel\/"]}]},{"@type":"BreadcrumbList","@id":"https:\/\/euprevent.eu\/fr\/euprevent-qualitatssiegel\/erstes-krankenhaussiegel\/#breadcrumb","itemListElement":[{"@type":"ListItem","position":1,"name":"Home","item":"https:\/\/euprevent.eu\/fr\/"},{"@type":"ListItem","position":2,"name":"euPrevent Qualit\u00e4tssiegel","item":"https:\/\/euprevent.eu\/fr\/euprevent-qualitatssiegel\/"},{"@type":"ListItem","position":3,"name":"Erstes Krankenhaussiegel"}]},{"@type":"WebSite","@id":"https:\/\/euprevent.eu\/fr\/#website","url":"https:\/\/euprevent.eu\/fr\/","name":"euPrevent","description":"euPrevent is a Euroregional network that focuses on promoting health. Within this network, sustainable partnerships seek to increase the quality of life of residents in the border region between the Netherlands, Belgium and Germany.","potentialAction":[{"@type":"SearchAction","target":{"@type":"EntryPoint","urlTemplate":"https:\/\/euprevent.eu\/fr\/?s={search_term_string}"},"query-input":{"@type":"PropertyValueSpecification","valueRequired":true,"valueName":"search_term_string"}}],"inLanguage":"fr-FR"}]}},"_links":{"self":[{"href":"https:\/\/euprevent.eu\/fr\/wp-json\/wp\/v2\/pages\/890","targetHints":{"allow":["GET"]}}],"collection":[{"href":"https:\/\/euprevent.eu\/fr\/wp-json\/wp\/v2\/pages"}],"about":[{"href":"https:\/\/euprevent.eu\/fr\/wp-json\/wp\/v2\/types\/page"}],"author":[{"embeddable":true,"href":"https:\/\/euprevent.eu\/fr\/wp-json\/wp\/v2\/users\/1"}],"replies":[{"embeddable":true,"href":"https:\/\/euprevent.eu\/fr\/wp-json\/wp\/v2\/comments?post=890"}],"version-history":[{"count":2,"href":"https:\/\/euprevent.eu\/fr\/wp-json\/wp\/v2\/pages\/890\/revisions"}],"predecessor-version":[{"id":953,"href":"https:\/\/euprevent.eu\/fr\/wp-json\/wp\/v2\/pages\/890\/revisions\/953"}],"up":[{"embeddable":true,"href":"https:\/\/euprevent.eu\/fr\/wp-json\/wp\/v2\/pages\/886"}],"wp:attachment":[{"href":"https:\/\/euprevent.eu\/fr\/wp-json\/wp\/v2\/media?parent=890"}],"curies":[{"name":"wp","href":"https:\/\/api.w.org\/{rel}","templated":true}]}}