


{"id":887,"date":"2017-01-14T10:59:24","date_gmt":"2017-01-14T10:59:24","guid":{"rendered":"http:\/\/euprevent.eu\/?page_id=887\/"},"modified":"2018-04-18T08:57:43","modified_gmt":"2018-04-18T08:57:43","slug":"drittes-krankenhaussiegel","status":"publish","type":"page","link":"https:\/\/euprevent.eu\/fr\/euprevent-qualitatssiegel\/drittes-krankenhaussiegel\/","title":{"rendered":"Drittes Krankenhaussiegel"},"content":{"rendered":"<section class=\"wpb-content-wrapper\"><p>[vc_row][vc_column][vc_column_text el_class=\u00a0\u00bbalert alert-info\u00a0\u00bb]<\/p>\n<p style=\"text-align: center;\">Deze informatie is alleen beschikbaar in het Duits. \/ The information below is only available in German. \/\u00a0Cette information est seulement disponible en allemand.<\/p>\n<p>[\/vc_column_text][\/vc_column][\/vc_row][vc_row css=\u00a0\u00bb.vc_custom_1483999173497{margin-bottom: 0px !important;}\u00a0\u00bb][vc_column][vc_column_text css=\u00a0\u00bb.vc_custom_1484391622483{margin-bottom: 20px !important;}\u00a0\u00bb]<\/p>\n<h2>Drittes\u00a0Krankenhaussiegel<\/h2>\n<p>[\/vc_column_text][\/vc_column][\/vc_row][vc_row][vc_column width=\u00a0\u00bb5\/6&Prime;][vc_column_text]Das dritte euPrevent-Krankenhaussiegel legt einen besonderen Schwerpunkt auf das Antibiotic Stewardship. Es beinhaltet wieder alle sechs Kernthemen und ein ausgewogenes Verh\u00e4ltnis von Verstetigungsaspekten und neuen Kriterien innerhalb der Qualit\u00e4tsziele. Die Inhalte dieses Siegels wurden an die Inhalte des dritten EurSafety-Siegels angepasst, so dass ab dieser Siegelstufe eine inhaltliche \u00dcbereinstimmung unter Wahrung der regionalen Besonderheiten gew\u00e4hrleistet ist. Dies ist ein wichtiger Schritt zur Harmonisierung der Vorgehensweisen im Infektionsschutz aller Euregios entlang des Rheins und der Maas.[\/vc_column_text][\/vc_column][vc_column width=\u00a0\u00bb1\/6&Prime;][vc_single_image image=\u00a0\u00bb280&Prime; img_size=\u00a0\u00bbfull\u00a0\u00bb][\/vc_column][\/vc_row][vc_row][vc_column][vc_tta_tour][vc_tta_section title=\u00a0\u00bbAuditoren\u00a0\u00bb tab_id=\u00a0\u00bb1484000065193-2cfa2d43-f902&Prime;][vc_column_text]<\/p>\n<h3>Auditoren<\/h3>\n<p>[\/vc_column_text][vc_row_inner][vc_column_inner][vc_btn title=\u00a0\u00bbAuditoren Checkliste Drittes KH-Siegel\u00a0\u00bb color=\u00a0\u00bbwhite\u00a0\u00bb align=\u00a0\u00bbleft\u00a0\u00bb i_icon_fontawesome=\u00a0\u00bbfa fa-file-pdf-o\u00a0\u00bb button_block=\u00a0\u00bbtrue\u00a0\u00bb add_icon=\u00a0\u00bbtrue\u00a0\u00bb link=\u00a0\u00bburl:http%3A%2F%2Feuprevent.eu%2Fwp-content%2Fuploads%2F2017%2F03%2FAuditoren-Checkliste-Drittes-KH-Siegel.pdf|||\u00a0\u00bb][vc_btn title=\u00a0\u00bbAuditorenschulung Drittes KH-Siegel\u00a0\u00bb color=\u00a0\u00bbwhite\u00a0\u00bb align=\u00a0\u00bbleft\u00a0\u00bb i_icon_fontawesome=\u00a0\u00bbfa fa-file-pdf-o\u00a0\u00bb button_block=\u00a0\u00bbtrue\u00a0\u00bb add_icon=\u00a0\u00bbtrue\u00a0\u00bb link=\u00a0\u00bburl:http%3A%2F%2Feuprevent.eu%2Fwp-content%2Fuploads%2F2017%2F03%2FAuditorenschulung-Drittes-Qualit%C3%A4tssiegel-Krankenh%C3%A4user.pdf|||\u00a0\u00bb][\/vc_column_inner][\/vc_row_inner][\/vc_tta_section][vc_tta_section title=\u00a0\u00bbKrankenh\u00e4user\u00a0\u00bb tab_id=\u00a0\u00bb1484050362879-8891abab-cf5d\u00a0\u00bb][vc_column_text]<\/p>\n<h3>Teilnehmende Krankenh\u00e4user<\/h3>\n<p>[\/vc_column_text][vc_row_inner][vc_column_inner][vc_btn title=\u00a0\u00bbListe der Teilnehmende Krankenh\u00e4user\u00a0\u00bb color=\u00a0\u00bbwhite\u00a0\u00bb align=\u00a0\u00bbleft\u00a0\u00bb i_icon_fontawesome=\u00a0\u00bbfa fa-file-pdf-o\u00a0\u00bb button_block=\u00a0\u00bbtrue\u00a0\u00bb add_icon=\u00a0\u00bbtrue\u00a0\u00bb link=\u00a0\u00bburl:https%3A%2F%2Feuprevent.eu%2Fwp-content%2Fuploads%2F2018%2F04%2FListe-der-teilnehmenden-Krankenh%C3%A4user-f%C3%BCr-das-dritte-KH-Siegel.pdf|||\u00a0\u00bb][\/vc_column_inner][\/vc_row_inner][\/vc_tta_section][vc_tta_section title=\u00a0\u00bbLiteratur\u00a0\u00bb tab_id=\u00a0\u00bb1484000602777-110ac1dc-84d7&Prime;][vc_column_text]<\/p>\n<h3>Literatur<\/h3>\n<p>[\/vc_column_text][vc_row_inner][vc_column_inner][vc_btn title=\u00a0\u00bbAWMF-Leitlinie &#8211; Perioperative Antibiotikaprophylaxe\u00a0\u00bb color=\u00a0\u00bbwhite\u00a0\u00bb align=\u00a0\u00bbleft\u00a0\u00bb i_icon_fontawesome=\u00a0\u00bbfa fa-file-pdf-o\u00a0\u00bb button_block=\u00a0\u00bbtrue\u00a0\u00bb add_icon=\u00a0\u00bbtrue\u00a0\u00bb link=\u00a0\u00bburl:http%3A%2F%2Feuprevent.eu%2Fwp-content%2Fuploads%2F2017%2F01%2FAWMF-Leitlinie-Perioperative-Antibiotikaprophylaxe.pdf|||\u00a0\u00bb][vc_btn title=\u00a0\u00bbAWMF-Leitlinie &#8211; Strategien zur Sicherung rationaler Antibiotika-Anwendung\u00a0\u00bb color=\u00a0\u00bbwhite\u00a0\u00bb align=\u00a0\u00bbleft\u00a0\u00bb i_icon_fontawesome=\u00a0\u00bbfa fa-file-pdf-o\u00a0\u00bb button_block=\u00a0\u00bbtrue\u00a0\u00bb add_icon=\u00a0\u00bbtrue\u00a0\u00bb link=\u00a0\u00bburl:http%3A%2F%2Feuprevent.eu%2Fwp-content%2Fuploads%2F2017%2F01%2FAWMF-Leitlinie-Strategien-zur-Sicherung-rationaler-Antibiotika-Anwendung.pdf|||\u00a0\u00bb][vc_btn title=\u00a0\u00bbC. Reichardt &#8211; Patient Empowerment\u00a0\u00bb color=\u00a0\u00bbwhite\u00a0\u00bb align=\u00a0\u00bbleft\u00a0\u00bb i_icon_fontawesome=\u00a0\u00bbfa fa-file-pdf-o\u00a0\u00bb button_block=\u00a0\u00bbtrue\u00a0\u00bb add_icon=\u00a0\u00bbtrue\u00a0\u00bb link=\u00a0\u00bburl:http%3A%2F%2Feuprevent.eu%2Fwp-content%2Fuploads%2F2017%2F01%2FC.-Reichardt-Patient-Empowerment.pdf|||\u00a0\u00bb][vc_btn title=\u00a0\u00bbCMGEPA &#8211; Musterfragebogen Krankenhaushygiene\u00a0\u00bb color=\u00a0\u00bbwhite\u00a0\u00bb align=\u00a0\u00bbleft\u00a0\u00bb i_icon_fontawesome=\u00a0\u00bbfa fa-file-pdf-o\u00a0\u00bb button_block=\u00a0\u00bbtrue\u00a0\u00bb add_icon=\u00a0\u00bbtrue\u00a0\u00bb link=\u00a0\u00bburl:http%3A%2F%2Feuprevent.eu%2Fwp-content%2Fuploads%2F2017%2F01%2FMGEPA-Musterfragebogen-Krankenhaushygiene.pdf|||\u00a0\u00bb][vc_btn title=\u00a0\u00bbPEG-perioperative-Prophylaxe-2010&Prime; color=\u00a0\u00bbwhite\u00a0\u00bb align=\u00a0\u00bbleft\u00a0\u00bb i_icon_fontawesome=\u00a0\u00bbfa fa-file-pdf-o\u00a0\u00bb button_block=\u00a0\u00bbtrue\u00a0\u00bb add_icon=\u00a0\u00bbtrue\u00a0\u00bb link=\u00a0\u00bburl:http%3A%2F%2Feuprevent.eu%2Fwp-content%2Fuploads%2F2017%2F01%2FPEG-perioperative-Prophylaxe-2010.pdf|||\u00a0\u00bb][vc_btn title=\u00a0\u00bbRKI-Empfehlung &#8211; Pr\u00e4vention postoperativer\u00a0\u00bb color=\u00a0\u00bbwhite\u00a0\u00bb align=\u00a0\u00bbleft\u00a0\u00bb i_icon_fontawesome=\u00a0\u00bbfa fa-file-pdf-o\u00a0\u00bb button_block=\u00a0\u00bbtrue\u00a0\u00bb add_icon=\u00a0\u00bbtrue\u00a0\u00bb link=\u00a0\u00bburl:http%3A%2F%2Feuprevent.eu%2Fwp-content%2Fuploads%2F2017%2F01%2FRKI-Empfehlung-Praevention-postoperativer.pdf|||\u00a0\u00bb][\/vc_column_inner][\/vc_row_inner][\/vc_tta_section][vc_tta_section title=\u00a0\u00bbErstellungshilfe\u00a0\u00bb tab_id=\u00a0\u00bb1484050886209-38c89531-fbd1&Prime;][vc_column_text]<\/p>\n<h3>Erstellungshilfe<\/h3>\n<p>[\/vc_column_text][vc_row_inner][vc_column_inner][vc_btn title=\u00a0\u00bbCheckliste QZ 5 &#8211; MRGN\u00a0\u00bb color=\u00a0\u00bbwhite\u00a0\u00bb align=\u00a0\u00bbleft\u00a0\u00bb i_icon_fontawesome=\u00a0\u00bbfa fa-file-pdf-o\u00a0\u00bb button_block=\u00a0\u00bbtrue\u00a0\u00bb add_icon=\u00a0\u00bbtrue\u00a0\u00bb link=\u00a0\u00bburl:http%3A%2F%2Feuprevent.eu%2Fwp-content%2Fuploads%2F2017%2F02%2FCheckliste-QZ-5-MRGN-FORM.pdf|||\u00a0\u00bb][vc_btn title=\u00a0\u00bbCheckliste QZ 5 &#8211; MRSA\u00a0\u00bb color=\u00a0\u00bbwhite\u00a0\u00bb align=\u00a0\u00bbleft\u00a0\u00bb i_icon_fontawesome=\u00a0\u00bbfa fa-file-pdf-o\u00a0\u00bb button_block=\u00a0\u00bbtrue\u00a0\u00bb add_icon=\u00a0\u00bbtrue\u00a0\u00bb link=\u00a0\u00bburl:http%3A%2F%2Feuprevent.eu%2Fwp-content%2Fuploads%2F2017%2F02%2FCheckliste-QZ-5-MRSA-FORM.pdf|||\u00a0\u00bb][vc_btn title=\u00a0\u00bbCheckliste QZ 6 &#8211; \u00d6GD-Report MRGN\u00a0\u00bb color=\u00a0\u00bbwhite\u00a0\u00bb align=\u00a0\u00bbleft\u00a0\u00bb i_icon_fontawesome=\u00a0\u00bbfa fa-file-pdf-o\u00a0\u00bb button_block=\u00a0\u00bbtrue\u00a0\u00bb add_icon=\u00a0\u00bbtrue\u00a0\u00bb link=\u00a0\u00bburl:http%3A%2F%2Feuprevent.eu%2Fwp-content%2Fuploads%2F2017%2F01%2FCheckliste-QZ-6-OGD-Report-MRGN.xlsx|||\u00a0\u00bb][vc_btn title=\u00a0\u00bbCheckliste QZ 6 &#8211; \u00d6GD-Report MRSA\u00a0\u00bb color=\u00a0\u00bbwhite\u00a0\u00bb align=\u00a0\u00bbleft\u00a0\u00bb i_icon_fontawesome=\u00a0\u00bbfa fa-file-pdf-o\u00a0\u00bb button_block=\u00a0\u00bbtrue\u00a0\u00bb add_icon=\u00a0\u00bbtrue\u00a0\u00bb link=\u00a0\u00bburl:http%3A%2F%2Feuprevent.eu%2Fwp-content%2Fuploads%2F2017%2F01%2FCheckliste-QZ-6-OGD-Report-MRSA.xlsx|||\u00a0\u00bb][vc_btn title=\u00a0\u00bbCheckliste QZ 7 &#8211; Antibiose\u00a0\u00bb color=\u00a0\u00bbwhite\u00a0\u00bb align=\u00a0\u00bbleft\u00a0\u00bb i_icon_fontawesome=\u00a0\u00bbfa fa-file-pdf-o\u00a0\u00bb button_block=\u00a0\u00bbtrue\u00a0\u00bb add_icon=\u00a0\u00bbtrue\u00a0\u00bb link=\u00a0\u00bburl:http%3A%2F%2Feuprevent.eu%2Fwp-content%2Fuploads%2F2017%2F02%2FCheckliste-QZ-7-Antibiose-FORM.pdf|||\u00a0\u00bb][vc_btn title=\u00a0\u00bbCheckliste QZ 8 &#8211; Hausintenes Hygiene Audit\u00a0\u00bb color=\u00a0\u00bbwhite\u00a0\u00bb align=\u00a0\u00bbleft\u00a0\u00bb i_icon_fontawesome=\u00a0\u00bbfa fa-file-pdf-o\u00a0\u00bb button_block=\u00a0\u00bbtrue\u00a0\u00bb add_icon=\u00a0\u00bbtrue\u00a0\u00bb link=\u00a0\u00bburl:http%3A%2F%2Feuprevent.eu%2Fwp-content%2Fuploads%2F2017%2F02%2FCheckliste-QZ-8-Hausintenes-Hygiene-Audit-FORM.pdf|||\u00a0\u00bb][vc_btn title=\u00a0\u00bbCheckliste QZ 9 &#8211; Verbandwechsel\u00a0\u00bb color=\u00a0\u00bbwhite\u00a0\u00bb align=\u00a0\u00bbleft\u00a0\u00bb i_icon_fontawesome=\u00a0\u00bbfa fa-file-pdf-o\u00a0\u00bb button_block=\u00a0\u00bbtrue\u00a0\u00bb add_icon=\u00a0\u00bbtrue\u00a0\u00bb link=\u00a0\u00bburl:http%3A%2F%2Feuprevent.eu%2Fwp-content%2Fuploads%2F2017%2F02%2FCheckliste-QZ-9-Verbandwechsel-FORM.pdf|||\u00a0\u00bb][vc_btn title=\u00a0\u00bbQZ 10 &#8211; Patientenfragebogen\u00a0\u00bb color=\u00a0\u00bbwhite\u00a0\u00bb align=\u00a0\u00bbleft\u00a0\u00bb i_icon_fontawesome=\u00a0\u00bbfa fa-file-pdf-o\u00a0\u00bb button_block=\u00a0\u00bbtrue\u00a0\u00bb add_icon=\u00a0\u00bbtrue\u00a0\u00bb link=\u00a0\u00bburl:http%3A%2F%2Feuprevent.eu%2Fwp-content%2Fuploads%2F2017%2F01%2FQZ-10-Patientenfragebogen.pdf|||\u00a0\u00bb][\/vc_column_inner][\/vc_row_inner][\/vc_tta_section][vc_tta_section title=\u00a0\u00bbSiegel\u00a0\u00bb tab_id=\u00a0\u00bb1484000531381-e19ec8fe-b3dc\u00a0\u00bb][vc_column_text]<\/p>\n<h2>Siegel<\/h2>\n<p>[\/vc_column_text][vc_row_inner][vc_column_inner][vc_btn title=\u00a0\u00bbDrittes euPrevent-Qualit\u00e4tssiegel f\u00fcr Krankenh\u00e4user\u00a0\u00bb color=\u00a0\u00bbwhite\u00a0\u00bb align=\u00a0\u00bbleft\u00a0\u00bb i_icon_fontawesome=\u00a0\u00bbfa fa-file-pdf-o\u00a0\u00bb button_block=\u00a0\u00bbtrue\u00a0\u00bb add_icon=\u00a0\u00bbtrue\u00a0\u00bb link=\u00a0\u00bburl:http%3A%2F%2Feuprevent.eu%2Fwp-content%2Fuploads%2F2017%2F01%2FQuality-Seal-Krankenhaus-3.pdf|||\u00a0\u00bb][\/vc_column_inner][\/vc_row_inner][\/vc_tta_section][vc_tta_section title=\u00a0\u00bbAnforderungen\u00a0\u00bb tab_id=\u00a0\u00bb1484000608824-71c7e040-63bd\u00a0\u00bb][vc_column_text]<\/p>\n<h2>Anforderungen<\/h2>\n<p>[\/vc_column_text][vc_row_inner][vc_column_inner][vc_btn title=\u00a0\u00bbDrittes euPrevent-Krankenhaussiegel Endfassung\u00a0\u00bb color=\u00a0\u00bbwhite\u00a0\u00bb align=\u00a0\u00bbleft\u00a0\u00bb i_icon_fontawesome=\u00a0\u00bbfa fa-file-pdf-o\u00a0\u00bb button_block=\u00a0\u00bbtrue\u00a0\u00bb add_icon=\u00a0\u00bbtrue\u00a0\u00bb link=\u00a0\u00bburl:http%3A%2F%2Feuprevent.eu%2Fwp-content%2Fuploads%2F2017%2F01%2FDrittes-euPrevent-Krankenhaussiegel_Endfassung_301116.pdf|||\u00a0\u00bb][\/vc_column_inner][\/vc_row_inner][\/vc_tta_section][vc_tta_section title=\u00a0\u00bbSiegelverleihung<br \/>\n26.06.2017&Prime; tab_id=\u00a0\u00bb1493283428515-f8e03ccd-ff8b\u00a0\u00bb][vc_column_text]<\/p>\n<h2>Siegelverleihung 26.06.2017 &#8211; Aachen<\/h2>\n<p>[\/vc_column_text][vc_btn title=\u00a0\u00bbOffizielle Pressemitteilung\u00a0\u00bb color=\u00a0\u00bbwhite\u00a0\u00bb align=\u00a0\u00bbleft\u00a0\u00bb i_icon_fontawesome=\u00a0\u00bbfa fa-file-pdf-o\u00a0\u00bb button_block=\u00a0\u00bbtrue\u00a0\u00bb add_icon=\u00a0\u00bbtrue\u00a0\u00bb link=\u00a0\u00bburl:http%3A%2F%2Feuprevent.eu%2Fwp-content%2Fuploads%2F2017%2F06%2FOffizielle-Pressemitteilung.pdf|||\u00a0\u00bb][vc_btn title=\u00a0\u00bbEinladung &#8211; Programm\u00a0\u00bb color=\u00a0\u00bbwhite\u00a0\u00bb align=\u00a0\u00bbleft\u00a0\u00bb i_icon_fontawesome=\u00a0\u00bbfa fa-file-pdf-o\u00a0\u00bb button_block=\u00a0\u00bbtrue\u00a0\u00bb add_icon=\u00a0\u00bbtrue\u00a0\u00bb link=\u00a0\u00bburl:http%3A%2F%2Feuprevent.eu%2Fwp-content%2Fuploads%2F2017%2F04%2FEinladung-Verleihungszeremonie-TZA-Aachen-2017.pdf|||\u00a0\u00bb][vc_btn title=\u00a0\u00bbHerzlich Willkommen &#8211; Herr Dr. med. Karl-Heinz Feldhoff\u00a0\u00bb color=\u00a0\u00bbwhite\u00a0\u00bb align=\u00a0\u00bbleft\u00a0\u00bb i_icon_fontawesome=\u00a0\u00bbfa fa-file-pdf-o\u00a0\u00bb button_block=\u00a0\u00bbtrue\u00a0\u00bb add_icon=\u00a0\u00bbtrue\u00a0\u00bb link=\u00a0\u00bburl:http%3A%2F%2Feuprevent.eu%2Fwp-content%2Fuploads%2F2017%2F06%2FHerzlich-Willkommen-Herr-Dr.-med.-Karl-Heinz-Feldhoff.pdf|||\u00a0\u00bb][vc_column_text]<\/p>\n<h4>Fotos<\/h4>\n<p>[\/vc_column_text][vc_btn title=\u00a0\u00bbDownload full-resolution photos\u00a0\u00bb color=\u00a0\u00bbprimary\u00a0\u00bb align=\u00a0\u00bbcenter\u00a0\u00bb button_block=\u00a0\u00bbtrue\u00a0\u00bb link=\u00a0\u00bburl:http%3A%2F%2Feuprevent.eu%2Fwp-content%2Fuploads%2F2017%2F06%2F26-06-2017-fotos.zip|||\u00a0\u00bb css=\u00a0\u00bb.vc_custom_1498571612257{margin-right: 32px !important;}\u00a0\u00bb][vc_gallery type=\u00a0\u00bbimage_grid\u00a0\u00bb images=\u00a0\u00bb1386,1387,1388,1389,1390,1391,1392,1393,1394,1395,1396,1397,1398,1399,1400,1401,1402,1403,1404,1405,1406,1407,1408,1409,1410,1448,1449,1450,1451,1452,1453,1454,1455,1456&Prime; onclick=\u00a0\u00bbimg_link_large\u00a0\u00bb custom_links_target=\u00a0\u00bb_blank\u00a0\u00bb][\/vc_tta_section][vc_tta_section title=\u00a0\u00bbSiegelverleihung<br \/>\n16.03.2018&Prime; tab_id=\u00a0\u00bb1524041750620-4b9e5afa-1169&Prime;][vc_column_text]<\/p>\n<h2>Siegelverleihung 16.03.2018 &#8211; Aachen<\/h2>\n<p>[\/vc_column_text][vc_btn title=\u00a0\u00bbOffizielle Pressemitteilung\u00a0\u00bb color=\u00a0\u00bbwhite\u00a0\u00bb align=\u00a0\u00bbleft\u00a0\u00bb i_icon_fontawesome=\u00a0\u00bbfa fa-file-pdf-o\u00a0\u00bb button_block=\u00a0\u00bbtrue\u00a0\u00bb add_icon=\u00a0\u00bbtrue\u00a0\u00bb link=\u00a0\u00bburl:https%3A%2F%2Feuprevent.eu%2Fwp-content%2Fuploads%2F2018%2F04%2FOffizielle-Pressemitteilung_180316.pdf|||\u00a0\u00bb][vc_btn title=\u00a0\u00bbEinladung &#8211; Programm\u00a0\u00bb color=\u00a0\u00bbwhite\u00a0\u00bb align=\u00a0\u00bbleft\u00a0\u00bb i_icon_fontawesome=\u00a0\u00bbfa fa-file-pdf-o\u00a0\u00bb button_block=\u00a0\u00bbtrue\u00a0\u00bb add_icon=\u00a0\u00bbtrue\u00a0\u00bb link=\u00a0\u00bburl:https%3A%2F%2Feuprevent.eu%2Fwp-content%2Fuploads%2F2018%2F04%2FEinladung-Verleihungszeremonie-TZA-Aachen-2018_Klinik-Simmerath.pdf|||\u00a0\u00bb][\/vc_tta_section][\/vc_tta_tour][vc_row_inner][vc_column_inner][\/vc_column_inner][\/vc_row_inner][\/vc_column][\/vc_row]<\/p>\n<\/section>","protected":false},"excerpt":{"rendered":"<p>[vc_row][vc_column][vc_column_text el_class=\u00a0\u00bbalert alert-info\u00a0\u00bb] Deze informatie is alleen beschikbaar in het Duits. \/ The information below is only available in German. \/\u00a0Cette information est seulement disponible en allemand. [\/vc_column_text][\/vc_column][\/vc_row][vc_row css=\u00a0\u00bb.vc_custom_1483999173497{margin-bottom: 0px !important;}\u00a0\u00bb][vc_column][vc_column_text css=\u00a0\u00bb.vc_custom_1484391622483{margin-bottom: 20px !important;}\u00a0\u00bb] Drittes\u00a0Krankenhaussiegel [\/vc_column_text][\/vc_column][\/vc_row][vc_row][vc_column width=\u00a0\u00bb5\/6&Prime;][vc_column_text]Das dritte euPrevent-Krankenhaussiegel legt einen besonderen Schwerpunkt auf das Antibiotic Stewardship. Es beinhaltet wieder alle sechs Kernthemen und ein [&hellip;]<\/p>\n","protected":false},"author":1,"featured_media":0,"parent":886,"menu_order":0,"comment_status":"closed","ping_status":"closed","template":"","meta":{"_acf_changed":false,"footnotes":""},"class_list":["post-887","page","type-page","status-publish","hentry","programmes-infectious-diseases"],"acf":[],"yoast_head":"<!-- This site is optimized with the Yoast SEO plugin v27.5 - https:\/\/yoast.com\/product\/yoast-seo-wordpress\/ -->\n<title>Drittes Krankenhaussiegel - euPrevent<\/title>\n<meta name=\"robots\" content=\"index, follow, max-snippet:-1, max-image-preview:large, max-video-preview:-1\" \/>\n<link rel=\"canonical\" href=\"https:\/\/euprevent.eu\/fr\/euprevent-qualitatssiegel\/drittes-krankenhaussiegel\/\" \/>\n<meta property=\"og:locale\" content=\"fr_FR\" \/>\n<meta property=\"og:type\" content=\"article\" \/>\n<meta property=\"og:title\" content=\"Drittes Krankenhaussiegel - euPrevent\" \/>\n<meta property=\"og:description\" content=\"[vc_row][vc_column][vc_column_text el_class=\u00a0\u00bbalert alert-info\u00a0\u00bb] Deze informatie is alleen beschikbaar in het Duits. \/ The information below is only available in German. \/\u00a0Cette information est seulement disponible en allemand. [\/vc_column_text][\/vc_column][\/vc_row][vc_row css=\u00a0\u00bb.vc_custom_1483999173497{margin-bottom: 0px !important;}\u00a0\u00bb][vc_column][vc_column_text css=\u00a0\u00bb.vc_custom_1484391622483{margin-bottom: 20px !important;}\u00a0\u00bb] Drittes\u00a0Krankenhaussiegel [\/vc_column_text][\/vc_column][\/vc_row][vc_row][vc_column width=\u00a0\u00bb5\/6&Prime;][vc_column_text]Das dritte euPrevent-Krankenhaussiegel legt einen besonderen Schwerpunkt auf das Antibiotic Stewardship. Es beinhaltet wieder alle sechs Kernthemen und ein [&hellip;]\" \/>\n<meta property=\"og:url\" content=\"https:\/\/euprevent.eu\/fr\/euprevent-qualitatssiegel\/drittes-krankenhaussiegel\/\" \/>\n<meta property=\"og:site_name\" content=\"euPrevent\" \/>\n<meta property=\"article:modified_time\" content=\"2018-04-18T08:57:43+00:00\" \/>\n<meta name=\"twitter:card\" content=\"summary_large_image\" \/>\n<meta name=\"twitter:label1\" content=\"Dur\u00e9e de lecture estim\u00e9e\" \/>\n\t<meta name=\"twitter:data1\" content=\"7 minutes\" \/>\n<script type=\"application\/ld+json\" class=\"yoast-schema-graph\">{\"@context\":\"https:\\\/\\\/schema.org\",\"@graph\":[{\"@type\":\"WebPage\",\"@id\":\"https:\\\/\\\/euprevent.eu\\\/fr\\\/euprevent-qualitatssiegel\\\/drittes-krankenhaussiegel\\\/\",\"url\":\"https:\\\/\\\/euprevent.eu\\\/fr\\\/euprevent-qualitatssiegel\\\/drittes-krankenhaussiegel\\\/\",\"name\":\"Drittes Krankenhaussiegel - euPrevent\",\"isPartOf\":{\"@id\":\"https:\\\/\\\/euprevent.eu\\\/fr\\\/#website\"},\"datePublished\":\"2017-01-14T10:59:24+00:00\",\"dateModified\":\"2018-04-18T08:57:43+00:00\",\"breadcrumb\":{\"@id\":\"https:\\\/\\\/euprevent.eu\\\/fr\\\/euprevent-qualitatssiegel\\\/drittes-krankenhaussiegel\\\/#breadcrumb\"},\"inLanguage\":\"fr-FR\",\"potentialAction\":[{\"@type\":\"ReadAction\",\"target\":[\"https:\\\/\\\/euprevent.eu\\\/fr\\\/euprevent-qualitatssiegel\\\/drittes-krankenhaussiegel\\\/\"]}]},{\"@type\":\"BreadcrumbList\",\"@id\":\"https:\\\/\\\/euprevent.eu\\\/fr\\\/euprevent-qualitatssiegel\\\/drittes-krankenhaussiegel\\\/#breadcrumb\",\"itemListElement\":[{\"@type\":\"ListItem\",\"position\":1,\"name\":\"Home\",\"item\":\"https:\\\/\\\/euprevent.eu\\\/fr\\\/\"},{\"@type\":\"ListItem\",\"position\":2,\"name\":\"euPrevent Qualit\u00e4tssiegel\",\"item\":\"https:\\\/\\\/euprevent.eu\\\/fr\\\/euprevent-qualitatssiegel\\\/\"},{\"@type\":\"ListItem\",\"position\":3,\"name\":\"Drittes Krankenhaussiegel\"}]},{\"@type\":\"WebSite\",\"@id\":\"https:\\\/\\\/euprevent.eu\\\/fr\\\/#website\",\"url\":\"https:\\\/\\\/euprevent.eu\\\/fr\\\/\",\"name\":\"euPrevent\",\"description\":\"euPrevent is a Euroregional network that focuses on promoting health. Within this network, sustainable partnerships seek to increase the quality of life of residents in the border region between the Netherlands, Belgium and Germany.\",\"potentialAction\":[{\"@type\":\"SearchAction\",\"target\":{\"@type\":\"EntryPoint\",\"urlTemplate\":\"https:\\\/\\\/euprevent.eu\\\/fr\\\/?s={search_term_string}\"},\"query-input\":{\"@type\":\"PropertyValueSpecification\",\"valueRequired\":true,\"valueName\":\"search_term_string\"}}],\"inLanguage\":\"fr-FR\"}]}<\/script>\n<!-- \/ Yoast SEO plugin. -->","yoast_head_json":{"title":"Drittes Krankenhaussiegel - euPrevent","robots":{"index":"index","follow":"follow","max-snippet":"max-snippet:-1","max-image-preview":"max-image-preview:large","max-video-preview":"max-video-preview:-1"},"canonical":"https:\/\/euprevent.eu\/fr\/euprevent-qualitatssiegel\/drittes-krankenhaussiegel\/","og_locale":"fr_FR","og_type":"article","og_title":"Drittes Krankenhaussiegel - euPrevent","og_description":"[vc_row][vc_column][vc_column_text el_class=\u00a0\u00bbalert alert-info\u00a0\u00bb] Deze informatie is alleen beschikbaar in het Duits. \/ The information below is only available in German. \/\u00a0Cette information est seulement disponible en allemand. [\/vc_column_text][\/vc_column][\/vc_row][vc_row css=\u00a0\u00bb.vc_custom_1483999173497{margin-bottom: 0px !important;}\u00a0\u00bb][vc_column][vc_column_text css=\u00a0\u00bb.vc_custom_1484391622483{margin-bottom: 20px !important;}\u00a0\u00bb] Drittes\u00a0Krankenhaussiegel [\/vc_column_text][\/vc_column][\/vc_row][vc_row][vc_column width=\u00a0\u00bb5\/6&Prime;][vc_column_text]Das dritte euPrevent-Krankenhaussiegel legt einen besonderen Schwerpunkt auf das Antibiotic Stewardship. Es beinhaltet wieder alle sechs Kernthemen und ein [&hellip;]","og_url":"https:\/\/euprevent.eu\/fr\/euprevent-qualitatssiegel\/drittes-krankenhaussiegel\/","og_site_name":"euPrevent","article_modified_time":"2018-04-18T08:57:43+00:00","twitter_card":"summary_large_image","twitter_misc":{"Dur\u00e9e de lecture estim\u00e9e":"7 minutes"},"schema":{"@context":"https:\/\/schema.org","@graph":[{"@type":"WebPage","@id":"https:\/\/euprevent.eu\/fr\/euprevent-qualitatssiegel\/drittes-krankenhaussiegel\/","url":"https:\/\/euprevent.eu\/fr\/euprevent-qualitatssiegel\/drittes-krankenhaussiegel\/","name":"Drittes Krankenhaussiegel - euPrevent","isPartOf":{"@id":"https:\/\/euprevent.eu\/fr\/#website"},"datePublished":"2017-01-14T10:59:24+00:00","dateModified":"2018-04-18T08:57:43+00:00","breadcrumb":{"@id":"https:\/\/euprevent.eu\/fr\/euprevent-qualitatssiegel\/drittes-krankenhaussiegel\/#breadcrumb"},"inLanguage":"fr-FR","potentialAction":[{"@type":"ReadAction","target":["https:\/\/euprevent.eu\/fr\/euprevent-qualitatssiegel\/drittes-krankenhaussiegel\/"]}]},{"@type":"BreadcrumbList","@id":"https:\/\/euprevent.eu\/fr\/euprevent-qualitatssiegel\/drittes-krankenhaussiegel\/#breadcrumb","itemListElement":[{"@type":"ListItem","position":1,"name":"Home","item":"https:\/\/euprevent.eu\/fr\/"},{"@type":"ListItem","position":2,"name":"euPrevent Qualit\u00e4tssiegel","item":"https:\/\/euprevent.eu\/fr\/euprevent-qualitatssiegel\/"},{"@type":"ListItem","position":3,"name":"Drittes Krankenhaussiegel"}]},{"@type":"WebSite","@id":"https:\/\/euprevent.eu\/fr\/#website","url":"https:\/\/euprevent.eu\/fr\/","name":"euPrevent","description":"euPrevent is a Euroregional network that focuses on promoting health. Within this network, sustainable partnerships seek to increase the quality of life of residents in the border region between the Netherlands, Belgium and Germany.","potentialAction":[{"@type":"SearchAction","target":{"@type":"EntryPoint","urlTemplate":"https:\/\/euprevent.eu\/fr\/?s={search_term_string}"},"query-input":{"@type":"PropertyValueSpecification","valueRequired":true,"valueName":"search_term_string"}}],"inLanguage":"fr-FR"}]}},"_links":{"self":[{"href":"https:\/\/euprevent.eu\/fr\/wp-json\/wp\/v2\/pages\/887","targetHints":{"allow":["GET"]}}],"collection":[{"href":"https:\/\/euprevent.eu\/fr\/wp-json\/wp\/v2\/pages"}],"about":[{"href":"https:\/\/euprevent.eu\/fr\/wp-json\/wp\/v2\/types\/page"}],"author":[{"embeddable":true,"href":"https:\/\/euprevent.eu\/fr\/wp-json\/wp\/v2\/users\/1"}],"replies":[{"embeddable":true,"href":"https:\/\/euprevent.eu\/fr\/wp-json\/wp\/v2\/comments?post=887"}],"version-history":[{"count":26,"href":"https:\/\/euprevent.eu\/fr\/wp-json\/wp\/v2\/pages\/887\/revisions"}],"predecessor-version":[{"id":4226,"href":"https:\/\/euprevent.eu\/fr\/wp-json\/wp\/v2\/pages\/887\/revisions\/4226"}],"up":[{"embeddable":true,"href":"https:\/\/euprevent.eu\/fr\/wp-json\/wp\/v2\/pages\/886"}],"wp:attachment":[{"href":"https:\/\/euprevent.eu\/fr\/wp-json\/wp\/v2\/media?parent=887"}],"curies":[{"name":"wp","href":"https:\/\/api.w.org\/{rel}","templated":true}]}}