


{"id":886,"date":"2017-02-20T09:05:03","date_gmt":"2017-02-20T09:05:03","guid":{"rendered":"http:\/\/euprevent.eu\/?page_id=886\/"},"modified":"2019-09-03T09:25:10","modified_gmt":"2019-09-03T09:25:10","slug":"euprevent-qualitatssiegel","status":"publish","type":"page","link":"https:\/\/euprevent.eu\/fr\/euprevent-qualitatssiegel\/","title":{"rendered":"euPrevent Qualit\u00e4tssiegel"},"content":{"rendered":"<section class=\"wpb-content-wrapper\"><p>[vc_row][vc_column][vc_column_text el_class=\u00a0\u00bbalert alert-info\u00a0\u00bb]<\/p>\n<p style=\"text-align: center;\">Deze informatie is alleen beschikbaar in het Duits. \/ The information below is only available in German. \/\u00a0Cette information est seulement disponible en allemand.<\/p>\n<p>[\/vc_column_text][\/vc_column][\/vc_row][vc_row css=\u00a0\u00bb.vc_custom_1483999173497{margin-bottom: 0px !important;}\u00a0\u00bb][vc_column][vc_column_text css=\u00a0\u00bb.vc_custom_1483999225240{margin-bottom: 20px !important;}\u00a0\u00bb]<\/p>\n<h2>euPrevent Qualit\u00e4tssiegel<\/h2>\n<p>[\/vc_column_text][\/vc_column][\/vc_row][vc_row][vc_column width=\u00a0\u00bb1\/2&Prime;][vc_column_text]Ziel der Stiftung euPrevent ist es, die Lebensqualit\u00e4t der B\u00fcrgerinnen und B\u00fcrger in der EMR zu verbessern.<\/p>\n<p>Durch die Vergabe der euPrevent-Qualit\u00e4tssiegel an Einrichtungen des Gesundheitswesens, wie beispielsweise Krankenh\u00e4user oder Alten- und Pflegeheime, wird ein wichtiger Beitrag zur Verbesserung der Hygiene und des Infektionsschutzes in dieser Region geliefert. Dabei sind an diesem Prozess die jeweiligen Einrichtungen, die zust\u00e4ndigen Gesundheits\u00e4mter und die Stiftung euPrevent in einem kooperativen Miteinander beteiligt.<\/p>\n<p>Anhand der verliehenen Qualit\u00e4tssiegel wissen die B\u00fcrger der EMR: in dieser Einrichtung werden Hygiene und Infektionsschutz ernst genommen und die notwendigen Ma\u00dfnahmen zum Schutz der Bev\u00f6lkerung durchgef\u00fchrt.[\/vc_column_text][\/vc_column][vc_column width=\u00a0\u00bb1\/2&Prime;][vc_tta_accordion][vc_tta_section title=\u00a0\u00bbKrankenhaus (3)\u00a0\u00bb tab_id=\u00a0\u00bb1483999293990-88516511-da3f\u00a0\u00bb][vc_btn title=\u00a0\u00bbErste Siegel f\u00fcr Krankenh\u00e4user\u00a0\u00bb color=\u00a0\u00bbprimary\u00a0\u00bb align=\u00a0\u00bbleft\u00a0\u00bb i_icon_fontawesome=\u00a0\u00bbfa fa-file-text\u00a0\u00bb button_block=\u00a0\u00bbtrue\u00a0\u00bb add_icon=\u00a0\u00bbtrue\u00a0\u00bb css=\u00a0\u00bb.vc_custom_1487581533377{margin-bottom: 10px !important;}\u00a0\u00bb link=\u00a0\u00bburl:http%3A%2F%2Feuprevent.eu%2Ffr%2Feuprevent-qualitatssiegel%2Ferstes-krankenhaussiegel%2F|||\u00a0\u00bb][vc_btn title=\u00a0\u00bbZweite Siegel f\u00fcr Krankenh\u00e4user\u00a0\u00bb color=\u00a0\u00bbprimary\u00a0\u00bb align=\u00a0\u00bbleft\u00a0\u00bb i_icon_fontawesome=\u00a0\u00bbfa fa-file-text\u00a0\u00bb button_block=\u00a0\u00bbtrue\u00a0\u00bb add_icon=\u00a0\u00bbtrue\u00a0\u00bb css=\u00a0\u00bb.vc_custom_1487581539237{margin-bottom: 10px !important;}\u00a0\u00bb link=\u00a0\u00bburl:http%3A%2F%2Feuprevent.eu%2Ffr%2Feuprevent-qualitatssiegel%2Fzweites-krankenhaussiegel%2F|||\u00a0\u00bb][vc_btn title=\u00a0\u00bbDritte Siegel f\u00fcr Krankenh\u00e4user\u00a0\u00bb color=\u00a0\u00bbprimary\u00a0\u00bb align=\u00a0\u00bbleft\u00a0\u00bb i_icon_fontawesome=\u00a0\u00bbfa fa-file-text\u00a0\u00bb button_block=\u00a0\u00bbtrue\u00a0\u00bb add_icon=\u00a0\u00bbtrue\u00a0\u00bb css=\u00a0\u00bb.vc_custom_1567502693900{margin-bottom: 10px !important;}\u00a0\u00bb link=\u00a0\u00bburl:https%3A%2F%2Feuprevent.eu%2Ffr%2Feuprevent-qualitatssiegel%2Fdrittes-krankenhaussiegel%2F|title:Drittes%20Krankenhaussiegel||\u00a0\u00bb][vc_btn title=\u00a0\u00bbVierte Siegel f\u00fcr Krankenh\u00e4user\u00a0\u00bb color=\u00a0\u00bbprimary\u00a0\u00bb align=\u00a0\u00bbleft\u00a0\u00bb i_icon_fontawesome=\u00a0\u00bbfa fa-file-text\u00a0\u00bb button_block=\u00a0\u00bbtrue\u00a0\u00bb add_icon=\u00a0\u00bbtrue\u00a0\u00bb link=\u00a0\u00bburl:https%3A%2F%2Feuprevent.eu%2Ffr%2Feuprevent-qualitatssiegel%2Fvierte-krankenhaussiegel%2F|title:Vierte%20Krankenhaussiegel||\u00a0\u00bb][\/vc_tta_section][vc_tta_section title=\u00a0\u00bbAltenheim (3)\u00a0\u00bb tab_id=\u00a0\u00bb1483999294017-5c82b63f-fe56&Prime;][vc_btn title=\u00a0\u00bbErstes Altenheimsiegel\u00a0\u00bb color=\u00a0\u00bbprimary\u00a0\u00bb align=\u00a0\u00bbleft\u00a0\u00bb i_icon_fontawesome=\u00a0\u00bbfa fa-file-text\u00a0\u00bb button_block=\u00a0\u00bbtrue\u00a0\u00bb add_icon=\u00a0\u00bbtrue\u00a0\u00bb css=\u00a0\u00bb.vc_custom_1554883675626{margin-bottom: 10px !important;}\u00a0\u00bb link=\u00a0\u00bburl:https%3A%2F%2Feuprevent.eu%2Ffr%2Feuprevent-qualitatssiegel%2Ferstes-altenheimsiegel%2F|||\u00a0\u00bb][vc_btn title=\u00a0\u00bbZweites Altenheimsiegel\u00a0\u00bb color=\u00a0\u00bbprimary\u00a0\u00bb align=\u00a0\u00bbleft\u00a0\u00bb i_icon_fontawesome=\u00a0\u00bbfa fa-file-text\u00a0\u00bb button_block=\u00a0\u00bbtrue\u00a0\u00bb add_icon=\u00a0\u00bbtrue\u00a0\u00bb css=\u00a0\u00bb.vc_custom_1554883666379{margin-bottom: 10px !important;}\u00a0\u00bb link=\u00a0\u00bburl:https%3A%2F%2Feuprevent.eu%2Ffr%2Feuprevent-qualitatssiegel%2Fzweites-altenheimsiegel%2F|||\u00a0\u00bb][vc_btn title=\u00a0\u00bbDrittes Altenheimsiegel\u00a0\u00bb color=\u00a0\u00bbprimary\u00a0\u00bb align=\u00a0\u00bbleft\u00a0\u00bb i_icon_fontawesome=\u00a0\u00bbfa fa-file-text\u00a0\u00bb button_block=\u00a0\u00bbtrue\u00a0\u00bb add_icon=\u00a0\u00bbtrue\u00a0\u00bb css=\u00a0\u00bb.vc_custom_1554883654089{margin-bottom: 10px !important;}\u00a0\u00bb link=\u00a0\u00bburl:https%3A%2F%2Feuprevent.eu%2Ffr%2Feuprevent-qualitatssiegel%2Fdrittes-altenheimsiegel%2F|||\u00a0\u00bb][\/vc_tta_section][vc_tta_section title=\u00a0\u00bbReha-Klinik (1)\u00a0\u00bb tab_id=\u00a0\u00bb1483999317660-098124b4-00be\u00a0\u00bb][vc_btn title=\u00a0\u00bbErstes Reha-klinik Siegel\u00a0\u00bb color=\u00a0\u00bbprimary\u00a0\u00bb align=\u00a0\u00bbleft\u00a0\u00bb i_icon_fontawesome=\u00a0\u00bbfa fa-file-text\u00a0\u00bb button_block=\u00a0\u00bbtrue\u00a0\u00bb add_icon=\u00a0\u00bbtrue\u00a0\u00bb css=\u00a0\u00bb.vc_custom_1487581562210{margin-bottom: 10px !important;}\u00a0\u00bb link=\u00a0\u00bburl:http%3A%2F%2Feuprevent.eu%2Ffr%2Feuprevent-qualitatssiegel%2Ferstes-reha-klinik-siegel%2F|||\u00a0\u00bb][\/vc_tta_section][vc_tta_section title=\u00a0\u00bbPsychiatrie (1)\u00a0\u00bb tab_id=\u00a0\u00bb1483999318230-dc963338-5c84&Prime;][vc_btn title=\u00a0\u00bbErste Psychiatrie-Siegel\u00a0\u00bb color=\u00a0\u00bbprimary\u00a0\u00bb align=\u00a0\u00bbleft\u00a0\u00bb i_icon_fontawesome=\u00a0\u00bbfa fa-file-text\u00a0\u00bb button_block=\u00a0\u00bbtrue\u00a0\u00bb add_icon=\u00a0\u00bbtrue\u00a0\u00bb css=\u00a0\u00bb.vc_custom_1487581569319{margin-bottom: 10px !important;}\u00a0\u00bb link=\u00a0\u00bburl:http%3A%2F%2Feuprevent.eu%2Ffr%2Feuprevent-qualitatssiegel%2Ferste-psychiatrie-siegel%2F|||\u00a0\u00bb][\/vc_tta_section][\/vc_tta_accordion][\/vc_column][\/vc_row]<\/p>\n<\/section>","protected":false},"excerpt":{"rendered":"<p>[vc_row][vc_column][vc_column_text el_class=\u00a0\u00bbalert alert-info\u00a0\u00bb] Deze informatie is alleen beschikbaar in het Duits. \/ The information below is only available in German. \/\u00a0Cette information est seulement disponible en allemand. [\/vc_column_text][\/vc_column][\/vc_row][vc_row css=\u00a0\u00bb.vc_custom_1483999173497{margin-bottom: 0px !important;}\u00a0\u00bb][vc_column][vc_column_text css=\u00a0\u00bb.vc_custom_1483999225240{margin-bottom: 20px !important;}\u00a0\u00bb] euPrevent Qualit\u00e4tssiegel [\/vc_column_text][\/vc_column][\/vc_row][vc_row][vc_column width=\u00a0\u00bb1\/2&Prime;][vc_column_text]Ziel der Stiftung euPrevent ist es, die Lebensqualit\u00e4t der B\u00fcrgerinnen und B\u00fcrger in der EMR zu verbessern. Durch [&hellip;]<\/p>\n","protected":false},"author":1,"featured_media":0,"parent":0,"menu_order":0,"comment_status":"closed","ping_status":"closed","template":"","meta":{"_acf_changed":false,"footnotes":""},"class_list":["post-886","page","type-page","status-publish","hentry","programmes-infectious-diseases"],"acf":[],"yoast_head":"<!-- This site is optimized with the Yoast SEO plugin v26.8 - https:\/\/yoast.com\/product\/yoast-seo-wordpress\/ -->\n<title>euPrevent Qualit\u00e4tssiegel - euPrevent<\/title>\n<meta name=\"robots\" content=\"index, follow, max-snippet:-1, max-image-preview:large, max-video-preview:-1\" \/>\n<link rel=\"canonical\" href=\"https:\/\/euprevent.eu\/fr\/euprevent-qualitatssiegel\/\" \/>\n<meta property=\"og:locale\" content=\"fr_FR\" \/>\n<meta property=\"og:type\" content=\"article\" \/>\n<meta property=\"og:title\" content=\"euPrevent Qualit\u00e4tssiegel - euPrevent\" \/>\n<meta property=\"og:description\" content=\"[vc_row][vc_column][vc_column_text el_class=\u00a0\u00bbalert alert-info\u00a0\u00bb] Deze informatie is alleen beschikbaar in het Duits. \/ The information below is only available in German. \/\u00a0Cette information est seulement disponible en allemand. [\/vc_column_text][\/vc_column][\/vc_row][vc_row css=\u00a0\u00bb.vc_custom_1483999173497{margin-bottom: 0px !important;}\u00a0\u00bb][vc_column][vc_column_text css=\u00a0\u00bb.vc_custom_1483999225240{margin-bottom: 20px !important;}\u00a0\u00bb] euPrevent Qualit\u00e4tssiegel [\/vc_column_text][\/vc_column][\/vc_row][vc_row][vc_column width=\u00a0\u00bb1\/2&Prime;][vc_column_text]Ziel der Stiftung euPrevent ist es, die Lebensqualit\u00e4t der B\u00fcrgerinnen und B\u00fcrger in der EMR zu verbessern. Durch [&hellip;]\" \/>\n<meta property=\"og:url\" content=\"https:\/\/euprevent.eu\/fr\/euprevent-qualitatssiegel\/\" \/>\n<meta property=\"og:site_name\" content=\"euPrevent\" \/>\n<meta property=\"article:modified_time\" content=\"2019-09-03T09:25:10+00:00\" \/>\n<meta name=\"twitter:card\" content=\"summary_large_image\" \/>\n<meta name=\"twitter:label1\" content=\"Dur\u00e9e de lecture estim\u00e9e\" \/>\n\t<meta name=\"twitter:data1\" content=\"3 minutes\" \/>\n<script type=\"application\/ld+json\" class=\"yoast-schema-graph\">{\"@context\":\"https:\/\/schema.org\",\"@graph\":[{\"@type\":\"WebPage\",\"@id\":\"https:\/\/euprevent.eu\/fr\/euprevent-qualitatssiegel\/\",\"url\":\"https:\/\/euprevent.eu\/fr\/euprevent-qualitatssiegel\/\",\"name\":\"euPrevent Qualit\u00e4tssiegel - euPrevent\",\"isPartOf\":{\"@id\":\"https:\/\/euprevent.eu\/fr\/#website\"},\"datePublished\":\"2017-02-20T09:05:03+00:00\",\"dateModified\":\"2019-09-03T09:25:10+00:00\",\"breadcrumb\":{\"@id\":\"https:\/\/euprevent.eu\/fr\/euprevent-qualitatssiegel\/#breadcrumb\"},\"inLanguage\":\"fr-FR\",\"potentialAction\":[{\"@type\":\"ReadAction\",\"target\":[\"https:\/\/euprevent.eu\/fr\/euprevent-qualitatssiegel\/\"]}]},{\"@type\":\"BreadcrumbList\",\"@id\":\"https:\/\/euprevent.eu\/fr\/euprevent-qualitatssiegel\/#breadcrumb\",\"itemListElement\":[{\"@type\":\"ListItem\",\"position\":1,\"name\":\"Home\",\"item\":\"https:\/\/euprevent.eu\/fr\/\"},{\"@type\":\"ListItem\",\"position\":2,\"name\":\"euPrevent Qualit\u00e4tssiegel\"}]},{\"@type\":\"WebSite\",\"@id\":\"https:\/\/euprevent.eu\/fr\/#website\",\"url\":\"https:\/\/euprevent.eu\/fr\/\",\"name\":\"euPrevent\",\"description\":\"euPrevent is a Euroregional network that focuses on promoting health. Within this network, sustainable partnerships seek to increase the quality of life of residents in the border region between the Netherlands, Belgium and Germany.\",\"potentialAction\":[{\"@type\":\"SearchAction\",\"target\":{\"@type\":\"EntryPoint\",\"urlTemplate\":\"https:\/\/euprevent.eu\/fr\/?s={search_term_string}\"},\"query-input\":{\"@type\":\"PropertyValueSpecification\",\"valueRequired\":true,\"valueName\":\"search_term_string\"}}],\"inLanguage\":\"fr-FR\"}]}<\/script>\n<!-- \/ Yoast SEO plugin. -->","yoast_head_json":{"title":"euPrevent Qualit\u00e4tssiegel - euPrevent","robots":{"index":"index","follow":"follow","max-snippet":"max-snippet:-1","max-image-preview":"max-image-preview:large","max-video-preview":"max-video-preview:-1"},"canonical":"https:\/\/euprevent.eu\/fr\/euprevent-qualitatssiegel\/","og_locale":"fr_FR","og_type":"article","og_title":"euPrevent Qualit\u00e4tssiegel - euPrevent","og_description":"[vc_row][vc_column][vc_column_text el_class=\u00a0\u00bbalert alert-info\u00a0\u00bb] Deze informatie is alleen beschikbaar in het Duits. \/ The information below is only available in German. \/\u00a0Cette information est seulement disponible en allemand. [\/vc_column_text][\/vc_column][\/vc_row][vc_row css=\u00a0\u00bb.vc_custom_1483999173497{margin-bottom: 0px !important;}\u00a0\u00bb][vc_column][vc_column_text css=\u00a0\u00bb.vc_custom_1483999225240{margin-bottom: 20px !important;}\u00a0\u00bb] euPrevent Qualit\u00e4tssiegel [\/vc_column_text][\/vc_column][\/vc_row][vc_row][vc_column width=\u00a0\u00bb1\/2&Prime;][vc_column_text]Ziel der Stiftung euPrevent ist es, die Lebensqualit\u00e4t der B\u00fcrgerinnen und B\u00fcrger in der EMR zu verbessern. Durch [&hellip;]","og_url":"https:\/\/euprevent.eu\/fr\/euprevent-qualitatssiegel\/","og_site_name":"euPrevent","article_modified_time":"2019-09-03T09:25:10+00:00","twitter_card":"summary_large_image","twitter_misc":{"Dur\u00e9e de lecture estim\u00e9e":"3 minutes"},"schema":{"@context":"https:\/\/schema.org","@graph":[{"@type":"WebPage","@id":"https:\/\/euprevent.eu\/fr\/euprevent-qualitatssiegel\/","url":"https:\/\/euprevent.eu\/fr\/euprevent-qualitatssiegel\/","name":"euPrevent Qualit\u00e4tssiegel - euPrevent","isPartOf":{"@id":"https:\/\/euprevent.eu\/fr\/#website"},"datePublished":"2017-02-20T09:05:03+00:00","dateModified":"2019-09-03T09:25:10+00:00","breadcrumb":{"@id":"https:\/\/euprevent.eu\/fr\/euprevent-qualitatssiegel\/#breadcrumb"},"inLanguage":"fr-FR","potentialAction":[{"@type":"ReadAction","target":["https:\/\/euprevent.eu\/fr\/euprevent-qualitatssiegel\/"]}]},{"@type":"BreadcrumbList","@id":"https:\/\/euprevent.eu\/fr\/euprevent-qualitatssiegel\/#breadcrumb","itemListElement":[{"@type":"ListItem","position":1,"name":"Home","item":"https:\/\/euprevent.eu\/fr\/"},{"@type":"ListItem","position":2,"name":"euPrevent Qualit\u00e4tssiegel"}]},{"@type":"WebSite","@id":"https:\/\/euprevent.eu\/fr\/#website","url":"https:\/\/euprevent.eu\/fr\/","name":"euPrevent","description":"euPrevent is a Euroregional network that focuses on promoting health. Within this network, sustainable partnerships seek to increase the quality of life of residents in the border region between the Netherlands, Belgium and Germany.","potentialAction":[{"@type":"SearchAction","target":{"@type":"EntryPoint","urlTemplate":"https:\/\/euprevent.eu\/fr\/?s={search_term_string}"},"query-input":{"@type":"PropertyValueSpecification","valueRequired":true,"valueName":"search_term_string"}}],"inLanguage":"fr-FR"}]}},"_links":{"self":[{"href":"https:\/\/euprevent.eu\/fr\/wp-json\/wp\/v2\/pages\/886","targetHints":{"allow":["GET"]}}],"collection":[{"href":"https:\/\/euprevent.eu\/fr\/wp-json\/wp\/v2\/pages"}],"about":[{"href":"https:\/\/euprevent.eu\/fr\/wp-json\/wp\/v2\/types\/page"}],"author":[{"embeddable":true,"href":"https:\/\/euprevent.eu\/fr\/wp-json\/wp\/v2\/users\/1"}],"replies":[{"embeddable":true,"href":"https:\/\/euprevent.eu\/fr\/wp-json\/wp\/v2\/comments?post=886"}],"version-history":[{"count":8,"href":"https:\/\/euprevent.eu\/fr\/wp-json\/wp\/v2\/pages\/886\/revisions"}],"predecessor-version":[{"id":11601,"href":"https:\/\/euprevent.eu\/fr\/wp-json\/wp\/v2\/pages\/886\/revisions\/11601"}],"wp:attachment":[{"href":"https:\/\/euprevent.eu\/fr\/wp-json\/wp\/v2\/media?parent=886"}],"curies":[{"name":"wp","href":"https:\/\/api.w.org\/{rel}","templated":true}]}}