


{"id":749,"date":"2017-02-09T10:12:02","date_gmt":"2017-02-09T10:12:02","guid":{"rendered":"http:\/\/euprevent.eu\/?page_id=749\/"},"modified":"2024-05-07T16:04:04","modified_gmt":"2024-05-07T15:04:04","slug":"749-2","status":"publish","type":"page","link":"https:\/\/euprevent.eu\/fr\/","title":{"rendered":"Page d&rsquo;accueil"},"content":{"rendered":"<section class=\"wpb-content-wrapper\"><p>[vc_row full_width=\u00a0\u00bbstretch_row\u00a0\u00bb content_placement=\u00a0\u00bbtop\u00a0\u00bb css=\u00a0\u00bb.vc_custom_1555504199328{border-bottom-width: 0px !important;padding-top: 0px !important;background-color: #3892d0 !important;}\u00a0\u00bb el_class=\u00a0\u00bbintro\u00a0\u00bb][vc_column width=\u00a0\u00bb1\/2&Prime; css=\u00a0\u00bb.vc_custom_1556089518463{padding-top: 80px !important;padding-bottom: 60px !important;}\u00a0\u00bb][vc_column_text]<\/p>\n<h1>Crossing Borders in Health<\/h1>\n<p>euPrevent est un r\u00e9seau eur\u00e9gional ax\u00e9 sur la promotion de la sant\u00e9. Au sein de ce r\u00e9seau, il existe une coop\u00e9ration durable pour am\u00e9liorer la qualit\u00e9 de vie des habitants de la zone frontali\u00e8re entre les Pays-Bas, la Belgique et l&rsquo;Allemagne.<\/p>\n<p>Les 42 <a href=\"https:\/\/euprevent.eu\/fr\/a-propos-de-euprevent\/reseau\/partenaires-euprevent\/\">partenaires<\/a> structurels sont le c\u0153ur battant d&rsquo;euPrevent.[\/vc_column_text][vc_btn title=\u00a0\u00bbA propos\u00a0\u00bb color=\u00a0\u00bbinfo\u00a0\u00bb link=\u00a0\u00bburl:https%3A%2F%2Feuprevent.eu%2Ffr%2Fa-propos-de-euprevent%2F||target:%20_blank|\u00a0\u00bb css=\u00a0\u00bb.vc_custom_1557912552707{margin-top: -15px !important;}\u00a0\u00bb][\/vc_column][vc_column width=\u00a0\u00bb1\/2&Prime; css=\u00a0\u00bb.vc_custom_1555493928155{border-bottom-width: 0px !important;padding-top: 0px !important;}\u00a0\u00bb][vc_column_text]\r\n\t<div class=\"home-anim\">\r\n\r\n\t\t<div class=\"circle-point\"><\/div>\r\n\t\t<div class=\"circle-expand\"><\/div>\r\n\t\t<div class=\"circle-expand-anim\"><\/div>\r\n\r\n\t\t<img decoding=\"async\" class=\"border\" src=\"https:\/\/euprevent.eu\/wp-content\/themes\/euprevent\/img\/home_anim\/border-v2.svg\" \/>\r\n\t\t<img decoding=\"async\" class=\"land\" src=\"https:\/\/euprevent.eu\/wp-content\/themes\/euprevent\/img\/home_anim\/land-v2.svg\" \/>\r\n\r\n\t\t<img decoding=\"async\" class=\"map\" src=\"https:\/\/euprevent.eu\/wp-content\/themes\/euprevent\/img\/home_anim\/roads_white_right.png\" \/>\r\n\t<\/div>\r\n\r\n\r\n\r\n\t[\/vc_column_text][\/vc_column][\/vc_row][vc_row gap=\u00a0\u00bb30&Prime; content_placement=\u00a0\u00bbtop\u00a0\u00bb css=\u00a0\u00bb.vc_custom_1556093246282{padding-top: 30px !important;padding-bottom: 30px !important;}\u00a0\u00bb][vc_column width=\u00a0\u00bb1\/2&Prime;][vc_column_text]<\/p>\n<h2>En cours<\/h2>\n<p>[\/vc_column_text][vc_column_text]Dans le cadre d&rsquo;euPrevent, la coop\u00e9ration euror\u00e9gionale a lieu dans <a href=\"https:\/\/euprevent.eu\/fr\/programme\/\">7 programmes<\/a>. Nous aimerions attirer votre attention sur les sujets suivants[\/vc_column_text]\r\n\t<div class=\"activity media activity-darkblue\">\r\n\t\t<a class=\"overlay\" href=\"https:\/\/euprevent.eu\/fr\/projet-euprevent-acp\/\"><\/a>\r\n\r\n\t\t<div class=\"activity-info-table\">\r\n\t\t\t<div class=\"activity-info-table-row\">\r\n\t\t\t\t<div class=\"activity-info-table-cell\">\r\n\t\t\t\t\t<i class=\"far fa-chevron-right\"><\/i>\r\n\t\t\t\t\t<h3>Projet euPrevent ACP<\/h3>\r\n\t\t\t\t\t<p><\/p>\r\n\t\t\t\t<\/div>\r\n\t\t\t<\/div>\r\n\t\t<\/div>\r\n\t<\/div>\r\n\r\n\t\r\n\t<div class=\"activity media activity-yellow\">\r\n\t\t<a class=\"overlay\" href=\"https:\/\/euprevent.eu\/fr\/projet-grensimpact\/\"><\/a>\r\n\r\n\t\t<div class=\"activity-info-table\">\r\n\t\t\t<div class=\"activity-info-table-row\">\r\n\t\t\t\t<div class=\"activity-info-table-cell\">\r\n\t\t\t\t\t<i class=\"far fa-chevron-right\"><\/i>\r\n\t\t\t\t\t<h3>Projet GRENSimpact<\/h3>\r\n\t\t\t\t\t<p><\/p>\r\n\t\t\t\t<\/div>\r\n\t\t\t<\/div>\r\n\t\t<\/div>\r\n\t<\/div>\r\n\r\n\t\r\n\t<div class=\"activity media activity-darkblue\">\r\n\t\t<a class=\"overlay\" href=\"https:\/\/euprevent.eu\/fr\/aced\/\"><\/a>\r\n\r\n\t\t<div class=\"activity-info-table\">\r\n\t\t\t<div class=\"activity-info-table-row\">\r\n\t\t\t\t<div class=\"activity-info-table-cell\">\r\n\t\t\t\t\t<i class=\"far fa-chevron-right\"><\/i>\r\n\t\t\t\t\t<h3>Projet ACED<\/h3>\r\n\t\t\t\t\t<p><\/p>\r\n\t\t\t\t<\/div>\r\n\t\t\t<\/div>\r\n\t\t<\/div>\r\n\t<\/div>\r\n\r\n\t\r\n\t<div class=\"activity media activity-pink\">\r\n\t\t<a class=\"overlay\" href=\"https:\/\/euprevent.eu\/fr\/some\/\"><\/a>\r\n\r\n\t\t<div class=\"activity-info-table\">\r\n\t\t\t<div class=\"activity-info-table-row\">\r\n\t\t\t\t<div class=\"activity-info-table-cell\">\r\n\t\t\t\t\t<i class=\"far fa-chevron-right\"><\/i>\r\n\t\t\t\t\t<h3>Projet euPrevent SOME<\/h3>\r\n\t\t\t\t\t<p><\/p>\r\n\t\t\t\t<\/div>\r\n\t\t\t<\/div>\r\n\t\t<\/div>\r\n\t<\/div>\r\n\r\n\t[vc_empty_space height=\u00a0\u00bb10px\u00a0\u00bb][vc_column_text]<\/p>\n<p style=\"text-align: center;\">Consultez toutes <a href=\"https:\/\/euprevent.eu\/fr\/programme\/\">les activit\u00e9s en cours<\/a> ou consultez <a href=\"https:\/\/euprevent.eu\/fr\/timeblock\/\">notre calendrier<\/a> \u00a0pour un aper\u00e7u complet.<\/p>\n<p>[\/vc_column_text][\/vc_column][vc_column width=\u00a0\u00bb1\/2&Prime;][vc_empty_space height=\u00a0\u00bb127px\u00a0\u00bb][vc_column_text]\r\n    <div class=\"panel panel-default panel-events_and_news\">\r\n        <header class=\"panel-heading\" style=\"padding-bottom:0;\">\r\n            <ul class=\"nav nav-tabs nav-justified\" style=\"margin-bottom:-1px;\">\r\n                <li role=\"presentation\" class=\"active\">\r\n                    <a href=\"#events\" aria-controls=\"events\" role=\"tab\" data-toggle=\"tab\">Ev\u00e9nements<\/a>\r\n                <\/li>\r\n                <li role=\"presentation\">\r\n                    <a href=\"#news\" aria-controls=\"events\" role=\"tab\" data-toggle=\"tab\">Nouvelles<\/a>\r\n                <\/li>\r\n            <\/ul>\r\n        <\/header>\r\n        <section class=\"panel-body tab-content\">\r\n\r\n            <div role=\"tabpanel\" class=\"tab-pane active\" id=\"events\">\r\n                \r\n\r\n                                                                <h2>\r\n                                <span class=\"hidden\">Ev\u00e9nements - <\/span>R\u00e9trospective                            <\/h2>\r\n                            \r\n                        <div class=\"event media past\">\r\n                            <a class=\"overlay\" title=\"APWG Mosa valpreventie - 14 mai 2024\" href=\"https:\/\/euprevent.eu\/fr\/event\/apwg-mosa-valpreventie\/\"><\/a>\r\n                                                        <div class=\"thumb pull-left\" style=\"background-image: url('https:\/\/euprevent.eu\/wp-content\/uploads\/2024\/04\/image_awpgmose_bijeenkomst.jpg');\"><\/div>\r\n                            <div class=\"event-info-table\">\r\n                                <div class=\"event-info-table-row\">\r\n                                    <div class=\"event-info-table-cell\">\r\n                                        <h3>APWG Mosa valpreventie<\/h3>\r\n                                        <p>14 mai 2024<\/p>\r\n                                    <\/div>\r\n                                <\/div>\r\n                            <\/div>\r\n                        <\/div>\r\n\r\n                        \r\n                        <div class=\"event media past\">\r\n                            <a class=\"overlay\" title=\"Conf\u00e9rence EMR Sant\u00e9 environnementale - 22 juin 2023\" href=\"https:\/\/euprevent.eu\/fr\/event\/conference-emr-sante-environnementale\/\"><\/a>\r\n                                                        <div class=\"thumb pull-left\" style=\"background-image: url('https:\/\/euprevent.eu\/wp-content\/uploads\/2023\/05\/Mailchimp-EMR-header-invitation_uitnodiging-EMR-header-FR.jpg');\"><\/div>\r\n                            <div class=\"event-info-table\">\r\n                                <div class=\"event-info-table-row\">\r\n                                    <div class=\"event-info-table-cell\">\r\n                                        <h3>Conf\u00e9rence EMR Sant\u00e9 environnementale<\/h3>\r\n                                        <p>22 juin 2023<\/p>\r\n                                    <\/div>\r\n                                <\/div>\r\n                            <\/div>\r\n                        <\/div>\r\n\r\n                        \r\n                        <div class=\"event media past\">\r\n                            <a class=\"overlay\" title=\"Conf\u00e9rence d\u2019activit\u00e9 euPrevent PROFILE - 1 juin 2023\" href=\"https:\/\/euprevent.eu\/fr\/event\/conference-sur-lactivite-euprevent-profile\/\"><\/a>\r\n                                                        <div class=\"thumb pull-left\" style=\"background-image: url('https:\/\/euprevent.eu\/wp-content\/uploads\/2021\/06\/Artboard-92-scaled.jpg');\"><\/div>\r\n                            <div class=\"event-info-table\">\r\n                                <div class=\"event-info-table-row\">\r\n                                    <div class=\"event-info-table-cell\">\r\n                                        <h3>Conf\u00e9rence d\u2019activit\u00e9 euPrevent PROFILE<\/h3>\r\n                                        <p>1 juin 2023<\/p>\r\n                                    <\/div>\r\n                                <\/div>\r\n                            <\/div>\r\n                        <\/div>\r\n\r\n                        \r\n                        <div class=\"event media past\">\r\n                            <a class=\"overlay\" title=\"Conf\u00e9rence de cl\u00f4ture euPrevent Social Norms Approach - 27 janvier 2022\" href=\"https:\/\/euprevent.eu\/fr\/event\/final-conference-euprevent-sna\/\"><\/a>\r\n                                                        <div class=\"thumb pull-left\" style=\"background-image: url('https:\/\/euprevent.eu\/wp-content\/uploads\/2019\/01\/sna-project-blue.jpg');\"><\/div>\r\n                            <div class=\"event-info-table\">\r\n                                <div class=\"event-info-table-row\">\r\n                                    <div class=\"event-info-table-cell\">\r\n                                        <h3>Conf\u00e9rence de cl\u00f4ture euPrevent Social Norms Approach<\/h3>\r\n                                        <p>27 janvier 2022<\/p>\r\n                                    <\/div>\r\n                                <\/div>\r\n                            <\/div>\r\n                        <\/div>\r\n\r\n                                            <div class=\"text-center p-10\">Voir                        <a title=\"tous les \u00e9v\u00e9nements\" href=\"https:\/\/euprevent.eu\/fr\/event\/\">tous les \u00e9v\u00e9nements<\/a>.\r\n                    <\/div>\r\n                                <\/div>\r\n\r\n            <div role=\"tabpanel\" class=\"tab-pane\" id=\"news\">\r\n                                                            <div class=\"newsitem\">\r\n                            <a class=\"overlay\" title=\"En m\u00e9moire du Prof. Dr. Nanne de Vries\" href=\"https:\/\/euprevent.eu\/fr\/in-memory-of-prof-dr-nanne-de-vries\/\"><\/a>\r\n                            <div class=\"thumb pull-left\" style=\"background-image: url('https:\/\/euprevent.eu\/wp-content\/uploads\/2024\/12\/nanne.jpg');\"><\/div>\r\n                            <div class=\"news-info-table\">\r\n                                <div class=\"news-info-table-row\">\r\n                                    <div class=\"news-info-table-cell\">\r\n                                        <p>20 d\u00e9cembre 2024<\/p>\r\n                                        <h3>En m\u00e9moire du Prof. Dr. Nanne de Vries<\/h3>\r\n                                    <\/div>\r\n                                <\/div>\r\n                            <\/div>\r\n                        <\/div>\r\n                                                <div class=\"newsitem\">\r\n                            <a class=\"overlay\" title=\"Carte \u201cEuregional Health Landscape\u201d : am\u00e9liorer l'acc\u00e8s aux services de sant\u00e9 transfrontaliers\" href=\"https:\/\/euprevent.eu\/fr\/euregional-health-landscape-map-enhancing-access-to-cross-border-health-services\/\"><\/a>\r\n                            <div class=\"thumb pull-left\" style=\"background-image: url('https:\/\/euprevent.eu\/wp-content\/uploads\/2024\/12\/Screenshot-2024-12-06-185603.png');\"><\/div>\r\n                            <div class=\"news-info-table\">\r\n                                <div class=\"news-info-table-row\">\r\n                                    <div class=\"news-info-table-cell\">\r\n                                        <p>6 d\u00e9cembre 2024<\/p>\r\n                                        <h3>Carte \u201cEuregional Health Landscape\u201d : am\u00e9liorer l'acc\u00e8s aux services de sant\u00e9 transfrontaliers<\/h3>\r\n                                    <\/div>\r\n                                <\/div>\r\n                            <\/div>\r\n                        <\/div>\r\n                                                <div class=\"newsitem\">\r\n                            <a class=\"overlay\" title=\"Visualisation dynamique de l\u2019impact du COVID-19 dans les r\u00e9gions frontali\u00e8res : un r\u00e9sultat du projet GRENSimpact\" href=\"https:\/\/euprevent.eu\/fr\/visualisation-dynamique-de-limpact-du-covid-19-dans-les-regions-frontalieres-un-resultat-du-projet-grensimpact\/\"><\/a>\r\n                            <div class=\"thumb pull-left\" style=\"background-image: url('https:\/\/euprevent.eu\/wp-content\/uploads\/2024\/11\/covid-incidence.gif');\"><\/div>\r\n                            <div class=\"news-info-table\">\r\n                                <div class=\"news-info-table-row\">\r\n                                    <div class=\"news-info-table-cell\">\r\n                                        <p>29 novembre 2024<\/p>\r\n                                        <h3>Visualisation dynamique de l\u2019impact du COVID-19 dans les r\u00e9gions frontali\u00e8res : un r\u00e9sultat du projet GRENSimpact<\/h3>\r\n                                    <\/div>\r\n                                <\/div>\r\n                            <\/div>\r\n                        <\/div>\r\n                                                <div class=\"newsitem\">\r\n                            <a class=\"overlay\" title=\"Fronti\u00e8res, pand\u00e9mies et collaboration : perspectives du projet GRENSimpact\" href=\"https:\/\/euprevent.eu\/fr\/borders-pandemics-and-collaboration-insights-from-the-grensimpact-project\/\"><\/a>\r\n                            <div class=\"thumb pull-left\" style=\"background-image: url('https:\/\/euprevent.eu\/wp-content\/uploads\/2024\/11\/factsheet-GRENSimpact.png');\"><\/div>\r\n                            <div class=\"news-info-table\">\r\n                                <div class=\"news-info-table-row\">\r\n                                    <div class=\"news-info-table-cell\">\r\n                                        <p>21 novembre 2024<\/p>\r\n                                        <h3>Fronti\u00e8res, pand\u00e9mies et collaboration : perspectives du projet GRENSimpact<\/h3>\r\n                                    <\/div>\r\n                                <\/div>\r\n                            <\/div>\r\n                        <\/div>\r\n                                            <div class=\"text-center p-10\">Voir                        <a title=\"toutes les nouvelles\" href=\"https:\/\/euprevent.eu\/fr\/nouvelles\/\">Toutes les nouvelles<\/a>.\r\n                    <\/div>\r\n                                <\/div>\r\n\r\n        <\/section>\r\n    <\/div>\r\n\r\n    [\/vc_column_text][\/vc_column][\/vc_row][vc_row full_width=\u00a0\u00bbstretch_row\u00a0\u00bb css=\u00a0\u00bb.vc_custom_1556090173301{margin-bottom: -50px !important;padding-top: 40px !important;padding-bottom: 40px !important;background-color: #f6f6f6 !important;}\u00a0\u00bb][vc_column][vc_column_text]<\/p>\n<h2><strong>R\u00e9sultats<\/strong><\/h2>\n<p>[\/vc_column_text][vc_row_inner][vc_column_inner width=\u00a0\u00bb1\/2&Prime;]\r\n\t<div class=\"highlight media\">\r\n\t\t<a class=\"overlay\" href=\"https:\/\/euprevent.eu\/fr\/resultats\/publicaties\/\"><\/a>\r\n\r\n\t\t<div class=\"highlight-info-table\">\r\n\t\t\t<div class=\"highlight-info-table-row\">\r\n\t\t\t\t<div class=\"highlight-info-table-cell\">\r\n\t\t\t\t\t<i class=\"far fa-chevron-right\"><\/i>\r\n\t\t\t\t\t<h3>Publications<\/h3>\r\n\t\t\t\t\t<p>Des rapports locaux aux publications internationales.<\/p>\r\n\t\t\t\t<\/div>\r\n\t\t\t<\/div>\r\n\t\t<\/div>\r\n\t<\/div>\r\n\r\n\t\r\n\t<div class=\"highlight media\">\r\n\t\t<a class=\"overlay\" href=\"http:\/\/euregionalhealthatlas.eu\/\"><\/a>\r\n\r\n\t\t<div class=\"highlight-info-table\">\r\n\t\t\t<div class=\"highlight-info-table-row\">\r\n\t\t\t\t<div class=\"highlight-info-table-cell\">\r\n\t\t\t\t\t<i class=\"far fa-chevron-right\"><\/i>\r\n\t\t\t\t\t<h3>Euregional Health Atlas<\/h3>\r\n\t\t\t\t\t<p>Carte en ligne avec donn\u00e9es eur\u00e9gionales (sur la sant\u00e9)<\/p>\r\n\t\t\t\t<\/div>\r\n\t\t\t<\/div>\r\n\t\t<\/div>\r\n\t<\/div>\r\n\r\n\t[\/vc_column_inner][vc_column_inner width=\u00a0\u00bb1\/2&Prime;]\r\n\t<div class=\"highlight media\">\r\n\t\t<a class=\"overlay\" href=\"https:\/\/euprevent.eu\/fr\/resultats\/tools\/\"><\/a>\r\n\r\n\t\t<div class=\"highlight-info-table\">\r\n\t\t\t<div class=\"highlight-info-table-row\">\r\n\t\t\t\t<div class=\"highlight-info-table-cell\">\r\n\t\t\t\t\t<i class=\"far fa-chevron-right\"><\/i>\r\n\t\t\t\t\t<h3>Online Tools<\/h3>\r\n\t\t\t\t\t<p>Outils HEPS et outils d'\u00e9valuation des capacit\u00e9s<\/p>\r\n\t\t\t\t<\/div>\r\n\t\t\t<\/div>\r\n\t\t<\/div>\r\n\t<\/div>\r\n\r\n\t\r\n\t<div class=\"highlight media\">\r\n\t\t<a class=\"overlay\" href=\"https:\/\/euprevent.eu\/fr\/resultats\/activites\/\"><\/a>\r\n\r\n\t\t<div class=\"highlight-info-table\">\r\n\t\t\t<div class=\"highlight-info-table-row\">\r\n\t\t\t\t<div class=\"highlight-info-table-cell\">\r\n\t\t\t\t\t<i class=\"far fa-chevron-right\"><\/i>\r\n\t\t\t\t\t<h3>Activit\u00e9s<\/h3>\r\n\t\t\t\t\t<p>Par exemple, \u201dcrossing border in health`` (la cooperation transfrontali\u00e8re en sant\u00e9)<\/p>\r\n\t\t\t\t<\/div>\r\n\t\t\t<\/div>\r\n\t\t<\/div>\r\n\t<\/div>\r\n\r\n\t[\/vc_column_inner][\/vc_row_inner][\/vc_column][\/vc_row]<\/p>\n<\/section>","protected":false},"excerpt":{"rendered":"<p>[vc_row full_width=\u00a0\u00bbstretch_row\u00a0\u00bb content_placement=\u00a0\u00bbtop\u00a0\u00bb css=\u00a0\u00bb.vc_custom_1555504199328{border-bottom-width: 0px !important;padding-top: 0px !important;background-color: #3892d0 !important;}\u00a0\u00bb el_class=\u00a0\u00bbintro\u00a0\u00bb][vc_column width=\u00a0\u00bb1\/2&Prime; css=\u00a0\u00bb.vc_custom_1556089518463{padding-top: 80px !important;padding-bottom: 60px !important;}\u00a0\u00bb][vc_column_text] Crossing Borders in Health euPrevent est un r\u00e9seau eur\u00e9gional ax\u00e9 sur la promotion de la sant\u00e9. Au sein de ce r\u00e9seau, il existe une coop\u00e9ration durable pour am\u00e9liorer la qualit\u00e9 de vie des habitants de la zone frontali\u00e8re [&hellip;]<\/p>\n","protected":false},"author":1,"featured_media":0,"parent":0,"menu_order":0,"comment_status":"closed","ping_status":"closed","template":"","meta":{"_acf_changed":false,"footnotes":""},"class_list":["post-749","page","type-page","status-publish","hentry"],"acf":[],"yoast_head":"<!-- This site is optimized with the Yoast SEO plugin v26.8 - https:\/\/yoast.com\/product\/yoast-seo-wordpress\/ -->\n<title>Page d&#039;accueil - euPrevent<\/title>\n<meta name=\"robots\" content=\"index, follow, max-snippet:-1, max-image-preview:large, max-video-preview:-1\" \/>\n<link rel=\"canonical\" href=\"https:\/\/euprevent.eu\/fr\/\" \/>\n<meta property=\"og:locale\" content=\"fr_FR\" \/>\n<meta property=\"og:type\" content=\"article\" \/>\n<meta property=\"og:title\" content=\"Page d&#039;accueil - euPrevent\" \/>\n<meta property=\"og:description\" content=\"[vc_row full_width=\u00a0\u00bbstretch_row\u00a0\u00bb content_placement=\u00a0\u00bbtop\u00a0\u00bb css=\u00a0\u00bb.vc_custom_1555504199328{border-bottom-width: 0px !important;padding-top: 0px !important;background-color: #3892d0 !important;}\u00a0\u00bb el_class=\u00a0\u00bbintro\u00a0\u00bb][vc_column width=\u00a0\u00bb1\/2&Prime; css=\u00a0\u00bb.vc_custom_1556089518463{padding-top: 80px !important;padding-bottom: 60px !important;}\u00a0\u00bb][vc_column_text] Crossing Borders in Health euPrevent est un r\u00e9seau eur\u00e9gional ax\u00e9 sur la promotion de la sant\u00e9. Au sein de ce r\u00e9seau, il existe une coop\u00e9ration durable pour am\u00e9liorer la qualit\u00e9 de vie des habitants de la zone frontali\u00e8re [&hellip;]\" \/>\n<meta property=\"og:url\" content=\"https:\/\/euprevent.eu\/fr\/\" \/>\n<meta property=\"og:site_name\" content=\"euPrevent\" \/>\n<meta property=\"article:modified_time\" content=\"2024-05-07T15:04:04+00:00\" \/>\n<meta name=\"twitter:card\" content=\"summary_large_image\" \/>\n<meta name=\"twitter:label1\" content=\"Dur\u00e9e de lecture estim\u00e9e\" \/>\n\t<meta name=\"twitter:data1\" content=\"1 minute\" \/>\n<script type=\"application\/ld+json\" class=\"yoast-schema-graph\">{\"@context\":\"https:\/\/schema.org\",\"@graph\":[{\"@type\":\"WebPage\",\"@id\":\"https:\/\/euprevent.eu\/fr\/\",\"url\":\"https:\/\/euprevent.eu\/fr\/\",\"name\":\"Page d'accueil - euPrevent\",\"isPartOf\":{\"@id\":\"https:\/\/euprevent.eu\/fr\/#website\"},\"datePublished\":\"2017-02-09T10:12:02+00:00\",\"dateModified\":\"2024-05-07T15:04:04+00:00\",\"breadcrumb\":{\"@id\":\"https:\/\/euprevent.eu\/fr\/#breadcrumb\"},\"inLanguage\":\"fr-FR\",\"potentialAction\":[{\"@type\":\"ReadAction\",\"target\":[\"https:\/\/euprevent.eu\/fr\/\"]}]},{\"@type\":\"BreadcrumbList\",\"@id\":\"https:\/\/euprevent.eu\/fr\/#breadcrumb\",\"itemListElement\":[{\"@type\":\"ListItem\",\"position\":1,\"name\":\"Home\",\"item\":\"https:\/\/euprevent.eu\/fr\/\"},{\"@type\":\"ListItem\",\"position\":2,\"name\":\"Page d&#8217;accueil\"}]},{\"@type\":\"WebSite\",\"@id\":\"https:\/\/euprevent.eu\/fr\/#website\",\"url\":\"https:\/\/euprevent.eu\/fr\/\",\"name\":\"euPrevent\",\"description\":\"euPrevent is a Euroregional network that focuses on promoting health. Within this network, sustainable partnerships seek to increase the quality of life of residents in the border region between the Netherlands, Belgium and Germany.\",\"potentialAction\":[{\"@type\":\"SearchAction\",\"target\":{\"@type\":\"EntryPoint\",\"urlTemplate\":\"https:\/\/euprevent.eu\/fr\/?s={search_term_string}\"},\"query-input\":{\"@type\":\"PropertyValueSpecification\",\"valueRequired\":true,\"valueName\":\"search_term_string\"}}],\"inLanguage\":\"fr-FR\"}]}<\/script>\n<!-- \/ Yoast SEO plugin. -->","yoast_head_json":{"title":"Page d'accueil - euPrevent","robots":{"index":"index","follow":"follow","max-snippet":"max-snippet:-1","max-image-preview":"max-image-preview:large","max-video-preview":"max-video-preview:-1"},"canonical":"https:\/\/euprevent.eu\/fr\/","og_locale":"fr_FR","og_type":"article","og_title":"Page d'accueil - euPrevent","og_description":"[vc_row full_width=\u00a0\u00bbstretch_row\u00a0\u00bb content_placement=\u00a0\u00bbtop\u00a0\u00bb css=\u00a0\u00bb.vc_custom_1555504199328{border-bottom-width: 0px !important;padding-top: 0px !important;background-color: #3892d0 !important;}\u00a0\u00bb el_class=\u00a0\u00bbintro\u00a0\u00bb][vc_column width=\u00a0\u00bb1\/2&Prime; css=\u00a0\u00bb.vc_custom_1556089518463{padding-top: 80px !important;padding-bottom: 60px !important;}\u00a0\u00bb][vc_column_text] Crossing Borders in Health euPrevent est un r\u00e9seau eur\u00e9gional ax\u00e9 sur la promotion de la sant\u00e9. Au sein de ce r\u00e9seau, il existe une coop\u00e9ration durable pour am\u00e9liorer la qualit\u00e9 de vie des habitants de la zone frontali\u00e8re [&hellip;]","og_url":"https:\/\/euprevent.eu\/fr\/","og_site_name":"euPrevent","article_modified_time":"2024-05-07T15:04:04+00:00","twitter_card":"summary_large_image","twitter_misc":{"Dur\u00e9e de lecture estim\u00e9e":"1 minute"},"schema":{"@context":"https:\/\/schema.org","@graph":[{"@type":"WebPage","@id":"https:\/\/euprevent.eu\/fr\/","url":"https:\/\/euprevent.eu\/fr\/","name":"Page d'accueil - euPrevent","isPartOf":{"@id":"https:\/\/euprevent.eu\/fr\/#website"},"datePublished":"2017-02-09T10:12:02+00:00","dateModified":"2024-05-07T15:04:04+00:00","breadcrumb":{"@id":"https:\/\/euprevent.eu\/fr\/#breadcrumb"},"inLanguage":"fr-FR","potentialAction":[{"@type":"ReadAction","target":["https:\/\/euprevent.eu\/fr\/"]}]},{"@type":"BreadcrumbList","@id":"https:\/\/euprevent.eu\/fr\/#breadcrumb","itemListElement":[{"@type":"ListItem","position":1,"name":"Home","item":"https:\/\/euprevent.eu\/fr\/"},{"@type":"ListItem","position":2,"name":"Page d&#8217;accueil"}]},{"@type":"WebSite","@id":"https:\/\/euprevent.eu\/fr\/#website","url":"https:\/\/euprevent.eu\/fr\/","name":"euPrevent","description":"euPrevent is a Euroregional network that focuses on promoting health. Within this network, sustainable partnerships seek to increase the quality of life of residents in the border region between the Netherlands, Belgium and Germany.","potentialAction":[{"@type":"SearchAction","target":{"@type":"EntryPoint","urlTemplate":"https:\/\/euprevent.eu\/fr\/?s={search_term_string}"},"query-input":{"@type":"PropertyValueSpecification","valueRequired":true,"valueName":"search_term_string"}}],"inLanguage":"fr-FR"}]}},"_links":{"self":[{"href":"https:\/\/euprevent.eu\/fr\/wp-json\/wp\/v2\/pages\/749","targetHints":{"allow":["GET"]}}],"collection":[{"href":"https:\/\/euprevent.eu\/fr\/wp-json\/wp\/v2\/pages"}],"about":[{"href":"https:\/\/euprevent.eu\/fr\/wp-json\/wp\/v2\/types\/page"}],"author":[{"embeddable":true,"href":"https:\/\/euprevent.eu\/fr\/wp-json\/wp\/v2\/users\/1"}],"replies":[{"embeddable":true,"href":"https:\/\/euprevent.eu\/fr\/wp-json\/wp\/v2\/comments?post=749"}],"version-history":[{"count":50,"href":"https:\/\/euprevent.eu\/fr\/wp-json\/wp\/v2\/pages\/749\/revisions"}],"predecessor-version":[{"id":22740,"href":"https:\/\/euprevent.eu\/fr\/wp-json\/wp\/v2\/pages\/749\/revisions\/22740"}],"wp:attachment":[{"href":"https:\/\/euprevent.eu\/fr\/wp-json\/wp\/v2\/media?parent=749"}],"curies":[{"name":"wp","href":"https:\/\/api.w.org\/{rel}","templated":true}]}}