


{"id":6737,"date":"2018-12-11T11:20:34","date_gmt":"2018-12-11T11:20:34","guid":{"rendered":"https:\/\/euprevent.eu\/?page_id=6737"},"modified":"2019-06-12T11:15:16","modified_gmt":"2019-06-12T11:15:16","slug":"who-rhn-cor-conference","status":"publish","type":"page","link":"https:\/\/euprevent.eu\/fr\/who-rhn-cor-conference\/","title":{"rendered":"La conf\u00e9rence\u00a0 RHN-CoR de l&rsquo;OMS"},"content":{"rendered":"<section class=\"wpb-content-wrapper\"><p>[vc_row css_animation=\u00a0\u00bbnone\u00a0\u00bb css=\u00a0\u00bb.vc_custom_1557822776750{margin-right: 0px !important;margin-left: 0px !important;background-image: url(https:\/\/euprevent.eu\/wp-content\/uploads\/2019\/05\/header-new.jpg?id=8848) !important;background-position: center !important;background-repeat: no-repeat !important;background-size: cover !important;}\u00a0\u00bb el_class=\u00a0\u00bbevent-header\u00a0\u00bb][vc_column][vc_column_text]<\/p>\n<h1><strong>La conf\u00e9rence\u00a0 RHN-CoR de l&rsquo;OMS : <\/strong><\/h1>\n<h2><strong>\u00ab\u00a0Maintenir l&rsquo;\u00eatre humain au centre des politiques de sant\u00e9 et<br \/>\ndu d\u00e9veloppement durable\u00a0\u00bb <\/strong><\/h2>\n<h2><em style=\"font-size: 18px;\">F\u00e9vrier et juin 2019<br \/>\n<\/em><\/h2>\n<p>[\/vc_column_text][\/vc_column][\/vc_row][vc_row css=\u00a0\u00bb.vc_custom_1544439585677{margin-top: 0px !important;margin-bottom: 0px !important;padding-top: 0px !important;padding-bottom: 0px !important;}\u00a0\u00bb][vc_column css=\u00a0\u00bb.vc_custom_1544439773644{padding-top: 10px !important;padding-bottom: 60px !important;}\u00a0\u00bb][vc_single_image image=\u00a0\u00bb9537&Prime; img_size=\u00a0\u00bbfull\u00a0\u00bb alignment=\u00a0\u00bbcenter\u00a0\u00bb css=\u00a0\u00bb.vc_custom_1560338013867{margin-bottom: 0px !important;}\u00a0\u00bb][\/vc_column][\/vc_row][vc_row][vc_column][vc_column_text]<\/p>\n<h2>Les synergies dans le domaine de la sant\u00e9, une perspective r\u00e9gionale !<\/h2>\n<p>Le R\u00e9seau des r\u00e9gions pour la sant\u00e9 de l&rsquo;OMS (WHO-RHN), le Comit\u00e9 des r\u00e9gions (CoR), l&rsquo;Eur\u00e9gio Meuse-Rhin (EMR) et euPrevent|EMR croient qu&rsquo;ensemble nous pouvons faire plus.<\/p>\n<p>C&rsquo;est pourquoi ils ont r\u00e9uni leurs forces pour organiser ensemble une conf\u00e9rence sur la sant\u00e9 r\u00e9gionale.<\/p>\n<p>Les 3 th\u00e8mes principaux de la conf\u00e9rence seront \u00ab\u00a0Equit\u00e9\u00a0\u00bb, \u00ab\u00a0Approche participative\u00a0\u00bb et \u00ab\u00a0Ressources humaines en sant\u00e9\u00a0\u00bb.<\/p>\n<p>Guid\u00e9s par ces sujets, les citoyens et les professionnels de la sant\u00e9 r\u00e9gionaux exploreront les enjeux et les possibilit\u00e9s de la sant\u00e9, dans une perspective r\u00e9gionale et eur\u00e9gionale.<\/p>\n<p>Pendant toute la dur\u00e9e de la conf\u00e9rence, toutes les r\u00e9gions de l&rsquo;Euregio Meuse-Rhin seront visit\u00e9es : Aix-la-Chapelle (DE), Maastricht (NL), Eupen (BE), Li\u00e8ge (BE) et Genk (BE).[\/vc_column_text][\/vc_column][\/vc_row][vc_row gap=\u00a0\u00bb35&Prime; equal_height=\u00a0\u00bbyes\u00a0\u00bb css=\u00a0\u00bb.vc_custom_1544439939082{margin-right: -25px !important;margin-left: -25px !important;}\u00a0\u00bb][vc_column width=\u00a0\u00bb1\/2&Prime; css=\u00a0\u00bb.vc_custom_1544439279616{padding-top: 30px !important;padding-right: 30px !important;padding-bottom: 0px !important;padding-left: 30px !important;background-color: #eeeeee !important;border-radius: 10px !important;}\u00a0\u00bb el_class=\u00a0\u00bbbtn-bottom-wrap\u00a0\u00bb][vc_column_text]<strong>Sommets citoyens<\/strong><\/p>\n<p>En f\u00e9vrier, les citoyens des 5 r\u00e9gions de l&rsquo;EMR partageront leur point de vue lors de 2 sommets citoyens.[\/vc_column_text][vc_btn title=\u00a0\u00bbEn savoir plus sur ces sommets citoyens\u00a0\u00bb color=\u00a0\u00bbprimary\u00a0\u00bb align=\u00a0\u00bbcenter\u00a0\u00bb button_block=\u00a0\u00bbtrue\u00a0\u00bb el_class=\u00a0\u00bbbtn-bottom\u00a0\u00bb link=\u00a0\u00bburl:https%3A%2F%2Feuprevent.eu%2Ffr%2Fevent%2Fcitizen-summits%2F|||\u00a0\u00bb][\/vc_column][vc_column width=\u00a0\u00bb1\/2&Prime; css=\u00a0\u00bb.vc_custom_1544439282190{padding-top: 30px !important;padding-right: 30px !important;padding-bottom: 0px !important;padding-left: 30px !important;background-color: #eeeeee !important;border-radius: 10px !important;}\u00a0\u00bb el_class=\u00a0\u00bbbtn-bottom-wrap\u00a0\u00bb][vc_column_text]<strong>Conf\u00e9rence<\/strong><\/p>\n<p>En juin, une conf\u00e9rence de trois jours se tiendra dans l\u2019EMR rassemblant des professionnels de la sant\u00e9 de toute l&rsquo;Europe. Le point de vue du citoyen sera int\u00e9gr\u00e9 dans cette conf\u00e9rence.[\/vc_column_text][vc_btn title=\u00a0\u00bbEn savoir plus sur la conf\u00e9rence de juin\u00a0\u00bb color=\u00a0\u00bbprimary\u00a0\u00bb align=\u00a0\u00bbcenter\u00a0\u00bb button_block=\u00a0\u00bbtrue\u00a0\u00bb el_class=\u00a0\u00bbbtn-bottom\u00a0\u00bb link=\u00a0\u00bburl:https%3A%2F%2Feuprevent.eu%2Ffr%2Fevent%2Fwho-rhn-cor-conference%2F|||\u00a0\u00bb][\/vc_column][\/vc_row][vc_row css=\u00a0\u00bb.vc_custom_1544439585677{margin-top: 0px !important;margin-bottom: 0px !important;padding-top: 0px !important;padding-bottom: 0px !important;}\u00a0\u00bb][vc_column css=\u00a0\u00bb.vc_custom_1544439901015{padding-top: 25px !important;padding-right: 0px !important;padding-bottom: 0px !important;padding-left: 0px !important;}\u00a0\u00bb][vc_column_text]La conf\u00e9rence OMS RHN &#8211; CoR est possible gr\u00e2ce au financement du projet <a href=\"https:\/\/euregio-mr.info\/be\/foerderung\/people-to-people\/\">People tot People d&rsquo;Interreg V-A Euregio Meuse-Rhin<\/a> et au soutien du Fonds europ\u00e9en de d\u00e9veloppement r\u00e9gional (FEDER) dans le cadre du <a href=\"https:\/\/www.interregemr.eu\/home-fr\">programme Interreg V A EMR.<\/a>[\/vc_column_text][vc_single_image image=\u00a0\u00bb9557&Prime; img_size=\u00a0\u00bbfull\u00a0\u00bb alignment=\u00a0\u00bbcenter\u00a0\u00bb css=\u00a0\u00bb.vc_custom_1560338115361{margin-bottom: 0px !important;}\u00a0\u00bb][\/vc_column][\/vc_row]<\/p>\n<\/section>","protected":false},"excerpt":{"rendered":"<p>[vc_row css_animation=\u00a0\u00bbnone\u00a0\u00bb css=\u00a0\u00bb.vc_custom_1557822776750{margin-right: 0px !important;margin-left: 0px !important;background-image: url(https:\/\/euprevent.eu\/wp-content\/uploads\/2019\/05\/header-new.jpg?id=8848) !important;background-position: center !important;background-repeat: no-repeat !important;background-size: cover !important;}\u00a0\u00bb el_class=\u00a0\u00bbevent-header\u00a0\u00bb][vc_column][vc_column_text] La conf\u00e9rence\u00a0 RHN-CoR de l&rsquo;OMS : \u00ab\u00a0Maintenir l&rsquo;\u00eatre humain au centre des politiques de sant\u00e9 et du d\u00e9veloppement durable\u00a0\u00bb F\u00e9vrier et juin 2019 [\/vc_column_text][\/vc_column][\/vc_row][vc_row css=\u00a0\u00bb.vc_custom_1544439585677{margin-top: 0px !important;margin-bottom: 0px !important;padding-top: 0px !important;padding-bottom: 0px !important;}\u00a0\u00bb][vc_column css=\u00a0\u00bb.vc_custom_1544439773644{padding-top: 10px !important;padding-bottom: 60px !important;}\u00a0\u00bb][vc_single_image image=\u00a0\u00bb9537&Prime; [&hellip;]<\/p>\n","protected":false},"author":1,"featured_media":6687,"parent":0,"menu_order":0,"comment_status":"closed","ping_status":"closed","template":"page-without-sidebar.php","meta":{"_acf_changed":false,"footnotes":""},"class_list":["post-6737","page","type-page","status-publish","has-post-thumbnail","hentry","programmes-crossing-programmes"],"acf":[],"yoast_head":"<!-- This site is optimized with the Yoast SEO plugin v26.8 - https:\/\/yoast.com\/product\/yoast-seo-wordpress\/ -->\n<title>La conf\u00e9rence\u00a0 RHN-CoR de l&#039;OMS - euPrevent<\/title>\n<meta name=\"robots\" content=\"index, follow, max-snippet:-1, max-image-preview:large, max-video-preview:-1\" \/>\n<link rel=\"canonical\" href=\"https:\/\/euprevent.eu\/fr\/who-rhn-cor-conference\/\" \/>\n<meta property=\"og:locale\" content=\"fr_FR\" \/>\n<meta property=\"og:type\" content=\"article\" \/>\n<meta property=\"og:title\" content=\"La conf\u00e9rence\u00a0 RHN-CoR de l&#039;OMS - euPrevent\" \/>\n<meta property=\"og:description\" content=\"[vc_row css_animation=\u00a0\u00bbnone\u00a0\u00bb css=\u00a0\u00bb.vc_custom_1557822776750{margin-right: 0px !important;margin-left: 0px !important;background-image: url(https:\/\/euprevent.eu\/wp-content\/uploads\/2019\/05\/header-new.jpg?id=8848) !important;background-position: center !important;background-repeat: no-repeat !important;background-size: cover !important;}\u00a0\u00bb el_class=\u00a0\u00bbevent-header\u00a0\u00bb][vc_column][vc_column_text] La conf\u00e9rence\u00a0 RHN-CoR de l&rsquo;OMS : \u00ab\u00a0Maintenir l&rsquo;\u00eatre humain au centre des politiques de sant\u00e9 et du d\u00e9veloppement durable\u00a0\u00bb F\u00e9vrier et juin 2019 [\/vc_column_text][\/vc_column][\/vc_row][vc_row css=\u00a0\u00bb.vc_custom_1544439585677{margin-top: 0px !important;margin-bottom: 0px !important;padding-top: 0px !important;padding-bottom: 0px !important;}\u00a0\u00bb][vc_column css=\u00a0\u00bb.vc_custom_1544439773644{padding-top: 10px !important;padding-bottom: 60px !important;}\u00a0\u00bb][vc_single_image image=\u00a0\u00bb9537&Prime; [&hellip;]\" \/>\n<meta property=\"og:url\" content=\"https:\/\/euprevent.eu\/fr\/who-rhn-cor-conference\/\" \/>\n<meta property=\"og:site_name\" content=\"euPrevent\" \/>\n<meta property=\"article:modified_time\" content=\"2019-06-12T11:15:16+00:00\" \/>\n<meta property=\"og:image\" content=\"https:\/\/euprevent.eu\/wp-content\/uploads\/2018\/12\/who-cor.jpg\" \/>\n\t<meta property=\"og:image:width\" content=\"900\" \/>\n\t<meta property=\"og:image:height\" content=\"601\" \/>\n\t<meta property=\"og:image:type\" content=\"image\/jpeg\" \/>\n<meta name=\"twitter:card\" content=\"summary_large_image\" \/>\n<meta name=\"twitter:label1\" content=\"Dur\u00e9e de lecture estim\u00e9e\" \/>\n\t<meta name=\"twitter:data1\" content=\"3 minutes\" \/>\n<script type=\"application\/ld+json\" class=\"yoast-schema-graph\">{\"@context\":\"https:\/\/schema.org\",\"@graph\":[{\"@type\":\"WebPage\",\"@id\":\"https:\/\/euprevent.eu\/fr\/who-rhn-cor-conference\/\",\"url\":\"https:\/\/euprevent.eu\/fr\/who-rhn-cor-conference\/\",\"name\":\"La conf\u00e9rence\u00a0 RHN-CoR de l'OMS - euPrevent\",\"isPartOf\":{\"@id\":\"https:\/\/euprevent.eu\/fr\/#website\"},\"primaryImageOfPage\":{\"@id\":\"https:\/\/euprevent.eu\/fr\/who-rhn-cor-conference\/#primaryimage\"},\"image\":{\"@id\":\"https:\/\/euprevent.eu\/fr\/who-rhn-cor-conference\/#primaryimage\"},\"thumbnailUrl\":\"https:\/\/euprevent.eu\/wp-content\/uploads\/2018\/12\/who-cor.jpg\",\"datePublished\":\"2018-12-11T11:20:34+00:00\",\"dateModified\":\"2019-06-12T11:15:16+00:00\",\"breadcrumb\":{\"@id\":\"https:\/\/euprevent.eu\/fr\/who-rhn-cor-conference\/#breadcrumb\"},\"inLanguage\":\"fr-FR\",\"potentialAction\":[{\"@type\":\"ReadAction\",\"target\":[\"https:\/\/euprevent.eu\/fr\/who-rhn-cor-conference\/\"]}]},{\"@type\":\"ImageObject\",\"inLanguage\":\"fr-FR\",\"@id\":\"https:\/\/euprevent.eu\/fr\/who-rhn-cor-conference\/#primaryimage\",\"url\":\"https:\/\/euprevent.eu\/wp-content\/uploads\/2018\/12\/who-cor.jpg\",\"contentUrl\":\"https:\/\/euprevent.eu\/wp-content\/uploads\/2018\/12\/who-cor.jpg\",\"width\":900,\"height\":601},{\"@type\":\"BreadcrumbList\",\"@id\":\"https:\/\/euprevent.eu\/fr\/who-rhn-cor-conference\/#breadcrumb\",\"itemListElement\":[{\"@type\":\"ListItem\",\"position\":1,\"name\":\"Home\",\"item\":\"https:\/\/euprevent.eu\/fr\/\"},{\"@type\":\"ListItem\",\"position\":2,\"name\":\"La conf\u00e9rence\u00a0 RHN-CoR de l&rsquo;OMS\"}]},{\"@type\":\"WebSite\",\"@id\":\"https:\/\/euprevent.eu\/fr\/#website\",\"url\":\"https:\/\/euprevent.eu\/fr\/\",\"name\":\"euPrevent\",\"description\":\"euPrevent is a Euroregional network that focuses on promoting health. Within this network, sustainable partnerships seek to increase the quality of life of residents in the border region between the Netherlands, Belgium and Germany.\",\"potentialAction\":[{\"@type\":\"SearchAction\",\"target\":{\"@type\":\"EntryPoint\",\"urlTemplate\":\"https:\/\/euprevent.eu\/fr\/?s={search_term_string}\"},\"query-input\":{\"@type\":\"PropertyValueSpecification\",\"valueRequired\":true,\"valueName\":\"search_term_string\"}}],\"inLanguage\":\"fr-FR\"}]}<\/script>\n<!-- \/ Yoast SEO plugin. -->","yoast_head_json":{"title":"La conf\u00e9rence\u00a0 RHN-CoR de l'OMS - euPrevent","robots":{"index":"index","follow":"follow","max-snippet":"max-snippet:-1","max-image-preview":"max-image-preview:large","max-video-preview":"max-video-preview:-1"},"canonical":"https:\/\/euprevent.eu\/fr\/who-rhn-cor-conference\/","og_locale":"fr_FR","og_type":"article","og_title":"La conf\u00e9rence\u00a0 RHN-CoR de l'OMS - euPrevent","og_description":"[vc_row css_animation=\u00a0\u00bbnone\u00a0\u00bb css=\u00a0\u00bb.vc_custom_1557822776750{margin-right: 0px !important;margin-left: 0px !important;background-image: url(https:\/\/euprevent.eu\/wp-content\/uploads\/2019\/05\/header-new.jpg?id=8848) !important;background-position: center !important;background-repeat: no-repeat !important;background-size: cover !important;}\u00a0\u00bb el_class=\u00a0\u00bbevent-header\u00a0\u00bb][vc_column][vc_column_text] La conf\u00e9rence\u00a0 RHN-CoR de l&rsquo;OMS : \u00ab\u00a0Maintenir l&rsquo;\u00eatre humain au centre des politiques de sant\u00e9 et du d\u00e9veloppement durable\u00a0\u00bb F\u00e9vrier et juin 2019 [\/vc_column_text][\/vc_column][\/vc_row][vc_row css=\u00a0\u00bb.vc_custom_1544439585677{margin-top: 0px !important;margin-bottom: 0px !important;padding-top: 0px !important;padding-bottom: 0px !important;}\u00a0\u00bb][vc_column css=\u00a0\u00bb.vc_custom_1544439773644{padding-top: 10px !important;padding-bottom: 60px !important;}\u00a0\u00bb][vc_single_image image=\u00a0\u00bb9537&Prime; [&hellip;]","og_url":"https:\/\/euprevent.eu\/fr\/who-rhn-cor-conference\/","og_site_name":"euPrevent","article_modified_time":"2019-06-12T11:15:16+00:00","og_image":[{"width":900,"height":601,"url":"https:\/\/euprevent.eu\/wp-content\/uploads\/2018\/12\/who-cor.jpg","type":"image\/jpeg"}],"twitter_card":"summary_large_image","twitter_misc":{"Dur\u00e9e de lecture estim\u00e9e":"3 minutes"},"schema":{"@context":"https:\/\/schema.org","@graph":[{"@type":"WebPage","@id":"https:\/\/euprevent.eu\/fr\/who-rhn-cor-conference\/","url":"https:\/\/euprevent.eu\/fr\/who-rhn-cor-conference\/","name":"La conf\u00e9rence\u00a0 RHN-CoR de l'OMS - euPrevent","isPartOf":{"@id":"https:\/\/euprevent.eu\/fr\/#website"},"primaryImageOfPage":{"@id":"https:\/\/euprevent.eu\/fr\/who-rhn-cor-conference\/#primaryimage"},"image":{"@id":"https:\/\/euprevent.eu\/fr\/who-rhn-cor-conference\/#primaryimage"},"thumbnailUrl":"https:\/\/euprevent.eu\/wp-content\/uploads\/2018\/12\/who-cor.jpg","datePublished":"2018-12-11T11:20:34+00:00","dateModified":"2019-06-12T11:15:16+00:00","breadcrumb":{"@id":"https:\/\/euprevent.eu\/fr\/who-rhn-cor-conference\/#breadcrumb"},"inLanguage":"fr-FR","potentialAction":[{"@type":"ReadAction","target":["https:\/\/euprevent.eu\/fr\/who-rhn-cor-conference\/"]}]},{"@type":"ImageObject","inLanguage":"fr-FR","@id":"https:\/\/euprevent.eu\/fr\/who-rhn-cor-conference\/#primaryimage","url":"https:\/\/euprevent.eu\/wp-content\/uploads\/2018\/12\/who-cor.jpg","contentUrl":"https:\/\/euprevent.eu\/wp-content\/uploads\/2018\/12\/who-cor.jpg","width":900,"height":601},{"@type":"BreadcrumbList","@id":"https:\/\/euprevent.eu\/fr\/who-rhn-cor-conference\/#breadcrumb","itemListElement":[{"@type":"ListItem","position":1,"name":"Home","item":"https:\/\/euprevent.eu\/fr\/"},{"@type":"ListItem","position":2,"name":"La conf\u00e9rence\u00a0 RHN-CoR de l&rsquo;OMS"}]},{"@type":"WebSite","@id":"https:\/\/euprevent.eu\/fr\/#website","url":"https:\/\/euprevent.eu\/fr\/","name":"euPrevent","description":"euPrevent is a Euroregional network that focuses on promoting health. Within this network, sustainable partnerships seek to increase the quality of life of residents in the border region between the Netherlands, Belgium and Germany.","potentialAction":[{"@type":"SearchAction","target":{"@type":"EntryPoint","urlTemplate":"https:\/\/euprevent.eu\/fr\/?s={search_term_string}"},"query-input":{"@type":"PropertyValueSpecification","valueRequired":true,"valueName":"search_term_string"}}],"inLanguage":"fr-FR"}]}},"_links":{"self":[{"href":"https:\/\/euprevent.eu\/fr\/wp-json\/wp\/v2\/pages\/6737","targetHints":{"allow":["GET"]}}],"collection":[{"href":"https:\/\/euprevent.eu\/fr\/wp-json\/wp\/v2\/pages"}],"about":[{"href":"https:\/\/euprevent.eu\/fr\/wp-json\/wp\/v2\/types\/page"}],"author":[{"embeddable":true,"href":"https:\/\/euprevent.eu\/fr\/wp-json\/wp\/v2\/users\/1"}],"replies":[{"embeddable":true,"href":"https:\/\/euprevent.eu\/fr\/wp-json\/wp\/v2\/comments?post=6737"}],"version-history":[{"count":20,"href":"https:\/\/euprevent.eu\/fr\/wp-json\/wp\/v2\/pages\/6737\/revisions"}],"predecessor-version":[{"id":9560,"href":"https:\/\/euprevent.eu\/fr\/wp-json\/wp\/v2\/pages\/6737\/revisions\/9560"}],"wp:featuredmedia":[{"embeddable":true,"href":"https:\/\/euprevent.eu\/fr\/wp-json\/wp\/v2\/media\/6687"}],"wp:attachment":[{"href":"https:\/\/euprevent.eu\/fr\/wp-json\/wp\/v2\/media?parent=6737"}],"curies":[{"name":"wp","href":"https:\/\/api.w.org\/{rel}","templated":true}]}}