


{"id":4592,"date":"2018-07-16T14:31:14","date_gmt":"2018-07-16T14:31:14","guid":{"rendered":"https:\/\/euprevent.eu\/senior-friendly-communities\/sfc-nieuwsbrief\/"},"modified":"2020-01-27T13:54:49","modified_gmt":"2020-01-27T13:54:49","slug":"sfc-nieuwsbrief","status":"publish","type":"page","link":"https:\/\/euprevent.eu\/fr\/sfc\/sfc-nieuwsbrief\/","title":{"rendered":"Newsletter du projet euPrevent SFC"},"content":{"rendered":"<section class=\"wpb-content-wrapper\"><p>[vc_row][vc_column][vc_column_text]<\/p>\n<h1>Newsletter du projet \u00ab Communes Amies des Seniors \u00bb (euPrevent SFC)<\/h1>\n<p>Cette newsletter s\u2019adresse aux communes participantes et aux personnes impliqu\u00e9es dans le projet \u00ab Communes Amies des Seniors \u00bb.<\/p>\n<h3>2019<\/h3>\n<ul>\n<li><a href=\"https:\/\/mailchi.mp\/euprevent\/derniere-newsletter-euprevent-sfc-decembre-2019\" target=\"_blank\" rel=\"noopener noreferrer\">D\u00e9cembre 2019<\/a><\/li>\n<li><a href=\"https:\/\/mailchi.mp\/euprevent\/sfc-news-march-2019-fr\" target=\"_blank\" rel=\"noopener noreferrer\">Mars 2019<\/a><\/li>\n<\/ul>\n<h3>2018<\/h3>\n<ul>\n<li><a href=\"http:\/\/mailchi.mp\/euprevent\/sfc-news-december-fr\">D\u00e9cembre 2018<\/a><\/li>\n<li><a href=\"https:\/\/mailchi.mp\/euprevent\/nieuwsbrief-euprevent-sfc-juli-fr\">Juillet 2018<\/a><\/li>\n<li><a href=\"https:\/\/mailchi.mp\/euprevent\/nieuwsbrief-euprevent-sfc-8-juni-2858881?e=7990d38085\">Mai 2018<\/a><\/li>\n<\/ul>\n<h3>2017<\/h3>\n<ul>\n<li><a href=\"https:\/\/us2.campaign-archive.com\/?e=&amp;u=2f72c12119df1151688f1f7ea&amp;id=0dcabf93d4\">D\u00e9cembre 2017<\/a><\/li>\n<li><a href=\"http:\/\/us2.campaign-archive2.com\/?u=2f72c12119df1151688f1f7ea&amp;id=993fbda2b5\">Juin 2017<\/a><\/li>\n<\/ul>\n<p>[\/vc_column_text][\/vc_column][\/vc_row][vc_row][vc_column][vc_column_text]<\/p>\n<h2>Restez inform\u00e9 sur euPrevent<\/h2>\n<p>La newsletter euPrevent vous communique les derni\u00e8res informations importantes concernant le projet SFC et d\u2019autres projets transfrontaliers soutenus par euPrevent. Vous \u00eates int\u00e9ress\u00e9 par l\u2019actualit\u00e9 d\u2019euPrevent ? Inscrivez-vous maintenant \u00e0 la newsletter g\u00e9n\u00e9rale via le bouton d\u2019inscription ci-dessous.[\/vc_column_text][vc_btn title=\u00a0\u00bbS\u2019abonner \u00e0 la newsletter\u00a0\u00bb color=\u00a0\u00bbinfo\u00a0\u00bb link=\u00a0\u00bburl:http%3A%2F%2Feuprevent.us2.list-manage1.com%2Fsubscribe%3Fu%3D2f72c12119df1151688f1f7ea%26id%3D3bfaf3a1ff||target:%20_blank|\u00a0\u00bb][\/vc_column][\/vc_row][vc_row][vc_column][vc_single_image image=\u00a0\u00bb7728&Prime; img_size=\u00a0\u00bbfull\u00a0\u00bb][\/vc_column][\/vc_row]<\/p>\n<\/section>","protected":false},"excerpt":{"rendered":"<p>[vc_row][vc_column][vc_column_text] Newsletter du projet \u00ab Communes Amies des Seniors \u00bb (euPrevent SFC) Cette newsletter s\u2019adresse aux communes participantes et aux personnes impliqu\u00e9es dans le projet \u00ab Communes Amies des Seniors \u00bb. 2019 D\u00e9cembre 2019 Mars 2019 2018 D\u00e9cembre 2018 Juillet 2018 Mai 2018 2017 D\u00e9cembre 2017 Juin 2017 [\/vc_column_text][\/vc_column][\/vc_row][vc_row][vc_column][vc_column_text] Restez inform\u00e9 sur euPrevent La newsletter [&hellip;]<\/p>\n","protected":false},"author":1,"featured_media":0,"parent":820,"menu_order":0,"comment_status":"closed","ping_status":"closed","template":"","meta":{"_acf_changed":false,"footnotes":""},"class_list":["post-4592","page","type-page","status-publish","hentry","programmes-mental-health"],"acf":[],"yoast_head":"<!-- This site is optimized with the Yoast SEO plugin v26.8 - https:\/\/yoast.com\/product\/yoast-seo-wordpress\/ -->\n<title>Newsletter du projet euPrevent SFC - euPrevent<\/title>\n<meta name=\"robots\" content=\"index, follow, max-snippet:-1, max-image-preview:large, max-video-preview:-1\" \/>\n<link rel=\"canonical\" href=\"https:\/\/euprevent.eu\/fr\/sfc\/sfc-nieuwsbrief\/\" \/>\n<meta property=\"og:locale\" content=\"fr_FR\" \/>\n<meta property=\"og:type\" content=\"article\" \/>\n<meta property=\"og:title\" content=\"Newsletter du projet euPrevent SFC - euPrevent\" \/>\n<meta property=\"og:description\" content=\"[vc_row][vc_column][vc_column_text] Newsletter du projet \u00ab Communes Amies des Seniors \u00bb (euPrevent SFC) Cette newsletter s\u2019adresse aux communes participantes et aux personnes impliqu\u00e9es dans le projet \u00ab Communes Amies des Seniors \u00bb. 2019 D\u00e9cembre 2019 Mars 2019 2018 D\u00e9cembre 2018 Juillet 2018 Mai 2018 2017 D\u00e9cembre 2017 Juin 2017 [\/vc_column_text][\/vc_column][\/vc_row][vc_row][vc_column][vc_column_text] Restez inform\u00e9 sur euPrevent La newsletter [&hellip;]\" \/>\n<meta property=\"og:url\" content=\"https:\/\/euprevent.eu\/fr\/sfc\/sfc-nieuwsbrief\/\" \/>\n<meta property=\"og:site_name\" content=\"euPrevent\" \/>\n<meta property=\"article:modified_time\" content=\"2020-01-27T13:54:49+00:00\" \/>\n<meta name=\"twitter:card\" content=\"summary_large_image\" \/>\n<meta name=\"twitter:label1\" content=\"Dur\u00e9e de lecture estim\u00e9e\" \/>\n\t<meta name=\"twitter:data1\" content=\"1 minute\" \/>\n<script type=\"application\/ld+json\" class=\"yoast-schema-graph\">{\"@context\":\"https:\/\/schema.org\",\"@graph\":[{\"@type\":\"WebPage\",\"@id\":\"https:\/\/euprevent.eu\/fr\/sfc\/sfc-nieuwsbrief\/\",\"url\":\"https:\/\/euprevent.eu\/fr\/sfc\/sfc-nieuwsbrief\/\",\"name\":\"Newsletter du projet euPrevent SFC - euPrevent\",\"isPartOf\":{\"@id\":\"https:\/\/euprevent.eu\/fr\/#website\"},\"datePublished\":\"2018-07-16T14:31:14+00:00\",\"dateModified\":\"2020-01-27T13:54:49+00:00\",\"breadcrumb\":{\"@id\":\"https:\/\/euprevent.eu\/fr\/sfc\/sfc-nieuwsbrief\/#breadcrumb\"},\"inLanguage\":\"fr-FR\",\"potentialAction\":[{\"@type\":\"ReadAction\",\"target\":[\"https:\/\/euprevent.eu\/fr\/sfc\/sfc-nieuwsbrief\/\"]}]},{\"@type\":\"BreadcrumbList\",\"@id\":\"https:\/\/euprevent.eu\/fr\/sfc\/sfc-nieuwsbrief\/#breadcrumb\",\"itemListElement\":[{\"@type\":\"ListItem\",\"position\":1,\"name\":\"Home\",\"item\":\"https:\/\/euprevent.eu\/fr\/\"},{\"@type\":\"ListItem\",\"position\":2,\"name\":\"Projet Senior Friendly Communities\",\"item\":\"https:\/\/euprevent.eu\/fr\/sfc\/\"},{\"@type\":\"ListItem\",\"position\":3,\"name\":\"Newsletter du projet euPrevent SFC\"}]},{\"@type\":\"WebSite\",\"@id\":\"https:\/\/euprevent.eu\/fr\/#website\",\"url\":\"https:\/\/euprevent.eu\/fr\/\",\"name\":\"euPrevent\",\"description\":\"euPrevent is a Euroregional network that focuses on promoting health. Within this network, sustainable partnerships seek to increase the quality of life of residents in the border region between the Netherlands, Belgium and Germany.\",\"potentialAction\":[{\"@type\":\"SearchAction\",\"target\":{\"@type\":\"EntryPoint\",\"urlTemplate\":\"https:\/\/euprevent.eu\/fr\/?s={search_term_string}\"},\"query-input\":{\"@type\":\"PropertyValueSpecification\",\"valueRequired\":true,\"valueName\":\"search_term_string\"}}],\"inLanguage\":\"fr-FR\"}]}<\/script>\n<!-- \/ Yoast SEO plugin. -->","yoast_head_json":{"title":"Newsletter du projet euPrevent SFC - euPrevent","robots":{"index":"index","follow":"follow","max-snippet":"max-snippet:-1","max-image-preview":"max-image-preview:large","max-video-preview":"max-video-preview:-1"},"canonical":"https:\/\/euprevent.eu\/fr\/sfc\/sfc-nieuwsbrief\/","og_locale":"fr_FR","og_type":"article","og_title":"Newsletter du projet euPrevent SFC - euPrevent","og_description":"[vc_row][vc_column][vc_column_text] Newsletter du projet \u00ab Communes Amies des Seniors \u00bb (euPrevent SFC) Cette newsletter s\u2019adresse aux communes participantes et aux personnes impliqu\u00e9es dans le projet \u00ab Communes Amies des Seniors \u00bb. 2019 D\u00e9cembre 2019 Mars 2019 2018 D\u00e9cembre 2018 Juillet 2018 Mai 2018 2017 D\u00e9cembre 2017 Juin 2017 [\/vc_column_text][\/vc_column][\/vc_row][vc_row][vc_column][vc_column_text] Restez inform\u00e9 sur euPrevent La newsletter [&hellip;]","og_url":"https:\/\/euprevent.eu\/fr\/sfc\/sfc-nieuwsbrief\/","og_site_name":"euPrevent","article_modified_time":"2020-01-27T13:54:49+00:00","twitter_card":"summary_large_image","twitter_misc":{"Dur\u00e9e de lecture estim\u00e9e":"1 minute"},"schema":{"@context":"https:\/\/schema.org","@graph":[{"@type":"WebPage","@id":"https:\/\/euprevent.eu\/fr\/sfc\/sfc-nieuwsbrief\/","url":"https:\/\/euprevent.eu\/fr\/sfc\/sfc-nieuwsbrief\/","name":"Newsletter du projet euPrevent SFC - euPrevent","isPartOf":{"@id":"https:\/\/euprevent.eu\/fr\/#website"},"datePublished":"2018-07-16T14:31:14+00:00","dateModified":"2020-01-27T13:54:49+00:00","breadcrumb":{"@id":"https:\/\/euprevent.eu\/fr\/sfc\/sfc-nieuwsbrief\/#breadcrumb"},"inLanguage":"fr-FR","potentialAction":[{"@type":"ReadAction","target":["https:\/\/euprevent.eu\/fr\/sfc\/sfc-nieuwsbrief\/"]}]},{"@type":"BreadcrumbList","@id":"https:\/\/euprevent.eu\/fr\/sfc\/sfc-nieuwsbrief\/#breadcrumb","itemListElement":[{"@type":"ListItem","position":1,"name":"Home","item":"https:\/\/euprevent.eu\/fr\/"},{"@type":"ListItem","position":2,"name":"Projet Senior Friendly Communities","item":"https:\/\/euprevent.eu\/fr\/sfc\/"},{"@type":"ListItem","position":3,"name":"Newsletter du projet euPrevent SFC"}]},{"@type":"WebSite","@id":"https:\/\/euprevent.eu\/fr\/#website","url":"https:\/\/euprevent.eu\/fr\/","name":"euPrevent","description":"euPrevent is a Euroregional network that focuses on promoting health. Within this network, sustainable partnerships seek to increase the quality of life of residents in the border region between the Netherlands, Belgium and Germany.","potentialAction":[{"@type":"SearchAction","target":{"@type":"EntryPoint","urlTemplate":"https:\/\/euprevent.eu\/fr\/?s={search_term_string}"},"query-input":{"@type":"PropertyValueSpecification","valueRequired":true,"valueName":"search_term_string"}}],"inLanguage":"fr-FR"}]}},"_links":{"self":[{"href":"https:\/\/euprevent.eu\/fr\/wp-json\/wp\/v2\/pages\/4592","targetHints":{"allow":["GET"]}}],"collection":[{"href":"https:\/\/euprevent.eu\/fr\/wp-json\/wp\/v2\/pages"}],"about":[{"href":"https:\/\/euprevent.eu\/fr\/wp-json\/wp\/v2\/types\/page"}],"author":[{"embeddable":true,"href":"https:\/\/euprevent.eu\/fr\/wp-json\/wp\/v2\/users\/1"}],"replies":[{"embeddable":true,"href":"https:\/\/euprevent.eu\/fr\/wp-json\/wp\/v2\/comments?post=4592"}],"version-history":[{"count":8,"href":"https:\/\/euprevent.eu\/fr\/wp-json\/wp\/v2\/pages\/4592\/revisions"}],"predecessor-version":[{"id":12600,"href":"https:\/\/euprevent.eu\/fr\/wp-json\/wp\/v2\/pages\/4592\/revisions\/12600"}],"up":[{"embeddable":true,"href":"https:\/\/euprevent.eu\/fr\/wp-json\/wp\/v2\/pages\/820"}],"wp:attachment":[{"href":"https:\/\/euprevent.eu\/fr\/wp-json\/wp\/v2\/media?parent=4592"}],"curies":[{"name":"wp","href":"https:\/\/api.w.org\/{rel}","templated":true}]}}