


{"id":4136,"date":"2018-04-16T09:21:57","date_gmt":"2018-04-16T09:21:57","guid":{"rendered":"https:\/\/euprevent.eu\/?page_id=4136"},"modified":"2020-01-27T13:58:10","modified_gmt":"2020-01-27T13:58:10","slug":"downloads-sfc","status":"publish","type":"page","link":"https:\/\/euprevent.eu\/fr\/sfc\/downloads-sfc\/","title":{"rendered":"Publications du projet euPrevent SFC"},"content":{"rendered":"<section class=\"wpb-content-wrapper\"><p>[vc_row][vc_column][vc_column_text]<\/p>\n<h1>Publications du project euPrevent SFC<\/h1>\n<ul>\n<li><a href=\"https:\/\/euprevent.eu\/wp-content\/uploads\/2019\/03\/euPrevent-SFC-Information-Flyer-FR.pdf\" target=\"_blank\" rel=\"noopener noreferrer\">euPrevent SFC Brochure d&rsquo;Information<\/a><\/li>\n<li><a href=\"https:\/\/euprevent.eu\/wp-content\/uploads\/2018\/02\/WEB-Brochure-Activiteitencongres-FR.pdf\" target=\"_blank\" rel=\"noopener noreferrer\">Brochure d\u2019Information sur les Activit\u00e9s<\/a><\/li>\n<li><a href=\"https:\/\/euprevent.eu\/wp-content\/uploads\/2018\/04\/FINAL-EMR-Report-FR-2018.pdf\" target=\"_blank\" rel=\"noopener noreferrer\">EMR rapport d\u2019\u00e9valuation<\/a><\/li>\n<\/ul>\n<p>[\/vc_column_text][vc_column_text]<\/p>\n<h1>T\u00e9l\u00e9chargements pour les communes participantes<\/h1>\n<ul>\n<li><a href=\"https:\/\/euprevent.eu\/wp-content\/uploads\/2019\/01\/euPrevent-SFC-Activity-posters.zip\" target=\"_blank\" rel=\"noopener noreferrer\">Mod\u00e8les d&rsquo;affiches pour les activit\u00e9s SFC (fichier word | 15 affiches | 53MB)\u00a0<\/a><\/li>\n<li><a href=\"https:\/\/euprevent.eu\/wp-content\/uploads\/2019\/01\/2019-01-Invitation-or-letter-euPrevent-SFC.docx\">Mod\u00e8le d&rsquo;invitation ou lettre \u00e0 l&rsquo;ent\u00eate du projet SFC<\/a><\/li>\n<li><a href=\"https:\/\/euprevent.eu\/wp-content\/uploads\/2018\/07\/Affiche-g\u00e9n\u00e9rale-du-projet-SFC.zip\">Affiche g\u00e9n\u00e9rale du projet SFC<\/a><\/li>\n<\/ul>\n<p>[\/vc_column_text][\/vc_column][\/vc_row][vc_row][vc_column][vc_single_image image=\u00a0\u00bb7728&Prime; img_size=\u00a0\u00bbfull\u00a0\u00bb][\/vc_column][\/vc_row]<\/p>\n<\/section>","protected":false},"excerpt":{"rendered":"<p>[vc_row][vc_column][vc_column_text] Publications du project euPrevent SFC euPrevent SFC Brochure d&rsquo;Information Brochure d\u2019Information sur les Activit\u00e9s EMR rapport d\u2019\u00e9valuation [\/vc_column_text][vc_column_text] T\u00e9l\u00e9chargements pour les communes participantes Mod\u00e8les d&rsquo;affiches pour les activit\u00e9s SFC (fichier word | 15 affiches | 53MB)\u00a0 Mod\u00e8le d&rsquo;invitation ou lettre \u00e0 l&rsquo;ent\u00eate du projet SFC Affiche g\u00e9n\u00e9rale du projet SFC [\/vc_column_text][\/vc_column][\/vc_row][vc_row][vc_column][vc_single_image image=\u00a0\u00bb7728&Prime; img_size=\u00a0\u00bbfull\u00a0\u00bb][\/vc_column][\/vc_row]<\/p>\n","protected":false},"author":1,"featured_media":0,"parent":820,"menu_order":0,"comment_status":"closed","ping_status":"closed","template":"","meta":{"_acf_changed":false,"footnotes":""},"class_list":["post-4136","page","type-page","status-publish","hentry","programmes-mental-health"],"acf":[],"yoast_head":"<!-- This site is optimized with the Yoast SEO plugin v27.5 - https:\/\/yoast.com\/product\/yoast-seo-wordpress\/ -->\n<title>Publications du projet euPrevent SFC - euPrevent<\/title>\n<meta name=\"robots\" content=\"index, follow, max-snippet:-1, max-image-preview:large, max-video-preview:-1\" \/>\n<link rel=\"canonical\" href=\"https:\/\/euprevent.eu\/fr\/sfc\/downloads-sfc\/\" \/>\n<meta property=\"og:locale\" content=\"fr_FR\" \/>\n<meta property=\"og:type\" content=\"article\" \/>\n<meta property=\"og:title\" content=\"Publications du projet euPrevent SFC - euPrevent\" \/>\n<meta property=\"og:description\" content=\"[vc_row][vc_column][vc_column_text] Publications du project euPrevent SFC euPrevent SFC Brochure d&rsquo;Information Brochure d\u2019Information sur les Activit\u00e9s EMR rapport d\u2019\u00e9valuation [\/vc_column_text][vc_column_text] T\u00e9l\u00e9chargements pour les communes participantes Mod\u00e8les d&rsquo;affiches pour les activit\u00e9s SFC (fichier word | 15 affiches | 53MB)\u00a0 Mod\u00e8le d&rsquo;invitation ou lettre \u00e0 l&rsquo;ent\u00eate du projet SFC Affiche g\u00e9n\u00e9rale du projet SFC [\/vc_column_text][\/vc_column][\/vc_row][vc_row][vc_column][vc_single_image image=\u00a0\u00bb7728&Prime; img_size=\u00a0\u00bbfull\u00a0\u00bb][\/vc_column][\/vc_row]\" \/>\n<meta property=\"og:url\" content=\"https:\/\/euprevent.eu\/fr\/sfc\/downloads-sfc\/\" \/>\n<meta property=\"og:site_name\" content=\"euPrevent\" \/>\n<meta property=\"article:modified_time\" content=\"2020-01-27T13:58:10+00:00\" \/>\n<meta name=\"twitter:card\" content=\"summary_large_image\" \/>\n<script type=\"application\/ld+json\" class=\"yoast-schema-graph\">{\"@context\":\"https:\\\/\\\/schema.org\",\"@graph\":[{\"@type\":\"WebPage\",\"@id\":\"https:\\\/\\\/euprevent.eu\\\/fr\\\/sfc\\\/downloads-sfc\\\/\",\"url\":\"https:\\\/\\\/euprevent.eu\\\/fr\\\/sfc\\\/downloads-sfc\\\/\",\"name\":\"Publications du projet euPrevent SFC - euPrevent\",\"isPartOf\":{\"@id\":\"https:\\\/\\\/euprevent.eu\\\/fr\\\/#website\"},\"datePublished\":\"2018-04-16T09:21:57+00:00\",\"dateModified\":\"2020-01-27T13:58:10+00:00\",\"breadcrumb\":{\"@id\":\"https:\\\/\\\/euprevent.eu\\\/fr\\\/sfc\\\/downloads-sfc\\\/#breadcrumb\"},\"inLanguage\":\"fr-FR\",\"potentialAction\":[{\"@type\":\"ReadAction\",\"target\":[\"https:\\\/\\\/euprevent.eu\\\/fr\\\/sfc\\\/downloads-sfc\\\/\"]}]},{\"@type\":\"BreadcrumbList\",\"@id\":\"https:\\\/\\\/euprevent.eu\\\/fr\\\/sfc\\\/downloads-sfc\\\/#breadcrumb\",\"itemListElement\":[{\"@type\":\"ListItem\",\"position\":1,\"name\":\"Home\",\"item\":\"https:\\\/\\\/euprevent.eu\\\/fr\\\/\"},{\"@type\":\"ListItem\",\"position\":2,\"name\":\"Projet Senior Friendly Communities\",\"item\":\"https:\\\/\\\/euprevent.eu\\\/fr\\\/sfc\\\/\"},{\"@type\":\"ListItem\",\"position\":3,\"name\":\"Publications du projet euPrevent SFC\"}]},{\"@type\":\"WebSite\",\"@id\":\"https:\\\/\\\/euprevent.eu\\\/fr\\\/#website\",\"url\":\"https:\\\/\\\/euprevent.eu\\\/fr\\\/\",\"name\":\"euPrevent\",\"description\":\"euPrevent is a Euroregional network that focuses on promoting health. Within this network, sustainable partnerships seek to increase the quality of life of residents in the border region between the Netherlands, Belgium and Germany.\",\"potentialAction\":[{\"@type\":\"SearchAction\",\"target\":{\"@type\":\"EntryPoint\",\"urlTemplate\":\"https:\\\/\\\/euprevent.eu\\\/fr\\\/?s={search_term_string}\"},\"query-input\":{\"@type\":\"PropertyValueSpecification\",\"valueRequired\":true,\"valueName\":\"search_term_string\"}}],\"inLanguage\":\"fr-FR\"}]}<\/script>\n<!-- \/ Yoast SEO plugin. -->","yoast_head_json":{"title":"Publications du projet euPrevent SFC - euPrevent","robots":{"index":"index","follow":"follow","max-snippet":"max-snippet:-1","max-image-preview":"max-image-preview:large","max-video-preview":"max-video-preview:-1"},"canonical":"https:\/\/euprevent.eu\/fr\/sfc\/downloads-sfc\/","og_locale":"fr_FR","og_type":"article","og_title":"Publications du projet euPrevent SFC - euPrevent","og_description":"[vc_row][vc_column][vc_column_text] Publications du project euPrevent SFC euPrevent SFC Brochure d&rsquo;Information Brochure d\u2019Information sur les Activit\u00e9s EMR rapport d\u2019\u00e9valuation [\/vc_column_text][vc_column_text] T\u00e9l\u00e9chargements pour les communes participantes Mod\u00e8les d&rsquo;affiches pour les activit\u00e9s SFC (fichier word | 15 affiches | 53MB)\u00a0 Mod\u00e8le d&rsquo;invitation ou lettre \u00e0 l&rsquo;ent\u00eate du projet SFC Affiche g\u00e9n\u00e9rale du projet SFC [\/vc_column_text][\/vc_column][\/vc_row][vc_row][vc_column][vc_single_image image=\u00a0\u00bb7728&Prime; img_size=\u00a0\u00bbfull\u00a0\u00bb][\/vc_column][\/vc_row]","og_url":"https:\/\/euprevent.eu\/fr\/sfc\/downloads-sfc\/","og_site_name":"euPrevent","article_modified_time":"2020-01-27T13:58:10+00:00","twitter_card":"summary_large_image","schema":{"@context":"https:\/\/schema.org","@graph":[{"@type":"WebPage","@id":"https:\/\/euprevent.eu\/fr\/sfc\/downloads-sfc\/","url":"https:\/\/euprevent.eu\/fr\/sfc\/downloads-sfc\/","name":"Publications du projet euPrevent SFC - euPrevent","isPartOf":{"@id":"https:\/\/euprevent.eu\/fr\/#website"},"datePublished":"2018-04-16T09:21:57+00:00","dateModified":"2020-01-27T13:58:10+00:00","breadcrumb":{"@id":"https:\/\/euprevent.eu\/fr\/sfc\/downloads-sfc\/#breadcrumb"},"inLanguage":"fr-FR","potentialAction":[{"@type":"ReadAction","target":["https:\/\/euprevent.eu\/fr\/sfc\/downloads-sfc\/"]}]},{"@type":"BreadcrumbList","@id":"https:\/\/euprevent.eu\/fr\/sfc\/downloads-sfc\/#breadcrumb","itemListElement":[{"@type":"ListItem","position":1,"name":"Home","item":"https:\/\/euprevent.eu\/fr\/"},{"@type":"ListItem","position":2,"name":"Projet Senior Friendly Communities","item":"https:\/\/euprevent.eu\/fr\/sfc\/"},{"@type":"ListItem","position":3,"name":"Publications du projet euPrevent SFC"}]},{"@type":"WebSite","@id":"https:\/\/euprevent.eu\/fr\/#website","url":"https:\/\/euprevent.eu\/fr\/","name":"euPrevent","description":"euPrevent is a Euroregional network that focuses on promoting health. Within this network, sustainable partnerships seek to increase the quality of life of residents in the border region between the Netherlands, Belgium and Germany.","potentialAction":[{"@type":"SearchAction","target":{"@type":"EntryPoint","urlTemplate":"https:\/\/euprevent.eu\/fr\/?s={search_term_string}"},"query-input":{"@type":"PropertyValueSpecification","valueRequired":true,"valueName":"search_term_string"}}],"inLanguage":"fr-FR"}]}},"_links":{"self":[{"href":"https:\/\/euprevent.eu\/fr\/wp-json\/wp\/v2\/pages\/4136","targetHints":{"allow":["GET"]}}],"collection":[{"href":"https:\/\/euprevent.eu\/fr\/wp-json\/wp\/v2\/pages"}],"about":[{"href":"https:\/\/euprevent.eu\/fr\/wp-json\/wp\/v2\/types\/page"}],"author":[{"embeddable":true,"href":"https:\/\/euprevent.eu\/fr\/wp-json\/wp\/v2\/users\/1"}],"replies":[{"embeddable":true,"href":"https:\/\/euprevent.eu\/fr\/wp-json\/wp\/v2\/comments?post=4136"}],"version-history":[{"count":15,"href":"https:\/\/euprevent.eu\/fr\/wp-json\/wp\/v2\/pages\/4136\/revisions"}],"predecessor-version":[{"id":12604,"href":"https:\/\/euprevent.eu\/fr\/wp-json\/wp\/v2\/pages\/4136\/revisions\/12604"}],"up":[{"embeddable":true,"href":"https:\/\/euprevent.eu\/fr\/wp-json\/wp\/v2\/pages\/820"}],"wp:attachment":[{"href":"https:\/\/euprevent.eu\/fr\/wp-json\/wp\/v2\/media?parent=4136"}],"curies":[{"name":"wp","href":"https:\/\/api.w.org\/{rel}","templated":true}]}}