


{"id":2973,"date":"2017-12-11T13:59:19","date_gmt":"2017-12-11T13:59:19","guid":{"rendered":"https:\/\/euprevent.eu\/?page_id=2973"},"modified":"2017-12-14T06:58:02","modified_gmt":"2017-12-14T06:58:02","slug":"financement-mrsa","status":"publish","type":"page","link":"https:\/\/euprevent.eu\/fr\/financement-mrsa\/","title":{"rendered":"Financement MRSA"},"content":{"rendered":"<section class=\"wpb-content-wrapper\"><p>[vc_row][vc_column][vc_column_text]<\/p>\n<h1>Financement MRSA<\/h1>\n<p>Le projet &lsquo;MRSA&rsquo; a \u00e9t\u00e9 rendu possible gr\u00e2ce au soutien financier de:<\/p>\n<ul>\n<li>Interreg IV-A Euregio Maas-Rijn (Principal bailleur de fonds)<\/li>\n<li>Land NRW (DE)<\/li>\n<li>Provincie Limburg (BE)<\/li>\n<li>Wallonie (BE)<\/li>\n<li>Partenaires du projet<\/li>\n<\/ul>\n<p>[\/vc_column_text][\/vc_column][\/vc_row]<\/p>\n<\/section>","protected":false},"excerpt":{"rendered":"<p>[vc_row][vc_column][vc_column_text] Financement MRSA Le projet &lsquo;MRSA&rsquo; a \u00e9t\u00e9 rendu possible gr\u00e2ce au soutien financier de: Interreg IV-A Euregio Maas-Rijn (Principal bailleur de fonds) Land NRW (DE) Provincie Limburg (BE) Wallonie (BE) Partenaires du projet [\/vc_column_text][\/vc_column][\/vc_row]<\/p>\n","protected":false},"author":1,"featured_media":0,"parent":0,"menu_order":0,"comment_status":"closed","ping_status":"closed","template":"","meta":{"_acf_changed":false,"footnotes":""},"class_list":["post-2973","page","type-page","status-publish","hentry","programmes-infectious-diseases"],"acf":[],"yoast_head":"<!-- This site is optimized with the Yoast SEO plugin v27.5 - https:\/\/yoast.com\/product\/yoast-seo-wordpress\/ -->\n<title>Financement MRSA - euPrevent<\/title>\n<meta name=\"robots\" content=\"index, follow, max-snippet:-1, max-image-preview:large, max-video-preview:-1\" \/>\n<link rel=\"canonical\" href=\"https:\/\/euprevent.eu\/fr\/financement-mrsa\/\" \/>\n<meta property=\"og:locale\" content=\"fr_FR\" \/>\n<meta property=\"og:type\" content=\"article\" \/>\n<meta property=\"og:title\" content=\"Financement MRSA - euPrevent\" \/>\n<meta property=\"og:description\" content=\"[vc_row][vc_column][vc_column_text] Financement MRSA Le projet &lsquo;MRSA&rsquo; a \u00e9t\u00e9 rendu possible gr\u00e2ce au soutien financier de: Interreg IV-A Euregio Maas-Rijn (Principal bailleur de fonds) Land NRW (DE) Provincie Limburg (BE) Wallonie (BE) Partenaires du projet [\/vc_column_text][\/vc_column][\/vc_row]\" \/>\n<meta property=\"og:url\" content=\"https:\/\/euprevent.eu\/fr\/financement-mrsa\/\" \/>\n<meta property=\"og:site_name\" content=\"euPrevent\" \/>\n<meta property=\"article:modified_time\" content=\"2017-12-14T06:58:02+00:00\" \/>\n<meta name=\"twitter:card\" content=\"summary_large_image\" \/>\n<script type=\"application\/ld+json\" class=\"yoast-schema-graph\">{\"@context\":\"https:\\\/\\\/schema.org\",\"@graph\":[{\"@type\":\"WebPage\",\"@id\":\"https:\\\/\\\/euprevent.eu\\\/fr\\\/financement-mrsa\\\/\",\"url\":\"https:\\\/\\\/euprevent.eu\\\/fr\\\/financement-mrsa\\\/\",\"name\":\"Financement MRSA - euPrevent\",\"isPartOf\":{\"@id\":\"https:\\\/\\\/euprevent.eu\\\/fr\\\/#website\"},\"datePublished\":\"2017-12-11T13:59:19+00:00\",\"dateModified\":\"2017-12-14T06:58:02+00:00\",\"breadcrumb\":{\"@id\":\"https:\\\/\\\/euprevent.eu\\\/fr\\\/financement-mrsa\\\/#breadcrumb\"},\"inLanguage\":\"fr-FR\",\"potentialAction\":[{\"@type\":\"ReadAction\",\"target\":[\"https:\\\/\\\/euprevent.eu\\\/fr\\\/financement-mrsa\\\/\"]}]},{\"@type\":\"BreadcrumbList\",\"@id\":\"https:\\\/\\\/euprevent.eu\\\/fr\\\/financement-mrsa\\\/#breadcrumb\",\"itemListElement\":[{\"@type\":\"ListItem\",\"position\":1,\"name\":\"Home\",\"item\":\"https:\\\/\\\/euprevent.eu\\\/fr\\\/\"},{\"@type\":\"ListItem\",\"position\":2,\"name\":\"Financement MRSA\"}]},{\"@type\":\"WebSite\",\"@id\":\"https:\\\/\\\/euprevent.eu\\\/fr\\\/#website\",\"url\":\"https:\\\/\\\/euprevent.eu\\\/fr\\\/\",\"name\":\"euPrevent\",\"description\":\"euPrevent is a Euroregional network that focuses on promoting health. Within this network, sustainable partnerships seek to increase the quality of life of residents in the border region between the Netherlands, Belgium and Germany.\",\"potentialAction\":[{\"@type\":\"SearchAction\",\"target\":{\"@type\":\"EntryPoint\",\"urlTemplate\":\"https:\\\/\\\/euprevent.eu\\\/fr\\\/?s={search_term_string}\"},\"query-input\":{\"@type\":\"PropertyValueSpecification\",\"valueRequired\":true,\"valueName\":\"search_term_string\"}}],\"inLanguage\":\"fr-FR\"}]}<\/script>\n<!-- \/ Yoast SEO plugin. -->","yoast_head_json":{"title":"Financement MRSA - euPrevent","robots":{"index":"index","follow":"follow","max-snippet":"max-snippet:-1","max-image-preview":"max-image-preview:large","max-video-preview":"max-video-preview:-1"},"canonical":"https:\/\/euprevent.eu\/fr\/financement-mrsa\/","og_locale":"fr_FR","og_type":"article","og_title":"Financement MRSA - euPrevent","og_description":"[vc_row][vc_column][vc_column_text] Financement MRSA Le projet &lsquo;MRSA&rsquo; a \u00e9t\u00e9 rendu possible gr\u00e2ce au soutien financier de: Interreg IV-A Euregio Maas-Rijn (Principal bailleur de fonds) Land NRW (DE) Provincie Limburg (BE) Wallonie (BE) Partenaires du projet [\/vc_column_text][\/vc_column][\/vc_row]","og_url":"https:\/\/euprevent.eu\/fr\/financement-mrsa\/","og_site_name":"euPrevent","article_modified_time":"2017-12-14T06:58:02+00:00","twitter_card":"summary_large_image","schema":{"@context":"https:\/\/schema.org","@graph":[{"@type":"WebPage","@id":"https:\/\/euprevent.eu\/fr\/financement-mrsa\/","url":"https:\/\/euprevent.eu\/fr\/financement-mrsa\/","name":"Financement MRSA - euPrevent","isPartOf":{"@id":"https:\/\/euprevent.eu\/fr\/#website"},"datePublished":"2017-12-11T13:59:19+00:00","dateModified":"2017-12-14T06:58:02+00:00","breadcrumb":{"@id":"https:\/\/euprevent.eu\/fr\/financement-mrsa\/#breadcrumb"},"inLanguage":"fr-FR","potentialAction":[{"@type":"ReadAction","target":["https:\/\/euprevent.eu\/fr\/financement-mrsa\/"]}]},{"@type":"BreadcrumbList","@id":"https:\/\/euprevent.eu\/fr\/financement-mrsa\/#breadcrumb","itemListElement":[{"@type":"ListItem","position":1,"name":"Home","item":"https:\/\/euprevent.eu\/fr\/"},{"@type":"ListItem","position":2,"name":"Financement MRSA"}]},{"@type":"WebSite","@id":"https:\/\/euprevent.eu\/fr\/#website","url":"https:\/\/euprevent.eu\/fr\/","name":"euPrevent","description":"euPrevent is a Euroregional network that focuses on promoting health. Within this network, sustainable partnerships seek to increase the quality of life of residents in the border region between the Netherlands, Belgium and Germany.","potentialAction":[{"@type":"SearchAction","target":{"@type":"EntryPoint","urlTemplate":"https:\/\/euprevent.eu\/fr\/?s={search_term_string}"},"query-input":{"@type":"PropertyValueSpecification","valueRequired":true,"valueName":"search_term_string"}}],"inLanguage":"fr-FR"}]}},"_links":{"self":[{"href":"https:\/\/euprevent.eu\/fr\/wp-json\/wp\/v2\/pages\/2973","targetHints":{"allow":["GET"]}}],"collection":[{"href":"https:\/\/euprevent.eu\/fr\/wp-json\/wp\/v2\/pages"}],"about":[{"href":"https:\/\/euprevent.eu\/fr\/wp-json\/wp\/v2\/types\/page"}],"author":[{"embeddable":true,"href":"https:\/\/euprevent.eu\/fr\/wp-json\/wp\/v2\/users\/1"}],"replies":[{"embeddable":true,"href":"https:\/\/euprevent.eu\/fr\/wp-json\/wp\/v2\/comments?post=2973"}],"version-history":[{"count":2,"href":"https:\/\/euprevent.eu\/fr\/wp-json\/wp\/v2\/pages\/2973\/revisions"}],"predecessor-version":[{"id":3189,"href":"https:\/\/euprevent.eu\/fr\/wp-json\/wp\/v2\/pages\/2973\/revisions\/3189"}],"wp:attachment":[{"href":"https:\/\/euprevent.eu\/fr\/wp-json\/wp\/v2\/media?parent=2973"}],"curies":[{"name":"wp","href":"https:\/\/api.w.org\/{rel}","templated":true}]}}