


{"id":2965,"date":"2017-12-11T13:53:16","date_gmt":"2017-12-11T13:53:16","guid":{"rendered":"https:\/\/euprevent.eu\/?page_id=2965"},"modified":"2018-11-29T05:05:43","modified_gmt":"2018-11-29T05:05:43","slug":"financement-hepcom-eu","status":"publish","type":"page","link":"https:\/\/euprevent.eu\/fr\/financement-hepcom-eu\/","title":{"rendered":"Financement HEPCOM EU"},"content":{"rendered":"<section class=\"wpb-content-wrapper\"><p>[vc_row][vc_column][vc_column_text]<\/p>\n<h1>Financement HEPCOM EU<\/h1>\n<p>Le projet &lsquo;HEPCOM EU&rsquo; a \u00e9t\u00e9 rendu possible gr\u00e2ce au soutien financier de:<\/p>\n<ul>\n<li>the EU\u2019s Health Programme (2008-2013),<\/li>\n<li>Partenaires du projet.<\/li>\n<\/ul>\n<p>The views expressed are purely the authors&rsquo; own and do not reflect the views of the European Commission.[\/vc_column_text][\/vc_column][\/vc_row]<\/p>\n<\/section>","protected":false},"excerpt":{"rendered":"<p>[vc_row][vc_column][vc_column_text] Financement HEPCOM EU Le projet &lsquo;HEPCOM EU&rsquo; a \u00e9t\u00e9 rendu possible gr\u00e2ce au soutien financier de: the EU\u2019s Health Programme (2008-2013), Partenaires du projet. The views expressed are purely the authors&rsquo; own and do not reflect the views of the European Commission.[\/vc_column_text][\/vc_column][\/vc_row]<\/p>\n","protected":false},"author":1,"featured_media":0,"parent":0,"menu_order":0,"comment_status":"closed","ping_status":"closed","template":"","meta":{"_acf_changed":false,"footnotes":""},"class_list":["post-2965","page","type-page","status-publish","hentry","programmes-overweight"],"acf":[],"yoast_head":"<!-- This site is optimized with the Yoast SEO plugin v26.8 - https:\/\/yoast.com\/product\/yoast-seo-wordpress\/ -->\n<title>Financement HEPCOM EU - euPrevent<\/title>\n<meta name=\"robots\" content=\"index, follow, max-snippet:-1, max-image-preview:large, max-video-preview:-1\" \/>\n<link rel=\"canonical\" href=\"https:\/\/euprevent.eu\/fr\/financement-hepcom-eu\/\" \/>\n<meta property=\"og:locale\" content=\"fr_FR\" \/>\n<meta property=\"og:type\" content=\"article\" \/>\n<meta property=\"og:title\" content=\"Financement HEPCOM EU - euPrevent\" \/>\n<meta property=\"og:description\" content=\"[vc_row][vc_column][vc_column_text] Financement HEPCOM EU Le projet &lsquo;HEPCOM EU&rsquo; a \u00e9t\u00e9 rendu possible gr\u00e2ce au soutien financier de: the EU\u2019s Health Programme (2008-2013), Partenaires du projet. The views expressed are purely the authors&rsquo; own and do not reflect the views of the European Commission.[\/vc_column_text][\/vc_column][\/vc_row]\" \/>\n<meta property=\"og:url\" content=\"https:\/\/euprevent.eu\/fr\/financement-hepcom-eu\/\" \/>\n<meta property=\"og:site_name\" content=\"euPrevent\" \/>\n<meta property=\"article:modified_time\" content=\"2018-11-29T05:05:43+00:00\" \/>\n<meta name=\"twitter:card\" content=\"summary_large_image\" \/>\n<script type=\"application\/ld+json\" class=\"yoast-schema-graph\">{\"@context\":\"https:\/\/schema.org\",\"@graph\":[{\"@type\":\"WebPage\",\"@id\":\"https:\/\/euprevent.eu\/fr\/financement-hepcom-eu\/\",\"url\":\"https:\/\/euprevent.eu\/fr\/financement-hepcom-eu\/\",\"name\":\"Financement HEPCOM EU - euPrevent\",\"isPartOf\":{\"@id\":\"https:\/\/euprevent.eu\/fr\/#website\"},\"datePublished\":\"2017-12-11T13:53:16+00:00\",\"dateModified\":\"2018-11-29T05:05:43+00:00\",\"breadcrumb\":{\"@id\":\"https:\/\/euprevent.eu\/fr\/financement-hepcom-eu\/#breadcrumb\"},\"inLanguage\":\"fr-FR\",\"potentialAction\":[{\"@type\":\"ReadAction\",\"target\":[\"https:\/\/euprevent.eu\/fr\/financement-hepcom-eu\/\"]}]},{\"@type\":\"BreadcrumbList\",\"@id\":\"https:\/\/euprevent.eu\/fr\/financement-hepcom-eu\/#breadcrumb\",\"itemListElement\":[{\"@type\":\"ListItem\",\"position\":1,\"name\":\"Home\",\"item\":\"https:\/\/euprevent.eu\/fr\/\"},{\"@type\":\"ListItem\",\"position\":2,\"name\":\"Financement HEPCOM EU\"}]},{\"@type\":\"WebSite\",\"@id\":\"https:\/\/euprevent.eu\/fr\/#website\",\"url\":\"https:\/\/euprevent.eu\/fr\/\",\"name\":\"euPrevent\",\"description\":\"euPrevent is a Euroregional network that focuses on promoting health. Within this network, sustainable partnerships seek to increase the quality of life of residents in the border region between the Netherlands, Belgium and Germany.\",\"potentialAction\":[{\"@type\":\"SearchAction\",\"target\":{\"@type\":\"EntryPoint\",\"urlTemplate\":\"https:\/\/euprevent.eu\/fr\/?s={search_term_string}\"},\"query-input\":{\"@type\":\"PropertyValueSpecification\",\"valueRequired\":true,\"valueName\":\"search_term_string\"}}],\"inLanguage\":\"fr-FR\"}]}<\/script>\n<!-- \/ Yoast SEO plugin. -->","yoast_head_json":{"title":"Financement HEPCOM EU - euPrevent","robots":{"index":"index","follow":"follow","max-snippet":"max-snippet:-1","max-image-preview":"max-image-preview:large","max-video-preview":"max-video-preview:-1"},"canonical":"https:\/\/euprevent.eu\/fr\/financement-hepcom-eu\/","og_locale":"fr_FR","og_type":"article","og_title":"Financement HEPCOM EU - euPrevent","og_description":"[vc_row][vc_column][vc_column_text] Financement HEPCOM EU Le projet &lsquo;HEPCOM EU&rsquo; a \u00e9t\u00e9 rendu possible gr\u00e2ce au soutien financier de: the EU\u2019s Health Programme (2008-2013), Partenaires du projet. The views expressed are purely the authors&rsquo; own and do not reflect the views of the European Commission.[\/vc_column_text][\/vc_column][\/vc_row]","og_url":"https:\/\/euprevent.eu\/fr\/financement-hepcom-eu\/","og_site_name":"euPrevent","article_modified_time":"2018-11-29T05:05:43+00:00","twitter_card":"summary_large_image","schema":{"@context":"https:\/\/schema.org","@graph":[{"@type":"WebPage","@id":"https:\/\/euprevent.eu\/fr\/financement-hepcom-eu\/","url":"https:\/\/euprevent.eu\/fr\/financement-hepcom-eu\/","name":"Financement HEPCOM EU - euPrevent","isPartOf":{"@id":"https:\/\/euprevent.eu\/fr\/#website"},"datePublished":"2017-12-11T13:53:16+00:00","dateModified":"2018-11-29T05:05:43+00:00","breadcrumb":{"@id":"https:\/\/euprevent.eu\/fr\/financement-hepcom-eu\/#breadcrumb"},"inLanguage":"fr-FR","potentialAction":[{"@type":"ReadAction","target":["https:\/\/euprevent.eu\/fr\/financement-hepcom-eu\/"]}]},{"@type":"BreadcrumbList","@id":"https:\/\/euprevent.eu\/fr\/financement-hepcom-eu\/#breadcrumb","itemListElement":[{"@type":"ListItem","position":1,"name":"Home","item":"https:\/\/euprevent.eu\/fr\/"},{"@type":"ListItem","position":2,"name":"Financement HEPCOM EU"}]},{"@type":"WebSite","@id":"https:\/\/euprevent.eu\/fr\/#website","url":"https:\/\/euprevent.eu\/fr\/","name":"euPrevent","description":"euPrevent is a Euroregional network that focuses on promoting health. Within this network, sustainable partnerships seek to increase the quality of life of residents in the border region between the Netherlands, Belgium and Germany.","potentialAction":[{"@type":"SearchAction","target":{"@type":"EntryPoint","urlTemplate":"https:\/\/euprevent.eu\/fr\/?s={search_term_string}"},"query-input":{"@type":"PropertyValueSpecification","valueRequired":true,"valueName":"search_term_string"}}],"inLanguage":"fr-FR"}]}},"_links":{"self":[{"href":"https:\/\/euprevent.eu\/fr\/wp-json\/wp\/v2\/pages\/2965","targetHints":{"allow":["GET"]}}],"collection":[{"href":"https:\/\/euprevent.eu\/fr\/wp-json\/wp\/v2\/pages"}],"about":[{"href":"https:\/\/euprevent.eu\/fr\/wp-json\/wp\/v2\/types\/page"}],"author":[{"embeddable":true,"href":"https:\/\/euprevent.eu\/fr\/wp-json\/wp\/v2\/users\/1"}],"replies":[{"embeddable":true,"href":"https:\/\/euprevent.eu\/fr\/wp-json\/wp\/v2\/comments?post=2965"}],"version-history":[{"count":2,"href":"https:\/\/euprevent.eu\/fr\/wp-json\/wp\/v2\/pages\/2965\/revisions"}],"predecessor-version":[{"id":6572,"href":"https:\/\/euprevent.eu\/fr\/wp-json\/wp\/v2\/pages\/2965\/revisions\/6572"}],"wp:attachment":[{"href":"https:\/\/euprevent.eu\/fr\/wp-json\/wp\/v2\/media?parent=2965"}],"curies":[{"name":"wp","href":"https:\/\/api.w.org\/{rel}","templated":true}]}}