


{"id":2466,"date":"2017-11-21T14:46:19","date_gmt":"2017-11-21T14:46:19","guid":{"rendered":"https:\/\/euprevent.eu\/tools\/"},"modified":"2023-05-31T08:16:50","modified_gmt":"2023-05-31T07:16:50","slug":"tools","status":"publish","type":"page","link":"https:\/\/euprevent.eu\/fr\/resultats\/tools\/","title":{"rendered":"Tools"},"content":{"rendered":"<section class=\"wpb-content-wrapper\"><p>[vc_row gap=\u00a0\u00bb20&Prime; equal_height=\u00a0\u00bbyes\u00a0\u00bb el_class=\u00a0\u00bbtext-center\u00a0\u00bb][vc_column width=\u00a0\u00bb1\/3&Prime; css=\u00a0\u00bb.vc_custom_1511275826548{background-color: #eeeeee !important;}\u00a0\u00bb][vc_column_text css=\u00a0\u00bb.vc_custom_1676467930863{margin-bottom: 10px !important;padding-bottom: 10px !important;}\u00a0\u00bb]<\/p>\n<h2>PROFILE Bonnes Pratiques<\/h2>\n<p>[\/vc_column_text][vc_column_text el_class=\u00a0\u00bbmh90&Prime;]Un outil pour partager les bonnes pratiques et inspirer.[\/vc_column_text][vc_btn title=\u00a0\u00bbBonnes Pratiques Tool\u00a0\u00bb color=\u00a0\u00bbprimary\u00a0\u00bb link=\u00a0\u00bburl:https%3A%2F%2Feuprevent.eu%2Ffr%2Fgoodpractices%2F|target:_blank\u00a0\u00bb][vc_empty_space height=\u00a0\u00bb10px\u00a0\u00bb][\/vc_column][vc_column width=\u00a0\u00bb1\/3&Prime; css=\u00a0\u00bb.vc_custom_1511275836546{background-color: #eeeeee !important;}\u00a0\u00bb][vc_column_text css=\u00a0\u00bb.vc_custom_1685517385984{margin-bottom: 10px !important;padding-bottom: 10px !important;}\u00a0\u00bb]<\/p>\n<h2>PROFILE Training Module<\/h2>\n<p>[\/vc_column_text][vc_column_text el_class=\u00a0\u00bbmh90&Prime;]PROFILE Training Module for professionals and non-professionals.[\/vc_column_text][vc_btn title=\u00a0\u00bbTraining Module Tool\u00a0\u00bb color=\u00a0\u00bbprimary\u00a0\u00bb link=\u00a0\u00bburl:https%3A%2F%2Fprofiletm.winkapp.nl%2Ftm%2F|target:_blank\u00a0\u00bb][vc_empty_space height=\u00a0\u00bb10px\u00a0\u00bb][\/vc_column][vc_column width=\u00a0\u00bb1\/3&Prime; css=\u00a0\u00bb.vc_custom_1511275840719{background-color: #eeeeee !important;}\u00a0\u00bb][vc_column_text css=\u00a0\u00bb.vc_custom_1683551153467{margin-bottom: 10px !important;padding-bottom: 10px !important;}\u00a0\u00bb]<\/p>\n<h2>PROFILE Lignes directrices pour lutter contre la solitude<\/h2>\n<p>[\/vc_column_text][vc_column_text el_class=\u00a0\u00bbmh90&Prime;]Un outil avec des lignes directrices pour aider \u00e0 r\u00e9duire ou \u00e0 pr\u00e9venir la solitude.[\/vc_column_text][vc_btn title=\u00a0\u00bbLignes directrices pour lutter contre la solitude\u00a0\u00bb color=\u00a0\u00bbprimary\u00a0\u00bb link=\u00a0\u00bburl:https%3A%2F%2Feuprevent.eu%2Ffr%2Fprofessionalguidelines%2F|target:_blank\u00a0\u00bb][vc_empty_space height=\u00a0\u00bb10px\u00a0\u00bb][\/vc_column][\/vc_row][vc_row gap=\u00a0\u00bb20&Prime; equal_height=\u00a0\u00bbyes\u00a0\u00bb el_class=\u00a0\u00bbtext-center\u00a0\u00bb][vc_column width=\u00a0\u00bb1\/3&Prime; css=\u00a0\u00bb.vc_custom_1676467972581{background-color: #eeeeee !important;}\u00a0\u00bb][vc_column_text css=\u00a0\u00bb.vc_custom_1511275869399{margin-bottom: 10px !important;padding-bottom: 10px !important;}\u00a0\u00bb]<\/p>\n<h2>HEPS Inventory Tool<\/h2>\n<p>[\/vc_column_text][vc_column_text el_class=\u00a0\u00bbmh90&Prime;]Un outil d&rsquo;inventaire comprenant une \u00e9valuation de la qualit\u00e9 des interventions scolaires sur l&rsquo;alimentation saine et l&rsquo;activit\u00e9 physique.[\/vc_column_text][vc_btn title=\u00a0\u00bbHEPS Inventory Tool\u00a0\u00bb color=\u00a0\u00bbprimary\u00a0\u00bb link=\u00a0\u00bburl:http%3A%2F%2Foud.euprevent.eu%2Fheps%2Finventory_questions%2Ftool_before%2Flang%3Aeng%2F||target:%20_blank|\u00a0\u00bb][vc_empty_space height=\u00a0\u00bb10px\u00a0\u00bb][\/vc_column][vc_column width=\u00a0\u00bb1\/3&Prime; css=\u00a0\u00bb.vc_custom_1511275826548{background-color: #eeeeee !important;}\u00a0\u00bb][vc_column_text css=\u00a0\u00bb.vc_custom_1590578732239{margin-bottom: 10px !important;padding-bottom: 10px !important;}\u00a0\u00bb]<\/p>\n<h2>HEPCOM Learning Platform<\/h2>\n<p>[\/vc_column_text][vc_column_text el_class=\u00a0\u00bbmh90&Prime;]Une plateforme en ligne pour les autorit\u00e9s locales, les communaut\u00e9s locales et les professionnels.[\/vc_column_text][vc_btn title=\u00a0\u00bbHEPCOM Learning Platform\u00a0\u00bb color=\u00a0\u00bbprimary\u00a0\u00bb link=\u00a0\u00bburl:http%3A%2F%2Fhepcom.org%2F||target:%20_blank|\u00a0\u00bb][vc_empty_space height=\u00a0\u00bb10px\u00a0\u00bb][\/vc_column][vc_column width=\u00a0\u00bb1\/3&Prime; css=\u00a0\u00bb.vc_custom_1684145079454{background-color: #eeeeee !important;}\u00a0\u00bb][vc_column_text css=\u00a0\u00bb.vc_custom_1511276129539{margin-bottom: 10px !important;padding-bottom: 10px !important;}\u00a0\u00bb]<\/p>\n<h2>Capacity Assessment Tool<\/h2>\n<p>[\/vc_column_text][vc_column_text el_class=\u00a0\u00bbmh90&Prime;]Un outil d&rsquo;\u00e9valuation des capacit\u00e9s concernant votre capacit\u00e9 et votre collaboration eur\u00e9gionale.[\/vc_column_text][vc_btn title=\u00a0\u00bbCapacity Assessment Tool\u00a0\u00bb color=\u00a0\u00bbprimary\u00a0\u00bb link=\u00a0\u00bburl:http%3A%2F%2Ftools.euprevent.eu%2Fca3%2FTool%2Fview%2F0%2Ffr%2F||target:%20_blank|\u00a0\u00bb][vc_empty_space height=\u00a0\u00bb10px\u00a0\u00bb][\/vc_column][\/vc_row][vc_row gap=\u00a0\u00bb20&Prime; equal_height=\u00a0\u00bbyes\u00a0\u00bb el_class=\u00a0\u00bbtext-center\u00a0\u00bb][vc_column width=\u00a0\u00bb1\/3&Prime; css=\u00a0\u00bb.vc_custom_1684145079454{background-color: #eeeeee !important;}\u00a0\u00bb][vc_column_text css=\u00a0\u00bb.vc_custom_1511275872981{margin-bottom: 10px !important;padding-bottom: 10px !important;}\u00a0\u00bb]<\/p>\n<h2>HEPS Tool for Schools<\/h2>\n<p>[\/vc_column_text][vc_column_text el_class=\u00a0\u00bbmh90&Prime;]Un guide pour l&rsquo;\u00e9laboration de politiques scolaires sur l\u2019alimentation saine et l&rsquo;activit\u00e9 physique.[\/vc_column_text][vc_btn title=\u00a0\u00bbHEPS Tool for Schools\u00a0\u00bb color=\u00a0\u00bbprimary\u00a0\u00bb link=\u00a0\u00bburl:http%3A%2F%2Foud.euprevent.eu%2Fheps%2Fschools_questions%2Ftool_before%2Flang%3Aeng%2F||target:%20_blank|\u00a0\u00bb][vc_empty_space height=\u00a0\u00bb10px\u00a0\u00bb][\/vc_column][\/vc_row]<\/p>\n<\/section>","protected":false},"excerpt":{"rendered":"<p>[vc_row gap=\u00a0\u00bb20&Prime; equal_height=\u00a0\u00bbyes\u00a0\u00bb el_class=\u00a0\u00bbtext-center\u00a0\u00bb][vc_column width=\u00a0\u00bb1\/3&Prime; css=\u00a0\u00bb.vc_custom_1511275826548{background-color: #eeeeee !important;}\u00a0\u00bb][vc_column_text css=\u00a0\u00bb.vc_custom_1676467930863{margin-bottom: 10px !important;padding-bottom: 10px !important;}\u00a0\u00bb] PROFILE Bonnes Pratiques [\/vc_column_text][vc_column_text el_class=\u00a0\u00bbmh90&Prime;]Un outil pour partager les bonnes pratiques et inspirer.[\/vc_column_text][vc_btn title=\u00a0\u00bbBonnes Pratiques Tool\u00a0\u00bb color=\u00a0\u00bbprimary\u00a0\u00bb link=\u00a0\u00bburl:https%3A%2F%2Feuprevent.eu%2Ffr%2Fgoodpractices%2F|target:_blank\u00a0\u00bb][vc_empty_space height=\u00a0\u00bb10px\u00a0\u00bb][\/vc_column][vc_column width=\u00a0\u00bb1\/3&Prime; css=\u00a0\u00bb.vc_custom_1511275836546{background-color: #eeeeee !important;}\u00a0\u00bb][vc_column_text css=\u00a0\u00bb.vc_custom_1685517385984{margin-bottom: 10px !important;padding-bottom: 10px !important;}\u00a0\u00bb] PROFILE Training Module [\/vc_column_text][vc_column_text el_class=\u00a0\u00bbmh90&Prime;]PROFILE Training Module for professionals and non-professionals.[\/vc_column_text][vc_btn title=\u00a0\u00bbTraining Module Tool\u00a0\u00bb [&hellip;]<\/p>\n","protected":false},"author":1,"featured_media":0,"parent":8972,"menu_order":0,"comment_status":"closed","ping_status":"closed","template":"page-with-products-menu.php","meta":{"_acf_changed":false,"footnotes":""},"class_list":["post-2466","page","type-page","status-publish","hentry"],"acf":[],"yoast_head":"<!-- This site is optimized with the Yoast SEO plugin v26.8 - https:\/\/yoast.com\/product\/yoast-seo-wordpress\/ -->\n<title>Tools - euPrevent<\/title>\n<meta name=\"robots\" content=\"index, follow, max-snippet:-1, max-image-preview:large, max-video-preview:-1\" \/>\n<link rel=\"canonical\" href=\"https:\/\/euprevent.eu\/fr\/resultats\/tools\/\" \/>\n<meta property=\"og:locale\" content=\"fr_FR\" \/>\n<meta property=\"og:type\" content=\"article\" \/>\n<meta property=\"og:title\" content=\"Tools - euPrevent\" \/>\n<meta property=\"og:description\" content=\"[vc_row gap=\u00a0\u00bb20&Prime; equal_height=\u00a0\u00bbyes\u00a0\u00bb el_class=\u00a0\u00bbtext-center\u00a0\u00bb][vc_column width=\u00a0\u00bb1\/3&Prime; css=\u00a0\u00bb.vc_custom_1511275826548{background-color: #eeeeee !important;}\u00a0\u00bb][vc_column_text css=\u00a0\u00bb.vc_custom_1676467930863{margin-bottom: 10px !important;padding-bottom: 10px !important;}\u00a0\u00bb] PROFILE Bonnes Pratiques [\/vc_column_text][vc_column_text el_class=\u00a0\u00bbmh90&Prime;]Un outil pour partager les bonnes pratiques et inspirer.[\/vc_column_text][vc_btn title=\u00a0\u00bbBonnes Pratiques Tool\u00a0\u00bb color=\u00a0\u00bbprimary\u00a0\u00bb link=\u00a0\u00bburl:https%3A%2F%2Feuprevent.eu%2Ffr%2Fgoodpractices%2F|target:_blank\u00a0\u00bb][vc_empty_space height=\u00a0\u00bb10px\u00a0\u00bb][\/vc_column][vc_column width=\u00a0\u00bb1\/3&Prime; css=\u00a0\u00bb.vc_custom_1511275836546{background-color: #eeeeee !important;}\u00a0\u00bb][vc_column_text css=\u00a0\u00bb.vc_custom_1685517385984{margin-bottom: 10px !important;padding-bottom: 10px !important;}\u00a0\u00bb] PROFILE Training Module [\/vc_column_text][vc_column_text el_class=\u00a0\u00bbmh90&Prime;]PROFILE Training Module for professionals and non-professionals.[\/vc_column_text][vc_btn title=\u00a0\u00bbTraining Module Tool\u00a0\u00bb [&hellip;]\" \/>\n<meta property=\"og:url\" content=\"https:\/\/euprevent.eu\/fr\/resultats\/tools\/\" \/>\n<meta property=\"og:site_name\" content=\"euPrevent\" \/>\n<meta property=\"article:modified_time\" content=\"2023-05-31T07:16:50+00:00\" \/>\n<meta name=\"twitter:card\" content=\"summary_large_image\" \/>\n<meta name=\"twitter:label1\" content=\"Dur\u00e9e de lecture estim\u00e9e\" \/>\n\t<meta name=\"twitter:data1\" content=\"2 minutes\" \/>\n<script type=\"application\/ld+json\" class=\"yoast-schema-graph\">{\"@context\":\"https:\/\/schema.org\",\"@graph\":[{\"@type\":\"WebPage\",\"@id\":\"https:\/\/euprevent.eu\/fr\/resultats\/tools\/\",\"url\":\"https:\/\/euprevent.eu\/fr\/resultats\/tools\/\",\"name\":\"Tools - euPrevent\",\"isPartOf\":{\"@id\":\"https:\/\/euprevent.eu\/fr\/#website\"},\"datePublished\":\"2017-11-21T14:46:19+00:00\",\"dateModified\":\"2023-05-31T07:16:50+00:00\",\"breadcrumb\":{\"@id\":\"https:\/\/euprevent.eu\/fr\/resultats\/tools\/#breadcrumb\"},\"inLanguage\":\"fr-FR\",\"potentialAction\":[{\"@type\":\"ReadAction\",\"target\":[\"https:\/\/euprevent.eu\/fr\/resultats\/tools\/\"]}]},{\"@type\":\"BreadcrumbList\",\"@id\":\"https:\/\/euprevent.eu\/fr\/resultats\/tools\/#breadcrumb\",\"itemListElement\":[{\"@type\":\"ListItem\",\"position\":1,\"name\":\"Home\",\"item\":\"https:\/\/euprevent.eu\/fr\/\"},{\"@type\":\"ListItem\",\"position\":2,\"name\":\"R\u00e9sultats\",\"item\":\"https:\/\/euprevent.eu\/fr\/resultats\/\"},{\"@type\":\"ListItem\",\"position\":3,\"name\":\"Tools\"}]},{\"@type\":\"WebSite\",\"@id\":\"https:\/\/euprevent.eu\/fr\/#website\",\"url\":\"https:\/\/euprevent.eu\/fr\/\",\"name\":\"euPrevent\",\"description\":\"euPrevent is a Euroregional network that focuses on promoting health. Within this network, sustainable partnerships seek to increase the quality of life of residents in the border region between the Netherlands, Belgium and Germany.\",\"potentialAction\":[{\"@type\":\"SearchAction\",\"target\":{\"@type\":\"EntryPoint\",\"urlTemplate\":\"https:\/\/euprevent.eu\/fr\/?s={search_term_string}\"},\"query-input\":{\"@type\":\"PropertyValueSpecification\",\"valueRequired\":true,\"valueName\":\"search_term_string\"}}],\"inLanguage\":\"fr-FR\"}]}<\/script>\n<!-- \/ Yoast SEO plugin. -->","yoast_head_json":{"title":"Tools - euPrevent","robots":{"index":"index","follow":"follow","max-snippet":"max-snippet:-1","max-image-preview":"max-image-preview:large","max-video-preview":"max-video-preview:-1"},"canonical":"https:\/\/euprevent.eu\/fr\/resultats\/tools\/","og_locale":"fr_FR","og_type":"article","og_title":"Tools - euPrevent","og_description":"[vc_row gap=\u00a0\u00bb20&Prime; equal_height=\u00a0\u00bbyes\u00a0\u00bb el_class=\u00a0\u00bbtext-center\u00a0\u00bb][vc_column width=\u00a0\u00bb1\/3&Prime; css=\u00a0\u00bb.vc_custom_1511275826548{background-color: #eeeeee !important;}\u00a0\u00bb][vc_column_text css=\u00a0\u00bb.vc_custom_1676467930863{margin-bottom: 10px !important;padding-bottom: 10px !important;}\u00a0\u00bb] PROFILE Bonnes Pratiques [\/vc_column_text][vc_column_text el_class=\u00a0\u00bbmh90&Prime;]Un outil pour partager les bonnes pratiques et inspirer.[\/vc_column_text][vc_btn title=\u00a0\u00bbBonnes Pratiques Tool\u00a0\u00bb color=\u00a0\u00bbprimary\u00a0\u00bb link=\u00a0\u00bburl:https%3A%2F%2Feuprevent.eu%2Ffr%2Fgoodpractices%2F|target:_blank\u00a0\u00bb][vc_empty_space height=\u00a0\u00bb10px\u00a0\u00bb][\/vc_column][vc_column width=\u00a0\u00bb1\/3&Prime; css=\u00a0\u00bb.vc_custom_1511275836546{background-color: #eeeeee !important;}\u00a0\u00bb][vc_column_text css=\u00a0\u00bb.vc_custom_1685517385984{margin-bottom: 10px !important;padding-bottom: 10px !important;}\u00a0\u00bb] PROFILE Training Module [\/vc_column_text][vc_column_text el_class=\u00a0\u00bbmh90&Prime;]PROFILE Training Module for professionals and non-professionals.[\/vc_column_text][vc_btn title=\u00a0\u00bbTraining Module Tool\u00a0\u00bb [&hellip;]","og_url":"https:\/\/euprevent.eu\/fr\/resultats\/tools\/","og_site_name":"euPrevent","article_modified_time":"2023-05-31T07:16:50+00:00","twitter_card":"summary_large_image","twitter_misc":{"Dur\u00e9e de lecture estim\u00e9e":"2 minutes"},"schema":{"@context":"https:\/\/schema.org","@graph":[{"@type":"WebPage","@id":"https:\/\/euprevent.eu\/fr\/resultats\/tools\/","url":"https:\/\/euprevent.eu\/fr\/resultats\/tools\/","name":"Tools - euPrevent","isPartOf":{"@id":"https:\/\/euprevent.eu\/fr\/#website"},"datePublished":"2017-11-21T14:46:19+00:00","dateModified":"2023-05-31T07:16:50+00:00","breadcrumb":{"@id":"https:\/\/euprevent.eu\/fr\/resultats\/tools\/#breadcrumb"},"inLanguage":"fr-FR","potentialAction":[{"@type":"ReadAction","target":["https:\/\/euprevent.eu\/fr\/resultats\/tools\/"]}]},{"@type":"BreadcrumbList","@id":"https:\/\/euprevent.eu\/fr\/resultats\/tools\/#breadcrumb","itemListElement":[{"@type":"ListItem","position":1,"name":"Home","item":"https:\/\/euprevent.eu\/fr\/"},{"@type":"ListItem","position":2,"name":"R\u00e9sultats","item":"https:\/\/euprevent.eu\/fr\/resultats\/"},{"@type":"ListItem","position":3,"name":"Tools"}]},{"@type":"WebSite","@id":"https:\/\/euprevent.eu\/fr\/#website","url":"https:\/\/euprevent.eu\/fr\/","name":"euPrevent","description":"euPrevent is a Euroregional network that focuses on promoting health. Within this network, sustainable partnerships seek to increase the quality of life of residents in the border region between the Netherlands, Belgium and Germany.","potentialAction":[{"@type":"SearchAction","target":{"@type":"EntryPoint","urlTemplate":"https:\/\/euprevent.eu\/fr\/?s={search_term_string}"},"query-input":{"@type":"PropertyValueSpecification","valueRequired":true,"valueName":"search_term_string"}}],"inLanguage":"fr-FR"}]}},"_links":{"self":[{"href":"https:\/\/euprevent.eu\/fr\/wp-json\/wp\/v2\/pages\/2466","targetHints":{"allow":["GET"]}}],"collection":[{"href":"https:\/\/euprevent.eu\/fr\/wp-json\/wp\/v2\/pages"}],"about":[{"href":"https:\/\/euprevent.eu\/fr\/wp-json\/wp\/v2\/types\/page"}],"author":[{"embeddable":true,"href":"https:\/\/euprevent.eu\/fr\/wp-json\/wp\/v2\/users\/1"}],"replies":[{"embeddable":true,"href":"https:\/\/euprevent.eu\/fr\/wp-json\/wp\/v2\/comments?post=2466"}],"version-history":[{"count":17,"href":"https:\/\/euprevent.eu\/fr\/wp-json\/wp\/v2\/pages\/2466\/revisions"}],"predecessor-version":[{"id":20368,"href":"https:\/\/euprevent.eu\/fr\/wp-json\/wp\/v2\/pages\/2466\/revisions\/20368"}],"up":[{"embeddable":true,"href":"https:\/\/euprevent.eu\/fr\/wp-json\/wp\/v2\/pages\/8972"}],"wp:attachment":[{"href":"https:\/\/euprevent.eu\/fr\/wp-json\/wp\/v2\/media?parent=2466"}],"curies":[{"name":"wp","href":"https:\/\/api.w.org\/{rel}","templated":true}]}}