


{"id":24121,"date":"2025-06-03T17:37:33","date_gmt":"2025-06-03T16:37:33","guid":{"rendered":"https:\/\/euprevent.eu\/?page_id=24121"},"modified":"2025-07-18T13:54:30","modified_gmt":"2025-07-18T12:54:30","slug":"acp-citizen-summit-guideline-and-reports","status":"publish","type":"page","link":"https:\/\/euprevent.eu\/fr\/acp-citizen-summit-guideline-and-reports\/","title":{"rendered":"Rapports des activit\u00e9s de participation du projet ACP"},"content":{"rendered":"<section class=\"wpb-content-wrapper\"><p>[vc_row][vc_column][vc_column_text]<\/p>\n<h1>Comment les citoyens per\u00e7oivent-ils les mesures d&rsquo;adaptation au climat ?<\/h1>\n<h3>Sommets citoyens, Pop-Up Events et enqu\u00eate en ligne sur le changement climatique et la sant\u00e9 dans l\u2019Eur\u00e9gio Meuse-Rhin<\/h3>\n<p data-start=\"261\" data-end=\"538\">Comment le changement climatique affecte-t-il notre sant\u00e9 \u2013 et que pouvons-nous faire ensemble pour y r\u00e9pondre ?<br data-start=\"377\" data-end=\"380\" \/>Ces questions \u00e9taient au c\u0153ur des sommets citoyens euPrevent ACP, mais ont \u00e9galement \u00e9t\u00e9 abord\u00e9es lors des Pop-Up Events et de l\u2019enqu\u00eate en ligne.<\/p>\n<p data-start=\"540\" data-end=\"888\">Ensemble, ces activit\u00e9s offrent un aper\u00e7u pr\u00e9cieux de la mani\u00e8re dont les habitants de l\u2019Eur\u00e9gio Meuse-Rhin per\u00e7oivent l\u2019adaptation au climat et la sant\u00e9.<br data-start=\"698\" data-end=\"701\" \/>Par ailleurs, lors des Pop-Up Events et de l\u2019enqu\u00eate en ligne, les citoyens ont aussi r\u00e9pondu \u00e0 des questions concernant d\u2019autres aspects de leur environnement de vie transfrontalier.<\/p>\n<p data-start=\"890\" data-end=\"1206\">Les rapports issus de ces activit\u00e9s r\u00e9sument les principales discussions et id\u00e9es. Ils constituent une ressource pr\u00e9cieuse pour toute personne souhaitant approfondir ce sujet, et contiennent des recommandations pratiques \u00e0 destination des d\u00e9cideurs politiques, des chercheurs et des citoyens engag\u00e9s.<\/p>\n<p><strong>T\u00e9l\u00e9charger les rapports<br \/>\n<\/strong>Curieux(se) de d\u00e9couvrir les conclusions principales ?<br data-start=\"1297\" data-end=\"1300\" \/>T\u00e9l\u00e9chargez les rapports en anglais ou dans la langue de l\u2019activit\u00e9 concern\u00e9e \u2013 ou consultez le tableau comparatif pr\u00e9sentant les r\u00e9sultats cl\u00e9s des sommets citoyens, des Pop-Up Events et de l\u2019enqu\u00eate en ligne.[\/vc_column_text][\/vc_column][\/vc_row][vc_row content_placement=\u00a0\u00bbtop\u00a0\u00bb][vc_column width=\u00a0\u00bb1\/3&Prime;][vc_single_image image=\u00a0\u00bb24192&Prime; img_size=\u00a0\u00bbfull\u00a0\u00bb][\/vc_column][vc_column width=\u00a0\u00bb2\/3&Prime;][vc_column_text]<\/p>\n<h2>Reports<\/h2>\n<ul>\n<li><a href=\"https:\/\/euprevent.eu\/wp-content\/uploads\/2025\/07\/Report-Citizen-Summit-Duren_English.pdf\">Report Citizen Summit D\u00fcren_English<\/a><\/li>\n<li><a href=\"https:\/\/euprevent.eu\/wp-content\/uploads\/2025\/07\/Report-Citizen-Summit-Duren_German.pdf\">Report Citizen Summit D\u00fcren_German<\/a><\/li>\n<li><a href=\"https:\/\/euprevent.eu\/wp-content\/uploads\/2025\/07\/Report-Citizen-Summit-Kerkrade-NL_PDF-3.pdf\">Report Citizen Summit Kerkrade_Dutch<\/a><\/li>\n<li><a href=\"https:\/\/euprevent.eu\/wp-content\/uploads\/2025\/07\/Report-Citizen-Summit-Kerkrade_final-ENG-4-2.pdf\">Report Citizen Summit Kerkrade_English<\/a><\/li>\n<li><a href=\"https:\/\/euprevent.eu\/wp-content\/uploads\/2025\/07\/Report-euregional-Citizen-Summit_adjusted-1-2.pdf\">Report euregional Citizen Summit_English<\/a><\/li>\n<li><a href=\"https:\/\/euprevent.eu\/wp-content\/uploads\/2025\/07\/Report-Online-PST_English.pdf\">Report Online PST_English<\/a><\/li>\n<li><a href=\"https:\/\/euprevent.eu\/wp-content\/uploads\/2025\/07\/Report-Pop-Up-Events-in-Vaals-Landgraaf_English.pdf\">Report Pop-Up Events in Vaals &amp; Landgraaf_English<\/a><\/li>\n<\/ul>\n<p>[\/vc_column_text][\/vc_column][\/vc_row][vc_row][vc_column][vc_column_text]<\/p>\n<h2><strong>R\u00e9sum\u00e9 et principales conclusions<\/strong><\/h2>\n<table class=\"table\">\n<tbody>\n<tr>\n<td><strong>Sujet<\/strong><\/td>\n<td><strong>Sommet de D\u00fcren<\/strong><\/td>\n<td><strong>Sommet eur\u00e9gional<\/strong><\/td>\n<td><strong>Sommet de Kerkrade<\/strong><\/td>\n<\/tr>\n<tr>\n<td><strong>Eau potable<\/strong><\/td>\n<td>Insuffisant\u00a0: une meilleure communication est n\u00e9cessaire<\/td>\n<td>Pr\u00e9occupations similaires\u00a0: Pays-Bas l\u00e9g\u00e8rement meilleure<\/td>\n<td>Pr\u00e9occupations similaires\u00a0: dispositions n\u00e9erlandaises l\u00e9g\u00e8rement meilleures<\/td>\n<\/tr>\n<tr>\n<td><strong>Refroidissement ext\u00e9rieur et ombrage<\/strong><\/td>\n<td>Plus de verdure et d&rsquo;ombre sont n\u00e9cessaires<\/td>\n<td>Forte demande d&rsquo;espaces verts<\/td>\n<td>Question prioritaire\u00a0: verdissement urbain n\u00e9cessaire<\/td>\n<\/tr>\n<tr>\n<td><strong>Espaces int\u00e9rieurs frais<\/strong><\/td>\n<td>Pas assez\u00a0: les magasins sont utilis\u00e9s pour le rafra\u00eechissement<\/td>\n<td>R\u00e9partition in\u00e9gale<\/td>\n<td>Les espaces publics de rafra\u00eechissements devraient \u00eatre plus accessibles<\/td>\n<\/tr>\n<tr>\n<td><strong>Protection contre les intemp\u00e9ries extr\u00eames<\/strong><\/td>\n<td>Confiance mod\u00e9r\u00e9e\u00a0: plus d&rsquo;informations n\u00e9cessaires<\/td>\n<td>Les Pays-Bas sont consid\u00e9r\u00e9s comme mieux pr\u00e9par\u00e9s<\/td>\n<td>La protection contre les inondations est une pr\u00e9occupation majeure<\/td>\n<\/tr>\n<tr>\n<td><strong>Principales mesures pouvant \u00eatre prises pour faire face aux cons\u00e9quences du changement climatique <\/strong><\/td>\n<td>Plus de plantes et d&rsquo;arbres dans les villes<\/p>\n<p>Cartes avec services d&rsquo;assistance et applications gratuites d&rsquo;alerte et d&rsquo;urgence<\/td>\n<td>Plus de plantes et d&rsquo;arbres dans les villes<\/p>\n<p>Eau potable librement accessible<\/td>\n<td>Plus de plantes et d&rsquo;arbres dans les villes<\/p>\n<p>Cartes avec services d&rsquo;assistance et applications gratuites d&rsquo;alerte et d&rsquo;urgence<\/td>\n<\/tr>\n<tr>\n<td><strong>Syst\u00e8mes d&rsquo;alerte transfrontaliers<\/strong><\/td>\n<td>Fortement soutenu<\/td>\n<td>Un soutien massif<\/td>\n<td>Un soutien fort<\/td>\n<\/tr>\n<tr>\n<td><strong>Syst\u00e8mes d&rsquo;information transfrontaliers en cas d&rsquo;\u00e9v\u00e9nements extr\u00eames<\/strong><\/td>\n<td>Largement approuv\u00e9<\/td>\n<td>Fortement soutenu<\/td>\n<td>Un soutien massif<\/td>\n<\/tr>\n<tr>\n<td><strong>Syst\u00e8mes d&rsquo;information transfrontaliers concernant les informations g\u00e9n\u00e9rales sur le climat<\/strong><\/td>\n<td>Priorit\u00e9 absolue<\/td>\n<td>Largement favoris\u00e9e<\/td>\n<td>Largement approuv\u00e9<\/td>\n<\/tr>\n<tr>\n<td><strong>Retour d&rsquo;information suppl\u00e9mentaire<\/strong><\/td>\n<td>Plus de toilettes publiques, une meilleure \u00e9ducation au climat<\/td>\n<td>Engagement et participation du public<\/td>\n<td>Plans d&rsquo;urgence transfrontaliers<\/td>\n<\/tr>\n<\/tbody>\n<\/table>\n<p>[\/vc_column_text][\/vc_column][\/vc_row]<\/p>\n<\/section>","protected":false},"excerpt":{"rendered":"<p>[vc_row][vc_column][vc_column_text] Comment les citoyens per\u00e7oivent-ils les mesures d&rsquo;adaptation au climat ? Sommets citoyens, Pop-Up Events et enqu\u00eate en ligne sur le changement climatique et la sant\u00e9 dans l\u2019Eur\u00e9gio Meuse-Rhin Comment le changement climatique affecte-t-il notre sant\u00e9 \u2013 et que pouvons-nous faire ensemble pour y r\u00e9pondre ?Ces questions \u00e9taient au c\u0153ur des sommets citoyens euPrevent ACP, [&hellip;]<\/p>\n","protected":false},"author":1,"featured_media":0,"parent":0,"menu_order":0,"comment_status":"closed","ping_status":"closed","template":"","meta":{"_acf_changed":false,"footnotes":""},"class_list":["post-24121","page","type-page","status-publish","hentry","programmes-crossing-programmes"],"acf":[],"yoast_head":"<!-- This site is optimized with the Yoast SEO plugin v26.8 - https:\/\/yoast.com\/product\/yoast-seo-wordpress\/ -->\n<title>Rapports des activit\u00e9s de participation du projet ACP - euPrevent<\/title>\n<meta name=\"robots\" content=\"index, follow, max-snippet:-1, max-image-preview:large, max-video-preview:-1\" \/>\n<link rel=\"canonical\" href=\"https:\/\/euprevent.eu\/fr\/acp-citizen-summit-guideline-and-reports\/\" \/>\n<meta property=\"og:locale\" content=\"fr_FR\" \/>\n<meta property=\"og:type\" content=\"article\" \/>\n<meta property=\"og:title\" content=\"Rapports des activit\u00e9s de participation du projet ACP - euPrevent\" \/>\n<meta property=\"og:description\" content=\"[vc_row][vc_column][vc_column_text] Comment les citoyens per\u00e7oivent-ils les mesures d&rsquo;adaptation au climat ? Sommets citoyens, Pop-Up Events et enqu\u00eate en ligne sur le changement climatique et la sant\u00e9 dans l\u2019Eur\u00e9gio Meuse-Rhin Comment le changement climatique affecte-t-il notre sant\u00e9 \u2013 et que pouvons-nous faire ensemble pour y r\u00e9pondre ?Ces questions \u00e9taient au c\u0153ur des sommets citoyens euPrevent ACP, [&hellip;]\" \/>\n<meta property=\"og:url\" content=\"https:\/\/euprevent.eu\/fr\/acp-citizen-summit-guideline-and-reports\/\" \/>\n<meta property=\"og:site_name\" content=\"euPrevent\" \/>\n<meta property=\"article:modified_time\" content=\"2025-07-18T12:54:30+00:00\" \/>\n<meta name=\"twitter:card\" content=\"summary_large_image\" \/>\n<meta name=\"twitter:label1\" content=\"Dur\u00e9e de lecture estim\u00e9e\" \/>\n\t<meta name=\"twitter:data1\" content=\"3 minutes\" \/>\n<script type=\"application\/ld+json\" class=\"yoast-schema-graph\">{\"@context\":\"https:\/\/schema.org\",\"@graph\":[{\"@type\":\"WebPage\",\"@id\":\"https:\/\/euprevent.eu\/fr\/acp-citizen-summit-guideline-and-reports\/\",\"url\":\"https:\/\/euprevent.eu\/fr\/acp-citizen-summit-guideline-and-reports\/\",\"name\":\"Rapports des activit\u00e9s de participation du projet ACP - euPrevent\",\"isPartOf\":{\"@id\":\"https:\/\/euprevent.eu\/fr\/#website\"},\"datePublished\":\"2025-06-03T16:37:33+00:00\",\"dateModified\":\"2025-07-18T12:54:30+00:00\",\"breadcrumb\":{\"@id\":\"https:\/\/euprevent.eu\/fr\/acp-citizen-summit-guideline-and-reports\/#breadcrumb\"},\"inLanguage\":\"fr-FR\",\"potentialAction\":[{\"@type\":\"ReadAction\",\"target\":[\"https:\/\/euprevent.eu\/fr\/acp-citizen-summit-guideline-and-reports\/\"]}]},{\"@type\":\"BreadcrumbList\",\"@id\":\"https:\/\/euprevent.eu\/fr\/acp-citizen-summit-guideline-and-reports\/#breadcrumb\",\"itemListElement\":[{\"@type\":\"ListItem\",\"position\":1,\"name\":\"Home\",\"item\":\"https:\/\/euprevent.eu\/fr\/\"},{\"@type\":\"ListItem\",\"position\":2,\"name\":\"Rapports des activit\u00e9s de participation du projet ACP\"}]},{\"@type\":\"WebSite\",\"@id\":\"https:\/\/euprevent.eu\/fr\/#website\",\"url\":\"https:\/\/euprevent.eu\/fr\/\",\"name\":\"euPrevent\",\"description\":\"euPrevent is a Euroregional network that focuses on promoting health. Within this network, sustainable partnerships seek to increase the quality of life of residents in the border region between the Netherlands, Belgium and Germany.\",\"potentialAction\":[{\"@type\":\"SearchAction\",\"target\":{\"@type\":\"EntryPoint\",\"urlTemplate\":\"https:\/\/euprevent.eu\/fr\/?s={search_term_string}\"},\"query-input\":{\"@type\":\"PropertyValueSpecification\",\"valueRequired\":true,\"valueName\":\"search_term_string\"}}],\"inLanguage\":\"fr-FR\"}]}<\/script>\n<!-- \/ Yoast SEO plugin. -->","yoast_head_json":{"title":"Rapports des activit\u00e9s de participation du projet ACP - euPrevent","robots":{"index":"index","follow":"follow","max-snippet":"max-snippet:-1","max-image-preview":"max-image-preview:large","max-video-preview":"max-video-preview:-1"},"canonical":"https:\/\/euprevent.eu\/fr\/acp-citizen-summit-guideline-and-reports\/","og_locale":"fr_FR","og_type":"article","og_title":"Rapports des activit\u00e9s de participation du projet ACP - euPrevent","og_description":"[vc_row][vc_column][vc_column_text] Comment les citoyens per\u00e7oivent-ils les mesures d&rsquo;adaptation au climat ? Sommets citoyens, Pop-Up Events et enqu\u00eate en ligne sur le changement climatique et la sant\u00e9 dans l\u2019Eur\u00e9gio Meuse-Rhin Comment le changement climatique affecte-t-il notre sant\u00e9 \u2013 et que pouvons-nous faire ensemble pour y r\u00e9pondre ?Ces questions \u00e9taient au c\u0153ur des sommets citoyens euPrevent ACP, [&hellip;]","og_url":"https:\/\/euprevent.eu\/fr\/acp-citizen-summit-guideline-and-reports\/","og_site_name":"euPrevent","article_modified_time":"2025-07-18T12:54:30+00:00","twitter_card":"summary_large_image","twitter_misc":{"Dur\u00e9e de lecture estim\u00e9e":"3 minutes"},"schema":{"@context":"https:\/\/schema.org","@graph":[{"@type":"WebPage","@id":"https:\/\/euprevent.eu\/fr\/acp-citizen-summit-guideline-and-reports\/","url":"https:\/\/euprevent.eu\/fr\/acp-citizen-summit-guideline-and-reports\/","name":"Rapports des activit\u00e9s de participation du projet ACP - euPrevent","isPartOf":{"@id":"https:\/\/euprevent.eu\/fr\/#website"},"datePublished":"2025-06-03T16:37:33+00:00","dateModified":"2025-07-18T12:54:30+00:00","breadcrumb":{"@id":"https:\/\/euprevent.eu\/fr\/acp-citizen-summit-guideline-and-reports\/#breadcrumb"},"inLanguage":"fr-FR","potentialAction":[{"@type":"ReadAction","target":["https:\/\/euprevent.eu\/fr\/acp-citizen-summit-guideline-and-reports\/"]}]},{"@type":"BreadcrumbList","@id":"https:\/\/euprevent.eu\/fr\/acp-citizen-summit-guideline-and-reports\/#breadcrumb","itemListElement":[{"@type":"ListItem","position":1,"name":"Home","item":"https:\/\/euprevent.eu\/fr\/"},{"@type":"ListItem","position":2,"name":"Rapports des activit\u00e9s de participation du projet ACP"}]},{"@type":"WebSite","@id":"https:\/\/euprevent.eu\/fr\/#website","url":"https:\/\/euprevent.eu\/fr\/","name":"euPrevent","description":"euPrevent is a Euroregional network that focuses on promoting health. Within this network, sustainable partnerships seek to increase the quality of life of residents in the border region between the Netherlands, Belgium and Germany.","potentialAction":[{"@type":"SearchAction","target":{"@type":"EntryPoint","urlTemplate":"https:\/\/euprevent.eu\/fr\/?s={search_term_string}"},"query-input":{"@type":"PropertyValueSpecification","valueRequired":true,"valueName":"search_term_string"}}],"inLanguage":"fr-FR"}]}},"_links":{"self":[{"href":"https:\/\/euprevent.eu\/fr\/wp-json\/wp\/v2\/pages\/24121","targetHints":{"allow":["GET"]}}],"collection":[{"href":"https:\/\/euprevent.eu\/fr\/wp-json\/wp\/v2\/pages"}],"about":[{"href":"https:\/\/euprevent.eu\/fr\/wp-json\/wp\/v2\/types\/page"}],"author":[{"embeddable":true,"href":"https:\/\/euprevent.eu\/fr\/wp-json\/wp\/v2\/users\/1"}],"replies":[{"embeddable":true,"href":"https:\/\/euprevent.eu\/fr\/wp-json\/wp\/v2\/comments?post=24121"}],"version-history":[{"count":13,"href":"https:\/\/euprevent.eu\/fr\/wp-json\/wp\/v2\/pages\/24121\/revisions"}],"predecessor-version":[{"id":24255,"href":"https:\/\/euprevent.eu\/fr\/wp-json\/wp\/v2\/pages\/24121\/revisions\/24255"}],"wp:attachment":[{"href":"https:\/\/euprevent.eu\/fr\/wp-json\/wp\/v2\/media?parent=24121"}],"curies":[{"name":"wp","href":"https:\/\/api.w.org\/{rel}","templated":true}]}}