


{"id":22883,"date":"2024-05-17T12:35:24","date_gmt":"2024-05-17T11:35:24","guid":{"rendered":"https:\/\/euprevent.eu\/projet-euprevent-acp\/acp-main-concept\/"},"modified":"2025-07-24T22:02:51","modified_gmt":"2025-07-24T21:02:51","slug":"acp-main-concept","status":"publish","type":"page","link":"https:\/\/euprevent.eu\/fr\/projet-euprevent-acp\/acp-main-concept\/","title":{"rendered":"Publications du projet ACP"},"content":{"rendered":"<section class=\"wpb-content-wrapper\"><p>[vc_row][vc_column][vc_column_text]<\/p>\n<h1 data-start=\"71\" data-end=\"143\"><strong data-start=\"71\" data-end=\"143\">Participez ! Mat\u00e9riel pour la participation citoyenne dans l\u2019Eur\u00e9gio<\/strong><\/h1>\n<p data-start=\"145\" data-end=\"779\" data-is-last-node=\"\" data-is-only-node=\"\">Le projet Active Citizenship Participation vise \u00e0 ancrer durablement la participation citoyenne dans l\u2019Eur\u00e9gio Meuse-Rhin.<br data-start=\"271\" data-end=\"274\" \/>C\u2019est pourquoi nous souhaitons rendre les supports d\u00e9velopp\u00e9s dans le cadre du projet accessibles \u00e0 long terme.<br data-start=\"385\" data-end=\"388\" data-is-only-node=\"\" \/>Ils s\u2019adressent \u00e0 toutes les personnes int\u00e9ress\u00e9es par le th\u00e8me de la participation citoyenne: qu\u2019elles soient habitantes, professionnelles ou responsables politiques.<br data-start=\"556\" data-end=\"559\" \/>Sur cette page, vous trouverez tous les documents et outils \u00e0 t\u00e9l\u00e9charger.<br data-start=\"633\" data-end=\"636\" \/>N\u2019h\u00e9sitez pas \u00e0 les utiliser, \u00e0 les partager et \u00e0 les int\u00e9grer dans de nouvelles initiatives, tant \u00e0 l\u2019int\u00e9rieur qu\u2019\u00e0 l\u2019ext\u00e9rieur de l\u2019Eur\u00e9gio.<\/p>\n<p>[\/vc_column_text][\/vc_column][\/vc_row][vc_row][vc_column][vc_column_text]<\/p>\n<h2>ACP Main Concept<\/h2>\n<p>L\u2019objectif du projet euPrevent ACP (Active Citizenship Participation) est de cr\u00e9er un cadre structurel pour l\u2019int\u00e9gration de la participation citoyenne dans le processus d\u00e9cisionnel transfrontalier dans l\u2019Euregio Meuse-Rhin (EMR). Sur la base du th\u00e8me \u00abchangement climatique et sant\u00e9\u00bb, d\u2019autres th\u00e8mes li\u00e9s \u00e0 la sant\u00e9 ayant une dimension transfrontali\u00e8re seront int\u00e9gr\u00e9s dans les cadres de participation \u00e0 long terme.[\/vc_column_text][\/vc_column][\/vc_row][vc_row content_placement=\u00a0\u00bbmiddle\u00a0\u00bb][vc_column width=\u00a0\u00bb1\/3&Prime;][vc_single_image image=\u00a0\u00bb22875&Prime; img_size=\u00a0\u00bbfull\u00a0\u00bb][\/vc_column][vc_column width=\u00a0\u00bb2\/3&Prime;][vc_column_text]<\/p>\n<h2>T\u00e9l\u00e9chargements<\/h2>\n<ul>\n<li><a href=\"https:\/\/euprevent.eu\/wp-content\/uploads\/2024\/05\/ACP-Main-Concept-EN.pdf\" target=\"_blank\" rel=\"noopener\">ACP Main Concept &#8211; English<\/a><\/li>\n<li><a href=\"https:\/\/euprevent.eu\/wp-content\/uploads\/2024\/05\/ACP-Main-Concept-FR.pdf\" target=\"_blank\" rel=\"noopener\">ACP Main Concept &#8211; French<\/a><\/li>\n<li><a href=\"https:\/\/euprevent.eu\/wp-content\/uploads\/2024\/05\/ACP-Main-Concept-DE.pdf\" target=\"_blank\" rel=\"noopener\">ACP Main Concept &#8211; German<\/a><\/li>\n<li><a href=\"https:\/\/euprevent.eu\/wp-content\/uploads\/2024\/05\/ACP-Main-Concept-NL.pdf\" target=\"_blank\" rel=\"noopener\">ACP Main Concept &#8211; Dutch<\/a><\/li>\n<\/ul>\n<p>[\/vc_column_text][\/vc_column][\/vc_row][vc_row][vc_column][vc_column_text]<\/p>\n<h2 data-start=\"83\" data-end=\"134\">Brochure Place Standard Tool Eur\u00e9gio Meuse-Rhin<\/h2>\n<p data-start=\"136\" data-end=\"767\">Le PST-EMR est un outil accessible \u00e0 tous ceux qui souhaitent contribuer \u00e0 une Eur\u00e9gio Meuse-Rhin saine et agr\u00e9able \u00e0 vivre.<br data-start=\"260\" data-end=\"263\" \/>Il permet d\u2019identifier les points forts et les axes d\u2019am\u00e9lioration, au-del\u00e0 des fronti\u00e8res.<br data-start=\"355\" data-end=\"358\" \/>Les th\u00e8mes centraux sont le climat, la mobilit\u00e9, l\u2019espace public et la vie en communaut\u00e9.<br data-start=\"447\" data-end=\"450\" \/>La brochure est disponible ici en version imprim\u00e9e, id\u00e9ale pour une utilisation sur site ou lors de discussions.<br data-start=\"562\" data-end=\"565\" \/>Attention : pour des raisons techniques, la qualit\u00e9 du t\u00e9l\u00e9chargement est un peu r\u00e9duite. Si vous souhaitez recevoir le document en qualit\u00e9 d\u2019impression, n\u2019h\u00e9sitez pas \u00e0 nous contacter par e-mail.<\/p>\n<p data-start=\"769\" data-end=\"880\" data-is-last-node=\"\" data-is-only-node=\"\">Vous pr\u00e9f\u00e9rez le num\u00e9rique ? La version en ligne du questionnaire est accessible via ce <a href=\"https:\/\/survey.lamapoll.de\/Place-Standard-Tool_for_ACP-project_EGTS\/nl\">lien.<\/a><\/p>\n<p>[\/vc_column_text][\/vc_column][\/vc_row][vc_row content_placement=\u00a0\u00bbmiddle\u00a0\u00bb][vc_column width=\u00a0\u00bb1\/3&Prime;][vc_single_image image=\u00a0\u00bb24274&Prime; img_size=\u00a0\u00bbfull\u00a0\u00bb][\/vc_column][vc_column width=\u00a0\u00bb2\/3&Prime;][vc_column_text]<\/p>\n<h2>T\u00e9l\u00e9chargements<\/h2>\n<ul>\n<li><a href=\"https:\/\/euprevent.eu\/wp-content\/uploads\/2025\/07\/GGDZL-2420_BookletACPproject_A5_ENGELS_CMYK_V04-2_compressed.pdf\">Booklet PST EMR_English<\/a><\/li>\n<li><a href=\"https:\/\/euprevent.eu\/wp-content\/uploads\/2025\/07\/GGDZL-2420_BookletACPproject_A5_FRANS_CMYK_V05-1_compressed.pdf\">Booklet PST EMR_French<\/a><\/li>\n<li><a href=\"https:\/\/euprevent.eu\/wp-content\/uploads\/2025\/07\/GGDZL-2420_BookletACPproject_A5_DUITS_CMYK_V05-3_compressed.pdf\">Booklet PST EMR_German<\/a><\/li>\n<li><a href=\"https:\/\/euprevent.eu\/wp-content\/uploads\/2025\/07\/GGDZL-2420_BookletACPproject_A5_NEDERLANDS_CMYK_V04-1_compressed-1.pdf\">Booklet PST EMR_Dutch<\/a><\/li>\n<\/ul>\n<p>[\/vc_column_text][\/vc_column][\/vc_row][vc_row][vc_column][vc_column_text]<\/p>\n<h2 data-start=\"64\" data-end=\"138\">Fondements scientifiques : comment fonctionne le PST-EMR en pratique ?<\/h2>\n<p data-start=\"136\" data-end=\"767\">Pour ceux qui souhaitent en savoir plus sur les bases scientifiques du PST-EMR :<br data-start=\"220\" data-end=\"223\" \/>Dans le cadre du master en <em data-start=\"250\" data-end=\"296\">Healthcare Policy, Innovation and Management<\/em>, Andreea Sima a men\u00e9 une recherche sur le PST dans l\u2019Eur\u00e9gio Meuse-Rhin.<br data-start=\"369\" data-end=\"372\" data-is-only-node=\"\" \/>Son \u00e9tude montre comment cet outil peut favoriser la participation transfrontali\u00e8re sur les enjeux climatiques et sanitaires.<br data-start=\"497\" data-end=\"500\" \/>Les opportunit\u00e9s et les obstacles \u00e0 la participation citoyenne y sont analys\u00e9s \u00e0 l\u2019aide de la th\u00e9orie de la valeur publique.<br data-start=\"624\" data-end=\"627\" \/>Le r\u00e9sum\u00e9 et l\u2019\u00e9tude compl\u00e8te sont t\u00e9l\u00e9chargeables ici.<\/p>\n<p>[\/vc_column_text][\/vc_column][\/vc_row][vc_row content_placement=\u00a0\u00bbmiddle\u00a0\u00bb][vc_column width=\u00a0\u00bb1\/3&Prime;][vc_single_image image=\u00a0\u00bb24263&Prime; img_size=\u00a0\u00bbfull\u00a0\u00bb][\/vc_column][vc_column width=\u00a0\u00bb2\/3&Prime;][vc_column_text]<\/p>\n<h2>T\u00e9l\u00e9chargement<\/h2>\n<ul>\n<li><a href=\"https:\/\/euprevent.eu\/wp-content\/uploads\/2025\/07\/Master-Thesis_PST-EMR-in-Practice.pdf\">Master Thesis_PST EMR in Practice<\/a><\/li>\n<\/ul>\n<p>[\/vc_column_text][\/vc_column][\/vc_row][vc_row][vc_column][vc_column_text]<\/p>\n<h2 data-start=\"68\" data-end=\"176\">Ensemble au-del\u00e0 des fronti\u00e8res : ce que nous avons appris sur la participation citoyenne dans l\u2019Eur\u00e9gio<\/h2>\n<p data-start=\"178\" data-end=\"711\" data-is-last-node=\"\" data-is-only-node=\"\">Lors de notre conf\u00e9rence finale, les formes transfrontali\u00e8res de participation citoyenne dans l\u2019Eur\u00e9gio Meuse-Rhin \u00e9taient au c\u0153ur des \u00e9changes.<br data-start=\"322\" data-end=\"325\" \/>Nous avons partag\u00e9 des exp\u00e9riences pratiques, des enseignements et des recommandations issus de diff\u00e9rents projets et initiatives.<br data-start=\"455\" data-end=\"458\" \/>Le PST-EMR a \u00e9t\u00e9 pr\u00e9sent\u00e9 comme un outil exemplaire dans ce contexte.<br data-start=\"527\" data-end=\"530\" \/>La conf\u00e9rence a r\u00e9uni des habitants, des professionnels et des d\u00e9cideurs de trois pays.<br data-start=\"617\" data-end=\"620\" \/>Vous pouvez consulter la pr\u00e9sentation des principaux enseignements ici.<\/p>\n<p>[\/vc_column_text][\/vc_column][\/vc_row][vc_row content_placement=\u00a0\u00bbmiddle\u00a0\u00bb][vc_column width=\u00a0\u00bb1\/3&Prime;][vc_single_image image=\u00a0\u00bb24259&Prime; img_size=\u00a0\u00bbfull\u00a0\u00bb][\/vc_column][vc_column width=\u00a0\u00bb2\/3&Prime;][vc_column_text]<\/p>\n<h2>T\u00e9l\u00e9chargement<\/h2>\n<ul>\n<li><a href=\"https:\/\/euprevent.eu\/wp-content\/uploads\/2025\/07\/ACP_Report-Conference-Eupen-1.pdf\" target=\"_blank\" rel=\"noopener\">ACP_Report Conference Eupen<\/a><\/li>\n<\/ul>\n<p>[\/vc_column_text][\/vc_column][\/vc_row]<\/p>\n<\/section>","protected":false},"excerpt":{"rendered":"<p>[vc_row][vc_column][vc_column_text] Participez ! Mat\u00e9riel pour la participation citoyenne dans l\u2019Eur\u00e9gio Le projet Active Citizenship Participation vise \u00e0 ancrer durablement la participation citoyenne dans l\u2019Eur\u00e9gio Meuse-Rhin.C\u2019est pourquoi nous souhaitons rendre les supports d\u00e9velopp\u00e9s dans le cadre du projet accessibles \u00e0 long terme.Ils s\u2019adressent \u00e0 toutes les personnes int\u00e9ress\u00e9es par le th\u00e8me de la participation citoyenne: qu\u2019elles [&hellip;]<\/p>\n","protected":false},"author":1,"featured_media":0,"parent":18754,"menu_order":0,"comment_status":"closed","ping_status":"closed","template":"","meta":{"_acf_changed":false,"footnotes":""},"class_list":["post-22883","page","type-page","status-publish","hentry","programmes-crossing-programmes"],"acf":[],"yoast_head":"<!-- This site is optimized with the Yoast SEO plugin v26.8 - https:\/\/yoast.com\/product\/yoast-seo-wordpress\/ -->\n<title>Publications du projet ACP - euPrevent<\/title>\n<meta name=\"robots\" content=\"index, follow, max-snippet:-1, max-image-preview:large, max-video-preview:-1\" \/>\n<link rel=\"canonical\" href=\"https:\/\/euprevent.eu\/fr\/projet-euprevent-acp\/acp-main-concept\/\" \/>\n<meta property=\"og:locale\" content=\"fr_FR\" \/>\n<meta property=\"og:type\" content=\"article\" \/>\n<meta property=\"og:title\" content=\"Publications du projet ACP - euPrevent\" \/>\n<meta property=\"og:description\" content=\"[vc_row][vc_column][vc_column_text] Participez ! Mat\u00e9riel pour la participation citoyenne dans l\u2019Eur\u00e9gio Le projet Active Citizenship Participation vise \u00e0 ancrer durablement la participation citoyenne dans l\u2019Eur\u00e9gio Meuse-Rhin.C\u2019est pourquoi nous souhaitons rendre les supports d\u00e9velopp\u00e9s dans le cadre du projet accessibles \u00e0 long terme.Ils s\u2019adressent \u00e0 toutes les personnes int\u00e9ress\u00e9es par le th\u00e8me de la participation citoyenne: qu\u2019elles [&hellip;]\" \/>\n<meta property=\"og:url\" content=\"https:\/\/euprevent.eu\/fr\/projet-euprevent-acp\/acp-main-concept\/\" \/>\n<meta property=\"og:site_name\" content=\"euPrevent\" \/>\n<meta property=\"article:modified_time\" content=\"2025-07-24T21:02:51+00:00\" \/>\n<meta name=\"twitter:card\" content=\"summary_large_image\" \/>\n<meta name=\"twitter:label1\" content=\"Dur\u00e9e de lecture estim\u00e9e\" \/>\n\t<meta name=\"twitter:data1\" content=\"4 minutes\" \/>\n<script type=\"application\/ld+json\" class=\"yoast-schema-graph\">{\"@context\":\"https:\/\/schema.org\",\"@graph\":[{\"@type\":\"WebPage\",\"@id\":\"https:\/\/euprevent.eu\/fr\/projet-euprevent-acp\/acp-main-concept\/\",\"url\":\"https:\/\/euprevent.eu\/fr\/projet-euprevent-acp\/acp-main-concept\/\",\"name\":\"Publications du projet ACP - euPrevent\",\"isPartOf\":{\"@id\":\"https:\/\/euprevent.eu\/fr\/#website\"},\"datePublished\":\"2024-05-17T11:35:24+00:00\",\"dateModified\":\"2025-07-24T21:02:51+00:00\",\"breadcrumb\":{\"@id\":\"https:\/\/euprevent.eu\/fr\/projet-euprevent-acp\/acp-main-concept\/#breadcrumb\"},\"inLanguage\":\"fr-FR\",\"potentialAction\":[{\"@type\":\"ReadAction\",\"target\":[\"https:\/\/euprevent.eu\/fr\/projet-euprevent-acp\/acp-main-concept\/\"]}]},{\"@type\":\"BreadcrumbList\",\"@id\":\"https:\/\/euprevent.eu\/fr\/projet-euprevent-acp\/acp-main-concept\/#breadcrumb\",\"itemListElement\":[{\"@type\":\"ListItem\",\"position\":1,\"name\":\"Home\",\"item\":\"https:\/\/euprevent.eu\/fr\/\"},{\"@type\":\"ListItem\",\"position\":2,\"name\":\"Projet euPrevent ACP\",\"item\":\"https:\/\/euprevent.eu\/fr\/projet-euprevent-acp\/\"},{\"@type\":\"ListItem\",\"position\":3,\"name\":\"Publications du projet ACP\"}]},{\"@type\":\"WebSite\",\"@id\":\"https:\/\/euprevent.eu\/fr\/#website\",\"url\":\"https:\/\/euprevent.eu\/fr\/\",\"name\":\"euPrevent\",\"description\":\"euPrevent is a Euroregional network that focuses on promoting health. Within this network, sustainable partnerships seek to increase the quality of life of residents in the border region between the Netherlands, Belgium and Germany.\",\"potentialAction\":[{\"@type\":\"SearchAction\",\"target\":{\"@type\":\"EntryPoint\",\"urlTemplate\":\"https:\/\/euprevent.eu\/fr\/?s={search_term_string}\"},\"query-input\":{\"@type\":\"PropertyValueSpecification\",\"valueRequired\":true,\"valueName\":\"search_term_string\"}}],\"inLanguage\":\"fr-FR\"}]}<\/script>\n<!-- \/ Yoast SEO plugin. -->","yoast_head_json":{"title":"Publications du projet ACP - euPrevent","robots":{"index":"index","follow":"follow","max-snippet":"max-snippet:-1","max-image-preview":"max-image-preview:large","max-video-preview":"max-video-preview:-1"},"canonical":"https:\/\/euprevent.eu\/fr\/projet-euprevent-acp\/acp-main-concept\/","og_locale":"fr_FR","og_type":"article","og_title":"Publications du projet ACP - euPrevent","og_description":"[vc_row][vc_column][vc_column_text] Participez ! Mat\u00e9riel pour la participation citoyenne dans l\u2019Eur\u00e9gio Le projet Active Citizenship Participation vise \u00e0 ancrer durablement la participation citoyenne dans l\u2019Eur\u00e9gio Meuse-Rhin.C\u2019est pourquoi nous souhaitons rendre les supports d\u00e9velopp\u00e9s dans le cadre du projet accessibles \u00e0 long terme.Ils s\u2019adressent \u00e0 toutes les personnes int\u00e9ress\u00e9es par le th\u00e8me de la participation citoyenne: qu\u2019elles [&hellip;]","og_url":"https:\/\/euprevent.eu\/fr\/projet-euprevent-acp\/acp-main-concept\/","og_site_name":"euPrevent","article_modified_time":"2025-07-24T21:02:51+00:00","twitter_card":"summary_large_image","twitter_misc":{"Dur\u00e9e de lecture estim\u00e9e":"4 minutes"},"schema":{"@context":"https:\/\/schema.org","@graph":[{"@type":"WebPage","@id":"https:\/\/euprevent.eu\/fr\/projet-euprevent-acp\/acp-main-concept\/","url":"https:\/\/euprevent.eu\/fr\/projet-euprevent-acp\/acp-main-concept\/","name":"Publications du projet ACP - euPrevent","isPartOf":{"@id":"https:\/\/euprevent.eu\/fr\/#website"},"datePublished":"2024-05-17T11:35:24+00:00","dateModified":"2025-07-24T21:02:51+00:00","breadcrumb":{"@id":"https:\/\/euprevent.eu\/fr\/projet-euprevent-acp\/acp-main-concept\/#breadcrumb"},"inLanguage":"fr-FR","potentialAction":[{"@type":"ReadAction","target":["https:\/\/euprevent.eu\/fr\/projet-euprevent-acp\/acp-main-concept\/"]}]},{"@type":"BreadcrumbList","@id":"https:\/\/euprevent.eu\/fr\/projet-euprevent-acp\/acp-main-concept\/#breadcrumb","itemListElement":[{"@type":"ListItem","position":1,"name":"Home","item":"https:\/\/euprevent.eu\/fr\/"},{"@type":"ListItem","position":2,"name":"Projet euPrevent ACP","item":"https:\/\/euprevent.eu\/fr\/projet-euprevent-acp\/"},{"@type":"ListItem","position":3,"name":"Publications du projet ACP"}]},{"@type":"WebSite","@id":"https:\/\/euprevent.eu\/fr\/#website","url":"https:\/\/euprevent.eu\/fr\/","name":"euPrevent","description":"euPrevent is a Euroregional network that focuses on promoting health. Within this network, sustainable partnerships seek to increase the quality of life of residents in the border region between the Netherlands, Belgium and Germany.","potentialAction":[{"@type":"SearchAction","target":{"@type":"EntryPoint","urlTemplate":"https:\/\/euprevent.eu\/fr\/?s={search_term_string}"},"query-input":{"@type":"PropertyValueSpecification","valueRequired":true,"valueName":"search_term_string"}}],"inLanguage":"fr-FR"}]}},"_links":{"self":[{"href":"https:\/\/euprevent.eu\/fr\/wp-json\/wp\/v2\/pages\/22883","targetHints":{"allow":["GET"]}}],"collection":[{"href":"https:\/\/euprevent.eu\/fr\/wp-json\/wp\/v2\/pages"}],"about":[{"href":"https:\/\/euprevent.eu\/fr\/wp-json\/wp\/v2\/types\/page"}],"author":[{"embeddable":true,"href":"https:\/\/euprevent.eu\/fr\/wp-json\/wp\/v2\/users\/1"}],"replies":[{"embeddable":true,"href":"https:\/\/euprevent.eu\/fr\/wp-json\/wp\/v2\/comments?post=22883"}],"version-history":[{"count":8,"href":"https:\/\/euprevent.eu\/fr\/wp-json\/wp\/v2\/pages\/22883\/revisions"}],"predecessor-version":[{"id":24326,"href":"https:\/\/euprevent.eu\/fr\/wp-json\/wp\/v2\/pages\/22883\/revisions\/24326"}],"up":[{"embeddable":true,"href":"https:\/\/euprevent.eu\/fr\/wp-json\/wp\/v2\/pages\/18754"}],"wp:attachment":[{"href":"https:\/\/euprevent.eu\/fr\/wp-json\/wp\/v2\/media?parent=22883"}],"curies":[{"name":"wp","href":"https:\/\/api.w.org\/{rel}","templated":true}]}}