


{"id":22695,"date":"2024-05-07T15:47:55","date_gmt":"2024-05-07T14:47:55","guid":{"rendered":"https:\/\/euprevent.eu\/?page_id=22695"},"modified":"2024-05-07T15:47:55","modified_gmt":"2024-05-07T14:47:55","slug":"aced","status":"publish","type":"page","link":"https:\/\/euprevent.eu\/fr\/aced\/","title":{"rendered":"Analysing Comprehensive Euregional Data (ACED)"},"content":{"rendered":"<section class=\"wpb-content-wrapper\"><p>[vc_row][vc_column][vc_column_text]<\/p>\n<h1><b>Analysing Comprehensive Euregional Data (ACED)<\/b><\/h1>\n<p>La promotion de la sant\u00e9 publique dans l&rsquo;Euregio Rhin-Meuse Nord (ERMN) est une t\u00e2che importante. La collecte, l&rsquo;analyse et la communication publique syst\u00e9matiques et transfrontali\u00e8res des donn\u00e9es sur la sant\u00e9 sont cruciales. Ces \u00e9tapes permettent de prendre des d\u00e9cisions \u00e9clair\u00e9es et de mettre en \u0153uvre des politiques cibl\u00e9es tant au niveau r\u00e9gional qu&rsquo;eur\u00e9gional.<\/p>\n<p>L&rsquo;analyse des donn\u00e9es permet non seulement d&rsquo;analyser les tendances actuelles en mati\u00e8re de sant\u00e9, mais aussi d&rsquo;\u00e9tablir des comparaisons au-del\u00e0 des fronti\u00e8res nationales. Cela favorise la transparence dans le secteur des soins de sant\u00e9 et sensibilise le public et les d\u00e9cideurs aux questions de sant\u00e9 pertinentes.<\/p>\n<p>Dans le cadre du <a href=\"https:\/\/euprevent.eu\/fr\/yes\/\">projet YES 2023,<\/a> des donn\u00e9es transfrontali\u00e8res standardis\u00e9es sur la sant\u00e9 des 13-17 ans dans le ERMN ont \u00e9t\u00e9 collect\u00e9es pour la premi\u00e8re fois. De septembre \u00e0 novembre 2023, 18 840 jeunes de 100 \u00e9coles ont particip\u00e9 \u00e0 l&rsquo;enqu\u00eate.[\/vc_column_text][\/vc_column][\/vc_row][vc_row gap=\u00a0\u00bb25&Prime;][vc_column width=\u00a0\u00bb2\/3&Prime; css=\u00a0\u00bb.vc_custom_1713876168420{padding-top: 25px !important;background-color: #f3f3f3 !important;border-radius: 5px !important;}\u00a0\u00bb][vc_column_text css=\u00a0\u00bb.vc_custom_1715090197838{margin-bottom: 5px !important;padding-bottom: 5px !important;}\u00a0\u00bb]<\/p>\n<h3><strong>Cadre du projet<\/strong><\/h3>\n<ul>\n<li><strong>Groupe- cible:<\/strong> ERMN Citoyens, politiques, professionnels<\/li>\n<li><strong>P\u00e9riode:<\/strong> 01.05.2024 \u2013 30.04.2025<\/li>\n<li><strong>Financiers: <\/strong>Le projet ACED est rendu possible par le programme Interreg Deutschland-Nederland et ses partenaires et est cofinanc\u00e9 par l&rsquo;Union europ\u00e9enne (UE). Le montant de la subvention s&rsquo;\u00e9l\u00e8ve \u00e0 24 797,50 euros.<\/li>\n<\/ul>\n<p>[\/vc_column_text][vc_btn title=\u00a0\u00bbPartner\u00a0\u00bb color=\u00a0\u00bbprimary\u00a0\u00bb size=\u00a0\u00bbsm\u00a0\u00bb link=\u00a0\u00bburl:https%3A%2F%2Feuprevent.eu%2Fpartner%2F%3Fprojects%3Dproject-aced\u00a0\u00bb][\/vc_column][vc_column width=\u00a0\u00bb1\/3&Prime;][\/vc_column][\/vc_row][vc_row][vc_column][vc_empty_space][vc_column_text]<\/p>\n<h2>Objectif<\/h2>\n<p>L&rsquo;objectif de ce projet est d&rsquo;analyser les donn\u00e9es de YES 2023 afin d&rsquo;identifier les diff\u00e9rences et les similitudes dans la sant\u00e9 et le bien-\u00eatre des jeunes aux Pays-Bas et en Allemagne et d&rsquo;apprendre les uns des autres. Cette analyse approfondie permet de mieux comprendre la situation sanitaire des jeunes dans l&rsquo;Euregio Rhin-Meuse Nord (ERMN). Sur cette base, les r\u00e9sultats de l&rsquo;analyse seront syst\u00e9matiquement communiqu\u00e9s pour soutenir le d\u00e9veloppement et la mise en \u0153uvre de strat\u00e9gies et d&rsquo;initiatives efficaces en mati\u00e8re de sant\u00e9 dans l&rsquo;ensemble de la r\u00e9gion.[\/vc_column_text][\/vc_column][\/vc_row][vc_row][vc_column][vc_column_text]<\/p>\n<h2>Activit\u00e9s<\/h2>\n<p>Le projet se concentre sur deux activit\u00e9s:<\/p>\n<ul>\n<li>La premi\u00e8re activit\u00e9 consiste \u00e0 analyser les donn\u00e9es YES 2023 coordonn\u00e9es par le GGD Zuid Limburg (NL).<\/li>\n<li>La seconde activit\u00e9 concerne la visualisation et la communication des r\u00e9sultats. \u00c0 cette fin, les r\u00e9sultats de l&rsquo;analyse seront pr\u00e9par\u00e9s de mani\u00e8re \u00e0 pouvoir \u00eatre publi\u00e9s sur l&rsquo;atlas eur\u00e9gional de la sant\u00e9. L&rsquo;EHA est une plateforme transfrontali\u00e8re d\u00e9j\u00e0 \u00e9tablie dans l&rsquo;Euregio Meuse-Rhin (EMR) pour informer le public et les d\u00e9cideurs sur des sujets li\u00e9s \u00e0 la sant\u00e9. Elle sera \u00e9tendue au REMC dans le cadre du projet. Afin de rendre les r\u00e9sultats du projet accessibles et compr\u00e9hensibles pour le grand public, une fiche d&rsquo;information sera produite en allemand et en n\u00e9erlandais et un communiqu\u00e9 de presse sera publi\u00e9.<\/li>\n<\/ul>\n<p>[\/vc_column_text][\/vc_column][\/vc_row][vc_row][vc_column][vc_column_text]\t<div class=\"clearfix\"><\/div>\r\n\t<div class=\"panel-events_and_news\">\r\n\t\t<div class=\"row\">\r\n\r\n            \r\n            \t\t\t<div class=\"col-sm-12 col-md-6\" id=\"events\">\r\n\t\t\t\t<h3>Ev\u00e9nements<\/h3>\r\n\t\t\t\t\t\t\t\t\t<p class=\"text-muted text-center\" style=\"margin:60px 0;\">Pas d'\u00e9v\u00e9nements<\/p>\r\n\t\t\t\t\t\t\t\t<\/div>\r\n\r\n            \r\n            \t\t\t<div class=\"col-sm-12 col-md-6\" id=\"news\">\r\n\t\t\t\t<h3>Nouvelles<\/h3>\r\n\t\t\t\t\t\t\t\t\t\t\t\t\t\t\t<div class=\"newsitem\">\r\n\t\t\t\t\t\t\t<a class=\"overlay\" href=\"https:\/\/euprevent.eu\/fr\/projektankuendigung-analysing-comprehensive-euregional-data-aced\/\"><\/a>\r\n                            <div class=\"thumb pull-left\" style=\"background-image: url('https:\/\/euprevent.eu\/wp-content\/uploads\/2024\/05\/Handleiding-max-25.jpg');\"><\/div>\r\n\t\t\t\t\t\t\t<div class=\"news-info-table\">\r\n\t\t\t\t\t\t\t\t<div class=\"news-info-table-row\">\r\n\t\t\t\t\t\t\t\t\t<div class=\"news-info-table-cell\">\r\n\t\t\t\t\t\t\t\t\t\t<p>8 May 2024<\/p>\r\n\t\t\t\t\t\t\t\t\t\t<h3>Annonce du projet: Analysing Comprehensive Euregional Data (ACED)<\/h3>\r\n\t\t\t\t\t\t\t\t\t<\/div>\r\n\t\t\t\t\t\t\t\t<\/div>\r\n\t\t\t\t\t\t\t<\/div>\r\n\t\t\t\t\t\t<\/div>\r\n\t\t\t\t\t\t\t\t\t\t\t<div class=\"text-center p-5\"><a class=\"btn btn-sm btn-default\" href=\"https:\/\/euprevent.eu\/fr\/nouvelles\/\">Toutes les nouvelles<\/a><\/div>\r\n\t\t\t\t\t\t\t\t<\/div>\r\n            \r\n\t\t<\/div>\r\n\t<\/div>\r\n\r\n\t[\/vc_column_text][\/vc_column][\/vc_row][vc_row][vc_column][vc_single_image image=\u00a0\u00bb22715&Prime; img_size=\u00a0\u00bbfull\u00a0\u00bb][\/vc_column][\/vc_row]<\/p>\n<\/section>","protected":false},"excerpt":{"rendered":"<p>[vc_row][vc_column][vc_column_text] Analysing Comprehensive Euregional Data (ACED) La promotion de la sant\u00e9 publique dans l&rsquo;Euregio Rhin-Meuse Nord (ERMN) est une t\u00e2che importante. La collecte, l&rsquo;analyse et la communication publique syst\u00e9matiques et transfrontali\u00e8res des donn\u00e9es sur la sant\u00e9 sont cruciales. Ces \u00e9tapes permettent de prendre des d\u00e9cisions \u00e9clair\u00e9es et de mettre en \u0153uvre des politiques cibl\u00e9es tant [&hellip;]<\/p>\n","protected":false},"author":3,"featured_media":0,"parent":0,"menu_order":0,"comment_status":"closed","ping_status":"closed","template":"","meta":{"_acf_changed":false,"footnotes":""},"class_list":["post-22695","page","type-page","status-publish","hentry","programmes-crossing-programmes"],"acf":[],"yoast_head":"<!-- This site is optimized with the Yoast SEO plugin v27.5 - https:\/\/yoast.com\/product\/yoast-seo-wordpress\/ -->\n<title>Analysing Comprehensive Euregional Data (ACED) - euPrevent<\/title>\n<meta name=\"robots\" content=\"index, follow, max-snippet:-1, max-image-preview:large, max-video-preview:-1\" \/>\n<link rel=\"canonical\" href=\"https:\/\/euprevent.eu\/fr\/aced\/\" \/>\n<meta property=\"og:locale\" content=\"fr_FR\" \/>\n<meta property=\"og:type\" content=\"article\" \/>\n<meta property=\"og:title\" content=\"Analysing Comprehensive Euregional Data (ACED) - euPrevent\" \/>\n<meta property=\"og:description\" content=\"[vc_row][vc_column][vc_column_text] Analysing Comprehensive Euregional Data (ACED) La promotion de la sant\u00e9 publique dans l&rsquo;Euregio Rhin-Meuse Nord (ERMN) est une t\u00e2che importante. La collecte, l&rsquo;analyse et la communication publique syst\u00e9matiques et transfrontali\u00e8res des donn\u00e9es sur la sant\u00e9 sont cruciales. Ces \u00e9tapes permettent de prendre des d\u00e9cisions \u00e9clair\u00e9es et de mettre en \u0153uvre des politiques cibl\u00e9es tant [&hellip;]\" \/>\n<meta property=\"og:url\" content=\"https:\/\/euprevent.eu\/fr\/aced\/\" \/>\n<meta property=\"og:site_name\" content=\"euPrevent\" \/>\n<meta name=\"twitter:card\" content=\"summary_large_image\" \/>\n<meta name=\"twitter:label1\" content=\"Dur\u00e9e de lecture estim\u00e9e\" \/>\n\t<meta name=\"twitter:data1\" content=\"2 minutes\" \/>\n<script type=\"application\/ld+json\" class=\"yoast-schema-graph\">{\"@context\":\"https:\\\/\\\/schema.org\",\"@graph\":[{\"@type\":\"WebPage\",\"@id\":\"https:\\\/\\\/euprevent.eu\\\/fr\\\/aced\\\/\",\"url\":\"https:\\\/\\\/euprevent.eu\\\/fr\\\/aced\\\/\",\"name\":\"Analysing Comprehensive Euregional Data (ACED) - euPrevent\",\"isPartOf\":{\"@id\":\"https:\\\/\\\/euprevent.eu\\\/fr\\\/#website\"},\"datePublished\":\"2024-05-07T14:47:55+00:00\",\"breadcrumb\":{\"@id\":\"https:\\\/\\\/euprevent.eu\\\/fr\\\/aced\\\/#breadcrumb\"},\"inLanguage\":\"fr-FR\",\"potentialAction\":[{\"@type\":\"ReadAction\",\"target\":[\"https:\\\/\\\/euprevent.eu\\\/fr\\\/aced\\\/\"]}]},{\"@type\":\"BreadcrumbList\",\"@id\":\"https:\\\/\\\/euprevent.eu\\\/fr\\\/aced\\\/#breadcrumb\",\"itemListElement\":[{\"@type\":\"ListItem\",\"position\":1,\"name\":\"Home\",\"item\":\"https:\\\/\\\/euprevent.eu\\\/fr\\\/\"},{\"@type\":\"ListItem\",\"position\":2,\"name\":\"Analysing Comprehensive Euregional Data (ACED)\"}]},{\"@type\":\"WebSite\",\"@id\":\"https:\\\/\\\/euprevent.eu\\\/fr\\\/#website\",\"url\":\"https:\\\/\\\/euprevent.eu\\\/fr\\\/\",\"name\":\"euPrevent\",\"description\":\"euPrevent is a Euroregional network that focuses on promoting health. Within this network, sustainable partnerships seek to increase the quality of life of residents in the border region between the Netherlands, Belgium and Germany.\",\"potentialAction\":[{\"@type\":\"SearchAction\",\"target\":{\"@type\":\"EntryPoint\",\"urlTemplate\":\"https:\\\/\\\/euprevent.eu\\\/fr\\\/?s={search_term_string}\"},\"query-input\":{\"@type\":\"PropertyValueSpecification\",\"valueRequired\":true,\"valueName\":\"search_term_string\"}}],\"inLanguage\":\"fr-FR\"}]}<\/script>\n<!-- \/ Yoast SEO plugin. -->","yoast_head_json":{"title":"Analysing Comprehensive Euregional Data (ACED) - euPrevent","robots":{"index":"index","follow":"follow","max-snippet":"max-snippet:-1","max-image-preview":"max-image-preview:large","max-video-preview":"max-video-preview:-1"},"canonical":"https:\/\/euprevent.eu\/fr\/aced\/","og_locale":"fr_FR","og_type":"article","og_title":"Analysing Comprehensive Euregional Data (ACED) - euPrevent","og_description":"[vc_row][vc_column][vc_column_text] Analysing Comprehensive Euregional Data (ACED) La promotion de la sant\u00e9 publique dans l&rsquo;Euregio Rhin-Meuse Nord (ERMN) est une t\u00e2che importante. La collecte, l&rsquo;analyse et la communication publique syst\u00e9matiques et transfrontali\u00e8res des donn\u00e9es sur la sant\u00e9 sont cruciales. Ces \u00e9tapes permettent de prendre des d\u00e9cisions \u00e9clair\u00e9es et de mettre en \u0153uvre des politiques cibl\u00e9es tant [&hellip;]","og_url":"https:\/\/euprevent.eu\/fr\/aced\/","og_site_name":"euPrevent","twitter_card":"summary_large_image","twitter_misc":{"Dur\u00e9e de lecture estim\u00e9e":"2 minutes"},"schema":{"@context":"https:\/\/schema.org","@graph":[{"@type":"WebPage","@id":"https:\/\/euprevent.eu\/fr\/aced\/","url":"https:\/\/euprevent.eu\/fr\/aced\/","name":"Analysing Comprehensive Euregional Data (ACED) - euPrevent","isPartOf":{"@id":"https:\/\/euprevent.eu\/fr\/#website"},"datePublished":"2024-05-07T14:47:55+00:00","breadcrumb":{"@id":"https:\/\/euprevent.eu\/fr\/aced\/#breadcrumb"},"inLanguage":"fr-FR","potentialAction":[{"@type":"ReadAction","target":["https:\/\/euprevent.eu\/fr\/aced\/"]}]},{"@type":"BreadcrumbList","@id":"https:\/\/euprevent.eu\/fr\/aced\/#breadcrumb","itemListElement":[{"@type":"ListItem","position":1,"name":"Home","item":"https:\/\/euprevent.eu\/fr\/"},{"@type":"ListItem","position":2,"name":"Analysing Comprehensive Euregional Data (ACED)"}]},{"@type":"WebSite","@id":"https:\/\/euprevent.eu\/fr\/#website","url":"https:\/\/euprevent.eu\/fr\/","name":"euPrevent","description":"euPrevent is a Euroregional network that focuses on promoting health. Within this network, sustainable partnerships seek to increase the quality of life of residents in the border region between the Netherlands, Belgium and Germany.","potentialAction":[{"@type":"SearchAction","target":{"@type":"EntryPoint","urlTemplate":"https:\/\/euprevent.eu\/fr\/?s={search_term_string}"},"query-input":{"@type":"PropertyValueSpecification","valueRequired":true,"valueName":"search_term_string"}}],"inLanguage":"fr-FR"}]}},"_links":{"self":[{"href":"https:\/\/euprevent.eu\/fr\/wp-json\/wp\/v2\/pages\/22695","targetHints":{"allow":["GET"]}}],"collection":[{"href":"https:\/\/euprevent.eu\/fr\/wp-json\/wp\/v2\/pages"}],"about":[{"href":"https:\/\/euprevent.eu\/fr\/wp-json\/wp\/v2\/types\/page"}],"author":[{"embeddable":true,"href":"https:\/\/euprevent.eu\/fr\/wp-json\/wp\/v2\/users\/3"}],"replies":[{"embeddable":true,"href":"https:\/\/euprevent.eu\/fr\/wp-json\/wp\/v2\/comments?post=22695"}],"version-history":[{"count":5,"href":"https:\/\/euprevent.eu\/fr\/wp-json\/wp\/v2\/pages\/22695\/revisions"}],"predecessor-version":[{"id":22726,"href":"https:\/\/euprevent.eu\/fr\/wp-json\/wp\/v2\/pages\/22695\/revisions\/22726"}],"wp:attachment":[{"href":"https:\/\/euprevent.eu\/fr\/wp-json\/wp\/v2\/media?parent=22695"}],"curies":[{"name":"wp","href":"https:\/\/api.w.org\/{rel}","templated":true}]}}