


{"id":22509,"date":"2024-04-03T18:23:19","date_gmt":"2024-04-03T17:23:19","guid":{"rendered":"https:\/\/euprevent.eu\/project-grensimpact\/"},"modified":"2024-04-11T15:13:55","modified_gmt":"2024-04-11T14:13:55","slug":"projet-grensimpact","status":"publish","type":"page","link":"https:\/\/euprevent.eu\/fr\/projet-grensimpact\/","title":{"rendered":"Projet GRENSimpact"},"content":{"rendered":"<section class=\"wpb-content-wrapper\"><p>[vc_row][vc_column][vc_column_text]<\/p>\n<h1>Projet GRENSimpact<\/h1>\n<p>Le projet GRENSimpact vise \u00e0 analyser la dynamique de transmission d&rsquo;une pand\u00e9mie dans certaines r\u00e9gions frontali\u00e8res et \u00e0 visualiser son impact de mani\u00e8re scientifique. Cette visualisation de la pand\u00e9mie permettra d&rsquo;\u00e9laborer des politiques de sant\u00e9 publique et des mesures de pr\u00e9vention efficaces, adapt\u00e9es aux besoins des r\u00e9gions frontali\u00e8res.[\/vc_column_text][\/vc_column][\/vc_row][vc_row][vc_column width=\u00a0\u00bb1\/2&Prime; css=\u00a0\u00bb.vc_custom_1712237230669{padding-top: 25px !important;background-color: #f3f3f3 !important;border-radius: 5px !important;}\u00a0\u00bb][vc_column_text]<\/p>\n<h3>Cadre du projet<\/h3>\n<ul>\n<li><strong>Groupe cible<\/strong> : population g\u00e9n\u00e9rale des r\u00e9gions frontali\u00e8res s\u00e9lectionn\u00e9es<\/li>\n<li><strong>Dur\u00e9e du projet<\/strong> : 12 f\u00e9vrier 2024 &#8211; 11 novembre 2024<\/li>\n<\/ul>\n<p>[\/vc_column_text][vc_btn title=\u00a0\u00bbFinancier\u00a0\u00bb color=\u00a0\u00bbprimary\u00a0\u00bb link=\u00a0\u00bburl:https%3A%2F%2Feuprevent.eu%2Ffr%2Ffinancier-projet-grensimpact%2F\u00a0\u00bb][vc_btn title=\u00a0\u00bbPartners\u00a0\u00bb color=\u00a0\u00bbprimary\u00a0\u00bb link=\u00a0\u00bburl:%2Fpartner%2F%3Fprojects%3DProject-GRENSimpact|title:Partners\u00a0\u00bb][\/vc_column][vc_column width=\u00a0\u00bb1\/2&Prime;][vc_single_image image=\u00a0\u00bb22612&Prime; img_size=\u00a0\u00bbmedium\u00a0\u00bb alignment=\u00a0\u00bbcenter\u00a0\u00bb css=\u00a0\u00bb.vc_custom_1712844832435{margin-bottom: 0px !important;}\u00a0\u00bb][\/vc_column][\/vc_row][vc_row][vc_column][vc_empty_space][vc_column_text]<\/p>\n<h2>Objet du projet<\/h2>\n<p>L&rsquo;objectif principal est d&rsquo;\u00e9tudier la transmission des pand\u00e9mies, en se concentrant particuli\u00e8rement sur la transmission transfrontali\u00e8re dans les r\u00e9gions frontali\u00e8res s\u00e9lectionn\u00e9es. En utilisant des cartes g\u00e9ographiques scientifiques et des m\u00e9thodes d&rsquo;analyse du syst\u00e8me d&rsquo;information g\u00e9ographique (SIG), le projet vise \u00e0 mieux comprendre comment les pand\u00e9mies se propagent \u00e0 travers la r\u00e9gion frontali\u00e8re, en mettant l&rsquo;accent sur la compr\u00e9hension des sch\u00e9mas de mobilit\u00e9 et leur impact sur la propagation de l&rsquo;infection.[\/vc_column_text][vc_column_text]<\/p>\n<h2>Recherche<\/h2>\n<p>La recherche utilisera des donn\u00e9es quantitatives accessibles au public, collect\u00e9es pendant la pand\u00e9mie, pour analyser et visualiser les processus spatiaux, en mettant l&rsquo;accent sur les sch\u00e9mas de transmission transfrontali\u00e8re. Elle couvre quatre euror\u00e9gions limitrophes de la Rh\u00e9nanie-du-Nord-Westphalie (Allemagne), des Pays-Bas et de la Flandre (Belgique) :<\/p>\n<ul>\n<li>EUREGIO,<\/li>\n<li>Euregio Rhin-Waal,<\/li>\n<li>Euregio Rhin-Meuse Nord, et<\/li>\n<li>Euregio Meuse-Rhin.<\/li>\n<\/ul>\n<p>[\/vc_column_text][vc_column_text]<\/p>\n<h2>Activit\u00e9s<\/h2>\n<ol>\n<li><strong>Pr\u00e9paration<\/strong> : Constitution d&rsquo;une \u00e9quipe multidisciplinaire, recherche et \u00e9valuation des ensembles de donn\u00e9es, exploration de la disponibilit\u00e9 des donn\u00e9es pour la grippe A.<\/li>\n<li><strong>Collecte des donn\u00e9es<\/strong> : Collecte et pr\u00e9paration des ensembles de donn\u00e9es, analyse \u00e0 l&rsquo;aide de m\u00e9thodes appropri\u00e9es.<\/li>\n<li><strong>Analyse des r\u00e9sultats<\/strong> : Cr\u00e9ation de visualisations cartographiques, interpr\u00e9tation des r\u00e9sultats et r\u00e9daction de recommandations bas\u00e9es sur l&rsquo;analyse.<\/li>\n<li><strong>Diffusion des r\u00e9sultats<\/strong> : Communiquer les r\u00e9sultats aux parties prenantes, r\u00e9diger des publications scientifiques et cr\u00e9er des fiches d&rsquo;information en plusieurs langues pour une diffusion plus large.<\/li>\n<\/ol>\n<p>[\/vc_column_text][\/vc_column][\/vc_row][vc_row][vc_column][vc_column_text]\t<div class=\"clearfix\"><\/div>\r\n\t<div class=\"panel-events_and_news\">\r\n\t\t<div class=\"row\">\r\n\r\n            \r\n            \t\t\t<div class=\"col-sm-12 col-md-6\" id=\"events\">\r\n\t\t\t\t<h3>Ev\u00e9nements<\/h3>\r\n\t\t\t\t\t\t\t\t\t<p class=\"text-muted text-center\" style=\"margin:60px 0;\">Pas d'\u00e9v\u00e9nements<\/p>\r\n\t\t\t\t\t\t\t\t<\/div>\r\n\r\n            \r\n            \t\t\t<div class=\"col-sm-12 col-md-6\" id=\"news\">\r\n\t\t\t\t<h3>Nouvelles<\/h3>\r\n\t\t\t\t\t\t\t\t\t\t\t\t\t\t\t<div class=\"newsitem\">\r\n\t\t\t\t\t\t\t<a class=\"overlay\" href=\"https:\/\/euprevent.eu\/fr\/visualisation-dynamique-de-limpact-du-covid-19-dans-les-regions-frontalieres-un-resultat-du-projet-grensimpact\/\"><\/a>\r\n                            <div class=\"thumb pull-left\" style=\"background-image: url('https:\/\/euprevent.eu\/wp-content\/uploads\/2024\/11\/covid-incidence.gif');\"><\/div>\r\n\t\t\t\t\t\t\t<div class=\"news-info-table\">\r\n\t\t\t\t\t\t\t\t<div class=\"news-info-table-row\">\r\n\t\t\t\t\t\t\t\t\t<div class=\"news-info-table-cell\">\r\n\t\t\t\t\t\t\t\t\t\t<p>29 November 2024<\/p>\r\n\t\t\t\t\t\t\t\t\t\t<h3>Visualisation dynamique de l\u2019impact du COVID-19 dans les r\u00e9gions frontali\u00e8res : un r\u00e9sultat du projet GRENSimpact<\/h3>\r\n\t\t\t\t\t\t\t\t\t<\/div>\r\n\t\t\t\t\t\t\t\t<\/div>\r\n\t\t\t\t\t\t\t<\/div>\r\n\t\t\t\t\t\t<\/div>\r\n\t\t\t\t\t\t\t\t\t\t\t\t<div class=\"newsitem\">\r\n\t\t\t\t\t\t\t<a class=\"overlay\" href=\"https:\/\/euprevent.eu\/fr\/borders-pandemics-and-collaboration-insights-from-the-grensimpact-project\/\"><\/a>\r\n                            <div class=\"thumb pull-left\" style=\"background-image: url('https:\/\/euprevent.eu\/wp-content\/uploads\/2024\/11\/factsheet-GRENSimpact.png');\"><\/div>\r\n\t\t\t\t\t\t\t<div class=\"news-info-table\">\r\n\t\t\t\t\t\t\t\t<div class=\"news-info-table-row\">\r\n\t\t\t\t\t\t\t\t\t<div class=\"news-info-table-cell\">\r\n\t\t\t\t\t\t\t\t\t\t<p>21 November 2024<\/p>\r\n\t\t\t\t\t\t\t\t\t\t<h3>Fronti\u00e8res, pand\u00e9mies et collaboration : perspectives du projet GRENSimpact<\/h3>\r\n\t\t\t\t\t\t\t\t\t<\/div>\r\n\t\t\t\t\t\t\t\t<\/div>\r\n\t\t\t\t\t\t\t<\/div>\r\n\t\t\t\t\t\t<\/div>\r\n\t\t\t\t\t\t\t\t\t\t\t\t<div class=\"newsitem\">\r\n\t\t\t\t\t\t\t<a class=\"overlay\" href=\"https:\/\/euprevent.eu\/fr\/zonmw-project-grensimpact-launched\/\"><\/a>\r\n                            <div class=\"thumb pull-left\" style=\"background-image: url('');\"><\/div>\r\n\t\t\t\t\t\t\t<div class=\"news-info-table\">\r\n\t\t\t\t\t\t\t\t<div class=\"news-info-table-row\">\r\n\t\t\t\t\t\t\t\t\t<div class=\"news-info-table-cell\">\r\n\t\t\t\t\t\t\t\t\t\t<p>4 April 2024<\/p>\r\n\t\t\t\t\t\t\t\t\t\t<h3>Lancement du projet ZonMw GRENSimpact<\/h3>\r\n\t\t\t\t\t\t\t\t\t<\/div>\r\n\t\t\t\t\t\t\t\t<\/div>\r\n\t\t\t\t\t\t\t<\/div>\r\n\t\t\t\t\t\t<\/div>\r\n\t\t\t\t\t\t\t\t\t\t\t<div class=\"text-center p-5\"><a class=\"btn btn-sm btn-default\" href=\"https:\/\/euprevent.eu\/fr\/nouvelles\/\">Toutes les nouvelles<\/a><\/div>\r\n\t\t\t\t\t\t\t\t<\/div>\r\n            \r\n\t\t<\/div>\r\n\t<\/div>\r\n\r\n\t[\/vc_column_text][\/vc_column][\/vc_row]<\/p>\n<\/section>","protected":false},"excerpt":{"rendered":"<p>[vc_row][vc_column][vc_column_text] Projet GRENSimpact Le projet GRENSimpact vise \u00e0 analyser la dynamique de transmission d&rsquo;une pand\u00e9mie dans certaines r\u00e9gions frontali\u00e8res et \u00e0 visualiser son impact de mani\u00e8re scientifique. Cette visualisation de la pand\u00e9mie permettra d&rsquo;\u00e9laborer des politiques de sant\u00e9 publique et des mesures de pr\u00e9vention efficaces, adapt\u00e9es aux besoins des r\u00e9gions frontali\u00e8res.[\/vc_column_text][\/vc_column][\/vc_row][vc_row][vc_column width=\u00a0\u00bb1\/2&Prime; css=\u00a0\u00bb.vc_custom_1712237230669{padding-top: 25px !important;background-color: [&hellip;]<\/p>\n","protected":false},"author":3,"featured_media":0,"parent":0,"menu_order":0,"comment_status":"closed","ping_status":"closed","template":"","meta":{"_acf_changed":false,"footnotes":""},"class_list":["post-22509","page","type-page","status-publish","hentry","programmes-infectious-diseases"],"acf":[],"yoast_head":"<!-- This site is optimized with the Yoast SEO plugin v27.5 - https:\/\/yoast.com\/product\/yoast-seo-wordpress\/ -->\n<title>Projet GRENSimpact - euPrevent<\/title>\n<meta name=\"robots\" content=\"index, follow, max-snippet:-1, max-image-preview:large, max-video-preview:-1\" \/>\n<link rel=\"canonical\" href=\"https:\/\/euprevent.eu\/fr\/projet-grensimpact\/\" \/>\n<meta property=\"og:locale\" content=\"fr_FR\" \/>\n<meta property=\"og:type\" content=\"article\" \/>\n<meta property=\"og:title\" content=\"Projet GRENSimpact - euPrevent\" \/>\n<meta property=\"og:description\" content=\"[vc_row][vc_column][vc_column_text] Projet GRENSimpact Le projet GRENSimpact vise \u00e0 analyser la dynamique de transmission d&rsquo;une pand\u00e9mie dans certaines r\u00e9gions frontali\u00e8res et \u00e0 visualiser son impact de mani\u00e8re scientifique. Cette visualisation de la pand\u00e9mie permettra d&rsquo;\u00e9laborer des politiques de sant\u00e9 publique et des mesures de pr\u00e9vention efficaces, adapt\u00e9es aux besoins des r\u00e9gions frontali\u00e8res.[\/vc_column_text][\/vc_column][\/vc_row][vc_row][vc_column width=\u00a0\u00bb1\/2&Prime; css=\u00a0\u00bb.vc_custom_1712237230669{padding-top: 25px !important;background-color: [&hellip;]\" \/>\n<meta property=\"og:url\" content=\"https:\/\/euprevent.eu\/fr\/projet-grensimpact\/\" \/>\n<meta property=\"og:site_name\" content=\"euPrevent\" \/>\n<meta property=\"article:modified_time\" content=\"2024-04-11T14:13:55+00:00\" \/>\n<meta name=\"twitter:card\" content=\"summary_large_image\" \/>\n<meta name=\"twitter:label1\" content=\"Dur\u00e9e de lecture estim\u00e9e\" \/>\n\t<meta name=\"twitter:data1\" content=\"2 minutes\" \/>\n<script type=\"application\/ld+json\" class=\"yoast-schema-graph\">{\"@context\":\"https:\\\/\\\/schema.org\",\"@graph\":[{\"@type\":\"WebPage\",\"@id\":\"https:\\\/\\\/euprevent.eu\\\/fr\\\/projet-grensimpact\\\/\",\"url\":\"https:\\\/\\\/euprevent.eu\\\/fr\\\/projet-grensimpact\\\/\",\"name\":\"Projet GRENSimpact - euPrevent\",\"isPartOf\":{\"@id\":\"https:\\\/\\\/euprevent.eu\\\/fr\\\/#website\"},\"datePublished\":\"2024-04-03T17:23:19+00:00\",\"dateModified\":\"2024-04-11T14:13:55+00:00\",\"breadcrumb\":{\"@id\":\"https:\\\/\\\/euprevent.eu\\\/fr\\\/projet-grensimpact\\\/#breadcrumb\"},\"inLanguage\":\"fr-FR\",\"potentialAction\":[{\"@type\":\"ReadAction\",\"target\":[\"https:\\\/\\\/euprevent.eu\\\/fr\\\/projet-grensimpact\\\/\"]}]},{\"@type\":\"BreadcrumbList\",\"@id\":\"https:\\\/\\\/euprevent.eu\\\/fr\\\/projet-grensimpact\\\/#breadcrumb\",\"itemListElement\":[{\"@type\":\"ListItem\",\"position\":1,\"name\":\"Home\",\"item\":\"https:\\\/\\\/euprevent.eu\\\/fr\\\/\"},{\"@type\":\"ListItem\",\"position\":2,\"name\":\"Projet GRENSimpact\"}]},{\"@type\":\"WebSite\",\"@id\":\"https:\\\/\\\/euprevent.eu\\\/fr\\\/#website\",\"url\":\"https:\\\/\\\/euprevent.eu\\\/fr\\\/\",\"name\":\"euPrevent\",\"description\":\"euPrevent is a Euroregional network that focuses on promoting health. Within this network, sustainable partnerships seek to increase the quality of life of residents in the border region between the Netherlands, Belgium and Germany.\",\"potentialAction\":[{\"@type\":\"SearchAction\",\"target\":{\"@type\":\"EntryPoint\",\"urlTemplate\":\"https:\\\/\\\/euprevent.eu\\\/fr\\\/?s={search_term_string}\"},\"query-input\":{\"@type\":\"PropertyValueSpecification\",\"valueRequired\":true,\"valueName\":\"search_term_string\"}}],\"inLanguage\":\"fr-FR\"}]}<\/script>\n<!-- \/ Yoast SEO plugin. -->","yoast_head_json":{"title":"Projet GRENSimpact - euPrevent","robots":{"index":"index","follow":"follow","max-snippet":"max-snippet:-1","max-image-preview":"max-image-preview:large","max-video-preview":"max-video-preview:-1"},"canonical":"https:\/\/euprevent.eu\/fr\/projet-grensimpact\/","og_locale":"fr_FR","og_type":"article","og_title":"Projet GRENSimpact - euPrevent","og_description":"[vc_row][vc_column][vc_column_text] Projet GRENSimpact Le projet GRENSimpact vise \u00e0 analyser la dynamique de transmission d&rsquo;une pand\u00e9mie dans certaines r\u00e9gions frontali\u00e8res et \u00e0 visualiser son impact de mani\u00e8re scientifique. Cette visualisation de la pand\u00e9mie permettra d&rsquo;\u00e9laborer des politiques de sant\u00e9 publique et des mesures de pr\u00e9vention efficaces, adapt\u00e9es aux besoins des r\u00e9gions frontali\u00e8res.[\/vc_column_text][\/vc_column][\/vc_row][vc_row][vc_column width=\u00a0\u00bb1\/2&Prime; css=\u00a0\u00bb.vc_custom_1712237230669{padding-top: 25px !important;background-color: [&hellip;]","og_url":"https:\/\/euprevent.eu\/fr\/projet-grensimpact\/","og_site_name":"euPrevent","article_modified_time":"2024-04-11T14:13:55+00:00","twitter_card":"summary_large_image","twitter_misc":{"Dur\u00e9e de lecture estim\u00e9e":"2 minutes"},"schema":{"@context":"https:\/\/schema.org","@graph":[{"@type":"WebPage","@id":"https:\/\/euprevent.eu\/fr\/projet-grensimpact\/","url":"https:\/\/euprevent.eu\/fr\/projet-grensimpact\/","name":"Projet GRENSimpact - euPrevent","isPartOf":{"@id":"https:\/\/euprevent.eu\/fr\/#website"},"datePublished":"2024-04-03T17:23:19+00:00","dateModified":"2024-04-11T14:13:55+00:00","breadcrumb":{"@id":"https:\/\/euprevent.eu\/fr\/projet-grensimpact\/#breadcrumb"},"inLanguage":"fr-FR","potentialAction":[{"@type":"ReadAction","target":["https:\/\/euprevent.eu\/fr\/projet-grensimpact\/"]}]},{"@type":"BreadcrumbList","@id":"https:\/\/euprevent.eu\/fr\/projet-grensimpact\/#breadcrumb","itemListElement":[{"@type":"ListItem","position":1,"name":"Home","item":"https:\/\/euprevent.eu\/fr\/"},{"@type":"ListItem","position":2,"name":"Projet GRENSimpact"}]},{"@type":"WebSite","@id":"https:\/\/euprevent.eu\/fr\/#website","url":"https:\/\/euprevent.eu\/fr\/","name":"euPrevent","description":"euPrevent is a Euroregional network that focuses on promoting health. Within this network, sustainable partnerships seek to increase the quality of life of residents in the border region between the Netherlands, Belgium and Germany.","potentialAction":[{"@type":"SearchAction","target":{"@type":"EntryPoint","urlTemplate":"https:\/\/euprevent.eu\/fr\/?s={search_term_string}"},"query-input":{"@type":"PropertyValueSpecification","valueRequired":true,"valueName":"search_term_string"}}],"inLanguage":"fr-FR"}]}},"_links":{"self":[{"href":"https:\/\/euprevent.eu\/fr\/wp-json\/wp\/v2\/pages\/22509","targetHints":{"allow":["GET"]}}],"collection":[{"href":"https:\/\/euprevent.eu\/fr\/wp-json\/wp\/v2\/pages"}],"about":[{"href":"https:\/\/euprevent.eu\/fr\/wp-json\/wp\/v2\/types\/page"}],"author":[{"embeddable":true,"href":"https:\/\/euprevent.eu\/fr\/wp-json\/wp\/v2\/users\/3"}],"replies":[{"embeddable":true,"href":"https:\/\/euprevent.eu\/fr\/wp-json\/wp\/v2\/comments?post=22509"}],"version-history":[{"count":9,"href":"https:\/\/euprevent.eu\/fr\/wp-json\/wp\/v2\/pages\/22509\/revisions"}],"predecessor-version":[{"id":22617,"href":"https:\/\/euprevent.eu\/fr\/wp-json\/wp\/v2\/pages\/22509\/revisions\/22617"}],"wp:attachment":[{"href":"https:\/\/euprevent.eu\/fr\/wp-json\/wp\/v2\/media?parent=22509"}],"curies":[{"name":"wp","href":"https:\/\/api.w.org\/{rel}","templated":true}]}}