


{"id":21878,"date":"2023-09-11T09:40:53","date_gmt":"2023-09-11T08:40:53","guid":{"rendered":"https:\/\/euprevent.eu\/?page_id=21878"},"modified":"2023-09-25T09:50:28","modified_gmt":"2023-09-25T08:50:28","slug":"rapports-des-sommets-citoyens-intergenerationnels-solitude","status":"publish","type":"page","link":"https:\/\/euprevent.eu\/fr\/profile\/rapports-des-sommets-citoyens-intergenerationnels-solitude\/","title":{"rendered":"Rapports des sommets citoyens interg\u00e9n\u00e9rationnels \u00ab\u00a0Solitude\u00a0\u00bb"},"content":{"rendered":"<section class=\"wpb-content-wrapper\"><p>[vc_row][vc_column][vc_column_text]<\/p>\n<h1>Rapports des sommets citoyens interg\u00e9n\u00e9rationnels \u00ab\u00a0Solitude\u00a0\u00bb<\/h1>\n<p style=\"font-weight: 400;\">Vous ou votre organisation souhaitez organiser votre propre dialogue citoyen pour l&rsquo;\u00e9change interg\u00e9n\u00e9rationnel, mais vous ne savez pas par o\u00f9 ou comment commencer ? Dans ce cas, vous trouverez plus d&rsquo;informations dans notre manuel. Dans le cadre du projet euPrevent PROFILE, nous avons rassembl\u00e9 une multitude de conseils et d&rsquo;astuces pr\u00e9cieux qui vous aideront \u00e0 organiser un sommet.<\/p>\n<p style=\"font-weight: 400;\">Nous avons rassembl\u00e9 ces exp\u00e9riences dans un manuel qui peut \u00eatre t\u00e9l\u00e9charg\u00e9 <a href=\"https:\/\/euprevent.eu\/fr\/profile\/profile-guide-on-intergenerational-exchange\/\">ici<\/a>.<\/p>\n<p style=\"font-weight: 400;\">Et pour une inspiration suppl\u00e9mentaire, nous vous invitons \u00e0 lire les rapports des \u00e9v\u00e9nements de dialogue organis\u00e9s dans le cadre du projet euPrevent PROFILE. Ces rapports offrent un aper\u00e7u des discussions passionnantes et des r\u00e9sultats des dialogues citoyens interg\u00e9n\u00e9rationnels r\u00e9alis\u00e9s et fournissent des id\u00e9es et de la motivation pour vos propres \u00e9v\u00e9nements interg\u00e9n\u00e9rationnels.<\/p>\n<p>[\/vc_column_text][\/vc_column][\/vc_row][vc_row content_placement=\u00a0\u00bbmiddle\u00a0\u00bb][vc_column width=\u00a0\u00bb1\/3&Prime;][vc_single_image image=\u00a0\u00bb21867&Prime; img_size=\u00a0\u00bbfull\u00a0\u00bb][\/vc_column][vc_column width=\u00a0\u00bb2\/3&Prime;][vc_column_text]<\/p>\n<h2>Directif<\/h2>\n<ul>\n<li><a href=\"https:\/\/euprevent.eu\/wp-content\/uploads\/2023\/09\/euPrevent-PROFILE-Guideline-CS-ENG-1.pdf\" target=\"_blank\" rel=\"noopener\">PROFILE Citizen Summit Guideline &#8211; English<\/a><\/li>\n<li><a href=\"https:\/\/euprevent.eu\/wp-content\/uploads\/2023\/09\/euPrevent-PROFILE-Guideline-CS-FR-1.pdf\" target=\"_blank\" rel=\"noopener\">PROFILE Citizen Summit Guideline &#8211; French<\/a><\/li>\n<li><a href=\"https:\/\/euprevent.eu\/wp-content\/uploads\/2023\/09\/euPrevent-PROFILE-Guideline-CS-DE-1.pdf\">PROFILE Citizen Summit Guideline &#8211; German<\/a><\/li>\n<li><a href=\"https:\/\/euprevent.eu\/wp-content\/uploads\/2023\/09\/euPrevent-PROFILE-Guideline-CS-NL-1.pdf\" target=\"_blank\" rel=\"noopener\">PROFILE Citizen Summit Guideline &#8211; Dutch<\/a><\/li>\n<\/ul>\n<p>[\/vc_column_text][vc_column_text]<\/p>\n<h2>Rapports<\/h2>\n<ul>\n<li><a href=\"https:\/\/euprevent.eu\/wp-content\/uploads\/2023\/09\/euPrevent-PROFILE-Citizen-Summit-Duren-DE-1.pdf\" target=\"_blank\" rel=\"noopener\">PROFILE Citizen Summit Du\u0308ren &#8211; German<\/a><\/li>\n<li><a href=\"https:\/\/euprevent.eu\/wp-content\/uploads\/2023\/09\/euPrevent-PROFILE-Citizen-Summit-Duren-EN-1.pdf\" target=\"_blank\" rel=\"noopener\">PROFILE Citizen Summit Du\u0308ren &#8211; English<\/a><\/li>\n<li><a href=\"https:\/\/euprevent.eu\/wp-content\/uploads\/2023\/09\/euPrevent-PROFILE-Citizen-Summit-Hasselt-NL-2.pdf\" target=\"_blank\" rel=\"noopener\">PROFILE Citizen Summit Hasselt &#8211; Dutch<\/a><\/li>\n<li><a href=\"https:\/\/euprevent.eu\/wp-content\/uploads\/2023\/09\/euPrevent-PROFILE-Citizen-Summit-Hasselt-EN-2.pdf\" target=\"_blank\" rel=\"noopener\">PROFILE Citizen Summit Hasselt &#8211; English<\/a><\/li>\n<li><a href=\"https:\/\/euprevent.eu\/wp-content\/uploads\/2023\/09\/euPrevent-PROFILE-Citizen-Summit-Kerkrade-NL-1.pdf\" target=\"_blank\" rel=\"noopener\">PROFILE Citizen Summit Kerkrade &#8211; Dutch<\/a><\/li>\n<li><a href=\"https:\/\/euprevent.eu\/wp-content\/uploads\/2023\/09\/euPrevent-PROFILE-Citizen-Summit-Kerkrade-EN-1.pdf\" target=\"_blank\" rel=\"noopener\">PROFILE Citizen Summit Kerkrade &#8211; English<\/a><\/li>\n<li><a href=\"https:\/\/euprevent.eu\/wp-content\/uploads\/2023\/09\/euPrevent-PROFILE-Citizen-Summit-Liege-FR-1.pdf\" target=\"_blank\" rel=\"noopener\">PROFILE Citizen Summit Li\u00e8ge &#8211; French<\/a><\/li>\n<li><a href=\"https:\/\/euprevent.eu\/wp-content\/uploads\/2023\/09\/euPrevent-PROFILE-Citizen-Summit-Liege-EN-1.pdf\" target=\"_blank\" rel=\"noopener\">PROFILE Citizen Summit Li\u00e8ge &#8211; English<\/a><\/li>\n<li><a href=\"https:\/\/euprevent.eu\/wp-content\/uploads\/2023\/09\/euPrevent-PROFILE-Citizen-Summit-Thimister-Clermont-FR-1.pdf\" target=\"_blank\" rel=\"noopener\">PROFILE Citizen Summit Thimister-Clermont &#8211; French<\/a><\/li>\n<li><a href=\"https:\/\/euprevent.eu\/wp-content\/uploads\/2023\/09\/euPrevent-PROFILE-Citizen-Summit-Thimister-Clermont-EN-1.pdf\" target=\"_blank\" rel=\"noopener\">PROFILE Citizen Summit Thimister-Clermont &#8211; English<\/a><\/li>\n<\/ul>\n<p>[\/vc_column_text][\/vc_column][\/vc_row]<\/p>\n<\/section>","protected":false},"excerpt":{"rendered":"<p>[vc_row][vc_column][vc_column_text] Rapports des sommets citoyens interg\u00e9n\u00e9rationnels \u00ab\u00a0Solitude\u00a0\u00bb Vous ou votre organisation souhaitez organiser votre propre dialogue citoyen pour l&rsquo;\u00e9change interg\u00e9n\u00e9rationnel, mais vous ne savez pas par o\u00f9 ou comment commencer ? Dans ce cas, vous trouverez plus d&rsquo;informations dans notre manuel. Dans le cadre du projet euPrevent PROFILE, nous avons rassembl\u00e9 une multitude de conseils [&hellip;]<\/p>\n","protected":false},"author":1,"featured_media":0,"parent":14841,"menu_order":0,"comment_status":"closed","ping_status":"closed","template":"","meta":{"_acf_changed":false,"footnotes":""},"class_list":["post-21878","page","type-page","status-publish","hentry","programmes-mental-health"],"acf":[],"yoast_head":"<!-- This site is optimized with the Yoast SEO plugin v27.5 - https:\/\/yoast.com\/product\/yoast-seo-wordpress\/ -->\n<title>Rapports des sommets citoyens interg\u00e9n\u00e9rationnels &quot;Solitude&quot; - euPrevent<\/title>\n<meta name=\"robots\" content=\"index, follow, max-snippet:-1, max-image-preview:large, max-video-preview:-1\" \/>\n<link rel=\"canonical\" href=\"https:\/\/euprevent.eu\/fr\/profile\/rapports-des-sommets-citoyens-intergenerationnels-solitude\/\" \/>\n<meta property=\"og:locale\" content=\"fr_FR\" \/>\n<meta property=\"og:type\" content=\"article\" \/>\n<meta property=\"og:title\" content=\"Rapports des sommets citoyens interg\u00e9n\u00e9rationnels &quot;Solitude&quot; - euPrevent\" \/>\n<meta property=\"og:description\" content=\"[vc_row][vc_column][vc_column_text] Rapports des sommets citoyens interg\u00e9n\u00e9rationnels \u00ab\u00a0Solitude\u00a0\u00bb Vous ou votre organisation souhaitez organiser votre propre dialogue citoyen pour l&rsquo;\u00e9change interg\u00e9n\u00e9rationnel, mais vous ne savez pas par o\u00f9 ou comment commencer ? Dans ce cas, vous trouverez plus d&rsquo;informations dans notre manuel. Dans le cadre du projet euPrevent PROFILE, nous avons rassembl\u00e9 une multitude de conseils [&hellip;]\" \/>\n<meta property=\"og:url\" content=\"https:\/\/euprevent.eu\/fr\/profile\/rapports-des-sommets-citoyens-intergenerationnels-solitude\/\" \/>\n<meta property=\"og:site_name\" content=\"euPrevent\" \/>\n<meta property=\"article:modified_time\" content=\"2023-09-25T08:50:28+00:00\" \/>\n<meta name=\"twitter:card\" content=\"summary_large_image\" \/>\n<meta name=\"twitter:label1\" content=\"Dur\u00e9e de lecture estim\u00e9e\" \/>\n\t<meta name=\"twitter:data1\" content=\"1 minute\" \/>\n<script type=\"application\/ld+json\" class=\"yoast-schema-graph\">{\"@context\":\"https:\\\/\\\/schema.org\",\"@graph\":[{\"@type\":\"WebPage\",\"@id\":\"https:\\\/\\\/euprevent.eu\\\/fr\\\/profile\\\/rapports-des-sommets-citoyens-intergenerationnels-solitude\\\/\",\"url\":\"https:\\\/\\\/euprevent.eu\\\/fr\\\/profile\\\/rapports-des-sommets-citoyens-intergenerationnels-solitude\\\/\",\"name\":\"Rapports des sommets citoyens interg\u00e9n\u00e9rationnels \\\"Solitude\\\" - euPrevent\",\"isPartOf\":{\"@id\":\"https:\\\/\\\/euprevent.eu\\\/fr\\\/#website\"},\"datePublished\":\"2023-09-11T08:40:53+00:00\",\"dateModified\":\"2023-09-25T08:50:28+00:00\",\"breadcrumb\":{\"@id\":\"https:\\\/\\\/euprevent.eu\\\/fr\\\/profile\\\/rapports-des-sommets-citoyens-intergenerationnels-solitude\\\/#breadcrumb\"},\"inLanguage\":\"fr-FR\",\"potentialAction\":[{\"@type\":\"ReadAction\",\"target\":[\"https:\\\/\\\/euprevent.eu\\\/fr\\\/profile\\\/rapports-des-sommets-citoyens-intergenerationnels-solitude\\\/\"]}]},{\"@type\":\"BreadcrumbList\",\"@id\":\"https:\\\/\\\/euprevent.eu\\\/fr\\\/profile\\\/rapports-des-sommets-citoyens-intergenerationnels-solitude\\\/#breadcrumb\",\"itemListElement\":[{\"@type\":\"ListItem\",\"position\":1,\"name\":\"Home\",\"item\":\"https:\\\/\\\/euprevent.eu\\\/fr\\\/\"},{\"@type\":\"ListItem\",\"position\":2,\"name\":\"Projet euPrevent PROFILE\",\"item\":\"https:\\\/\\\/euprevent.eu\\\/fr\\\/profile\\\/\"},{\"@type\":\"ListItem\",\"position\":3,\"name\":\"Rapports des sommets citoyens interg\u00e9n\u00e9rationnels &#8220;Solitude&#8221;\"}]},{\"@type\":\"WebSite\",\"@id\":\"https:\\\/\\\/euprevent.eu\\\/fr\\\/#website\",\"url\":\"https:\\\/\\\/euprevent.eu\\\/fr\\\/\",\"name\":\"euPrevent\",\"description\":\"euPrevent is a Euroregional network that focuses on promoting health. Within this network, sustainable partnerships seek to increase the quality of life of residents in the border region between the Netherlands, Belgium and Germany.\",\"potentialAction\":[{\"@type\":\"SearchAction\",\"target\":{\"@type\":\"EntryPoint\",\"urlTemplate\":\"https:\\\/\\\/euprevent.eu\\\/fr\\\/?s={search_term_string}\"},\"query-input\":{\"@type\":\"PropertyValueSpecification\",\"valueRequired\":true,\"valueName\":\"search_term_string\"}}],\"inLanguage\":\"fr-FR\"}]}<\/script>\n<!-- \/ Yoast SEO plugin. -->","yoast_head_json":{"title":"Rapports des sommets citoyens interg\u00e9n\u00e9rationnels \"Solitude\" - euPrevent","robots":{"index":"index","follow":"follow","max-snippet":"max-snippet:-1","max-image-preview":"max-image-preview:large","max-video-preview":"max-video-preview:-1"},"canonical":"https:\/\/euprevent.eu\/fr\/profile\/rapports-des-sommets-citoyens-intergenerationnels-solitude\/","og_locale":"fr_FR","og_type":"article","og_title":"Rapports des sommets citoyens interg\u00e9n\u00e9rationnels \"Solitude\" - euPrevent","og_description":"[vc_row][vc_column][vc_column_text] Rapports des sommets citoyens interg\u00e9n\u00e9rationnels \u00ab\u00a0Solitude\u00a0\u00bb Vous ou votre organisation souhaitez organiser votre propre dialogue citoyen pour l&rsquo;\u00e9change interg\u00e9n\u00e9rationnel, mais vous ne savez pas par o\u00f9 ou comment commencer ? Dans ce cas, vous trouverez plus d&rsquo;informations dans notre manuel. Dans le cadre du projet euPrevent PROFILE, nous avons rassembl\u00e9 une multitude de conseils [&hellip;]","og_url":"https:\/\/euprevent.eu\/fr\/profile\/rapports-des-sommets-citoyens-intergenerationnels-solitude\/","og_site_name":"euPrevent","article_modified_time":"2023-09-25T08:50:28+00:00","twitter_card":"summary_large_image","twitter_misc":{"Dur\u00e9e de lecture estim\u00e9e":"1 minute"},"schema":{"@context":"https:\/\/schema.org","@graph":[{"@type":"WebPage","@id":"https:\/\/euprevent.eu\/fr\/profile\/rapports-des-sommets-citoyens-intergenerationnels-solitude\/","url":"https:\/\/euprevent.eu\/fr\/profile\/rapports-des-sommets-citoyens-intergenerationnels-solitude\/","name":"Rapports des sommets citoyens interg\u00e9n\u00e9rationnels \"Solitude\" - euPrevent","isPartOf":{"@id":"https:\/\/euprevent.eu\/fr\/#website"},"datePublished":"2023-09-11T08:40:53+00:00","dateModified":"2023-09-25T08:50:28+00:00","breadcrumb":{"@id":"https:\/\/euprevent.eu\/fr\/profile\/rapports-des-sommets-citoyens-intergenerationnels-solitude\/#breadcrumb"},"inLanguage":"fr-FR","potentialAction":[{"@type":"ReadAction","target":["https:\/\/euprevent.eu\/fr\/profile\/rapports-des-sommets-citoyens-intergenerationnels-solitude\/"]}]},{"@type":"BreadcrumbList","@id":"https:\/\/euprevent.eu\/fr\/profile\/rapports-des-sommets-citoyens-intergenerationnels-solitude\/#breadcrumb","itemListElement":[{"@type":"ListItem","position":1,"name":"Home","item":"https:\/\/euprevent.eu\/fr\/"},{"@type":"ListItem","position":2,"name":"Projet euPrevent PROFILE","item":"https:\/\/euprevent.eu\/fr\/profile\/"},{"@type":"ListItem","position":3,"name":"Rapports des sommets citoyens interg\u00e9n\u00e9rationnels &#8220;Solitude&#8221;"}]},{"@type":"WebSite","@id":"https:\/\/euprevent.eu\/fr\/#website","url":"https:\/\/euprevent.eu\/fr\/","name":"euPrevent","description":"euPrevent is a Euroregional network that focuses on promoting health. Within this network, sustainable partnerships seek to increase the quality of life of residents in the border region between the Netherlands, Belgium and Germany.","potentialAction":[{"@type":"SearchAction","target":{"@type":"EntryPoint","urlTemplate":"https:\/\/euprevent.eu\/fr\/?s={search_term_string}"},"query-input":{"@type":"PropertyValueSpecification","valueRequired":true,"valueName":"search_term_string"}}],"inLanguage":"fr-FR"}]}},"_links":{"self":[{"href":"https:\/\/euprevent.eu\/fr\/wp-json\/wp\/v2\/pages\/21878","targetHints":{"allow":["GET"]}}],"collection":[{"href":"https:\/\/euprevent.eu\/fr\/wp-json\/wp\/v2\/pages"}],"about":[{"href":"https:\/\/euprevent.eu\/fr\/wp-json\/wp\/v2\/types\/page"}],"author":[{"embeddable":true,"href":"https:\/\/euprevent.eu\/fr\/wp-json\/wp\/v2\/users\/1"}],"replies":[{"embeddable":true,"href":"https:\/\/euprevent.eu\/fr\/wp-json\/wp\/v2\/comments?post=21878"}],"version-history":[{"count":3,"href":"https:\/\/euprevent.eu\/fr\/wp-json\/wp\/v2\/pages\/21878\/revisions"}],"predecessor-version":[{"id":21917,"href":"https:\/\/euprevent.eu\/fr\/wp-json\/wp\/v2\/pages\/21878\/revisions\/21917"}],"up":[{"embeddable":true,"href":"https:\/\/euprevent.eu\/fr\/wp-json\/wp\/v2\/pages\/14841"}],"wp:attachment":[{"href":"https:\/\/euprevent.eu\/fr\/wp-json\/wp\/v2\/media?parent=21878"}],"curies":[{"name":"wp","href":"https:\/\/api.w.org\/{rel}","templated":true}]}}