


{"id":21555,"date":"2023-08-22T16:08:47","date_gmt":"2023-08-22T15:08:47","guid":{"rendered":"https:\/\/euprevent.eu\/?page_id=21555"},"modified":"2023-08-22T16:09:07","modified_gmt":"2023-08-22T15:09:07","slug":"profile-coordonnees-regionales","status":"publish","type":"page","link":"https:\/\/euprevent.eu\/fr\/profile\/profile-coordonnees-regionales\/","title":{"rendered":"PROFILE &#8211; Coordonn\u00e9es r\u00e9gionales"},"content":{"rendered":"<section class=\"wpb-content-wrapper\"><p>[vc_row][vc_column][vc_column_text]<\/p>\n<div class=\"wpb_text_column wpb_content_element \">\n<div class=\"wpb_wrapper\">\n<p><strong>Coordonn\u00e9es r\u00e9gionales<\/strong><\/p>\n<\/div>\n<\/div>\n<div class=\"wpb_text_column wpb_content_element \">\n<div class=\"wpb_wrapper\">\n<p><strong>1. UM<\/strong><br \/>\nFrans Verhey, Niels Janssen en Marjolein de Vugt (NL):<br \/>\n<a href=\"mailto:info@alzheimercentrumlimburg.nl\">info@alzheimercentrumlimburg.nl<\/a><br \/>\n<a href=\"mailto:niels.janssen@maastrichtuniversity.nl\">niels.janssen@maastrichtuniversity.nl<\/a><\/p>\n<p><strong>2. GGD<\/strong><br \/>\nGGD Zuid-Limburg<br \/>\nTel. 0031-(0)88-880 50 00<br \/>\nE-mail:\u00a0<a href=\"https:\/\/www.ggdzl.nl\/contact\/contactformulier\/\" data-cke-saved-href=\"https:\/\/www.ggdzl.nl\/contact\/contactformulier\/\">https:\/\/www.ggdzl.nl\/contact\/contactformulier\/<\/a><br \/>\nWebsite:\u00a0<a href=\"https:\/\/www.ggdzl.nl\/\" data-cke-saved-href=\"https:\/\/www.ggdzl.nl\/\">https:\/\/www.ggdzl.nl\/<\/a><\/p>\n<p><strong>3. Logo Limburg vzw<\/strong><br \/>\n<a href=\"mailto:logo@logolimburg.be\" data-cke-saved-href=\"mailto:logo@logolimburg.be\">logo@logolimburg.be<\/a><br \/>\n++32 11 15 12 30<\/p>\n<p><strong>4. Bagso<\/strong><br \/>\nSilke Leicht<br \/>\n<a href=\"https:\/\/www.bagso.de\/\" target=\"_blank\" rel=\"noopener\" data-cke-saved-href=\"https:\/\/www.bagso.de\/\">https:\/\/www.bagso.de\/<\/a><\/p>\n<p><strong>5. ULi\u00e8ge<\/strong><br \/>\nUnit\u00e9 de Psychologie de la S\u00e9n\u00e9scence (UPsySen)<br \/>\nQuartier Agora \u2013 Place des Orateurs 1<br \/>\nB\u00e2timent Trifacultaire B33<br \/>\n400 Li\u00e8ge (Sart-Tilman)<br \/>\n<a href=\"mailto:upsysen@uliege.be\" target=\"_blank\" rel=\"noopener\" data-cke-saved-href=\"mailto:upsysen@uliege.be\">upsysen@uliege.be<\/a><br \/>\n+32 4 366 28 46 \/ +32 4 366 20 81 (Secr\u00e9tariat)<br \/>\n<a href=\"http:\/\/www.senescence.uliege.be\/\" data-cke-saved-href=\"http:\/\/www.senescence.uliege.be\">www.senescence.uliege.be<\/a><\/p>\n<p><strong>6. MC<\/strong><br \/>\nLo\u00efc Jacob<br \/>\n<a href=\"mailto:communication@euprevent.eu\" target=\"_blank\" rel=\"noopener\" data-cke-saved-href=\"mailto:communication@euprevent.eu\">loic.jacob@mc.be<\/a><\/p>\n<p><strong>7. euPrevent<\/strong><br \/>\n<a href=\"mailto:communication@euprevent.eu\" target=\"_blank\" rel=\"noopener\" data-cke-saved-href=\"mailto:communication@euprevent.eu\">communication@euprevent.eu<\/a><br \/>\n<a href=\"http:\/\/www.euprevent.eu\/\" target=\"_blank\" rel=\"noopener\" data-cke-saved-href=\"http:\/\/www.euprevent.eu\/\">www.euprevent.eu<\/a><\/p>\n<\/div>\n<\/div>\n<p>[\/vc_column_text][\/vc_column][\/vc_row]<\/p>\n<\/section>","protected":false},"excerpt":{"rendered":"<p>[vc_row][vc_column][vc_column_text] Coordonn\u00e9es r\u00e9gionales 1. UM Frans Verhey, Niels Janssen en Marjolein de Vugt (NL): info@alzheimercentrumlimburg.nl niels.janssen@maastrichtuniversity.nl 2. GGD GGD Zuid-Limburg Tel. 0031-(0)88-880 50 00 E-mail:\u00a0https:\/\/www.ggdzl.nl\/contact\/contactformulier\/ Website:\u00a0https:\/\/www.ggdzl.nl\/ 3. Logo Limburg vzw logo@logolimburg.be ++32 11 15 12 30 4. Bagso Silke Leicht https:\/\/www.bagso.de\/ 5. ULi\u00e8ge Unit\u00e9 de Psychologie de la S\u00e9n\u00e9scence (UPsySen) Quartier Agora \u2013 Place des [&hellip;]<\/p>\n","protected":false},"author":1,"featured_media":0,"parent":14841,"menu_order":0,"comment_status":"closed","ping_status":"closed","template":"","meta":{"_acf_changed":false,"footnotes":""},"class_list":["post-21555","page","type-page","status-publish","hentry","programmes-mental-health"],"acf":[],"yoast_head":"<!-- This site is optimized with the Yoast SEO plugin v26.8 - https:\/\/yoast.com\/product\/yoast-seo-wordpress\/ -->\n<title>PROFILE - Coordonn\u00e9es r\u00e9gionales - euPrevent<\/title>\n<meta name=\"robots\" content=\"index, follow, max-snippet:-1, max-image-preview:large, max-video-preview:-1\" \/>\n<link rel=\"canonical\" href=\"https:\/\/euprevent.eu\/fr\/profile\/profile-coordonnees-regionales\/\" \/>\n<meta property=\"og:locale\" content=\"fr_FR\" \/>\n<meta property=\"og:type\" content=\"article\" \/>\n<meta property=\"og:title\" content=\"PROFILE - Coordonn\u00e9es r\u00e9gionales - euPrevent\" \/>\n<meta property=\"og:description\" content=\"[vc_row][vc_column][vc_column_text] Coordonn\u00e9es r\u00e9gionales 1. UM Frans Verhey, Niels Janssen en Marjolein de Vugt (NL): info@alzheimercentrumlimburg.nl niels.janssen@maastrichtuniversity.nl 2. GGD GGD Zuid-Limburg Tel. 0031-(0)88-880 50 00 E-mail:\u00a0https:\/\/www.ggdzl.nl\/contact\/contactformulier\/ Website:\u00a0https:\/\/www.ggdzl.nl\/ 3. Logo Limburg vzw logo@logolimburg.be ++32 11 15 12 30 4. Bagso Silke Leicht https:\/\/www.bagso.de\/ 5. ULi\u00e8ge Unit\u00e9 de Psychologie de la S\u00e9n\u00e9scence (UPsySen) Quartier Agora \u2013 Place des [&hellip;]\" \/>\n<meta property=\"og:url\" content=\"https:\/\/euprevent.eu\/fr\/profile\/profile-coordonnees-regionales\/\" \/>\n<meta property=\"og:site_name\" content=\"euPrevent\" \/>\n<meta property=\"article:modified_time\" content=\"2023-08-22T15:09:07+00:00\" \/>\n<meta name=\"twitter:card\" content=\"summary_large_image\" \/>\n<meta name=\"twitter:label1\" content=\"Dur\u00e9e de lecture estim\u00e9e\" \/>\n\t<meta name=\"twitter:data1\" content=\"1 minute\" \/>\n<script type=\"application\/ld+json\" class=\"yoast-schema-graph\">{\"@context\":\"https:\/\/schema.org\",\"@graph\":[{\"@type\":\"WebPage\",\"@id\":\"https:\/\/euprevent.eu\/fr\/profile\/profile-coordonnees-regionales\/\",\"url\":\"https:\/\/euprevent.eu\/fr\/profile\/profile-coordonnees-regionales\/\",\"name\":\"PROFILE - Coordonn\u00e9es r\u00e9gionales - euPrevent\",\"isPartOf\":{\"@id\":\"https:\/\/euprevent.eu\/fr\/#website\"},\"datePublished\":\"2023-08-22T15:08:47+00:00\",\"dateModified\":\"2023-08-22T15:09:07+00:00\",\"breadcrumb\":{\"@id\":\"https:\/\/euprevent.eu\/fr\/profile\/profile-coordonnees-regionales\/#breadcrumb\"},\"inLanguage\":\"fr-FR\",\"potentialAction\":[{\"@type\":\"ReadAction\",\"target\":[\"https:\/\/euprevent.eu\/fr\/profile\/profile-coordonnees-regionales\/\"]}]},{\"@type\":\"BreadcrumbList\",\"@id\":\"https:\/\/euprevent.eu\/fr\/profile\/profile-coordonnees-regionales\/#breadcrumb\",\"itemListElement\":[{\"@type\":\"ListItem\",\"position\":1,\"name\":\"Home\",\"item\":\"https:\/\/euprevent.eu\/fr\/\"},{\"@type\":\"ListItem\",\"position\":2,\"name\":\"Projet euPrevent PROFILE\",\"item\":\"https:\/\/euprevent.eu\/fr\/profile\/\"},{\"@type\":\"ListItem\",\"position\":3,\"name\":\"PROFILE &#8211; Coordonn\u00e9es r\u00e9gionales\"}]},{\"@type\":\"WebSite\",\"@id\":\"https:\/\/euprevent.eu\/fr\/#website\",\"url\":\"https:\/\/euprevent.eu\/fr\/\",\"name\":\"euPrevent\",\"description\":\"euPrevent is a Euroregional network that focuses on promoting health. Within this network, sustainable partnerships seek to increase the quality of life of residents in the border region between the Netherlands, Belgium and Germany.\",\"potentialAction\":[{\"@type\":\"SearchAction\",\"target\":{\"@type\":\"EntryPoint\",\"urlTemplate\":\"https:\/\/euprevent.eu\/fr\/?s={search_term_string}\"},\"query-input\":{\"@type\":\"PropertyValueSpecification\",\"valueRequired\":true,\"valueName\":\"search_term_string\"}}],\"inLanguage\":\"fr-FR\"}]}<\/script>\n<!-- \/ Yoast SEO plugin. -->","yoast_head_json":{"title":"PROFILE - Coordonn\u00e9es r\u00e9gionales - euPrevent","robots":{"index":"index","follow":"follow","max-snippet":"max-snippet:-1","max-image-preview":"max-image-preview:large","max-video-preview":"max-video-preview:-1"},"canonical":"https:\/\/euprevent.eu\/fr\/profile\/profile-coordonnees-regionales\/","og_locale":"fr_FR","og_type":"article","og_title":"PROFILE - Coordonn\u00e9es r\u00e9gionales - euPrevent","og_description":"[vc_row][vc_column][vc_column_text] Coordonn\u00e9es r\u00e9gionales 1. UM Frans Verhey, Niels Janssen en Marjolein de Vugt (NL): info@alzheimercentrumlimburg.nl niels.janssen@maastrichtuniversity.nl 2. GGD GGD Zuid-Limburg Tel. 0031-(0)88-880 50 00 E-mail:\u00a0https:\/\/www.ggdzl.nl\/contact\/contactformulier\/ Website:\u00a0https:\/\/www.ggdzl.nl\/ 3. Logo Limburg vzw logo@logolimburg.be ++32 11 15 12 30 4. Bagso Silke Leicht https:\/\/www.bagso.de\/ 5. ULi\u00e8ge Unit\u00e9 de Psychologie de la S\u00e9n\u00e9scence (UPsySen) Quartier Agora \u2013 Place des [&hellip;]","og_url":"https:\/\/euprevent.eu\/fr\/profile\/profile-coordonnees-regionales\/","og_site_name":"euPrevent","article_modified_time":"2023-08-22T15:09:07+00:00","twitter_card":"summary_large_image","twitter_misc":{"Dur\u00e9e de lecture estim\u00e9e":"1 minute"},"schema":{"@context":"https:\/\/schema.org","@graph":[{"@type":"WebPage","@id":"https:\/\/euprevent.eu\/fr\/profile\/profile-coordonnees-regionales\/","url":"https:\/\/euprevent.eu\/fr\/profile\/profile-coordonnees-regionales\/","name":"PROFILE - Coordonn\u00e9es r\u00e9gionales - euPrevent","isPartOf":{"@id":"https:\/\/euprevent.eu\/fr\/#website"},"datePublished":"2023-08-22T15:08:47+00:00","dateModified":"2023-08-22T15:09:07+00:00","breadcrumb":{"@id":"https:\/\/euprevent.eu\/fr\/profile\/profile-coordonnees-regionales\/#breadcrumb"},"inLanguage":"fr-FR","potentialAction":[{"@type":"ReadAction","target":["https:\/\/euprevent.eu\/fr\/profile\/profile-coordonnees-regionales\/"]}]},{"@type":"BreadcrumbList","@id":"https:\/\/euprevent.eu\/fr\/profile\/profile-coordonnees-regionales\/#breadcrumb","itemListElement":[{"@type":"ListItem","position":1,"name":"Home","item":"https:\/\/euprevent.eu\/fr\/"},{"@type":"ListItem","position":2,"name":"Projet euPrevent PROFILE","item":"https:\/\/euprevent.eu\/fr\/profile\/"},{"@type":"ListItem","position":3,"name":"PROFILE &#8211; Coordonn\u00e9es r\u00e9gionales"}]},{"@type":"WebSite","@id":"https:\/\/euprevent.eu\/fr\/#website","url":"https:\/\/euprevent.eu\/fr\/","name":"euPrevent","description":"euPrevent is a Euroregional network that focuses on promoting health. Within this network, sustainable partnerships seek to increase the quality of life of residents in the border region between the Netherlands, Belgium and Germany.","potentialAction":[{"@type":"SearchAction","target":{"@type":"EntryPoint","urlTemplate":"https:\/\/euprevent.eu\/fr\/?s={search_term_string}"},"query-input":{"@type":"PropertyValueSpecification","valueRequired":true,"valueName":"search_term_string"}}],"inLanguage":"fr-FR"}]}},"_links":{"self":[{"href":"https:\/\/euprevent.eu\/fr\/wp-json\/wp\/v2\/pages\/21555","targetHints":{"allow":["GET"]}}],"collection":[{"href":"https:\/\/euprevent.eu\/fr\/wp-json\/wp\/v2\/pages"}],"about":[{"href":"https:\/\/euprevent.eu\/fr\/wp-json\/wp\/v2\/types\/page"}],"author":[{"embeddable":true,"href":"https:\/\/euprevent.eu\/fr\/wp-json\/wp\/v2\/users\/1"}],"replies":[{"embeddable":true,"href":"https:\/\/euprevent.eu\/fr\/wp-json\/wp\/v2\/comments?post=21555"}],"version-history":[{"count":2,"href":"https:\/\/euprevent.eu\/fr\/wp-json\/wp\/v2\/pages\/21555\/revisions"}],"predecessor-version":[{"id":21557,"href":"https:\/\/euprevent.eu\/fr\/wp-json\/wp\/v2\/pages\/21555\/revisions\/21557"}],"up":[{"embeddable":true,"href":"https:\/\/euprevent.eu\/fr\/wp-json\/wp\/v2\/pages\/14841"}],"wp:attachment":[{"href":"https:\/\/euprevent.eu\/fr\/wp-json\/wp\/v2\/media?parent=21555"}],"curies":[{"name":"wp","href":"https:\/\/api.w.org\/{rel}","templated":true}]}}