


{"id":21530,"date":"2023-08-21T15:01:56","date_gmt":"2023-08-21T14:01:56","guid":{"rendered":"https:\/\/euprevent.eu\/profile\/profile-guide-on-intergenerational-exchange\/"},"modified":"2023-09-11T09:45:52","modified_gmt":"2023-09-11T08:45:52","slug":"profile-guide-on-intergenerational-exchange","status":"publish","type":"page","link":"https:\/\/euprevent.eu\/fr\/profile\/profile-guide-on-intergenerational-exchange\/","title":{"rendered":"PROFILE Guide on Intergenerational Exchange"},"content":{"rendered":"<section class=\"wpb-content-wrapper\"><p>[vc_row][vc_column][vc_column_text]<\/p>\n<h1>PROFILE Guide sur les \u00e9changes interg\u00e9n\u00e9rationnels<\/h1>\n<p>L&rsquo;importance et le potentiel du rapprochement des jeunes g\u00e9n\u00e9rations et des g\u00e9n\u00e9rations plus \u00e2g\u00e9es ont fait l&rsquo;objet d&rsquo;une attention croissante, notamment en raison de la pand\u00e9mie de COVID-19. La promotion et l&rsquo;encouragement des \u00e9changes interg\u00e9n\u00e9rationnels sont mentionn\u00e9s comme l&rsquo;une des actions de la strat\u00e9gie et du plan d&rsquo;action 2012-2020 de l&rsquo;OMS et constituent l&rsquo;un des trois principaux piliers du projet euPrevent PROFILE.<\/p>\n<p>Dans le cadre du projet euPrevent PROFILE, un guide a \u00e9t\u00e9 \u00e9labor\u00e9 dans le but de fournir des informations (pratiques) et d&rsquo;inspirer les gens en ce qui concerne l&rsquo;\u00e9change interg\u00e9n\u00e9rationnel dans le contexte de la solitude. Ce guide s&rsquo;adresse \u00e0 toute personne int\u00e9ress\u00e9e par la mise en \u0153uvre de pratiques interg\u00e9n\u00e9rationnelles pour pr\u00e9venir ou r\u00e9duire la solitude.<\/p>\n<p>La ligne directrice et les rapports du sommet sont disponibles <a href=\"https:\/\/euprevent.eu\/fr\/profile\/rapports-des-sommets-citoyens-intergenerationnels-solitude\/\">ici<\/a>.[\/vc_column_text][\/vc_column][\/vc_row][vc_row content_placement=\u00a0\u00bbmiddle\u00a0\u00bb][vc_column width=\u00a0\u00bb1\/3&Prime;][vc_single_image image=\u00a0\u00bb21573&Prime; img_size=\u00a0\u00bbfull\u00a0\u00bb][\/vc_column][vc_column width=\u00a0\u00bb2\/3&Prime;][vc_column_text]<\/p>\n<h2>T\u00e9l\u00e9chargements<\/h2>\n<ul>\n<li><a href=\"https:\/\/euprevent.eu\/wp-content\/uploads\/2023\/09\/Profile-GIEX-ENG.pdf\" target=\"_blank\" rel=\"noopener\">PROFILE GIEX &#8211; English<\/a><\/li>\n<li><a href=\"https:\/\/euprevent.eu\/wp-content\/uploads\/2023\/09\/Profile-GIEX-FR.pdf\" target=\"_blank\" rel=\"noopener\">PROFILE GIEX &#8211; French<\/a><\/li>\n<li><a href=\"https:\/\/euprevent.eu\/wp-content\/uploads\/2023\/09\/Profile-GIEX-DE.pdf\" target=\"_blank\" rel=\"noopener\">PROFILE GIEX &#8211; German<\/a><\/li>\n<li><a href=\"https:\/\/euprevent.eu\/wp-content\/uploads\/2023\/09\/Profile-GIEX-NL.pdf\" target=\"_blank\" rel=\"noopener\">PROFILE GIEX &#8211; Dutch<\/a><\/li>\n<\/ul>\n<p>[\/vc_column_text][\/vc_column][\/vc_row]<\/p>\n<\/section>","protected":false},"excerpt":{"rendered":"<p>[vc_row][vc_column][vc_column_text] PROFILE Guide sur les \u00e9changes interg\u00e9n\u00e9rationnels L&rsquo;importance et le potentiel du rapprochement des jeunes g\u00e9n\u00e9rations et des g\u00e9n\u00e9rations plus \u00e2g\u00e9es ont fait l&rsquo;objet d&rsquo;une attention croissante, notamment en raison de la pand\u00e9mie de COVID-19. La promotion et l&rsquo;encouragement des \u00e9changes interg\u00e9n\u00e9rationnels sont mentionn\u00e9s comme l&rsquo;une des actions de la strat\u00e9gie et du plan d&rsquo;action [&hellip;]<\/p>\n","protected":false},"author":1,"featured_media":0,"parent":14841,"menu_order":0,"comment_status":"closed","ping_status":"closed","template":"","meta":{"_acf_changed":false,"footnotes":""},"class_list":["post-21530","page","type-page","status-publish","hentry","programmes-mental-health"],"acf":[],"yoast_head":"<!-- This site is optimized with the Yoast SEO plugin v27.5 - https:\/\/yoast.com\/product\/yoast-seo-wordpress\/ -->\n<title>PROFILE Guide on Intergenerational Exchange - euPrevent<\/title>\n<meta name=\"robots\" content=\"index, follow, max-snippet:-1, max-image-preview:large, max-video-preview:-1\" \/>\n<link rel=\"canonical\" href=\"https:\/\/euprevent.eu\/fr\/profile\/profile-guide-on-intergenerational-exchange\/\" \/>\n<meta property=\"og:locale\" content=\"fr_FR\" \/>\n<meta property=\"og:type\" content=\"article\" \/>\n<meta property=\"og:title\" content=\"PROFILE Guide on Intergenerational Exchange - euPrevent\" \/>\n<meta property=\"og:description\" content=\"[vc_row][vc_column][vc_column_text] PROFILE Guide sur les \u00e9changes interg\u00e9n\u00e9rationnels L&rsquo;importance et le potentiel du rapprochement des jeunes g\u00e9n\u00e9rations et des g\u00e9n\u00e9rations plus \u00e2g\u00e9es ont fait l&rsquo;objet d&rsquo;une attention croissante, notamment en raison de la pand\u00e9mie de COVID-19. La promotion et l&rsquo;encouragement des \u00e9changes interg\u00e9n\u00e9rationnels sont mentionn\u00e9s comme l&rsquo;une des actions de la strat\u00e9gie et du plan d&rsquo;action [&hellip;]\" \/>\n<meta property=\"og:url\" content=\"https:\/\/euprevent.eu\/fr\/profile\/profile-guide-on-intergenerational-exchange\/\" \/>\n<meta property=\"og:site_name\" content=\"euPrevent\" \/>\n<meta property=\"article:modified_time\" content=\"2023-09-11T08:45:52+00:00\" \/>\n<meta name=\"twitter:card\" content=\"summary_large_image\" \/>\n<meta name=\"twitter:label1\" content=\"Dur\u00e9e de lecture estim\u00e9e\" \/>\n\t<meta name=\"twitter:data1\" content=\"1 minute\" \/>\n<script type=\"application\/ld+json\" class=\"yoast-schema-graph\">{\"@context\":\"https:\\\/\\\/schema.org\",\"@graph\":[{\"@type\":\"WebPage\",\"@id\":\"https:\\\/\\\/euprevent.eu\\\/fr\\\/profile\\\/profile-guide-on-intergenerational-exchange\\\/\",\"url\":\"https:\\\/\\\/euprevent.eu\\\/fr\\\/profile\\\/profile-guide-on-intergenerational-exchange\\\/\",\"name\":\"PROFILE Guide on Intergenerational Exchange - euPrevent\",\"isPartOf\":{\"@id\":\"https:\\\/\\\/euprevent.eu\\\/fr\\\/#website\"},\"datePublished\":\"2023-08-21T14:01:56+00:00\",\"dateModified\":\"2023-09-11T08:45:52+00:00\",\"breadcrumb\":{\"@id\":\"https:\\\/\\\/euprevent.eu\\\/fr\\\/profile\\\/profile-guide-on-intergenerational-exchange\\\/#breadcrumb\"},\"inLanguage\":\"fr-FR\",\"potentialAction\":[{\"@type\":\"ReadAction\",\"target\":[\"https:\\\/\\\/euprevent.eu\\\/fr\\\/profile\\\/profile-guide-on-intergenerational-exchange\\\/\"]}]},{\"@type\":\"BreadcrumbList\",\"@id\":\"https:\\\/\\\/euprevent.eu\\\/fr\\\/profile\\\/profile-guide-on-intergenerational-exchange\\\/#breadcrumb\",\"itemListElement\":[{\"@type\":\"ListItem\",\"position\":1,\"name\":\"Home\",\"item\":\"https:\\\/\\\/euprevent.eu\\\/fr\\\/\"},{\"@type\":\"ListItem\",\"position\":2,\"name\":\"Projet euPrevent PROFILE\",\"item\":\"https:\\\/\\\/euprevent.eu\\\/fr\\\/profile\\\/\"},{\"@type\":\"ListItem\",\"position\":3,\"name\":\"PROFILE Guide on Intergenerational Exchange\"}]},{\"@type\":\"WebSite\",\"@id\":\"https:\\\/\\\/euprevent.eu\\\/fr\\\/#website\",\"url\":\"https:\\\/\\\/euprevent.eu\\\/fr\\\/\",\"name\":\"euPrevent\",\"description\":\"euPrevent is a Euroregional network that focuses on promoting health. Within this network, sustainable partnerships seek to increase the quality of life of residents in the border region between the Netherlands, Belgium and Germany.\",\"potentialAction\":[{\"@type\":\"SearchAction\",\"target\":{\"@type\":\"EntryPoint\",\"urlTemplate\":\"https:\\\/\\\/euprevent.eu\\\/fr\\\/?s={search_term_string}\"},\"query-input\":{\"@type\":\"PropertyValueSpecification\",\"valueRequired\":true,\"valueName\":\"search_term_string\"}}],\"inLanguage\":\"fr-FR\"}]}<\/script>\n<!-- \/ Yoast SEO plugin. -->","yoast_head_json":{"title":"PROFILE Guide on Intergenerational Exchange - euPrevent","robots":{"index":"index","follow":"follow","max-snippet":"max-snippet:-1","max-image-preview":"max-image-preview:large","max-video-preview":"max-video-preview:-1"},"canonical":"https:\/\/euprevent.eu\/fr\/profile\/profile-guide-on-intergenerational-exchange\/","og_locale":"fr_FR","og_type":"article","og_title":"PROFILE Guide on Intergenerational Exchange - euPrevent","og_description":"[vc_row][vc_column][vc_column_text] PROFILE Guide sur les \u00e9changes interg\u00e9n\u00e9rationnels L&rsquo;importance et le potentiel du rapprochement des jeunes g\u00e9n\u00e9rations et des g\u00e9n\u00e9rations plus \u00e2g\u00e9es ont fait l&rsquo;objet d&rsquo;une attention croissante, notamment en raison de la pand\u00e9mie de COVID-19. La promotion et l&rsquo;encouragement des \u00e9changes interg\u00e9n\u00e9rationnels sont mentionn\u00e9s comme l&rsquo;une des actions de la strat\u00e9gie et du plan d&rsquo;action [&hellip;]","og_url":"https:\/\/euprevent.eu\/fr\/profile\/profile-guide-on-intergenerational-exchange\/","og_site_name":"euPrevent","article_modified_time":"2023-09-11T08:45:52+00:00","twitter_card":"summary_large_image","twitter_misc":{"Dur\u00e9e de lecture estim\u00e9e":"1 minute"},"schema":{"@context":"https:\/\/schema.org","@graph":[{"@type":"WebPage","@id":"https:\/\/euprevent.eu\/fr\/profile\/profile-guide-on-intergenerational-exchange\/","url":"https:\/\/euprevent.eu\/fr\/profile\/profile-guide-on-intergenerational-exchange\/","name":"PROFILE Guide on Intergenerational Exchange - euPrevent","isPartOf":{"@id":"https:\/\/euprevent.eu\/fr\/#website"},"datePublished":"2023-08-21T14:01:56+00:00","dateModified":"2023-09-11T08:45:52+00:00","breadcrumb":{"@id":"https:\/\/euprevent.eu\/fr\/profile\/profile-guide-on-intergenerational-exchange\/#breadcrumb"},"inLanguage":"fr-FR","potentialAction":[{"@type":"ReadAction","target":["https:\/\/euprevent.eu\/fr\/profile\/profile-guide-on-intergenerational-exchange\/"]}]},{"@type":"BreadcrumbList","@id":"https:\/\/euprevent.eu\/fr\/profile\/profile-guide-on-intergenerational-exchange\/#breadcrumb","itemListElement":[{"@type":"ListItem","position":1,"name":"Home","item":"https:\/\/euprevent.eu\/fr\/"},{"@type":"ListItem","position":2,"name":"Projet euPrevent PROFILE","item":"https:\/\/euprevent.eu\/fr\/profile\/"},{"@type":"ListItem","position":3,"name":"PROFILE Guide on Intergenerational Exchange"}]},{"@type":"WebSite","@id":"https:\/\/euprevent.eu\/fr\/#website","url":"https:\/\/euprevent.eu\/fr\/","name":"euPrevent","description":"euPrevent is a Euroregional network that focuses on promoting health. Within this network, sustainable partnerships seek to increase the quality of life of residents in the border region between the Netherlands, Belgium and Germany.","potentialAction":[{"@type":"SearchAction","target":{"@type":"EntryPoint","urlTemplate":"https:\/\/euprevent.eu\/fr\/?s={search_term_string}"},"query-input":{"@type":"PropertyValueSpecification","valueRequired":true,"valueName":"search_term_string"}}],"inLanguage":"fr-FR"}]}},"_links":{"self":[{"href":"https:\/\/euprevent.eu\/fr\/wp-json\/wp\/v2\/pages\/21530","targetHints":{"allow":["GET"]}}],"collection":[{"href":"https:\/\/euprevent.eu\/fr\/wp-json\/wp\/v2\/pages"}],"about":[{"href":"https:\/\/euprevent.eu\/fr\/wp-json\/wp\/v2\/types\/page"}],"author":[{"embeddable":true,"href":"https:\/\/euprevent.eu\/fr\/wp-json\/wp\/v2\/users\/1"}],"replies":[{"embeddable":true,"href":"https:\/\/euprevent.eu\/fr\/wp-json\/wp\/v2\/comments?post=21530"}],"version-history":[{"count":8,"href":"https:\/\/euprevent.eu\/fr\/wp-json\/wp\/v2\/pages\/21530\/revisions"}],"predecessor-version":[{"id":21883,"href":"https:\/\/euprevent.eu\/fr\/wp-json\/wp\/v2\/pages\/21530\/revisions\/21883"}],"up":[{"embeddable":true,"href":"https:\/\/euprevent.eu\/fr\/wp-json\/wp\/v2\/pages\/14841"}],"wp:attachment":[{"href":"https:\/\/euprevent.eu\/fr\/wp-json\/wp\/v2\/media?parent=21530"}],"curies":[{"name":"wp","href":"https:\/\/api.w.org\/{rel}","templated":true}]}}