


{"id":21287,"date":"2023-08-02T09:51:40","date_gmt":"2023-08-02T08:51:40","guid":{"rendered":"https:\/\/euprevent.eu\/?page_id=21287"},"modified":"2023-08-07T13:42:36","modified_gmt":"2023-08-07T12:42:36","slug":"profile-ehealth-applications","status":"publish","type":"page","link":"https:\/\/euprevent.eu\/fr\/profile-ehealth-applications\/","title":{"rendered":"PROFILE eHealth applications"},"content":{"rendered":"<section class=\"wpb-content-wrapper\"><p>[vc_row css_animation=\u00a0\u00bbnone\u00a0\u00bb css=\u00a0\u00bb.vc_custom_1691065461149{margin-right: 0px !important;margin-left: 0px !important;background-color: #3892d0 !important;background-position: center !important;background-repeat: no-repeat !important;background-size: cover !important;}\u00a0\u00bb el_class=\u00a0\u00bbevent-header\u00a0\u00bb][vc_column][vc_column_text]<\/p>\n<h1>eHealth applications<\/h1>\n<h2>euPrevent PROFILE<\/h2>\n<p>[\/vc_column_text][\/vc_column][\/vc_row][vc_row][vc_column][vc_tta_tour][vc_tta_section title=\u00a0\u00bbIntroduction\u00a0\u00bb tab_id=\u00a0\u00bb1482327340831-0289a85d-6b8a6ce3-e2e7&Prime;][vc_row_inner gap=\u00a0\u00bb10&Prime;][vc_column_inner width=\u00a0\u00bb3\/4&Prime;][vc_column_text]<\/p>\n<h2>Introduction<\/h2>\n<p>Ces derni\u00e8res ann\u00e9es, les applications de sant\u00e9 en ligne se sont multipli\u00e9es. Ces applications sont des outils num\u00e9riques visant \u00e0 am\u00e9liorer la sant\u00e9 physique ou mentale en fournissant des informations et\/ou un acc\u00e8s \u00e0 des professionnels de la sant\u00e9 m\u00e9dicale ou mentale. Dans le cadre du projet euPrevent PROFILE, nous avons compil\u00e9 une vue d&rsquo;ensemble des applications de sant\u00e9 en ligne visant principalement \u00e0 promouvoir les liens sociaux et, par cons\u00e9quent, \u00e0 lutter contre la solitude et l&rsquo;isolement social (\u00e0 l&rsquo;exclusion des applications de r\u00e9seaux sociaux). Les applications incluses peuvent fonctionner au niveau individuel comme au niveau communautaire et se concentrer sur les personnes \u00e2g\u00e9es, les adolescents\/jeunes adultes, ou les deux. Cet aper\u00e7u pr\u00e9sente les applications\/sites web d\u00e9velopp\u00e9s dans les pays de l&rsquo;Euregio Meuse-Rhin (BE, NL, DE). Veuillez noter que cet aper\u00e7u est con\u00e7u comme une source d&rsquo;inspiration et n&rsquo;est pas exhaustif.[\/vc_column_text][\/vc_column_inner][vc_column_inner width=\u00a0\u00bb1\/4&Prime;][vc_single_image image=\u00a0\u00bb18086&Prime; img_size=\u00a0\u00bbfull\u00a0\u00bb alignment=\u00a0\u00bbcenter\u00a0\u00bb][\/vc_column_inner][\/vc_row_inner][\/vc_tta_section][vc_tta_section title=\u00a0\u00bbHoplr\u00a0\u00bb tab_id=\u00a0\u00bb1681897563905-ee644e0b-3b04&Prime;][vc_row_inner][vc_column_inner width=\u00a0\u00bb3\/4&Prime;][vc_column_text]<\/p>\n<h2>Hoplr<\/h2>\n<p>L&rsquo;application \u00ab\u00a0Hoplr\u00a0\u00bb (prononcez \u00ab\u00a0<em>Hopler<\/em>\u00ab\u00a0) est une initiative belge fond\u00e9e en 2014, visant \u00e0 renforcer la communaut\u00e9 en connectant les gens avec leur environnement et en am\u00e9liorant ainsi l&rsquo;interaction sociale et l&rsquo;acc\u00e8s au capital social. L&rsquo;application propose un r\u00e9seau ferm\u00e9, c&rsquo;est-\u00e0-dire qu&rsquo;elle n&rsquo;est accessible qu&rsquo;aux personnes du quartier. Les utilisateurs de l&rsquo;application peuvent envoyer des messages pour poser des questions, demander de l&rsquo;aide ou inviter des personnes \u00e0 des \u00e9v\u00e9nements sociaux (parmi de nombreuses autres applications). Ces messages ne sont alors visibles que par les personnes du r\u00e9seau\/quartier.[\/vc_column_text][\/vc_column_inner][vc_column_inner width=\u00a0\u00bb1\/4\u00a0\u00bb][vc_column_text]<\/p>\n<h3 style=\"text-align: left;\">Langue disponible<\/h3>\n<p style=\"text-align: left;\">N\u00e9erlandais, Allemand, Fran\u00e7ais en Anglais<\/p>\n<h3 style=\"text-align: left;\">Prix<\/h3>\n<p>Voir le site web pour plus d&rsquo;informations (pour les autorit\u00e9s publiques\/organisations)<\/p>\n<h3 style=\"text-align: left;\">Site web<\/h3>\n<p><a href=\"https:\/\/www.hoplr.com\/\">hoplr.com<\/a>[\/vc_column_text][vc_single_image image=\u00a0\u00bb21257&Prime; img_size=\u00a0\u00bbfull\u00a0\u00bb alignment=\u00a0\u00bbcenter\u00a0\u00bb][\/vc_column_inner][\/vc_row_inner][\/vc_tta_section][vc_tta_section title=\u00a0\u00bbKlup\u00a0\u00bb tab_id=\u00a0\u00bb1690903363062-e62547cf-3e85&Prime;][vc_row_inner][vc_column_inner width=\u00a0\u00bb3\/4&Prime;][vc_column_text]<\/p>\n<h2>Klup<\/h2>\n<p>Klup est une application d\u00e9velopp\u00e9e aux Pays-Bas dans le but d&rsquo;am\u00e9liorer la connexion et l&rsquo;interaction sociales et de construire de nouveaux r\u00e9seaux sociaux. L&rsquo;application, qui s&rsquo;adresse aux personnes de 50 ans et plus, est bas\u00e9e sur un abonnement (voir le site web). L&rsquo;application permet d&rsquo;organiser des \u00e9v\u00e9nements ou de participer \u00e0 des \u00e9v\u00e9nements et \u00e0 des activit\u00e9s. Chaque semaine, des centaines d&rsquo;activit\u00e9s sont organis\u00e9es aux Pays-Bas. Par exemple, aller ensemble \u00e0 un concert ou \u00e0 un mus\u00e9e, ou encore faire du sport ensemble. Les possibilit\u00e9s sont trop nombreuses pour \u00eatre mentionn\u00e9es. Visitez le site web pour plus d&rsquo;informations.[\/vc_column_text][\/vc_column_inner][vc_column_inner width=\u00a0\u00bb1\/4&Prime;][vc_column_text]<\/p>\n<h3 style=\"text-align: left;\">Langue disponible<\/h3>\n<p style=\"text-align: left;\">N\u00e9erlandais<\/p>\n<h3 style=\"text-align: left;\">Prix<\/h3>\n<p>Voir le site web<\/p>\n<h3 style=\"text-align: left;\">Site web<\/h3>\n<p><a href=\"https:\/\/kluppen.nl\/\">kluppen.nl<\/a>[\/vc_column_text][vc_single_image image=\u00a0\u00bb21265&Prime; img_size=\u00a0\u00bbfull\u00a0\u00bb alignment=\u00a0\u00bbcenter\u00a0\u00bb][\/vc_column_inner][\/vc_row_inner][\/vc_tta_section][vc_tta_section title=\u00a0\u00bbNebenan\u00a0\u00bb tab_id=\u00a0\u00bb1690903360901-54915493-b150&Prime;][vc_row_inner][vc_column_inner width=\u00a0\u00bb3\/4&Prime;][vc_column_text]<\/p>\n<h2>Nebenan<\/h2>\n<p>Therapieland est un site web qui propose plusieurs programmes de sant\u00e9 en ligne, dont un programme d&rsquo;auto-assistance sur la solitude. Ce programme comprend plusieurs \u00e9l\u00e9ments tels que des informations sur la solitude, des exercices de r\u00e9flexion, mais aussi des conseils sur la mani\u00e8re de r\u00e9duire le sentiment de solitude. Le programme n&rsquo;est pas gratuit, mais les premiers pas le sont. Si ce programme r\u00e9pond \u00e0 vos besoins et \u00e0 vos souhaits, vous devez payer un abonnement pour acc\u00e9der au programme complet.[\/vc_column_text][\/vc_column_inner][vc_column_inner width=\u00a0\u00bb1\/4&Prime;][vc_column_text]<\/p>\n<h3 style=\"text-align: left;\">Langue disponible<\/h3>\n<p style=\"text-align: left;\">Allemand<\/p>\n<h3 style=\"text-align: left;\">Prix<\/h3>\n<p>Gratuit pour les utilisateurs individuels<\/p>\n<h3 style=\"text-align: left;\">Site web<\/h3>\n<p><a href=\"https:\/\/nebenan.de\/\">nebenan.de <\/a>[\/vc_column_text][vc_single_image image=\u00a0\u00bb21270&Prime; img_size=\u00a0\u00bbfull\u00a0\u00bb alignment=\u00a0\u00bbcenter\u00a0\u00bb][\/vc_column_inner][\/vc_row_inner][\/vc_tta_section][vc_tta_section title=\u00a0\u00bbTherapieland\u00a0\u00bb tab_id=\u00a0\u00bb1690903360133-574aae66-8e0a\u00a0\u00bb][vc_row_inner][vc_column_inner width=\u00a0\u00bb3\/4&Prime;][vc_column_text]<\/p>\n<h2>Therapieland<\/h2>\n<p>Therapieland est un site web qui propose plusieurs programmes de sant\u00e9 en ligne, dont un programme d&rsquo;auto-assistance sur la solitude. Ce programme comprend plusieurs \u00e9l\u00e9ments tels que des informations sur la solitude, des exercices de r\u00e9flexion, mais aussi des conseils sur la mani\u00e8re de r\u00e9duire le sentiment de solitude. Le programme n&rsquo;est pas gratuit, mais les premiers pas le sont. Si ce programme r\u00e9pond \u00e0 vos besoins et \u00e0 vos souhaits, vous devez payer un abonnement pour acc\u00e9der au programme complet.[\/vc_column_text][\/vc_column_inner][vc_column_inner width=\u00a0\u00bb1\/4&Prime;][vc_column_text]<\/p>\n<h3 style=\"text-align: left;\">Langue disponible<\/h3>\n<p style=\"text-align: left;\">N\u00e9erlandais<\/p>\n<h3 style=\"text-align: left;\">Prix<\/h3>\n<p>Voir le site web<\/p>\n<h3 style=\"text-align: left;\">Site web<\/h3>\n<p><a href=\"https:\/\/therapieland.nl\/programmas\/zelfhulp\/gb-eenzaamheid\/\">therapieland.nl<\/a>[\/vc_column_text][vc_single_image image=\u00a0\u00bb21275&Prime; img_size=\u00a0\u00bbfull\u00a0\u00bb alignment=\u00a0\u00bbcenter\u00a0\u00bb][\/vc_column_inner][\/vc_row_inner][\/vc_tta_section][\/vc_tta_tour][\/vc_column][\/vc_row][vc_row content_placement=\u00a0\u00bbmiddle\u00a0\u00bb][vc_column width=\u00a0\u00bb1\/2&Prime;][vc_row_inner][vc_column_inner width=\u00a0\u00bb1\/2&Prime;][vc_single_image image=\u00a0\u00bb14927&Prime; img_size=\u00a0\u00bbfull\u00a0\u00bb][\/vc_column_inner][vc_column_inner width=\u00a0\u00bb1\/2&Prime;][\/vc_column_inner][\/vc_row_inner][\/vc_column][vc_column width=\u00a0\u00bb1\/2&Prime;][vc_row_inner][vc_column_inner width=\u00a0\u00bb1\/3&Prime;][\/vc_column_inner][vc_column_inner width=\u00a0\u00bb2\/3&Prime;][vc_single_image image=\u00a0\u00bb15236&Prime; img_size=\u00a0\u00bbfull\u00a0\u00bb onclick=\u00a0\u00bbcustom_link\u00a0\u00bb img_link_target=\u00a0\u00bb_blank\u00a0\u00bb link=\u00a0\u00bbhttps:\/\/www.interregemr.eu\/home-en\u00a0\u00bb][\/vc_column_inner][\/vc_row_inner][\/vc_column][\/vc_row]<\/p>\n<\/section>","protected":false},"excerpt":{"rendered":"<p>[vc_row css_animation=\u00a0\u00bbnone\u00a0\u00bb css=\u00a0\u00bb.vc_custom_1691065461149{margin-right: 0px !important;margin-left: 0px !important;background-color: #3892d0 !important;background-position: center !important;background-repeat: no-repeat !important;background-size: cover !important;}\u00a0\u00bb el_class=\u00a0\u00bbevent-header\u00a0\u00bb][vc_column][vc_column_text] eHealth applications euPrevent PROFILE [\/vc_column_text][\/vc_column][\/vc_row][vc_row][vc_column][vc_tta_tour][vc_tta_section title=\u00a0\u00bbIntroduction\u00a0\u00bb tab_id=\u00a0\u00bb1482327340831-0289a85d-6b8a6ce3-e2e7&Prime;][vc_row_inner gap=\u00a0\u00bb10&Prime;][vc_column_inner width=\u00a0\u00bb3\/4&Prime;][vc_column_text] Introduction Ces derni\u00e8res ann\u00e9es, les applications de sant\u00e9 en ligne se sont multipli\u00e9es. Ces applications sont des outils num\u00e9riques visant \u00e0 am\u00e9liorer la sant\u00e9 physique ou mentale en fournissant des [&hellip;]<\/p>\n","protected":false},"author":1,"featured_media":0,"parent":0,"menu_order":0,"comment_status":"closed","ping_status":"closed","template":"","meta":{"_acf_changed":false,"footnotes":""},"class_list":["post-21287","page","type-page","status-publish","hentry"],"acf":[],"yoast_head":"<!-- This site is optimized with the Yoast SEO plugin v26.8 - https:\/\/yoast.com\/product\/yoast-seo-wordpress\/ -->\n<title>PROFILE eHealth applications - euPrevent<\/title>\n<meta name=\"robots\" content=\"index, follow, max-snippet:-1, max-image-preview:large, max-video-preview:-1\" \/>\n<link rel=\"canonical\" href=\"https:\/\/euprevent.eu\/fr\/profile-ehealth-applications\/\" \/>\n<meta property=\"og:locale\" content=\"fr_FR\" \/>\n<meta property=\"og:type\" content=\"article\" \/>\n<meta property=\"og:title\" content=\"PROFILE eHealth applications - euPrevent\" \/>\n<meta property=\"og:description\" content=\"[vc_row css_animation=\u00a0\u00bbnone\u00a0\u00bb css=\u00a0\u00bb.vc_custom_1691065461149{margin-right: 0px !important;margin-left: 0px !important;background-color: #3892d0 !important;background-position: center !important;background-repeat: no-repeat !important;background-size: cover !important;}\u00a0\u00bb el_class=\u00a0\u00bbevent-header\u00a0\u00bb][vc_column][vc_column_text] eHealth applications euPrevent PROFILE [\/vc_column_text][\/vc_column][\/vc_row][vc_row][vc_column][vc_tta_tour][vc_tta_section title=\u00a0\u00bbIntroduction\u00a0\u00bb tab_id=\u00a0\u00bb1482327340831-0289a85d-6b8a6ce3-e2e7&Prime;][vc_row_inner gap=\u00a0\u00bb10&Prime;][vc_column_inner width=\u00a0\u00bb3\/4&Prime;][vc_column_text] Introduction Ces derni\u00e8res ann\u00e9es, les applications de sant\u00e9 en ligne se sont multipli\u00e9es. Ces applications sont des outils num\u00e9riques visant \u00e0 am\u00e9liorer la sant\u00e9 physique ou mentale en fournissant des [&hellip;]\" \/>\n<meta property=\"og:url\" content=\"https:\/\/euprevent.eu\/fr\/profile-ehealth-applications\/\" \/>\n<meta property=\"og:site_name\" content=\"euPrevent\" \/>\n<meta property=\"article:modified_time\" content=\"2023-08-07T12:42:36+00:00\" \/>\n<meta name=\"twitter:card\" content=\"summary_large_image\" \/>\n<meta name=\"twitter:label1\" content=\"Dur\u00e9e de lecture estim\u00e9e\" \/>\n\t<meta name=\"twitter:data1\" content=\"3 minutes\" \/>\n<script type=\"application\/ld+json\" class=\"yoast-schema-graph\">{\"@context\":\"https:\/\/schema.org\",\"@graph\":[{\"@type\":\"WebPage\",\"@id\":\"https:\/\/euprevent.eu\/fr\/profile-ehealth-applications\/\",\"url\":\"https:\/\/euprevent.eu\/fr\/profile-ehealth-applications\/\",\"name\":\"PROFILE eHealth applications - euPrevent\",\"isPartOf\":{\"@id\":\"https:\/\/euprevent.eu\/fr\/#website\"},\"datePublished\":\"2023-08-02T08:51:40+00:00\",\"dateModified\":\"2023-08-07T12:42:36+00:00\",\"breadcrumb\":{\"@id\":\"https:\/\/euprevent.eu\/fr\/profile-ehealth-applications\/#breadcrumb\"},\"inLanguage\":\"fr-FR\",\"potentialAction\":[{\"@type\":\"ReadAction\",\"target\":[\"https:\/\/euprevent.eu\/fr\/profile-ehealth-applications\/\"]}]},{\"@type\":\"BreadcrumbList\",\"@id\":\"https:\/\/euprevent.eu\/fr\/profile-ehealth-applications\/#breadcrumb\",\"itemListElement\":[{\"@type\":\"ListItem\",\"position\":1,\"name\":\"Home\",\"item\":\"https:\/\/euprevent.eu\/fr\/\"},{\"@type\":\"ListItem\",\"position\":2,\"name\":\"PROFILE eHealth applications\"}]},{\"@type\":\"WebSite\",\"@id\":\"https:\/\/euprevent.eu\/fr\/#website\",\"url\":\"https:\/\/euprevent.eu\/fr\/\",\"name\":\"euPrevent\",\"description\":\"euPrevent is a Euroregional network that focuses on promoting health. Within this network, sustainable partnerships seek to increase the quality of life of residents in the border region between the Netherlands, Belgium and Germany.\",\"potentialAction\":[{\"@type\":\"SearchAction\",\"target\":{\"@type\":\"EntryPoint\",\"urlTemplate\":\"https:\/\/euprevent.eu\/fr\/?s={search_term_string}\"},\"query-input\":{\"@type\":\"PropertyValueSpecification\",\"valueRequired\":true,\"valueName\":\"search_term_string\"}}],\"inLanguage\":\"fr-FR\"}]}<\/script>\n<!-- \/ Yoast SEO plugin. -->","yoast_head_json":{"title":"PROFILE eHealth applications - euPrevent","robots":{"index":"index","follow":"follow","max-snippet":"max-snippet:-1","max-image-preview":"max-image-preview:large","max-video-preview":"max-video-preview:-1"},"canonical":"https:\/\/euprevent.eu\/fr\/profile-ehealth-applications\/","og_locale":"fr_FR","og_type":"article","og_title":"PROFILE eHealth applications - euPrevent","og_description":"[vc_row css_animation=\u00a0\u00bbnone\u00a0\u00bb css=\u00a0\u00bb.vc_custom_1691065461149{margin-right: 0px !important;margin-left: 0px !important;background-color: #3892d0 !important;background-position: center !important;background-repeat: no-repeat !important;background-size: cover !important;}\u00a0\u00bb el_class=\u00a0\u00bbevent-header\u00a0\u00bb][vc_column][vc_column_text] eHealth applications euPrevent PROFILE [\/vc_column_text][\/vc_column][\/vc_row][vc_row][vc_column][vc_tta_tour][vc_tta_section title=\u00a0\u00bbIntroduction\u00a0\u00bb tab_id=\u00a0\u00bb1482327340831-0289a85d-6b8a6ce3-e2e7&Prime;][vc_row_inner gap=\u00a0\u00bb10&Prime;][vc_column_inner width=\u00a0\u00bb3\/4&Prime;][vc_column_text] Introduction Ces derni\u00e8res ann\u00e9es, les applications de sant\u00e9 en ligne se sont multipli\u00e9es. Ces applications sont des outils num\u00e9riques visant \u00e0 am\u00e9liorer la sant\u00e9 physique ou mentale en fournissant des [&hellip;]","og_url":"https:\/\/euprevent.eu\/fr\/profile-ehealth-applications\/","og_site_name":"euPrevent","article_modified_time":"2023-08-07T12:42:36+00:00","twitter_card":"summary_large_image","twitter_misc":{"Dur\u00e9e de lecture estim\u00e9e":"3 minutes"},"schema":{"@context":"https:\/\/schema.org","@graph":[{"@type":"WebPage","@id":"https:\/\/euprevent.eu\/fr\/profile-ehealth-applications\/","url":"https:\/\/euprevent.eu\/fr\/profile-ehealth-applications\/","name":"PROFILE eHealth applications - euPrevent","isPartOf":{"@id":"https:\/\/euprevent.eu\/fr\/#website"},"datePublished":"2023-08-02T08:51:40+00:00","dateModified":"2023-08-07T12:42:36+00:00","breadcrumb":{"@id":"https:\/\/euprevent.eu\/fr\/profile-ehealth-applications\/#breadcrumb"},"inLanguage":"fr-FR","potentialAction":[{"@type":"ReadAction","target":["https:\/\/euprevent.eu\/fr\/profile-ehealth-applications\/"]}]},{"@type":"BreadcrumbList","@id":"https:\/\/euprevent.eu\/fr\/profile-ehealth-applications\/#breadcrumb","itemListElement":[{"@type":"ListItem","position":1,"name":"Home","item":"https:\/\/euprevent.eu\/fr\/"},{"@type":"ListItem","position":2,"name":"PROFILE eHealth applications"}]},{"@type":"WebSite","@id":"https:\/\/euprevent.eu\/fr\/#website","url":"https:\/\/euprevent.eu\/fr\/","name":"euPrevent","description":"euPrevent is a Euroregional network that focuses on promoting health. Within this network, sustainable partnerships seek to increase the quality of life of residents in the border region between the Netherlands, Belgium and Germany.","potentialAction":[{"@type":"SearchAction","target":{"@type":"EntryPoint","urlTemplate":"https:\/\/euprevent.eu\/fr\/?s={search_term_string}"},"query-input":{"@type":"PropertyValueSpecification","valueRequired":true,"valueName":"search_term_string"}}],"inLanguage":"fr-FR"}]}},"_links":{"self":[{"href":"https:\/\/euprevent.eu\/fr\/wp-json\/wp\/v2\/pages\/21287","targetHints":{"allow":["GET"]}}],"collection":[{"href":"https:\/\/euprevent.eu\/fr\/wp-json\/wp\/v2\/pages"}],"about":[{"href":"https:\/\/euprevent.eu\/fr\/wp-json\/wp\/v2\/types\/page"}],"author":[{"embeddable":true,"href":"https:\/\/euprevent.eu\/fr\/wp-json\/wp\/v2\/users\/1"}],"replies":[{"embeddable":true,"href":"https:\/\/euprevent.eu\/fr\/wp-json\/wp\/v2\/comments?post=21287"}],"version-history":[{"count":5,"href":"https:\/\/euprevent.eu\/fr\/wp-json\/wp\/v2\/pages\/21287\/revisions"}],"predecessor-version":[{"id":21367,"href":"https:\/\/euprevent.eu\/fr\/wp-json\/wp\/v2\/pages\/21287\/revisions\/21367"}],"wp:attachment":[{"href":"https:\/\/euprevent.eu\/fr\/wp-json\/wp\/v2\/media?parent=21287"}],"curies":[{"name":"wp","href":"https:\/\/api.w.org\/{rel}","templated":true}]}}