


{"id":21085,"date":"2023-07-27T17:40:33","date_gmt":"2023-07-27T16:40:33","guid":{"rendered":"https:\/\/euprevent.eu\/profile\/profile-euregional-health-atlas\/"},"modified":"2025-04-29T13:58:02","modified_gmt":"2025-04-29T12:58:02","slug":"profile-euregional-health-atlas","status":"publish","type":"page","link":"https:\/\/euprevent.eu\/fr\/profile\/profile-euregional-health-atlas\/","title":{"rendered":"PROFILE Atlas Eur\u00e9gional de la Sant\u00e9"},"content":{"rendered":"<section class=\"wpb-content-wrapper\"><p>[vc_row][vc_column][vc_column_text]<\/p>\n<h1>\u00ab\u00a0L&rsquo;Euregional Health Atlas\u00a0\u00bb (Atlas Eur\u00e9gional de la Sant\u00e9)<\/h1>\n<p>[\/vc_column_text][\/vc_column][\/vc_row][vc_row][vc_column width=\u00a0\u00bb3\/4&Prime;][vc_column_text css=\u00a0\u00bb.vc_custom_1745931478991{margin-bottom: 10px !important;}\u00a0\u00bb]Depuis plusieurs ann\u00e9es, il existe un site web contenant des informations sp\u00e9cifiques sur la recherche au profit des projets de l&rsquo;Euror\u00e9gion Meuse-Rhin (EMR). Pour Euprevent PROFILE, des informations sur la solitude sont disponibles.<\/p>\n<p>Un pr\u00e9c\u00e9dent projet eur\u00e9gional de 2020-2021, le projet euPrevent COVID-19, a recueilli des informations sur la solitude et les questions li\u00e9es \u00e0 celle-ci. Cela inclut notamment\u00a0 la solitude sociale et \u00e9motionnelle, ainsi que le type de m\u00e9nage dans lequel vivent les r\u00e9sidents,\u00a0 leur sant\u00e9 per\u00e7ue,\u00a0 leur bonheur et le soutien social dont ils b\u00e9n\u00e9ficient.<\/p>\n<p>L&rsquo;atlas fournit ces donn\u00e9es et indique d\u2019\u00e9ventuelles diff\u00e9rences entre les trois pays de l&rsquo;EMR, \u00e0 savoir l&rsquo;Allemagne, la Belgique et les Pays-Bas. L&rsquo;Atlas Euror\u00e9gional de la Sant\u00e9 est disponible <a href=\"http:\/\/euregionalhealthatlas.eu\" target=\"_blank\" rel=\"noopener\">ici<\/a>. Dans l&rsquo;atlas, vous trouverez sous la rubrique \u00ab\u00a0Th\u00e8me\u00a0\u00bb les informations relatives \u00e0 PROFILE et \u00e0 d&rsquo;autres projets.<\/p>\n<p>Un bref r\u00e9sum\u00e9 de l&rsquo;atlas avec quelques indicateurs cl\u00e9s peut \u00eatre t\u00e9l\u00e9charg\u00e9 ici :[\/vc_column_text][vc_btn title=\u00a0\u00bbhttp:\/\/euregionalhealthatlas.eu\/volwdashboard.html\u00a0\u00bb color=\u00a0\u00bbprimary\u00a0\u00bb link=\u00a0\u00bburl:http%3A%2F%2Feuregionalhealthatlas.eu%2Fvolwdashboard.html|target:_blank\u00a0\u00bb][\/vc_column][vc_column width=\u00a0\u00bb1\/4&Prime;][vc_single_image image=\u00a0\u00bb21034&Prime; img_size=\u00a0\u00bblarge\u00a0\u00bb alignment=\u00a0\u00bbcenter\u00a0\u00bb css=\u00a0\u00bb.vc_custom_1690478013160{margin-bottom: 0px !important;}\u00a0\u00bb][vc_single_image image=\u00a0\u00bb21030&Prime; img_size=\u00a0\u00bblarge\u00a0\u00bb alignment=\u00a0\u00bbcenter\u00a0\u00bb css=\u00a0\u00bb.vc_custom_1690478017882{margin-bottom: 0px !important;}\u00a0\u00bb][vc_single_image image=\u00a0\u00bb21038&Prime; img_size=\u00a0\u00bblarge\u00a0\u00bb alignment=\u00a0\u00bbcenter\u00a0\u00bb][\/vc_column][\/vc_row][vc_row][vc_column][vc_separator][\/vc_column][\/vc_row][vc_row equal_height=\u00a0\u00bbyes\u00a0\u00bb content_placement=\u00a0\u00bbmiddle\u00a0\u00bb][vc_column width=\u00a0\u00bb1\/3&Prime;][vc_single_image image=\u00a0\u00bb21063&Prime; img_size=\u00a0\u00bbfull\u00a0\u00bb][\/vc_column][vc_column width=\u00a0\u00bb2\/3&Prime;][vc_column_text]<\/p>\n<h2 style=\"padding-left: 25px;\">Download poster<\/h2>\n<ul>\n<li><a href=\"https:\/\/euprevent.eu\/wp-content\/uploads\/2023\/07\/Poster-PROFILE-EHA-ENG-1.pdf\" target=\"_blank\" rel=\"noopener\">Poster &#8211; English<\/a><\/li>\n<li><a href=\"https:\/\/euprevent.eu\/wp-content\/uploads\/2023\/07\/Poster-PROFILE-EHA-NL.pdf\" target=\"_blank\" rel=\"noopener\">Poster &#8211; Dutch<\/a><\/li>\n<li><a href=\"https:\/\/euprevent.eu\/wp-content\/uploads\/2023\/07\/Poster-PROFILE-EHA-DE-Versie-2-1.pdf\" target=\"_blank\" rel=\"noopener\">Poster &#8211; German<\/a><\/li>\n<li><a href=\"https:\/\/euprevent.eu\/wp-content\/uploads\/2023\/07\/Poster-PROFILE-EHA-FR-Versie-3.pdf\" target=\"_blank\" rel=\"noopener\">Poster &#8211; French<\/a><\/li>\n<\/ul>\n<p>[\/vc_column_text][\/vc_column][\/vc_row]<\/p>\n<\/section>","protected":false},"excerpt":{"rendered":"<p>[vc_row][vc_column][vc_column_text] \u00ab\u00a0L&rsquo;Euregional Health Atlas\u00a0\u00bb (Atlas Eur\u00e9gional de la Sant\u00e9) [\/vc_column_text][\/vc_column][\/vc_row][vc_row][vc_column width=\u00a0\u00bb3\/4&Prime;][vc_column_text css=\u00a0\u00bb.vc_custom_1745931478991{margin-bottom: 10px !important;}\u00a0\u00bb]Depuis plusieurs ann\u00e9es, il existe un site web contenant des informations sp\u00e9cifiques sur la recherche au profit des projets de l&rsquo;Euror\u00e9gion Meuse-Rhin (EMR). Pour Euprevent PROFILE, des informations sur la solitude sont disponibles. Un pr\u00e9c\u00e9dent projet eur\u00e9gional de 2020-2021, le projet euPrevent [&hellip;]<\/p>\n","protected":false},"author":1,"featured_media":0,"parent":14841,"menu_order":0,"comment_status":"closed","ping_status":"closed","template":"","meta":{"_acf_changed":false,"footnotes":""},"class_list":["post-21085","page","type-page","status-publish","hentry","programmes-mental-health"],"acf":[],"yoast_head":"<!-- This site is optimized with the Yoast SEO plugin v27.5 - https:\/\/yoast.com\/product\/yoast-seo-wordpress\/ -->\n<title>PROFILE Atlas Eur\u00e9gional de la Sant\u00e9 - euPrevent<\/title>\n<meta name=\"robots\" content=\"index, follow, max-snippet:-1, max-image-preview:large, max-video-preview:-1\" \/>\n<link rel=\"canonical\" href=\"https:\/\/euprevent.eu\/fr\/profile\/profile-euregional-health-atlas\/\" \/>\n<meta property=\"og:locale\" content=\"fr_FR\" \/>\n<meta property=\"og:type\" content=\"article\" \/>\n<meta property=\"og:title\" content=\"PROFILE Atlas Eur\u00e9gional de la Sant\u00e9 - euPrevent\" \/>\n<meta property=\"og:description\" content=\"[vc_row][vc_column][vc_column_text] \u00ab\u00a0L&rsquo;Euregional Health Atlas\u00a0\u00bb (Atlas Eur\u00e9gional de la Sant\u00e9) [\/vc_column_text][\/vc_column][\/vc_row][vc_row][vc_column width=\u00a0\u00bb3\/4&Prime;][vc_column_text css=\u00a0\u00bb.vc_custom_1745931478991{margin-bottom: 10px !important;}\u00a0\u00bb]Depuis plusieurs ann\u00e9es, il existe un site web contenant des informations sp\u00e9cifiques sur la recherche au profit des projets de l&rsquo;Euror\u00e9gion Meuse-Rhin (EMR). Pour Euprevent PROFILE, des informations sur la solitude sont disponibles. Un pr\u00e9c\u00e9dent projet eur\u00e9gional de 2020-2021, le projet euPrevent [&hellip;]\" \/>\n<meta property=\"og:url\" content=\"https:\/\/euprevent.eu\/fr\/profile\/profile-euregional-health-atlas\/\" \/>\n<meta property=\"og:site_name\" content=\"euPrevent\" \/>\n<meta property=\"article:modified_time\" content=\"2025-04-29T12:58:02+00:00\" \/>\n<meta name=\"twitter:card\" content=\"summary_large_image\" \/>\n<meta name=\"twitter:label1\" content=\"Dur\u00e9e de lecture estim\u00e9e\" \/>\n\t<meta name=\"twitter:data1\" content=\"2 minutes\" \/>\n<script type=\"application\/ld+json\" class=\"yoast-schema-graph\">{\"@context\":\"https:\\\/\\\/schema.org\",\"@graph\":[{\"@type\":\"WebPage\",\"@id\":\"https:\\\/\\\/euprevent.eu\\\/fr\\\/profile\\\/profile-euregional-health-atlas\\\/\",\"url\":\"https:\\\/\\\/euprevent.eu\\\/fr\\\/profile\\\/profile-euregional-health-atlas\\\/\",\"name\":\"PROFILE Atlas Eur\u00e9gional de la Sant\u00e9 - euPrevent\",\"isPartOf\":{\"@id\":\"https:\\\/\\\/euprevent.eu\\\/fr\\\/#website\"},\"datePublished\":\"2023-07-27T16:40:33+00:00\",\"dateModified\":\"2025-04-29T12:58:02+00:00\",\"breadcrumb\":{\"@id\":\"https:\\\/\\\/euprevent.eu\\\/fr\\\/profile\\\/profile-euregional-health-atlas\\\/#breadcrumb\"},\"inLanguage\":\"fr-FR\",\"potentialAction\":[{\"@type\":\"ReadAction\",\"target\":[\"https:\\\/\\\/euprevent.eu\\\/fr\\\/profile\\\/profile-euregional-health-atlas\\\/\"]}]},{\"@type\":\"BreadcrumbList\",\"@id\":\"https:\\\/\\\/euprevent.eu\\\/fr\\\/profile\\\/profile-euregional-health-atlas\\\/#breadcrumb\",\"itemListElement\":[{\"@type\":\"ListItem\",\"position\":1,\"name\":\"Home\",\"item\":\"https:\\\/\\\/euprevent.eu\\\/fr\\\/\"},{\"@type\":\"ListItem\",\"position\":2,\"name\":\"Projet euPrevent PROFILE\",\"item\":\"https:\\\/\\\/euprevent.eu\\\/fr\\\/profile\\\/\"},{\"@type\":\"ListItem\",\"position\":3,\"name\":\"PROFILE Atlas Eur\u00e9gional de la Sant\u00e9\"}]},{\"@type\":\"WebSite\",\"@id\":\"https:\\\/\\\/euprevent.eu\\\/fr\\\/#website\",\"url\":\"https:\\\/\\\/euprevent.eu\\\/fr\\\/\",\"name\":\"euPrevent\",\"description\":\"euPrevent is a Euroregional network that focuses on promoting health. Within this network, sustainable partnerships seek to increase the quality of life of residents in the border region between the Netherlands, Belgium and Germany.\",\"potentialAction\":[{\"@type\":\"SearchAction\",\"target\":{\"@type\":\"EntryPoint\",\"urlTemplate\":\"https:\\\/\\\/euprevent.eu\\\/fr\\\/?s={search_term_string}\"},\"query-input\":{\"@type\":\"PropertyValueSpecification\",\"valueRequired\":true,\"valueName\":\"search_term_string\"}}],\"inLanguage\":\"fr-FR\"}]}<\/script>\n<!-- \/ Yoast SEO plugin. -->","yoast_head_json":{"title":"PROFILE Atlas Eur\u00e9gional de la Sant\u00e9 - euPrevent","robots":{"index":"index","follow":"follow","max-snippet":"max-snippet:-1","max-image-preview":"max-image-preview:large","max-video-preview":"max-video-preview:-1"},"canonical":"https:\/\/euprevent.eu\/fr\/profile\/profile-euregional-health-atlas\/","og_locale":"fr_FR","og_type":"article","og_title":"PROFILE Atlas Eur\u00e9gional de la Sant\u00e9 - euPrevent","og_description":"[vc_row][vc_column][vc_column_text] \u00ab\u00a0L&rsquo;Euregional Health Atlas\u00a0\u00bb (Atlas Eur\u00e9gional de la Sant\u00e9) [\/vc_column_text][\/vc_column][\/vc_row][vc_row][vc_column width=\u00a0\u00bb3\/4&Prime;][vc_column_text css=\u00a0\u00bb.vc_custom_1745931478991{margin-bottom: 10px !important;}\u00a0\u00bb]Depuis plusieurs ann\u00e9es, il existe un site web contenant des informations sp\u00e9cifiques sur la recherche au profit des projets de l&rsquo;Euror\u00e9gion Meuse-Rhin (EMR). Pour Euprevent PROFILE, des informations sur la solitude sont disponibles. Un pr\u00e9c\u00e9dent projet eur\u00e9gional de 2020-2021, le projet euPrevent [&hellip;]","og_url":"https:\/\/euprevent.eu\/fr\/profile\/profile-euregional-health-atlas\/","og_site_name":"euPrevent","article_modified_time":"2025-04-29T12:58:02+00:00","twitter_card":"summary_large_image","twitter_misc":{"Dur\u00e9e de lecture estim\u00e9e":"2 minutes"},"schema":{"@context":"https:\/\/schema.org","@graph":[{"@type":"WebPage","@id":"https:\/\/euprevent.eu\/fr\/profile\/profile-euregional-health-atlas\/","url":"https:\/\/euprevent.eu\/fr\/profile\/profile-euregional-health-atlas\/","name":"PROFILE Atlas Eur\u00e9gional de la Sant\u00e9 - euPrevent","isPartOf":{"@id":"https:\/\/euprevent.eu\/fr\/#website"},"datePublished":"2023-07-27T16:40:33+00:00","dateModified":"2025-04-29T12:58:02+00:00","breadcrumb":{"@id":"https:\/\/euprevent.eu\/fr\/profile\/profile-euregional-health-atlas\/#breadcrumb"},"inLanguage":"fr-FR","potentialAction":[{"@type":"ReadAction","target":["https:\/\/euprevent.eu\/fr\/profile\/profile-euregional-health-atlas\/"]}]},{"@type":"BreadcrumbList","@id":"https:\/\/euprevent.eu\/fr\/profile\/profile-euregional-health-atlas\/#breadcrumb","itemListElement":[{"@type":"ListItem","position":1,"name":"Home","item":"https:\/\/euprevent.eu\/fr\/"},{"@type":"ListItem","position":2,"name":"Projet euPrevent PROFILE","item":"https:\/\/euprevent.eu\/fr\/profile\/"},{"@type":"ListItem","position":3,"name":"PROFILE Atlas Eur\u00e9gional de la Sant\u00e9"}]},{"@type":"WebSite","@id":"https:\/\/euprevent.eu\/fr\/#website","url":"https:\/\/euprevent.eu\/fr\/","name":"euPrevent","description":"euPrevent is a Euroregional network that focuses on promoting health. Within this network, sustainable partnerships seek to increase the quality of life of residents in the border region between the Netherlands, Belgium and Germany.","potentialAction":[{"@type":"SearchAction","target":{"@type":"EntryPoint","urlTemplate":"https:\/\/euprevent.eu\/fr\/?s={search_term_string}"},"query-input":{"@type":"PropertyValueSpecification","valueRequired":true,"valueName":"search_term_string"}}],"inLanguage":"fr-FR"}]}},"_links":{"self":[{"href":"https:\/\/euprevent.eu\/fr\/wp-json\/wp\/v2\/pages\/21085","targetHints":{"allow":["GET"]}}],"collection":[{"href":"https:\/\/euprevent.eu\/fr\/wp-json\/wp\/v2\/pages"}],"about":[{"href":"https:\/\/euprevent.eu\/fr\/wp-json\/wp\/v2\/types\/page"}],"author":[{"embeddable":true,"href":"https:\/\/euprevent.eu\/fr\/wp-json\/wp\/v2\/users\/1"}],"replies":[{"embeddable":true,"href":"https:\/\/euprevent.eu\/fr\/wp-json\/wp\/v2\/comments?post=21085"}],"version-history":[{"count":8,"href":"https:\/\/euprevent.eu\/fr\/wp-json\/wp\/v2\/pages\/21085\/revisions"}],"predecessor-version":[{"id":24136,"href":"https:\/\/euprevent.eu\/fr\/wp-json\/wp\/v2\/pages\/21085\/revisions\/24136"}],"up":[{"embeddable":true,"href":"https:\/\/euprevent.eu\/fr\/wp-json\/wp\/v2\/pages\/14841"}],"wp:attachment":[{"href":"https:\/\/euprevent.eu\/fr\/wp-json\/wp\/v2\/media?parent=21085"}],"curies":[{"name":"wp","href":"https:\/\/api.w.org\/{rel}","templated":true}]}}