


{"id":2102,"date":"2017-11-09T07:29:06","date_gmt":"2017-11-09T07:29:06","guid":{"rendered":"https:\/\/euprevent.eu\/?page_id=2102"},"modified":"2019-01-04T17:43:18","modified_gmt":"2019-01-04T17:43:18","slug":"demence-analyse-des-capacites","status":"publish","type":"page","link":"https:\/\/euprevent.eu\/fr\/demence-analyse-des-capacites\/","title":{"rendered":"Projet D\u00e9mence \u2013 Analyse des capacit\u00e9s"},"content":{"rendered":"<section class=\"wpb-content-wrapper\"><p>[vc_row][vc_column][vc_single_image image=\u00a0\u00bb2330&Prime; img_size=\u00a0\u00bbmedium\u00a0\u00bb alignment=\u00a0\u00bbright\u00a0\u00bb][vc_column_text]<\/p>\n<h1>Projet D\u00e9mence \u2013 Analyse des capacit\u00e9s<\/h1>\n<p>2014. Le nombre de personnes souffrant de d\u00e9mence ne cesse de cro\u00eetre. Les personnes souffrant de d\u00e9mence vivent plus longtemps \u00e0 la maison. L\u2019entourage aussi est de plus en plus confront\u00e9 \u00e0 la d\u00e9mence\u00a0: non seulement les professionnels de la sant\u00e9, la famille et les proches soignants, mais aussi le monde de l\u2019horeca et le commerce de d\u00e9tail. Comment sont soign\u00e9es les personnes d\u00e9mentes\u00a0? Quelles sont les perspectives? Pour trouver une r\u00e9ponse \u00e0 ces questions, un <a href=\"http:\/\/tools.euprevent.eu\/ca3\/Tool\/view\/0\/fr\/\">outil online<\/a> d\u2019analyse des capacit\u00e9s a \u00e9t\u00e9 d\u00e9veloppe et utilis\u00e9.[\/vc_column_text][\/vc_column][\/vc_row][vc_row gap=\u00a0\u00bb25&Prime;][vc_column width=\u00a0\u00bb1\/2&Prime; css=\u00a0\u00bb.vc_custom_1509467339928{padding-top: 25px !important;background-color: #f3f3f3 !important;border-radius: 5px !important;}\u00a0\u00bb][vc_column_text css=\u00a0\u00bb.vc_custom_1510212393214{margin-bottom: 5px !important;padding-bottom: 5px !important;}\u00a0\u00bb]<\/p>\n<h3>Orientation du projet<\/h3>\n<p><strong>Groupe cible final:<\/strong> les personnes souffrant de d\u00e9mence et leur entourage.<br \/>\n<strong>Dur\u00e9e:<\/strong> du 1er juin 2014 au 31 octobre 2015.[\/vc_column_text][vc_btn title=\u00a0\u00bbFinancement\u00a0\u00bb color=\u00a0\u00bbprimary\u00a0\u00bb size=\u00a0\u00bbsm\u00a0\u00bb link=\u00a0\u00bburl:https%3A%2F%2Feuprevent.eu%2Ffr%2Ffinancement-capacity-assessment-dementia%2F|||\u00a0\u00bb][vc_btn title=\u00a0\u00bbPartenaires\u00a0\u00bb color=\u00a0\u00bbprimary\u00a0\u00bb size=\u00a0\u00bbsm\u00a0\u00bb link=\u00a0\u00bburl:%2Fpartner%2F%3Fprojects%3Dproject-ca-dementie|||\u00a0\u00bb][\/vc_column][\/vc_row][vc_row][vc_column][vc_empty_space][vc_column_text]<\/p>\n<h2>Objectif du projet<\/h2>\n<p>L\u2019objectif du projet est double\u00a0:<\/p>\n<ol>\n<li>Faire l\u2019inventaire du d\u00e9fi de la d\u00e9mence dans le Limbourg (NL). Un outil d\u2019analyse a \u00e9t\u00e9 d\u00e9velopp\u00e9 \u00e0 cet effet. Il \u00e9tait unique en ce sens qu\u2019il accordait une attention particuli\u00e8re \u00e0 la coop\u00e9ration eur\u00e9gionale.<\/li>\n<li>Cet outil a \u00e9t\u00e9 con\u00e7u de mani\u00e8re telle qu\u2019il permette une utilisation transfrontali\u00e8re au-del\u00e0 de la fin du projet et dans d\u2019autres domaines.<\/li>\n<\/ol>\n<p>[\/vc_column_text][\/vc_column][\/vc_row][vc_row][vc_column width=\u00a0\u00bb1\/2&Prime;][vc_column_text]<\/p>\n<h3>Analyse des capacit\u00e9s en mati\u00e8re de d\u00e9mence<\/h3>\n<p>20 acteurs des quatre coins du Limbourg (NL), confront\u00e9s \u00e0 la d\u00e9mence, ont \u00e9t\u00e9 approch\u00e9s pour cette analyse. Celle-ci appliquait de m\u00e9thodes de recherche tant quantitatives que qualitatives. L\u2019analyse arrive \u00e0 la conclusion globale que l\u2019aide aux personnes d\u00e9mentes fonctionne bien aux Pays-Bas. Mais il n\u2019y a pas de coop\u00e9ration structurelle entre les organisations limbourgeoises et les organisations similaires au sein de l\u2019Euregio Meuse-Rhin (EMR). Le rapport set uniquement disponible en n\u00e9erlandais.[\/vc_column_text][vc_column_text]<\/p>\n<h3>Un outil en ligne<\/h3>\n<p>Les concepteurs de l\u2019outil d\u2019analyse des capacit\u00e9s ont tenu compte de son utilisation future:<\/p>\n<ul>\n<li>A son terme, le projet propose un outil online facile \u00e0 utiliser sans aide ext\u00e9rieure.<\/li>\n<li>Cet outil peut \u00eatre utilis\u00e9 dans tous les domaines des soins de sant\u00e9 et dans d\u2019autres secteurs (comme l\u2019\u00e9conomie, l\u2019environnement, la culture).<\/li>\n<li>Il convient pour les organisations de toute l\u2019Euregio Meuse-Rhin:\n<ul>\n<li>il tient compte des m\u00e9thodes de travail et des mentalit\u00e9s eur\u00e9gionales;<\/li>\n<li>l\u2019outil peut \u00eatre utilis\u00e9 dans toutes les r\u00e9gions et est disponible dans les langues de l\u2019EMR.<\/li>\n<\/ul>\n<\/li>\n<\/ul>\n<p>[\/vc_column_text][\/vc_column][vc_column width=\u00a0\u00bb1\/2&Prime;][vc_column_text]<\/p>\n<h3>Analyse des capacit\u00e9s<\/h3>\n<p>L\u2019Universit\u00e9 de Maastricht fut charg\u00e9e de mettre au point un outil d\u2019analyse des capacit\u00e9s, utilisable \u00e0 l\u2019\u00e9chelon eur\u00e9gional. Pour la conception, elle s\u2019est inspir\u00e9e d\u2019un sch\u00e9ma d\u2019analyse des capacit\u00e9s (\u00ab\u00a0framework for capacity assessment\u00a0\u00bb) de l\u2019UNDP (United Nations Development Program). L\u2019outil comporte trois \u00e9tapes\u00a0:<\/p>\n<ol>\n<li>D\u2019abord une analyse des capacit\u00e9s (\u00ab\u00a0capacity assessment\u00a0\u00bb) pour faire le point de la situation actuelle (O\u00f9 en est-on\u00a0?).<\/li>\n<li>Une fois celle-ci termin\u00e9e, on s\u2019interroge sur la capacit\u00e9 souhait\u00e9e (O\u00f9 veut-on arriver\u00a0?).<\/li>\n<li>Ensuite, on peut d\u00e9finir des objectifs pour l\u2019accroissement de ces capacit\u00e9s (\u00ab\u00a0capacity development\u00a0\u00bb). Le travail sur ces objectifs permet de relever le niveau des capacit\u00e9s.<\/li>\n<\/ol>\n<p>Le sch\u00e9ma de l\u2019UNDP stipule qu\u2019il faut d\u00e9finir des objectifs d\u2019avancement au niveau individuel, organisationnel et social. Le pr\u00e9sent outil vise uniquement le d\u00e9veloppement au niveau organisationnel. Le th\u00e8me de la d\u00e9mence est trait\u00e9 comme un probl\u00e8me social d\u2019envergure.[\/vc_column_text][\/vc_column][\/vc_row]<\/p>\n<\/section>","protected":false},"excerpt":{"rendered":"<p>[vc_row][vc_column][vc_single_image image=\u00a0\u00bb2330&Prime; img_size=\u00a0\u00bbmedium\u00a0\u00bb alignment=\u00a0\u00bbright\u00a0\u00bb][vc_column_text] Projet D\u00e9mence \u2013 Analyse des capacit\u00e9s 2014. Le nombre de personnes souffrant de d\u00e9mence ne cesse de cro\u00eetre. Les personnes souffrant de d\u00e9mence vivent plus longtemps \u00e0 la maison. L\u2019entourage aussi est de plus en plus confront\u00e9 \u00e0 la d\u00e9mence\u00a0: non seulement les professionnels de la sant\u00e9, la famille et les [&hellip;]<\/p>\n","protected":false},"author":1,"featured_media":0,"parent":0,"menu_order":0,"comment_status":"closed","ping_status":"closed","template":"","meta":{"_acf_changed":false,"footnotes":""},"class_list":["post-2102","page","type-page","status-publish","hentry","programmes-mental-health"],"acf":[],"yoast_head":"<!-- This site is optimized with the Yoast SEO plugin v26.8 - https:\/\/yoast.com\/product\/yoast-seo-wordpress\/ -->\n<title>Projet D\u00e9mence \u2013 Analyse des capacit\u00e9s - euPrevent<\/title>\n<meta name=\"robots\" content=\"index, follow, max-snippet:-1, max-image-preview:large, max-video-preview:-1\" \/>\n<link rel=\"canonical\" href=\"https:\/\/euprevent.eu\/fr\/demence-analyse-des-capacites\/\" \/>\n<meta property=\"og:locale\" content=\"fr_FR\" \/>\n<meta property=\"og:type\" content=\"article\" \/>\n<meta property=\"og:title\" content=\"Projet D\u00e9mence \u2013 Analyse des capacit\u00e9s - euPrevent\" \/>\n<meta property=\"og:description\" content=\"[vc_row][vc_column][vc_single_image image=\u00a0\u00bb2330&Prime; img_size=\u00a0\u00bbmedium\u00a0\u00bb alignment=\u00a0\u00bbright\u00a0\u00bb][vc_column_text] Projet D\u00e9mence \u2013 Analyse des capacit\u00e9s 2014. Le nombre de personnes souffrant de d\u00e9mence ne cesse de cro\u00eetre. Les personnes souffrant de d\u00e9mence vivent plus longtemps \u00e0 la maison. L\u2019entourage aussi est de plus en plus confront\u00e9 \u00e0 la d\u00e9mence\u00a0: non seulement les professionnels de la sant\u00e9, la famille et les [&hellip;]\" \/>\n<meta property=\"og:url\" content=\"https:\/\/euprevent.eu\/fr\/demence-analyse-des-capacites\/\" \/>\n<meta property=\"og:site_name\" content=\"euPrevent\" \/>\n<meta property=\"article:modified_time\" content=\"2019-01-04T17:43:18+00:00\" \/>\n<meta name=\"twitter:card\" content=\"summary_large_image\" \/>\n<meta name=\"twitter:label1\" content=\"Dur\u00e9e de lecture estim\u00e9e\" \/>\n\t<meta name=\"twitter:data1\" content=\"4 minutes\" \/>\n<script type=\"application\/ld+json\" class=\"yoast-schema-graph\">{\"@context\":\"https:\/\/schema.org\",\"@graph\":[{\"@type\":\"WebPage\",\"@id\":\"https:\/\/euprevent.eu\/fr\/demence-analyse-des-capacites\/\",\"url\":\"https:\/\/euprevent.eu\/fr\/demence-analyse-des-capacites\/\",\"name\":\"Projet D\u00e9mence \u2013 Analyse des capacit\u00e9s - euPrevent\",\"isPartOf\":{\"@id\":\"https:\/\/euprevent.eu\/fr\/#website\"},\"datePublished\":\"2017-11-09T07:29:06+00:00\",\"dateModified\":\"2019-01-04T17:43:18+00:00\",\"breadcrumb\":{\"@id\":\"https:\/\/euprevent.eu\/fr\/demence-analyse-des-capacites\/#breadcrumb\"},\"inLanguage\":\"fr-FR\",\"potentialAction\":[{\"@type\":\"ReadAction\",\"target\":[\"https:\/\/euprevent.eu\/fr\/demence-analyse-des-capacites\/\"]}]},{\"@type\":\"BreadcrumbList\",\"@id\":\"https:\/\/euprevent.eu\/fr\/demence-analyse-des-capacites\/#breadcrumb\",\"itemListElement\":[{\"@type\":\"ListItem\",\"position\":1,\"name\":\"Home\",\"item\":\"https:\/\/euprevent.eu\/fr\/\"},{\"@type\":\"ListItem\",\"position\":2,\"name\":\"Projet D\u00e9mence \u2013 Analyse des capacit\u00e9s\"}]},{\"@type\":\"WebSite\",\"@id\":\"https:\/\/euprevent.eu\/fr\/#website\",\"url\":\"https:\/\/euprevent.eu\/fr\/\",\"name\":\"euPrevent\",\"description\":\"euPrevent is a Euroregional network that focuses on promoting health. Within this network, sustainable partnerships seek to increase the quality of life of residents in the border region between the Netherlands, Belgium and Germany.\",\"potentialAction\":[{\"@type\":\"SearchAction\",\"target\":{\"@type\":\"EntryPoint\",\"urlTemplate\":\"https:\/\/euprevent.eu\/fr\/?s={search_term_string}\"},\"query-input\":{\"@type\":\"PropertyValueSpecification\",\"valueRequired\":true,\"valueName\":\"search_term_string\"}}],\"inLanguage\":\"fr-FR\"}]}<\/script>\n<!-- \/ Yoast SEO plugin. -->","yoast_head_json":{"title":"Projet D\u00e9mence \u2013 Analyse des capacit\u00e9s - euPrevent","robots":{"index":"index","follow":"follow","max-snippet":"max-snippet:-1","max-image-preview":"max-image-preview:large","max-video-preview":"max-video-preview:-1"},"canonical":"https:\/\/euprevent.eu\/fr\/demence-analyse-des-capacites\/","og_locale":"fr_FR","og_type":"article","og_title":"Projet D\u00e9mence \u2013 Analyse des capacit\u00e9s - euPrevent","og_description":"[vc_row][vc_column][vc_single_image image=\u00a0\u00bb2330&Prime; img_size=\u00a0\u00bbmedium\u00a0\u00bb alignment=\u00a0\u00bbright\u00a0\u00bb][vc_column_text] Projet D\u00e9mence \u2013 Analyse des capacit\u00e9s 2014. Le nombre de personnes souffrant de d\u00e9mence ne cesse de cro\u00eetre. Les personnes souffrant de d\u00e9mence vivent plus longtemps \u00e0 la maison. L\u2019entourage aussi est de plus en plus confront\u00e9 \u00e0 la d\u00e9mence\u00a0: non seulement les professionnels de la sant\u00e9, la famille et les [&hellip;]","og_url":"https:\/\/euprevent.eu\/fr\/demence-analyse-des-capacites\/","og_site_name":"euPrevent","article_modified_time":"2019-01-04T17:43:18+00:00","twitter_card":"summary_large_image","twitter_misc":{"Dur\u00e9e de lecture estim\u00e9e":"4 minutes"},"schema":{"@context":"https:\/\/schema.org","@graph":[{"@type":"WebPage","@id":"https:\/\/euprevent.eu\/fr\/demence-analyse-des-capacites\/","url":"https:\/\/euprevent.eu\/fr\/demence-analyse-des-capacites\/","name":"Projet D\u00e9mence \u2013 Analyse des capacit\u00e9s - euPrevent","isPartOf":{"@id":"https:\/\/euprevent.eu\/fr\/#website"},"datePublished":"2017-11-09T07:29:06+00:00","dateModified":"2019-01-04T17:43:18+00:00","breadcrumb":{"@id":"https:\/\/euprevent.eu\/fr\/demence-analyse-des-capacites\/#breadcrumb"},"inLanguage":"fr-FR","potentialAction":[{"@type":"ReadAction","target":["https:\/\/euprevent.eu\/fr\/demence-analyse-des-capacites\/"]}]},{"@type":"BreadcrumbList","@id":"https:\/\/euprevent.eu\/fr\/demence-analyse-des-capacites\/#breadcrumb","itemListElement":[{"@type":"ListItem","position":1,"name":"Home","item":"https:\/\/euprevent.eu\/fr\/"},{"@type":"ListItem","position":2,"name":"Projet D\u00e9mence \u2013 Analyse des capacit\u00e9s"}]},{"@type":"WebSite","@id":"https:\/\/euprevent.eu\/fr\/#website","url":"https:\/\/euprevent.eu\/fr\/","name":"euPrevent","description":"euPrevent is a Euroregional network that focuses on promoting health. Within this network, sustainable partnerships seek to increase the quality of life of residents in the border region between the Netherlands, Belgium and Germany.","potentialAction":[{"@type":"SearchAction","target":{"@type":"EntryPoint","urlTemplate":"https:\/\/euprevent.eu\/fr\/?s={search_term_string}"},"query-input":{"@type":"PropertyValueSpecification","valueRequired":true,"valueName":"search_term_string"}}],"inLanguage":"fr-FR"}]}},"_links":{"self":[{"href":"https:\/\/euprevent.eu\/fr\/wp-json\/wp\/v2\/pages\/2102","targetHints":{"allow":["GET"]}}],"collection":[{"href":"https:\/\/euprevent.eu\/fr\/wp-json\/wp\/v2\/pages"}],"about":[{"href":"https:\/\/euprevent.eu\/fr\/wp-json\/wp\/v2\/types\/page"}],"author":[{"embeddable":true,"href":"https:\/\/euprevent.eu\/fr\/wp-json\/wp\/v2\/users\/1"}],"replies":[{"embeddable":true,"href":"https:\/\/euprevent.eu\/fr\/wp-json\/wp\/v2\/comments?post=2102"}],"version-history":[{"count":14,"href":"https:\/\/euprevent.eu\/fr\/wp-json\/wp\/v2\/pages\/2102\/revisions"}],"predecessor-version":[{"id":7059,"href":"https:\/\/euprevent.eu\/fr\/wp-json\/wp\/v2\/pages\/2102\/revisions\/7059"}],"wp:attachment":[{"href":"https:\/\/euprevent.eu\/fr\/wp-json\/wp\/v2\/media?parent=2102"}],"curies":[{"name":"wp","href":"https:\/\/api.w.org\/{rel}","templated":true}]}}