


{"id":2076,"date":"2017-11-21T13:04:51","date_gmt":"2017-11-21T13:04:51","guid":{"rendered":"https:\/\/euprevent.eu\/?page_id=2076"},"modified":"2017-12-14T06:53:32","modified_gmt":"2017-12-14T06:53:32","slug":"projet-comportement-a-risque-des-adolescents","status":"publish","type":"page","link":"https:\/\/euprevent.eu\/fr\/projet-comportement-a-risque-des-adolescents\/","title":{"rendered":"Projet Comportement \u00e0 risque des adolescents"},"content":{"rendered":"<section class=\"wpb-content-wrapper\"><p>[vc_row][vc_column][vc_single_image image=\u00a0\u00bb1297&Prime; img_size=\u00a0\u00bbmedium\u00a0\u00bb alignment=\u00a0\u00bbright\u00a0\u00bb][vc_column_text]<\/p>\n<h1>Projet Comportement \u00e0 risque des adolescents<\/h1>\n<p>Vers l\u2019an 2000, les professionnels du secteur de la pr\u00e9vention sanitaire avaient l\u2019impression que les jeunes et les adolescents de l\u2019Euregio Meuse-Rhin (EMR) consommaient plus d\u2019alcool et de drogues que par le pass\u00e9. Cette consommation avait lieu en partie dans les pays voisins \u00e9tant donn\u00e9 que les jeunes traversaient de plus en plus souvent les fronti\u00e8res de leur pays pour leurs loisirs. 18 organisations eur\u00e9gionales d\u00e9cid\u00e8rent alors d\u2019\u00e9tudier ensemble ce comportement et d\u2019y rem\u00e9dier.[\/vc_column_text][\/vc_column][\/vc_row][vc_row gap=\u00a0\u00bb25&Prime;][vc_column width=\u00a0\u00bb1\/2&Prime; css=\u00a0\u00bb.vc_custom_1509467339928{padding-top: 25px !important;background-color: #f3f3f3 !important;border-radius: 5px !important;}\u00a0\u00bb][vc_column_text css=\u00a0\u00bb.vc_custom_1510065174631{margin-bottom: 5px !important;padding-bottom: 5px !important;}\u00a0\u00bb]<\/p>\n<h3>Orientation du projet<\/h3>\n<ul>\n<li><strong>Groupe cible final<\/strong>\u00a0: les jeunes de l\u2019EMR<\/li>\n<li><strong>Dur\u00e9e<\/strong>\u00a0: du 1<sup>er<\/sup> octobre 2001 au 31 mars 2006<\/li>\n<\/ul>\n<p>[\/vc_column_text][vc_btn title=\u00a0\u00bbFinancement\u00a0\u00bb color=\u00a0\u00bbprimary\u00a0\u00bb size=\u00a0\u00bbsm\u00a0\u00bb link=\u00a0\u00bburl:https%3A%2F%2Feuprevent.eu%2Ffr%2Ffinancement-comportement-a-risque-des-adolescents%2F|||\u00a0\u00bb][vc_btn title=\u00a0\u00bbPartenaires\u00a0\u00bb color=\u00a0\u00bbprimary\u00a0\u00bb size=\u00a0\u00bbsm\u00a0\u00bb link=\u00a0\u00bburl:%2Fpartner%2F%3Fprojects%3Dproject-risicogedrag-adolescenten|||\u00a0\u00bb][\/vc_column][\/vc_row][vc_row][vc_column][vc_empty_space][vc_column_text]<\/p>\n<h2>Objectif du projet<\/h2>\n<p>Le but du projet \u00e9tait de pr\u00e9venir les comportements \u00e0 risque. Trois initiatives ont \u00e9t\u00e9 prises pour l\u2019atteindre\u00a0:<\/p>\n<ul>\n<li>l\u2019organisation d\u2019une \u00e9tude eur\u00e9gionale,<\/li>\n<li>l\u2019organisation d\u2019activit\u00e9s pr\u00e9ventives eur\u00e9gionales,<\/li>\n<li>la mise sur pied d\u2019un r\u00e9seau durable.<\/li>\n<\/ul>\n<p>[\/vc_column_text][\/vc_column][\/vc_row][vc_row][vc_column width=\u00a0\u00bb1\/2&Prime;][vc_column_text]<\/p>\n<h3>Activit\u00e9s<\/h3>\n<p>Les \u00e9tudes ont montr\u00e9 que la coop\u00e9ration eur\u00e9gionale \u00e9tait la plus efficace lorsque plusieurs activit\u00e9s eur\u00e9gionales sont organis\u00e9es \u00e0 petite \u00e9chelle. En mai 2005, les partenaires du projet ont donc planifi\u00e9 un mois eur\u00e9gional de la pr\u00e9vention comportant diff\u00e9rentes activit\u00e9s\u00a0:<\/p>\n<ul>\n<li>un infobus facile d\u2019acc\u00e8s, le \u00ab\u00a0Rave Shuttle\u00a0\u00bb, en diff\u00e9rents endroits fr\u00e9quent\u00e9s par beaucoup de jeunes,<\/li>\n<li>une discoth\u00e8que anti-tabac pour les enfants et les jeunes participant aux projets \u00ab\u00a0Tegengif\u00a0\u00bb (Pays-Bas) et \u00ab\u00a0Be smart don\u2019t start\u00a0\u00bb (Allemagne),<\/li>\n<li>une semaine sportive appel\u00e9e \u00ab\u00a0Klettern statt Kiffen\u00a0\u00bb,<\/li>\n<li>des journ\u00e9es cin\u00e9ma pour les jeunes, avec des films sur ce th\u00e8me.<\/li>\n<\/ul>\n<p>Ce fut un succ\u00e8s\u00a0; depuis lors, un mois de la pr\u00e9vention est organis\u00e9 chaque ann\u00e9e.[\/vc_column_text][vc_column_text]<\/p>\n<h3>Coop\u00e9ration<\/h3>\n<p>Le projet a accord\u00e9 beaucoup d\u2019importance \u00e0 la d\u00e9couverte de l\u2019autre, de sa culture et de sa mani\u00e8re de travailler. Cette attention fut tr\u00e8s utile et b\u00e9n\u00e9fique pour les r\u00e9sultats engrang\u00e9s\u00a0: tant l\u2019\u00e9tude que le mois eur\u00e9gional de la pr\u00e9vention ont \u00e9t\u00e9 bien accueillis.<\/p>\n<p>Les organisations ont souhait\u00e9 poursuivre leur collaboration \u00e0 l\u2019issue du projet. Elles ont donc sign\u00e9 un contrat pour les 6 ann\u00e9es \u00e0 venir. Elles ont convenu de coop\u00e9rer tant au niveau ex\u00e9cutif que politique. Depuis 2010, le r\u00e9seau est pass\u00e9 du projet Comportement \u00e0 risque des adolescents \u00e0 la programmation \u00ab\u00a0Verslaving\u00a0\u00bb (Addiction) d\u2019euPrevent. Par ailleurs, ce r\u00e9seau organise r\u00e9guli\u00e8rement, outre le mois de la pr\u00e9vention, des formations pour assurer le partage des connaissances.[\/vc_column_text][\/vc_column][vc_column width=\u00a0\u00bb1\/2&Prime;][vc_column_text]<\/p>\n<h3>\u00c9tudes<\/h3>\n<p>Les partenaires du projet ont men\u00e9 une \u00e9tude quantitative et une \u00e9tude qualitative sur les comportements \u00e0 risque des adolescents de l\u2019EMR. Les r\u00e9sultats ont orient\u00e9 le d\u00e9roulement ult\u00e9rieur du projet.<\/p>\n<h4>\u00c9tude quantitative<\/h4>\n<p>En automne 2001, 46.000 \u00e9l\u00e8ves de l\u2019enseignement secondaire ont particip\u00e9 \u00e0 l\u2019\u00e9tude quantitative, l\u2019\u00c9tude eur\u00e9gionale 2001-2002 sur les jeunes. La plupart habitaient l\u2019EMR et avaient entre 14 et 16 ans. Cette \u00e9tude a contribu\u00e9 \u00e0 l\u2019am\u00e9lioration de la politique pr\u00e9ventive r\u00e9gionale et eur\u00e9gionale. L\u2019\u00c9tude eur\u00e9gionale a \u00e9t\u00e9 renouvel\u00e9e en 2006-2007 et en 2013.<\/p>\n<h4>\u00c9tude qualitative<\/h4>\n<p>L\u2019\u00e9tude qualitative a examin\u00e9 les similitudes et les diff\u00e9rences entre les r\u00e9gions\u00a0:<\/p>\n<ul>\n<li>Quelle est la l\u00e9gislation en vigueur, quelles sont les structures\u00a0?<\/li>\n<li>Quelle est la r\u00e9partition des responsabilit\u00e9s\u00a0?<\/li>\n<li>Quel est l\u2019avis des citoyens sur l\u2019alcool et les drogues\u00a0? (acceptation sociale)<\/li>\n<li>Quel est le vocabulaire utilis\u00e9\u00a0? Que signifie-t-il\u00a0?<\/li>\n<li>Quelle est la mani\u00e8re de travailler\u00a0?<\/li>\n<\/ul>\n<p>[\/vc_column_text][\/vc_column][\/vc_row][vc_row][vc_column][vc_column_text]\t<div class=\"clearfix\"><\/div>\r\n\t<div class=\"panel-events_and_news\">\r\n\t\t<div class=\"row\">\r\n\r\n            \r\n            \t\t\t<div class=\"col-sm-12 col-md-6\" id=\"events\">\r\n\t\t\t\t<h3>Ev\u00e9nements<\/h3>\r\n\t\t\t\t\t\t\t\t\t\t\t\t\t\t\t\t<h2><span class=\"hidden\">Ev\u00e9nements - <\/span>R\u00e9trospective<\/h2>\r\n\t\t\t\t\t\t\t\r\n\t\t\t\t\t\t<div class=\"event media past\">\r\n\t\t\t\t\t\t\t<a class=\"overlay\" href=\"https:\/\/euprevent.eu\/fr\/event\/monat-de-prevention-euregionale-2009\/\"><\/a>\r\n\t\t\t\t\t\t\t\t\t\t\t\t\t\t<div class=\"thumb pull-left\" style=\"background-image: url('https:\/\/euprevent.eu\/wp-content\/uploads\/2017\/11\/kickoff_1.jpg');\"><\/div>\r\n\t\t\t\t\t\t\t<div class=\"event-info-table\">\r\n\t\t\t\t\t\t\t\t<div class=\"event-info-table-row\">\r\n\t\t\t\t\t\t\t\t\t<div class=\"event-info-table-cell\">\r\n\t\t\t\t\t\t\t\t\t\t<h3>Mois de Pr\u00e9vention Euregionale<\/h3>\r\n                                        <p>1 mai 2005 - 31 mai 2005<\/p>\r\n\t\t\t\t\t\t\t\t\t<\/div>\r\n\t\t\t\t\t\t\t\t<\/div>\r\n\t\t\t\t\t\t\t<\/div>\r\n\t\t\t\t\t\t<\/div>\r\n\r\n\t\t\t\t\t\t\r\n\t\t\t\t\t\t<div class=\"event media past\">\r\n\t\t\t\t\t\t\t<a class=\"overlay\" href=\"https:\/\/euprevent.eu\/fr\/event\/workshop-preventie-in-de-euregio\/\"><\/a>\r\n\t\t\t\t\t\t\t\t\t\t\t\t\t\t<div class=\"thumb pull-left\" style=\"background-image: url('https:\/\/euprevent.eu\/wp-content\/uploads\/2017\/11\/image_preview.jpeg');\"><\/div>\r\n\t\t\t\t\t\t\t<div class=\"event-info-table\">\r\n\t\t\t\t\t\t\t\t<div class=\"event-info-table-row\">\r\n\t\t\t\t\t\t\t\t\t<div class=\"event-info-table-cell\">\r\n\t\t\t\t\t\t\t\t\t\t<h3>Workshop 'Preventie in de Euregio'<\/h3>\r\n                                        <p>30 juin 2004<\/p>\r\n\t\t\t\t\t\t\t\t\t<\/div>\r\n\t\t\t\t\t\t\t\t<\/div>\r\n\t\t\t\t\t\t\t<\/div>\r\n\t\t\t\t\t\t<\/div>\r\n\r\n\t\t\t\t\t\t\t\t\t\t\t<div class=\"text-center p-5\"><a class=\"btn btn-sm btn-default\" href=\"https:\/\/euprevent.eu\/fr\/event\/\">tous les \u00e9v\u00e9nements<\/a><\/div>\r\n\t\t\t\t\t\t\t\t<\/div>\r\n\r\n            \r\n            \t\t\t<div class=\"col-sm-12 col-md-6\" id=\"news\">\r\n\t\t\t\t<h3>Nouvelles<\/h3>\r\n\t\t\t\t\t\t\t\t\t\t\t\t\t\t\t<div class=\"newsitem\">\r\n\t\t\t\t\t\t\t<a class=\"overlay\" href=\"https:\/\/euprevent.eu\/fr\/sharing-knowledge-in-heinsberg\/\"><\/a>\r\n                            <div class=\"thumb pull-left\" style=\"background-image: url('https:\/\/euprevent.eu\/wp-content\/uploads\/2019\/07\/YouthSurveyEMR2013.png');\"><\/div>\r\n\t\t\t\t\t\t\t<div class=\"news-info-table\">\r\n\t\t\t\t\t\t\t\t<div class=\"news-info-table-row\">\r\n\t\t\t\t\t\t\t\t\t<div class=\"news-info-table-cell\">\r\n\t\t\t\t\t\t\t\t\t\t<p>11 January 2013<\/p>\r\n\t\t\t\t\t\t\t\t\t\t<h3>Sharing Knowledge in Heinsberg<\/h3>\r\n\t\t\t\t\t\t\t\t\t<\/div>\r\n\t\t\t\t\t\t\t\t<\/div>\r\n\t\t\t\t\t\t\t<\/div>\r\n\t\t\t\t\t\t<\/div>\r\n\t\t\t\t\t\t\t\t\t\t\t\t<div class=\"newsitem\">\r\n\t\t\t\t\t\t\t<a class=\"overlay\" href=\"https:\/\/euprevent.eu\/fr\/euregio-award\/\"><\/a>\r\n                            <div class=\"thumb pull-left\" style=\"background-image: url('https:\/\/euprevent.eu\/wp-content\/uploads\/2007\/03\/200703_EuregioAward_EN-page-001.jpg');\"><\/div>\r\n\t\t\t\t\t\t\t<div class=\"news-info-table\">\r\n\t\t\t\t\t\t\t\t<div class=\"news-info-table-row\">\r\n\t\t\t\t\t\t\t\t\t<div class=\"news-info-table-cell\">\r\n\t\t\t\t\t\t\t\t\t\t<p>21 March 2007<\/p>\r\n\t\t\t\t\t\t\t\t\t\t<h3>Euregio Award<\/h3>\r\n\t\t\t\t\t\t\t\t\t<\/div>\r\n\t\t\t\t\t\t\t\t<\/div>\r\n\t\t\t\t\t\t\t<\/div>\r\n\t\t\t\t\t\t<\/div>\r\n\t\t\t\t\t\t\t\t\t\t\t\t<div class=\"newsitem\">\r\n\t\t\t\t\t\t\t<a class=\"overlay\" href=\"https:\/\/euprevent.eu\/fr\/project-ra-in-the-newspapers\/\"><\/a>\r\n                            <div class=\"thumb pull-left\" style=\"background-image: url('https:\/\/euprevent.eu\/wp-content\/uploads\/2017\/12\/050511_Metro_projectRA_NL.jpg');\"><\/div>\r\n\t\t\t\t\t\t\t<div class=\"news-info-table\">\r\n\t\t\t\t\t\t\t\t<div class=\"news-info-table-row\">\r\n\t\t\t\t\t\t\t\t\t<div class=\"news-info-table-cell\">\r\n\t\t\t\t\t\t\t\t\t\t<p>12 May 2005<\/p>\r\n\t\t\t\t\t\t\t\t\t\t<h3>Project RA in the newspapers<\/h3>\r\n\t\t\t\t\t\t\t\t\t<\/div>\r\n\t\t\t\t\t\t\t\t<\/div>\r\n\t\t\t\t\t\t\t<\/div>\r\n\t\t\t\t\t\t<\/div>\r\n\t\t\t\t\t\t\t\t\t\t\t<div class=\"text-center p-5\"><a class=\"btn btn-sm btn-default\" href=\"https:\/\/euprevent.eu\/fr\/nouvelles\/\">Toutes les nouvelles<\/a><\/div>\r\n\t\t\t\t\t\t\t\t<\/div>\r\n            \r\n\t\t<\/div>\r\n\t<\/div>\r\n\r\n\t[\/vc_column_text][\/vc_column][\/vc_row]<\/p>\n<\/section>","protected":false},"excerpt":{"rendered":"<p>[vc_row][vc_column][vc_single_image image=\u00a0\u00bb1297&Prime; img_size=\u00a0\u00bbmedium\u00a0\u00bb alignment=\u00a0\u00bbright\u00a0\u00bb][vc_column_text] Projet Comportement \u00e0 risque des adolescents Vers l\u2019an 2000, les professionnels du secteur de la pr\u00e9vention sanitaire avaient l\u2019impression que les jeunes et les adolescents de l\u2019Euregio Meuse-Rhin (EMR) consommaient plus d\u2019alcool et de drogues que par le pass\u00e9. Cette consommation avait lieu en partie dans les pays voisins \u00e9tant donn\u00e9 [&hellip;]<\/p>\n","protected":false},"author":1,"featured_media":0,"parent":0,"menu_order":0,"comment_status":"closed","ping_status":"closed","template":"","meta":{"_acf_changed":false,"footnotes":""},"class_list":["post-2076","page","type-page","status-publish","hentry","programmes-addiction"],"acf":[],"yoast_head":"<!-- This site is optimized with the Yoast SEO plugin v27.5 - https:\/\/yoast.com\/product\/yoast-seo-wordpress\/ -->\n<title>Projet Comportement \u00e0 risque des adolescents - euPrevent<\/title>\n<meta name=\"robots\" content=\"index, follow, max-snippet:-1, max-image-preview:large, max-video-preview:-1\" \/>\n<link rel=\"canonical\" href=\"https:\/\/euprevent.eu\/fr\/projet-comportement-a-risque-des-adolescents\/\" \/>\n<meta property=\"og:locale\" content=\"fr_FR\" \/>\n<meta property=\"og:type\" content=\"article\" \/>\n<meta property=\"og:title\" content=\"Projet Comportement \u00e0 risque des adolescents - euPrevent\" \/>\n<meta property=\"og:description\" content=\"[vc_row][vc_column][vc_single_image image=\u00a0\u00bb1297&Prime; img_size=\u00a0\u00bbmedium\u00a0\u00bb alignment=\u00a0\u00bbright\u00a0\u00bb][vc_column_text] Projet Comportement \u00e0 risque des adolescents Vers l\u2019an 2000, les professionnels du secteur de la pr\u00e9vention sanitaire avaient l\u2019impression que les jeunes et les adolescents de l\u2019Euregio Meuse-Rhin (EMR) consommaient plus d\u2019alcool et de drogues que par le pass\u00e9. Cette consommation avait lieu en partie dans les pays voisins \u00e9tant donn\u00e9 [&hellip;]\" \/>\n<meta property=\"og:url\" content=\"https:\/\/euprevent.eu\/fr\/projet-comportement-a-risque-des-adolescents\/\" \/>\n<meta property=\"og:site_name\" content=\"euPrevent\" \/>\n<meta property=\"article:modified_time\" content=\"2017-12-14T06:53:32+00:00\" \/>\n<meta name=\"twitter:card\" content=\"summary_large_image\" \/>\n<meta name=\"twitter:label1\" content=\"Dur\u00e9e de lecture estim\u00e9e\" \/>\n\t<meta name=\"twitter:data1\" content=\"4 minutes\" \/>\n<script type=\"application\/ld+json\" class=\"yoast-schema-graph\">{\"@context\":\"https:\\\/\\\/schema.org\",\"@graph\":[{\"@type\":\"WebPage\",\"@id\":\"https:\\\/\\\/euprevent.eu\\\/fr\\\/projet-comportement-a-risque-des-adolescents\\\/\",\"url\":\"https:\\\/\\\/euprevent.eu\\\/fr\\\/projet-comportement-a-risque-des-adolescents\\\/\",\"name\":\"Projet Comportement \u00e0 risque des adolescents - euPrevent\",\"isPartOf\":{\"@id\":\"https:\\\/\\\/euprevent.eu\\\/fr\\\/#website\"},\"datePublished\":\"2017-11-21T13:04:51+00:00\",\"dateModified\":\"2017-12-14T06:53:32+00:00\",\"breadcrumb\":{\"@id\":\"https:\\\/\\\/euprevent.eu\\\/fr\\\/projet-comportement-a-risque-des-adolescents\\\/#breadcrumb\"},\"inLanguage\":\"fr-FR\",\"potentialAction\":[{\"@type\":\"ReadAction\",\"target\":[\"https:\\\/\\\/euprevent.eu\\\/fr\\\/projet-comportement-a-risque-des-adolescents\\\/\"]}]},{\"@type\":\"BreadcrumbList\",\"@id\":\"https:\\\/\\\/euprevent.eu\\\/fr\\\/projet-comportement-a-risque-des-adolescents\\\/#breadcrumb\",\"itemListElement\":[{\"@type\":\"ListItem\",\"position\":1,\"name\":\"Home\",\"item\":\"https:\\\/\\\/euprevent.eu\\\/fr\\\/\"},{\"@type\":\"ListItem\",\"position\":2,\"name\":\"Projet Comportement \u00e0 risque des adolescents\"}]},{\"@type\":\"WebSite\",\"@id\":\"https:\\\/\\\/euprevent.eu\\\/fr\\\/#website\",\"url\":\"https:\\\/\\\/euprevent.eu\\\/fr\\\/\",\"name\":\"euPrevent\",\"description\":\"euPrevent is a Euroregional network that focuses on promoting health. Within this network, sustainable partnerships seek to increase the quality of life of residents in the border region between the Netherlands, Belgium and Germany.\",\"potentialAction\":[{\"@type\":\"SearchAction\",\"target\":{\"@type\":\"EntryPoint\",\"urlTemplate\":\"https:\\\/\\\/euprevent.eu\\\/fr\\\/?s={search_term_string}\"},\"query-input\":{\"@type\":\"PropertyValueSpecification\",\"valueRequired\":true,\"valueName\":\"search_term_string\"}}],\"inLanguage\":\"fr-FR\"}]}<\/script>\n<!-- \/ Yoast SEO plugin. -->","yoast_head_json":{"title":"Projet Comportement \u00e0 risque des adolescents - euPrevent","robots":{"index":"index","follow":"follow","max-snippet":"max-snippet:-1","max-image-preview":"max-image-preview:large","max-video-preview":"max-video-preview:-1"},"canonical":"https:\/\/euprevent.eu\/fr\/projet-comportement-a-risque-des-adolescents\/","og_locale":"fr_FR","og_type":"article","og_title":"Projet Comportement \u00e0 risque des adolescents - euPrevent","og_description":"[vc_row][vc_column][vc_single_image image=\u00a0\u00bb1297&Prime; img_size=\u00a0\u00bbmedium\u00a0\u00bb alignment=\u00a0\u00bbright\u00a0\u00bb][vc_column_text] Projet Comportement \u00e0 risque des adolescents Vers l\u2019an 2000, les professionnels du secteur de la pr\u00e9vention sanitaire avaient l\u2019impression que les jeunes et les adolescents de l\u2019Euregio Meuse-Rhin (EMR) consommaient plus d\u2019alcool et de drogues que par le pass\u00e9. Cette consommation avait lieu en partie dans les pays voisins \u00e9tant donn\u00e9 [&hellip;]","og_url":"https:\/\/euprevent.eu\/fr\/projet-comportement-a-risque-des-adolescents\/","og_site_name":"euPrevent","article_modified_time":"2017-12-14T06:53:32+00:00","twitter_card":"summary_large_image","twitter_misc":{"Dur\u00e9e de lecture estim\u00e9e":"4 minutes"},"schema":{"@context":"https:\/\/schema.org","@graph":[{"@type":"WebPage","@id":"https:\/\/euprevent.eu\/fr\/projet-comportement-a-risque-des-adolescents\/","url":"https:\/\/euprevent.eu\/fr\/projet-comportement-a-risque-des-adolescents\/","name":"Projet Comportement \u00e0 risque des adolescents - euPrevent","isPartOf":{"@id":"https:\/\/euprevent.eu\/fr\/#website"},"datePublished":"2017-11-21T13:04:51+00:00","dateModified":"2017-12-14T06:53:32+00:00","breadcrumb":{"@id":"https:\/\/euprevent.eu\/fr\/projet-comportement-a-risque-des-adolescents\/#breadcrumb"},"inLanguage":"fr-FR","potentialAction":[{"@type":"ReadAction","target":["https:\/\/euprevent.eu\/fr\/projet-comportement-a-risque-des-adolescents\/"]}]},{"@type":"BreadcrumbList","@id":"https:\/\/euprevent.eu\/fr\/projet-comportement-a-risque-des-adolescents\/#breadcrumb","itemListElement":[{"@type":"ListItem","position":1,"name":"Home","item":"https:\/\/euprevent.eu\/fr\/"},{"@type":"ListItem","position":2,"name":"Projet Comportement \u00e0 risque des adolescents"}]},{"@type":"WebSite","@id":"https:\/\/euprevent.eu\/fr\/#website","url":"https:\/\/euprevent.eu\/fr\/","name":"euPrevent","description":"euPrevent is a Euroregional network that focuses on promoting health. Within this network, sustainable partnerships seek to increase the quality of life of residents in the border region between the Netherlands, Belgium and Germany.","potentialAction":[{"@type":"SearchAction","target":{"@type":"EntryPoint","urlTemplate":"https:\/\/euprevent.eu\/fr\/?s={search_term_string}"},"query-input":{"@type":"PropertyValueSpecification","valueRequired":true,"valueName":"search_term_string"}}],"inLanguage":"fr-FR"}]}},"_links":{"self":[{"href":"https:\/\/euprevent.eu\/fr\/wp-json\/wp\/v2\/pages\/2076","targetHints":{"allow":["GET"]}}],"collection":[{"href":"https:\/\/euprevent.eu\/fr\/wp-json\/wp\/v2\/pages"}],"about":[{"href":"https:\/\/euprevent.eu\/fr\/wp-json\/wp\/v2\/types\/page"}],"author":[{"embeddable":true,"href":"https:\/\/euprevent.eu\/fr\/wp-json\/wp\/v2\/users\/1"}],"replies":[{"embeddable":true,"href":"https:\/\/euprevent.eu\/fr\/wp-json\/wp\/v2\/comments?post=2076"}],"version-history":[{"count":8,"href":"https:\/\/euprevent.eu\/fr\/wp-json\/wp\/v2\/pages\/2076\/revisions"}],"predecessor-version":[{"id":3185,"href":"https:\/\/euprevent.eu\/fr\/wp-json\/wp\/v2\/pages\/2076\/revisions\/3185"}],"wp:attachment":[{"href":"https:\/\/euprevent.eu\/fr\/wp-json\/wp\/v2\/media?parent=2076"}],"curies":[{"name":"wp","href":"https:\/\/api.w.org\/{rel}","templated":true}]}}