


{"id":20749,"date":"2023-07-06T14:37:27","date_gmt":"2023-07-06T13:37:27","guid":{"rendered":"https:\/\/euprevent.eu\/theaterpakket-sterrelicht\/"},"modified":"2024-07-22T14:14:33","modified_gmt":"2024-07-22T13:14:33","slug":"theaterpakket-sterrelicht","status":"publish","type":"page","link":"https:\/\/euprevent.eu\/fr\/theaterpakket-sterrelicht\/","title":{"rendered":"Introduction formule the\u0301a\u0302tre Starlight"},"content":{"rendered":"<section class=\"wpb-content-wrapper\"><p>[vc_row css_animation=\u00a0\u00bbnone\u00a0\u00bb css=\u00a0\u00bb.vc_custom_1688649216009{margin-right: 0px !important;margin-left: 0px !important;background-color: #3892d0 !important;background-position: center !important;background-repeat: no-repeat !important;background-size: cover !important;}\u00a0\u00bb el_class=\u00a0\u00bbevent-header\u00a0\u00bb][vc_column][vc_column_text]<\/p>\n<h1>Introduction formule the\u0301a\u0302tre Starlight<\/h1>\n<h2>06 juli 2023<\/h2>\n<p>[\/vc_column_text][\/vc_column][\/vc_row][vc_row][vc_column][vc_column_text]<\/p>\n<p style=\"text-align: right;\"><a href=\"https:\/\/euprevent.eu\/wp-content\/uploads\/2023\/07\/Sterrelicht_FR.zip\">Tout t\u00e9l\u00e9charger <small>(489mb) <\/small><i class=\"far fa-download\"><\/i><\/a><\/p>\n<p>[\/vc_column_text][vc_tta_tour][vc_tta_section title=\u00a0\u00bbIntroduction\u00a0\u00bb tab_id=\u00a0\u00bb1482327340831-0289a85d-6b8ae52b-e4b1&Prime;][vc_row_inner gap=\u00a0\u00bb10&Prime;][vc_column_inner][vc_column_text]<\/p>\n<h3>Cher amateur de th\u00e9\u00e2tre,<\/h3>\n<p>Nous sommes tr\u00e8s heureux de vous avoir ici, car cela signifie que vous voulez commencer \u00e0 participer au programme de th\u00e9\u00e2tre Sterrelicht\/Starlight dans votre r\u00e9gion. Ensemble, nous faisons un pas dans la bonne direction pour rendre le th\u00e8me de la solitude accessible \u00e0 la discussion dans votre environnement.<br \/>\nCette formule th\u00e9\u00e2trale Starlight est bas\u00e9e sur la pi\u00e8ce de th\u00e9\u00e2tre \u00ab\u00a0Sterrelicht en Appeltaart\u00a0\u00bb (Starlight et tarte aux pommes) du metteur en sc\u00e8ne flamand Luc Stevens. Gr\u00e2ce aux fonds du programme Interreg V-A Euregion Meuse-Rhin, le projet <a href=\"https:\/\/euprevent.eu\/fr\/profile\">euPrevent PROFILE<\/a> a d\u00e9velopp\u00e9 ce projet de th\u00e9\u00e2tre en collaboration avec <a href=\"https:\/\/www.lucstevensproducties.be\/\">Luc Stevens Producties<\/a>.<br \/>\nLe message est clair : nous invitons tout le monde \u00e0 commencer \u00e0 utiliser la formule th\u00e9\u00e2tre dans son environnement, afin qu&rsquo;ensemble nous puissions apporter une petite contribution, cr\u00e9er plus de liens et sortir plus de personnes de leur solitude.<br \/>\nLe contenu de ce package th\u00e9\u00e2tre est une base pour faire preuve de cr\u00e9ativit\u00e9 avec la pi\u00e8ce. Le sc\u00e9nario est con\u00e7u pour \u00eatre jou\u00e9 par 5 acteurs. Les autres r\u00f4les sont remplis au moyen de mat\u00e9riel sonore. Si vous avez suffisamment d&rsquo;acteurs, vous pouvez \u00e9galement attribuer plus de r\u00f4les. La libert\u00e9 de cr\u00e9ation est donc permise, tant que le message reste intact et est transmis de mani\u00e8re respectueuse.<br \/>\nNous fournissons le kit de th\u00e9\u00e2tre gratuitement.<\/p>\n<p>Si vous avez des questions, n&rsquo;h\u00e9sitez pas \u00e0 contacter le partenaire du projet euPrevent PROFILE dans votre r\u00e9gion.<\/p>\n<p>Nous vous souhaitons beaucoup de succ\u00e8s et de plaisir ![\/vc_column_text][vc_column_text css=\u00a0\u00bb.vc_custom_1691155172609{margin-bottom: 1rem !important;padding-bottom: 0px !important;}\u00a0\u00bb]<\/p>\n<h3>Performances pr\u00e9vues<\/h3>\n<p>[\/vc_column_text][vc_raw_html]JTNDdGFibGUlMjBjbGFzcyUzRCUyMnRhYmxlJTIyJTNFJTBBJTIwJTIwJTIwJTIwJTIwJTIwJTIwJTIwJTNDdGhlYWQlM0UlMEElM0N0ciUzRSUwQSUyMCUyMCUyMCUyMCUyMCUyMCUyMCUyMCUyMCUyMCUyMCUyMCUzQ3RoJTNFUiVDMyVBOWdpb24lM0MlMkZ0aCUzRSUwQSUyMCUyMCUyMCUyMCUyMCUyMCUyMCUyMCUyMCUyMCUyMCUyMCUzQ3RoJTNFRGF0ZSUzQyUyRnRoJTNFJTBBJTIwJTIwJTIwJTIwJTIwJTIwJTIwJTIwJTIwJTIwJTIwJTIwJTNDdGglM0VTaXRlJTNDJTJGdGglM0UlMEElMjAlMjAlMjAlMjAlMjAlMjAlMjAlMjAlMjAlMjAlMjAlMjAlM0N0aCUzRUluZm9ybWF0aW9ucyUyMGQlQzMlQTl0YWlsbCVDMyVBOWVzJTNDJTJGdGglM0UlMEElMjAlMjAlMjAlMjAlMjAlMjAlMjAlMjAlM0MlMkZ0ciUzRSUwQSUzQyUyRnRoZWFkJTNFJTBBJTNDdGJvZHklM0UlMEElMjAlMjAlMjAlMjAlMjAlMjAlMjAlMjAlM0N0ciUzRSUwQSUyMCUyMCUyMCUyMCUyMCUyMCUyMCUyMCUyMCUyMCUyMCUyMCUzQ3RkJTNFUGF5cy1CYXMlM0MlMkZ0ZCUzRSUwQSUyMCUyMCUyMCUyMCUyMCUyMCUyMCUyMCUyMCUyMCUyMCUyMCUzQ3RkJTNFMTYlMkYwOSUyRjIwMjMlM0MlMkZ0ZCUzRSUwQSUyMCUyMCUyMCUyMCUyMCUyMCUyMCUyMCUyMCUyMCUyMCUyMCUzQ3RkJTNFU2Nob3V3YnVyZyUyMFZlbnJheSUzQyUyRnRkJTNFJTBBJTIwJTIwJTIwJTIwJTIwJTIwJTIwJTIwJTIwJTIwJTIwJTIwJTNDdGQlM0UlM0NhJTIwaHJlZiUzRCUyMmh0dHBzJTNBJTJGJTJGd3d3Lmtib2hlZXJsZW5zdGFkLm5sJTJGaW5kZXgucGhwJTIyJTNFaHR0cHMlM0ElMkYlMkZ3d3cua2JvaGVlcmxlbnN0YWQubmwlMkZpbmRleC5waHAlM0MlMkZhJTNFJTNDJTJGdGQlM0UlMEElMjAlMjAlMjAlMjAlMjAlMjAlMjAlMjAlM0MlMkZ0ciUzRSUwQSUyMCUyMCUyMCUyMCUyMCUyMCUyMCUyMCUzQ3RyJTNFJTBBJTIwJTIwJTIwJTIwJTIwJTIwJTIwJTIwJTIwJTIwJTIwJTIwJTNDdGQlM0VQYXlzLUJhcyUzQyUyRnRkJTNFJTBBJTIwJTIwJTIwJTIwJTIwJTIwJTIwJTIwJTIwJTIwJTIwJTIwJTNDdGQlM0UwNiUyRjEwJTJGMjAyMyUzQyUyRnRkJTNFJTBBJTIwJTIwJTIwJTIwJTIwJTIwJTIwJTIwJTIwJTIwJTIwJTIwJTNDdGQlM0VLYXJyb2Vzc2VsJTIwaW4lMjBTaXR0YXJkJTNDJTJGdGQlM0UlMEElMjAlMjAlMjAlMjAlMjAlMjAlMjAlMjAlMjAlMjAlMjAlMjAlM0N0ZCUzRSUzQ2ElMjBocmVmJTNEJTIyaHR0cHMlM0ElMkYlMkZ3d3cua2JvaGVlcmxlbnN0YWQubmwlMkZpbmRleC5waHAlMjIlM0VodHRwcyUzQSUyRiUyRnd3dy5rYm9oZWVybGVuc3RhZC5ubCUyRmluZGV4LnBocCUzQyUyRmElM0UlM0MlMkZ0ZCUzRSUwQSUyMCUyMCUyMCUyMCUyMCUyMCUyMCUyMCUzQyUyRnRyJTNFJTBBJTIwJTIwJTIwJTIwJTIwJTIwJTIwJTIwJTIwJTNDdHIlM0UlMEElMjAlMjAlMjAlMjAlMjAlMjAlMjAlMjAlMjAlMjAlMjAlMjAlM0N0ZCUzRVBheXMtQmFzJTNDJTJGdGQlM0UlMEElMjAlMjAlMjAlMjAlMjAlMjAlMjAlMjAlMjAlMjAlMjAlMjAlM0N0ZCUzRTEwJTJGMTIlMkYyMDIzJTNDJTJGdGQlM0UlMEElMjAlMjAlMjAlMjAlMjAlMjAlMjAlMjAlMjAlMjAlMjAlMjAlM0N0ZCUzRVBsYXRhYW4lMjBIZWVybGVuJTNDJTJGdGQlM0UlMEElMjAlMjAlMjAlMjAlMjAlMjAlMjAlMjAlMjAlMjAlMjAlMjAlM0N0ZCUzRSUzQ2ElMjBocmVmJTNEJTIyaHR0cHMlM0ElMkYlMkZ3d3cua2JvaGVlcmxlbnN0YWQubmwlMkZpbmRleC5waHAlMjIlM0VodHRwcyUzQSUyRiUyRnd3dy5rYm9oZWVybGVuc3RhZC5ubCUyRmluZGV4LnBocCUzQyUyRmElM0UlM0MlMkZ0ZCUzRSUwQSUyMCUyMCUyMCUyMCUyMCUyMCUyMCUyMCUzQyUyRnRyJTNFJTBBJTIwJTIwJTIwJTIwJTIwJTIwJTIwJTIwJTIwJTNDdHIlM0UlMEElMjAlMjAlMjAlMjAlMjAlMjAlMjAlMjAlMjAlMjAlMjAlMjAlM0N0ZCUzRVBheXMtQmFzJTNDJTJGdGQlM0UlMEElMjAlMjAlMjAlMjAlMjAlMjAlMjAlMjAlMjAlMjAlMjAlMjAlM0N0ZCUzRTE0JTJGMDElMkYyMDI0JTNDJTJGdGQlM0UlMEElMjAlMjAlMjAlMjAlMjAlMjAlMjAlMjAlMjAlMjAlMjAlMjAlM0N0ZCUzRVRoZWF0ZXIlMjBLZXJrcmFkZSUzQyUyRnRkJTNFJTBBJTIwJTIwJTIwJTIwJTIwJTIwJTIwJTIwJTIwJTIwJTIwJTIwJTNDdGQlM0UlM0NhJTIwaHJlZiUzRCUyMmh0dHBzJTNBJTJGJTJGd3d3LnBsdC5ubCUyRnByb2dyYW1tYSUyRnN0ZXJyZWxpY2h0JTJGMTQtMDEtMjAyNC0xNS0zMCUyMiUzRWh0dHBzJTNBJTJGJTJGd3d3LnBsdC5ubCUyRnByb2dyYW1tYSUyRnN0ZXJyZWxpY2h0JTJGMTQtMDEtMjAyNC0xNS0zMCUzQyUyRmElM0UlM0MlMkZ0ZCUzRSUwQSUyMCUyMCUyMCUyMCUyMCUyMCUyMCUyMCUzQyUyRnRyJTNFJTBBJTIwJTIwJTIwJTIwJTIwJTIwJTIwJTIwJTIwJTNDdHIlM0UlMEElMjAlMjAlMjAlMjAlMjAlMjAlMjAlMjAlMjAlMjAlMjAlMjAlM0N0ZCUzRVBheXMtQmFzJTNDJTJGdGQlM0UlMEElMjAlMjAlMjAlMjAlMjAlMjAlMjAlMjAlMjAlMjAlMjAlMjAlM0N0ZCUzRTIyJTJGMDklMkYyMDI0JTNDJTJGdGQlM0UlMEElMjAlMjAlMjAlMjAlMjAlMjAlMjAlMjAlMjAlMjAlMjAlMjAlM0N0ZCUzRUJvbWJvcmRvbiUyMEhlaWp0aHV5c2VuJTNDJTJGdGQlM0UlMEElMjAlMjAlMjAlMjAlMjAlMjAlMjAlMjAlMjAlMjAlMjAlMjAlM0N0ZCUzRSUzQ2ElMjBocmVmJTNEJTIyaHR0cHMlM0ElMkYlMkZ3d3cua2JvaGVlcmxlbnN0YWQubmwlMkZpbmRleC5waHAlMjIlM0VodHRwcyUzQSUyRiUyRnd3dy5rYm9oZWVybGVuc3RhZC5ubCUyRmluZGV4LnBocCUzQyUyRmElM0UlM0MlMkZ0ZCUzRSUwQSUyMCUyMCUyMCUyMCUyMCUyMCUyMCUyMCUzQyUyRnRyJTNFJTBBJTNDdHIlM0UlMEElMjAlMjAlMjAlMjAlMjAlMjAlMjAlMjAlMjAlMjAlMjAlMjAlM0N0ZCUzRVBheXMtQmFzJTNDJTJGdGQlM0UlMEElMjAlMjAlMjAlMjAlMjAlMjAlMjAlMjAlMjAlMjAlMjAlMjAlM0N0ZCUzRTI3JTJGMTAlMkYyMDI0JTNDJTJGdGQlM0UlMEElMjAlMjAlMjAlMjAlMjAlMjAlMjAlMjAlMjAlMjAlMjAlMjAlM0N0ZCUzRUN1bHR1cmVlbCUyMENlbnRydW0lMjBkZSUyMEhhYW5kZXJ0JTNDJTJGdGQlM0UlMEElMjAlMjAlMjAlMjAlMjAlMjAlMjAlMjAlMjAlMjAlMjAlMjAlM0N0ZCUzRSUzQ2ElMjBocmVmJTNEJTIyaHR0cHMlM0ElMkYlMkZ3d3cua2JvaGVlcmxlbnN0YWQubmwlMkZpbmRleC5waHAlMjIlM0VodHRwcyUzQSUyRiUyRnd3dy5rYm9oZWVybGVuc3RhZC5ubCUyRmluZGV4LnBocCUzQyUyRmElM0UlM0MlMkZ0ZCUzRSUwQSUyMCUyMCUyMCUyMCUyMCUyMCUyMCUyMCUzQyUyRnRyJTNFJTBBJTNDJTJGdGJvZHklM0UlMEElMjAlMjAlMjAlMjAlM0MlMkZ0YWJsZSUzRQ==[\/vc_raw_html][\/vc_column_inner][\/vc_row_inner][\/vc_tta_section][vc_tta_section title=\u00a0\u00bbLe mat\u00e9riel du metteur en sc\u00e8ne\u00a0\u00bb tab_id=\u00a0\u00bb1482327340845-c2a87853-0104e52b-e4b1&Prime;][vc_column_text]<\/p>\n<h3>Le mat\u00e9riel du metteur en sc\u00e8ne<\/h3>\n<ul class=\"list-group ul-sterrelicht-download\">\n<li class=\"list-group-item\"><a href=\"https:\/\/euprevent.eu\/wp-content\/uploads\/2023\/08\/FR_Script_Starlight_Final-document-Versie-4-1.docx\">Le sc\u00e9nario Starlight<br \/>\n<small>FR_Script_Starlight_Final-document-Versie-3.docx | 209kb <\/small><i class=\"float-right far fa-fw fa-download\"><\/i><\/a><\/li>\n<li class=\"list-group-item\"><a href=\"https:\/\/euprevent.eu\/wp-content\/uploads\/2023\/08\/FR_Personnages_Final-document-Versie-3-1.docx\">Une description des personnages : il est permis de changer leurs noms.<br \/>\n<small>FR_Personnages_Final-document-Versie-2.docx | 218kb <\/small><i class=\"float-right far fa-fw fa-download\"><\/i><\/a><\/li>\n<li class=\"list-group-item\"><a href=\"https:\/\/euprevent.eu\/wp-content\/uploads\/2023\/08\/FR_Accessoires_Final-document-Versie-3.docx\">Un aper\u00e7u des attributs<br \/>\n<small>FR_Accessoires_Final document-Versie-2.docx | 193kb <\/small><i class=\"float-right far fa-fw fa-download\"><\/i><\/a><\/li>\n<li class=\"list-group-item\"><a href=\"https:\/\/euprevent.eu\/wp-content\/uploads\/2023\/07\/FR_Planning_calendrier_Starlight.docx\">Une proposition de planning\/calendrier du projet<br \/>\n<small>FR_Planning_calendrier_Starlight.docx | 444kb <\/small><i class=\"float-right far fa-fw fa-download\"><\/i><\/a><\/li>\n<li class=\"list-group-item\"><a href=\"https:\/\/euprevent.eu\/wp-content\/uploads\/2023\/07\/FR_Starlight_Plus-quune-piece-de-theatre.docx\">Une proposition pour que Starlight soit plus qu&rsquo;une simple repr\u00e9sentation th\u00e9\u00e2trale (\u00e9tape pr\u00e9liminaire et d\u00e9briefing)<br \/>\n<small>FR_Starlight_Plus-quune-piece-de-theatre.docx | 446kb <\/small><i class=\"float-right far fa-fw fa-download\"><\/i><\/a><\/li>\n<li class=\"list-group-item\"><a href=\"https:\/\/euprevent.eu\/wp-content\/uploads\/2023\/07\/Flyer-theatre-play_FR-Versie-4.docx\">Un mod\u00e8le de flyer pour la promotion de votre spectacle.<br \/>\n<small>Flyer-theatre-play_FR-Versie-4.docx | 634kb <\/small><i class=\"float-right far fa-fw fa-download\"><\/i><\/a><\/li>\n<\/ul>\n<p>[\/vc_column_text][\/vc_tta_section][vc_tta_section title=\u00a0\u00bbMat\u00e9riel visual\u00a0\u00bb tab_id=\u00a0\u00bb1482327355324-da35450d-087de52b-e4b1&Prime;][vc_column_text]<\/p>\n<h3>Mat\u00e9riel visual<\/h3>\n<ul class=\"list-group ul-sterrelicht-download\">\n<li class=\"list-group-item\"><a href=\"https:\/\/youtu.be\/VJncGRhKU74\" target=\"_blank\" rel=\"noopener\">Pour soutenir le sc\u00e9nario, un film d&rsquo;accompagnement de Starlight a \u00e9t\u00e9 r\u00e9alis\u00e9. Il est en n\u00e9erlandais et est sous-titr\u00e9 en anglais. Note : Le r\u00f4le de Francine n&rsquo;est pas inclus dans ce film. Cependant, son r\u00f4le est pr\u00e9sent dans le script et a du sens. Si vous avez un acteur disponible pour Francine, alors la jouer repr\u00e9sente une valeur ajout\u00e9e.<br \/>\n<small>Lien Youtube externe <\/small><i class=\"float-right far fa-fw fa-external-link\"><\/i><\/a><\/li>\n<li class=\"list-group-item\"><a href=\"https:\/\/youtu.be\/xgPsSNBfcy0\" target=\"_blank\" rel=\"noopener\">Nous avons \u00e9galement ajout\u00e9 un film de la pi\u00e8ce originale &lsquo;Sterrelicht en Appeltaart&rsquo;. Cette pi\u00e8ce est jou\u00e9e avec plus d&rsquo;acteurs et aussi beaucoup de volontaires. N\u2019h\u00e9sitez pas \u00e0 regarder ce film afin de vous faire une id\u00e9e de ce \u00e0 quoi la sc\u00e8ne pourrait ressembler. (Partie 1)<br \/>\n<small>Lien Youtube externe <\/small><i class=\"float-right far fa-fw fa-external-link\"><\/i><\/a><\/li>\n<li class=\"list-group-item\"><a href=\"https:\/\/youtu.be\/TvvQVrHU7KM\" target=\"_blank\" rel=\"noopener\">Nous avons \u00e9galement ajout\u00e9 un film de la pi\u00e8ce originale &lsquo;Sterrelicht en Appeltaart&rsquo;. Cette pi\u00e8ce est jou\u00e9e avec plus d&rsquo;acteurs et aussi beaucoup de volontaires. N\u2019h\u00e9sitez pas \u00e0 regarder ce film afin de vous faire une id\u00e9e de ce \u00e0 quoi la sc\u00e8ne pourrait ressembler. (Partie 2)<br \/>\n<small>Lien Youtube externe <\/small><i class=\"float-right far fa-fw fa-external-link\"><\/i><\/a><\/li>\n<\/ul>\n<p>[\/vc_column_text][\/vc_tta_section][vc_tta_section title=\u00a0\u00bbMat\u00e9riel sonore\u00a0\u00bb tab_id=\u00a0\u00bb1688648508078-0e8bdceb-92a5&Prime;][vc_column_text]<\/p>\n<h3>Mat\u00e9riel sonore<\/h3>\n<ul class=\"list-group ul-sterrelicht-download\">\n<li class=\"list-group-item\"><a href=\"https:\/\/youtu.be\/8xOaYwe_E5I\">Un podcast en anglais de la pi\u00e8ce de th\u00e9\u00e2tre<br \/>\n<small>Lien YouTube externe <\/small><i class=\"float-right far fa-fw fa-external-link\"><\/i><\/a><\/li>\n<li class=\"list-group-item\"><a href=\"https:\/\/euprevent.eu\/wp-content\/uploads\/2023\/07\/Extraits_audio.zip\">La musique d&rsquo;accompagnement de la pi\u00e8ce de th\u00e9\u00e2tre Sterrelicht a \u00e9t\u00e9 con\u00e7ue par Stef Vanderbeken.<br \/>\n<small>Extraits_audio.zip | 442mb <i class=\"far fa-download\"><\/i><\/small><\/a><\/li>\n<li class=\"list-group-item\"><a href=\"https:\/\/euprevent.eu\/wp-content\/uploads\/2023\/07\/Acteurs-de-clips-audio.zip\">Des enregistrements sonores sont fournis pour les r\u00f4les qui ne font pas partie des 5 acteurs pr\u00e9vus. Si vous avez suffisamment d&rsquo;acteurs, vous n&rsquo;\u00eates pas oblig\u00e9 d&rsquo;utiliser ces enregistrements sonores.<small><br \/>\nActeurs-de-clips-audio.zip | 4.6mb <\/small><i class=\"float-right far fa-fw fa-download\"><\/i><\/a><\/li>\n<li class=\"list-group-item\"><a href=\"https:\/\/euprevent.eu\/wp-content\/uploads\/2023\/07\/FR_Version.wav\">Il est recommand\u00e9 de chanter le refrain\/la chanson d&rsquo;applaudissement \u00ab\u00a0Dans les quartiers chaleureux\u00a0\u00bb avec votre public. Conseil : remettez le texte \u00e0 chaque visiteur en entrant dans la salle ou projetez le texte lorsque vous le chantez ensemble.<br \/>\n<small>FR_Version.wav | 36.1mb <\/small><i class=\"float-right far fa-fw fa-download\"><\/i><\/a><\/li>\n<li class=\"list-group-item\"><a href=\"https:\/\/euprevent.eu\/wp-content\/uploads\/2023\/07\/Liedtekst-in-warme-buurten-Franse-versie.docx\">Les paroles de la chanson de cl\u00f4ture \/ refrain &lsquo;Dans les quartiers chauds&rsquo;<br \/>\n<small>Liedtekst-in-warme-buurten-Franse-versie.docx | 18kb <\/small><i class=\"float-right far fa-fw fa-download\"><\/i><\/a><\/li>\n<\/ul>\n<p>[\/vc_column_text][\/vc_tta_section][vc_tta_section title=\u00a0\u00bbRoyalties\u00a0\u00bb tab_id=\u00a0\u00bb1688648518659-b660b83f-d9ea\u00a0\u00bb][vc_column_text]<\/p>\n<h3>Royalties<\/h3>\n<ul class=\"list-group ul-sterrelicht-download\">\n<li class=\"list-group-item\"><a href=\"https:\/\/euprevent.eu\/wp-content\/uploads\/2023\/08\/FR_Accord-sur-lutilisation-du-pack-de-theatre-Starlight-de-euPrevent-PROFILE-Version-4-Versie-2.docx\">Un accord pour la mise en service de la pi\u00e8ce Sterrelicht<br \/>\n<small>FR_Accord-sur-lutilisation-du-pack-de-theatre-Starlight-de-euPrevent-PROFILE-Version-4.docx | 743kb <\/small><i class=\"far fa-download\"><\/i><\/a><\/li>\n<li class=\"list-group-item\"><a href=\"https:\/\/euprevent.eu\/wp-content\/uploads\/2023\/07\/Distance_copyright_Luc_Stevens_Starlight.pdf\">Royalties<br \/>\n<small>Distance_copyright_Luc_Stevens_Starlight.pdf | 273kb <\/small><i class=\"far fa-download\"><\/i><\/a><\/li>\n<\/ul>\n<p>[\/vc_column_text][\/vc_tta_section][vc_tta_section title=\u00a0\u00bbAutre\u00a0\u00bb tab_id=\u00a0\u00bb1688648534562-e80ac8f5-b177&Prime;][vc_column_text]<\/p>\n<h3>Autre<\/h3>\n<ul class=\"list-group ul-sterrelicht-download\">\n<li class=\"list-group-item\"><a href=\"https:\/\/euprevent.eu\/wp-content\/uploads\/2023\/07\/Logo_LucStevensProducties.jpg\">Logo Luc Stevens Producties<br \/>\n<small>Logo_LucStevensProducties.jpg | 18kb <\/small><i class=\"far fa-download\"><\/i><\/a><\/li>\n<li class=\"list-group-item\"><a href=\"https:\/\/euprevent.eu\/wp-content\/uploads\/2023\/07\/Luc-Stevens.jpg\">Photo Luc Stevens<br \/>\n<small>Luc-Stevens.jpg | 10kb <\/small><i class=\"far fa-download\"><\/i><\/a><\/li>\n<li class=\"list-group-item\"><a href=\"https:\/\/euprevent.eu\/wp-content\/uploads\/2023\/07\/affiche.jpeg\">Photo Sterrelicht<br \/>\n<small>affiche.jpeg | 68kb <\/small><i class=\"far fa-download\"><\/i><\/a><\/li>\n<\/ul>\n<p>[\/vc_column_text][\/vc_tta_section][\/vc_tta_tour][\/vc_column][\/vc_row][vc_row][vc_column][\/vc_column][\/vc_row]<\/p>\n<\/section>","protected":false},"excerpt":{"rendered":"<p>[vc_row css_animation=\u00a0\u00bbnone\u00a0\u00bb css=\u00a0\u00bb.vc_custom_1688649216009{margin-right: 0px !important;margin-left: 0px !important;background-color: #3892d0 !important;background-position: center !important;background-repeat: no-repeat !important;background-size: cover !important;}\u00a0\u00bb el_class=\u00a0\u00bbevent-header\u00a0\u00bb][vc_column][vc_column_text] Introduction formule the\u0301a\u0302tre Starlight 06 juli 2023 [\/vc_column_text][\/vc_column][\/vc_row][vc_row][vc_column][vc_column_text] Tout t\u00e9l\u00e9charger (489mb) [\/vc_column_text][vc_tta_tour][vc_tta_section title=\u00a0\u00bbIntroduction\u00a0\u00bb tab_id=\u00a0\u00bb1482327340831-0289a85d-6b8ae52b-e4b1&Prime;][vc_row_inner gap=\u00a0\u00bb10&Prime;][vc_column_inner][vc_column_text] Cher amateur de th\u00e9\u00e2tre, Nous sommes tr\u00e8s heureux de vous avoir ici, car cela signifie que vous voulez commencer \u00e0 participer au programme de [&hellip;]<\/p>\n","protected":false},"author":1,"featured_media":0,"parent":0,"menu_order":0,"comment_status":"closed","ping_status":"closed","template":"","meta":{"_acf_changed":false,"footnotes":""},"class_list":["post-20749","page","type-page","status-publish","hentry"],"acf":[],"yoast_head":"<!-- This site is optimized with the Yoast SEO plugin v26.8 - https:\/\/yoast.com\/product\/yoast-seo-wordpress\/ -->\n<title>Introduction formule the\u0301a\u0302tre Starlight - euPrevent<\/title>\n<meta name=\"robots\" content=\"index, follow, max-snippet:-1, max-image-preview:large, max-video-preview:-1\" \/>\n<link rel=\"canonical\" href=\"https:\/\/euprevent.eu\/fr\/theaterpakket-sterrelicht\/\" \/>\n<meta property=\"og:locale\" content=\"fr_FR\" \/>\n<meta property=\"og:type\" content=\"article\" \/>\n<meta property=\"og:title\" content=\"Introduction formule the\u0301a\u0302tre Starlight - euPrevent\" \/>\n<meta property=\"og:description\" content=\"[vc_row css_animation=\u00a0\u00bbnone\u00a0\u00bb css=\u00a0\u00bb.vc_custom_1688649216009{margin-right: 0px !important;margin-left: 0px !important;background-color: #3892d0 !important;background-position: center !important;background-repeat: no-repeat !important;background-size: cover !important;}\u00a0\u00bb el_class=\u00a0\u00bbevent-header\u00a0\u00bb][vc_column][vc_column_text] Introduction formule the\u0301a\u0302tre Starlight 06 juli 2023 [\/vc_column_text][\/vc_column][\/vc_row][vc_row][vc_column][vc_column_text] Tout t\u00e9l\u00e9charger (489mb) [\/vc_column_text][vc_tta_tour][vc_tta_section title=\u00a0\u00bbIntroduction\u00a0\u00bb tab_id=\u00a0\u00bb1482327340831-0289a85d-6b8ae52b-e4b1&Prime;][vc_row_inner gap=\u00a0\u00bb10&Prime;][vc_column_inner][vc_column_text] Cher amateur de th\u00e9\u00e2tre, Nous sommes tr\u00e8s heureux de vous avoir ici, car cela signifie que vous voulez commencer \u00e0 participer au programme de [&hellip;]\" \/>\n<meta property=\"og:url\" content=\"https:\/\/euprevent.eu\/fr\/theaterpakket-sterrelicht\/\" \/>\n<meta property=\"og:site_name\" content=\"euPrevent\" \/>\n<meta property=\"article:modified_time\" content=\"2024-07-22T13:14:33+00:00\" \/>\n<meta name=\"twitter:card\" content=\"summary_large_image\" \/>\n<meta name=\"twitter:label1\" content=\"Dur\u00e9e de lecture estim\u00e9e\" \/>\n\t<meta name=\"twitter:data1\" content=\"4 minutes\" \/>\n<script type=\"application\/ld+json\" class=\"yoast-schema-graph\">{\"@context\":\"https:\/\/schema.org\",\"@graph\":[{\"@type\":\"WebPage\",\"@id\":\"https:\/\/euprevent.eu\/fr\/theaterpakket-sterrelicht\/\",\"url\":\"https:\/\/euprevent.eu\/fr\/theaterpakket-sterrelicht\/\",\"name\":\"Introduction formule the\u0301a\u0302tre Starlight - euPrevent\",\"isPartOf\":{\"@id\":\"https:\/\/euprevent.eu\/fr\/#website\"},\"datePublished\":\"2023-07-06T13:37:27+00:00\",\"dateModified\":\"2024-07-22T13:14:33+00:00\",\"breadcrumb\":{\"@id\":\"https:\/\/euprevent.eu\/fr\/theaterpakket-sterrelicht\/#breadcrumb\"},\"inLanguage\":\"fr-FR\",\"potentialAction\":[{\"@type\":\"ReadAction\",\"target\":[\"https:\/\/euprevent.eu\/fr\/theaterpakket-sterrelicht\/\"]}]},{\"@type\":\"BreadcrumbList\",\"@id\":\"https:\/\/euprevent.eu\/fr\/theaterpakket-sterrelicht\/#breadcrumb\",\"itemListElement\":[{\"@type\":\"ListItem\",\"position\":1,\"name\":\"Home\",\"item\":\"https:\/\/euprevent.eu\/fr\/\"},{\"@type\":\"ListItem\",\"position\":2,\"name\":\"Introduction formule the\u0301a\u0302tre Starlight\"}]},{\"@type\":\"WebSite\",\"@id\":\"https:\/\/euprevent.eu\/fr\/#website\",\"url\":\"https:\/\/euprevent.eu\/fr\/\",\"name\":\"euPrevent\",\"description\":\"euPrevent is a Euroregional network that focuses on promoting health. Within this network, sustainable partnerships seek to increase the quality of life of residents in the border region between the Netherlands, Belgium and Germany.\",\"potentialAction\":[{\"@type\":\"SearchAction\",\"target\":{\"@type\":\"EntryPoint\",\"urlTemplate\":\"https:\/\/euprevent.eu\/fr\/?s={search_term_string}\"},\"query-input\":{\"@type\":\"PropertyValueSpecification\",\"valueRequired\":true,\"valueName\":\"search_term_string\"}}],\"inLanguage\":\"fr-FR\"}]}<\/script>\n<!-- \/ Yoast SEO plugin. -->","yoast_head_json":{"title":"Introduction formule the\u0301a\u0302tre Starlight - euPrevent","robots":{"index":"index","follow":"follow","max-snippet":"max-snippet:-1","max-image-preview":"max-image-preview:large","max-video-preview":"max-video-preview:-1"},"canonical":"https:\/\/euprevent.eu\/fr\/theaterpakket-sterrelicht\/","og_locale":"fr_FR","og_type":"article","og_title":"Introduction formule the\u0301a\u0302tre Starlight - euPrevent","og_description":"[vc_row css_animation=\u00a0\u00bbnone\u00a0\u00bb css=\u00a0\u00bb.vc_custom_1688649216009{margin-right: 0px !important;margin-left: 0px !important;background-color: #3892d0 !important;background-position: center !important;background-repeat: no-repeat !important;background-size: cover !important;}\u00a0\u00bb el_class=\u00a0\u00bbevent-header\u00a0\u00bb][vc_column][vc_column_text] Introduction formule the\u0301a\u0302tre Starlight 06 juli 2023 [\/vc_column_text][\/vc_column][\/vc_row][vc_row][vc_column][vc_column_text] Tout t\u00e9l\u00e9charger (489mb) [\/vc_column_text][vc_tta_tour][vc_tta_section title=\u00a0\u00bbIntroduction\u00a0\u00bb tab_id=\u00a0\u00bb1482327340831-0289a85d-6b8ae52b-e4b1&Prime;][vc_row_inner gap=\u00a0\u00bb10&Prime;][vc_column_inner][vc_column_text] Cher amateur de th\u00e9\u00e2tre, Nous sommes tr\u00e8s heureux de vous avoir ici, car cela signifie que vous voulez commencer \u00e0 participer au programme de [&hellip;]","og_url":"https:\/\/euprevent.eu\/fr\/theaterpakket-sterrelicht\/","og_site_name":"euPrevent","article_modified_time":"2024-07-22T13:14:33+00:00","twitter_card":"summary_large_image","twitter_misc":{"Dur\u00e9e de lecture estim\u00e9e":"4 minutes"},"schema":{"@context":"https:\/\/schema.org","@graph":[{"@type":"WebPage","@id":"https:\/\/euprevent.eu\/fr\/theaterpakket-sterrelicht\/","url":"https:\/\/euprevent.eu\/fr\/theaterpakket-sterrelicht\/","name":"Introduction formule the\u0301a\u0302tre Starlight - euPrevent","isPartOf":{"@id":"https:\/\/euprevent.eu\/fr\/#website"},"datePublished":"2023-07-06T13:37:27+00:00","dateModified":"2024-07-22T13:14:33+00:00","breadcrumb":{"@id":"https:\/\/euprevent.eu\/fr\/theaterpakket-sterrelicht\/#breadcrumb"},"inLanguage":"fr-FR","potentialAction":[{"@type":"ReadAction","target":["https:\/\/euprevent.eu\/fr\/theaterpakket-sterrelicht\/"]}]},{"@type":"BreadcrumbList","@id":"https:\/\/euprevent.eu\/fr\/theaterpakket-sterrelicht\/#breadcrumb","itemListElement":[{"@type":"ListItem","position":1,"name":"Home","item":"https:\/\/euprevent.eu\/fr\/"},{"@type":"ListItem","position":2,"name":"Introduction formule the\u0301a\u0302tre Starlight"}]},{"@type":"WebSite","@id":"https:\/\/euprevent.eu\/fr\/#website","url":"https:\/\/euprevent.eu\/fr\/","name":"euPrevent","description":"euPrevent is a Euroregional network that focuses on promoting health. Within this network, sustainable partnerships seek to increase the quality of life of residents in the border region between the Netherlands, Belgium and Germany.","potentialAction":[{"@type":"SearchAction","target":{"@type":"EntryPoint","urlTemplate":"https:\/\/euprevent.eu\/fr\/?s={search_term_string}"},"query-input":{"@type":"PropertyValueSpecification","valueRequired":true,"valueName":"search_term_string"}}],"inLanguage":"fr-FR"}]}},"_links":{"self":[{"href":"https:\/\/euprevent.eu\/fr\/wp-json\/wp\/v2\/pages\/20749","targetHints":{"allow":["GET"]}}],"collection":[{"href":"https:\/\/euprevent.eu\/fr\/wp-json\/wp\/v2\/pages"}],"about":[{"href":"https:\/\/euprevent.eu\/fr\/wp-json\/wp\/v2\/types\/page"}],"author":[{"embeddable":true,"href":"https:\/\/euprevent.eu\/fr\/wp-json\/wp\/v2\/users\/1"}],"replies":[{"embeddable":true,"href":"https:\/\/euprevent.eu\/fr\/wp-json\/wp\/v2\/comments?post=20749"}],"version-history":[{"count":22,"href":"https:\/\/euprevent.eu\/fr\/wp-json\/wp\/v2\/pages\/20749\/revisions"}],"predecessor-version":[{"id":21416,"href":"https:\/\/euprevent.eu\/fr\/wp-json\/wp\/v2\/pages\/20749\/revisions\/21416"}],"wp:attachment":[{"href":"https:\/\/euprevent.eu\/fr\/wp-json\/wp\/v2\/media?parent=20749"}],"curies":[{"name":"wp","href":"https:\/\/api.w.org\/{rel}","templated":true}]}}