


{"id":2066,"date":"2017-11-21T09:32:39","date_gmt":"2017-11-21T09:32:39","guid":{"rendered":"https:\/\/euprevent.eu\/?page_id=2066"},"modified":"2017-12-20T08:16:16","modified_gmt":"2017-12-20T08:16:16","slug":"surpoids","status":"publish","type":"page","link":"https:\/\/euprevent.eu\/fr\/surpoids\/","title":{"rendered":"Projet euPrevent- Surpoids"},"content":{"rendered":"<section class=\"wpb-content-wrapper\"><p>[vc_row][vc_column][vc_single_image image=\u00a0\u00bb1297&Prime; img_size=\u00a0\u00bbmedium\u00a0\u00bb alignment=\u00a0\u00bbright\u00a0\u00bb][vc_column_text]<\/p>\n<h1>Projet euPrevent \u2013 Surpoids<\/h1>\n<p>La 5<sup>i\u00e8me<\/sup> conf\u00e9rence eur\u00e9gionale sur la sant\u00e9 fut consacr\u00e9e au surpoids. Un probl\u00e8me pr\u00e9sent dans l\u2019ensemble de l\u2019Euregio Meuse-Rhin (EMR). L\u2019approche de ce probl\u00e8me \u00e9tait dispers\u00e9e jusque-l\u00e0. Plusieurs organisations de l\u2019EMR souhaitaient coop\u00e9rer davantage et s\u2019attaquer \u00e0 ce probl\u00e8me au niveau eur\u00e9gional.[\/vc_column_text][\/vc_column][\/vc_row][vc_row gap=\u00a0\u00bb25&Prime;][vc_column width=\u00a0\u00bb1\/2&Prime; css=\u00a0\u00bb.vc_custom_1509467339928{padding-top: 25px !important;background-color: #f3f3f3 !important;border-radius: 5px !important;}\u00a0\u00bb][vc_column_text css=\u00a0\u00bb.vc_custom_1512037767849{margin-bottom: 5px !important;padding-bottom: 5px !important;}\u00a0\u00bb]<\/p>\n<h3>Orientation du projet<\/h3>\n<ul>\n<li><strong>Groupe cible final\u00a0:<\/strong> les enfants et les jeunes de l\u2019EMR<\/li>\n<li><strong>Dur\u00e9e:<\/strong> 1 juillet 2008 \u2013 31 octobre 2012<\/li>\n<\/ul>\n<p>[\/vc_column_text][vc_btn title=\u00a0\u00bbFinancement\u00a0\u00bb color=\u00a0\u00bbprimary\u00a0\u00bb size=\u00a0\u00bbsm\u00a0\u00bb link=\u00a0\u00bburl:https%3A%2F%2Feuprevent.eu%2Ffr%2Ffinanciers-overgewicht%2F|||\u00a0\u00bb][vc_btn title=\u00a0\u00bbPartenaires\u00a0\u00bb color=\u00a0\u00bbprimary\u00a0\u00bb size=\u00a0\u00bbsm\u00a0\u00bb link=\u00a0\u00bburl:%2Fpartner%2F%3Fprojects%3Dproject-euprevent-overgewicht|||\u00a0\u00bb][\/vc_column][\/vc_row][vc_row][vc_column][vc_empty_space][vc_column_text]<\/p>\n<h2>Objectif du projet<\/h2>\n<p>L\u2019objectif du projet est double\u00a0:<\/p>\n<p>1.\u00a0\u00a0 pr\u00e9vention transfrontali\u00e8re du surpoids chez les enfants et les jeunes<\/p>\n<p>2.\u00a0\u00a0 \u00e9laboration d\u2019une m\u00e9thode de travail efficace pour la coop\u00e9ration transfrontali\u00e8re, aussi sur d\u2019autres th\u00e8mes<\/p>\n<p>&nbsp;<\/p>\n<p>Un travail multim\u00e9dia, commun et transfrontalier a \u00e9t\u00e9 r\u00e9alis\u00e9 pour atteindre ces objectifs\u00a0:<\/p>\n<ul>\n<li><em>multim\u00e9dia<\/em>\u00a0: comment utiliser de mani\u00e8re efficace les nouvelles plateformes online et les strat\u00e9gies de marketing et de communication\u00a0?<\/li>\n<\/ul>\n<ul>\n<li>R\u00e9sultat\u00a0: un outil online de qualit\u00e9 HEPS Tool + utilisation des r\u00e9seaux sociaux<\/li>\n<\/ul>\n<ul>\n<li><em>travail en commun<\/em>\u00a0: comment mieux profiter des connaissances de chacun et organiser les activit\u00e9s locales au niveau eur\u00e9gional\u00a0?<\/li>\n<\/ul>\n<ul>\n<li>R\u00e9sultat\u00a0: acc\u00e8s eur\u00e9gional aux activit\u00e9s locales + campagnes communes<\/li>\n<\/ul>\n<ul>\n<li>travail transfrontalier\u00a0: comment pratiquer une coop\u00e9ration transfrontali\u00e8re efficace et surmonter les \u00e9ventuelles barri\u00e8res linguistiques et culturelles\u00a0?<\/li>\n<\/ul>\n<ul>\n<li>R\u00e9sultat\u00a0: cr\u00e9ation de la Fondation euPrevent\u2502EMR.<\/li>\n<\/ul>\n<p>[\/vc_column_text][\/vc_column][\/vc_row][vc_row][vc_column width=\u00a0\u00bb1\/2&Prime;][vc_column_text]<\/p>\n<h3>HEPS Tool<\/h3>\n<p>Les professionnels avaient besoin d\u2019un outil de qualit\u00e9 transfrontalier pour aider les organisations \u00e0 analyser et \u00e0 am\u00e9liorer la politique et les activit\u00e9s qu\u2019elles avaient choisies. <a href=\"http:\/\/tools.euprevent.eu\">HEPS Tool <\/a>(Healthy Eating and Physical activities at Schools) est un outil de qualit\u00e9 actuel reconnu, d\u00e9velopp\u00e9 par 18 Universit\u00e9s de l\u2019EMR. Cet outil a \u00e9t\u00e9 affin\u00e9 pour le pr\u00e9sent projet\u00a0:<\/p>\n<ul>\n<li>l\u2019outil a \u00e9t\u00e9 traduit dans les trois langues de l\u2019EMR\u00a0: l\u2019allemand, le fran\u00e7ais et le n\u00e9erlandais\u00a0;<\/li>\n<li>l\u2019outil a \u00e9t\u00e9 num\u00e9ris\u00e9 et reste donc durablement accessible \u00e0 tous.<\/li>\n<\/ul>\n<p>Vous trouverez plus d\u2019informations sur l\u2019utilisation des HEPS Tool apr\u00e8s la fin du pr\u00e9sent projet dans les <a href=\"https:\/\/euprevent.eu\/fr\/hepcom\/\">projets HEPCOM<\/a>.[\/vc_column_text][vc_column_text]<\/p>\n<h3>HEPS Tool<\/h3>\n<p>Les professionnels avaient besoin d\u2019un outil de qualit\u00e9 transfrontalier pour aider les organisations \u00e0 analyser et \u00e0 am\u00e9liorer la politique et les activit\u00e9s qu\u2019elles avaient choisies. HEPS Tool (Healthy Eating and Physical activities at Schools) est un outil de qualit\u00e9 actuel reconnu, d\u00e9velopp\u00e9 par 18 Universit\u00e9s de l\u2019EMR. Cet outil a \u00e9t\u00e9 affin\u00e9 pour le pr\u00e9sent projet\u00a0:<\/p>\n<ul>\n<li>l\u2019outil a \u00e9t\u00e9 traduit dans les trois langues de l\u2019EMR\u00a0: l\u2019allemand, le fran\u00e7ais et le n\u00e9erlandais\u00a0;<\/li>\n<li>l\u2019outil a \u00e9t\u00e9 num\u00e9ris\u00e9 et reste donc durablement accessible \u00e0 tous.<\/li>\n<\/ul>\n<p>Vous trouverez plus d\u2019informations sur l\u2019utilisation des HEPS Tool apr\u00e8s la fin du pr\u00e9sent projet dans les projets HEPCOM.[\/vc_column_text][vc_column_text]<\/p>\n<h3>Coop\u00e9ration transfrontali\u00e8re<\/h3>\n<p>Une coop\u00e9ration eur\u00e9gionale durable, maintenant avec ce projet. \u00c0 l\u2019avenir aussi sur d\u2019autres th\u00e8mes sanitaires. Tel \u00e9tait l\u2019objectif de cette coop\u00e9ration transfrontali\u00e8re. Elle a rassembl\u00e9 les acteurs \u00e0 divers niveaux\u00a0: les politiciens, les collaborateurs des gestionnaires, les interm\u00e9diaires et les jeunes eux-m\u00eames.<\/p>\n<p>&nbsp;<\/p>\n<ul>\n<li>Ensemble, les jeunes de l\u2019EMR ont fait office de caisse de r\u00e9sonance durant le projet. Ils se rencontraient sur les r\u00e9seaux sociaux.<\/li>\n<li>Les interm\u00e9diaires au niveau de la pr\u00e9vention du surpoids ont \u00e9chang\u00e9 leurs connaissances, leur exp\u00e9rience et des projets innovants.<\/li>\n<li>\u00c0 l\u2019issue du projet, le r\u00e9seau comptait 193 organisations. Outre les partenaires originaux du projet, des organisations issues du secteur public, de l\u2019enseignement, de la recherche, des soins et des services ont collabor\u00e9 au projet.<\/li>\n<li>La coop\u00e9ration entre les politiciens eur\u00e9gionaux et entre les collaborateurs des gestionnaires eur\u00e9gionaux pourra aussi \u00eatre utilis\u00e9e pour d\u2019autres th\u00e8mes \u00e0 l\u2019avenir. <a href=\"https:\/\/euprevent.eu\/fr\/over-euprevent\/\">La Fondation euPrevent\u2502EMR<\/a> a \u00e9t\u00e9 cr\u00e9\u00e9e en 2010 afin de garantir cette coop\u00e9ration transfrontali\u00e8re sur le long terme.<\/li>\n<\/ul>\n<p>[\/vc_column_text][\/vc_column][vc_column width=\u00a0\u00bb1\/2&Prime;][vc_column_text]<\/p>\n<h3>Activit\u00e9s communes<\/h3>\n<ul>\n<li>Une s\u00e9rie de programmes locaux \u00e0 succ\u00e8s ont \u00e9t\u00e9 traduits dans les trois langues de l\u2019EMR, dont un quiz sur l\u2019alimentation et des cours de d\u00e9gustation.<\/li>\n<li>Pour stimuler l\u2019activit\u00e9 physique, le programme \u00ab\u00a0Loop naar de maan\u00a0\u00bb (En marche vers la lune\/BE) a \u00e9t\u00e9 cr\u00e9\u00e9, et son champ d\u2019application a \u00e9t\u00e9 \u00e9tendu. Ce programme, initialement destin\u00e9 aux \u00e9coles, a \u00e9t\u00e9 adapt\u00e9 pour permettre une utilisation individuelle et une utilisation en famille.<\/li>\n<li>Les enfants d\u2019\u00e9cole primaire ont relev\u00e9 le d\u00e9fi de traiter le probl\u00e8me du surpoids En classe, ils ont r\u00e9alis\u00e9 une \u0153uvre d\u2019art. Nombreuses sont les \u00e9coles \u00e0 avoir particip\u00e9 \u00e0 ce concours. 10 vainqueurs ont \u00e9t\u00e9 d\u00e9sign\u00e9s parmi les candidatures.<\/li>\n<li>Les \u00e9coles de l\u2019enseignement secondaire ont \u00e9t\u00e9 invit\u00e9es \u00e0 am\u00e9liorer l\u2019environnement sanitaire des cantines scolaires. Chaque r\u00e9gion a pr\u00e9sent\u00e9 son \u00e9cole locale mod\u00e8le. Plusieurs cantines scolaires ont re\u00e7u une distinction.<\/li>\n<\/ul>\n<p>[\/vc_column_text][vc_column_text]<\/p>\n<h3>\u00c9tudes<\/h3>\n<p>Les \u00e9tudes suivantes ont \u00e9t\u00e9 men\u00e9es dans le cadre du projet euPrevent \u2013 Surpoids<\/p>\n<p>&nbsp;<\/p>\n<ul>\n<li>\u00c9tude sur la pr\u00e9valence du surpoids chez les jeunes de l\u2019EMR (auteur\u00a0: \u00e9tudiante en master de l\u2019Universit\u00e9 H.H. de D\u00fcsseldorf),<\/li>\n<li>\u00c9tude sur le r\u00f4le et l\u2019impact des m\u00e9dicaments \u00e0 l\u2019apparition du surpoids (auteur\u00a0: AIGS). \u00c9tude sur la facilit\u00e9 d\u2019utilisation de l\u2019outil de qualit\u00e9 HEPS et sur les adaptations du projet (auteurs\u00a0: Universit\u00e9 de Maastricht et NIGZ),<\/li>\n<li>\u00c9tude comparative sur la politique et les possibilit\u00e9s de contribution des \u00e9coles \u00e0 une diminution du surpoids chez les jeunes par une alimentation saine.<\/li>\n<\/ul>\n<p>[\/vc_column_text][\/vc_column][\/vc_row][vc_row][vc_column][vc_column_text]\t<div class=\"clearfix\"><\/div>\r\n\t<div class=\"panel-events_and_news\">\r\n\t\t<div class=\"row\">\r\n\r\n            \r\n            \t\t\t<div class=\"col-sm-12 col-md-6\" id=\"events\">\r\n\t\t\t\t<h3>Ev\u00e9nements<\/h3>\r\n\t\t\t\t\t\t\t\t\t\t\t\t\t\t\t\t<h2><span class=\"hidden\">Ev\u00e9nements - <\/span>R\u00e9trospective<\/h2>\r\n\t\t\t\t\t\t\t\r\n\t\t\t\t\t\t<div class=\"event media past\">\r\n\t\t\t\t\t\t\t<a class=\"overlay\" href=\"https:\/\/euprevent.eu\/fr\/event\/jour-de-famille-heinsberg\/\"><\/a>\r\n\t\t\t\t\t\t\t\t\t\t\t\t\t\t<div class=\"thumb pull-left\" style=\"background-image: url('https:\/\/euprevent.eu\/wp-content\/uploads\/2017\/11\/kickoff_4.jpg');\"><\/div>\r\n\t\t\t\t\t\t\t<div class=\"event-info-table\">\r\n\t\t\t\t\t\t\t\t<div class=\"event-info-table-row\">\r\n\t\t\t\t\t\t\t\t\t<div class=\"event-info-table-cell\">\r\n\t\t\t\t\t\t\t\t\t\t<h3>Jour de Famille Heinsberg<\/h3>\r\n                                        <p>29 juin 2010<\/p>\r\n\t\t\t\t\t\t\t\t\t<\/div>\r\n\t\t\t\t\t\t\t\t<\/div>\r\n\t\t\t\t\t\t\t<\/div>\r\n\t\t\t\t\t\t<\/div>\r\n\r\n\t\t\t\t\t\t\t\t\t\t\t<div class=\"text-center p-5\"><a class=\"btn btn-sm btn-default\" href=\"https:\/\/euprevent.eu\/fr\/event\/\">tous les \u00e9v\u00e9nements<\/a><\/div>\r\n\t\t\t\t\t\t\t\t<\/div>\r\n\r\n            \r\n            \t\t\t<div class=\"col-sm-12 col-md-6\" id=\"news\">\r\n\t\t\t\t<h3>Nouvelles<\/h3>\r\n\t\t\t\t\t\t\t\t\t\t\t\t\t\t\t<div class=\"newsitem\">\r\n\t\t\t\t\t\t\t<a class=\"overlay\" href=\"https:\/\/euprevent.eu\/fr\/euprevent-emr-registered-trademark-2\/\"><\/a>\r\n                            <div class=\"thumb pull-left\" style=\"background-image: url('https:\/\/euprevent.eu\/wp-content\/uploads\/2017\/08\/trademark_both.jpg');\"><\/div>\r\n\t\t\t\t\t\t\t<div class=\"news-info-table\">\r\n\t\t\t\t\t\t\t\t<div class=\"news-info-table-row\">\r\n\t\t\t\t\t\t\t\t\t<div class=\"news-info-table-cell\">\r\n\t\t\t\t\t\t\t\t\t\t<p>5 July 2014<\/p>\r\n\t\t\t\t\t\t\t\t\t\t<h3>euPrevent | EMR: registered Trademark<\/h3>\r\n\t\t\t\t\t\t\t\t\t<\/div>\r\n\t\t\t\t\t\t\t\t<\/div>\r\n\t\t\t\t\t\t\t<\/div>\r\n\t\t\t\t\t\t<\/div>\r\n\t\t\t\t\t\t\t\t\t\t\t\t<div class=\"newsitem\">\r\n\t\t\t\t\t\t\t<a class=\"overlay\" href=\"https:\/\/euprevent.eu\/fr\/the-project-euprevent-overweight-on-you-tube\/\"><\/a>\r\n                            <div class=\"thumb pull-left\" style=\"background-image: url('');\"><\/div>\r\n\t\t\t\t\t\t\t<div class=\"news-info-table\">\r\n\t\t\t\t\t\t\t\t<div class=\"news-info-table-row\">\r\n\t\t\t\t\t\t\t\t\t<div class=\"news-info-table-cell\">\r\n\t\t\t\t\t\t\t\t\t\t<p>14 December 2011<\/p>\r\n\t\t\t\t\t\t\t\t\t\t<h3>The project euPrevent overweight on You Tube<\/h3>\r\n\t\t\t\t\t\t\t\t\t<\/div>\r\n\t\t\t\t\t\t\t\t<\/div>\r\n\t\t\t\t\t\t\t<\/div>\r\n\t\t\t\t\t\t<\/div>\r\n\t\t\t\t\t\t\t\t\t\t\t<div class=\"text-center p-5\"><a class=\"btn btn-sm btn-default\" href=\"https:\/\/euprevent.eu\/fr\/nouvelles\/\">Toutes les nouvelles<\/a><\/div>\r\n\t\t\t\t\t\t\t\t<\/div>\r\n            \r\n\t\t<\/div>\r\n\t<\/div>\r\n\r\n\t[\/vc_column_text][\/vc_column][\/vc_row]<\/p>\n<\/section>","protected":false},"excerpt":{"rendered":"<p>[vc_row][vc_column][vc_single_image image=\u00a0\u00bb1297&Prime; img_size=\u00a0\u00bbmedium\u00a0\u00bb alignment=\u00a0\u00bbright\u00a0\u00bb][vc_column_text] Projet euPrevent \u2013 Surpoids La 5i\u00e8me conf\u00e9rence eur\u00e9gionale sur la sant\u00e9 fut consacr\u00e9e au surpoids. Un probl\u00e8me pr\u00e9sent dans l\u2019ensemble de l\u2019Euregio Meuse-Rhin (EMR). L\u2019approche de ce probl\u00e8me \u00e9tait dispers\u00e9e jusque-l\u00e0. Plusieurs organisations de l\u2019EMR souhaitaient coop\u00e9rer davantage et s\u2019attaquer \u00e0 ce probl\u00e8me au niveau eur\u00e9gional.[\/vc_column_text][\/vc_column][\/vc_row][vc_row gap=\u00a0\u00bb25&Prime;][vc_column width=\u00a0\u00bb1\/2&Prime; css=\u00a0\u00bb.vc_custom_1509467339928{padding-top: 25px !important;background-color: [&hellip;]<\/p>\n","protected":false},"author":1,"featured_media":0,"parent":0,"menu_order":0,"comment_status":"closed","ping_status":"closed","template":"","meta":{"_acf_changed":false,"footnotes":""},"class_list":["post-2066","page","type-page","status-publish","hentry","programmes-overweight"],"acf":[],"yoast_head":"<!-- This site is optimized with the Yoast SEO plugin v27.5 - https:\/\/yoast.com\/product\/yoast-seo-wordpress\/ -->\n<title>Projet euPrevent- Surpoids - euPrevent<\/title>\n<meta name=\"robots\" content=\"index, follow, max-snippet:-1, max-image-preview:large, max-video-preview:-1\" \/>\n<link rel=\"canonical\" href=\"https:\/\/euprevent.eu\/fr\/surpoids\/\" \/>\n<meta property=\"og:locale\" content=\"fr_FR\" \/>\n<meta property=\"og:type\" content=\"article\" \/>\n<meta property=\"og:title\" content=\"Projet euPrevent- Surpoids - euPrevent\" \/>\n<meta property=\"og:description\" content=\"[vc_row][vc_column][vc_single_image image=\u00a0\u00bb1297&Prime; img_size=\u00a0\u00bbmedium\u00a0\u00bb alignment=\u00a0\u00bbright\u00a0\u00bb][vc_column_text] Projet euPrevent \u2013 Surpoids La 5i\u00e8me conf\u00e9rence eur\u00e9gionale sur la sant\u00e9 fut consacr\u00e9e au surpoids. Un probl\u00e8me pr\u00e9sent dans l\u2019ensemble de l\u2019Euregio Meuse-Rhin (EMR). L\u2019approche de ce probl\u00e8me \u00e9tait dispers\u00e9e jusque-l\u00e0. Plusieurs organisations de l\u2019EMR souhaitaient coop\u00e9rer davantage et s\u2019attaquer \u00e0 ce probl\u00e8me au niveau eur\u00e9gional.[\/vc_column_text][\/vc_column][\/vc_row][vc_row gap=\u00a0\u00bb25&Prime;][vc_column width=\u00a0\u00bb1\/2&Prime; css=\u00a0\u00bb.vc_custom_1509467339928{padding-top: 25px !important;background-color: [&hellip;]\" \/>\n<meta property=\"og:url\" content=\"https:\/\/euprevent.eu\/fr\/surpoids\/\" \/>\n<meta property=\"og:site_name\" content=\"euPrevent\" \/>\n<meta property=\"article:modified_time\" content=\"2017-12-20T08:16:16+00:00\" \/>\n<meta name=\"twitter:card\" content=\"summary_large_image\" \/>\n<meta name=\"twitter:label1\" content=\"Dur\u00e9e de lecture estim\u00e9e\" \/>\n\t<meta name=\"twitter:data1\" content=\"5 minutes\" \/>\n<script type=\"application\/ld+json\" class=\"yoast-schema-graph\">{\"@context\":\"https:\\\/\\\/schema.org\",\"@graph\":[{\"@type\":\"WebPage\",\"@id\":\"https:\\\/\\\/euprevent.eu\\\/fr\\\/surpoids\\\/\",\"url\":\"https:\\\/\\\/euprevent.eu\\\/fr\\\/surpoids\\\/\",\"name\":\"Projet euPrevent- Surpoids - euPrevent\",\"isPartOf\":{\"@id\":\"https:\\\/\\\/euprevent.eu\\\/fr\\\/#website\"},\"datePublished\":\"2017-11-21T09:32:39+00:00\",\"dateModified\":\"2017-12-20T08:16:16+00:00\",\"breadcrumb\":{\"@id\":\"https:\\\/\\\/euprevent.eu\\\/fr\\\/surpoids\\\/#breadcrumb\"},\"inLanguage\":\"fr-FR\",\"potentialAction\":[{\"@type\":\"ReadAction\",\"target\":[\"https:\\\/\\\/euprevent.eu\\\/fr\\\/surpoids\\\/\"]}]},{\"@type\":\"BreadcrumbList\",\"@id\":\"https:\\\/\\\/euprevent.eu\\\/fr\\\/surpoids\\\/#breadcrumb\",\"itemListElement\":[{\"@type\":\"ListItem\",\"position\":1,\"name\":\"Home\",\"item\":\"https:\\\/\\\/euprevent.eu\\\/fr\\\/\"},{\"@type\":\"ListItem\",\"position\":2,\"name\":\"Projet euPrevent- Surpoids\"}]},{\"@type\":\"WebSite\",\"@id\":\"https:\\\/\\\/euprevent.eu\\\/fr\\\/#website\",\"url\":\"https:\\\/\\\/euprevent.eu\\\/fr\\\/\",\"name\":\"euPrevent\",\"description\":\"euPrevent is a Euroregional network that focuses on promoting health. Within this network, sustainable partnerships seek to increase the quality of life of residents in the border region between the Netherlands, Belgium and Germany.\",\"potentialAction\":[{\"@type\":\"SearchAction\",\"target\":{\"@type\":\"EntryPoint\",\"urlTemplate\":\"https:\\\/\\\/euprevent.eu\\\/fr\\\/?s={search_term_string}\"},\"query-input\":{\"@type\":\"PropertyValueSpecification\",\"valueRequired\":true,\"valueName\":\"search_term_string\"}}],\"inLanguage\":\"fr-FR\"}]}<\/script>\n<!-- \/ Yoast SEO plugin. -->","yoast_head_json":{"title":"Projet euPrevent- Surpoids - euPrevent","robots":{"index":"index","follow":"follow","max-snippet":"max-snippet:-1","max-image-preview":"max-image-preview:large","max-video-preview":"max-video-preview:-1"},"canonical":"https:\/\/euprevent.eu\/fr\/surpoids\/","og_locale":"fr_FR","og_type":"article","og_title":"Projet euPrevent- Surpoids - euPrevent","og_description":"[vc_row][vc_column][vc_single_image image=\u00a0\u00bb1297&Prime; img_size=\u00a0\u00bbmedium\u00a0\u00bb alignment=\u00a0\u00bbright\u00a0\u00bb][vc_column_text] Projet euPrevent \u2013 Surpoids La 5i\u00e8me conf\u00e9rence eur\u00e9gionale sur la sant\u00e9 fut consacr\u00e9e au surpoids. Un probl\u00e8me pr\u00e9sent dans l\u2019ensemble de l\u2019Euregio Meuse-Rhin (EMR). L\u2019approche de ce probl\u00e8me \u00e9tait dispers\u00e9e jusque-l\u00e0. Plusieurs organisations de l\u2019EMR souhaitaient coop\u00e9rer davantage et s\u2019attaquer \u00e0 ce probl\u00e8me au niveau eur\u00e9gional.[\/vc_column_text][\/vc_column][\/vc_row][vc_row gap=\u00a0\u00bb25&Prime;][vc_column width=\u00a0\u00bb1\/2&Prime; css=\u00a0\u00bb.vc_custom_1509467339928{padding-top: 25px !important;background-color: [&hellip;]","og_url":"https:\/\/euprevent.eu\/fr\/surpoids\/","og_site_name":"euPrevent","article_modified_time":"2017-12-20T08:16:16+00:00","twitter_card":"summary_large_image","twitter_misc":{"Dur\u00e9e de lecture estim\u00e9e":"5 minutes"},"schema":{"@context":"https:\/\/schema.org","@graph":[{"@type":"WebPage","@id":"https:\/\/euprevent.eu\/fr\/surpoids\/","url":"https:\/\/euprevent.eu\/fr\/surpoids\/","name":"Projet euPrevent- Surpoids - euPrevent","isPartOf":{"@id":"https:\/\/euprevent.eu\/fr\/#website"},"datePublished":"2017-11-21T09:32:39+00:00","dateModified":"2017-12-20T08:16:16+00:00","breadcrumb":{"@id":"https:\/\/euprevent.eu\/fr\/surpoids\/#breadcrumb"},"inLanguage":"fr-FR","potentialAction":[{"@type":"ReadAction","target":["https:\/\/euprevent.eu\/fr\/surpoids\/"]}]},{"@type":"BreadcrumbList","@id":"https:\/\/euprevent.eu\/fr\/surpoids\/#breadcrumb","itemListElement":[{"@type":"ListItem","position":1,"name":"Home","item":"https:\/\/euprevent.eu\/fr\/"},{"@type":"ListItem","position":2,"name":"Projet euPrevent- Surpoids"}]},{"@type":"WebSite","@id":"https:\/\/euprevent.eu\/fr\/#website","url":"https:\/\/euprevent.eu\/fr\/","name":"euPrevent","description":"euPrevent is a Euroregional network that focuses on promoting health. Within this network, sustainable partnerships seek to increase the quality of life of residents in the border region between the Netherlands, Belgium and Germany.","potentialAction":[{"@type":"SearchAction","target":{"@type":"EntryPoint","urlTemplate":"https:\/\/euprevent.eu\/fr\/?s={search_term_string}"},"query-input":{"@type":"PropertyValueSpecification","valueRequired":true,"valueName":"search_term_string"}}],"inLanguage":"fr-FR"}]}},"_links":{"self":[{"href":"https:\/\/euprevent.eu\/fr\/wp-json\/wp\/v2\/pages\/2066","targetHints":{"allow":["GET"]}}],"collection":[{"href":"https:\/\/euprevent.eu\/fr\/wp-json\/wp\/v2\/pages"}],"about":[{"href":"https:\/\/euprevent.eu\/fr\/wp-json\/wp\/v2\/types\/page"}],"author":[{"embeddable":true,"href":"https:\/\/euprevent.eu\/fr\/wp-json\/wp\/v2\/users\/1"}],"replies":[{"embeddable":true,"href":"https:\/\/euprevent.eu\/fr\/wp-json\/wp\/v2\/comments?post=2066"}],"version-history":[{"count":13,"href":"https:\/\/euprevent.eu\/fr\/wp-json\/wp\/v2\/pages\/2066\/revisions"}],"predecessor-version":[{"id":3646,"href":"https:\/\/euprevent.eu\/fr\/wp-json\/wp\/v2\/pages\/2066\/revisions\/3646"}],"wp:attachment":[{"href":"https:\/\/euprevent.eu\/fr\/wp-json\/wp\/v2\/media?parent=2066"}],"curies":[{"name":"wp","href":"https:\/\/api.w.org\/{rel}","templated":true}]}}