


{"id":20532,"date":"2023-06-20T16:16:40","date_gmt":"2023-06-20T15:16:40","guid":{"rendered":"https:\/\/euprevent.eu\/?page_id=20532"},"modified":"2023-06-20T16:23:03","modified_gmt":"2023-06-20T15:23:03","slug":"profile-inspiration-guide","status":"publish","type":"page","link":"https:\/\/euprevent.eu\/fr\/profile\/profile-inspiration-guide\/","title":{"rendered":"PROFILE Guide d\u2019inspiration"},"content":{"rendered":"<section class=\"wpb-content-wrapper\"><p>[vc_row][vc_column][vc_column_text]<\/p>\n<h1>PROFILE Guide d\u2019inspiration<\/h1>\n<p>Le projet euPrevent PROFILE (PR\u00e9vention de la solitude des personnes \u00e2g\u00e9es dans l\u2019Eur\u00e9gio) vise \u00e0 contribuer \u00e0 la pr\u00e9vention et \u00e0 la lutte contre la solitude des personnes \u00e2g\u00e9es. Dans le cadre de ce projet, plusieurs partenaires de l\u2019Eur\u00e9gio Meuse-Rhin coop\u00e8rent. L\u2019objectif de ce projet de deux ans et demi est de promouvoir l\u2019\u00e9change de connaissances et d\u2019exemples de bonnes pratiques, et de sensibiliser aux effets de la<br \/>\nsolitude. Nous voulons \u00e9galement atteindre cet objectif en encourageant les contacts interg\u00e9n\u00e9rationnels.<\/p>\n<p>Nous avons le plaisir de vous pr\u00e9senter le Guide d\u2019inspiration \u00e9labor\u00e9 dans le cadre de ce projet. Dans ce guide, nous d\u00e9veloppons ce projet unique, d\u00e9crivons les r\u00e9sultats obtenus et les le\u00e7ons \u00e0 en tirer.[\/vc_column_text][\/vc_column][\/vc_row][vc_row equal_height=\u00a0\u00bbyes\u00a0\u00bb content_placement=\u00a0\u00bbmiddle\u00a0\u00bb][vc_column width=\u00a0\u00bb1\/3&Prime;][vc_single_image image=\u00a0\u00bb20520&Prime; img_size=\u00a0\u00bbfull\u00a0\u00bb][\/vc_column][vc_column width=\u00a0\u00bb2\/3&Prime;][vc_column_text]<\/p>\n<h2 style=\"padding-left: 25px;\">T\u00e9l\u00e9chargements<\/h2>\n<ul>\n<li><a href=\"https:\/\/euprevent.eu\/wp-content\/uploads\/2023\/06\/Profile-IG-FR.pdf\" target=\"_blank\" rel=\"noopener\">PROFILE Guide d\u2019inspiration &#8211; Fran\u00e7ais<\/a><\/li>\n<li><a href=\"https:\/\/euprevent.eu\/wp-content\/uploads\/2023\/06\/Profile-IG-EN.pdf\" target=\"_blank\" rel=\"noopener\">PROFILE Guide d\u2019inspiration &#8211; Anglais<\/a><\/li>\n<li><a href=\"https:\/\/euprevent.eu\/wp-content\/uploads\/2023\/06\/Profile-IG-NL.pdf\" target=\"_blank\" rel=\"noopener\">PROFILE Guide d\u2019inspiration &#8211; N\u00e9erlandais<\/a><\/li>\n<li><a href=\"https:\/\/euprevent.eu\/wp-content\/uploads\/2023\/06\/Profile-IG-DE.pdf\" target=\"_blank\" rel=\"noopener\">PROFILE Guide d\u2019inspiration &#8211; Allemand<\/a><\/li>\n<\/ul>\n<p>[\/vc_column_text][\/vc_column][\/vc_row]<\/p>\n<\/section>","protected":false},"excerpt":{"rendered":"<p>[vc_row][vc_column][vc_column_text] PROFILE Guide d\u2019inspiration Le projet euPrevent PROFILE (PR\u00e9vention de la solitude des personnes \u00e2g\u00e9es dans l\u2019Eur\u00e9gio) vise \u00e0 contribuer \u00e0 la pr\u00e9vention et \u00e0 la lutte contre la solitude des personnes \u00e2g\u00e9es. Dans le cadre de ce projet, plusieurs partenaires de l\u2019Eur\u00e9gio Meuse-Rhin coop\u00e8rent. L\u2019objectif de ce projet de deux ans et demi est [&hellip;]<\/p>\n","protected":false},"author":1,"featured_media":0,"parent":14841,"menu_order":0,"comment_status":"closed","ping_status":"closed","template":"","meta":{"_acf_changed":false,"footnotes":""},"class_list":["post-20532","page","type-page","status-publish","hentry","programmes-mental-health"],"acf":[],"yoast_head":"<!-- This site is optimized with the Yoast SEO plugin v27.5 - https:\/\/yoast.com\/product\/yoast-seo-wordpress\/ -->\n<title>PROFILE Guide d\u2019inspiration - euPrevent<\/title>\n<meta name=\"robots\" content=\"index, follow, max-snippet:-1, max-image-preview:large, max-video-preview:-1\" \/>\n<link rel=\"canonical\" href=\"https:\/\/euprevent.eu\/fr\/profile\/profile-inspiration-guide\/\" \/>\n<meta property=\"og:locale\" content=\"fr_FR\" \/>\n<meta property=\"og:type\" content=\"article\" \/>\n<meta property=\"og:title\" content=\"PROFILE Guide d\u2019inspiration - euPrevent\" \/>\n<meta property=\"og:description\" content=\"[vc_row][vc_column][vc_column_text] PROFILE Guide d\u2019inspiration Le projet euPrevent PROFILE (PR\u00e9vention de la solitude des personnes \u00e2g\u00e9es dans l\u2019Eur\u00e9gio) vise \u00e0 contribuer \u00e0 la pr\u00e9vention et \u00e0 la lutte contre la solitude des personnes \u00e2g\u00e9es. Dans le cadre de ce projet, plusieurs partenaires de l\u2019Eur\u00e9gio Meuse-Rhin coop\u00e8rent. L\u2019objectif de ce projet de deux ans et demi est [&hellip;]\" \/>\n<meta property=\"og:url\" content=\"https:\/\/euprevent.eu\/fr\/profile\/profile-inspiration-guide\/\" \/>\n<meta property=\"og:site_name\" content=\"euPrevent\" \/>\n<meta property=\"article:modified_time\" content=\"2023-06-20T15:23:03+00:00\" \/>\n<meta name=\"twitter:card\" content=\"summary_large_image\" \/>\n<meta name=\"twitter:label1\" content=\"Dur\u00e9e de lecture estim\u00e9e\" \/>\n\t<meta name=\"twitter:data1\" content=\"1 minute\" \/>\n<script type=\"application\/ld+json\" class=\"yoast-schema-graph\">{\"@context\":\"https:\\\/\\\/schema.org\",\"@graph\":[{\"@type\":\"WebPage\",\"@id\":\"https:\\\/\\\/euprevent.eu\\\/fr\\\/profile\\\/profile-inspiration-guide\\\/\",\"url\":\"https:\\\/\\\/euprevent.eu\\\/fr\\\/profile\\\/profile-inspiration-guide\\\/\",\"name\":\"PROFILE Guide d\u2019inspiration - euPrevent\",\"isPartOf\":{\"@id\":\"https:\\\/\\\/euprevent.eu\\\/fr\\\/#website\"},\"datePublished\":\"2023-06-20T15:16:40+00:00\",\"dateModified\":\"2023-06-20T15:23:03+00:00\",\"breadcrumb\":{\"@id\":\"https:\\\/\\\/euprevent.eu\\\/fr\\\/profile\\\/profile-inspiration-guide\\\/#breadcrumb\"},\"inLanguage\":\"fr-FR\",\"potentialAction\":[{\"@type\":\"ReadAction\",\"target\":[\"https:\\\/\\\/euprevent.eu\\\/fr\\\/profile\\\/profile-inspiration-guide\\\/\"]}]},{\"@type\":\"BreadcrumbList\",\"@id\":\"https:\\\/\\\/euprevent.eu\\\/fr\\\/profile\\\/profile-inspiration-guide\\\/#breadcrumb\",\"itemListElement\":[{\"@type\":\"ListItem\",\"position\":1,\"name\":\"Home\",\"item\":\"https:\\\/\\\/euprevent.eu\\\/fr\\\/\"},{\"@type\":\"ListItem\",\"position\":2,\"name\":\"Projet euPrevent PROFILE\",\"item\":\"https:\\\/\\\/euprevent.eu\\\/fr\\\/profile\\\/\"},{\"@type\":\"ListItem\",\"position\":3,\"name\":\"PROFILE Guide d\u2019inspiration\"}]},{\"@type\":\"WebSite\",\"@id\":\"https:\\\/\\\/euprevent.eu\\\/fr\\\/#website\",\"url\":\"https:\\\/\\\/euprevent.eu\\\/fr\\\/\",\"name\":\"euPrevent\",\"description\":\"euPrevent is a Euroregional network that focuses on promoting health. Within this network, sustainable partnerships seek to increase the quality of life of residents in the border region between the Netherlands, Belgium and Germany.\",\"potentialAction\":[{\"@type\":\"SearchAction\",\"target\":{\"@type\":\"EntryPoint\",\"urlTemplate\":\"https:\\\/\\\/euprevent.eu\\\/fr\\\/?s={search_term_string}\"},\"query-input\":{\"@type\":\"PropertyValueSpecification\",\"valueRequired\":true,\"valueName\":\"search_term_string\"}}],\"inLanguage\":\"fr-FR\"}]}<\/script>\n<!-- \/ Yoast SEO plugin. -->","yoast_head_json":{"title":"PROFILE Guide d\u2019inspiration - euPrevent","robots":{"index":"index","follow":"follow","max-snippet":"max-snippet:-1","max-image-preview":"max-image-preview:large","max-video-preview":"max-video-preview:-1"},"canonical":"https:\/\/euprevent.eu\/fr\/profile\/profile-inspiration-guide\/","og_locale":"fr_FR","og_type":"article","og_title":"PROFILE Guide d\u2019inspiration - euPrevent","og_description":"[vc_row][vc_column][vc_column_text] PROFILE Guide d\u2019inspiration Le projet euPrevent PROFILE (PR\u00e9vention de la solitude des personnes \u00e2g\u00e9es dans l\u2019Eur\u00e9gio) vise \u00e0 contribuer \u00e0 la pr\u00e9vention et \u00e0 la lutte contre la solitude des personnes \u00e2g\u00e9es. Dans le cadre de ce projet, plusieurs partenaires de l\u2019Eur\u00e9gio Meuse-Rhin coop\u00e8rent. L\u2019objectif de ce projet de deux ans et demi est [&hellip;]","og_url":"https:\/\/euprevent.eu\/fr\/profile\/profile-inspiration-guide\/","og_site_name":"euPrevent","article_modified_time":"2023-06-20T15:23:03+00:00","twitter_card":"summary_large_image","twitter_misc":{"Dur\u00e9e de lecture estim\u00e9e":"1 minute"},"schema":{"@context":"https:\/\/schema.org","@graph":[{"@type":"WebPage","@id":"https:\/\/euprevent.eu\/fr\/profile\/profile-inspiration-guide\/","url":"https:\/\/euprevent.eu\/fr\/profile\/profile-inspiration-guide\/","name":"PROFILE Guide d\u2019inspiration - euPrevent","isPartOf":{"@id":"https:\/\/euprevent.eu\/fr\/#website"},"datePublished":"2023-06-20T15:16:40+00:00","dateModified":"2023-06-20T15:23:03+00:00","breadcrumb":{"@id":"https:\/\/euprevent.eu\/fr\/profile\/profile-inspiration-guide\/#breadcrumb"},"inLanguage":"fr-FR","potentialAction":[{"@type":"ReadAction","target":["https:\/\/euprevent.eu\/fr\/profile\/profile-inspiration-guide\/"]}]},{"@type":"BreadcrumbList","@id":"https:\/\/euprevent.eu\/fr\/profile\/profile-inspiration-guide\/#breadcrumb","itemListElement":[{"@type":"ListItem","position":1,"name":"Home","item":"https:\/\/euprevent.eu\/fr\/"},{"@type":"ListItem","position":2,"name":"Projet euPrevent PROFILE","item":"https:\/\/euprevent.eu\/fr\/profile\/"},{"@type":"ListItem","position":3,"name":"PROFILE Guide d\u2019inspiration"}]},{"@type":"WebSite","@id":"https:\/\/euprevent.eu\/fr\/#website","url":"https:\/\/euprevent.eu\/fr\/","name":"euPrevent","description":"euPrevent is a Euroregional network that focuses on promoting health. Within this network, sustainable partnerships seek to increase the quality of life of residents in the border region between the Netherlands, Belgium and Germany.","potentialAction":[{"@type":"SearchAction","target":{"@type":"EntryPoint","urlTemplate":"https:\/\/euprevent.eu\/fr\/?s={search_term_string}"},"query-input":{"@type":"PropertyValueSpecification","valueRequired":true,"valueName":"search_term_string"}}],"inLanguage":"fr-FR"}]}},"_links":{"self":[{"href":"https:\/\/euprevent.eu\/fr\/wp-json\/wp\/v2\/pages\/20532","targetHints":{"allow":["GET"]}}],"collection":[{"href":"https:\/\/euprevent.eu\/fr\/wp-json\/wp\/v2\/pages"}],"about":[{"href":"https:\/\/euprevent.eu\/fr\/wp-json\/wp\/v2\/types\/page"}],"author":[{"embeddable":true,"href":"https:\/\/euprevent.eu\/fr\/wp-json\/wp\/v2\/users\/1"}],"replies":[{"embeddable":true,"href":"https:\/\/euprevent.eu\/fr\/wp-json\/wp\/v2\/comments?post=20532"}],"version-history":[{"count":5,"href":"https:\/\/euprevent.eu\/fr\/wp-json\/wp\/v2\/pages\/20532\/revisions"}],"predecessor-version":[{"id":20544,"href":"https:\/\/euprevent.eu\/fr\/wp-json\/wp\/v2\/pages\/20532\/revisions\/20544"}],"up":[{"embeddable":true,"href":"https:\/\/euprevent.eu\/fr\/wp-json\/wp\/v2\/pages\/14841"}],"wp:attachment":[{"href":"https:\/\/euprevent.eu\/fr\/wp-json\/wp\/v2\/media?parent=20532"}],"curies":[{"name":"wp","href":"https:\/\/api.w.org\/{rel}","templated":true}]}}