


{"id":2019,"date":"2017-11-21T10:29:13","date_gmt":"2017-11-21T10:29:13","guid":{"rendered":"https:\/\/euprevent.eu\/?page_id=2019"},"modified":"2017-12-14T06:23:58","modified_gmt":"2017-12-14T06:23:58","slug":"mrsa","status":"publish","type":"page","link":"https:\/\/euprevent.eu\/fr\/mrsa\/","title":{"rendered":"Projet euPrevent MRSA"},"content":{"rendered":"<section class=\"wpb-content-wrapper\"><p>[vc_row][vc_column][vc_single_image image=\u00a0\u00bb1297&Prime; img_size=\u00a0\u00bbmedium\u00a0\u00bb alignment=\u00a0\u00bbright\u00a0\u00bb][vc_column_text]<\/p>\n<h1>Projet euPrevent MRSA<\/h1>\n<p>Depuis la fin du 20<sup>\u00e8me<\/sup> si\u00e8cle, le passage des fronti\u00e8res nationales est de plus en plus facile au sein de l\u2019Union Europ\u00e9enne. Pour les soins de sant\u00e9, les patients aussi traversent plus souvent la fronti\u00e8re de leur pays. La s\u00e9curit\u00e9 des patients (par exemple la protection des patients contre les infections) constitue une pr\u00e9occupation transfrontali\u00e8re.<\/p>\n<p>En 2009, les \u00e9tablissements de soins de sant\u00e9 de la r\u00e9gion frontali\u00e8re entre les Pays-Bas et l\u2019Allemagne ont d\u00e9cid\u00e9 de s\u2019attaquer \u00e0 ce probl\u00e8me eur\u00e9gional. Ils ont alors mis sur pied le <a href=\"http:\/\/www.eursafety.eu\/index.html\">projet EurSafety Health-Net<\/a> sur toute la longueur de la fronti\u00e8re germano-n\u00e9erlandaise. Au sein de l\u2019Euregio Meuse-Rhin (EMR), les r\u00e9gions belges ont souhait\u00e9 participer \u00e0 ce projet. Un projet administratif autonome EurSafety Health-Net a donc \u00e9t\u00e9 lanc\u00e9 sous le nom euPrevent MRSA.[\/vc_column_text][\/vc_column][\/vc_row][vc_row gap=\u00a0\u00bb25&Prime;][vc_column width=\u00a0\u00bb1\/2&Prime; css=\u00a0\u00bb.vc_custom_1509467339928{padding-top: 25px !important;background-color: #f3f3f3 !important;border-radius: 5px !important;}\u00a0\u00bb][vc_column_text css=\u00a0\u00bb.vc_custom_1509977648099{margin-bottom: 5px !important;padding-bottom: 5px !important;}\u00a0\u00bb]<\/p>\n<h3>Orientation du projet<\/h3>\n<p><strong>Groupe cible final:<\/strong> les patients et les citoyens de l\u2019EMR<\/p>\n<p><strong>Dur\u00e9e:<\/strong> du 1<sup>er<\/sup> juillet 2009 au 30 juin 2012[\/vc_column_text][vc_btn title=\u00a0\u00bbFinancement\u00a0\u00bb color=\u00a0\u00bbprimary\u00a0\u00bb size=\u00a0\u00bbsm\u00a0\u00bb link=\u00a0\u00bburl:https%3A%2F%2Feuprevent.eu%2Ffr%2Ffinancement-mrsa%2F|||\u00a0\u00bb][vc_btn title=\u00a0\u00bbPartenaires\u00a0\u00bb color=\u00a0\u00bbprimary\u00a0\u00bb size=\u00a0\u00bbsm\u00a0\u00bb link=\u00a0\u00bburl:%2Fpartner%2F%3Fprojects%3Dproject-euprevent-mrsa|||\u00a0\u00bb][\/vc_column][\/vc_row][vc_row][vc_column][vc_empty_space][vc_column_text]<\/p>\n<h2>Objectif du projet<\/h2>\n<p>Les partenaires du projet voulaient mieux prot\u00e9ger les patients contre le risque d\u2019infection lors des soins dispens\u00e9s dans les h\u00f4pitaux et les hospices de l\u2019EMR. Voici les initiatives qu\u2019ils ont prises\u00a0:<\/p>\n<ul>\n<li>activit\u00e9s\u00a0: plusieurs campagnes de formation, des journ\u00e9es \u00e0 th\u00e8me, des campagnes d\u2019information et des congr\u00e8s pour informer les citoyens et les professionnels du secteur,<\/li>\n<li>label de qualit\u00e9\u00a0: le label mis au point r\u00e9compensait les h\u00f4pitaux et les hospices participant activement \u00e0 la lutte contre les infections,<\/li>\n<li>coop\u00e9ration\u00a0: les organisations ont coop\u00e9r\u00e9 au niveau eur\u00e9gional \u00e0 la lutte contre les infections \u2013 pendant et apr\u00e8s le projet,<\/li>\n<li>recherche\u00a0: plusieurs \u00e9tudes ont fait l\u2019inventaire de la situation \u00e0 l\u2019\u00e9poque du projet.<\/li>\n<\/ul>\n<p>[\/vc_column_text][\/vc_column][\/vc_row][vc_row][vc_column width=\u00a0\u00bb1\/2&Prime;][vc_column_text]<\/p>\n<h3>Activit\u00e9s<\/h3>\n<p>Le projet euPrevent MRSA a port\u00e9 une grande attention \u00e0 l\u2019\u00e9change de connaissances, l\u2019objectif \u00e9tant de d\u2019utiliser les m\u00eames informations dans l\u2019ensemble de l\u2019EMR. Il s\u2019agissait principalement<\/p>\n<p>1.\u00a0\u00a0 de faire conna\u00eetre les mesures d\u2019hygi\u00e8ne classiques, par exemple l\u2019hygi\u00e8ne des mains;<\/p>\n<p>2.\u00a0\u00a0 d\u2019appliquer le programme eur\u00e9gional Antibiotics Stewardship dans les h\u00f4pitaux, les hospices et les maisons de repos (objectif\u00a0: utilisation cibl\u00e9e des antibiotiques dans l\u2019ensemble de l\u2019EMR).<\/p>\n<p>&nbsp;<\/p>\n<p>R\u00e9sultats engrang\u00e9s\u00a0:<\/p>\n<p>Certaines m\u00e9thodes de travail efficaces aux Pays-Bas ont \u00e9t\u00e9 reprises en Allemagne et en Belgique gr\u00e2ce \u00e0 un \u00e9change de bonnes pratiques\u00a0;<\/p>\n<p>Une approche commune a \u00e9t\u00e9 d\u00e9velopp\u00e9e pour l\u2019ensemble de l\u2019EMR\u00a0: la lutte commune contre les germes pathog\u00e8nes multir\u00e9sistants\u00a0;<\/p>\n<p>Des campagnes m\u00e9diatiques ont inform\u00e9 les citoyens sur l\u2019hygi\u00e8ne des mains, les antibiotiques et la pr\u00e9vention des MRSA.[\/vc_column_text][vc_empty_space][vc_column_text]<\/p>\n<div id=\"c8ccqlt\">\n<div id=\"c8ccqbs\">\n<form action=\"https:\/\/euprevent.viadesk.com\/do\/note\" method=\"post\" name=\"form\">\n<div class=\"clearfix text-hyphenate mw100pr mb16 linkify\">\n<div>\n<h3>\u00c9tudes<\/h3>\n<p>Diff\u00e9rentes \u00e9tudes ont \u00e9t\u00e9 men\u00e9es dans le cadre du projet, avec les questions suivantes\u00a0:<\/p>\n<ul>\n<li>Quelle est la fr\u00e9quence de la r\u00e9sistance aux antibiotiques dans les 3 pays de l\u2019EMR\u00a0?<\/li>\n<li>Quel est le mode de propagation des bact\u00e9ries r\u00e9sistantes aux antibiotiques \u00e0 l\u2019int\u00e9rieur des \u00e9tablissements des 3 pays de l\u2019EMR et entre ceux-ci\u00a0?<\/li>\n<li>Quelle est la fr\u00e9quence des infections en dehors des h\u00f4pitaux (apr\u00e8s l\u2019hospitalisation)\u00a0?<\/li>\n<\/ul>\n<p>Un syst\u00e8me de surveillance eur\u00e9gional a \u00e9t\u00e9 mis en place\u00a0: il surveille syst\u00e9matiquement les infections survenues dans un h\u00f4pital (d\u00e9tection, analyse et \u00e9valuation). Ce syst\u00e8me a permis une meilleure d\u00e9tection des probl\u00e8mes li\u00e9s aux infections et un ciblage plus pr\u00e9cis des mesures de pr\u00e9vention.<\/p>\n<\/div>\n<\/div>\n<\/form>\n<\/div>\n<\/div>\n<div id=\"c8ccqlu\"><\/div>\n<p>[\/vc_column_text][vc_btn title=\u00a0\u00bbeuPrevent MRSA\u00a0\u00bb color=\u00a0\u00bbprimary\u00a0\u00bb link=\u00a0\u00bburl:https%3A%2F%2Feuprevent.eu%2Ffr%2Feuprevent%2F|||\u00a0\u00bb][\/vc_column][vc_column width=\u00a0\u00bb1\/2&Prime;][vc_column_text]<\/p>\n<h3>Coop\u00e9ration<\/h3>\n<p>L\u2019EMR a vu la cr\u00e9ation d\u2019un puissant r\u00e9seau de coop\u00e9ration et de plusieurs sous-r\u00e9seaux. Ce r\u00e9seau \u00e9tait constitu\u00e9 principalement d\u2019h\u00f4pitaux. D\u00e8s le d\u00e9but, d\u2019autres \u00e9tablissements importants y ont \u00e9t\u00e9 associ\u00e9s. Au total, plus de 150 \u00e9tablissements des r\u00e9gions participantes ont collabor\u00e9 au projet\u00a0:<\/p>\n<ul>\n<li>environ 30 h\u00f4pitaux,<\/li>\n<li>environ 100 maisons de repos\/de soins,<\/li>\n<li>les services de secours et les soins ambulatoires,<\/li>\n<li>les m\u00e9decins g\u00e9n\u00e9ralistes et les m\u00e9decins non conventionn\u00e9s,<\/li>\n<li>les compagnies d\u2019assurances,<\/li>\n<li>5 associations de patients:\n<ul>\n<li><a href=\"http:\/\/epecs.eu\">EPECS<\/a> (EU),<\/li>\n<li><a href=\"http:\/\/staedteregion-aachen-paritaet.de\/content\">DPWV<\/a> (DE),<\/li>\n<li><a href=\"http:\/\/huisvoordezorg.nl\">Huis voor de Zorg<\/a> (NL),<\/li>\n<li><a href=\"http:\/\/www.zelfhulp.be\/wat-biedt-trefpunt-zelfhulp\/onderzoek\/zelfhulp-in-vlaanderen\">Vlaams Pati\u00ebnten Belang <\/a>(BE),<\/li>\n<li><a href=\"http:\/\/patientenrat.be\">Patienten Rat und Treff <\/a>(BE).<\/li>\n<\/ul>\n<\/li>\n<\/ul>\n<p>Une base solide a donc \u00e9t\u00e9 mise en place pour la coop\u00e9ration eur\u00e9gionale en mati\u00e8re de lutte contre les infections.[\/vc_column_text][vc_empty_space height=\u00a0\u00bb56px\u00a0\u00bb][vc_empty_space][vc_empty_space][vc_column_text]<\/p>\n<h3>Label de qualit\u00e9<\/h3>\n<p>Le label de qualit\u00e9 d\u00e9velopp\u00e9 au cours du projet euPrevent MRSA est toujours utilis\u00e9 aujourd\u2019hui. Ce label indique qu\u2019un \u00e9tablissement se pr\u00e9occupe activement de la s\u00e9curit\u00e9 des patients, la priorit\u00e9 \u00e9tant donn\u00e9e \u00e0 l\u2019hygi\u00e8ne et \u00e0 la pr\u00e9vention des infections. Au d\u00e9part, le label de qualit\u00e9 \u00e9tait uniquement destin\u00e9 aux h\u00f4pitaux. Devant le grand int\u00e9r\u00eat suscit\u00e9 par ce label, un label de qualit\u00e9 a \u00e9galement \u00e9t\u00e9 d\u00e9velopp\u00e9 pour les maisons de retraite m\u00e9dicalis\u00e9es et les centres de r\u00e9habilitation.[\/vc_column_text][\/vc_column][\/vc_row][vc_row][vc_column][vc_column_text]\t<div class=\"clearfix\"><\/div>\r\n\t<div class=\"panel-events_and_news\">\r\n\t\t<div class=\"row\">\r\n\r\n            \r\n            \t\t\t<div class=\"col-sm-12 col-md-6\" id=\"events\">\r\n\t\t\t\t<h3>Ev\u00e9nements<\/h3>\r\n\t\t\t\t\t\t\t\t\t<p class=\"text-muted text-center\" style=\"margin:60px 0;\">Pas d'\u00e9v\u00e9nements<\/p>\r\n\t\t\t\t\t\t\t\t<\/div>\r\n\r\n            \r\n            \t\t\t<div class=\"col-sm-12 col-md-6\" id=\"news\">\r\n\t\t\t\t<h3>Nouvelles<\/h3>\r\n\t\t\t\t\t\t\t\t\t\t\t\t\t\t\t<div class=\"newsitem\">\r\n\t\t\t\t\t\t\t<a class=\"overlay\" href=\"https:\/\/euprevent.eu\/fr\/gezondheidsprijs-nrw-2012-voor-infectieziektebestrijding\/\"><\/a>\r\n                            <div class=\"thumb pull-left\" style=\"background-image: url('https:\/\/euprevent.eu\/wp-content\/uploads\/2012\/12\/Schermafbeelding-2017-12-15-om-12.14.56.png');\"><\/div>\r\n\t\t\t\t\t\t\t<div class=\"news-info-table\">\r\n\t\t\t\t\t\t\t\t<div class=\"news-info-table-row\">\r\n\t\t\t\t\t\t\t\t\t<div class=\"news-info-table-cell\">\r\n\t\t\t\t\t\t\t\t\t\t<p>15 December 2012<\/p>\r\n\t\t\t\t\t\t\t\t\t\t<h3>Health Price NRW 2012<\/h3>\r\n\t\t\t\t\t\t\t\t\t<\/div>\r\n\t\t\t\t\t\t\t\t<\/div>\r\n\t\t\t\t\t\t\t<\/div>\r\n\t\t\t\t\t\t<\/div>\r\n\t\t\t\t\t\t\t\t\t\t\t<div class=\"text-center p-5\"><a class=\"btn btn-sm btn-default\" href=\"https:\/\/euprevent.eu\/fr\/nouvelles\/\">Toutes les nouvelles<\/a><\/div>\r\n\t\t\t\t\t\t\t\t<\/div>\r\n            \r\n\t\t<\/div>\r\n\t<\/div>\r\n\r\n\t[\/vc_column_text][\/vc_column][\/vc_row][vc_row][vc_column][\/vc_column][\/vc_row][vc_row][vc_column][\/vc_column][\/vc_row][vc_row][vc_column][\/vc_column][\/vc_row][vc_row][vc_column][\/vc_column][\/vc_row][vc_row][vc_column][\/vc_column][\/vc_row]<\/p>\n<\/section>","protected":false},"excerpt":{"rendered":"<p>[vc_row][vc_column][vc_single_image image=\u00a0\u00bb1297&Prime; img_size=\u00a0\u00bbmedium\u00a0\u00bb alignment=\u00a0\u00bbright\u00a0\u00bb][vc_column_text] Projet euPrevent MRSA Depuis la fin du 20\u00e8me si\u00e8cle, le passage des fronti\u00e8res nationales est de plus en plus facile au sein de l\u2019Union Europ\u00e9enne. Pour les soins de sant\u00e9, les patients aussi traversent plus souvent la fronti\u00e8re de leur pays. La s\u00e9curit\u00e9 des patients (par exemple la protection des patients [&hellip;]<\/p>\n","protected":false},"author":1,"featured_media":0,"parent":0,"menu_order":0,"comment_status":"closed","ping_status":"closed","template":"","meta":{"_acf_changed":false,"footnotes":""},"class_list":["post-2019","page","type-page","status-publish","hentry","programmes-infectious-diseases"],"acf":[],"yoast_head":"<!-- This site is optimized with the Yoast SEO plugin v26.8 - https:\/\/yoast.com\/product\/yoast-seo-wordpress\/ -->\n<title>Projet euPrevent MRSA - euPrevent<\/title>\n<meta name=\"robots\" content=\"index, follow, max-snippet:-1, max-image-preview:large, max-video-preview:-1\" \/>\n<link rel=\"canonical\" href=\"https:\/\/euprevent.eu\/fr\/mrsa\/\" \/>\n<meta property=\"og:locale\" content=\"fr_FR\" \/>\n<meta property=\"og:type\" content=\"article\" \/>\n<meta property=\"og:title\" content=\"Projet euPrevent MRSA - euPrevent\" \/>\n<meta property=\"og:description\" content=\"[vc_row][vc_column][vc_single_image image=\u00a0\u00bb1297&Prime; img_size=\u00a0\u00bbmedium\u00a0\u00bb alignment=\u00a0\u00bbright\u00a0\u00bb][vc_column_text] Projet euPrevent MRSA Depuis la fin du 20\u00e8me si\u00e8cle, le passage des fronti\u00e8res nationales est de plus en plus facile au sein de l\u2019Union Europ\u00e9enne. Pour les soins de sant\u00e9, les patients aussi traversent plus souvent la fronti\u00e8re de leur pays. La s\u00e9curit\u00e9 des patients (par exemple la protection des patients [&hellip;]\" \/>\n<meta property=\"og:url\" content=\"https:\/\/euprevent.eu\/fr\/mrsa\/\" \/>\n<meta property=\"og:site_name\" content=\"euPrevent\" \/>\n<meta property=\"article:modified_time\" content=\"2017-12-14T06:23:58+00:00\" \/>\n<meta name=\"twitter:card\" content=\"summary_large_image\" \/>\n<meta name=\"twitter:label1\" content=\"Dur\u00e9e de lecture estim\u00e9e\" \/>\n\t<meta name=\"twitter:data1\" content=\"5 minutes\" \/>\n<script type=\"application\/ld+json\" class=\"yoast-schema-graph\">{\"@context\":\"https:\/\/schema.org\",\"@graph\":[{\"@type\":\"WebPage\",\"@id\":\"https:\/\/euprevent.eu\/fr\/mrsa\/\",\"url\":\"https:\/\/euprevent.eu\/fr\/mrsa\/\",\"name\":\"Projet euPrevent MRSA - euPrevent\",\"isPartOf\":{\"@id\":\"https:\/\/euprevent.eu\/fr\/#website\"},\"datePublished\":\"2017-11-21T10:29:13+00:00\",\"dateModified\":\"2017-12-14T06:23:58+00:00\",\"breadcrumb\":{\"@id\":\"https:\/\/euprevent.eu\/fr\/mrsa\/#breadcrumb\"},\"inLanguage\":\"fr-FR\",\"potentialAction\":[{\"@type\":\"ReadAction\",\"target\":[\"https:\/\/euprevent.eu\/fr\/mrsa\/\"]}]},{\"@type\":\"BreadcrumbList\",\"@id\":\"https:\/\/euprevent.eu\/fr\/mrsa\/#breadcrumb\",\"itemListElement\":[{\"@type\":\"ListItem\",\"position\":1,\"name\":\"Home\",\"item\":\"https:\/\/euprevent.eu\/fr\/\"},{\"@type\":\"ListItem\",\"position\":2,\"name\":\"Projet euPrevent MRSA\"}]},{\"@type\":\"WebSite\",\"@id\":\"https:\/\/euprevent.eu\/fr\/#website\",\"url\":\"https:\/\/euprevent.eu\/fr\/\",\"name\":\"euPrevent\",\"description\":\"euPrevent is a Euroregional network that focuses on promoting health. Within this network, sustainable partnerships seek to increase the quality of life of residents in the border region between the Netherlands, Belgium and Germany.\",\"potentialAction\":[{\"@type\":\"SearchAction\",\"target\":{\"@type\":\"EntryPoint\",\"urlTemplate\":\"https:\/\/euprevent.eu\/fr\/?s={search_term_string}\"},\"query-input\":{\"@type\":\"PropertyValueSpecification\",\"valueRequired\":true,\"valueName\":\"search_term_string\"}}],\"inLanguage\":\"fr-FR\"}]}<\/script>\n<!-- \/ Yoast SEO plugin. -->","yoast_head_json":{"title":"Projet euPrevent MRSA - euPrevent","robots":{"index":"index","follow":"follow","max-snippet":"max-snippet:-1","max-image-preview":"max-image-preview:large","max-video-preview":"max-video-preview:-1"},"canonical":"https:\/\/euprevent.eu\/fr\/mrsa\/","og_locale":"fr_FR","og_type":"article","og_title":"Projet euPrevent MRSA - euPrevent","og_description":"[vc_row][vc_column][vc_single_image image=\u00a0\u00bb1297&Prime; img_size=\u00a0\u00bbmedium\u00a0\u00bb alignment=\u00a0\u00bbright\u00a0\u00bb][vc_column_text] Projet euPrevent MRSA Depuis la fin du 20\u00e8me si\u00e8cle, le passage des fronti\u00e8res nationales est de plus en plus facile au sein de l\u2019Union Europ\u00e9enne. Pour les soins de sant\u00e9, les patients aussi traversent plus souvent la fronti\u00e8re de leur pays. La s\u00e9curit\u00e9 des patients (par exemple la protection des patients [&hellip;]","og_url":"https:\/\/euprevent.eu\/fr\/mrsa\/","og_site_name":"euPrevent","article_modified_time":"2017-12-14T06:23:58+00:00","twitter_card":"summary_large_image","twitter_misc":{"Dur\u00e9e de lecture estim\u00e9e":"5 minutes"},"schema":{"@context":"https:\/\/schema.org","@graph":[{"@type":"WebPage","@id":"https:\/\/euprevent.eu\/fr\/mrsa\/","url":"https:\/\/euprevent.eu\/fr\/mrsa\/","name":"Projet euPrevent MRSA - euPrevent","isPartOf":{"@id":"https:\/\/euprevent.eu\/fr\/#website"},"datePublished":"2017-11-21T10:29:13+00:00","dateModified":"2017-12-14T06:23:58+00:00","breadcrumb":{"@id":"https:\/\/euprevent.eu\/fr\/mrsa\/#breadcrumb"},"inLanguage":"fr-FR","potentialAction":[{"@type":"ReadAction","target":["https:\/\/euprevent.eu\/fr\/mrsa\/"]}]},{"@type":"BreadcrumbList","@id":"https:\/\/euprevent.eu\/fr\/mrsa\/#breadcrumb","itemListElement":[{"@type":"ListItem","position":1,"name":"Home","item":"https:\/\/euprevent.eu\/fr\/"},{"@type":"ListItem","position":2,"name":"Projet euPrevent MRSA"}]},{"@type":"WebSite","@id":"https:\/\/euprevent.eu\/fr\/#website","url":"https:\/\/euprevent.eu\/fr\/","name":"euPrevent","description":"euPrevent is a Euroregional network that focuses on promoting health. Within this network, sustainable partnerships seek to increase the quality of life of residents in the border region between the Netherlands, Belgium and Germany.","potentialAction":[{"@type":"SearchAction","target":{"@type":"EntryPoint","urlTemplate":"https:\/\/euprevent.eu\/fr\/?s={search_term_string}"},"query-input":{"@type":"PropertyValueSpecification","valueRequired":true,"valueName":"search_term_string"}}],"inLanguage":"fr-FR"}]}},"_links":{"self":[{"href":"https:\/\/euprevent.eu\/fr\/wp-json\/wp\/v2\/pages\/2019","targetHints":{"allow":["GET"]}}],"collection":[{"href":"https:\/\/euprevent.eu\/fr\/wp-json\/wp\/v2\/pages"}],"about":[{"href":"https:\/\/euprevent.eu\/fr\/wp-json\/wp\/v2\/types\/page"}],"author":[{"embeddable":true,"href":"https:\/\/euprevent.eu\/fr\/wp-json\/wp\/v2\/users\/1"}],"replies":[{"embeddable":true,"href":"https:\/\/euprevent.eu\/fr\/wp-json\/wp\/v2\/comments?post=2019"}],"version-history":[{"count":24,"href":"https:\/\/euprevent.eu\/fr\/wp-json\/wp\/v2\/pages\/2019\/revisions"}],"predecessor-version":[{"id":3161,"href":"https:\/\/euprevent.eu\/fr\/wp-json\/wp\/v2\/pages\/2019\/revisions\/3161"}],"wp:attachment":[{"href":"https:\/\/euprevent.eu\/fr\/wp-json\/wp\/v2\/media?parent=2019"}],"curies":[{"name":"wp","href":"https:\/\/api.w.org\/{rel}","templated":true}]}}