


{"id":19925,"date":"2023-03-22T18:47:21","date_gmt":"2023-03-22T17:47:21","guid":{"rendered":"https:\/\/euprevent.eu\/?page_id=19925"},"modified":"2023-03-23T10:32:22","modified_gmt":"2023-03-23T09:32:22","slug":"financiers-projet-yes-2023","status":"publish","type":"page","link":"https:\/\/euprevent.eu\/fr\/financiers-projet-yes-2023\/","title":{"rendered":"Financiers Projet YES (2023)"},"content":{"rendered":"<section class=\"wpb-content-wrapper\"><p>[vc_row][vc_column][vc_column_text]<\/p>\n<h1>Financiers Projet YES 2023<\/h1>\n<p>Le projet YES 2023 a \u00e9t\u00e9 rendu possible gr\u00e2ce au soutien financier de:<\/p>\n<ul>\n<li>ERMN: Ce projet est soutenu dans le cadre du programme Interreg Programme Deutschland-Nederland soutenu financi\u00e8rement par l&rsquo;Union europ\u00e9enne et les partenaires Interreg.<\/li>\n<li>partenaires du projet<\/li>\n<\/ul>\n<p>[\/vc_column_text][\/vc_column][\/vc_row]<\/p>\n<\/section>","protected":false},"excerpt":{"rendered":"<p>[vc_row][vc_column][vc_column_text] Financiers Projet YES 2023 Le projet YES 2023 a \u00e9t\u00e9 rendu possible gr\u00e2ce au soutien financier de: ERMN: Ce projet est soutenu dans le cadre du programme Interreg Programme Deutschland-Nederland soutenu financi\u00e8rement par l&rsquo;Union europ\u00e9enne et les partenaires Interreg. partenaires du projet [\/vc_column_text][\/vc_column][\/vc_row]<\/p>\n","protected":false},"author":1,"featured_media":0,"parent":0,"menu_order":0,"comment_status":"closed","ping_status":"closed","template":"","meta":{"_acf_changed":false,"footnotes":""},"class_list":["post-19925","page","type-page","status-publish","hentry","programmes-crossing-programmes"],"acf":[],"yoast_head":"<!-- This site is optimized with the Yoast SEO plugin v27.5 - https:\/\/yoast.com\/product\/yoast-seo-wordpress\/ -->\n<title>Financiers Projet YES (2023) - euPrevent<\/title>\n<meta name=\"robots\" content=\"index, follow, max-snippet:-1, max-image-preview:large, max-video-preview:-1\" \/>\n<link rel=\"canonical\" href=\"https:\/\/euprevent.eu\/fr\/financiers-projet-yes-2023\/\" \/>\n<meta property=\"og:locale\" content=\"fr_FR\" \/>\n<meta property=\"og:type\" content=\"article\" \/>\n<meta property=\"og:title\" content=\"Financiers Projet YES (2023) - euPrevent\" \/>\n<meta property=\"og:description\" content=\"[vc_row][vc_column][vc_column_text] Financiers Projet YES 2023 Le projet YES 2023 a \u00e9t\u00e9 rendu possible gr\u00e2ce au soutien financier de: ERMN: Ce projet est soutenu dans le cadre du programme Interreg Programme Deutschland-Nederland soutenu financi\u00e8rement par l&rsquo;Union europ\u00e9enne et les partenaires Interreg. partenaires du projet [\/vc_column_text][\/vc_column][\/vc_row]\" \/>\n<meta property=\"og:url\" content=\"https:\/\/euprevent.eu\/fr\/financiers-projet-yes-2023\/\" \/>\n<meta property=\"og:site_name\" content=\"euPrevent\" \/>\n<meta property=\"article:modified_time\" content=\"2023-03-23T09:32:22+00:00\" \/>\n<meta name=\"twitter:card\" content=\"summary_large_image\" \/>\n<meta name=\"twitter:label1\" content=\"Dur\u00e9e de lecture estim\u00e9e\" \/>\n\t<meta name=\"twitter:data1\" content=\"1 minute\" \/>\n<script type=\"application\/ld+json\" class=\"yoast-schema-graph\">{\"@context\":\"https:\\\/\\\/schema.org\",\"@graph\":[{\"@type\":\"WebPage\",\"@id\":\"https:\\\/\\\/euprevent.eu\\\/fr\\\/financiers-projet-yes-2023\\\/\",\"url\":\"https:\\\/\\\/euprevent.eu\\\/fr\\\/financiers-projet-yes-2023\\\/\",\"name\":\"Financiers Projet YES (2023) - euPrevent\",\"isPartOf\":{\"@id\":\"https:\\\/\\\/euprevent.eu\\\/fr\\\/#website\"},\"datePublished\":\"2023-03-22T17:47:21+00:00\",\"dateModified\":\"2023-03-23T09:32:22+00:00\",\"breadcrumb\":{\"@id\":\"https:\\\/\\\/euprevent.eu\\\/fr\\\/financiers-projet-yes-2023\\\/#breadcrumb\"},\"inLanguage\":\"fr-FR\",\"potentialAction\":[{\"@type\":\"ReadAction\",\"target\":[\"https:\\\/\\\/euprevent.eu\\\/fr\\\/financiers-projet-yes-2023\\\/\"]}]},{\"@type\":\"BreadcrumbList\",\"@id\":\"https:\\\/\\\/euprevent.eu\\\/fr\\\/financiers-projet-yes-2023\\\/#breadcrumb\",\"itemListElement\":[{\"@type\":\"ListItem\",\"position\":1,\"name\":\"Home\",\"item\":\"https:\\\/\\\/euprevent.eu\\\/fr\\\/\"},{\"@type\":\"ListItem\",\"position\":2,\"name\":\"Financiers Projet YES (2023)\"}]},{\"@type\":\"WebSite\",\"@id\":\"https:\\\/\\\/euprevent.eu\\\/fr\\\/#website\",\"url\":\"https:\\\/\\\/euprevent.eu\\\/fr\\\/\",\"name\":\"euPrevent\",\"description\":\"euPrevent is a Euroregional network that focuses on promoting health. Within this network, sustainable partnerships seek to increase the quality of life of residents in the border region between the Netherlands, Belgium and Germany.\",\"potentialAction\":[{\"@type\":\"SearchAction\",\"target\":{\"@type\":\"EntryPoint\",\"urlTemplate\":\"https:\\\/\\\/euprevent.eu\\\/fr\\\/?s={search_term_string}\"},\"query-input\":{\"@type\":\"PropertyValueSpecification\",\"valueRequired\":true,\"valueName\":\"search_term_string\"}}],\"inLanguage\":\"fr-FR\"}]}<\/script>\n<!-- \/ Yoast SEO plugin. -->","yoast_head_json":{"title":"Financiers Projet YES (2023) - euPrevent","robots":{"index":"index","follow":"follow","max-snippet":"max-snippet:-1","max-image-preview":"max-image-preview:large","max-video-preview":"max-video-preview:-1"},"canonical":"https:\/\/euprevent.eu\/fr\/financiers-projet-yes-2023\/","og_locale":"fr_FR","og_type":"article","og_title":"Financiers Projet YES (2023) - euPrevent","og_description":"[vc_row][vc_column][vc_column_text] Financiers Projet YES 2023 Le projet YES 2023 a \u00e9t\u00e9 rendu possible gr\u00e2ce au soutien financier de: ERMN: Ce projet est soutenu dans le cadre du programme Interreg Programme Deutschland-Nederland soutenu financi\u00e8rement par l&rsquo;Union europ\u00e9enne et les partenaires Interreg. partenaires du projet [\/vc_column_text][\/vc_column][\/vc_row]","og_url":"https:\/\/euprevent.eu\/fr\/financiers-projet-yes-2023\/","og_site_name":"euPrevent","article_modified_time":"2023-03-23T09:32:22+00:00","twitter_card":"summary_large_image","twitter_misc":{"Dur\u00e9e de lecture estim\u00e9e":"1 minute"},"schema":{"@context":"https:\/\/schema.org","@graph":[{"@type":"WebPage","@id":"https:\/\/euprevent.eu\/fr\/financiers-projet-yes-2023\/","url":"https:\/\/euprevent.eu\/fr\/financiers-projet-yes-2023\/","name":"Financiers Projet YES (2023) - euPrevent","isPartOf":{"@id":"https:\/\/euprevent.eu\/fr\/#website"},"datePublished":"2023-03-22T17:47:21+00:00","dateModified":"2023-03-23T09:32:22+00:00","breadcrumb":{"@id":"https:\/\/euprevent.eu\/fr\/financiers-projet-yes-2023\/#breadcrumb"},"inLanguage":"fr-FR","potentialAction":[{"@type":"ReadAction","target":["https:\/\/euprevent.eu\/fr\/financiers-projet-yes-2023\/"]}]},{"@type":"BreadcrumbList","@id":"https:\/\/euprevent.eu\/fr\/financiers-projet-yes-2023\/#breadcrumb","itemListElement":[{"@type":"ListItem","position":1,"name":"Home","item":"https:\/\/euprevent.eu\/fr\/"},{"@type":"ListItem","position":2,"name":"Financiers Projet YES (2023)"}]},{"@type":"WebSite","@id":"https:\/\/euprevent.eu\/fr\/#website","url":"https:\/\/euprevent.eu\/fr\/","name":"euPrevent","description":"euPrevent is a Euroregional network that focuses on promoting health. Within this network, sustainable partnerships seek to increase the quality of life of residents in the border region between the Netherlands, Belgium and Germany.","potentialAction":[{"@type":"SearchAction","target":{"@type":"EntryPoint","urlTemplate":"https:\/\/euprevent.eu\/fr\/?s={search_term_string}"},"query-input":{"@type":"PropertyValueSpecification","valueRequired":true,"valueName":"search_term_string"}}],"inLanguage":"fr-FR"}]}},"_links":{"self":[{"href":"https:\/\/euprevent.eu\/fr\/wp-json\/wp\/v2\/pages\/19925","targetHints":{"allow":["GET"]}}],"collection":[{"href":"https:\/\/euprevent.eu\/fr\/wp-json\/wp\/v2\/pages"}],"about":[{"href":"https:\/\/euprevent.eu\/fr\/wp-json\/wp\/v2\/types\/page"}],"author":[{"embeddable":true,"href":"https:\/\/euprevent.eu\/fr\/wp-json\/wp\/v2\/users\/1"}],"replies":[{"embeddable":true,"href":"https:\/\/euprevent.eu\/fr\/wp-json\/wp\/v2\/comments?post=19925"}],"version-history":[{"count":4,"href":"https:\/\/euprevent.eu\/fr\/wp-json\/wp\/v2\/pages\/19925\/revisions"}],"predecessor-version":[{"id":19947,"href":"https:\/\/euprevent.eu\/fr\/wp-json\/wp\/v2\/pages\/19925\/revisions\/19947"}],"wp:attachment":[{"href":"https:\/\/euprevent.eu\/fr\/wp-json\/wp\/v2\/media?parent=19925"}],"curies":[{"name":"wp","href":"https:\/\/api.w.org\/{rel}","templated":true}]}}