


{"id":19385,"date":"2023-02-08T11:54:43","date_gmt":"2023-02-08T10:54:43","guid":{"rendered":"https:\/\/euprevent.eu\/?page_id=19385"},"modified":"2023-02-15T17:37:14","modified_gmt":"2023-02-15T16:37:14","slug":"some","status":"publish","type":"page","link":"https:\/\/euprevent.eu\/fr\/some\/","title":{"rendered":"Projet euPrevent Mental Health &#038; Social Networks"},"content":{"rendered":"<section class=\"wpb-content-wrapper\"><p>[vc_row content_placement=\u00a0\u00bbmiddle\u00a0\u00bb][vc_column width=\u00a0\u00bb3\/4&Prime;][vc_row_inner content_placement=\u00a0\u00bbmiddle\u00a0\u00bb][vc_column_inner width=\u00a0\u00bb1\/2&Prime;][vc_single_image image=\u00a0\u00bb19403&Prime; img_size=\u00a0\u00bbfull\u00a0\u00bb onclick=\u00a0\u00bbcustom_link\u00a0\u00bb img_link_target=\u00a0\u00bb_blank\u00a0\u00bb link=\u00a0\u00bbhttps:\/\/euregio-mr.info\/fr\/foerderung\/people-to-people\/\u00a0\u00bb][\/vc_column_inner][vc_column_inner width=\u00a0\u00bb1\/2&Prime;][vc_single_image image=\u00a0\u00bb19600&Prime; img_size=\u00a0\u00bbfull\u00a0\u00bb onclick=\u00a0\u00bbcustom_link\u00a0\u00bb img_link_target=\u00a0\u00bb_blank\u00a0\u00bb link=\u00a0\u00bbhttps:\/\/www.interregemr.eu\/home-fr\u00a0\u00bb][\/vc_column_inner][\/vc_row_inner][\/vc_column][vc_column width=\u00a0\u00bb1\/4&Prime;][vc_single_image image=\u00a0\u00bb19344&Prime; img_size=\u00a0\u00bbfull\u00a0\u00bb][\/vc_column][\/vc_row][vc_row][vc_column][vc_column_text]<\/p>\n<h1>Projet euPrevent Mental Health &amp; Social Networks (euPrevent SoMe)<\/h1>\n<p>Une r\u00e9gion frontali\u00e8re saine est essentielle au bien-\u00eatre de ses citoyens, et les soins de sant\u00e9 mentale, y compris la pr\u00e9vention, jouent un r\u00f4le crucial. Le microprojet SoMe vise \u00e0 encourager la collaboration transfrontali\u00e8re et \u00e0 rassembler les citoyens de l&rsquo;Euror\u00e9gion Meuse-Rhin (EMR) en cartographiant les r\u00e9seaux sociaux pertinents et en fournissant un aper\u00e7u des syst\u00e8mes de pr\u00e9vention et de soins. En identifiant les d\u00e9fis de la coop\u00e9ration en mati\u00e8re de soins de sant\u00e9 mentale, nous visons \u00e0 am\u00e9liorer la qualit\u00e9 de vie de tous les citoyens de l&rsquo;EMR.[\/vc_column_text][\/vc_column][\/vc_row][vc_row gap=\u00a0\u00bb25&Prime;][vc_column width=\u00a0\u00bb1\/2&Prime; css=\u00a0\u00bb.vc_custom_1509467339928{padding-top: 25px !important;background-color: #f3f3f3 !important;border-radius: 5px !important;}\u00a0\u00bb][vc_column_text css=\u00a0\u00bb.vc_custom_1675885476875{margin-bottom: 5px !important;padding-bottom: 5px !important;}\u00a0\u00bb]<\/p>\n<h3><strong>Cadre du projet<\/strong><\/h3>\n<p><strong>Groupes cibles : <\/strong>Ses actions et ses activit\u00e9s impliquent plusieurs groupes cibles, notamment les personnes vuln\u00e9rables et les personnes \u00e2g\u00e9es \u00e0 risque, les autorit\u00e9s publiques locales, les professionnels de la sant\u00e9, les non-professionnels (tels que les b\u00e9n\u00e9voles), les mouvements sociaux et associations pour les personnes \u00e2g\u00e9es et le grand public.<\/p>\n<p><strong>P\u00e9riode : <\/strong>1er dec\u00e9mbre 2022- 14 octobre 2023[\/vc_column_text][vc_btn title=\u00a0\u00bbBailleurs de fonds\u00a0\u00bb color=\u00a0\u00bbprimary\u00a0\u00bb size=\u00a0\u00bbsm\u00a0\u00bb link=\u00a0\u00bburl:https%3A%2F%2Feuprevent.eu%2Ffr%2Fbailleurs-project-some%2F|title:Bailleurs%20Project%20SOME\u00a0\u00bb][vc_btn title=\u00a0\u00bbPartenaires\u00a0\u00bb color=\u00a0\u00bbprimary\u00a0\u00bb size=\u00a0\u00bbsm\u00a0\u00bb link=\u00a0\u00bburl:%2Fpartner%2F%3Fprojects%3DProject-SOME\u00a0\u00bb][vc_btn title=\u00a0\u00bbPartenaires associ\u00e9s\u00a0\u00bb color=\u00a0\u00bbprimary\u00a0\u00bb size=\u00a0\u00bbsm\u00a0\u00bb link=\u00a0\u00bburl:https%3A%2F%2Feuprevent.eu%2Ffr%2Fpartenaires-associes-some%2F|title:Partenaires%20associ%C3%A9s%20SOME\u00a0\u00bb][\/vc_column][vc_column width=\u00a0\u00bb1\/2&Prime;][\/vc_column][\/vc_row][vc_row][vc_column][vc_empty_space][vc_column_text]<\/p>\n<h2>Contexte<\/h2>\n<p>Les r\u00e9seaux sociaux sont un aspect fondamental de la pr\u00e9vention des maladies car ils englobent toutes les relations sociales d&rsquo;une personne. Cependant, les connexions sociales des citoyens de l&rsquo;Euror\u00e9gion Meuse-Rhin (EMR) comprennent souvent des \u00e9l\u00e9ments transfrontaliers tels que le travail, l&rsquo;\u00e9cole et les loisirs, mais les services de sant\u00e9 mentale et les efforts de pr\u00e9vention s&rsquo;arr\u00eatent \u00e0 la fronti\u00e8re nationale. En outre, les citoyens de la RME qui traversent fr\u00e9quemment les fronti\u00e8res nationales se heurtent souvent \u00e0 des obstacles organisationnels et financiers lorsqu&rsquo;ils tentent d&rsquo;acc\u00e9der \u00e0 des services de sant\u00e9 mentale complets et sont souvent exclus des mesures de pr\u00e9vention. Pour r\u00e9pondre efficacement aux besoins de sant\u00e9 mentale des citoyens de la RME, il est essentiel d&rsquo;adopter une approche globale qui tienne compte de la mobilit\u00e9 eur\u00e9gionale des individus.<\/p>\n<h2>Activit\u00e9s<\/h2>\n<h3>Action 1 &#8211; histoires de vie euror\u00e9gionales<\/h3>\n<p>Cinq histoires eur\u00e9gionales qui donnent la parole aux citoyens de l&rsquo;EMR et mettent en \u00e9vidence les d\u00e9fis et les obstacles transfrontaliers li\u00e9s \u00e0 la pr\u00e9vention et aux soins de sant\u00e9 mentale. En outre, cinq r\u00e9seaux sociaux exemplaires de citoyens de l&rsquo;EMR sont pr\u00e9sent\u00e9s<\/p>\n<h3>Action 2- fiches d&rsquo;information<\/h3>\n<p>La pr\u00e9paration de deux fiches d&rsquo;information, l&rsquo;une pour les citoyens et l&rsquo;autre pour les professionnels, vise \u00e0 aider les deux groupes \u00e0 utiliser ou \u00e0 fournir des services de sant\u00e9 mentale transfrontaliers.<\/p>\n<h3>Action 3 &#8211; campagne eur\u00e9gionale sur les m\u00e9dias sociaux<\/h3>\n<p>L&rsquo;\u00e9laboration et la mise en \u0153uvre d&rsquo;une campagne eur\u00e9gionale de m\u00e9dias sociaux est un \u00e9l\u00e9ment cl\u00e9 de la r\u00e9alisation du projet et de la diffusion des r\u00e9sultats des deux premi\u00e8res activit\u00e9s.[\/vc_column_text][vc_column_text]Le microprojet euPrevent SoMe est cofinanc\u00e9 par le Fonds europ\u00e9en de d\u00e9veloppement r\u00e9gional (FEDER) et les partenaires du projet dans le cadre du projet People to People2 <a href=\"https:\/\/www.interregemr.eu\/home-fr\">Interreg V-A EMR<\/a>.[\/vc_column_text][\/vc_column][\/vc_row][vc_row][vc_column][vc_column_text]\t<div class=\"clearfix\"><\/div>\r\n\t<div class=\"panel-events_and_news\">\r\n\t\t<div class=\"row\">\r\n\r\n            \r\n            \t\t\t<div class=\"col-sm-12 col-md-6\" id=\"events\">\r\n\t\t\t\t<h3>Ev\u00e9nements<\/h3>\r\n\t\t\t\t\t\t\t\t\t<p class=\"text-muted text-center\" style=\"margin:60px 0;\">Pas d'\u00e9v\u00e9nements<\/p>\r\n\t\t\t\t\t\t\t\t<\/div>\r\n\r\n            \r\n            \t\t\t<div class=\"col-sm-12 col-md-6\" id=\"news\">\r\n\t\t\t\t<h3>Nouvelles<\/h3>\r\n\t\t\t\t\t\t\t\t\t\t\t\t\t\t\t<div class=\"newsitem\">\r\n\t\t\t\t\t\t\t<a class=\"overlay\" href=\"https:\/\/euprevent.eu\/fr\/understanding-the-impact-of-social-relationships-on-mental-well-being-in-border-regions\/\"><\/a>\r\n                            <div class=\"thumb pull-left\" style=\"background-image: url('https:\/\/euprevent.eu\/wp-content\/uploads\/2023\/09\/carousel.png');\"><\/div>\r\n\t\t\t\t\t\t\t<div class=\"news-info-table\">\r\n\t\t\t\t\t\t\t\t<div class=\"news-info-table-row\">\r\n\t\t\t\t\t\t\t\t\t<div class=\"news-info-table-cell\">\r\n\t\t\t\t\t\t\t\t\t\t<p>6 September 2023<\/p>\r\n\t\t\t\t\t\t\t\t\t\t<h3>Comprendre l'impact des relations sociales sur le bien-\u00eatre mental dans les r\u00e9gions frontali\u00e8res<\/h3>\r\n\t\t\t\t\t\t\t\t\t<\/div>\r\n\t\t\t\t\t\t\t\t<\/div>\r\n\t\t\t\t\t\t\t<\/div>\r\n\t\t\t\t\t\t<\/div>\r\n\t\t\t\t\t\t\t\t\t\t\t\t<div class=\"newsitem\">\r\n\t\t\t\t\t\t\t<a class=\"overlay\" href=\"https:\/\/euprevent.eu\/fr\/new-initiative-to-improve-mental-health-care-in-cross-border-communities-euprevent-some\/\"><\/a>\r\n                            <div class=\"thumb pull-left\" style=\"background-image: url('https:\/\/euprevent.eu\/wp-content\/uploads\/2023\/02\/project-image.png');\"><\/div>\r\n\t\t\t\t\t\t\t<div class=\"news-info-table\">\r\n\t\t\t\t\t\t\t\t<div class=\"news-info-table-row\">\r\n\t\t\t\t\t\t\t\t\t<div class=\"news-info-table-cell\">\r\n\t\t\t\t\t\t\t\t\t\t<p>16 February 2023<\/p>\r\n\t\t\t\t\t\t\t\t\t\t<h3>Nouvelle initiative pour am\u00e9liorer les soins de sant\u00e9 mentale dans les communaut\u00e9s transfrontali\u00e8res : euPrevent SoMe<\/h3>\r\n\t\t\t\t\t\t\t\t\t<\/div>\r\n\t\t\t\t\t\t\t\t<\/div>\r\n\t\t\t\t\t\t\t<\/div>\r\n\t\t\t\t\t\t<\/div>\r\n\t\t\t\t\t\t\t\t\t\t\t<div class=\"text-center p-5\"><a class=\"btn btn-sm btn-default\" href=\"https:\/\/euprevent.eu\/fr\/nouvelles\/\">Toutes les nouvelles<\/a><\/div>\r\n\t\t\t\t\t\t\t\t<\/div>\r\n            \r\n\t\t<\/div>\r\n\t<\/div>\r\n\r\n\t[\/vc_column_text][\/vc_column][\/vc_row][vc_row][vc_column][vc_column_text][\/vc_column_text][\/vc_column][\/vc_row][vc_row][vc_column][vc_column_text][\/vc_column_text][\/vc_column][\/vc_row][vc_row][vc_column][vc_single_image image=\u00a0\u00bb19604&Prime; img_size=\u00a0\u00bbfull\u00a0\u00bb][\/vc_column][\/vc_row]<\/p>\n<\/section>","protected":false},"excerpt":{"rendered":"<p>[vc_row content_placement=\u00a0\u00bbmiddle\u00a0\u00bb][vc_column width=\u00a0\u00bb3\/4&Prime;][vc_row_inner content_placement=\u00a0\u00bbmiddle\u00a0\u00bb][vc_column_inner width=\u00a0\u00bb1\/2&Prime;][vc_single_image image=\u00a0\u00bb19403&Prime; img_size=\u00a0\u00bbfull\u00a0\u00bb onclick=\u00a0\u00bbcustom_link\u00a0\u00bb img_link_target=\u00a0\u00bb_blank\u00a0\u00bb link=\u00a0\u00bbhttps:\/\/euregio-mr.info\/fr\/foerderung\/people-to-people\/\u00a0\u00bb][\/vc_column_inner][vc_column_inner width=\u00a0\u00bb1\/2&Prime;][vc_single_image image=\u00a0\u00bb19600&Prime; img_size=\u00a0\u00bbfull\u00a0\u00bb onclick=\u00a0\u00bbcustom_link\u00a0\u00bb img_link_target=\u00a0\u00bb_blank\u00a0\u00bb link=\u00a0\u00bbhttps:\/\/www.interregemr.eu\/home-fr\u00a0\u00bb][\/vc_column_inner][\/vc_row_inner][\/vc_column][vc_column width=\u00a0\u00bb1\/4&Prime;][vc_single_image image=\u00a0\u00bb19344&Prime; img_size=\u00a0\u00bbfull\u00a0\u00bb][\/vc_column][\/vc_row][vc_row][vc_column][vc_column_text] Projet euPrevent Mental Health &amp; Social Networks (euPrevent SoMe) Une r\u00e9gion frontali\u00e8re saine est essentielle au bien-\u00eatre de ses citoyens, et les soins de sant\u00e9 mentale, y compris la pr\u00e9vention, jouent un r\u00f4le crucial. Le microprojet [&hellip;]<\/p>\n","protected":false},"author":1,"featured_media":0,"parent":0,"menu_order":0,"comment_status":"closed","ping_status":"closed","template":"","meta":{"_acf_changed":false,"footnotes":""},"class_list":["post-19385","page","type-page","status-publish","hentry","programmes-mental-health"],"acf":[],"yoast_head":"<!-- This site is optimized with the Yoast SEO plugin v26.8 - https:\/\/yoast.com\/product\/yoast-seo-wordpress\/ -->\n<title>Projet euPrevent Mental Health &amp; Social Networks - euPrevent<\/title>\n<meta name=\"robots\" content=\"index, follow, max-snippet:-1, max-image-preview:large, max-video-preview:-1\" \/>\n<link rel=\"canonical\" href=\"https:\/\/euprevent.eu\/fr\/some\/\" \/>\n<meta property=\"og:locale\" content=\"fr_FR\" \/>\n<meta property=\"og:type\" content=\"article\" \/>\n<meta property=\"og:title\" content=\"Projet euPrevent Mental Health &amp; Social Networks - euPrevent\" \/>\n<meta property=\"og:description\" content=\"[vc_row content_placement=\u00a0\u00bbmiddle\u00a0\u00bb][vc_column width=\u00a0\u00bb3\/4&Prime;][vc_row_inner content_placement=\u00a0\u00bbmiddle\u00a0\u00bb][vc_column_inner width=\u00a0\u00bb1\/2&Prime;][vc_single_image image=\u00a0\u00bb19403&Prime; img_size=\u00a0\u00bbfull\u00a0\u00bb onclick=\u00a0\u00bbcustom_link\u00a0\u00bb img_link_target=\u00a0\u00bb_blank\u00a0\u00bb link=\u00a0\u00bbhttps:\/\/euregio-mr.info\/fr\/foerderung\/people-to-people\/\u00a0\u00bb][\/vc_column_inner][vc_column_inner width=\u00a0\u00bb1\/2&Prime;][vc_single_image image=\u00a0\u00bb19600&Prime; img_size=\u00a0\u00bbfull\u00a0\u00bb onclick=\u00a0\u00bbcustom_link\u00a0\u00bb img_link_target=\u00a0\u00bb_blank\u00a0\u00bb link=\u00a0\u00bbhttps:\/\/www.interregemr.eu\/home-fr\u00a0\u00bb][\/vc_column_inner][\/vc_row_inner][\/vc_column][vc_column width=\u00a0\u00bb1\/4&Prime;][vc_single_image image=\u00a0\u00bb19344&Prime; img_size=\u00a0\u00bbfull\u00a0\u00bb][\/vc_column][\/vc_row][vc_row][vc_column][vc_column_text] Projet euPrevent Mental Health &amp; Social Networks (euPrevent SoMe) Une r\u00e9gion frontali\u00e8re saine est essentielle au bien-\u00eatre de ses citoyens, et les soins de sant\u00e9 mentale, y compris la pr\u00e9vention, jouent un r\u00f4le crucial. Le microprojet [&hellip;]\" \/>\n<meta property=\"og:url\" content=\"https:\/\/euprevent.eu\/fr\/some\/\" \/>\n<meta property=\"og:site_name\" content=\"euPrevent\" \/>\n<meta property=\"article:modified_time\" content=\"2023-02-15T16:37:14+00:00\" \/>\n<meta name=\"twitter:card\" content=\"summary_large_image\" \/>\n<meta name=\"twitter:label1\" content=\"Dur\u00e9e de lecture estim\u00e9e\" \/>\n\t<meta name=\"twitter:data1\" content=\"3 minutes\" \/>\n<script type=\"application\/ld+json\" class=\"yoast-schema-graph\">{\"@context\":\"https:\/\/schema.org\",\"@graph\":[{\"@type\":\"WebPage\",\"@id\":\"https:\/\/euprevent.eu\/fr\/some\/\",\"url\":\"https:\/\/euprevent.eu\/fr\/some\/\",\"name\":\"Projet euPrevent Mental Health & Social Networks - euPrevent\",\"isPartOf\":{\"@id\":\"https:\/\/euprevent.eu\/fr\/#website\"},\"datePublished\":\"2023-02-08T10:54:43+00:00\",\"dateModified\":\"2023-02-15T16:37:14+00:00\",\"breadcrumb\":{\"@id\":\"https:\/\/euprevent.eu\/fr\/some\/#breadcrumb\"},\"inLanguage\":\"fr-FR\",\"potentialAction\":[{\"@type\":\"ReadAction\",\"target\":[\"https:\/\/euprevent.eu\/fr\/some\/\"]}]},{\"@type\":\"BreadcrumbList\",\"@id\":\"https:\/\/euprevent.eu\/fr\/some\/#breadcrumb\",\"itemListElement\":[{\"@type\":\"ListItem\",\"position\":1,\"name\":\"Home\",\"item\":\"https:\/\/euprevent.eu\/fr\/\"},{\"@type\":\"ListItem\",\"position\":2,\"name\":\"Projet euPrevent Mental Health &#038; Social Networks\"}]},{\"@type\":\"WebSite\",\"@id\":\"https:\/\/euprevent.eu\/fr\/#website\",\"url\":\"https:\/\/euprevent.eu\/fr\/\",\"name\":\"euPrevent\",\"description\":\"euPrevent is a Euroregional network that focuses on promoting health. Within this network, sustainable partnerships seek to increase the quality of life of residents in the border region between the Netherlands, Belgium and Germany.\",\"potentialAction\":[{\"@type\":\"SearchAction\",\"target\":{\"@type\":\"EntryPoint\",\"urlTemplate\":\"https:\/\/euprevent.eu\/fr\/?s={search_term_string}\"},\"query-input\":{\"@type\":\"PropertyValueSpecification\",\"valueRequired\":true,\"valueName\":\"search_term_string\"}}],\"inLanguage\":\"fr-FR\"}]}<\/script>\n<!-- \/ Yoast SEO plugin. -->","yoast_head_json":{"title":"Projet euPrevent Mental Health & Social Networks - euPrevent","robots":{"index":"index","follow":"follow","max-snippet":"max-snippet:-1","max-image-preview":"max-image-preview:large","max-video-preview":"max-video-preview:-1"},"canonical":"https:\/\/euprevent.eu\/fr\/some\/","og_locale":"fr_FR","og_type":"article","og_title":"Projet euPrevent Mental Health & Social Networks - euPrevent","og_description":"[vc_row content_placement=\u00a0\u00bbmiddle\u00a0\u00bb][vc_column width=\u00a0\u00bb3\/4&Prime;][vc_row_inner content_placement=\u00a0\u00bbmiddle\u00a0\u00bb][vc_column_inner width=\u00a0\u00bb1\/2&Prime;][vc_single_image image=\u00a0\u00bb19403&Prime; img_size=\u00a0\u00bbfull\u00a0\u00bb onclick=\u00a0\u00bbcustom_link\u00a0\u00bb img_link_target=\u00a0\u00bb_blank\u00a0\u00bb link=\u00a0\u00bbhttps:\/\/euregio-mr.info\/fr\/foerderung\/people-to-people\/\u00a0\u00bb][\/vc_column_inner][vc_column_inner width=\u00a0\u00bb1\/2&Prime;][vc_single_image image=\u00a0\u00bb19600&Prime; img_size=\u00a0\u00bbfull\u00a0\u00bb onclick=\u00a0\u00bbcustom_link\u00a0\u00bb img_link_target=\u00a0\u00bb_blank\u00a0\u00bb link=\u00a0\u00bbhttps:\/\/www.interregemr.eu\/home-fr\u00a0\u00bb][\/vc_column_inner][\/vc_row_inner][\/vc_column][vc_column width=\u00a0\u00bb1\/4&Prime;][vc_single_image image=\u00a0\u00bb19344&Prime; img_size=\u00a0\u00bbfull\u00a0\u00bb][\/vc_column][\/vc_row][vc_row][vc_column][vc_column_text] Projet euPrevent Mental Health &amp; Social Networks (euPrevent SoMe) Une r\u00e9gion frontali\u00e8re saine est essentielle au bien-\u00eatre de ses citoyens, et les soins de sant\u00e9 mentale, y compris la pr\u00e9vention, jouent un r\u00f4le crucial. Le microprojet [&hellip;]","og_url":"https:\/\/euprevent.eu\/fr\/some\/","og_site_name":"euPrevent","article_modified_time":"2023-02-15T16:37:14+00:00","twitter_card":"summary_large_image","twitter_misc":{"Dur\u00e9e de lecture estim\u00e9e":"3 minutes"},"schema":{"@context":"https:\/\/schema.org","@graph":[{"@type":"WebPage","@id":"https:\/\/euprevent.eu\/fr\/some\/","url":"https:\/\/euprevent.eu\/fr\/some\/","name":"Projet euPrevent Mental Health & Social Networks - euPrevent","isPartOf":{"@id":"https:\/\/euprevent.eu\/fr\/#website"},"datePublished":"2023-02-08T10:54:43+00:00","dateModified":"2023-02-15T16:37:14+00:00","breadcrumb":{"@id":"https:\/\/euprevent.eu\/fr\/some\/#breadcrumb"},"inLanguage":"fr-FR","potentialAction":[{"@type":"ReadAction","target":["https:\/\/euprevent.eu\/fr\/some\/"]}]},{"@type":"BreadcrumbList","@id":"https:\/\/euprevent.eu\/fr\/some\/#breadcrumb","itemListElement":[{"@type":"ListItem","position":1,"name":"Home","item":"https:\/\/euprevent.eu\/fr\/"},{"@type":"ListItem","position":2,"name":"Projet euPrevent Mental Health &#038; Social Networks"}]},{"@type":"WebSite","@id":"https:\/\/euprevent.eu\/fr\/#website","url":"https:\/\/euprevent.eu\/fr\/","name":"euPrevent","description":"euPrevent is a Euroregional network that focuses on promoting health. Within this network, sustainable partnerships seek to increase the quality of life of residents in the border region between the Netherlands, Belgium and Germany.","potentialAction":[{"@type":"SearchAction","target":{"@type":"EntryPoint","urlTemplate":"https:\/\/euprevent.eu\/fr\/?s={search_term_string}"},"query-input":{"@type":"PropertyValueSpecification","valueRequired":true,"valueName":"search_term_string"}}],"inLanguage":"fr-FR"}]}},"_links":{"self":[{"href":"https:\/\/euprevent.eu\/fr\/wp-json\/wp\/v2\/pages\/19385","targetHints":{"allow":["GET"]}}],"collection":[{"href":"https:\/\/euprevent.eu\/fr\/wp-json\/wp\/v2\/pages"}],"about":[{"href":"https:\/\/euprevent.eu\/fr\/wp-json\/wp\/v2\/types\/page"}],"author":[{"embeddable":true,"href":"https:\/\/euprevent.eu\/fr\/wp-json\/wp\/v2\/users\/1"}],"replies":[{"embeddable":true,"href":"https:\/\/euprevent.eu\/fr\/wp-json\/wp\/v2\/comments?post=19385"}],"version-history":[{"count":4,"href":"https:\/\/euprevent.eu\/fr\/wp-json\/wp\/v2\/pages\/19385\/revisions"}],"predecessor-version":[{"id":19608,"href":"https:\/\/euprevent.eu\/fr\/wp-json\/wp\/v2\/pages\/19385\/revisions\/19608"}],"wp:attachment":[{"href":"https:\/\/euprevent.eu\/fr\/wp-json\/wp\/v2\/media?parent=19385"}],"curies":[{"name":"wp","href":"https:\/\/api.w.org\/{rel}","templated":true}]}}