


{"id":16996,"date":"2022-01-03T12:41:25","date_gmt":"2022-01-03T11:41:25","guid":{"rendered":"https:\/\/euprevent.eu\/?page_id=16996"},"modified":"2022-01-18T14:18:16","modified_gmt":"2022-01-18T13:18:16","slug":"fondations","status":"publish","type":"page","link":"https:\/\/euprevent.eu\/fr\/a-propos-de-euprevent\/fondations\/","title":{"rendered":"Fondations"},"content":{"rendered":"<section class=\"wpb-content-wrapper\"><p>[vc_row][vc_column][vc_column_text]<\/p>\n<h1>Nos fondations<\/h1>\n<p>[\/vc_column_text][\/vc_column][\/vc_row][vc_row][vc_column el_class=\u00a0\u00bbblue-block\u00a0\u00bb css=\u00a0\u00bb.vc_custom_1632831791635{padding-top: 30px !important;padding-right: 30px !important;padding-bottom: 30px !important;padding-left: 30px !important;background-color: #282562 !important;border-radius: 15px !important;}\u00a0\u00bb][vc_column_text]<\/p>\n<ul>\n<li>euPrevent est un r\u00e9seau euror\u00e9gional de coop\u00e9ration durable, qui am\u00e9liore la qualit\u00e9 de vie des habitants de la r\u00e9gion frontali\u00e8re et constitue un laboratoire d&rsquo;innovation sanitaire.<\/li>\n<li>euPrevent veut stimuler la coop\u00e9ration transfrontali\u00e8re dans le domaine de la promotion de la sant\u00e9 dans la r\u00e9gion frontali\u00e8re.<\/li>\n<li>euPrevent y parvient gr\u00e2ce \u00e0 une approche th\u00e9matique et \u00e0 des r\u00e9sultats et produits concrets et durables.<\/li>\n<li>euPrevent le sait : ensemble, nous irons plus loin.<\/li>\n<\/ul>\n<p>[\/vc_column_text][\/vc_column][\/vc_row][vc_row][vc_column][vc_empty_space][vc_column_text]<\/p>\n<h2>Pourquoi est-ce important ?<\/h2>\n<p>La politique dans le domaine des soins et du bien-\u00eatre est principalement organis\u00e9e au niveau national. Cela a des cons\u00e9quences majeures pour les citoyens de la r\u00e9gion frontali\u00e8re, qui traversent r\u00e9guli\u00e8rement la fronti\u00e8re pour des raisons professionnelles ou familiales.<\/p>\n<p>&nbsp;<\/p>\n<h4>Dans les r\u00e9gions frontali\u00e8res europ\u00e9ennes, il y a :<\/h4>\n<ul>\n<li>un ch\u00f4mage plus \u00e9lev\u00e9 ;<\/li>\n<li>une sant\u00e9 moins bonne ;<\/li>\n<li>double vieillissement ;<\/li>\n<li>plus de pauvret\u00e9 ;<\/li>\n<li>moins d&rsquo;opportunit\u00e9s dans les domaines du travail, de l&rsquo;\u00e9ducation, de la mobilit\u00e9, des soins et du bien-\u00eatre.<\/li>\n<\/ul>\n<p>&nbsp;<\/p>\n<h4>Que veut faire euPrevent \u00e0 ce sujet ?<\/h4>\n<p>Nous nous concentrons sur la mise en place de r\u00e9seaux transfrontaliers durables entre les organisations de sant\u00e9 de la r\u00e9gion frontali\u00e8re. Au sein de ce r\u00e9seau, il existe une coop\u00e9ration durable pour am\u00e9liorer la qualit\u00e9 de vie des habitants de la r\u00e9gion frontali\u00e8re.[\/vc_column_text][\/vc_column][\/vc_row][vc_row equal_height=\u00a0\u00bbyes\u00a0\u00bb][vc_column el_class=\u00a0\u00bbgrey-block\u00a0\u00bb css=\u00a0\u00bb.vc_custom_1632830195003{padding-top: 30px !important;padding-right: 30px !important;padding-bottom: 30px !important;padding-left: 30px !important;background-color: #f6f6f6 !important;border-radius: 15px !important;}\u00a0\u00bb offset=\u00a0\u00bbvc_col-lg-6 vc_col-md-6&Prime;][vc_column_text]<\/p>\n<h3>Les cadres dans lesquels nous travaillons<\/h3>\n<p>Notre coop\u00e9ration transfrontali\u00e8re s&rsquo;appuie sur les trois cadres suivants :<\/p>\n<ul>\n<li>Sant\u00e9 positive<\/li>\n<li>La sant\u00e9 dans toutes les politiques (HiAP)<\/li>\n<li>Objectifs de d\u00e9veloppement durable<\/li>\n<\/ul>\n<p>[\/vc_column_text][vc_empty_space height=\u00a0\u00bb40px\u00a0\u00bb][vc_btn title=\u00a0\u00bbEn savoir plus sur les cadres\u00a0\u00bb color=\u00a0\u00bbprimary\u00a0\u00bb link=\u00a0\u00bburl:https%3A%2F%2Feuprevent.eu%2Ffr%2Fa-propos-de-euprevent%2Ffondations%2Fcadres%2F|title:Cadres\u00a0\u00bb el_class=\u00a0\u00bbalign-bottom\u00a0\u00bb css=\u00a0\u00bb.vc_custom_1642511883010{margin-bottom: 0px !important;}\u00a0\u00bb][\/vc_column][vc_column el_class=\u00a0\u00bbgrey-block\u00a0\u00bb css=\u00a0\u00bb.vc_custom_1632830199955{padding-top: 30px !important;padding-right: 30px !important;padding-bottom: 30px !important;padding-left: 30px !important;background-color: #f6f6f6 !important;border-radius: 15px !important;}\u00a0\u00bb offset=\u00a0\u00bbvc_col-lg-6 vc_col-md-6&Prime;][vc_column_text]<\/p>\n<h3>Nos valeurs<\/h3>\n<p>Les valeurs suivantes sont au c\u0153ur de tous les programmes et projets d&rsquo;euPrevent :<\/p>\n<ul>\n<li>Coop\u00e9ration euro-r\u00e9gionale<\/li>\n<li>Participation des citoyens<\/li>\n<li>D\u00e9veloppement des connaissances<\/li>\n<li>Science<\/li>\n<li>Durabilit\u00e9<\/li>\n<\/ul>\n<p>[\/vc_column_text][vc_empty_space height=\u00a0\u00bb40px\u00a0\u00bb][vc_btn title=\u00a0\u00bbEn savoir plus sur les valeurs\u00a0\u00bb color=\u00a0\u00bbprimary\u00a0\u00bb link=\u00a0\u00bburl:https%3A%2F%2Feuprevent.eu%2Ffr%2Fa-propos-de-euprevent%2Ffondations%2Fvaleurs%2F|title:Valeurs\u00a0\u00bb el_class=\u00a0\u00bbalign-bottom\u00a0\u00bb css=\u00a0\u00bb.vc_custom_1642511895465{margin-bottom: 0px !important;}\u00a0\u00bb][\/vc_column][\/vc_row]<\/p>\n<\/section>","protected":false},"excerpt":{"rendered":"<p>[vc_row][vc_column][vc_column_text] Nos fondations [\/vc_column_text][\/vc_column][\/vc_row][vc_row][vc_column el_class=\u00a0\u00bbblue-block\u00a0\u00bb css=\u00a0\u00bb.vc_custom_1632831791635{padding-top: 30px !important;padding-right: 30px !important;padding-bottom: 30px !important;padding-left: 30px !important;background-color: #282562 !important;border-radius: 15px !important;}\u00a0\u00bb][vc_column_text] euPrevent est un r\u00e9seau euror\u00e9gional de coop\u00e9ration durable, qui am\u00e9liore la qualit\u00e9 de vie des habitants de la r\u00e9gion frontali\u00e8re et constitue un laboratoire d&rsquo;innovation sanitaire. euPrevent veut stimuler la coop\u00e9ration transfrontali\u00e8re dans le domaine de la [&hellip;]<\/p>\n","protected":false},"author":3,"featured_media":0,"parent":16999,"menu_order":0,"comment_status":"closed","ping_status":"closed","template":"page-with-about-menu.php","meta":{"_acf_changed":false,"footnotes":""},"class_list":["post-16996","page","type-page","status-publish","hentry"],"acf":[],"yoast_head":"<!-- This site is optimized with the Yoast SEO plugin v27.5 - https:\/\/yoast.com\/product\/yoast-seo-wordpress\/ -->\n<title>Fondations - euPrevent<\/title>\n<meta name=\"robots\" content=\"noindex, nofollow\" \/>\n<meta property=\"og:locale\" content=\"fr_FR\" \/>\n<meta property=\"og:type\" content=\"article\" \/>\n<meta property=\"og:title\" content=\"Fondations - euPrevent\" \/>\n<meta property=\"og:description\" content=\"[vc_row][vc_column][vc_column_text] Nos fondations [\/vc_column_text][\/vc_column][\/vc_row][vc_row][vc_column el_class=\u00a0\u00bbblue-block\u00a0\u00bb css=\u00a0\u00bb.vc_custom_1632831791635{padding-top: 30px !important;padding-right: 30px !important;padding-bottom: 30px !important;padding-left: 30px !important;background-color: #282562 !important;border-radius: 15px !important;}\u00a0\u00bb][vc_column_text] euPrevent est un r\u00e9seau euror\u00e9gional de coop\u00e9ration durable, qui am\u00e9liore la qualit\u00e9 de vie des habitants de la r\u00e9gion frontali\u00e8re et constitue un laboratoire d&rsquo;innovation sanitaire. euPrevent veut stimuler la coop\u00e9ration transfrontali\u00e8re dans le domaine de la [&hellip;]\" \/>\n<meta property=\"og:url\" content=\"https:\/\/euprevent.eu\/fr\/a-propos-de-euprevent\/fondations\/\" \/>\n<meta property=\"og:site_name\" content=\"euPrevent\" \/>\n<meta property=\"article:modified_time\" content=\"2022-01-18T13:18:16+00:00\" \/>\n<meta name=\"twitter:card\" content=\"summary_large_image\" \/>\n<meta name=\"twitter:label1\" content=\"Dur\u00e9e de lecture estim\u00e9e\" \/>\n\t<meta name=\"twitter:data1\" content=\"2 minutes\" \/>\n<script type=\"application\/ld+json\" class=\"yoast-schema-graph\">{\"@context\":\"https:\\\/\\\/schema.org\",\"@graph\":[{\"@type\":\"WebPage\",\"@id\":\"https:\\\/\\\/euprevent.eu\\\/fr\\\/a-propos-de-euprevent\\\/fondations\\\/\",\"url\":\"https:\\\/\\\/euprevent.eu\\\/fr\\\/a-propos-de-euprevent\\\/fondations\\\/\",\"name\":\"Fondations - euPrevent\",\"isPartOf\":{\"@id\":\"https:\\\/\\\/euprevent.eu\\\/fr\\\/#website\"},\"datePublished\":\"2022-01-03T11:41:25+00:00\",\"dateModified\":\"2022-01-18T13:18:16+00:00\",\"breadcrumb\":{\"@id\":\"https:\\\/\\\/euprevent.eu\\\/fr\\\/a-propos-de-euprevent\\\/fondations\\\/#breadcrumb\"},\"inLanguage\":\"fr-FR\",\"potentialAction\":[{\"@type\":\"ReadAction\",\"target\":[\"https:\\\/\\\/euprevent.eu\\\/fr\\\/a-propos-de-euprevent\\\/fondations\\\/\"]}]},{\"@type\":\"BreadcrumbList\",\"@id\":\"https:\\\/\\\/euprevent.eu\\\/fr\\\/a-propos-de-euprevent\\\/fondations\\\/#breadcrumb\",\"itemListElement\":[{\"@type\":\"ListItem\",\"position\":1,\"name\":\"Home\",\"item\":\"https:\\\/\\\/euprevent.eu\\\/fr\\\/\"},{\"@type\":\"ListItem\",\"position\":2,\"name\":\"\u00c0 propos d&#8217;euPrevent\",\"item\":\"https:\\\/\\\/euprevent.eu\\\/fr\\\/a-propos-de-euprevent\\\/\"},{\"@type\":\"ListItem\",\"position\":3,\"name\":\"Fondations\"}]},{\"@type\":\"WebSite\",\"@id\":\"https:\\\/\\\/euprevent.eu\\\/fr\\\/#website\",\"url\":\"https:\\\/\\\/euprevent.eu\\\/fr\\\/\",\"name\":\"euPrevent\",\"description\":\"euPrevent is a Euroregional network that focuses on promoting health. Within this network, sustainable partnerships seek to increase the quality of life of residents in the border region between the Netherlands, Belgium and Germany.\",\"potentialAction\":[{\"@type\":\"SearchAction\",\"target\":{\"@type\":\"EntryPoint\",\"urlTemplate\":\"https:\\\/\\\/euprevent.eu\\\/fr\\\/?s={search_term_string}\"},\"query-input\":{\"@type\":\"PropertyValueSpecification\",\"valueRequired\":true,\"valueName\":\"search_term_string\"}}],\"inLanguage\":\"fr-FR\"}]}<\/script>\n<!-- \/ Yoast SEO plugin. -->","yoast_head_json":{"title":"Fondations - euPrevent","robots":{"index":"noindex","follow":"nofollow"},"og_locale":"fr_FR","og_type":"article","og_title":"Fondations - euPrevent","og_description":"[vc_row][vc_column][vc_column_text] Nos fondations [\/vc_column_text][\/vc_column][\/vc_row][vc_row][vc_column el_class=\u00a0\u00bbblue-block\u00a0\u00bb css=\u00a0\u00bb.vc_custom_1632831791635{padding-top: 30px !important;padding-right: 30px !important;padding-bottom: 30px !important;padding-left: 30px !important;background-color: #282562 !important;border-radius: 15px !important;}\u00a0\u00bb][vc_column_text] euPrevent est un r\u00e9seau euror\u00e9gional de coop\u00e9ration durable, qui am\u00e9liore la qualit\u00e9 de vie des habitants de la r\u00e9gion frontali\u00e8re et constitue un laboratoire d&rsquo;innovation sanitaire. euPrevent veut stimuler la coop\u00e9ration transfrontali\u00e8re dans le domaine de la [&hellip;]","og_url":"https:\/\/euprevent.eu\/fr\/a-propos-de-euprevent\/fondations\/","og_site_name":"euPrevent","article_modified_time":"2022-01-18T13:18:16+00:00","twitter_card":"summary_large_image","twitter_misc":{"Dur\u00e9e de lecture estim\u00e9e":"2 minutes"},"schema":{"@context":"https:\/\/schema.org","@graph":[{"@type":"WebPage","@id":"https:\/\/euprevent.eu\/fr\/a-propos-de-euprevent\/fondations\/","url":"https:\/\/euprevent.eu\/fr\/a-propos-de-euprevent\/fondations\/","name":"Fondations - euPrevent","isPartOf":{"@id":"https:\/\/euprevent.eu\/fr\/#website"},"datePublished":"2022-01-03T11:41:25+00:00","dateModified":"2022-01-18T13:18:16+00:00","breadcrumb":{"@id":"https:\/\/euprevent.eu\/fr\/a-propos-de-euprevent\/fondations\/#breadcrumb"},"inLanguage":"fr-FR","potentialAction":[{"@type":"ReadAction","target":["https:\/\/euprevent.eu\/fr\/a-propos-de-euprevent\/fondations\/"]}]},{"@type":"BreadcrumbList","@id":"https:\/\/euprevent.eu\/fr\/a-propos-de-euprevent\/fondations\/#breadcrumb","itemListElement":[{"@type":"ListItem","position":1,"name":"Home","item":"https:\/\/euprevent.eu\/fr\/"},{"@type":"ListItem","position":2,"name":"\u00c0 propos d&#8217;euPrevent","item":"https:\/\/euprevent.eu\/fr\/a-propos-de-euprevent\/"},{"@type":"ListItem","position":3,"name":"Fondations"}]},{"@type":"WebSite","@id":"https:\/\/euprevent.eu\/fr\/#website","url":"https:\/\/euprevent.eu\/fr\/","name":"euPrevent","description":"euPrevent is a Euroregional network that focuses on promoting health. Within this network, sustainable partnerships seek to increase the quality of life of residents in the border region between the Netherlands, Belgium and Germany.","potentialAction":[{"@type":"SearchAction","target":{"@type":"EntryPoint","urlTemplate":"https:\/\/euprevent.eu\/fr\/?s={search_term_string}"},"query-input":{"@type":"PropertyValueSpecification","valueRequired":true,"valueName":"search_term_string"}}],"inLanguage":"fr-FR"}]}},"_links":{"self":[{"href":"https:\/\/euprevent.eu\/fr\/wp-json\/wp\/v2\/pages\/16996","targetHints":{"allow":["GET"]}}],"collection":[{"href":"https:\/\/euprevent.eu\/fr\/wp-json\/wp\/v2\/pages"}],"about":[{"href":"https:\/\/euprevent.eu\/fr\/wp-json\/wp\/v2\/types\/page"}],"author":[{"embeddable":true,"href":"https:\/\/euprevent.eu\/fr\/wp-json\/wp\/v2\/users\/3"}],"replies":[{"embeddable":true,"href":"https:\/\/euprevent.eu\/fr\/wp-json\/wp\/v2\/comments?post=16996"}],"version-history":[{"count":5,"href":"https:\/\/euprevent.eu\/fr\/wp-json\/wp\/v2\/pages\/16996\/revisions"}],"predecessor-version":[{"id":17306,"href":"https:\/\/euprevent.eu\/fr\/wp-json\/wp\/v2\/pages\/16996\/revisions\/17306"}],"up":[{"embeddable":true,"href":"https:\/\/euprevent.eu\/fr\/wp-json\/wp\/v2\/pages\/16999"}],"wp:attachment":[{"href":"https:\/\/euprevent.eu\/fr\/wp-json\/wp\/v2\/media?parent=16996"}],"curies":[{"name":"wp","href":"https:\/\/api.w.org\/{rel}","templated":true}]}}