


{"id":16977,"date":"2022-01-03T12:39:43","date_gmt":"2022-01-03T11:39:43","guid":{"rendered":"https:\/\/euprevent.eu\/?page_id=16977"},"modified":"2022-01-18T14:19:26","modified_gmt":"2022-01-18T13:19:26","slug":"reseau","status":"publish","type":"page","link":"https:\/\/euprevent.eu\/fr\/a-propos-de-euprevent\/reseau\/","title":{"rendered":"R\u00e9seau"},"content":{"rendered":"<section class=\"wpb-content-wrapper\"><p>[vc_row][vc_column][vc_column_text]<\/p>\n<h1>R\u00e9seau<\/h1>\n<p>euPrevent est une organisation sans but lucratif et un r\u00e9seau euror\u00e9gional qui vise \u00e0 promouvoir la qualit\u00e9 de vie des citoyens dans les r\u00e9gions frontali\u00e8res des Pays-Bas, de l&rsquo;Allemagne et de la Belgique.[\/vc_column_text][vc_btn title=\u00a0\u00bbPartenaires\u00a0\u00bb color=\u00a0\u00bbprimary\u00a0\u00bb css=\u00a0\u00bb.vc_custom_1642511907159{margin-right: 1rem !important;}\u00a0\u00bb link=\u00a0\u00bburl:https%3A%2F%2Feuprevent.eu%2Ffr%2Fa-propos-de-euprevent%2Freseau%2Fpartenaires-euprevent%2F|title:Partenaires\u00a0\u00bb][vc_btn title=\u00a0\u00bbFondation\u00a0\u00bb color=\u00a0\u00bbprimary\u00a0\u00bb css=\u00a0\u00bb.vc_custom_1642511925109{margin-right: 1rem !important;}\u00a0\u00bb link=\u00a0\u00bburl:https%3A%2F%2Feuprevent.eu%2Ffr%2Fa-propos-de-euprevent%2Ffondations%2F|title:Fondation\u00a0\u00bb][vc_btn title=\u00a0\u00bbHistoire\u00a0\u00bb color=\u00a0\u00bbprimary\u00a0\u00bb link=\u00a0\u00bburl:https%3A%2F%2Feuprevent.eu%2Ffr%2Fa-propos-de-euprevent%2Freseau%2Fhistoire%2F|title:Histoire\u00a0\u00bb][\/vc_column][\/vc_row][vc_row][vc_column][vc_empty_space][vc_column_text]<\/p>\n<h2>Postes vacants<\/h2>\n<p>Voulez-vous \u00e9galement am\u00e9liorer la qualit\u00e9 de vie des citoyens dans les r\u00e9gions frontali\u00e8res des Pays-Bas, de l&rsquo;Allemagne et de la Belgique ?[\/vc_column_text][vc_btn title=\u00a0\u00bbVoir nos offres d&#8217;emploi\u00a0\u00bb color=\u00a0\u00bbprimary\u00a0\u00bb css=\u00a0\u00bb.vc_custom_1642511964305{margin-right: 1rem !important;}\u00a0\u00bb link=\u00a0\u00bburl:https%3A%2F%2Feuprevent.eu%2Ffr%2Fa-propos-de-euprevent%2Freseau%2Fvacants%2F|title:Postes%20vacants\u00a0\u00bb][\/vc_column][\/vc_row]<\/p>\n<\/section>","protected":false},"excerpt":{"rendered":"<p>[vc_row][vc_column][vc_column_text] R\u00e9seau euPrevent est une organisation sans but lucratif et un r\u00e9seau euror\u00e9gional qui vise \u00e0 promouvoir la qualit\u00e9 de vie des citoyens dans les r\u00e9gions frontali\u00e8res des Pays-Bas, de l&rsquo;Allemagne et de la Belgique.[\/vc_column_text][vc_btn title=\u00a0\u00bbPartenaires\u00a0\u00bb color=\u00a0\u00bbprimary\u00a0\u00bb css=\u00a0\u00bb.vc_custom_1642511907159{margin-right: 1rem !important;}\u00a0\u00bb link=\u00a0\u00bburl:https%3A%2F%2Feuprevent.eu%2Ffr%2Fa-propos-de-euprevent%2Freseau%2Fpartenaires-euprevent%2F|title:Partenaires\u00a0\u00bb][vc_btn title=\u00a0\u00bbFondation\u00a0\u00bb color=\u00a0\u00bbprimary\u00a0\u00bb css=\u00a0\u00bb.vc_custom_1642511925109{margin-right: 1rem !important;}\u00a0\u00bb link=\u00a0\u00bburl:https%3A%2F%2Feuprevent.eu%2Ffr%2Fa-propos-de-euprevent%2Ffondations%2F|title:Fondation\u00a0\u00bb][vc_btn title=\u00a0\u00bbHistoire\u00a0\u00bb color=\u00a0\u00bbprimary\u00a0\u00bb link=\u00a0\u00bburl:https%3A%2F%2Feuprevent.eu%2Ffr%2Fa-propos-de-euprevent%2Freseau%2Fhistoire%2F|title:Histoire\u00a0\u00bb][\/vc_column][\/vc_row][vc_row][vc_column][vc_empty_space][vc_column_text] Postes vacants Voulez-vous \u00e9galement am\u00e9liorer [&hellip;]<\/p>\n","protected":false},"author":3,"featured_media":0,"parent":16999,"menu_order":0,"comment_status":"closed","ping_status":"closed","template":"page-with-about-menu.php","meta":{"_acf_changed":false,"footnotes":""},"class_list":["post-16977","page","type-page","status-publish","hentry"],"acf":[],"yoast_head":"<!-- This site is optimized with the Yoast SEO plugin v27.5 - https:\/\/yoast.com\/product\/yoast-seo-wordpress\/ -->\n<title>R\u00e9seau - euPrevent<\/title>\n<meta name=\"robots\" content=\"noindex, nofollow\" \/>\n<meta property=\"og:locale\" content=\"fr_FR\" \/>\n<meta property=\"og:type\" content=\"article\" \/>\n<meta property=\"og:title\" content=\"R\u00e9seau - euPrevent\" \/>\n<meta property=\"og:description\" content=\"[vc_row][vc_column][vc_column_text] R\u00e9seau euPrevent est une organisation sans but lucratif et un r\u00e9seau euror\u00e9gional qui vise \u00e0 promouvoir la qualit\u00e9 de vie des citoyens dans les r\u00e9gions frontali\u00e8res des Pays-Bas, de l&rsquo;Allemagne et de la Belgique.[\/vc_column_text][vc_btn title=\u00a0\u00bbPartenaires\u00a0\u00bb color=\u00a0\u00bbprimary\u00a0\u00bb css=\u00a0\u00bb.vc_custom_1642511907159{margin-right: 1rem !important;}\u00a0\u00bb link=\u00a0\u00bburl:https%3A%2F%2Feuprevent.eu%2Ffr%2Fa-propos-de-euprevent%2Freseau%2Fpartenaires-euprevent%2F|title:Partenaires\u00a0\u00bb][vc_btn title=\u00a0\u00bbFondation\u00a0\u00bb color=\u00a0\u00bbprimary\u00a0\u00bb css=\u00a0\u00bb.vc_custom_1642511925109{margin-right: 1rem !important;}\u00a0\u00bb link=\u00a0\u00bburl:https%3A%2F%2Feuprevent.eu%2Ffr%2Fa-propos-de-euprevent%2Ffondations%2F|title:Fondation\u00a0\u00bb][vc_btn title=\u00a0\u00bbHistoire\u00a0\u00bb color=\u00a0\u00bbprimary\u00a0\u00bb link=\u00a0\u00bburl:https%3A%2F%2Feuprevent.eu%2Ffr%2Fa-propos-de-euprevent%2Freseau%2Fhistoire%2F|title:Histoire\u00a0\u00bb][\/vc_column][\/vc_row][vc_row][vc_column][vc_empty_space][vc_column_text] Postes vacants Voulez-vous \u00e9galement am\u00e9liorer [&hellip;]\" \/>\n<meta property=\"og:url\" content=\"https:\/\/euprevent.eu\/fr\/a-propos-de-euprevent\/reseau\/\" \/>\n<meta property=\"og:site_name\" content=\"euPrevent\" \/>\n<meta property=\"article:modified_time\" content=\"2022-01-18T13:19:26+00:00\" \/>\n<meta name=\"twitter:card\" content=\"summary_large_image\" \/>\n<meta name=\"twitter:label1\" content=\"Dur\u00e9e de lecture estim\u00e9e\" \/>\n\t<meta name=\"twitter:data1\" content=\"1 minute\" \/>\n<script type=\"application\/ld+json\" class=\"yoast-schema-graph\">{\"@context\":\"https:\\\/\\\/schema.org\",\"@graph\":[{\"@type\":\"WebPage\",\"@id\":\"https:\\\/\\\/euprevent.eu\\\/fr\\\/a-propos-de-euprevent\\\/reseau\\\/\",\"url\":\"https:\\\/\\\/euprevent.eu\\\/fr\\\/a-propos-de-euprevent\\\/reseau\\\/\",\"name\":\"R\u00e9seau - euPrevent\",\"isPartOf\":{\"@id\":\"https:\\\/\\\/euprevent.eu\\\/fr\\\/#website\"},\"datePublished\":\"2022-01-03T11:39:43+00:00\",\"dateModified\":\"2022-01-18T13:19:26+00:00\",\"breadcrumb\":{\"@id\":\"https:\\\/\\\/euprevent.eu\\\/fr\\\/a-propos-de-euprevent\\\/reseau\\\/#breadcrumb\"},\"inLanguage\":\"fr-FR\",\"potentialAction\":[{\"@type\":\"ReadAction\",\"target\":[\"https:\\\/\\\/euprevent.eu\\\/fr\\\/a-propos-de-euprevent\\\/reseau\\\/\"]}]},{\"@type\":\"BreadcrumbList\",\"@id\":\"https:\\\/\\\/euprevent.eu\\\/fr\\\/a-propos-de-euprevent\\\/reseau\\\/#breadcrumb\",\"itemListElement\":[{\"@type\":\"ListItem\",\"position\":1,\"name\":\"Home\",\"item\":\"https:\\\/\\\/euprevent.eu\\\/fr\\\/\"},{\"@type\":\"ListItem\",\"position\":2,\"name\":\"\u00c0 propos d&#8217;euPrevent\",\"item\":\"https:\\\/\\\/euprevent.eu\\\/fr\\\/a-propos-de-euprevent\\\/\"},{\"@type\":\"ListItem\",\"position\":3,\"name\":\"R\u00e9seau\"}]},{\"@type\":\"WebSite\",\"@id\":\"https:\\\/\\\/euprevent.eu\\\/fr\\\/#website\",\"url\":\"https:\\\/\\\/euprevent.eu\\\/fr\\\/\",\"name\":\"euPrevent\",\"description\":\"euPrevent is a Euroregional network that focuses on promoting health. Within this network, sustainable partnerships seek to increase the quality of life of residents in the border region between the Netherlands, Belgium and Germany.\",\"potentialAction\":[{\"@type\":\"SearchAction\",\"target\":{\"@type\":\"EntryPoint\",\"urlTemplate\":\"https:\\\/\\\/euprevent.eu\\\/fr\\\/?s={search_term_string}\"},\"query-input\":{\"@type\":\"PropertyValueSpecification\",\"valueRequired\":true,\"valueName\":\"search_term_string\"}}],\"inLanguage\":\"fr-FR\"}]}<\/script>\n<!-- \/ Yoast SEO plugin. -->","yoast_head_json":{"title":"R\u00e9seau - euPrevent","robots":{"index":"noindex","follow":"nofollow"},"og_locale":"fr_FR","og_type":"article","og_title":"R\u00e9seau - euPrevent","og_description":"[vc_row][vc_column][vc_column_text] R\u00e9seau euPrevent est une organisation sans but lucratif et un r\u00e9seau euror\u00e9gional qui vise \u00e0 promouvoir la qualit\u00e9 de vie des citoyens dans les r\u00e9gions frontali\u00e8res des Pays-Bas, de l&rsquo;Allemagne et de la Belgique.[\/vc_column_text][vc_btn title=\u00a0\u00bbPartenaires\u00a0\u00bb color=\u00a0\u00bbprimary\u00a0\u00bb css=\u00a0\u00bb.vc_custom_1642511907159{margin-right: 1rem !important;}\u00a0\u00bb link=\u00a0\u00bburl:https%3A%2F%2Feuprevent.eu%2Ffr%2Fa-propos-de-euprevent%2Freseau%2Fpartenaires-euprevent%2F|title:Partenaires\u00a0\u00bb][vc_btn title=\u00a0\u00bbFondation\u00a0\u00bb color=\u00a0\u00bbprimary\u00a0\u00bb css=\u00a0\u00bb.vc_custom_1642511925109{margin-right: 1rem !important;}\u00a0\u00bb link=\u00a0\u00bburl:https%3A%2F%2Feuprevent.eu%2Ffr%2Fa-propos-de-euprevent%2Ffondations%2F|title:Fondation\u00a0\u00bb][vc_btn title=\u00a0\u00bbHistoire\u00a0\u00bb color=\u00a0\u00bbprimary\u00a0\u00bb link=\u00a0\u00bburl:https%3A%2F%2Feuprevent.eu%2Ffr%2Fa-propos-de-euprevent%2Freseau%2Fhistoire%2F|title:Histoire\u00a0\u00bb][\/vc_column][\/vc_row][vc_row][vc_column][vc_empty_space][vc_column_text] Postes vacants Voulez-vous \u00e9galement am\u00e9liorer [&hellip;]","og_url":"https:\/\/euprevent.eu\/fr\/a-propos-de-euprevent\/reseau\/","og_site_name":"euPrevent","article_modified_time":"2022-01-18T13:19:26+00:00","twitter_card":"summary_large_image","twitter_misc":{"Dur\u00e9e de lecture estim\u00e9e":"1 minute"},"schema":{"@context":"https:\/\/schema.org","@graph":[{"@type":"WebPage","@id":"https:\/\/euprevent.eu\/fr\/a-propos-de-euprevent\/reseau\/","url":"https:\/\/euprevent.eu\/fr\/a-propos-de-euprevent\/reseau\/","name":"R\u00e9seau - euPrevent","isPartOf":{"@id":"https:\/\/euprevent.eu\/fr\/#website"},"datePublished":"2022-01-03T11:39:43+00:00","dateModified":"2022-01-18T13:19:26+00:00","breadcrumb":{"@id":"https:\/\/euprevent.eu\/fr\/a-propos-de-euprevent\/reseau\/#breadcrumb"},"inLanguage":"fr-FR","potentialAction":[{"@type":"ReadAction","target":["https:\/\/euprevent.eu\/fr\/a-propos-de-euprevent\/reseau\/"]}]},{"@type":"BreadcrumbList","@id":"https:\/\/euprevent.eu\/fr\/a-propos-de-euprevent\/reseau\/#breadcrumb","itemListElement":[{"@type":"ListItem","position":1,"name":"Home","item":"https:\/\/euprevent.eu\/fr\/"},{"@type":"ListItem","position":2,"name":"\u00c0 propos d&#8217;euPrevent","item":"https:\/\/euprevent.eu\/fr\/a-propos-de-euprevent\/"},{"@type":"ListItem","position":3,"name":"R\u00e9seau"}]},{"@type":"WebSite","@id":"https:\/\/euprevent.eu\/fr\/#website","url":"https:\/\/euprevent.eu\/fr\/","name":"euPrevent","description":"euPrevent is a Euroregional network that focuses on promoting health. Within this network, sustainable partnerships seek to increase the quality of life of residents in the border region between the Netherlands, Belgium and Germany.","potentialAction":[{"@type":"SearchAction","target":{"@type":"EntryPoint","urlTemplate":"https:\/\/euprevent.eu\/fr\/?s={search_term_string}"},"query-input":{"@type":"PropertyValueSpecification","valueRequired":true,"valueName":"search_term_string"}}],"inLanguage":"fr-FR"}]}},"_links":{"self":[{"href":"https:\/\/euprevent.eu\/fr\/wp-json\/wp\/v2\/pages\/16977","targetHints":{"allow":["GET"]}}],"collection":[{"href":"https:\/\/euprevent.eu\/fr\/wp-json\/wp\/v2\/pages"}],"about":[{"href":"https:\/\/euprevent.eu\/fr\/wp-json\/wp\/v2\/types\/page"}],"author":[{"embeddable":true,"href":"https:\/\/euprevent.eu\/fr\/wp-json\/wp\/v2\/users\/3"}],"replies":[{"embeddable":true,"href":"https:\/\/euprevent.eu\/fr\/wp-json\/wp\/v2\/comments?post=16977"}],"version-history":[{"count":7,"href":"https:\/\/euprevent.eu\/fr\/wp-json\/wp\/v2\/pages\/16977\/revisions"}],"predecessor-version":[{"id":17308,"href":"https:\/\/euprevent.eu\/fr\/wp-json\/wp\/v2\/pages\/16977\/revisions\/17308"}],"up":[{"embeddable":true,"href":"https:\/\/euprevent.eu\/fr\/wp-json\/wp\/v2\/pages\/16999"}],"wp:attachment":[{"href":"https:\/\/euprevent.eu\/fr\/wp-json\/wp\/v2\/media?parent=16977"}],"curies":[{"name":"wp","href":"https:\/\/api.w.org\/{rel}","templated":true}]}}