


{"id":16948,"date":"2022-01-03T12:37:18","date_gmt":"2022-01-03T11:37:18","guid":{"rendered":"https:\/\/euprevent.eu\/?page_id=16948"},"modified":"2022-01-26T13:23:37","modified_gmt":"2022-01-26T12:23:37","slug":"euregio-rhein-maas-nord","status":"publish","type":"page","link":"https:\/\/euprevent.eu\/fr\/a-propos-de-euprevent\/domaine-dactivite-les-regions-frontalieres\/euregio-rhein-maas-nord\/","title":{"rendered":"Euregio Rhein-Maas-Nord"},"content":{"rendered":"<section class=\"wpb-content-wrapper\"><p>[vc_row][vc_column][vc_column_text]<\/p>\n<h1>Euregio Rhein-Maas-Nord<\/h1>\n<p>[\/vc_column_text][\/vc_column][\/vc_row][vc_row][vc_column width=\u00a0\u00bb1\/2&Prime;][vc_column_text]Depuis 1978, l&rsquo;Euregio Rhin-Maas-Nord s&rsquo;efforce de rendre l&rsquo;int\u00e9gration europ\u00e9enne tangible pour les citoyens de cette r\u00e9gion. Il vise \u00e0 renforcer la compr\u00e9hension mutuelle des habitants n\u00e9erlandais et allemands de l&rsquo;Euror\u00e9gion, \u00e0 approfondir les contacts et \u00e0 stimuler la coop\u00e9ration. L&rsquo;Euror\u00e9gion permet aux citoyens de cette partie de l&rsquo;Europe de se rencontrer, m\u00eame si les fronti\u00e8res et les diff\u00e9rences de langue, de culture et de r\u00e9glementation semblent encore constituer un obstacle.[\/vc_column_text][\/vc_column][vc_column width=\u00a0\u00bb1\/2&Prime;][vc_video link=\u00a0\u00bbhttps:\/\/www.youtube.com\/watch?v=NqX1vtTslVY\u00a0\u00bb align=\u00a0\u00bbcenter\u00a0\u00bb][\/vc_column][\/vc_row][vc_row][vc_column][vc_separator][\/vc_column][\/vc_row][vc_row][vc_column width=\u00a0\u00bb1\/2&Prime;][vc_column_text]Dans la partie n\u00e9erlandaise de l&rsquo;Euror\u00e9gion, ce sont les municipalit\u00e9s de Beekdaelen, Beesel, Bergen, Echt-Susteren, Gennep, Horst aan de Maas, Leudal, Nederweert, Peel en Maas, Maasgouw, Roerdalen, Roermond, Sittard-Geleen, Venlo, Venray et MKB-Limburg.<\/p>\n<p>Du c\u00f4t\u00e9 allemand, outre la Landeshauptstadt D\u00fcsseldorf, les villes de M\u00f6nchengladbach et Krefeld, la partie sud du Kreis Kleve, les municipalit\u00e9s de Br\u00fcggen, Niederkr\u00fcchten, Straelen, Geldern, Schwalmtal, Nettetal, Wassenberg et Wegberg, Selfkant, Kreis Viersen, Rhein-Kreis Neuss, Kreis Heinsberg, Industrie- und Handelskammer Mittlerer Niederrhein et Niederrheinische Industrie- und Handelskammer zu Duisburg.[\/vc_column_text][\/vc_column][vc_column width=\u00a0\u00bb1\/2&Prime;][vc_single_image image=\u00a0\u00bb17406&Prime; img_size=\u00a0\u00bbfull\u00a0\u00bb alignment=\u00a0\u00bbcenter\u00a0\u00bb][\/vc_column][\/vc_row]<\/p>\n<\/section>","protected":false},"excerpt":{"rendered":"<p>[vc_row][vc_column][vc_column_text] Euregio Rhein-Maas-Nord [\/vc_column_text][\/vc_column][\/vc_row][vc_row][vc_column width=\u00a0\u00bb1\/2&Prime;][vc_column_text]Depuis 1978, l&rsquo;Euregio Rhin-Maas-Nord s&rsquo;efforce de rendre l&rsquo;int\u00e9gration europ\u00e9enne tangible pour les citoyens de cette r\u00e9gion. Il vise \u00e0 renforcer la compr\u00e9hension mutuelle des habitants n\u00e9erlandais et allemands de l&rsquo;Euror\u00e9gion, \u00e0 approfondir les contacts et \u00e0 stimuler la coop\u00e9ration. L&rsquo;Euror\u00e9gion permet aux citoyens de cette partie de l&rsquo;Europe de se rencontrer, [&hellip;]<\/p>\n","protected":false},"author":3,"featured_media":0,"parent":16987,"menu_order":0,"comment_status":"closed","ping_status":"closed","template":"page-with-about-menu.php","meta":{"_acf_changed":false,"footnotes":""},"class_list":["post-16948","page","type-page","status-publish","hentry"],"acf":[],"yoast_head":"<!-- This site is optimized with the Yoast SEO plugin v26.8 - https:\/\/yoast.com\/product\/yoast-seo-wordpress\/ -->\n<title>Euregio Rhein-Maas-Nord - euPrevent<\/title>\n<meta name=\"robots\" content=\"noindex, nofollow\" \/>\n<meta property=\"og:locale\" content=\"fr_FR\" \/>\n<meta property=\"og:type\" content=\"article\" \/>\n<meta property=\"og:title\" content=\"Euregio Rhein-Maas-Nord - euPrevent\" \/>\n<meta property=\"og:description\" content=\"[vc_row][vc_column][vc_column_text] Euregio Rhein-Maas-Nord [\/vc_column_text][\/vc_column][\/vc_row][vc_row][vc_column width=\u00a0\u00bb1\/2&Prime;][vc_column_text]Depuis 1978, l&rsquo;Euregio Rhin-Maas-Nord s&rsquo;efforce de rendre l&rsquo;int\u00e9gration europ\u00e9enne tangible pour les citoyens de cette r\u00e9gion. Il vise \u00e0 renforcer la compr\u00e9hension mutuelle des habitants n\u00e9erlandais et allemands de l&rsquo;Euror\u00e9gion, \u00e0 approfondir les contacts et \u00e0 stimuler la coop\u00e9ration. L&rsquo;Euror\u00e9gion permet aux citoyens de cette partie de l&rsquo;Europe de se rencontrer, [&hellip;]\" \/>\n<meta property=\"og:url\" content=\"https:\/\/euprevent.eu\/fr\/a-propos-de-euprevent\/domaine-dactivite-les-regions-frontalieres\/euregio-rhein-maas-nord\/\" \/>\n<meta property=\"og:site_name\" content=\"euPrevent\" \/>\n<meta property=\"article:modified_time\" content=\"2022-01-26T12:23:37+00:00\" \/>\n<meta name=\"twitter:card\" content=\"summary_large_image\" \/>\n<meta name=\"twitter:label1\" content=\"Dur\u00e9e de lecture estim\u00e9e\" \/>\n\t<meta name=\"twitter:data1\" content=\"1 minute\" \/>\n<script type=\"application\/ld+json\" class=\"yoast-schema-graph\">{\"@context\":\"https:\/\/schema.org\",\"@graph\":[{\"@type\":\"WebPage\",\"@id\":\"https:\/\/euprevent.eu\/fr\/a-propos-de-euprevent\/domaine-dactivite-les-regions-frontalieres\/euregio-rhein-maas-nord\/\",\"url\":\"https:\/\/euprevent.eu\/fr\/a-propos-de-euprevent\/domaine-dactivite-les-regions-frontalieres\/euregio-rhein-maas-nord\/\",\"name\":\"Euregio Rhein-Maas-Nord - euPrevent\",\"isPartOf\":{\"@id\":\"https:\/\/euprevent.eu\/fr\/#website\"},\"datePublished\":\"2022-01-03T11:37:18+00:00\",\"dateModified\":\"2022-01-26T12:23:37+00:00\",\"breadcrumb\":{\"@id\":\"https:\/\/euprevent.eu\/fr\/a-propos-de-euprevent\/domaine-dactivite-les-regions-frontalieres\/euregio-rhein-maas-nord\/#breadcrumb\"},\"inLanguage\":\"fr-FR\",\"potentialAction\":[{\"@type\":\"ReadAction\",\"target\":[\"https:\/\/euprevent.eu\/fr\/a-propos-de-euprevent\/domaine-dactivite-les-regions-frontalieres\/euregio-rhein-maas-nord\/\"]}]},{\"@type\":\"BreadcrumbList\",\"@id\":\"https:\/\/euprevent.eu\/fr\/a-propos-de-euprevent\/domaine-dactivite-les-regions-frontalieres\/euregio-rhein-maas-nord\/#breadcrumb\",\"itemListElement\":[{\"@type\":\"ListItem\",\"position\":1,\"name\":\"Home\",\"item\":\"https:\/\/euprevent.eu\/fr\/\"},{\"@type\":\"ListItem\",\"position\":2,\"name\":\"\u00c0 propos d&#8217;euPrevent\",\"item\":\"https:\/\/euprevent.eu\/fr\/a-propos-de-euprevent\/\"},{\"@type\":\"ListItem\",\"position\":3,\"name\":\"Domaine d\u2019activit\u00e9 : les r\u00e9gions frontali\u00e8res\",\"item\":\"https:\/\/euprevent.eu\/fr\/a-propos-de-euprevent\/domaine-dactivite-les-regions-frontalieres\/\"},{\"@type\":\"ListItem\",\"position\":4,\"name\":\"Euregio Rhein-Maas-Nord\"}]},{\"@type\":\"WebSite\",\"@id\":\"https:\/\/euprevent.eu\/fr\/#website\",\"url\":\"https:\/\/euprevent.eu\/fr\/\",\"name\":\"euPrevent\",\"description\":\"euPrevent is a Euroregional network that focuses on promoting health. Within this network, sustainable partnerships seek to increase the quality of life of residents in the border region between the Netherlands, Belgium and Germany.\",\"potentialAction\":[{\"@type\":\"SearchAction\",\"target\":{\"@type\":\"EntryPoint\",\"urlTemplate\":\"https:\/\/euprevent.eu\/fr\/?s={search_term_string}\"},\"query-input\":{\"@type\":\"PropertyValueSpecification\",\"valueRequired\":true,\"valueName\":\"search_term_string\"}}],\"inLanguage\":\"fr-FR\"}]}<\/script>\n<!-- \/ Yoast SEO plugin. -->","yoast_head_json":{"title":"Euregio Rhein-Maas-Nord - euPrevent","robots":{"index":"noindex","follow":"nofollow"},"og_locale":"fr_FR","og_type":"article","og_title":"Euregio Rhein-Maas-Nord - euPrevent","og_description":"[vc_row][vc_column][vc_column_text] Euregio Rhein-Maas-Nord [\/vc_column_text][\/vc_column][\/vc_row][vc_row][vc_column width=\u00a0\u00bb1\/2&Prime;][vc_column_text]Depuis 1978, l&rsquo;Euregio Rhin-Maas-Nord s&rsquo;efforce de rendre l&rsquo;int\u00e9gration europ\u00e9enne tangible pour les citoyens de cette r\u00e9gion. Il vise \u00e0 renforcer la compr\u00e9hension mutuelle des habitants n\u00e9erlandais et allemands de l&rsquo;Euror\u00e9gion, \u00e0 approfondir les contacts et \u00e0 stimuler la coop\u00e9ration. L&rsquo;Euror\u00e9gion permet aux citoyens de cette partie de l&rsquo;Europe de se rencontrer, [&hellip;]","og_url":"https:\/\/euprevent.eu\/fr\/a-propos-de-euprevent\/domaine-dactivite-les-regions-frontalieres\/euregio-rhein-maas-nord\/","og_site_name":"euPrevent","article_modified_time":"2022-01-26T12:23:37+00:00","twitter_card":"summary_large_image","twitter_misc":{"Dur\u00e9e de lecture estim\u00e9e":"1 minute"},"schema":{"@context":"https:\/\/schema.org","@graph":[{"@type":"WebPage","@id":"https:\/\/euprevent.eu\/fr\/a-propos-de-euprevent\/domaine-dactivite-les-regions-frontalieres\/euregio-rhein-maas-nord\/","url":"https:\/\/euprevent.eu\/fr\/a-propos-de-euprevent\/domaine-dactivite-les-regions-frontalieres\/euregio-rhein-maas-nord\/","name":"Euregio Rhein-Maas-Nord - euPrevent","isPartOf":{"@id":"https:\/\/euprevent.eu\/fr\/#website"},"datePublished":"2022-01-03T11:37:18+00:00","dateModified":"2022-01-26T12:23:37+00:00","breadcrumb":{"@id":"https:\/\/euprevent.eu\/fr\/a-propos-de-euprevent\/domaine-dactivite-les-regions-frontalieres\/euregio-rhein-maas-nord\/#breadcrumb"},"inLanguage":"fr-FR","potentialAction":[{"@type":"ReadAction","target":["https:\/\/euprevent.eu\/fr\/a-propos-de-euprevent\/domaine-dactivite-les-regions-frontalieres\/euregio-rhein-maas-nord\/"]}]},{"@type":"BreadcrumbList","@id":"https:\/\/euprevent.eu\/fr\/a-propos-de-euprevent\/domaine-dactivite-les-regions-frontalieres\/euregio-rhein-maas-nord\/#breadcrumb","itemListElement":[{"@type":"ListItem","position":1,"name":"Home","item":"https:\/\/euprevent.eu\/fr\/"},{"@type":"ListItem","position":2,"name":"\u00c0 propos d&#8217;euPrevent","item":"https:\/\/euprevent.eu\/fr\/a-propos-de-euprevent\/"},{"@type":"ListItem","position":3,"name":"Domaine d\u2019activit\u00e9 : les r\u00e9gions frontali\u00e8res","item":"https:\/\/euprevent.eu\/fr\/a-propos-de-euprevent\/domaine-dactivite-les-regions-frontalieres\/"},{"@type":"ListItem","position":4,"name":"Euregio Rhein-Maas-Nord"}]},{"@type":"WebSite","@id":"https:\/\/euprevent.eu\/fr\/#website","url":"https:\/\/euprevent.eu\/fr\/","name":"euPrevent","description":"euPrevent is a Euroregional network that focuses on promoting health. Within this network, sustainable partnerships seek to increase the quality of life of residents in the border region between the Netherlands, Belgium and Germany.","potentialAction":[{"@type":"SearchAction","target":{"@type":"EntryPoint","urlTemplate":"https:\/\/euprevent.eu\/fr\/?s={search_term_string}"},"query-input":{"@type":"PropertyValueSpecification","valueRequired":true,"valueName":"search_term_string"}}],"inLanguage":"fr-FR"}]}},"_links":{"self":[{"href":"https:\/\/euprevent.eu\/fr\/wp-json\/wp\/v2\/pages\/16948","targetHints":{"allow":["GET"]}}],"collection":[{"href":"https:\/\/euprevent.eu\/fr\/wp-json\/wp\/v2\/pages"}],"about":[{"href":"https:\/\/euprevent.eu\/fr\/wp-json\/wp\/v2\/types\/page"}],"author":[{"embeddable":true,"href":"https:\/\/euprevent.eu\/fr\/wp-json\/wp\/v2\/users\/3"}],"replies":[{"embeddable":true,"href":"https:\/\/euprevent.eu\/fr\/wp-json\/wp\/v2\/comments?post=16948"}],"version-history":[{"count":6,"href":"https:\/\/euprevent.eu\/fr\/wp-json\/wp\/v2\/pages\/16948\/revisions"}],"predecessor-version":[{"id":17419,"href":"https:\/\/euprevent.eu\/fr\/wp-json\/wp\/v2\/pages\/16948\/revisions\/17419"}],"up":[{"embeddable":true,"href":"https:\/\/euprevent.eu\/fr\/wp-json\/wp\/v2\/pages\/16987"}],"wp:attachment":[{"href":"https:\/\/euprevent.eu\/fr\/wp-json\/wp\/v2\/media?parent=16948"}],"curies":[{"name":"wp","href":"https:\/\/api.w.org\/{rel}","templated":true}]}}