


{"id":16940,"date":"2022-01-03T12:36:28","date_gmt":"2022-01-03T11:36:28","guid":{"rendered":"https:\/\/euprevent.eu\/?page_id=16940"},"modified":"2022-01-26T13:13:24","modified_gmt":"2022-01-26T12:13:24","slug":"interreg-deutschland-nederland","status":"publish","type":"page","link":"https:\/\/euprevent.eu\/fr\/a-propos-de-euprevent\/domaine-dactivite-les-regions-frontalieres\/interreg-deutschland-nederland\/","title":{"rendered":"Interreg Deutschland-Nederland"},"content":{"rendered":"<section class=\"wpb-content-wrapper\"><p>[vc_row][vc_column][vc_column_text]<\/p>\n<h1>Interreg Deutschland-Nederland<\/h1>\n<p>[\/vc_column_text][\/vc_column][\/vc_row][vc_row][vc_column width=\u00a0\u00bb1\/2&Prime;][vc_column_text]La zone de subvention du programme Interreg \u00ab\u00a0Deutschland-Nederland\u00a0\u00bb s&rsquo;\u00e9tend de la mer des Wadden au Niederrhein et sur une longueur de fronti\u00e8re d&rsquo;environ 460 kilom\u00e8tres. L&rsquo;\u00e9largissement de la zone du programme en 2014 offrira encore plus de possibilit\u00e9s de coop\u00e9ration dans le cadre d&rsquo;Interreg. La zone du programme comprend des parties des L\u00e4nder allemands de Basse-Saxe et de Rh\u00e9nanie-du-Nord-Westphalie et des parties des provinces n\u00e9erlandaises de Frise, Groningue, Drenthe, Flevoland, Overijssel, Gelderland, Brabant Nord et Limbourg.[\/vc_column_text][\/vc_column][vc_column width=\u00a0\u00bb1\/2&Prime;][vc_video link=\u00a0\u00bbhttps:\/\/www.youtube.com\/watch?v=M5rtSGs_kro\u00a0\u00bb align=\u00a0\u00bbcenter\u00a0\u00bb][\/vc_column][\/vc_row]<\/p>\n<\/section>","protected":false},"excerpt":{"rendered":"<p>[vc_row][vc_column][vc_column_text] Interreg Deutschland-Nederland [\/vc_column_text][\/vc_column][\/vc_row][vc_row][vc_column width=\u00a0\u00bb1\/2&Prime;][vc_column_text]La zone de subvention du programme Interreg \u00ab\u00a0Deutschland-Nederland\u00a0\u00bb s&rsquo;\u00e9tend de la mer des Wadden au Niederrhein et sur une longueur de fronti\u00e8re d&rsquo;environ 460 kilom\u00e8tres. L&rsquo;\u00e9largissement de la zone du programme en 2014 offrira encore plus de possibilit\u00e9s de coop\u00e9ration dans le cadre d&rsquo;Interreg. La zone du programme comprend des parties [&hellip;]<\/p>\n","protected":false},"author":3,"featured_media":0,"parent":16987,"menu_order":0,"comment_status":"closed","ping_status":"closed","template":"page-with-about-menu.php","meta":{"_acf_changed":false,"footnotes":""},"class_list":["post-16940","page","type-page","status-publish","hentry"],"acf":[],"yoast_head":"<!-- This site is optimized with the Yoast SEO plugin v26.8 - https:\/\/yoast.com\/product\/yoast-seo-wordpress\/ -->\n<title>Interreg Deutschland-Nederland - euPrevent<\/title>\n<meta name=\"robots\" content=\"noindex, nofollow\" \/>\n<meta property=\"og:locale\" content=\"fr_FR\" \/>\n<meta property=\"og:type\" content=\"article\" \/>\n<meta property=\"og:title\" content=\"Interreg Deutschland-Nederland - euPrevent\" \/>\n<meta property=\"og:description\" content=\"[vc_row][vc_column][vc_column_text] Interreg Deutschland-Nederland [\/vc_column_text][\/vc_column][\/vc_row][vc_row][vc_column width=\u00a0\u00bb1\/2&Prime;][vc_column_text]La zone de subvention du programme Interreg \u00ab\u00a0Deutschland-Nederland\u00a0\u00bb s&rsquo;\u00e9tend de la mer des Wadden au Niederrhein et sur une longueur de fronti\u00e8re d&rsquo;environ 460 kilom\u00e8tres. L&rsquo;\u00e9largissement de la zone du programme en 2014 offrira encore plus de possibilit\u00e9s de coop\u00e9ration dans le cadre d&rsquo;Interreg. La zone du programme comprend des parties [&hellip;]\" \/>\n<meta property=\"og:url\" content=\"https:\/\/euprevent.eu\/fr\/a-propos-de-euprevent\/domaine-dactivite-les-regions-frontalieres\/interreg-deutschland-nederland\/\" \/>\n<meta property=\"og:site_name\" content=\"euPrevent\" \/>\n<meta property=\"article:modified_time\" content=\"2022-01-26T12:13:24+00:00\" \/>\n<meta name=\"twitter:card\" content=\"summary_large_image\" \/>\n<meta name=\"twitter:label1\" content=\"Dur\u00e9e de lecture estim\u00e9e\" \/>\n\t<meta name=\"twitter:data1\" content=\"1 minute\" \/>\n<script type=\"application\/ld+json\" class=\"yoast-schema-graph\">{\"@context\":\"https:\/\/schema.org\",\"@graph\":[{\"@type\":\"WebPage\",\"@id\":\"https:\/\/euprevent.eu\/fr\/a-propos-de-euprevent\/domaine-dactivite-les-regions-frontalieres\/interreg-deutschland-nederland\/\",\"url\":\"https:\/\/euprevent.eu\/fr\/a-propos-de-euprevent\/domaine-dactivite-les-regions-frontalieres\/interreg-deutschland-nederland\/\",\"name\":\"Interreg Deutschland-Nederland - euPrevent\",\"isPartOf\":{\"@id\":\"https:\/\/euprevent.eu\/fr\/#website\"},\"datePublished\":\"2022-01-03T11:36:28+00:00\",\"dateModified\":\"2022-01-26T12:13:24+00:00\",\"breadcrumb\":{\"@id\":\"https:\/\/euprevent.eu\/fr\/a-propos-de-euprevent\/domaine-dactivite-les-regions-frontalieres\/interreg-deutschland-nederland\/#breadcrumb\"},\"inLanguage\":\"fr-FR\",\"potentialAction\":[{\"@type\":\"ReadAction\",\"target\":[\"https:\/\/euprevent.eu\/fr\/a-propos-de-euprevent\/domaine-dactivite-les-regions-frontalieres\/interreg-deutschland-nederland\/\"]}]},{\"@type\":\"BreadcrumbList\",\"@id\":\"https:\/\/euprevent.eu\/fr\/a-propos-de-euprevent\/domaine-dactivite-les-regions-frontalieres\/interreg-deutschland-nederland\/#breadcrumb\",\"itemListElement\":[{\"@type\":\"ListItem\",\"position\":1,\"name\":\"Home\",\"item\":\"https:\/\/euprevent.eu\/fr\/\"},{\"@type\":\"ListItem\",\"position\":2,\"name\":\"\u00c0 propos d&#8217;euPrevent\",\"item\":\"https:\/\/euprevent.eu\/fr\/a-propos-de-euprevent\/\"},{\"@type\":\"ListItem\",\"position\":3,\"name\":\"Domaine d\u2019activit\u00e9 : les r\u00e9gions frontali\u00e8res\",\"item\":\"https:\/\/euprevent.eu\/fr\/a-propos-de-euprevent\/domaine-dactivite-les-regions-frontalieres\/\"},{\"@type\":\"ListItem\",\"position\":4,\"name\":\"Interreg Deutschland-Nederland\"}]},{\"@type\":\"WebSite\",\"@id\":\"https:\/\/euprevent.eu\/fr\/#website\",\"url\":\"https:\/\/euprevent.eu\/fr\/\",\"name\":\"euPrevent\",\"description\":\"euPrevent is a Euroregional network that focuses on promoting health. Within this network, sustainable partnerships seek to increase the quality of life of residents in the border region between the Netherlands, Belgium and Germany.\",\"potentialAction\":[{\"@type\":\"SearchAction\",\"target\":{\"@type\":\"EntryPoint\",\"urlTemplate\":\"https:\/\/euprevent.eu\/fr\/?s={search_term_string}\"},\"query-input\":{\"@type\":\"PropertyValueSpecification\",\"valueRequired\":true,\"valueName\":\"search_term_string\"}}],\"inLanguage\":\"fr-FR\"}]}<\/script>\n<!-- \/ Yoast SEO plugin. -->","yoast_head_json":{"title":"Interreg Deutschland-Nederland - euPrevent","robots":{"index":"noindex","follow":"nofollow"},"og_locale":"fr_FR","og_type":"article","og_title":"Interreg Deutschland-Nederland - euPrevent","og_description":"[vc_row][vc_column][vc_column_text] Interreg Deutschland-Nederland [\/vc_column_text][\/vc_column][\/vc_row][vc_row][vc_column width=\u00a0\u00bb1\/2&Prime;][vc_column_text]La zone de subvention du programme Interreg \u00ab\u00a0Deutschland-Nederland\u00a0\u00bb s&rsquo;\u00e9tend de la mer des Wadden au Niederrhein et sur une longueur de fronti\u00e8re d&rsquo;environ 460 kilom\u00e8tres. L&rsquo;\u00e9largissement de la zone du programme en 2014 offrira encore plus de possibilit\u00e9s de coop\u00e9ration dans le cadre d&rsquo;Interreg. La zone du programme comprend des parties [&hellip;]","og_url":"https:\/\/euprevent.eu\/fr\/a-propos-de-euprevent\/domaine-dactivite-les-regions-frontalieres\/interreg-deutschland-nederland\/","og_site_name":"euPrevent","article_modified_time":"2022-01-26T12:13:24+00:00","twitter_card":"summary_large_image","twitter_misc":{"Dur\u00e9e de lecture estim\u00e9e":"1 minute"},"schema":{"@context":"https:\/\/schema.org","@graph":[{"@type":"WebPage","@id":"https:\/\/euprevent.eu\/fr\/a-propos-de-euprevent\/domaine-dactivite-les-regions-frontalieres\/interreg-deutschland-nederland\/","url":"https:\/\/euprevent.eu\/fr\/a-propos-de-euprevent\/domaine-dactivite-les-regions-frontalieres\/interreg-deutschland-nederland\/","name":"Interreg Deutschland-Nederland - euPrevent","isPartOf":{"@id":"https:\/\/euprevent.eu\/fr\/#website"},"datePublished":"2022-01-03T11:36:28+00:00","dateModified":"2022-01-26T12:13:24+00:00","breadcrumb":{"@id":"https:\/\/euprevent.eu\/fr\/a-propos-de-euprevent\/domaine-dactivite-les-regions-frontalieres\/interreg-deutschland-nederland\/#breadcrumb"},"inLanguage":"fr-FR","potentialAction":[{"@type":"ReadAction","target":["https:\/\/euprevent.eu\/fr\/a-propos-de-euprevent\/domaine-dactivite-les-regions-frontalieres\/interreg-deutschland-nederland\/"]}]},{"@type":"BreadcrumbList","@id":"https:\/\/euprevent.eu\/fr\/a-propos-de-euprevent\/domaine-dactivite-les-regions-frontalieres\/interreg-deutschland-nederland\/#breadcrumb","itemListElement":[{"@type":"ListItem","position":1,"name":"Home","item":"https:\/\/euprevent.eu\/fr\/"},{"@type":"ListItem","position":2,"name":"\u00c0 propos d&#8217;euPrevent","item":"https:\/\/euprevent.eu\/fr\/a-propos-de-euprevent\/"},{"@type":"ListItem","position":3,"name":"Domaine d\u2019activit\u00e9 : les r\u00e9gions frontali\u00e8res","item":"https:\/\/euprevent.eu\/fr\/a-propos-de-euprevent\/domaine-dactivite-les-regions-frontalieres\/"},{"@type":"ListItem","position":4,"name":"Interreg Deutschland-Nederland"}]},{"@type":"WebSite","@id":"https:\/\/euprevent.eu\/fr\/#website","url":"https:\/\/euprevent.eu\/fr\/","name":"euPrevent","description":"euPrevent is a Euroregional network that focuses on promoting health. Within this network, sustainable partnerships seek to increase the quality of life of residents in the border region between the Netherlands, Belgium and Germany.","potentialAction":[{"@type":"SearchAction","target":{"@type":"EntryPoint","urlTemplate":"https:\/\/euprevent.eu\/fr\/?s={search_term_string}"},"query-input":{"@type":"PropertyValueSpecification","valueRequired":true,"valueName":"search_term_string"}}],"inLanguage":"fr-FR"}]}},"_links":{"self":[{"href":"https:\/\/euprevent.eu\/fr\/wp-json\/wp\/v2\/pages\/16940","targetHints":{"allow":["GET"]}}],"collection":[{"href":"https:\/\/euprevent.eu\/fr\/wp-json\/wp\/v2\/pages"}],"about":[{"href":"https:\/\/euprevent.eu\/fr\/wp-json\/wp\/v2\/types\/page"}],"author":[{"embeddable":true,"href":"https:\/\/euprevent.eu\/fr\/wp-json\/wp\/v2\/users\/3"}],"replies":[{"embeddable":true,"href":"https:\/\/euprevent.eu\/fr\/wp-json\/wp\/v2\/comments?post=16940"}],"version-history":[{"count":3,"href":"https:\/\/euprevent.eu\/fr\/wp-json\/wp\/v2\/pages\/16940\/revisions"}],"predecessor-version":[{"id":17405,"href":"https:\/\/euprevent.eu\/fr\/wp-json\/wp\/v2\/pages\/16940\/revisions\/17405"}],"up":[{"embeddable":true,"href":"https:\/\/euprevent.eu\/fr\/wp-json\/wp\/v2\/pages\/16987"}],"wp:attachment":[{"href":"https:\/\/euprevent.eu\/fr\/wp-json\/wp\/v2\/media?parent=16940"}],"curies":[{"name":"wp","href":"https:\/\/api.w.org\/{rel}","templated":true}]}}