


{"id":16934,"date":"2022-01-03T12:35:52","date_gmt":"2022-01-03T11:35:52","guid":{"rendered":"https:\/\/euprevent.eu\/?page_id=16934"},"modified":"2022-01-18T13:49:50","modified_gmt":"2022-01-18T12:49:50","slug":"pour-votre-organisation","status":"publish","type":"page","link":"https:\/\/euprevent.eu\/fr\/a-propos-de-euprevent\/bureau-d-appui\/pour-votre-organisation\/","title":{"rendered":"Pour votre organisation"},"content":{"rendered":"<section class=\"wpb-content-wrapper\"><p>[vc_row][vc_column][vc_column_text]<\/p>\n<h1>Pour votre organisation<\/h1>\n<p>[\/vc_column_text][\/vc_column][\/vc_row][vc_row][vc_column][vc_column_text]euPrevent peut soutenir votre organisation de diff\u00e9rentes mani\u00e8res. Une petite s\u00e9lection de ce que nous faisons :[\/vc_column_text][\/vc_column][\/vc_row][vc_row equal_height=\u00a0\u00bbyes\u00a0\u00bb][vc_column css=\u00a0\u00bb.vc_custom_1632829967944{padding-top: 30px !important;padding-right: 30px !important;padding-bottom: 30px !important;padding-left: 30px !important;background-color: #f6f6f6 !important;border-radius: 15px !important;}\u00a0\u00bb el_class=\u00a0\u00bbgrey-block\u00a0\u00bb offset=\u00a0\u00bbvc_col-lg-4 vc_col-md-4&Prime;][vc_column_text]Organiser des activit\u00e9s, des ateliers, des sommets citoyens et des journ\u00e9es d\u2019\u00e9tude.[\/vc_column_text][\/vc_column][vc_column css=\u00a0\u00bb.vc_custom_1632829973873{padding-top: 30px !important;padding-right: 30px !important;padding-bottom: 30px !important;padding-left: 30px !important;background-color: #f6f6f6 !important;border-radius: 15px !important;}\u00a0\u00bb el_class=\u00a0\u00bbgrey-block\u00a0\u00bb offset=\u00a0\u00bbvc_col-lg-4 vc_col-md-4&Prime;][vc_column_text]Faire pression pour que la sant\u00e9 transfrontali\u00e8re soit davantage prise en compte au niveau europ\u00e9en.[\/vc_column_text][\/vc_column][vc_column el_class=\u00a0\u00bbgrey-block\u00a0\u00bb css=\u00a0\u00bb.vc_custom_1632829978922{padding-top: 30px !important;padding-right: 30px !important;padding-bottom: 30px !important;padding-left: 30px !important;background-color: #f6f6f6 !important;border-radius: 15px !important;}\u00a0\u00bb offset=\u00a0\u00bbvc_col-lg-4 vc_col-md-4&Prime;][vc_column_text]Soutien aux demandes de subventions de l\u2019UE.[\/vc_column_text][\/vc_column][\/vc_row][vc_row equal_height=\u00a0\u00bbyes\u00a0\u00bb][vc_column css=\u00a0\u00bb.vc_custom_1632830087521{padding-top: 30px !important;padding-right: 30px !important;padding-bottom: 30px !important;padding-left: 30px !important;background-color: #f6f6f6 !important;border-radius: 15px !important;}\u00a0\u00bb el_class=\u00a0\u00bbgrey-block\u00a0\u00bb offset=\u00a0\u00bbvc_col-lg-6 vc_col-md-6&Prime;][vc_column_text]Transfert de connaissances entre les organisations de sant\u00e9 dans les r\u00e9gions frontali\u00e8res.[\/vc_column_text][\/vc_column][vc_column css=\u00a0\u00bb.vc_custom_1632830096414{padding-top: 30px !important;padding-right: 30px !important;padding-bottom: 30px !important;padding-left: 30px !important;background-color: #f6f6f6 !important;border-radius: 15px !important;}\u00a0\u00bb el_class=\u00a0\u00bbgrey-block\u00a0\u00bb offset=\u00a0\u00bbvc_col-lg-6 vc_col-md-6&Prime;][vc_column_text]Promouvoir vos activit\u00e9s \u00e0 Bruxelles et \u00e0 l\u2019OMS.[\/vc_column_text][\/vc_column][\/vc_row]<\/p>\n<\/section>","protected":false},"excerpt":{"rendered":"<p>[vc_row][vc_column][vc_column_text] Pour votre organisation [\/vc_column_text][\/vc_column][\/vc_row][vc_row][vc_column][vc_column_text]euPrevent peut soutenir votre organisation de diff\u00e9rentes mani\u00e8res. Une petite s\u00e9lection de ce que nous faisons :[\/vc_column_text][\/vc_column][\/vc_row][vc_row equal_height=\u00a0\u00bbyes\u00a0\u00bb][vc_column css=\u00a0\u00bb.vc_custom_1632829967944{padding-top: 30px !important;padding-right: 30px !important;padding-bottom: 30px !important;padding-left: 30px !important;background-color: #f6f6f6 !important;border-radius: 15px !important;}\u00a0\u00bb el_class=\u00a0\u00bbgrey-block\u00a0\u00bb offset=\u00a0\u00bbvc_col-lg-4 vc_col-md-4&Prime;][vc_column_text]Organiser des activit\u00e9s, des ateliers, des sommets citoyens et des journ\u00e9es d\u2019\u00e9tude.[\/vc_column_text][\/vc_column][vc_column css=\u00a0\u00bb.vc_custom_1632829973873{padding-top: 30px !important;padding-right: 30px !important;padding-bottom: 30px [&hellip;]<\/p>\n","protected":false},"author":3,"featured_media":0,"parent":16983,"menu_order":0,"comment_status":"closed","ping_status":"closed","template":"page-with-about-menu.php","meta":{"_acf_changed":false,"footnotes":""},"class_list":["post-16934","page","type-page","status-publish","hentry"],"acf":[],"yoast_head":"<!-- This site is optimized with the Yoast SEO plugin v26.8 - https:\/\/yoast.com\/product\/yoast-seo-wordpress\/ -->\n<title>Pour votre organisation - euPrevent<\/title>\n<meta name=\"robots\" content=\"noindex, nofollow\" \/>\n<meta property=\"og:locale\" content=\"fr_FR\" \/>\n<meta property=\"og:type\" content=\"article\" \/>\n<meta property=\"og:title\" content=\"Pour votre organisation - euPrevent\" \/>\n<meta property=\"og:description\" content=\"[vc_row][vc_column][vc_column_text] Pour votre organisation [\/vc_column_text][\/vc_column][\/vc_row][vc_row][vc_column][vc_column_text]euPrevent peut soutenir votre organisation de diff\u00e9rentes mani\u00e8res. Une petite s\u00e9lection de ce que nous faisons :[\/vc_column_text][\/vc_column][\/vc_row][vc_row equal_height=\u00a0\u00bbyes\u00a0\u00bb][vc_column css=\u00a0\u00bb.vc_custom_1632829967944{padding-top: 30px !important;padding-right: 30px !important;padding-bottom: 30px !important;padding-left: 30px !important;background-color: #f6f6f6 !important;border-radius: 15px !important;}\u00a0\u00bb el_class=\u00a0\u00bbgrey-block\u00a0\u00bb offset=\u00a0\u00bbvc_col-lg-4 vc_col-md-4&Prime;][vc_column_text]Organiser des activit\u00e9s, des ateliers, des sommets citoyens et des journ\u00e9es d\u2019\u00e9tude.[\/vc_column_text][\/vc_column][vc_column css=\u00a0\u00bb.vc_custom_1632829973873{padding-top: 30px !important;padding-right: 30px !important;padding-bottom: 30px [&hellip;]\" \/>\n<meta property=\"og:url\" content=\"https:\/\/euprevent.eu\/fr\/a-propos-de-euprevent\/bureau-d-appui\/pour-votre-organisation\/\" \/>\n<meta property=\"og:site_name\" content=\"euPrevent\" \/>\n<meta property=\"article:modified_time\" content=\"2022-01-18T12:49:50+00:00\" \/>\n<meta name=\"twitter:card\" content=\"summary_large_image\" \/>\n<meta name=\"twitter:label1\" content=\"Dur\u00e9e de lecture estim\u00e9e\" \/>\n\t<meta name=\"twitter:data1\" content=\"1 minute\" \/>\n<script type=\"application\/ld+json\" class=\"yoast-schema-graph\">{\"@context\":\"https:\/\/schema.org\",\"@graph\":[{\"@type\":\"WebPage\",\"@id\":\"https:\/\/euprevent.eu\/fr\/a-propos-de-euprevent\/bureau-d-appui\/pour-votre-organisation\/\",\"url\":\"https:\/\/euprevent.eu\/fr\/a-propos-de-euprevent\/bureau-d-appui\/pour-votre-organisation\/\",\"name\":\"Pour votre organisation - euPrevent\",\"isPartOf\":{\"@id\":\"https:\/\/euprevent.eu\/fr\/#website\"},\"datePublished\":\"2022-01-03T11:35:52+00:00\",\"dateModified\":\"2022-01-18T12:49:50+00:00\",\"breadcrumb\":{\"@id\":\"https:\/\/euprevent.eu\/fr\/a-propos-de-euprevent\/bureau-d-appui\/pour-votre-organisation\/#breadcrumb\"},\"inLanguage\":\"fr-FR\",\"potentialAction\":[{\"@type\":\"ReadAction\",\"target\":[\"https:\/\/euprevent.eu\/fr\/a-propos-de-euprevent\/bureau-d-appui\/pour-votre-organisation\/\"]}]},{\"@type\":\"BreadcrumbList\",\"@id\":\"https:\/\/euprevent.eu\/fr\/a-propos-de-euprevent\/bureau-d-appui\/pour-votre-organisation\/#breadcrumb\",\"itemListElement\":[{\"@type\":\"ListItem\",\"position\":1,\"name\":\"Home\",\"item\":\"https:\/\/euprevent.eu\/fr\/\"},{\"@type\":\"ListItem\",\"position\":2,\"name\":\"\u00c0 propos d&#8217;euPrevent\",\"item\":\"https:\/\/euprevent.eu\/fr\/a-propos-de-euprevent\/\"},{\"@type\":\"ListItem\",\"position\":3,\"name\":\"Bureau d&#8217;appui\",\"item\":\"https:\/\/euprevent.eu\/fr\/a-propos-de-euprevent\/bureau-d-appui\/\"},{\"@type\":\"ListItem\",\"position\":4,\"name\":\"Pour votre organisation\"}]},{\"@type\":\"WebSite\",\"@id\":\"https:\/\/euprevent.eu\/fr\/#website\",\"url\":\"https:\/\/euprevent.eu\/fr\/\",\"name\":\"euPrevent\",\"description\":\"euPrevent is a Euroregional network that focuses on promoting health. Within this network, sustainable partnerships seek to increase the quality of life of residents in the border region between the Netherlands, Belgium and Germany.\",\"potentialAction\":[{\"@type\":\"SearchAction\",\"target\":{\"@type\":\"EntryPoint\",\"urlTemplate\":\"https:\/\/euprevent.eu\/fr\/?s={search_term_string}\"},\"query-input\":{\"@type\":\"PropertyValueSpecification\",\"valueRequired\":true,\"valueName\":\"search_term_string\"}}],\"inLanguage\":\"fr-FR\"}]}<\/script>\n<!-- \/ Yoast SEO plugin. -->","yoast_head_json":{"title":"Pour votre organisation - euPrevent","robots":{"index":"noindex","follow":"nofollow"},"og_locale":"fr_FR","og_type":"article","og_title":"Pour votre organisation - euPrevent","og_description":"[vc_row][vc_column][vc_column_text] Pour votre organisation [\/vc_column_text][\/vc_column][\/vc_row][vc_row][vc_column][vc_column_text]euPrevent peut soutenir votre organisation de diff\u00e9rentes mani\u00e8res. Une petite s\u00e9lection de ce que nous faisons :[\/vc_column_text][\/vc_column][\/vc_row][vc_row equal_height=\u00a0\u00bbyes\u00a0\u00bb][vc_column css=\u00a0\u00bb.vc_custom_1632829967944{padding-top: 30px !important;padding-right: 30px !important;padding-bottom: 30px !important;padding-left: 30px !important;background-color: #f6f6f6 !important;border-radius: 15px !important;}\u00a0\u00bb el_class=\u00a0\u00bbgrey-block\u00a0\u00bb offset=\u00a0\u00bbvc_col-lg-4 vc_col-md-4&Prime;][vc_column_text]Organiser des activit\u00e9s, des ateliers, des sommets citoyens et des journ\u00e9es d\u2019\u00e9tude.[\/vc_column_text][\/vc_column][vc_column css=\u00a0\u00bb.vc_custom_1632829973873{padding-top: 30px !important;padding-right: 30px !important;padding-bottom: 30px [&hellip;]","og_url":"https:\/\/euprevent.eu\/fr\/a-propos-de-euprevent\/bureau-d-appui\/pour-votre-organisation\/","og_site_name":"euPrevent","article_modified_time":"2022-01-18T12:49:50+00:00","twitter_card":"summary_large_image","twitter_misc":{"Dur\u00e9e de lecture estim\u00e9e":"1 minute"},"schema":{"@context":"https:\/\/schema.org","@graph":[{"@type":"WebPage","@id":"https:\/\/euprevent.eu\/fr\/a-propos-de-euprevent\/bureau-d-appui\/pour-votre-organisation\/","url":"https:\/\/euprevent.eu\/fr\/a-propos-de-euprevent\/bureau-d-appui\/pour-votre-organisation\/","name":"Pour votre organisation - euPrevent","isPartOf":{"@id":"https:\/\/euprevent.eu\/fr\/#website"},"datePublished":"2022-01-03T11:35:52+00:00","dateModified":"2022-01-18T12:49:50+00:00","breadcrumb":{"@id":"https:\/\/euprevent.eu\/fr\/a-propos-de-euprevent\/bureau-d-appui\/pour-votre-organisation\/#breadcrumb"},"inLanguage":"fr-FR","potentialAction":[{"@type":"ReadAction","target":["https:\/\/euprevent.eu\/fr\/a-propos-de-euprevent\/bureau-d-appui\/pour-votre-organisation\/"]}]},{"@type":"BreadcrumbList","@id":"https:\/\/euprevent.eu\/fr\/a-propos-de-euprevent\/bureau-d-appui\/pour-votre-organisation\/#breadcrumb","itemListElement":[{"@type":"ListItem","position":1,"name":"Home","item":"https:\/\/euprevent.eu\/fr\/"},{"@type":"ListItem","position":2,"name":"\u00c0 propos d&#8217;euPrevent","item":"https:\/\/euprevent.eu\/fr\/a-propos-de-euprevent\/"},{"@type":"ListItem","position":3,"name":"Bureau d&#8217;appui","item":"https:\/\/euprevent.eu\/fr\/a-propos-de-euprevent\/bureau-d-appui\/"},{"@type":"ListItem","position":4,"name":"Pour votre organisation"}]},{"@type":"WebSite","@id":"https:\/\/euprevent.eu\/fr\/#website","url":"https:\/\/euprevent.eu\/fr\/","name":"euPrevent","description":"euPrevent is a Euroregional network that focuses on promoting health. Within this network, sustainable partnerships seek to increase the quality of life of residents in the border region between the Netherlands, Belgium and Germany.","potentialAction":[{"@type":"SearchAction","target":{"@type":"EntryPoint","urlTemplate":"https:\/\/euprevent.eu\/fr\/?s={search_term_string}"},"query-input":{"@type":"PropertyValueSpecification","valueRequired":true,"valueName":"search_term_string"}}],"inLanguage":"fr-FR"}]}},"_links":{"self":[{"href":"https:\/\/euprevent.eu\/fr\/wp-json\/wp\/v2\/pages\/16934","targetHints":{"allow":["GET"]}}],"collection":[{"href":"https:\/\/euprevent.eu\/fr\/wp-json\/wp\/v2\/pages"}],"about":[{"href":"https:\/\/euprevent.eu\/fr\/wp-json\/wp\/v2\/types\/page"}],"author":[{"embeddable":true,"href":"https:\/\/euprevent.eu\/fr\/wp-json\/wp\/v2\/users\/3"}],"replies":[{"embeddable":true,"href":"https:\/\/euprevent.eu\/fr\/wp-json\/wp\/v2\/comments?post=16934"}],"version-history":[{"count":3,"href":"https:\/\/euprevent.eu\/fr\/wp-json\/wp\/v2\/pages\/16934\/revisions"}],"predecessor-version":[{"id":17210,"href":"https:\/\/euprevent.eu\/fr\/wp-json\/wp\/v2\/pages\/16934\/revisions\/17210"}],"up":[{"embeddable":true,"href":"https:\/\/euprevent.eu\/fr\/wp-json\/wp\/v2\/pages\/16983"}],"wp:attachment":[{"href":"https:\/\/euprevent.eu\/fr\/wp-json\/wp\/v2\/media?parent=16934"}],"curies":[{"name":"wp","href":"https:\/\/api.w.org\/{rel}","templated":true}]}}