


{"id":13214,"date":"2020-07-24T14:41:15","date_gmt":"2020-07-24T14:41:15","guid":{"rendered":"https:\/\/euprevent.eu\/?page_id=13214"},"modified":"2020-07-24T15:26:48","modified_gmt":"2020-07-24T15:26:48","slug":"financiers-she","status":"publish","type":"page","link":"https:\/\/euprevent.eu\/fr\/financiers-she\/","title":{"rendered":"Financiers SHE"},"content":{"rendered":"<h1>Les bailleurs de fonds Projet SHE<\/h1>\n<p>Le projet SHE a \u00e9t\u00e9 rendu possible gr\u00e2ce au soutien financier de:<\/p>\n<ul>\n<li>INTERREG V A Deutschland-Nederland<\/li>\n<li>Province du Limbourg<\/li>\n<li>Minist\u00e8re des affaires \u00e9conomiques, de l\u2019innovation, de la digitalisation et de l\u2019\u00e9nergie du Land de Rh\u00e9nanie du Nord-Westphalie<\/li>\n<\/ul>\n","protected":false},"excerpt":{"rendered":"<p>Les bailleurs de fonds Projet SHE Le projet SHE a \u00e9t\u00e9 rendu possible gr\u00e2ce au soutien financier de: INTERREG V A Deutschland-Nederland Province du Limbourg Minist\u00e8re des affaires \u00e9conomiques, de l\u2019innovation, de la digitalisation et de l\u2019\u00e9nergie du Land de Rh\u00e9nanie du Nord-Westphalie<\/p>\n","protected":false},"author":3,"featured_media":0,"parent":0,"menu_order":0,"comment_status":"closed","ping_status":"closed","template":"","meta":{"_acf_changed":false,"footnotes":""},"class_list":["post-13214","page","type-page","status-publish","hentry","programmes-crossing-programmes"],"acf":[],"yoast_head":"<!-- This site is optimized with the Yoast SEO plugin v26.8 - https:\/\/yoast.com\/product\/yoast-seo-wordpress\/ -->\n<title>Financiers SHE - euPrevent<\/title>\n<meta name=\"robots\" content=\"index, follow, max-snippet:-1, max-image-preview:large, max-video-preview:-1\" \/>\n<link rel=\"canonical\" href=\"https:\/\/euprevent.eu\/fr\/financiers-she\/\" \/>\n<meta property=\"og:locale\" content=\"fr_FR\" \/>\n<meta property=\"og:type\" content=\"article\" \/>\n<meta property=\"og:title\" content=\"Financiers SHE - euPrevent\" \/>\n<meta property=\"og:description\" content=\"Les bailleurs de fonds Projet SHE Le projet SHE a \u00e9t\u00e9 rendu possible gr\u00e2ce au soutien financier de: INTERREG V A Deutschland-Nederland Province du Limbourg Minist\u00e8re des affaires \u00e9conomiques, de l\u2019innovation, de la digitalisation et de l\u2019\u00e9nergie du Land de Rh\u00e9nanie du Nord-Westphalie\" \/>\n<meta property=\"og:url\" content=\"https:\/\/euprevent.eu\/fr\/financiers-she\/\" \/>\n<meta property=\"og:site_name\" content=\"euPrevent\" \/>\n<meta property=\"article:modified_time\" content=\"2020-07-24T15:26:48+00:00\" \/>\n<meta name=\"twitter:card\" content=\"summary_large_image\" \/>\n<script type=\"application\/ld+json\" class=\"yoast-schema-graph\">{\"@context\":\"https:\/\/schema.org\",\"@graph\":[{\"@type\":\"WebPage\",\"@id\":\"https:\/\/euprevent.eu\/fr\/financiers-she\/\",\"url\":\"https:\/\/euprevent.eu\/fr\/financiers-she\/\",\"name\":\"Financiers SHE - euPrevent\",\"isPartOf\":{\"@id\":\"https:\/\/euprevent.eu\/fr\/#website\"},\"datePublished\":\"2020-07-24T14:41:15+00:00\",\"dateModified\":\"2020-07-24T15:26:48+00:00\",\"breadcrumb\":{\"@id\":\"https:\/\/euprevent.eu\/fr\/financiers-she\/#breadcrumb\"},\"inLanguage\":\"fr-FR\",\"potentialAction\":[{\"@type\":\"ReadAction\",\"target\":[\"https:\/\/euprevent.eu\/fr\/financiers-she\/\"]}]},{\"@type\":\"BreadcrumbList\",\"@id\":\"https:\/\/euprevent.eu\/fr\/financiers-she\/#breadcrumb\",\"itemListElement\":[{\"@type\":\"ListItem\",\"position\":1,\"name\":\"Home\",\"item\":\"https:\/\/euprevent.eu\/fr\/\"},{\"@type\":\"ListItem\",\"position\":2,\"name\":\"Financiers SHE\"}]},{\"@type\":\"WebSite\",\"@id\":\"https:\/\/euprevent.eu\/fr\/#website\",\"url\":\"https:\/\/euprevent.eu\/fr\/\",\"name\":\"euPrevent\",\"description\":\"euPrevent is a Euroregional network that focuses on promoting health. Within this network, sustainable partnerships seek to increase the quality of life of residents in the border region between the Netherlands, Belgium and Germany.\",\"potentialAction\":[{\"@type\":\"SearchAction\",\"target\":{\"@type\":\"EntryPoint\",\"urlTemplate\":\"https:\/\/euprevent.eu\/fr\/?s={search_term_string}\"},\"query-input\":{\"@type\":\"PropertyValueSpecification\",\"valueRequired\":true,\"valueName\":\"search_term_string\"}}],\"inLanguage\":\"fr-FR\"}]}<\/script>\n<!-- \/ Yoast SEO plugin. -->","yoast_head_json":{"title":"Financiers SHE - euPrevent","robots":{"index":"index","follow":"follow","max-snippet":"max-snippet:-1","max-image-preview":"max-image-preview:large","max-video-preview":"max-video-preview:-1"},"canonical":"https:\/\/euprevent.eu\/fr\/financiers-she\/","og_locale":"fr_FR","og_type":"article","og_title":"Financiers SHE - euPrevent","og_description":"Les bailleurs de fonds Projet SHE Le projet SHE a \u00e9t\u00e9 rendu possible gr\u00e2ce au soutien financier de: INTERREG V A Deutschland-Nederland Province du Limbourg Minist\u00e8re des affaires \u00e9conomiques, de l\u2019innovation, de la digitalisation et de l\u2019\u00e9nergie du Land de Rh\u00e9nanie du Nord-Westphalie","og_url":"https:\/\/euprevent.eu\/fr\/financiers-she\/","og_site_name":"euPrevent","article_modified_time":"2020-07-24T15:26:48+00:00","twitter_card":"summary_large_image","schema":{"@context":"https:\/\/schema.org","@graph":[{"@type":"WebPage","@id":"https:\/\/euprevent.eu\/fr\/financiers-she\/","url":"https:\/\/euprevent.eu\/fr\/financiers-she\/","name":"Financiers SHE - euPrevent","isPartOf":{"@id":"https:\/\/euprevent.eu\/fr\/#website"},"datePublished":"2020-07-24T14:41:15+00:00","dateModified":"2020-07-24T15:26:48+00:00","breadcrumb":{"@id":"https:\/\/euprevent.eu\/fr\/financiers-she\/#breadcrumb"},"inLanguage":"fr-FR","potentialAction":[{"@type":"ReadAction","target":["https:\/\/euprevent.eu\/fr\/financiers-she\/"]}]},{"@type":"BreadcrumbList","@id":"https:\/\/euprevent.eu\/fr\/financiers-she\/#breadcrumb","itemListElement":[{"@type":"ListItem","position":1,"name":"Home","item":"https:\/\/euprevent.eu\/fr\/"},{"@type":"ListItem","position":2,"name":"Financiers SHE"}]},{"@type":"WebSite","@id":"https:\/\/euprevent.eu\/fr\/#website","url":"https:\/\/euprevent.eu\/fr\/","name":"euPrevent","description":"euPrevent is a Euroregional network that focuses on promoting health. Within this network, sustainable partnerships seek to increase the quality of life of residents in the border region between the Netherlands, Belgium and Germany.","potentialAction":[{"@type":"SearchAction","target":{"@type":"EntryPoint","urlTemplate":"https:\/\/euprevent.eu\/fr\/?s={search_term_string}"},"query-input":{"@type":"PropertyValueSpecification","valueRequired":true,"valueName":"search_term_string"}}],"inLanguage":"fr-FR"}]}},"_links":{"self":[{"href":"https:\/\/euprevent.eu\/fr\/wp-json\/wp\/v2\/pages\/13214","targetHints":{"allow":["GET"]}}],"collection":[{"href":"https:\/\/euprevent.eu\/fr\/wp-json\/wp\/v2\/pages"}],"about":[{"href":"https:\/\/euprevent.eu\/fr\/wp-json\/wp\/v2\/types\/page"}],"author":[{"embeddable":true,"href":"https:\/\/euprevent.eu\/fr\/wp-json\/wp\/v2\/users\/3"}],"replies":[{"embeddable":true,"href":"https:\/\/euprevent.eu\/fr\/wp-json\/wp\/v2\/comments?post=13214"}],"version-history":[{"count":2,"href":"https:\/\/euprevent.eu\/fr\/wp-json\/wp\/v2\/pages\/13214\/revisions"}],"predecessor-version":[{"id":13232,"href":"https:\/\/euprevent.eu\/fr\/wp-json\/wp\/v2\/pages\/13214\/revisions\/13232"}],"wp:attachment":[{"href":"https:\/\/euprevent.eu\/fr\/wp-json\/wp\/v2\/media?parent=13214"}],"curies":[{"name":"wp","href":"https:\/\/api.w.org\/{rel}","templated":true}]}}