


{"id":13014,"date":"2020-06-29T15:02:52","date_gmt":"2020-06-29T15:02:52","guid":{"rendered":"https:\/\/euprevent.eu\/?page_id=13014"},"modified":"2022-05-02T09:46:32","modified_gmt":"2022-05-02T08:46:32","slug":"she","status":"publish","type":"page","link":"https:\/\/euprevent.eu\/fr\/she\/","title":{"rendered":"Projet Sustainable Healthy ERMN"},"content":{"rendered":"<section class=\"wpb-content-wrapper\"><p>[vc_row][vc_column][vc_column_text]<\/p>\n<h1>Sustainable Healthy ERMN (SHE)<\/h1>\n<p>Une r\u00e9gion frontali\u00e8re forte a \u00e9galement besoin de citoyens en bonne sant\u00e9. Ce projet vise donc \u00e0 \u00e9tablir un r\u00e9seau structurel de coop\u00e9ration entre les services de sant\u00e9 publique de l&rsquo;Euror\u00e9gion Rhin-Meuse-Nord (ERMN) afin que les connaissances en mati\u00e8re de sant\u00e9 publique puissent \u00eatre \u00e9chang\u00e9es et am\u00e9lior\u00e9es.[\/vc_column_text][\/vc_column][\/vc_row][vc_row gap=\u00a0\u00bb25&Prime; content_placement=\u00a0\u00bbmiddle\u00a0\u00bb][vc_column width=\u00a0\u00bb1\/2&Prime; css=\u00a0\u00bb.vc_custom_1593440590006{margin-bottom: 25px !important;padding-top: 25px !important;background-color: #ededed !important;border-radius: 5px !important;}\u00a0\u00bb][vc_column_text css=\u00a0\u00bb.vc_custom_1651481187665{margin-bottom: 5px !important;padding-bottom: 5px !important;}\u00a0\u00bb]<\/p>\n<h3>Cadre du projet<\/h3>\n<p><strong>Groupe cible<\/strong>: Citoyens de l&rsquo;ERMN, instituts de sant\u00e9 publique participants et leurs partenaires de r\u00e9seau<br \/>\n<strong>Point final<\/strong>: 1er juillet 2020 &#8211; 31 d\u00e9cembre 2022[\/vc_column_text][vc_btn title=\u00a0\u00bbFinanciers\u00a0\u00bb color=\u00a0\u00bbprimary\u00a0\u00bb size=\u00a0\u00bbsm\u00a0\u00bb link=\u00a0\u00bburl:https%3A%2F%2Feuprevent.eu%2Ffr%2Ffinanciers-she%2F%20|||\u00a0\u00bb][vc_btn title=\u00a0\u00bbPartners\u00a0\u00bb color=\u00a0\u00bbprimary\u00a0\u00bb size=\u00a0\u00bbsm\u00a0\u00bb link=\u00a0\u00bburl:%2Fpartner%2F%3Fprojects%3DProject-SHE|||\u00a0\u00bb][\/vc_column][vc_column width=\u00a0\u00bb1\/2&Prime;][vc_single_image image=\u00a0\u00bb12995&Prime; img_size=\u00a0\u00bbfull\u00a0\u00bb alignment=\u00a0\u00bbcenter\u00a0\u00bb onclick=\u00a0\u00bbcustom_link\u00a0\u00bb css=\u00a0\u00bb.vc_custom_1593509273681{padding-right: 35px !important;padding-left: 35px !important;}\u00a0\u00bb link=\u00a0\u00bbhttps:\/\/www.deutschland-nederland.eu\/en\/\u00a0\u00bb][\/vc_column][\/vc_row][vc_row][vc_column][vc_column_text]<\/p>\n<h2>Contexte du projet<\/h2>\n<p>La province du Limbourg a pris l&rsquo;initiative de demander \u00e0 euPrevent d&rsquo;\u00e9laborer un plan de mise en \u0153uvre avec des fers de lance pour 2018-2020. Apr\u00e8s de nombreuses discussions avec les parties prenantes du Limbourg et de l&rsquo;Allemagne, y compris l&rsquo;ERMN, la province du Limbourg a d\u00e9cid\u00e9 de nommer temporairement euPrevent comme courtier de connaissances eur\u00e9gional et de leur demander de mettre en place un r\u00e9seau eur\u00e9gional structurel dans le domaine de la sant\u00e9 publique dans la zone de travail de l&rsquo;ERMN. Ce projet Interreg a vu le jour car il r\u00e9pondait aux souhaits des organismes publics de soins de sant\u00e9.[\/vc_column_text][\/vc_column][\/vc_row][vc_row][vc_column][vc_column_text]<\/p>\n<h2>Axes du projet<\/h2>\n<p>L&rsquo;objectif du projet est d&rsquo;acqu\u00e9rir des connaissances sur la structure sanitaire des syst\u00e8mes de sant\u00e9 publique dans l&rsquo;ERMN et de partager ces connaissances au niveau transfrontalier, afin de renforcer la capacit\u00e9 de collaboration sur les questions transfrontali\u00e8res li\u00e9es \u00e0 la sant\u00e9 publique.[\/vc_column_text][\/vc_column][\/vc_row][vc_row][vc_column][vc_column_text]<\/p>\n<h2>Activit\u00e9s<\/h2>\n<p>Des ateliers seront organis\u00e9s dans les instituts de sant\u00e9 publique participants, tant du c\u00f4t\u00e9 n\u00e9erlandais que du c\u00f4t\u00e9 allemand, afin de mieux conna\u00eetre le fonctionnement du syst\u00e8me de r\u00e9ciprocit\u00e9 et d&rsquo;en savoir plus sur la mani\u00e8re dont ils travaillent en ce qui concerne:<\/p>\n<ul>\n<li>les maladies transmissibles : il s&rsquo;agit par exemple du Covid-19, de la grippe, de la rougeole ;<\/li>\n<li>Une jeunesse en bonne sant\u00e9 : cela inclut des sujets tels que la \u00ab\u00a0g\u00e9n\u00e9ration sans tabac\u00a0\u00bb et la consommation d&rsquo;alcool. Cela concerne en particulier le comportement \u00e0 haut risque des jeunes ;<\/li>\n<li>Les groupes cibles qui sont difficiles \u00e0 atteindre ;<\/li>\n<li>Les migrants.<\/li>\n<\/ul>\n<p>Des cours de formation et des stages seront organis\u00e9s afin de partager les connaissances et de les \u00e9largir.<\/p>\n<p>Un sommet des citoyens sera organis\u00e9 pour entendre l&rsquo;exp\u00e9rience et les opinions des citoyens dans le domaine de la sant\u00e9 publique.<\/p>\n<p>\u00c0 la fin du projet, un rapport sera \u00e9tabli sur la fa\u00e7on dont un r\u00e9seau structurel devrait et pourrait ressembler au r\u00e9seau ERMN et sur ce qui doit \u00eatre fait pour y parvenir.[\/vc_column_text][\/vc_column][\/vc_row][vc_row][vc_column][vc_column_text]<\/p>\n<h2>R\u00e9sultats<\/h2>\n<p>Les premi\u00e8res mesures seront prises pour cr\u00e9er un r\u00e9seau transfrontalier de sant\u00e9 publique dans le cadre de l&rsquo;ERMN. Cela nous aidera \u00e0 identifier les objectifs de d\u00e9veloppement durable (SDG) tels que promus par l&rsquo;ONU et l&rsquo;OMS, afin que la sant\u00e9 devienne partie int\u00e9grante de la coop\u00e9ration euror\u00e9gionale.[\/vc_column_text][\/vc_column][\/vc_row][vc_row][vc_column][vc_column_text]\t<div class=\"clearfix\"><\/div>\r\n\t<div class=\"panel-events_and_news\">\r\n\t\t<div class=\"row\">\r\n\r\n            \r\n            \t\t\t<div class=\"col-sm-12 col-md-6\" id=\"events\">\r\n\t\t\t\t<h3>Ev\u00e9nements<\/h3>\r\n\t\t\t\t\t\t\t\t\t\t\t\t\t\t\t\t<h2><span class=\"hidden\">Ev\u00e9nements - <\/span>R\u00e9trospective<\/h2>\r\n\t\t\t\t\t\t\t\r\n\t\t\t\t\t\t<div class=\"event media past\">\r\n\t\t\t\t\t\t\t<a class=\"overlay\" href=\"https:\/\/euprevent.eu\/fr\/event\/she-stakeholders-conference\/\"><\/a>\r\n\t\t\t\t\t\t\t\t\t\t\t\t\t\t<div class=\"thumb pull-left\" style=\"background-image: url('https:\/\/euprevent.eu\/wp-content\/uploads\/2021\/10\/0001-scaled.jpg');\"><\/div>\r\n\t\t\t\t\t\t\t<div class=\"event-info-table\">\r\n\t\t\t\t\t\t\t\t<div class=\"event-info-table-row\">\r\n\t\t\t\t\t\t\t\t\t<div class=\"event-info-table-cell\">\r\n\t\t\t\t\t\t\t\t\t\t<h3>Digital Stakeholders' Conference Sustainable Healthy ERMN (SHE)<\/h3>\r\n                                        <p>2 d\u00e9cembre 2021<\/p>\r\n\t\t\t\t\t\t\t\t\t<\/div>\r\n\t\t\t\t\t\t\t\t<\/div>\r\n\t\t\t\t\t\t\t<\/div>\r\n\t\t\t\t\t\t<\/div>\r\n\r\n\t\t\t\t\t\t\r\n\t\t\t\t\t\t<div class=\"event media past\">\r\n\t\t\t\t\t\t\t<a class=\"overlay\" href=\"https:\/\/euprevent.eu\/fr\/event\/citizens-summits-on-cross-border-public-health-services\/\"><\/a>\r\n\t\t\t\t\t\t\t\t\t\t\t\t\t\t<div class=\"thumb pull-left\" style=\"background-image: url('https:\/\/euprevent.eu\/wp-content\/uploads\/2021\/07\/she-logo.png');\"><\/div>\r\n\t\t\t\t\t\t\t<div class=\"event-info-table\">\r\n\t\t\t\t\t\t\t\t<div class=\"event-info-table-row\">\r\n\t\t\t\t\t\t\t\t\t<div class=\"event-info-table-cell\">\r\n\t\t\t\t\t\t\t\t\t\t<h3>Citizens\u2019 summits on cross-border public health services<\/h3>\r\n                                        <p>16 octobre 2021 - 13 novembre 2021<\/p>\r\n\t\t\t\t\t\t\t\t\t<\/div>\r\n\t\t\t\t\t\t\t\t<\/div>\r\n\t\t\t\t\t\t\t<\/div>\r\n\t\t\t\t\t\t<\/div>\r\n\r\n\t\t\t\t\t\t\r\n\t\t\t\t\t\t<div class=\"event media past\">\r\n\t\t\t\t\t\t\t<a class=\"overlay\" href=\"https:\/\/euprevent.eu\/fr\/event\/digitale-kick-off-euprevent-she\/\"><\/a>\r\n\t\t\t\t\t\t\t\t\t\t\t\t\t\t<div class=\"thumb pull-left\" style=\"background-image: url('https:\/\/euprevent.eu\/wp-content\/uploads\/2020\/12\/she-project-1.jpg');\"><\/div>\r\n\t\t\t\t\t\t\t<div class=\"event-info-table\">\r\n\t\t\t\t\t\t\t\t<div class=\"event-info-table-row\">\r\n\t\t\t\t\t\t\t\t\t<div class=\"event-info-table-cell\">\r\n\t\t\t\t\t\t\t\t\t\t<h3>Digitale Kick-off euPrevent SHE<\/h3>\r\n                                        <p>28 janvier 2021<\/p>\r\n\t\t\t\t\t\t\t\t\t<\/div>\r\n\t\t\t\t\t\t\t\t<\/div>\r\n\t\t\t\t\t\t\t<\/div>\r\n\t\t\t\t\t\t<\/div>\r\n\r\n\t\t\t\t\t\t\t\t\t\t\t<div class=\"text-center p-5\"><a class=\"btn btn-sm btn-default\" href=\"https:\/\/euprevent.eu\/fr\/event\/\">tous les \u00e9v\u00e9nements<\/a><\/div>\r\n\t\t\t\t\t\t\t\t<\/div>\r\n\r\n            \r\n            \t\t\t<div class=\"col-sm-12 col-md-6\" id=\"news\">\r\n\t\t\t\t<h3>Nouvelles<\/h3>\r\n\t\t\t\t\t\t\t\t\t\t\t\t\t\t\t<div class=\"newsitem\">\r\n\t\t\t\t\t\t\t<a class=\"overlay\" href=\"https:\/\/euprevent.eu\/fr\/euregional-youth-survey-in-the-ermn-yes-2023\/\"><\/a>\r\n                            <div class=\"thumb pull-left\" style=\"background-image: url('https:\/\/euprevent.eu\/wp-content\/uploads\/2023\/03\/YES.png');\"><\/div>\r\n\t\t\t\t\t\t\t<div class=\"news-info-table\">\r\n\t\t\t\t\t\t\t\t<div class=\"news-info-table-row\">\r\n\t\t\t\t\t\t\t\t\t<div class=\"news-info-table-cell\">\r\n\t\t\t\t\t\t\t\t\t\t<p>16 March 2023<\/p>\r\n\t\t\t\t\t\t\t\t\t\t<h3>Enqu\u00eate euro-r\u00e9gionale aupr\u00e8s des jeunes dans l\u2019EMRN : YES 2023<\/h3>\r\n\t\t\t\t\t\t\t\t\t<\/div>\r\n\t\t\t\t\t\t\t\t<\/div>\r\n\t\t\t\t\t\t\t<\/div>\r\n\t\t\t\t\t\t<\/div>\r\n\t\t\t\t\t\t\t\t\t\t\t\t<div class=\"newsitem\">\r\n\t\t\t\t\t\t\t<a class=\"overlay\" href=\"https:\/\/euprevent.eu\/fr\/euprevent-accueille-de-nouveaux-partenaires\/\"><\/a>\r\n                            <div class=\"thumb pull-left\" style=\"background-image: url('https:\/\/euprevent.eu\/wp-content\/uploads\/2022\/11\/253557P.jpg');\"><\/div>\r\n\t\t\t\t\t\t\t<div class=\"news-info-table\">\r\n\t\t\t\t\t\t\t\t<div class=\"news-info-table-row\">\r\n\t\t\t\t\t\t\t\t\t<div class=\"news-info-table-cell\">\r\n\t\t\t\t\t\t\t\t\t\t<p>1 December 2022<\/p>\r\n\t\t\t\t\t\t\t\t\t\t<h3>euPrevent accueille de nouveaux partenaires!<\/h3>\r\n\t\t\t\t\t\t\t\t\t<\/div>\r\n\t\t\t\t\t\t\t\t<\/div>\r\n\t\t\t\t\t\t\t<\/div>\r\n\t\t\t\t\t\t<\/div>\r\n\t\t\t\t\t\t\t\t\t\t\t\t<div class=\"newsitem\">\r\n\t\t\t\t\t\t\t<a class=\"overlay\" href=\"https:\/\/euprevent.eu\/fr\/project-she-wordt-gelanceerd\/\"><\/a>\r\n                            <div class=\"thumb pull-left\" style=\"background-image: url('');\"><\/div>\r\n\t\t\t\t\t\t\t<div class=\"news-info-table\">\r\n\t\t\t\t\t\t\t\t<div class=\"news-info-table-row\">\r\n\t\t\t\t\t\t\t\t\t<div class=\"news-info-table-cell\">\r\n\t\t\t\t\t\t\t\t\t\t<p>11 December 2020<\/p>\r\n\t\t\t\t\t\t\t\t\t\t<h3>Le projet SHE est lanc\u00e9<\/h3>\r\n\t\t\t\t\t\t\t\t\t<\/div>\r\n\t\t\t\t\t\t\t\t<\/div>\r\n\t\t\t\t\t\t\t<\/div>\r\n\t\t\t\t\t\t<\/div>\r\n\t\t\t\t\t\t\t\t\t\t\t<div class=\"text-center p-5\"><a class=\"btn btn-sm btn-default\" href=\"https:\/\/euprevent.eu\/fr\/nouvelles\/\">Toutes les nouvelles<\/a><\/div>\r\n\t\t\t\t\t\t\t\t<\/div>\r\n            \r\n\t\t<\/div>\r\n\t<\/div>\r\n\r\n\t[\/vc_column_text][\/vc_column][\/vc_row][vc_row][vc_column][vc_single_image image=\u00a0\u00bb13030&Prime; img_size=\u00a0\u00bbfull\u00a0\u00bb][\/vc_column][\/vc_row]<\/p>\n<\/section>","protected":false},"excerpt":{"rendered":"<p>[vc_row][vc_column][vc_column_text] Sustainable Healthy ERMN (SHE) Une r\u00e9gion frontali\u00e8re forte a \u00e9galement besoin de citoyens en bonne sant\u00e9. Ce projet vise donc \u00e0 \u00e9tablir un r\u00e9seau structurel de coop\u00e9ration entre les services de sant\u00e9 publique de l&rsquo;Euror\u00e9gion Rhin-Meuse-Nord (ERMN) afin que les connaissances en mati\u00e8re de sant\u00e9 publique puissent \u00eatre \u00e9chang\u00e9es et am\u00e9lior\u00e9es.[\/vc_column_text][\/vc_column][\/vc_row][vc_row gap=\u00a0\u00bb25&Prime; content_placement=\u00a0\u00bbmiddle\u00a0\u00bb][vc_column width=\u00a0\u00bb1\/2&Prime; [&hellip;]<\/p>\n","protected":false},"author":1,"featured_media":0,"parent":0,"menu_order":0,"comment_status":"closed","ping_status":"closed","template":"","meta":{"_acf_changed":false,"footnotes":""},"class_list":["post-13014","page","type-page","status-publish","hentry","programmes-crossing-programmes"],"acf":[],"yoast_head":"<!-- This site is optimized with the Yoast SEO plugin v27.5 - https:\/\/yoast.com\/product\/yoast-seo-wordpress\/ -->\n<title>Projet Sustainable Healthy ERMN - euPrevent<\/title>\n<meta name=\"robots\" content=\"index, follow, max-snippet:-1, max-image-preview:large, max-video-preview:-1\" \/>\n<link rel=\"canonical\" href=\"https:\/\/euprevent.eu\/fr\/she\/\" \/>\n<meta property=\"og:locale\" content=\"fr_FR\" \/>\n<meta property=\"og:type\" content=\"article\" \/>\n<meta property=\"og:title\" content=\"Projet Sustainable Healthy ERMN - euPrevent\" \/>\n<meta property=\"og:description\" content=\"[vc_row][vc_column][vc_column_text] Sustainable Healthy ERMN (SHE) Une r\u00e9gion frontali\u00e8re forte a \u00e9galement besoin de citoyens en bonne sant\u00e9. Ce projet vise donc \u00e0 \u00e9tablir un r\u00e9seau structurel de coop\u00e9ration entre les services de sant\u00e9 publique de l&rsquo;Euror\u00e9gion Rhin-Meuse-Nord (ERMN) afin que les connaissances en mati\u00e8re de sant\u00e9 publique puissent \u00eatre \u00e9chang\u00e9es et am\u00e9lior\u00e9es.[\/vc_column_text][\/vc_column][\/vc_row][vc_row gap=\u00a0\u00bb25&Prime; content_placement=\u00a0\u00bbmiddle\u00a0\u00bb][vc_column width=\u00a0\u00bb1\/2&Prime; [&hellip;]\" \/>\n<meta property=\"og:url\" content=\"https:\/\/euprevent.eu\/fr\/she\/\" \/>\n<meta property=\"og:site_name\" content=\"euPrevent\" \/>\n<meta property=\"article:modified_time\" content=\"2022-05-02T08:46:32+00:00\" \/>\n<meta name=\"twitter:card\" content=\"summary_large_image\" \/>\n<meta name=\"twitter:label1\" content=\"Dur\u00e9e de lecture estim\u00e9e\" \/>\n\t<meta name=\"twitter:data1\" content=\"3 minutes\" \/>\n<script type=\"application\/ld+json\" class=\"yoast-schema-graph\">{\"@context\":\"https:\\\/\\\/schema.org\",\"@graph\":[{\"@type\":\"WebPage\",\"@id\":\"https:\\\/\\\/euprevent.eu\\\/fr\\\/she\\\/\",\"url\":\"https:\\\/\\\/euprevent.eu\\\/fr\\\/she\\\/\",\"name\":\"Projet Sustainable Healthy ERMN - euPrevent\",\"isPartOf\":{\"@id\":\"https:\\\/\\\/euprevent.eu\\\/fr\\\/#website\"},\"datePublished\":\"2020-06-29T15:02:52+00:00\",\"dateModified\":\"2022-05-02T08:46:32+00:00\",\"breadcrumb\":{\"@id\":\"https:\\\/\\\/euprevent.eu\\\/fr\\\/she\\\/#breadcrumb\"},\"inLanguage\":\"fr-FR\",\"potentialAction\":[{\"@type\":\"ReadAction\",\"target\":[\"https:\\\/\\\/euprevent.eu\\\/fr\\\/she\\\/\"]}]},{\"@type\":\"BreadcrumbList\",\"@id\":\"https:\\\/\\\/euprevent.eu\\\/fr\\\/she\\\/#breadcrumb\",\"itemListElement\":[{\"@type\":\"ListItem\",\"position\":1,\"name\":\"Home\",\"item\":\"https:\\\/\\\/euprevent.eu\\\/fr\\\/\"},{\"@type\":\"ListItem\",\"position\":2,\"name\":\"Projet Sustainable Healthy ERMN\"}]},{\"@type\":\"WebSite\",\"@id\":\"https:\\\/\\\/euprevent.eu\\\/fr\\\/#website\",\"url\":\"https:\\\/\\\/euprevent.eu\\\/fr\\\/\",\"name\":\"euPrevent\",\"description\":\"euPrevent is a Euroregional network that focuses on promoting health. Within this network, sustainable partnerships seek to increase the quality of life of residents in the border region between the Netherlands, Belgium and Germany.\",\"potentialAction\":[{\"@type\":\"SearchAction\",\"target\":{\"@type\":\"EntryPoint\",\"urlTemplate\":\"https:\\\/\\\/euprevent.eu\\\/fr\\\/?s={search_term_string}\"},\"query-input\":{\"@type\":\"PropertyValueSpecification\",\"valueRequired\":true,\"valueName\":\"search_term_string\"}}],\"inLanguage\":\"fr-FR\"}]}<\/script>\n<!-- \/ Yoast SEO plugin. -->","yoast_head_json":{"title":"Projet Sustainable Healthy ERMN - euPrevent","robots":{"index":"index","follow":"follow","max-snippet":"max-snippet:-1","max-image-preview":"max-image-preview:large","max-video-preview":"max-video-preview:-1"},"canonical":"https:\/\/euprevent.eu\/fr\/she\/","og_locale":"fr_FR","og_type":"article","og_title":"Projet Sustainable Healthy ERMN - euPrevent","og_description":"[vc_row][vc_column][vc_column_text] Sustainable Healthy ERMN (SHE) Une r\u00e9gion frontali\u00e8re forte a \u00e9galement besoin de citoyens en bonne sant\u00e9. Ce projet vise donc \u00e0 \u00e9tablir un r\u00e9seau structurel de coop\u00e9ration entre les services de sant\u00e9 publique de l&rsquo;Euror\u00e9gion Rhin-Meuse-Nord (ERMN) afin que les connaissances en mati\u00e8re de sant\u00e9 publique puissent \u00eatre \u00e9chang\u00e9es et am\u00e9lior\u00e9es.[\/vc_column_text][\/vc_column][\/vc_row][vc_row gap=\u00a0\u00bb25&Prime; content_placement=\u00a0\u00bbmiddle\u00a0\u00bb][vc_column width=\u00a0\u00bb1\/2&Prime; [&hellip;]","og_url":"https:\/\/euprevent.eu\/fr\/she\/","og_site_name":"euPrevent","article_modified_time":"2022-05-02T08:46:32+00:00","twitter_card":"summary_large_image","twitter_misc":{"Dur\u00e9e de lecture estim\u00e9e":"3 minutes"},"schema":{"@context":"https:\/\/schema.org","@graph":[{"@type":"WebPage","@id":"https:\/\/euprevent.eu\/fr\/she\/","url":"https:\/\/euprevent.eu\/fr\/she\/","name":"Projet Sustainable Healthy ERMN - euPrevent","isPartOf":{"@id":"https:\/\/euprevent.eu\/fr\/#website"},"datePublished":"2020-06-29T15:02:52+00:00","dateModified":"2022-05-02T08:46:32+00:00","breadcrumb":{"@id":"https:\/\/euprevent.eu\/fr\/she\/#breadcrumb"},"inLanguage":"fr-FR","potentialAction":[{"@type":"ReadAction","target":["https:\/\/euprevent.eu\/fr\/she\/"]}]},{"@type":"BreadcrumbList","@id":"https:\/\/euprevent.eu\/fr\/she\/#breadcrumb","itemListElement":[{"@type":"ListItem","position":1,"name":"Home","item":"https:\/\/euprevent.eu\/fr\/"},{"@type":"ListItem","position":2,"name":"Projet Sustainable Healthy ERMN"}]},{"@type":"WebSite","@id":"https:\/\/euprevent.eu\/fr\/#website","url":"https:\/\/euprevent.eu\/fr\/","name":"euPrevent","description":"euPrevent is a Euroregional network that focuses on promoting health. Within this network, sustainable partnerships seek to increase the quality of life of residents in the border region between the Netherlands, Belgium and Germany.","potentialAction":[{"@type":"SearchAction","target":{"@type":"EntryPoint","urlTemplate":"https:\/\/euprevent.eu\/fr\/?s={search_term_string}"},"query-input":{"@type":"PropertyValueSpecification","valueRequired":true,"valueName":"search_term_string"}}],"inLanguage":"fr-FR"}]}},"_links":{"self":[{"href":"https:\/\/euprevent.eu\/fr\/wp-json\/wp\/v2\/pages\/13014","targetHints":{"allow":["GET"]}}],"collection":[{"href":"https:\/\/euprevent.eu\/fr\/wp-json\/wp\/v2\/pages"}],"about":[{"href":"https:\/\/euprevent.eu\/fr\/wp-json\/wp\/v2\/types\/page"}],"author":[{"embeddable":true,"href":"https:\/\/euprevent.eu\/fr\/wp-json\/wp\/v2\/users\/1"}],"replies":[{"embeddable":true,"href":"https:\/\/euprevent.eu\/fr\/wp-json\/wp\/v2\/comments?post=13014"}],"version-history":[{"count":12,"href":"https:\/\/euprevent.eu\/fr\/wp-json\/wp\/v2\/pages\/13014\/revisions"}],"predecessor-version":[{"id":18265,"href":"https:\/\/euprevent.eu\/fr\/wp-json\/wp\/v2\/pages\/13014\/revisions\/18265"}],"wp:attachment":[{"href":"https:\/\/euprevent.eu\/fr\/wp-json\/wp\/v2\/media?parent=13014"}],"curies":[{"name":"wp","href":"https:\/\/api.w.org\/{rel}","templated":true}]}}