


{"id":11765,"date":"2019-10-17T12:26:59","date_gmt":"2019-10-17T12:26:59","guid":{"rendered":"https:\/\/euprevent.eu\/project-social-norms-approach\/downloads-euprevent-sna\/"},"modified":"2022-06-10T11:07:05","modified_gmt":"2022-06-10T10:07:05","slug":"downloads-euprevent-sna","status":"publish","type":"page","link":"https:\/\/euprevent.eu\/fr\/project-social-norms-approach\/downloads-euprevent-sna\/","title":{"rendered":"Publications du project euPrevent SNA"},"content":{"rendered":"<section class=\"wpb-content-wrapper\"><p>[vc_row content_placement=\u00a0\u00bbmiddle\u00a0\u00bb][vc_column width=\u00a0\u00bb1\/2&Prime;][vc_row_inner][vc_column_inner width=\u00a0\u00bb2\/3&Prime;][vc_single_image image=\u00a0\u00bb8125&Prime; img_size=\u00a0\u00bbfull\u00a0\u00bb][\/vc_column_inner][vc_column_inner width=\u00a0\u00bb1\/3&Prime;][\/vc_column_inner][\/vc_row_inner][\/vc_column][vc_column width=\u00a0\u00bb1\/2&Prime;][vc_single_image image=\u00a0\u00bb7392&Prime; img_size=\u00a0\u00bbfull\u00a0\u00bb][\/vc_column][\/vc_row][vc_row][vc_column][vc_column_text]<\/p>\n<h1>Publications du project euPrevent SNA<\/h1>\n<h3>2022<\/h3>\n<p><strong>Vide\u00f3s<\/strong><\/p>\n<ul>\n<li><a href=\"https:\/\/youtu.be\/cnabnIUlkfY\">euPrevent SNA Final Conference \u2013 Aude Silverstre<\/a><\/li>\n<li><a href=\"https:\/\/youtu.be\/LcmsWeqmze4\">euPrevent SNA Final Conference \u2013 Guido van Hal<\/a><\/li>\n<li><a href=\"https:\/\/youtu.be\/H_7neerjzbg\">euPrevent SNA Final Conference \u2013 Final discussion with Hans Dupont, Aude Silvestre, Guido van Hal<\/a><\/li>\n<li><a href=\"https:\/\/youtu.be\/214BOYBc5iI\">euPrevent SNA Final Conference \u2013 Jean Paul Esser<\/a><\/li>\n<\/ul>\n<h3>2021<\/h3>\n<p><strong>Vide\u00f3s<\/strong><\/p>\n<ul>\n<li><a href=\"https:\/\/youtu.be\/_DzXpONNbWY\">Profiter de la vie (55+)<\/a><\/li>\n<li><a href=\"https:\/\/youtu.be\/Y0X900QiG6U\">Profiter de la vie (INTERMEDIAIRS)<\/a><\/li>\n<\/ul>\n<p><strong>Flyers<\/strong><\/p>\n<ul>\n<li><a href=\"https:\/\/euprevent.eu\/wp-content\/uploads\/2021\/03\/euPrevent-SNA-Flyer-general-FR.pdf\">euPrevent SNA Flyer g\u00e9n\u00e9ral<\/a><\/li>\n<li><a href=\"https:\/\/euprevent.eu\/wp-content\/uploads\/2021\/03\/euPrevent-SNA-Flyer-professionnel\u00b7le-de-sante-FR.pdf\">euPrevent SNA Flyer professionnel\u00b7le de sant\u00e9<\/a><\/li>\n<li><a href=\"https:\/\/euprevent.eu\/wp-content\/uploads\/2021\/03\/euPrevent-SNA-Flyer-professionnel\u00b7le-de-leducation-FR.pdf\">euPrevent SNA Flyer professionnel\u00b7le de l\u2019\u00e9ducation<\/a><\/li>\n<li><a href=\"https:\/\/euprevent.eu\/wp-content\/uploads\/2021\/03\/euPrevent-SNA-Flyer-employe\u00b7e\u00b7s-et-responsables-communaux\u00b7ales-FR.pdf\">euPrevent SNA Flyer employ\u00e9\u00b7e\u00b7s et responsables communaux\u00b7ales<\/a><\/li>\n<\/ul>\n<p><strong>Rapports et infographies Euroregional Health Survey<\/strong><\/p>\n<ul>\n<li><a href=\"https:\/\/euprevent.eu\/wp-content\/uploads\/2021\/02\/euPrevent-SNA_FR_Report_Resultats_EHS_Jeunes.pdf\">Report R\u00e9sultats de l\u2019Enqu\u00eate de Sant\u00e9 Eur\u00e9gionale Groupe cible les jeunes entre 12 et 26 ans<\/a><\/li>\n<li><a href=\"https:\/\/euprevent.eu\/wp-content\/uploads\/2021\/01\/Infographic-Euroregional-Health-Survey-Resultats-jeunes-12-26-ans.pdf\">Infographic Euroregional Health Survey R\u00e9sultats jeunes 12-26 ans<\/a><\/li>\n<li><a href=\"https:\/\/euprevent.eu\/wp-content\/uploads\/2021\/05\/FR_SNA_Report_Resultats_EHS_Seniors_55.pdf\">Report R\u00e9sultats de l\u2019Enqu\u00eate de Sant\u00e9 Eur\u00e9gionale Groupe cible personnes de 55 ans et plus<\/a><\/li>\n<li><a href=\"https:\/\/euprevent.eu\/wp-content\/uploads\/2021\/01\/Infographic-Euroregional-Health-Survey-Resultats-Seniors-55-ans-et-plus.pdf\">Infographic Euroregional Health Survey R\u00e9sultats S\u00e9niors 55 ans et plus<\/a><\/li>\n<\/ul>\n<h3>2019<\/h3>\n<ul>\n<li><a href=\"https:\/\/euprevent.eu\/wp-content\/uploads\/2019\/10\/Flyer-Euregional-Health-survey_young-people-FR.pdf\">Flyer Euregional Health survey_young people (FR)<\/a><\/li>\n<li><a href=\"https:\/\/euprevent.eu\/wp-content\/uploads\/2019\/10\/Flyer-Euregional-Health-survey_55-FR.pdf\">Flyer Euregional Health survey_55+ (FR)<\/a><\/li>\n<\/ul>\n<h3>2018<\/h3>\n<ul>\n<li><a href=\"https:\/\/euprevent.eu\/wp-content\/uploads\/2020\/07\/General-Poster-euPrevent-SNA-.docx\">Affiche g\u00e9n\u00e9rale du projet euPrevent SNA<\/a><\/li>\n<\/ul>\n<p>[\/vc_column_text][\/vc_column][\/vc_row][vc_row][vc_column][vc_single_image image=\u00a0\u00bb15032&Prime; img_size=\u00a0\u00bbfull\u00a0\u00bb][\/vc_column][\/vc_row]<\/p>\n<\/section>","protected":false},"excerpt":{"rendered":"<p>[vc_row content_placement=\u00a0\u00bbmiddle\u00a0\u00bb][vc_column width=\u00a0\u00bb1\/2&Prime;][vc_row_inner][vc_column_inner width=\u00a0\u00bb2\/3&Prime;][vc_single_image image=\u00a0\u00bb8125&Prime; img_size=\u00a0\u00bbfull\u00a0\u00bb][\/vc_column_inner][vc_column_inner width=\u00a0\u00bb1\/3&Prime;][\/vc_column_inner][\/vc_row_inner][\/vc_column][vc_column width=\u00a0\u00bb1\/2&Prime;][vc_single_image image=\u00a0\u00bb7392&Prime; img_size=\u00a0\u00bbfull\u00a0\u00bb][\/vc_column][\/vc_row][vc_row][vc_column][vc_column_text] Publications du project euPrevent SNA 2022 Vide\u00f3s euPrevent SNA Final Conference \u2013 Aude Silverstre euPrevent SNA Final Conference \u2013 Guido van Hal euPrevent SNA Final Conference \u2013 Final discussion with Hans Dupont, Aude Silvestre, Guido van Hal euPrevent SNA Final Conference \u2013 Jean Paul Esser [&hellip;]<\/p>\n","protected":false},"author":5,"featured_media":0,"parent":7157,"menu_order":0,"comment_status":"closed","ping_status":"closed","template":"","meta":{"_acf_changed":false,"footnotes":""},"class_list":["post-11765","page","type-page","status-publish","hentry","programmes-addiction"],"acf":[],"yoast_head":"<!-- This site is optimized with the Yoast SEO plugin v27.5 - https:\/\/yoast.com\/product\/yoast-seo-wordpress\/ -->\n<title>Publications du project euPrevent SNA - euPrevent<\/title>\n<meta name=\"robots\" content=\"index, follow, max-snippet:-1, max-image-preview:large, max-video-preview:-1\" \/>\n<link rel=\"canonical\" href=\"https:\/\/euprevent.eu\/fr\/project-social-norms-approach\/downloads-euprevent-sna\/\" \/>\n<meta property=\"og:locale\" content=\"fr_FR\" \/>\n<meta property=\"og:type\" content=\"article\" \/>\n<meta property=\"og:title\" content=\"Publications du project euPrevent SNA - euPrevent\" \/>\n<meta property=\"og:description\" content=\"[vc_row content_placement=\u00a0\u00bbmiddle\u00a0\u00bb][vc_column width=\u00a0\u00bb1\/2&Prime;][vc_row_inner][vc_column_inner width=\u00a0\u00bb2\/3&Prime;][vc_single_image image=\u00a0\u00bb8125&Prime; img_size=\u00a0\u00bbfull\u00a0\u00bb][\/vc_column_inner][vc_column_inner width=\u00a0\u00bb1\/3&Prime;][\/vc_column_inner][\/vc_row_inner][\/vc_column][vc_column width=\u00a0\u00bb1\/2&Prime;][vc_single_image image=\u00a0\u00bb7392&Prime; img_size=\u00a0\u00bbfull\u00a0\u00bb][\/vc_column][\/vc_row][vc_row][vc_column][vc_column_text] Publications du project euPrevent SNA 2022 Vide\u00f3s euPrevent SNA Final Conference \u2013 Aude Silverstre euPrevent SNA Final Conference \u2013 Guido van Hal euPrevent SNA Final Conference \u2013 Final discussion with Hans Dupont, Aude Silvestre, Guido van Hal euPrevent SNA Final Conference \u2013 Jean Paul Esser [&hellip;]\" \/>\n<meta property=\"og:url\" content=\"https:\/\/euprevent.eu\/fr\/project-social-norms-approach\/downloads-euprevent-sna\/\" \/>\n<meta property=\"og:site_name\" content=\"euPrevent\" \/>\n<meta property=\"article:modified_time\" content=\"2022-06-10T10:07:05+00:00\" \/>\n<meta name=\"twitter:card\" content=\"summary_large_image\" \/>\n<meta name=\"twitter:label1\" content=\"Dur\u00e9e de lecture estim\u00e9e\" \/>\n\t<meta name=\"twitter:data1\" content=\"1 minute\" \/>\n<script type=\"application\/ld+json\" class=\"yoast-schema-graph\">{\"@context\":\"https:\\\/\\\/schema.org\",\"@graph\":[{\"@type\":\"WebPage\",\"@id\":\"https:\\\/\\\/euprevent.eu\\\/fr\\\/project-social-norms-approach\\\/downloads-euprevent-sna\\\/\",\"url\":\"https:\\\/\\\/euprevent.eu\\\/fr\\\/project-social-norms-approach\\\/downloads-euprevent-sna\\\/\",\"name\":\"Publications du project euPrevent SNA - euPrevent\",\"isPartOf\":{\"@id\":\"https:\\\/\\\/euprevent.eu\\\/fr\\\/#website\"},\"datePublished\":\"2019-10-17T12:26:59+00:00\",\"dateModified\":\"2022-06-10T10:07:05+00:00\",\"breadcrumb\":{\"@id\":\"https:\\\/\\\/euprevent.eu\\\/fr\\\/project-social-norms-approach\\\/downloads-euprevent-sna\\\/#breadcrumb\"},\"inLanguage\":\"fr-FR\",\"potentialAction\":[{\"@type\":\"ReadAction\",\"target\":[\"https:\\\/\\\/euprevent.eu\\\/fr\\\/project-social-norms-approach\\\/downloads-euprevent-sna\\\/\"]}]},{\"@type\":\"BreadcrumbList\",\"@id\":\"https:\\\/\\\/euprevent.eu\\\/fr\\\/project-social-norms-approach\\\/downloads-euprevent-sna\\\/#breadcrumb\",\"itemListElement\":[{\"@type\":\"ListItem\",\"position\":1,\"name\":\"Home\",\"item\":\"https:\\\/\\\/euprevent.eu\\\/fr\\\/\"},{\"@type\":\"ListItem\",\"position\":2,\"name\":\"Projet euPrevent Social Norms Approach\",\"item\":\"https:\\\/\\\/euprevent.eu\\\/fr\\\/project-social-norms-approach\\\/\"},{\"@type\":\"ListItem\",\"position\":3,\"name\":\"Publications du project euPrevent SNA\"}]},{\"@type\":\"WebSite\",\"@id\":\"https:\\\/\\\/euprevent.eu\\\/fr\\\/#website\",\"url\":\"https:\\\/\\\/euprevent.eu\\\/fr\\\/\",\"name\":\"euPrevent\",\"description\":\"euPrevent is a Euroregional network that focuses on promoting health. Within this network, sustainable partnerships seek to increase the quality of life of residents in the border region between the Netherlands, Belgium and Germany.\",\"potentialAction\":[{\"@type\":\"SearchAction\",\"target\":{\"@type\":\"EntryPoint\",\"urlTemplate\":\"https:\\\/\\\/euprevent.eu\\\/fr\\\/?s={search_term_string}\"},\"query-input\":{\"@type\":\"PropertyValueSpecification\",\"valueRequired\":true,\"valueName\":\"search_term_string\"}}],\"inLanguage\":\"fr-FR\"}]}<\/script>\n<!-- \/ Yoast SEO plugin. -->","yoast_head_json":{"title":"Publications du project euPrevent SNA - euPrevent","robots":{"index":"index","follow":"follow","max-snippet":"max-snippet:-1","max-image-preview":"max-image-preview:large","max-video-preview":"max-video-preview:-1"},"canonical":"https:\/\/euprevent.eu\/fr\/project-social-norms-approach\/downloads-euprevent-sna\/","og_locale":"fr_FR","og_type":"article","og_title":"Publications du project euPrevent SNA - euPrevent","og_description":"[vc_row content_placement=\u00a0\u00bbmiddle\u00a0\u00bb][vc_column width=\u00a0\u00bb1\/2&Prime;][vc_row_inner][vc_column_inner width=\u00a0\u00bb2\/3&Prime;][vc_single_image image=\u00a0\u00bb8125&Prime; img_size=\u00a0\u00bbfull\u00a0\u00bb][\/vc_column_inner][vc_column_inner width=\u00a0\u00bb1\/3&Prime;][\/vc_column_inner][\/vc_row_inner][\/vc_column][vc_column width=\u00a0\u00bb1\/2&Prime;][vc_single_image image=\u00a0\u00bb7392&Prime; img_size=\u00a0\u00bbfull\u00a0\u00bb][\/vc_column][\/vc_row][vc_row][vc_column][vc_column_text] Publications du project euPrevent SNA 2022 Vide\u00f3s euPrevent SNA Final Conference \u2013 Aude Silverstre euPrevent SNA Final Conference \u2013 Guido van Hal euPrevent SNA Final Conference \u2013 Final discussion with Hans Dupont, Aude Silvestre, Guido van Hal euPrevent SNA Final Conference \u2013 Jean Paul Esser [&hellip;]","og_url":"https:\/\/euprevent.eu\/fr\/project-social-norms-approach\/downloads-euprevent-sna\/","og_site_name":"euPrevent","article_modified_time":"2022-06-10T10:07:05+00:00","twitter_card":"summary_large_image","twitter_misc":{"Dur\u00e9e de lecture estim\u00e9e":"1 minute"},"schema":{"@context":"https:\/\/schema.org","@graph":[{"@type":"WebPage","@id":"https:\/\/euprevent.eu\/fr\/project-social-norms-approach\/downloads-euprevent-sna\/","url":"https:\/\/euprevent.eu\/fr\/project-social-norms-approach\/downloads-euprevent-sna\/","name":"Publications du project euPrevent SNA - euPrevent","isPartOf":{"@id":"https:\/\/euprevent.eu\/fr\/#website"},"datePublished":"2019-10-17T12:26:59+00:00","dateModified":"2022-06-10T10:07:05+00:00","breadcrumb":{"@id":"https:\/\/euprevent.eu\/fr\/project-social-norms-approach\/downloads-euprevent-sna\/#breadcrumb"},"inLanguage":"fr-FR","potentialAction":[{"@type":"ReadAction","target":["https:\/\/euprevent.eu\/fr\/project-social-norms-approach\/downloads-euprevent-sna\/"]}]},{"@type":"BreadcrumbList","@id":"https:\/\/euprevent.eu\/fr\/project-social-norms-approach\/downloads-euprevent-sna\/#breadcrumb","itemListElement":[{"@type":"ListItem","position":1,"name":"Home","item":"https:\/\/euprevent.eu\/fr\/"},{"@type":"ListItem","position":2,"name":"Projet euPrevent Social Norms Approach","item":"https:\/\/euprevent.eu\/fr\/project-social-norms-approach\/"},{"@type":"ListItem","position":3,"name":"Publications du project euPrevent SNA"}]},{"@type":"WebSite","@id":"https:\/\/euprevent.eu\/fr\/#website","url":"https:\/\/euprevent.eu\/fr\/","name":"euPrevent","description":"euPrevent is a Euroregional network that focuses on promoting health. Within this network, sustainable partnerships seek to increase the quality of life of residents in the border region between the Netherlands, Belgium and Germany.","potentialAction":[{"@type":"SearchAction","target":{"@type":"EntryPoint","urlTemplate":"https:\/\/euprevent.eu\/fr\/?s={search_term_string}"},"query-input":{"@type":"PropertyValueSpecification","valueRequired":true,"valueName":"search_term_string"}}],"inLanguage":"fr-FR"}]}},"_links":{"self":[{"href":"https:\/\/euprevent.eu\/fr\/wp-json\/wp\/v2\/pages\/11765","targetHints":{"allow":["GET"]}}],"collection":[{"href":"https:\/\/euprevent.eu\/fr\/wp-json\/wp\/v2\/pages"}],"about":[{"href":"https:\/\/euprevent.eu\/fr\/wp-json\/wp\/v2\/types\/page"}],"author":[{"embeddable":true,"href":"https:\/\/euprevent.eu\/fr\/wp-json\/wp\/v2\/users\/5"}],"replies":[{"embeddable":true,"href":"https:\/\/euprevent.eu\/fr\/wp-json\/wp\/v2\/comments?post=11765"}],"version-history":[{"count":13,"href":"https:\/\/euprevent.eu\/fr\/wp-json\/wp\/v2\/pages\/11765\/revisions"}],"predecessor-version":[{"id":18321,"href":"https:\/\/euprevent.eu\/fr\/wp-json\/wp\/v2\/pages\/11765\/revisions\/18321"}],"up":[{"embeddable":true,"href":"https:\/\/euprevent.eu\/fr\/wp-json\/wp\/v2\/pages\/7157"}],"wp:attachment":[{"href":"https:\/\/euprevent.eu\/fr\/wp-json\/wp\/v2\/media?parent=11765"}],"curies":[{"name":"wp","href":"https:\/\/api.w.org\/{rel}","templated":true}]}}